{"id":173879,"date":"2021-05-10T08:30:11","date_gmt":"2021-05-10T09:17:04","guid":{"rendered":"https:\/\/www.inverseteams.com\/product\/long-sleeve-cycling-jersey-kairos\/"},"modified":"2024-12-11T16:10:31","modified_gmt":"2024-12-11T16:10:31","slug":"personalisiertes-langarm-radtrikot-kairos","status":"publish","type":"product","link":"https:\/\/www.inverseteams.com\/de\/produkt\/personalisiertes-langarm-radtrikot-kairos\/","title":{"rendered":"Personalisiertes Langarm Radtrikot KAIROS"},"content":{"rendered":"<p>Technisches Radtrikot, ideal f\u00fcr Training und Wettkampf. Durch die Leichtigkeit und Elastizit\u00e4t des Stoffes passt es sich perfekt dem K\u00f6rper an. Durch anatomisch geformte Eins\u00e4tze passt sich das Trikot allen Positionen ohne Widerstand an. Die Struktur seines Gewebes tr\u00e4gt dazu bei, den Schwei\u00df nach au\u00dfen abzuleiten und die Haut trocken zu halten. Gleichzeitig bleibt die K\u00f6rperw\u00e4rme erhalten. Die lasergeschnittene doppellagige Manschette passt sich dem Arm sehr gut an und verhindert das Eindringen von Luft. An der Taille befindet sich ein Besatz, der das Trikot an Ihren K\u00f6rper anpasst. Dazu geh\u00f6ren 360\u00b0 reflektierende Linien, die Ihre Sicherheit erh\u00f6hen, da sie das Licht der Fahrzeuge reflektieren. Im Lendenbereich sind 3 Taschen mit dem neuen Sicherheitssystem ISP \u2013 Inverse Safe Pocket \u2013 integriert, in denen Sie jeden Gegenstand aufbewahren k\u00f6nnen, ohne bef\u00fcrchten zu m\u00fcssen, ihn zu verlieren. Genie\u00dfen Sie das Radfahren ohne Sorgen.<\/p>\n","protected":false},"excerpt":{"rendered":"<p>Technisches Radtrikot, ideal f\u00fcr Training und Wettkampf. Durch die Leichtigkeit und Elastizit\u00e4t des Stoffes passt es sich perfekt dem K\u00f6rper an. Durch anatomisch geformte Eins\u00e4tze passt sich das Trikot allen Positionen ohne Widerstand an. Die Struktur seines Gewebes tr\u00e4gt dazu bei, den Schwei\u00df nach au\u00dfen abzuleiten und die Haut trocken zu halten. Gleichzeitig bleibt die K\u00f6rperw\u00e4rme erhalten. Die lasergeschnittene doppellagige Manschette passt sich dem Arm sehr gut an und verhindert das Eindringen von Luft. An der Taille befindet sich ein Besatz, der das Trikot an Ihren K\u00f6rper anpasst. Dazu geh\u00f6ren 360\u00b0 reflektierende Linien, die Ihre Sicherheit erh\u00f6hen, da sie das Licht der Fahrzeuge reflektieren. Im Lendenbereich sind 3 Taschen mit dem neuen Sicherheitssystem ISP \u2013 Inverse Safe Pocket \u2013 integriert, in denen Sie jeden Gegenstand aufbewahren k\u00f6nnen, ohne bef\u00fcrchten zu m\u00fcssen, ihn zu verlieren. Genie\u00dfen Sie das Radfahren ohne Sorgen.<\/p>\n","protected":false},"featured_media":223653,"comment_status":"closed","ping_status":"closed","template":"","meta":{"_acf_changed":false},"product_brand":[],"product_cat":[11218],"product_tag":[],"custom_category":[11237,11251,11240],"range":[11256],"class_list":{"0":"post-173879","1":"product","2":"type-product","3":"status-publish","4":"has-post-thumbnail","6":"product_cat-uncategorized-de","7":"pa_climatologia-frio-de","8":"pa_deporte-ciclismo-de","9":"pa_genero-hombre-de","10":"pa_genero-mujer-de","11":"pa_genero-infantil-de","12":"pa_patronaje-fit-de","13":"pa_patronaje-regular-de","14":"pa_tipo-de-prenda-maillot-manga-larga-de","15":"custom_category-personalisierte-fahrradbekleidung","16":"custom_category-personalisierte-radtrikot","17":"custom_category-sport","18":"range-kairos-de","20":"first","21":"instock","22":"product-type-custom"},"acf":[],"yoast_head":"<!-- This site is optimized with the Yoast SEO plugin v27.5 - https:\/\/yoast.com\/product\/yoast-seo-wordpress\/ -->\n<title>Personalisiertes Langarm Radtrikot KAIROS<\/title>\n<meta name=\"description\" content=\"Custom long sleeve cycling jersey. It retains heat, is light and elastic. Request a quote. Delivery in 4 weeks!\" \/>\n<meta name=\"robots\" content=\"index, follow, max-snippet:-1, max-image-preview:large, max-video-preview:-1\" \/>\n<link rel=\"canonical\" href=\"https:\/\/www.inverseteams.com\/de\/produkt\/personalisiertes-langarm-radtrikot-kairos\/\" \/>\n<meta property=\"og:locale\" content=\"de_DE\" \/>\n<meta property=\"og:type\" content=\"article\" \/>\n<meta property=\"og:title\" content=\"Personalisiertes Langarm Radtrikot KAIROS\" \/>\n<meta property=\"og:description\" content=\"Custom long sleeve cycling jersey. It retains heat, is light and elastic. Request a quote. Delivery in 4 weeks!\" \/>\n<meta property=\"og:url\" content=\"https:\/\/www.inverseteams.com\/de\/produkt\/personalisiertes-langarm-radtrikot-kairos\/\" \/>\n<meta property=\"og:site_name\" content=\"Inverseteams\" \/>\n<meta property=\"article:publisher\" content=\"https:\/\/www.facebook.com\/inverseteams\" \/>\n<meta property=\"article:modified_time\" content=\"2024-12-11T16:10:31+00:00\" \/>\n<meta property=\"og:image\" content=\"https:\/\/www.inverseteams.com\/wp-content\/uploads\/MAILLOT-MANGA-LARGA-CICLISMO-PERSONALIZADO-KAIROS-1.jpg\" \/>\n\t<meta property=\"og:image:width\" content=\"1500\" \/>\n\t<meta property=\"og:image:height\" content=\"1612\" \/>\n\t<meta property=\"og:image:type\" content=\"image\/jpeg\" \/>\n<meta name=\"twitter:card\" content=\"summary_large_image\" \/>\n<meta name=\"twitter:label1\" content=\"Gesch\u00e4tzte Lesezeit\" \/>\n\t<meta name=\"twitter:data1\" content=\"1\u00a0Minute\" \/>\n<script type=\"application\/ld+json\" class=\"yoast-schema-graph\">{\"@context\":\"https:\\\/\\\/schema.org\",\"@graph\":[{\"@type\":\"WebPage\",\"@id\":\"https:\\\/\\\/www.inverseteams.com\\\/de\\\/produkt\\\/personalisiertes-langarm-radtrikot-kairos\\\/\",\"url\":\"https:\\\/\\\/www.inverseteams.com\\\/de\\\/produkt\\\/personalisiertes-langarm-radtrikot-kairos\\\/\",\"name\":\"Personalisiertes Langarm Radtrikot KAIROS\",\"isPartOf\":{\"@id\":\"https:\\\/\\\/www.inverseteams.com\\\/de\\\/#website\"},\"primaryImageOfPage\":{\"@id\":\"https:\\\/\\\/www.inverseteams.com\\\/de\\\/produkt\\\/personalisiertes-langarm-radtrikot-kairos\\\/#primaryimage\"},\"image\":{\"@id\":\"https:\\\/\\\/www.inverseteams.com\\\/de\\\/produkt\\\/personalisiertes-langarm-radtrikot-kairos\\\/#primaryimage\"},\"thumbnailUrl\":\"https:\\\/\\\/www.inverseteams.com\\\/wp-content\\\/uploads\\\/MAILLOT-MANGA-LARGA-CICLISMO-PERSONALIZADO-KAIROS-1.jpg\",\"datePublished\":\"2021-05-10T09:17:04+00:00\",\"dateModified\":\"2024-12-11T16:10:31+00:00\",\"description\":\"Custom long sleeve cycling jersey. It retains heat, is light and elastic. Request a quote. Delivery in 4 weeks!\",\"breadcrumb\":{\"@id\":\"https:\\\/\\\/www.inverseteams.com\\\/de\\\/produkt\\\/personalisiertes-langarm-radtrikot-kairos\\\/#breadcrumb\"},\"inLanguage\":\"de\",\"potentialAction\":[{\"@type\":\"ReadAction\",\"target\":[\"https:\\\/\\\/www.inverseteams.com\\\/de\\\/produkt\\\/personalisiertes-langarm-radtrikot-kairos\\\/\"]}]},{\"@type\":\"ImageObject\",\"inLanguage\":\"de\",\"@id\":\"https:\\\/\\\/www.inverseteams.com\\\/de\\\/produkt\\\/personalisiertes-langarm-radtrikot-kairos\\\/#primaryimage\",\"url\":\"https:\\\/\\\/www.inverseteams.com\\\/wp-content\\\/uploads\\\/MAILLOT-MANGA-LARGA-CICLISMO-PERSONALIZADO-KAIROS-1.jpg\",\"contentUrl\":\"https:\\\/\\\/www.inverseteams.com\\\/wp-content\\\/uploads\\\/MAILLOT-MANGA-LARGA-CICLISMO-PERSONALIZADO-KAIROS-1.jpg\",\"width\":1500,\"height\":1612,\"caption\":\"maillot ciclismo manga larga personalizable\"},{\"@type\":\"BreadcrumbList\",\"@id\":\"https:\\\/\\\/www.inverseteams.com\\\/de\\\/produkt\\\/personalisiertes-langarm-radtrikot-kairos\\\/#breadcrumb\",\"itemListElement\":[{\"@type\":\"ListItem\",\"position\":1,\"name\":\"Portada\",\"item\":\"https:\\\/\\\/www.inverseteams.com\\\/de\\\/\"},{\"@type\":\"ListItem\",\"position\":2,\"name\":\"Speichern\",\"item\":\"https:\\\/\\\/www.inverseteams.com\\\/de\\\/speichern\\\/\"},{\"@type\":\"ListItem\",\"position\":3,\"name\":\"Personalisiertes Langarm Radtrikot KAIROS\"}]},{\"@type\":\"WebSite\",\"@id\":\"https:\\\/\\\/www.inverseteams.com\\\/de\\\/#website\",\"url\":\"https:\\\/\\\/www.inverseteams.com\\\/de\\\/\",\"name\":\"Inverseteams\",\"description\":\"Tu marca de ropa deportiva personalizada\",\"publisher\":{\"@id\":\"https:\\\/\\\/www.inverseteams.com\\\/de\\\/#organization\"},\"potentialAction\":[{\"@type\":\"SearchAction\",\"target\":{\"@type\":\"EntryPoint\",\"urlTemplate\":\"https:\\\/\\\/www.inverseteams.com\\\/de\\\/?s={search_term_string}\"},\"query-input\":{\"@type\":\"PropertyValueSpecification\",\"valueRequired\":true,\"valueName\":\"search_term_string\"}}],\"inLanguage\":\"de\"},{\"@type\":\"Organization\",\"@id\":\"https:\\\/\\\/www.inverseteams.com\\\/de\\\/#organization\",\"name\":\"Inverse Teams\",\"url\":\"https:\\\/\\\/www.inverseteams.com\\\/de\\\/\",\"logo\":{\"@type\":\"ImageObject\",\"inLanguage\":\"de\",\"@id\":\"https:\\\/\\\/www.inverseteams.com\\\/de\\\/#\\\/schema\\\/logo\\\/image\\\/\",\"url\":\"https:\\\/\\\/www.inverseteams.com\\\/wp-content\\\/uploads\\\/2021\\\/03\\\/logo-inverse-teams.png\",\"contentUrl\":\"https:\\\/\\\/www.inverseteams.com\\\/wp-content\\\/uploads\\\/2021\\\/03\\\/logo-inverse-teams.png\",\"width\":294,\"height\":99,\"caption\":\"Inverse Teams\"},\"image\":{\"@id\":\"https:\\\/\\\/www.inverseteams.com\\\/de\\\/#\\\/schema\\\/logo\\\/image\\\/\"},\"sameAs\":[\"https:\\\/\\\/www.facebook.com\\\/inverseteams\",\"http:\\\/\\\/instagram.com\\\/inverseteams\",\"https:\\\/\\\/www.linkedin.com\\\/company\\\/inverse-cirosport-s-l-?trk=job_view_topcard_company_name\",\"http:\\\/\\\/www.pinterest.com\\\/inverseteams\\\/\",\"http:\\\/\\\/www.youtube.com\\\/user\\\/inverseteams?feature=watch\"]}]}<\/script>\n<!-- \/ Yoast SEO plugin. -->","yoast_head_json":{"title":"Personalisiertes Langarm Radtrikot KAIROS","description":"Custom long sleeve cycling jersey. It retains heat, is light and elastic. Request a quote. Delivery in 4 weeks!","robots":{"index":"index","follow":"follow","max-snippet":"max-snippet:-1","max-image-preview":"max-image-preview:large","max-video-preview":"max-video-preview:-1"},"canonical":"https:\/\/www.inverseteams.com\/de\/produkt\/personalisiertes-langarm-radtrikot-kairos\/","og_locale":"de_DE","og_type":"article","og_title":"Personalisiertes Langarm Radtrikot KAIROS","og_description":"Custom long sleeve cycling jersey. It retains heat, is light and elastic. Request a quote. Delivery in 4 weeks!","og_url":"https:\/\/www.inverseteams.com\/de\/produkt\/personalisiertes-langarm-radtrikot-kairos\/","og_site_name":"Inverseteams","article_publisher":"https:\/\/www.facebook.com\/inverseteams","article_modified_time":"2024-12-11T16:10:31+00:00","og_image":[{"width":1500,"height":1612,"url":"https:\/\/www.inverseteams.com\/wp-content\/uploads\/MAILLOT-MANGA-LARGA-CICLISMO-PERSONALIZADO-KAIROS-1.jpg","type":"image\/jpeg"}],"twitter_card":"summary_large_image","twitter_misc":{"Gesch\u00e4tzte Lesezeit":"1\u00a0Minute"},"schema":{"@context":"https:\/\/schema.org","@graph":[{"@type":"WebPage","@id":"https:\/\/www.inverseteams.com\/de\/produkt\/personalisiertes-langarm-radtrikot-kairos\/","url":"https:\/\/www.inverseteams.com\/de\/produkt\/personalisiertes-langarm-radtrikot-kairos\/","name":"Personalisiertes Langarm Radtrikot KAIROS","isPartOf":{"@id":"https:\/\/www.inverseteams.com\/de\/#website"},"primaryImageOfPage":{"@id":"https:\/\/www.inverseteams.com\/de\/produkt\/personalisiertes-langarm-radtrikot-kairos\/#primaryimage"},"image":{"@id":"https:\/\/www.inverseteams.com\/de\/produkt\/personalisiertes-langarm-radtrikot-kairos\/#primaryimage"},"thumbnailUrl":"https:\/\/www.inverseteams.com\/wp-content\/uploads\/MAILLOT-MANGA-LARGA-CICLISMO-PERSONALIZADO-KAIROS-1.jpg","datePublished":"2021-05-10T09:17:04+00:00","dateModified":"2024-12-11T16:10:31+00:00","description":"Custom long sleeve cycling jersey. It retains heat, is light and elastic. Request a quote. Delivery in 4 weeks!","breadcrumb":{"@id":"https:\/\/www.inverseteams.com\/de\/produkt\/personalisiertes-langarm-radtrikot-kairos\/#breadcrumb"},"inLanguage":"de","potentialAction":[{"@type":"ReadAction","target":["https:\/\/www.inverseteams.com\/de\/produkt\/personalisiertes-langarm-radtrikot-kairos\/"]}]},{"@type":"ImageObject","inLanguage":"de","@id":"https:\/\/www.inverseteams.com\/de\/produkt\/personalisiertes-langarm-radtrikot-kairos\/#primaryimage","url":"https:\/\/www.inverseteams.com\/wp-content\/uploads\/MAILLOT-MANGA-LARGA-CICLISMO-PERSONALIZADO-KAIROS-1.jpg","contentUrl":"https:\/\/www.inverseteams.com\/wp-content\/uploads\/MAILLOT-MANGA-LARGA-CICLISMO-PERSONALIZADO-KAIROS-1.jpg","width":1500,"height":1612,"caption":"maillot ciclismo manga larga personalizable"},{"@type":"BreadcrumbList","@id":"https:\/\/www.inverseteams.com\/de\/produkt\/personalisiertes-langarm-radtrikot-kairos\/#breadcrumb","itemListElement":[{"@type":"ListItem","position":1,"name":"Portada","item":"https:\/\/www.inverseteams.com\/de\/"},{"@type":"ListItem","position":2,"name":"Speichern","item":"https:\/\/www.inverseteams.com\/de\/speichern\/"},{"@type":"ListItem","position":3,"name":"Personalisiertes Langarm Radtrikot KAIROS"}]},{"@type":"WebSite","@id":"https:\/\/www.inverseteams.com\/de\/#website","url":"https:\/\/www.inverseteams.com\/de\/","name":"Inverseteams","description":"Tu marca de ropa deportiva personalizada","publisher":{"@id":"https:\/\/www.inverseteams.com\/de\/#organization"},"potentialAction":[{"@type":"SearchAction","target":{"@type":"EntryPoint","urlTemplate":"https:\/\/www.inverseteams.com\/de\/?s={search_term_string}"},"query-input":{"@type":"PropertyValueSpecification","valueRequired":true,"valueName":"search_term_string"}}],"inLanguage":"de"},{"@type":"Organization","@id":"https:\/\/www.inverseteams.com\/de\/#organization","name":"Inverse Teams","url":"https:\/\/www.inverseteams.com\/de\/","logo":{"@type":"ImageObject","inLanguage":"de","@id":"https:\/\/www.inverseteams.com\/de\/#\/schema\/logo\/image\/","url":"https:\/\/www.inverseteams.com\/wp-content\/uploads\/2021\/03\/logo-inverse-teams.png","contentUrl":"https:\/\/www.inverseteams.com\/wp-content\/uploads\/2021\/03\/logo-inverse-teams.png","width":294,"height":99,"caption":"Inverse Teams"},"image":{"@id":"https:\/\/www.inverseteams.com\/de\/#\/schema\/logo\/image\/"},"sameAs":["https:\/\/www.facebook.com\/inverseteams","http:\/\/instagram.com\/inverseteams","https:\/\/www.linkedin.com\/company\/inverse-cirosport-s-l-?trk=job_view_topcard_company_name","http:\/\/www.pinterest.com\/inverseteams\/","http:\/\/www.youtube.com\/user\/inverseteams?feature=watch"]}]}},"_links":{"self":[{"href":"https:\/\/www.inverseteams.com\/de\/wp-json\/wp\/v2\/product\/173879","targetHints":{"allow":["GET"]}}],"collection":[{"href":"https:\/\/www.inverseteams.com\/de\/wp-json\/wp\/v2\/product"}],"about":[{"href":"https:\/\/www.inverseteams.com\/de\/wp-json\/wp\/v2\/types\/product"}],"replies":[{"embeddable":true,"href":"https:\/\/www.inverseteams.com\/de\/wp-json\/wp\/v2\/comments?post=173879"}],"wp:featuredmedia":[{"embeddable":true,"href":"https:\/\/www.inverseteams.com\/de\/wp-json\/wp\/v2\/media\/223653"}],"wp:attachment":[{"href":"https:\/\/www.inverseteams.com\/de\/wp-json\/wp\/v2\/media?parent=173879"}],"wp:term":[{"taxonomy":"product_brand","embeddable":true,"href":"https:\/\/www.inverseteams.com\/de\/wp-json\/wp\/v2\/product_brand?post=173879"},{"taxonomy":"product_cat","embeddable":true,"href":"https:\/\/www.inverseteams.com\/de\/wp-json\/wp\/v2\/product_cat?post=173879"},{"taxonomy":"product_tag","embeddable":true,"href":"https:\/\/www.inverseteams.com\/de\/wp-json\/wp\/v2\/product_tag?post=173879"},{"taxonomy":"custom_category","embeddable":true,"href":"https:\/\/www.inverseteams.com\/de\/wp-json\/wp\/v2\/custom_category?post=173879"},{"taxonomy":"range","embeddable":true,"href":"https:\/\/www.inverseteams.com\/de\/wp-json\/wp\/v2\/range?post=173879"}],"curies":[{"name":"wp","href":"https:\/\/api.w.org\/{rel}","templated":true}]}}