{"id":173878,"date":"2021-05-10T08:30:31","date_gmt":"2021-05-10T09:17:24","guid":{"rendered":"https:\/\/www.inverseteams.com\/product\/long-sleeve-cycling-jersey-tempus\/"},"modified":"2024-12-12T14:12:13","modified_gmt":"2024-12-12T14:12:13","slug":"personalisiertes-langarm-radtrikot-tempus","status":"publish","type":"product","link":"https:\/\/www.inverseteams.com\/de\/produkt\/personalisiertes-langarm-radtrikot-tempus\/","title":{"rendered":"Personalisiertes Langarm Radtrikot TEMPUS"},"content":{"rendered":"<p>Technisches Radtrikot, perfekt f\u00fcr Wettkampf und Training. Es kombiniert 3 verschiedene Stoffe, sodass es immer gut sitzt und sich allen Positionen ohne Widerstand anpasst. Das Muster wurde so gestaltet, dass Sie immer eine gute Aerodynamik haben.<br \/>\nDie Struktur seines Gewebes tr\u00e4gt dazu bei, den Schwei\u00df nach au\u00dfen abzuleiten und die Haut trocken zu halten. Gleichzeitig speichert es auch die K\u00f6rperw\u00e4rme. Die lasergeschnittene doppellagige Manschette sitzt sehr gut am Arm und verhindert das Eindringen von Luft.<br \/>\nAn der Taille befindet sich ein Besatz, der das Trikot an Ihren K\u00f6rper anpasst. Dazu geh\u00f6ren 360\u00b0 reflektierende Linien, die Ihre Sicherheit erh\u00f6hen, da sie das Licht der Fahrzeuge reflektieren. Im Lendenbereich sind 3 Taschen mit dem neuen ISP-Sicherheitssystem \u2013 Inverse Safe Pocket \u2013 integriert, in denen Sie jeden Gegenstand aufbewahren k\u00f6nnen, ohne bef\u00fcrchten zu m\u00fcssen, ihn zu verlieren. Genie\u00dfen Sie das Radfahren ohne Sorgen.<\/p>\n","protected":false},"excerpt":{"rendered":"<p>Technisches Radtrikot, perfekt f\u00fcr Wettkampf und Training. Es kombiniert 3 verschiedene Stoffe, sodass es immer gut sitzt und sich allen Positionen ohne Widerstand anpasst. Das Muster wurde so gestaltet, dass Sie immer eine gute Aerodynamik haben.<br \/>\nDie Struktur seines Gewebes tr\u00e4gt dazu bei, den Schwei\u00df nach au\u00dfen abzuleiten und die Haut trocken zu halten. Gleichzeitig speichert es auch die K\u00f6rperw\u00e4rme. Die lasergeschnittene doppellagige Manschette sitzt sehr gut am Arm und verhindert das Eindringen von Luft.<br \/>\nAn der Taille befindet sich ein Besatz, der das Trikot an Ihren K\u00f6rper anpasst. Dazu geh\u00f6ren 360\u00b0 reflektierende Linien, die Ihre Sicherheit erh\u00f6hen, da sie das Licht der Fahrzeuge reflektieren. Im Lendenbereich sind 3 Taschen mit dem neuen ISP-Sicherheitssystem \u2013 Inverse Safe Pocket \u2013 integriert, in denen Sie jeden Gegenstand aufbewahren k\u00f6nnen, ohne bef\u00fcrchten zu m\u00fcssen, ihn zu verlieren. Genie\u00dfen Sie das Radfahren ohne Sorgen.<\/p>\n","protected":false},"featured_media":223785,"comment_status":"closed","ping_status":"closed","template":"","meta":{"_acf_changed":false},"product_brand":[],"product_cat":[11218],"product_tag":[],"custom_category":[11237,11251,11240],"range":[11275],"class_list":{"0":"post-173878","1":"product","2":"type-product","3":"status-publish","4":"has-post-thumbnail","6":"product_cat-uncategorized-de","7":"pa_climatologia-frio-de","8":"pa_deporte-ciclismo-de","9":"pa_genero-infantil-de","10":"pa_genero-hombre-de","11":"pa_genero-mujer-de","12":"pa_patronaje-fit-de","13":"pa_patronaje-regular-de","14":"pa_tipo-de-prenda-maillot-manga-larga-de","15":"custom_category-personalisierte-fahrradbekleidung","16":"custom_category-personalisierte-radtrikot","17":"custom_category-sport","18":"range-tempus-de","20":"first","21":"instock","22":"product-type-custom"},"acf":[],"yoast_head":"<!-- This site is optimized with the Yoast SEO plugin v27.5 - https:\/\/yoast.com\/product\/yoast-seo-wordpress\/ -->\n<title>Personalisiertes Langarm Radtrikot TEMPUS<\/title>\n<meta name=\"description\" content=\"Technisches Radtrikot, perfekt f\u00fcr Wettkampf und Training. Es kombiniert 3 verschiedene Stoffe, sodass es immer gut sitzt und sich allen Positionen ohne Widerstand anpasst. Das Muster wurde so gestaltet, dass Sie immer eine gute Aerodynamik haben. Die Struktur seines Gewebes tr\u00e4gt dazu bei, den Schwei\u00df nach au\u00dfen abzuleiten und die Haut trocken zu halten. Gleichzeitig speichert es auch die K\u00f6rperw\u00e4rme. Die lasergeschnittene doppellagige Manschette sitzt sehr gut am Arm und verhindert das Eindringen von Luft. An der Taille befindet sich ein Besatz, der das Trikot an Ihren K\u00f6rper anpasst. Dazu geh\u00f6ren 360\u00b0 reflektierende Linien, die Ihre Sicherheit erh\u00f6hen, da sie das Licht der Fahrzeuge reflektieren. Im Lendenbereich sind 3 Taschen mit dem neuen ISP-Sicherheitssystem \u2013 Inverse Safe Pocket \u2013 integriert, in denen Sie jeden Gegenstand aufbewahren k\u00f6nnen, ohne bef\u00fcrchten zu m\u00fcssen, ihn zu verlieren. Genie\u00dfen Sie das Radfahren ohne Sorgen.\" \/>\n<meta name=\"robots\" content=\"index, follow, max-snippet:-1, max-image-preview:large, max-video-preview:-1\" \/>\n<link rel=\"canonical\" href=\"https:\/\/www.inverseteams.com\/de\/produkt\/personalisiertes-langarm-radtrikot-tempus\/\" \/>\n<meta property=\"og:locale\" content=\"de_DE\" \/>\n<meta property=\"og:type\" content=\"article\" \/>\n<meta property=\"og:title\" content=\"Personalisiertes Langarm Radtrikot TEMPUS\" \/>\n<meta property=\"og:description\" content=\"Technisches Radtrikot, perfekt f\u00fcr Wettkampf und Training. Es kombiniert 3 verschiedene Stoffe, sodass es immer gut sitzt und sich allen Positionen ohne Widerstand anpasst. Das Muster wurde so gestaltet, dass Sie immer eine gute Aerodynamik haben. Die Struktur seines Gewebes tr\u00e4gt dazu bei, den Schwei\u00df nach au\u00dfen abzuleiten und die Haut trocken zu halten. Gleichzeitig speichert es auch die K\u00f6rperw\u00e4rme. Die lasergeschnittene doppellagige Manschette sitzt sehr gut am Arm und verhindert das Eindringen von Luft. An der Taille befindet sich ein Besatz, der das Trikot an Ihren K\u00f6rper anpasst. Dazu geh\u00f6ren 360\u00b0 reflektierende Linien, die Ihre Sicherheit erh\u00f6hen, da sie das Licht der Fahrzeuge reflektieren. Im Lendenbereich sind 3 Taschen mit dem neuen ISP-Sicherheitssystem \u2013 Inverse Safe Pocket \u2013 integriert, in denen Sie jeden Gegenstand aufbewahren k\u00f6nnen, ohne bef\u00fcrchten zu m\u00fcssen, ihn zu verlieren. Genie\u00dfen Sie das Radfahren ohne Sorgen.\" \/>\n<meta property=\"og:url\" content=\"https:\/\/www.inverseteams.com\/de\/produkt\/personalisiertes-langarm-radtrikot-tempus\/\" \/>\n<meta property=\"og:site_name\" content=\"Inverseteams\" \/>\n<meta property=\"article:publisher\" content=\"https:\/\/www.facebook.com\/inverseteams\" \/>\n<meta property=\"article:modified_time\" content=\"2024-12-12T14:12:13+00:00\" \/>\n<meta property=\"og:image\" content=\"https:\/\/www.inverseteams.com\/wp-content\/uploads\/MAILLOT-ML-CICLISMO-PERSONALIZADO-TEMPUS-1.jpg\" \/>\n\t<meta property=\"og:image:width\" content=\"1500\" \/>\n\t<meta property=\"og:image:height\" content=\"1612\" \/>\n\t<meta property=\"og:image:type\" content=\"image\/jpeg\" \/>\n<meta name=\"twitter:card\" content=\"summary_large_image\" \/>\n<meta name=\"twitter:label1\" content=\"Gesch\u00e4tzte Lesezeit\" \/>\n\t<meta name=\"twitter:data1\" content=\"1\u00a0Minute\" \/>\n<script type=\"application\/ld+json\" class=\"yoast-schema-graph\">{\"@context\":\"https:\\\/\\\/schema.org\",\"@graph\":[{\"@type\":\"WebPage\",\"@id\":\"https:\\\/\\\/www.inverseteams.com\\\/de\\\/produkt\\\/personalisiertes-langarm-radtrikot-tempus\\\/\",\"url\":\"https:\\\/\\\/www.inverseteams.com\\\/de\\\/produkt\\\/personalisiertes-langarm-radtrikot-tempus\\\/\",\"name\":\"Personalisiertes Langarm Radtrikot TEMPUS\",\"isPartOf\":{\"@id\":\"https:\\\/\\\/www.inverseteams.com\\\/de\\\/#website\"},\"primaryImageOfPage\":{\"@id\":\"https:\\\/\\\/www.inverseteams.com\\\/de\\\/produkt\\\/personalisiertes-langarm-radtrikot-tempus\\\/#primaryimage\"},\"image\":{\"@id\":\"https:\\\/\\\/www.inverseteams.com\\\/de\\\/produkt\\\/personalisiertes-langarm-radtrikot-tempus\\\/#primaryimage\"},\"thumbnailUrl\":\"https:\\\/\\\/www.inverseteams.com\\\/wp-content\\\/uploads\\\/MAILLOT-ML-CICLISMO-PERSONALIZADO-TEMPUS-1.jpg\",\"datePublished\":\"2021-05-10T09:17:24+00:00\",\"dateModified\":\"2024-12-12T14:12:13+00:00\",\"description\":\"Technisches Radtrikot, perfekt f\u00fcr Wettkampf und Training. Es kombiniert 3 verschiedene Stoffe, sodass es immer gut sitzt und sich allen Positionen ohne Widerstand anpasst. Das Muster wurde so gestaltet, dass Sie immer eine gute Aerodynamik haben. Die Struktur seines Gewebes tr\u00e4gt dazu bei, den Schwei\u00df nach au\u00dfen abzuleiten und die Haut trocken zu halten. Gleichzeitig speichert es auch die K\u00f6rperw\u00e4rme. Die lasergeschnittene doppellagige Manschette sitzt sehr gut am Arm und verhindert das Eindringen von Luft. An der Taille befindet sich ein Besatz, der das Trikot an Ihren K\u00f6rper anpasst. Dazu geh\u00f6ren 360\u00b0 reflektierende Linien, die Ihre Sicherheit erh\u00f6hen, da sie das Licht der Fahrzeuge reflektieren. Im Lendenbereich sind 3 Taschen mit dem neuen ISP-Sicherheitssystem \u2013 Inverse Safe Pocket \u2013 integriert, in denen Sie jeden Gegenstand aufbewahren k\u00f6nnen, ohne bef\u00fcrchten zu m\u00fcssen, ihn zu verlieren. Genie\u00dfen Sie das Radfahren ohne Sorgen.\",\"breadcrumb\":{\"@id\":\"https:\\\/\\\/www.inverseteams.com\\\/de\\\/produkt\\\/personalisiertes-langarm-radtrikot-tempus\\\/#breadcrumb\"},\"inLanguage\":\"de\",\"potentialAction\":[{\"@type\":\"ReadAction\",\"target\":[\"https:\\\/\\\/www.inverseteams.com\\\/de\\\/produkt\\\/personalisiertes-langarm-radtrikot-tempus\\\/\"]}]},{\"@type\":\"ImageObject\",\"inLanguage\":\"de\",\"@id\":\"https:\\\/\\\/www.inverseteams.com\\\/de\\\/produkt\\\/personalisiertes-langarm-radtrikot-tempus\\\/#primaryimage\",\"url\":\"https:\\\/\\\/www.inverseteams.com\\\/wp-content\\\/uploads\\\/MAILLOT-ML-CICLISMO-PERSONALIZADO-TEMPUS-1.jpg\",\"contentUrl\":\"https:\\\/\\\/www.inverseteams.com\\\/wp-content\\\/uploads\\\/MAILLOT-ML-CICLISMO-PERSONALIZADO-TEMPUS-1.jpg\",\"width\":1500,\"height\":1612,\"caption\":\"maillot v\u00e9lo manche longue personnalis\u00e9\"},{\"@type\":\"BreadcrumbList\",\"@id\":\"https:\\\/\\\/www.inverseteams.com\\\/de\\\/produkt\\\/personalisiertes-langarm-radtrikot-tempus\\\/#breadcrumb\",\"itemListElement\":[{\"@type\":\"ListItem\",\"position\":1,\"name\":\"Portada\",\"item\":\"https:\\\/\\\/www.inverseteams.com\\\/de\\\/\"},{\"@type\":\"ListItem\",\"position\":2,\"name\":\"Speichern\",\"item\":\"https:\\\/\\\/www.inverseteams.com\\\/de\\\/speichern\\\/\"},{\"@type\":\"ListItem\",\"position\":3,\"name\":\"Personalisiertes Langarm Radtrikot TEMPUS\"}]},{\"@type\":\"WebSite\",\"@id\":\"https:\\\/\\\/www.inverseteams.com\\\/de\\\/#website\",\"url\":\"https:\\\/\\\/www.inverseteams.com\\\/de\\\/\",\"name\":\"Inverseteams\",\"description\":\"Tu marca de ropa deportiva personalizada\",\"publisher\":{\"@id\":\"https:\\\/\\\/www.inverseteams.com\\\/de\\\/#organization\"},\"potentialAction\":[{\"@type\":\"SearchAction\",\"target\":{\"@type\":\"EntryPoint\",\"urlTemplate\":\"https:\\\/\\\/www.inverseteams.com\\\/de\\\/?s={search_term_string}\"},\"query-input\":{\"@type\":\"PropertyValueSpecification\",\"valueRequired\":true,\"valueName\":\"search_term_string\"}}],\"inLanguage\":\"de\"},{\"@type\":\"Organization\",\"@id\":\"https:\\\/\\\/www.inverseteams.com\\\/de\\\/#organization\",\"name\":\"Inverse Teams\",\"url\":\"https:\\\/\\\/www.inverseteams.com\\\/de\\\/\",\"logo\":{\"@type\":\"ImageObject\",\"inLanguage\":\"de\",\"@id\":\"https:\\\/\\\/www.inverseteams.com\\\/de\\\/#\\\/schema\\\/logo\\\/image\\\/\",\"url\":\"https:\\\/\\\/www.inverseteams.com\\\/wp-content\\\/uploads\\\/2021\\\/03\\\/logo-inverse-teams.png\",\"contentUrl\":\"https:\\\/\\\/www.inverseteams.com\\\/wp-content\\\/uploads\\\/2021\\\/03\\\/logo-inverse-teams.png\",\"width\":294,\"height\":99,\"caption\":\"Inverse Teams\"},\"image\":{\"@id\":\"https:\\\/\\\/www.inverseteams.com\\\/de\\\/#\\\/schema\\\/logo\\\/image\\\/\"},\"sameAs\":[\"https:\\\/\\\/www.facebook.com\\\/inverseteams\",\"http:\\\/\\\/instagram.com\\\/inverseteams\",\"https:\\\/\\\/www.linkedin.com\\\/company\\\/inverse-cirosport-s-l-?trk=job_view_topcard_company_name\",\"http:\\\/\\\/www.pinterest.com\\\/inverseteams\\\/\",\"http:\\\/\\\/www.youtube.com\\\/user\\\/inverseteams?feature=watch\"]}]}<\/script>\n<!-- \/ Yoast SEO plugin. -->","yoast_head_json":{"title":"Personalisiertes Langarm Radtrikot TEMPUS","description":"Technisches Radtrikot, perfekt f\u00fcr Wettkampf und Training. Es kombiniert 3 verschiedene Stoffe, sodass es immer gut sitzt und sich allen Positionen ohne Widerstand anpasst. Das Muster wurde so gestaltet, dass Sie immer eine gute Aerodynamik haben. Die Struktur seines Gewebes tr\u00e4gt dazu bei, den Schwei\u00df nach au\u00dfen abzuleiten und die Haut trocken zu halten. Gleichzeitig speichert es auch die K\u00f6rperw\u00e4rme. Die lasergeschnittene doppellagige Manschette sitzt sehr gut am Arm und verhindert das Eindringen von Luft. An der Taille befindet sich ein Besatz, der das Trikot an Ihren K\u00f6rper anpasst. Dazu geh\u00f6ren 360\u00b0 reflektierende Linien, die Ihre Sicherheit erh\u00f6hen, da sie das Licht der Fahrzeuge reflektieren. Im Lendenbereich sind 3 Taschen mit dem neuen ISP-Sicherheitssystem \u2013 Inverse Safe Pocket \u2013 integriert, in denen Sie jeden Gegenstand aufbewahren k\u00f6nnen, ohne bef\u00fcrchten zu m\u00fcssen, ihn zu verlieren. Genie\u00dfen Sie das Radfahren ohne Sorgen.","robots":{"index":"index","follow":"follow","max-snippet":"max-snippet:-1","max-image-preview":"max-image-preview:large","max-video-preview":"max-video-preview:-1"},"canonical":"https:\/\/www.inverseteams.com\/de\/produkt\/personalisiertes-langarm-radtrikot-tempus\/","og_locale":"de_DE","og_type":"article","og_title":"Personalisiertes Langarm Radtrikot TEMPUS","og_description":"Technisches Radtrikot, perfekt f\u00fcr Wettkampf und Training. Es kombiniert 3 verschiedene Stoffe, sodass es immer gut sitzt und sich allen Positionen ohne Widerstand anpasst. Das Muster wurde so gestaltet, dass Sie immer eine gute Aerodynamik haben. Die Struktur seines Gewebes tr\u00e4gt dazu bei, den Schwei\u00df nach au\u00dfen abzuleiten und die Haut trocken zu halten. Gleichzeitig speichert es auch die K\u00f6rperw\u00e4rme. Die lasergeschnittene doppellagige Manschette sitzt sehr gut am Arm und verhindert das Eindringen von Luft. An der Taille befindet sich ein Besatz, der das Trikot an Ihren K\u00f6rper anpasst. Dazu geh\u00f6ren 360\u00b0 reflektierende Linien, die Ihre Sicherheit erh\u00f6hen, da sie das Licht der Fahrzeuge reflektieren. Im Lendenbereich sind 3 Taschen mit dem neuen ISP-Sicherheitssystem \u2013 Inverse Safe Pocket \u2013 integriert, in denen Sie jeden Gegenstand aufbewahren k\u00f6nnen, ohne bef\u00fcrchten zu m\u00fcssen, ihn zu verlieren. Genie\u00dfen Sie das Radfahren ohne Sorgen.","og_url":"https:\/\/www.inverseteams.com\/de\/produkt\/personalisiertes-langarm-radtrikot-tempus\/","og_site_name":"Inverseteams","article_publisher":"https:\/\/www.facebook.com\/inverseteams","article_modified_time":"2024-12-12T14:12:13+00:00","og_image":[{"width":1500,"height":1612,"url":"https:\/\/www.inverseteams.com\/wp-content\/uploads\/MAILLOT-ML-CICLISMO-PERSONALIZADO-TEMPUS-1.jpg","type":"image\/jpeg"}],"twitter_card":"summary_large_image","twitter_misc":{"Gesch\u00e4tzte Lesezeit":"1\u00a0Minute"},"schema":{"@context":"https:\/\/schema.org","@graph":[{"@type":"WebPage","@id":"https:\/\/www.inverseteams.com\/de\/produkt\/personalisiertes-langarm-radtrikot-tempus\/","url":"https:\/\/www.inverseteams.com\/de\/produkt\/personalisiertes-langarm-radtrikot-tempus\/","name":"Personalisiertes Langarm Radtrikot TEMPUS","isPartOf":{"@id":"https:\/\/www.inverseteams.com\/de\/#website"},"primaryImageOfPage":{"@id":"https:\/\/www.inverseteams.com\/de\/produkt\/personalisiertes-langarm-radtrikot-tempus\/#primaryimage"},"image":{"@id":"https:\/\/www.inverseteams.com\/de\/produkt\/personalisiertes-langarm-radtrikot-tempus\/#primaryimage"},"thumbnailUrl":"https:\/\/www.inverseteams.com\/wp-content\/uploads\/MAILLOT-ML-CICLISMO-PERSONALIZADO-TEMPUS-1.jpg","datePublished":"2021-05-10T09:17:24+00:00","dateModified":"2024-12-12T14:12:13+00:00","description":"Technisches Radtrikot, perfekt f\u00fcr Wettkampf und Training. Es kombiniert 3 verschiedene Stoffe, sodass es immer gut sitzt und sich allen Positionen ohne Widerstand anpasst. Das Muster wurde so gestaltet, dass Sie immer eine gute Aerodynamik haben. Die Struktur seines Gewebes tr\u00e4gt dazu bei, den Schwei\u00df nach au\u00dfen abzuleiten und die Haut trocken zu halten. Gleichzeitig speichert es auch die K\u00f6rperw\u00e4rme. Die lasergeschnittene doppellagige Manschette sitzt sehr gut am Arm und verhindert das Eindringen von Luft. An der Taille befindet sich ein Besatz, der das Trikot an Ihren K\u00f6rper anpasst. Dazu geh\u00f6ren 360\u00b0 reflektierende Linien, die Ihre Sicherheit erh\u00f6hen, da sie das Licht der Fahrzeuge reflektieren. Im Lendenbereich sind 3 Taschen mit dem neuen ISP-Sicherheitssystem \u2013 Inverse Safe Pocket \u2013 integriert, in denen Sie jeden Gegenstand aufbewahren k\u00f6nnen, ohne bef\u00fcrchten zu m\u00fcssen, ihn zu verlieren. Genie\u00dfen Sie das Radfahren ohne Sorgen.","breadcrumb":{"@id":"https:\/\/www.inverseteams.com\/de\/produkt\/personalisiertes-langarm-radtrikot-tempus\/#breadcrumb"},"inLanguage":"de","potentialAction":[{"@type":"ReadAction","target":["https:\/\/www.inverseteams.com\/de\/produkt\/personalisiertes-langarm-radtrikot-tempus\/"]}]},{"@type":"ImageObject","inLanguage":"de","@id":"https:\/\/www.inverseteams.com\/de\/produkt\/personalisiertes-langarm-radtrikot-tempus\/#primaryimage","url":"https:\/\/www.inverseteams.com\/wp-content\/uploads\/MAILLOT-ML-CICLISMO-PERSONALIZADO-TEMPUS-1.jpg","contentUrl":"https:\/\/www.inverseteams.com\/wp-content\/uploads\/MAILLOT-ML-CICLISMO-PERSONALIZADO-TEMPUS-1.jpg","width":1500,"height":1612,"caption":"maillot v\u00e9lo manche longue personnalis\u00e9"},{"@type":"BreadcrumbList","@id":"https:\/\/www.inverseteams.com\/de\/produkt\/personalisiertes-langarm-radtrikot-tempus\/#breadcrumb","itemListElement":[{"@type":"ListItem","position":1,"name":"Portada","item":"https:\/\/www.inverseteams.com\/de\/"},{"@type":"ListItem","position":2,"name":"Speichern","item":"https:\/\/www.inverseteams.com\/de\/speichern\/"},{"@type":"ListItem","position":3,"name":"Personalisiertes Langarm Radtrikot TEMPUS"}]},{"@type":"WebSite","@id":"https:\/\/www.inverseteams.com\/de\/#website","url":"https:\/\/www.inverseteams.com\/de\/","name":"Inverseteams","description":"Tu marca de ropa deportiva personalizada","publisher":{"@id":"https:\/\/www.inverseteams.com\/de\/#organization"},"potentialAction":[{"@type":"SearchAction","target":{"@type":"EntryPoint","urlTemplate":"https:\/\/www.inverseteams.com\/de\/?s={search_term_string}"},"query-input":{"@type":"PropertyValueSpecification","valueRequired":true,"valueName":"search_term_string"}}],"inLanguage":"de"},{"@type":"Organization","@id":"https:\/\/www.inverseteams.com\/de\/#organization","name":"Inverse Teams","url":"https:\/\/www.inverseteams.com\/de\/","logo":{"@type":"ImageObject","inLanguage":"de","@id":"https:\/\/www.inverseteams.com\/de\/#\/schema\/logo\/image\/","url":"https:\/\/www.inverseteams.com\/wp-content\/uploads\/2021\/03\/logo-inverse-teams.png","contentUrl":"https:\/\/www.inverseteams.com\/wp-content\/uploads\/2021\/03\/logo-inverse-teams.png","width":294,"height":99,"caption":"Inverse Teams"},"image":{"@id":"https:\/\/www.inverseteams.com\/de\/#\/schema\/logo\/image\/"},"sameAs":["https:\/\/www.facebook.com\/inverseteams","http:\/\/instagram.com\/inverseteams","https:\/\/www.linkedin.com\/company\/inverse-cirosport-s-l-?trk=job_view_topcard_company_name","http:\/\/www.pinterest.com\/inverseteams\/","http:\/\/www.youtube.com\/user\/inverseteams?feature=watch"]}]}},"_links":{"self":[{"href":"https:\/\/www.inverseteams.com\/de\/wp-json\/wp\/v2\/product\/173878","targetHints":{"allow":["GET"]}}],"collection":[{"href":"https:\/\/www.inverseteams.com\/de\/wp-json\/wp\/v2\/product"}],"about":[{"href":"https:\/\/www.inverseteams.com\/de\/wp-json\/wp\/v2\/types\/product"}],"replies":[{"embeddable":true,"href":"https:\/\/www.inverseteams.com\/de\/wp-json\/wp\/v2\/comments?post=173878"}],"wp:featuredmedia":[{"embeddable":true,"href":"https:\/\/www.inverseteams.com\/de\/wp-json\/wp\/v2\/media\/223785"}],"wp:attachment":[{"href":"https:\/\/www.inverseteams.com\/de\/wp-json\/wp\/v2\/media?parent=173878"}],"wp:term":[{"taxonomy":"product_brand","embeddable":true,"href":"https:\/\/www.inverseteams.com\/de\/wp-json\/wp\/v2\/product_brand?post=173878"},{"taxonomy":"product_cat","embeddable":true,"href":"https:\/\/www.inverseteams.com\/de\/wp-json\/wp\/v2\/product_cat?post=173878"},{"taxonomy":"product_tag","embeddable":true,"href":"https:\/\/www.inverseteams.com\/de\/wp-json\/wp\/v2\/product_tag?post=173878"},{"taxonomy":"custom_category","embeddable":true,"href":"https:\/\/www.inverseteams.com\/de\/wp-json\/wp\/v2\/custom_category?post=173878"},{"taxonomy":"range","embeddable":true,"href":"https:\/\/www.inverseteams.com\/de\/wp-json\/wp\/v2\/range?post=173878"}],"curies":[{"name":"wp","href":"https:\/\/api.w.org\/{rel}","templated":true}]}}