{"id":173877,"date":"2021-05-10T08:30:44","date_gmt":"2021-05-10T08:30:44","guid":{"rendered":"https:\/\/www.inverseteams.com\/product\/cycling-jacket-air\/"},"modified":"2026-02-25T09:31:51","modified_gmt":"2026-02-25T08:31:51","slug":"personalisiertes-wasserdichte-radjacke-supra","status":"publish","type":"product","link":"https:\/\/www.inverseteams.com\/de\/produkt\/personalisiertes-wasserdichte-radjacke-supra\/","title":{"rendered":"Personalisiertes Wasserdichte Radjacke SUPRA"},"content":{"rendered":"<p>Mit einem h\u00f6heren Gewicht als die anderen INVERSE-Modelle ist die AIR-Jacke ideal zum Radfahren an extrem kalten Tagen. Diese Version besteht aus zwei verschiedenen Stoffen, die Sie vor schlechtem Wetter sch\u00fctzen und Ihnen ein angenehmes Tragegef\u00fchl beim Radfahren bieten sollen.<br \/>\nDas AEROTECH-Gewebe besteht aus 3 Membranen. Die \u00e4u\u00dfere Schicht fungiert als Barriere, um das Eindringen von Wasser zu verhindern. Die innere Schicht hilft, Schwei\u00df abzuleiten und die K\u00f6rperw\u00e4rme aufrechtzuerhalten. Sie haben trockene Haut und vermeiden \u00dcberhitzung, um maximale Leistung zu erbringen.<br \/>\nDie Seiten aus SPIRIT-THERMAL sind elastisch und passen sich ohne Widerstand jeder Position auf dem Fahrrad an.<br \/>\nDer anatomische Hals passt sich dem K\u00f6rper sehr gut an, ohne Beschwerden zu verursachen, und verhindert das Eindringen von Luft. Die AIR-Radjacke kombiniert verschiedene Technologien, sodass sie immer in der idealen Position bleibt. Am Ende der \u00c4rmel befindet sich eine lasergeschnittene doppellagige Manschette, die sehr gut am Arm anliegt und das Eindringen von Luft verhindert. Diese sind mit sehr widerstandsf\u00e4higen Flachn\u00e4hten gen\u00e4ht. An der Taille befindet sich ein Besatz, der sich Ihrem K\u00f6rper anpasst. Dazu geh\u00f6ren 360\u00b0 reflektierende Linien, die Ihre Sicherheit erh\u00f6hen, da sie das Licht der Fahrzeuge reflektieren.<br \/>\nIm Lendenbereich sind 3 Taschen mit dem neuen ISP-Sicherheitssystem \u2013 Inverse Safe Pocket \u2013 integriert, in denen Sie jeden Gegenstand aufbewahren k\u00f6nnen, ohne bef\u00fcrchten zu m\u00fcssen, ihn zu verlieren. Genie\u00dfen Sie das Radfahren ohne Sorgen.<\/p>\n","protected":false},"excerpt":{"rendered":"<p>Mit einem h\u00f6heren Gewicht als die anderen INVERSE-Modelle ist die AIR-Jacke ideal zum Radfahren an extrem kalten Tagen. Diese Version besteht aus zwei verschiedenen Stoffen, die Sie vor schlechtem Wetter sch\u00fctzen und Ihnen ein angenehmes Tragegef\u00fchl beim Radfahren bieten sollen.<br \/>\nDas AEROTECH-Gewebe besteht aus 3 Membranen. Die \u00e4u\u00dfere Schicht fungiert als Barriere, um das Eindringen von Wasser zu verhindern. Die innere Schicht hilft, Schwei\u00df abzuleiten und die K\u00f6rperw\u00e4rme aufrechtzuerhalten. Sie haben trockene Haut und vermeiden \u00dcberhitzung, um maximale Leistung zu erbringen.<br \/>\nDie Seiten aus SPIRIT-THERMAL sind elastisch und passen sich ohne Widerstand jeder Position auf dem Fahrrad an.<br \/>\nDer anatomische Hals passt sich dem K\u00f6rper sehr gut an, ohne Beschwerden zu verursachen, und verhindert das Eindringen von Luft. Die AIR-Radjacke kombiniert verschiedene Technologien, sodass sie immer in der idealen Position bleibt. Am Ende der \u00c4rmel befindet sich eine lasergeschnittene doppellagige Manschette, die sehr gut am Arm anliegt und das Eindringen von Luft verhindert. Diese sind mit sehr widerstandsf\u00e4higen Flachn\u00e4hten gen\u00e4ht. An der Taille befindet sich ein Besatz, der sich Ihrem K\u00f6rper anpasst. Dazu geh\u00f6ren 360\u00b0 reflektierende Linien, die Ihre Sicherheit erh\u00f6hen, da sie das Licht der Fahrzeuge reflektieren.<br \/>\nIm Lendenbereich sind 3 Taschen mit dem neuen ISP-Sicherheitssystem \u2013 Inverse Safe Pocket \u2013 integriert, in denen Sie jeden Gegenstand aufbewahren k\u00f6nnen, ohne bef\u00fcrchten zu m\u00fcssen, ihn zu verlieren. Genie\u00dfen Sie das Radfahren ohne Sorgen.<\/p>\n","protected":false},"featured_media":277650,"comment_status":"closed","ping_status":"closed","template":"","meta":{"_acf_changed":false},"product_brand":[],"product_cat":[11218],"product_tag":[],"custom_category":[11237,11240,11375],"range":[11344],"class_list":{"0":"post-173877","1":"product","2":"type-product","3":"status-publish","4":"has-post-thumbnail","6":"product_cat-uncategorized-de","7":"pa_climatologia-lluvia-de","8":"pa_climatologia-viento-de","9":"pa_climatologia-frio-de","10":"pa_deporte-ciclismo-de","11":"pa_genero-hombre-de","12":"pa_genero-mujer-de","13":"pa_genero-infantil-de","14":"pa_patronaje-fit-de","15":"pa_patronaje-regular-de","16":"pa_tipo-de-prenda-chaqueta-de","17":"custom_category-personalisierte-fahrradbekleidung","18":"custom_category-sport","19":"custom_category-personalisierte-radjacken","20":"range-supra-de","22":"first","23":"instock","24":"product-type-custom"},"acf":[],"yoast_head":"<!-- This site is optimized with the Yoast SEO plugin v27.3 - https:\/\/yoast.com\/product\/yoast-seo-wordpress\/ -->\n<title>Personalisiertes Wasserdichte Radjacke AIR<\/title>\n<meta name=\"description\" content=\"Mit einem h\u00f6heren Gewicht als die anderen INVERSE-Modelle ist die AIR-Jacke ideal zum Radfahren an extrem kalten Tagen. Diese Version besteht aus zwei verschiedenen Stoffen, die Sie vor schlechtem Wetter sch\u00fctzen und Ihnen ein angenehmes Tragegef\u00fchl beim Radfahren bieten sollen. Das AEROTECH-Gewebe besteht aus 3 Membranen. Die \u00e4u\u00dfere Schicht fungiert als Barriere, um das Eindringen von Wasser zu verhindern. Die innere Schicht hilft, Schwei\u00df abzuleiten und die K\u00f6rperw\u00e4rme aufrechtzuerhalten. Sie haben trockene Haut und vermeiden \u00dcberhitzung, um maximale Leistung zu erbringen. Die Seiten aus SPIRIT-THERMAL sind elastisch und passen sich ohne Widerstand jeder Position auf dem Fahrrad an. Der anatomische Hals passt sich dem K\u00f6rper sehr gut an, ohne Beschwerden zu verursachen, und verhindert das Eindringen von Luft. Die AIR-Radjacke kombiniert verschiedene Technologien, sodass sie immer in der idealen Position bleibt. Am Ende der \u00c4rmel befindet sich eine lasergeschnittene doppellagige Manschette, die sehr gut am Arm anliegt und das Eindringen von Luft verhindert. Diese sind mit sehr widerstandsf\u00e4higen Flachn\u00e4hten gen\u00e4ht. An der Taille befindet sich ein Besatz, der sich Ihrem K\u00f6rper anpasst. Dazu geh\u00f6ren 360\u00b0 reflektierende Linien, die Ihre Sicherheit erh\u00f6hen, da sie das Licht der Fahrzeuge reflektieren. Im Lendenbereich sind 3 Taschen mit dem neuen ISP-Sicherheitssystem \u2013 Inverse Safe Pocket \u2013 integriert, in denen Sie jeden Gegenstand aufbewahren k\u00f6nnen, ohne bef\u00fcrchten zu m\u00fcssen, ihn zu verlieren. Genie\u00dfen Sie das Radfahren ohne Sorgen.\" \/>\n<meta name=\"robots\" content=\"index, follow, max-snippet:-1, max-image-preview:large, max-video-preview:-1\" \/>\n<link rel=\"canonical\" href=\"https:\/\/www.inverseteams.com\/de\/produkt\/personalisiertes-wasserdichte-radjacke-supra\/\" \/>\n<meta property=\"og:locale\" content=\"de_DE\" \/>\n<meta property=\"og:type\" content=\"article\" \/>\n<meta property=\"og:title\" content=\"Personalisiertes Wasserdichte Radjacke AIR\" \/>\n<meta property=\"og:description\" content=\"Mit einem h\u00f6heren Gewicht als die anderen INVERSE-Modelle ist die AIR-Jacke ideal zum Radfahren an extrem kalten Tagen. Diese Version besteht aus zwei verschiedenen Stoffen, die Sie vor schlechtem Wetter sch\u00fctzen und Ihnen ein angenehmes Tragegef\u00fchl beim Radfahren bieten sollen. Das AEROTECH-Gewebe besteht aus 3 Membranen. Die \u00e4u\u00dfere Schicht fungiert als Barriere, um das Eindringen von Wasser zu verhindern. Die innere Schicht hilft, Schwei\u00df abzuleiten und die K\u00f6rperw\u00e4rme aufrechtzuerhalten. Sie haben trockene Haut und vermeiden \u00dcberhitzung, um maximale Leistung zu erbringen. Die Seiten aus SPIRIT-THERMAL sind elastisch und passen sich ohne Widerstand jeder Position auf dem Fahrrad an. Der anatomische Hals passt sich dem K\u00f6rper sehr gut an, ohne Beschwerden zu verursachen, und verhindert das Eindringen von Luft. Die AIR-Radjacke kombiniert verschiedene Technologien, sodass sie immer in der idealen Position bleibt. Am Ende der \u00c4rmel befindet sich eine lasergeschnittene doppellagige Manschette, die sehr gut am Arm anliegt und das Eindringen von Luft verhindert. Diese sind mit sehr widerstandsf\u00e4higen Flachn\u00e4hten gen\u00e4ht. An der Taille befindet sich ein Besatz, der sich Ihrem K\u00f6rper anpasst. Dazu geh\u00f6ren 360\u00b0 reflektierende Linien, die Ihre Sicherheit erh\u00f6hen, da sie das Licht der Fahrzeuge reflektieren. Im Lendenbereich sind 3 Taschen mit dem neuen ISP-Sicherheitssystem \u2013 Inverse Safe Pocket \u2013 integriert, in denen Sie jeden Gegenstand aufbewahren k\u00f6nnen, ohne bef\u00fcrchten zu m\u00fcssen, ihn zu verlieren. Genie\u00dfen Sie das Radfahren ohne Sorgen.\" \/>\n<meta property=\"og:url\" content=\"https:\/\/www.inverseteams.com\/de\/produkt\/personalisiertes-wasserdichte-radjacke-supra\/\" \/>\n<meta property=\"og:site_name\" content=\"Inverseteams\" \/>\n<meta property=\"article:publisher\" content=\"https:\/\/www.facebook.com\/inverseteams\" \/>\n<meta property=\"article:modified_time\" content=\"2026-02-25T08:31:51+00:00\" \/>\n<meta property=\"og:image\" content=\"https:\/\/www.inverseteams.com\/wp-content\/uploads\/CHAQUETA-CICLISMO-SUPRA-INVERSE-1.png\" \/>\n\t<meta property=\"og:image:width\" content=\"1500\" \/>\n\t<meta property=\"og:image:height\" content=\"1612\" \/>\n\t<meta property=\"og:image:type\" content=\"image\/png\" \/>\n<meta name=\"twitter:card\" content=\"summary_large_image\" \/>\n<meta name=\"twitter:label1\" content=\"Gesch\u00e4tzte Lesezeit\" \/>\n\t<meta name=\"twitter:data1\" content=\"2\u00a0Minute\" \/>\n<script type=\"application\/ld+json\" class=\"yoast-schema-graph\">{\"@context\":\"https:\\\/\\\/schema.org\",\"@graph\":[{\"@type\":\"WebPage\",\"@id\":\"https:\\\/\\\/www.inverseteams.com\\\/de\\\/produkt\\\/personalisiertes-wasserdichte-radjacke-supra\\\/\",\"url\":\"https:\\\/\\\/www.inverseteams.com\\\/de\\\/produkt\\\/personalisiertes-wasserdichte-radjacke-supra\\\/\",\"name\":\"Personalisiertes Wasserdichte Radjacke AIR\",\"isPartOf\":{\"@id\":\"https:\\\/\\\/www.inverseteams.com\\\/de\\\/#website\"},\"primaryImageOfPage\":{\"@id\":\"https:\\\/\\\/www.inverseteams.com\\\/de\\\/produkt\\\/personalisiertes-wasserdichte-radjacke-supra\\\/#primaryimage\"},\"image\":{\"@id\":\"https:\\\/\\\/www.inverseteams.com\\\/de\\\/produkt\\\/personalisiertes-wasserdichte-radjacke-supra\\\/#primaryimage\"},\"thumbnailUrl\":\"https:\\\/\\\/www.inverseteams.com\\\/wp-content\\\/uploads\\\/CHAQUETA-CICLISMO-SUPRA-INVERSE-1.png\",\"datePublished\":\"2021-05-10T08:30:44+00:00\",\"dateModified\":\"2026-02-25T08:31:51+00:00\",\"description\":\"Mit einem h\u00f6heren Gewicht als die anderen INVERSE-Modelle ist die AIR-Jacke ideal zum Radfahren an extrem kalten Tagen. Diese Version besteht aus zwei verschiedenen Stoffen, die Sie vor schlechtem Wetter sch\u00fctzen und Ihnen ein angenehmes Tragegef\u00fchl beim Radfahren bieten sollen. Das AEROTECH-Gewebe besteht aus 3 Membranen. Die \u00e4u\u00dfere Schicht fungiert als Barriere, um das Eindringen von Wasser zu verhindern. Die innere Schicht hilft, Schwei\u00df abzuleiten und die K\u00f6rperw\u00e4rme aufrechtzuerhalten. Sie haben trockene Haut und vermeiden \u00dcberhitzung, um maximale Leistung zu erbringen. Die Seiten aus SPIRIT-THERMAL sind elastisch und passen sich ohne Widerstand jeder Position auf dem Fahrrad an. Der anatomische Hals passt sich dem K\u00f6rper sehr gut an, ohne Beschwerden zu verursachen, und verhindert das Eindringen von Luft. Die AIR-Radjacke kombiniert verschiedene Technologien, sodass sie immer in der idealen Position bleibt. Am Ende der \u00c4rmel befindet sich eine lasergeschnittene doppellagige Manschette, die sehr gut am Arm anliegt und das Eindringen von Luft verhindert. Diese sind mit sehr widerstandsf\u00e4higen Flachn\u00e4hten gen\u00e4ht. An der Taille befindet sich ein Besatz, der sich Ihrem K\u00f6rper anpasst. Dazu geh\u00f6ren 360\u00b0 reflektierende Linien, die Ihre Sicherheit erh\u00f6hen, da sie das Licht der Fahrzeuge reflektieren. Im Lendenbereich sind 3 Taschen mit dem neuen ISP-Sicherheitssystem \u2013 Inverse Safe Pocket \u2013 integriert, in denen Sie jeden Gegenstand aufbewahren k\u00f6nnen, ohne bef\u00fcrchten zu m\u00fcssen, ihn zu verlieren. Genie\u00dfen Sie das Radfahren ohne Sorgen.\",\"breadcrumb\":{\"@id\":\"https:\\\/\\\/www.inverseteams.com\\\/de\\\/produkt\\\/personalisiertes-wasserdichte-radjacke-supra\\\/#breadcrumb\"},\"inLanguage\":\"de\",\"potentialAction\":[{\"@type\":\"ReadAction\",\"target\":[\"https:\\\/\\\/www.inverseteams.com\\\/de\\\/produkt\\\/personalisiertes-wasserdichte-radjacke-supra\\\/\"]}]},{\"@type\":\"ImageObject\",\"inLanguage\":\"de\",\"@id\":\"https:\\\/\\\/www.inverseteams.com\\\/de\\\/produkt\\\/personalisiertes-wasserdichte-radjacke-supra\\\/#primaryimage\",\"url\":\"https:\\\/\\\/www.inverseteams.com\\\/wp-content\\\/uploads\\\/CHAQUETA-CICLISMO-SUPRA-INVERSE-1.png\",\"contentUrl\":\"https:\\\/\\\/www.inverseteams.com\\\/wp-content\\\/uploads\\\/CHAQUETA-CICLISMO-SUPRA-INVERSE-1.png\",\"width\":1500,\"height\":1612},{\"@type\":\"BreadcrumbList\",\"@id\":\"https:\\\/\\\/www.inverseteams.com\\\/de\\\/produkt\\\/personalisiertes-wasserdichte-radjacke-supra\\\/#breadcrumb\",\"itemListElement\":[{\"@type\":\"ListItem\",\"position\":1,\"name\":\"Portada\",\"item\":\"https:\\\/\\\/www.inverseteams.com\\\/de\\\/\"},{\"@type\":\"ListItem\",\"position\":2,\"name\":\"Speichern\",\"item\":\"https:\\\/\\\/www.inverseteams.com\\\/de\\\/speichern\\\/\"},{\"@type\":\"ListItem\",\"position\":3,\"name\":\"Personalisiertes Wasserdichte Radjacke SUPRA\"}]},{\"@type\":\"WebSite\",\"@id\":\"https:\\\/\\\/www.inverseteams.com\\\/de\\\/#website\",\"url\":\"https:\\\/\\\/www.inverseteams.com\\\/de\\\/\",\"name\":\"Inverseteams\",\"description\":\"Tu marca de ropa deportiva personalizada\",\"publisher\":{\"@id\":\"https:\\\/\\\/www.inverseteams.com\\\/de\\\/#organization\"},\"potentialAction\":[{\"@type\":\"SearchAction\",\"target\":{\"@type\":\"EntryPoint\",\"urlTemplate\":\"https:\\\/\\\/www.inverseteams.com\\\/de\\\/?s={search_term_string}\"},\"query-input\":{\"@type\":\"PropertyValueSpecification\",\"valueRequired\":true,\"valueName\":\"search_term_string\"}}],\"inLanguage\":\"de\"},{\"@type\":\"Organization\",\"@id\":\"https:\\\/\\\/www.inverseteams.com\\\/de\\\/#organization\",\"name\":\"Inverse Teams\",\"url\":\"https:\\\/\\\/www.inverseteams.com\\\/de\\\/\",\"logo\":{\"@type\":\"ImageObject\",\"inLanguage\":\"de\",\"@id\":\"https:\\\/\\\/www.inverseteams.com\\\/de\\\/#\\\/schema\\\/logo\\\/image\\\/\",\"url\":\"https:\\\/\\\/www.inverseteams.com\\\/wp-content\\\/uploads\\\/2021\\\/03\\\/logo-inverse-teams.png\",\"contentUrl\":\"https:\\\/\\\/www.inverseteams.com\\\/wp-content\\\/uploads\\\/2021\\\/03\\\/logo-inverse-teams.png\",\"width\":294,\"height\":99,\"caption\":\"Inverse Teams\"},\"image\":{\"@id\":\"https:\\\/\\\/www.inverseteams.com\\\/de\\\/#\\\/schema\\\/logo\\\/image\\\/\"},\"sameAs\":[\"https:\\\/\\\/www.facebook.com\\\/inverseteams\",\"http:\\\/\\\/instagram.com\\\/inverseteams\",\"https:\\\/\\\/www.linkedin.com\\\/company\\\/inverse-cirosport-s-l-?trk=job_view_topcard_company_name\",\"http:\\\/\\\/www.pinterest.com\\\/inverseteams\\\/\",\"http:\\\/\\\/www.youtube.com\\\/user\\\/inverseteams?feature=watch\"]}]}<\/script>\n<!-- \/ Yoast SEO plugin. -->","yoast_head_json":{"title":"Personalisiertes Wasserdichte Radjacke AIR","description":"Mit einem h\u00f6heren Gewicht als die anderen INVERSE-Modelle ist die AIR-Jacke ideal zum Radfahren an extrem kalten Tagen. Diese Version besteht aus zwei verschiedenen Stoffen, die Sie vor schlechtem Wetter sch\u00fctzen und Ihnen ein angenehmes Tragegef\u00fchl beim Radfahren bieten sollen. Das AEROTECH-Gewebe besteht aus 3 Membranen. Die \u00e4u\u00dfere Schicht fungiert als Barriere, um das Eindringen von Wasser zu verhindern. Die innere Schicht hilft, Schwei\u00df abzuleiten und die K\u00f6rperw\u00e4rme aufrechtzuerhalten. Sie haben trockene Haut und vermeiden \u00dcberhitzung, um maximale Leistung zu erbringen. Die Seiten aus SPIRIT-THERMAL sind elastisch und passen sich ohne Widerstand jeder Position auf dem Fahrrad an. Der anatomische Hals passt sich dem K\u00f6rper sehr gut an, ohne Beschwerden zu verursachen, und verhindert das Eindringen von Luft. Die AIR-Radjacke kombiniert verschiedene Technologien, sodass sie immer in der idealen Position bleibt. Am Ende der \u00c4rmel befindet sich eine lasergeschnittene doppellagige Manschette, die sehr gut am Arm anliegt und das Eindringen von Luft verhindert. Diese sind mit sehr widerstandsf\u00e4higen Flachn\u00e4hten gen\u00e4ht. An der Taille befindet sich ein Besatz, der sich Ihrem K\u00f6rper anpasst. Dazu geh\u00f6ren 360\u00b0 reflektierende Linien, die Ihre Sicherheit erh\u00f6hen, da sie das Licht der Fahrzeuge reflektieren. Im Lendenbereich sind 3 Taschen mit dem neuen ISP-Sicherheitssystem \u2013 Inverse Safe Pocket \u2013 integriert, in denen Sie jeden Gegenstand aufbewahren k\u00f6nnen, ohne bef\u00fcrchten zu m\u00fcssen, ihn zu verlieren. Genie\u00dfen Sie das Radfahren ohne Sorgen.","robots":{"index":"index","follow":"follow","max-snippet":"max-snippet:-1","max-image-preview":"max-image-preview:large","max-video-preview":"max-video-preview:-1"},"canonical":"https:\/\/www.inverseteams.com\/de\/produkt\/personalisiertes-wasserdichte-radjacke-supra\/","og_locale":"de_DE","og_type":"article","og_title":"Personalisiertes Wasserdichte Radjacke AIR","og_description":"Mit einem h\u00f6heren Gewicht als die anderen INVERSE-Modelle ist die AIR-Jacke ideal zum Radfahren an extrem kalten Tagen. Diese Version besteht aus zwei verschiedenen Stoffen, die Sie vor schlechtem Wetter sch\u00fctzen und Ihnen ein angenehmes Tragegef\u00fchl beim Radfahren bieten sollen. Das AEROTECH-Gewebe besteht aus 3 Membranen. Die \u00e4u\u00dfere Schicht fungiert als Barriere, um das Eindringen von Wasser zu verhindern. Die innere Schicht hilft, Schwei\u00df abzuleiten und die K\u00f6rperw\u00e4rme aufrechtzuerhalten. Sie haben trockene Haut und vermeiden \u00dcberhitzung, um maximale Leistung zu erbringen. Die Seiten aus SPIRIT-THERMAL sind elastisch und passen sich ohne Widerstand jeder Position auf dem Fahrrad an. Der anatomische Hals passt sich dem K\u00f6rper sehr gut an, ohne Beschwerden zu verursachen, und verhindert das Eindringen von Luft. Die AIR-Radjacke kombiniert verschiedene Technologien, sodass sie immer in der idealen Position bleibt. Am Ende der \u00c4rmel befindet sich eine lasergeschnittene doppellagige Manschette, die sehr gut am Arm anliegt und das Eindringen von Luft verhindert. Diese sind mit sehr widerstandsf\u00e4higen Flachn\u00e4hten gen\u00e4ht. An der Taille befindet sich ein Besatz, der sich Ihrem K\u00f6rper anpasst. Dazu geh\u00f6ren 360\u00b0 reflektierende Linien, die Ihre Sicherheit erh\u00f6hen, da sie das Licht der Fahrzeuge reflektieren. Im Lendenbereich sind 3 Taschen mit dem neuen ISP-Sicherheitssystem \u2013 Inverse Safe Pocket \u2013 integriert, in denen Sie jeden Gegenstand aufbewahren k\u00f6nnen, ohne bef\u00fcrchten zu m\u00fcssen, ihn zu verlieren. Genie\u00dfen Sie das Radfahren ohne Sorgen.","og_url":"https:\/\/www.inverseteams.com\/de\/produkt\/personalisiertes-wasserdichte-radjacke-supra\/","og_site_name":"Inverseteams","article_publisher":"https:\/\/www.facebook.com\/inverseteams","article_modified_time":"2026-02-25T08:31:51+00:00","og_image":[{"width":1500,"height":1612,"url":"https:\/\/www.inverseteams.com\/wp-content\/uploads\/CHAQUETA-CICLISMO-SUPRA-INVERSE-1.png","type":"image\/png"}],"twitter_card":"summary_large_image","twitter_misc":{"Gesch\u00e4tzte Lesezeit":"2\u00a0Minute"},"schema":{"@context":"https:\/\/schema.org","@graph":[{"@type":"WebPage","@id":"https:\/\/www.inverseteams.com\/de\/produkt\/personalisiertes-wasserdichte-radjacke-supra\/","url":"https:\/\/www.inverseteams.com\/de\/produkt\/personalisiertes-wasserdichte-radjacke-supra\/","name":"Personalisiertes Wasserdichte Radjacke AIR","isPartOf":{"@id":"https:\/\/www.inverseteams.com\/de\/#website"},"primaryImageOfPage":{"@id":"https:\/\/www.inverseteams.com\/de\/produkt\/personalisiertes-wasserdichte-radjacke-supra\/#primaryimage"},"image":{"@id":"https:\/\/www.inverseteams.com\/de\/produkt\/personalisiertes-wasserdichte-radjacke-supra\/#primaryimage"},"thumbnailUrl":"https:\/\/www.inverseteams.com\/wp-content\/uploads\/CHAQUETA-CICLISMO-SUPRA-INVERSE-1.png","datePublished":"2021-05-10T08:30:44+00:00","dateModified":"2026-02-25T08:31:51+00:00","description":"Mit einem h\u00f6heren Gewicht als die anderen INVERSE-Modelle ist die AIR-Jacke ideal zum Radfahren an extrem kalten Tagen. Diese Version besteht aus zwei verschiedenen Stoffen, die Sie vor schlechtem Wetter sch\u00fctzen und Ihnen ein angenehmes Tragegef\u00fchl beim Radfahren bieten sollen. Das AEROTECH-Gewebe besteht aus 3 Membranen. Die \u00e4u\u00dfere Schicht fungiert als Barriere, um das Eindringen von Wasser zu verhindern. Die innere Schicht hilft, Schwei\u00df abzuleiten und die K\u00f6rperw\u00e4rme aufrechtzuerhalten. Sie haben trockene Haut und vermeiden \u00dcberhitzung, um maximale Leistung zu erbringen. Die Seiten aus SPIRIT-THERMAL sind elastisch und passen sich ohne Widerstand jeder Position auf dem Fahrrad an. Der anatomische Hals passt sich dem K\u00f6rper sehr gut an, ohne Beschwerden zu verursachen, und verhindert das Eindringen von Luft. Die AIR-Radjacke kombiniert verschiedene Technologien, sodass sie immer in der idealen Position bleibt. Am Ende der \u00c4rmel befindet sich eine lasergeschnittene doppellagige Manschette, die sehr gut am Arm anliegt und das Eindringen von Luft verhindert. Diese sind mit sehr widerstandsf\u00e4higen Flachn\u00e4hten gen\u00e4ht. An der Taille befindet sich ein Besatz, der sich Ihrem K\u00f6rper anpasst. Dazu geh\u00f6ren 360\u00b0 reflektierende Linien, die Ihre Sicherheit erh\u00f6hen, da sie das Licht der Fahrzeuge reflektieren. Im Lendenbereich sind 3 Taschen mit dem neuen ISP-Sicherheitssystem \u2013 Inverse Safe Pocket \u2013 integriert, in denen Sie jeden Gegenstand aufbewahren k\u00f6nnen, ohne bef\u00fcrchten zu m\u00fcssen, ihn zu verlieren. Genie\u00dfen Sie das Radfahren ohne Sorgen.","breadcrumb":{"@id":"https:\/\/www.inverseteams.com\/de\/produkt\/personalisiertes-wasserdichte-radjacke-supra\/#breadcrumb"},"inLanguage":"de","potentialAction":[{"@type":"ReadAction","target":["https:\/\/www.inverseteams.com\/de\/produkt\/personalisiertes-wasserdichte-radjacke-supra\/"]}]},{"@type":"ImageObject","inLanguage":"de","@id":"https:\/\/www.inverseteams.com\/de\/produkt\/personalisiertes-wasserdichte-radjacke-supra\/#primaryimage","url":"https:\/\/www.inverseteams.com\/wp-content\/uploads\/CHAQUETA-CICLISMO-SUPRA-INVERSE-1.png","contentUrl":"https:\/\/www.inverseteams.com\/wp-content\/uploads\/CHAQUETA-CICLISMO-SUPRA-INVERSE-1.png","width":1500,"height":1612},{"@type":"BreadcrumbList","@id":"https:\/\/www.inverseteams.com\/de\/produkt\/personalisiertes-wasserdichte-radjacke-supra\/#breadcrumb","itemListElement":[{"@type":"ListItem","position":1,"name":"Portada","item":"https:\/\/www.inverseteams.com\/de\/"},{"@type":"ListItem","position":2,"name":"Speichern","item":"https:\/\/www.inverseteams.com\/de\/speichern\/"},{"@type":"ListItem","position":3,"name":"Personalisiertes Wasserdichte Radjacke SUPRA"}]},{"@type":"WebSite","@id":"https:\/\/www.inverseteams.com\/de\/#website","url":"https:\/\/www.inverseteams.com\/de\/","name":"Inverseteams","description":"Tu marca de ropa deportiva personalizada","publisher":{"@id":"https:\/\/www.inverseteams.com\/de\/#organization"},"potentialAction":[{"@type":"SearchAction","target":{"@type":"EntryPoint","urlTemplate":"https:\/\/www.inverseteams.com\/de\/?s={search_term_string}"},"query-input":{"@type":"PropertyValueSpecification","valueRequired":true,"valueName":"search_term_string"}}],"inLanguage":"de"},{"@type":"Organization","@id":"https:\/\/www.inverseteams.com\/de\/#organization","name":"Inverse Teams","url":"https:\/\/www.inverseteams.com\/de\/","logo":{"@type":"ImageObject","inLanguage":"de","@id":"https:\/\/www.inverseteams.com\/de\/#\/schema\/logo\/image\/","url":"https:\/\/www.inverseteams.com\/wp-content\/uploads\/2021\/03\/logo-inverse-teams.png","contentUrl":"https:\/\/www.inverseteams.com\/wp-content\/uploads\/2021\/03\/logo-inverse-teams.png","width":294,"height":99,"caption":"Inverse Teams"},"image":{"@id":"https:\/\/www.inverseteams.com\/de\/#\/schema\/logo\/image\/"},"sameAs":["https:\/\/www.facebook.com\/inverseteams","http:\/\/instagram.com\/inverseteams","https:\/\/www.linkedin.com\/company\/inverse-cirosport-s-l-?trk=job_view_topcard_company_name","http:\/\/www.pinterest.com\/inverseteams\/","http:\/\/www.youtube.com\/user\/inverseteams?feature=watch"]}]}},"_links":{"self":[{"href":"https:\/\/www.inverseteams.com\/de\/wp-json\/wp\/v2\/product\/173877","targetHints":{"allow":["GET"]}}],"collection":[{"href":"https:\/\/www.inverseteams.com\/de\/wp-json\/wp\/v2\/product"}],"about":[{"href":"https:\/\/www.inverseteams.com\/de\/wp-json\/wp\/v2\/types\/product"}],"replies":[{"embeddable":true,"href":"https:\/\/www.inverseteams.com\/de\/wp-json\/wp\/v2\/comments?post=173877"}],"wp:featuredmedia":[{"embeddable":true,"href":"https:\/\/www.inverseteams.com\/de\/wp-json\/wp\/v2\/media\/277650"}],"wp:attachment":[{"href":"https:\/\/www.inverseteams.com\/de\/wp-json\/wp\/v2\/media?parent=173877"}],"wp:term":[{"taxonomy":"product_brand","embeddable":true,"href":"https:\/\/www.inverseteams.com\/de\/wp-json\/wp\/v2\/product_brand?post=173877"},{"taxonomy":"product_cat","embeddable":true,"href":"https:\/\/www.inverseteams.com\/de\/wp-json\/wp\/v2\/product_cat?post=173877"},{"taxonomy":"product_tag","embeddable":true,"href":"https:\/\/www.inverseteams.com\/de\/wp-json\/wp\/v2\/product_tag?post=173877"},{"taxonomy":"custom_category","embeddable":true,"href":"https:\/\/www.inverseteams.com\/de\/wp-json\/wp\/v2\/custom_category?post=173877"},{"taxonomy":"range","embeddable":true,"href":"https:\/\/www.inverseteams.com\/de\/wp-json\/wp\/v2\/range?post=173877"}],"curies":[{"name":"wp","href":"https:\/\/api.w.org\/{rel}","templated":true}]}}