{"id":173876,"date":"2021-05-10T08:30:50","date_gmt":"2021-05-10T09:17:42","guid":{"rendered":"https:\/\/www.inverseteams.com\/product\/womens-trisuit-terram\/"},"modified":"2024-02-06T09:17:26","modified_gmt":"2024-02-06T09:17:26","slug":"personalisiertes-damen-triathlon-anzug-terram","status":"publish","type":"product","link":"https:\/\/www.inverseteams.com\/de\/produkt\/personalisiertes-damen-triathlon-anzug-terram\/","title":{"rendered":"Personalisiertes Damen Triathlon-anzug TERRAM"},"content":{"rendered":"<p>Die Elastizit\u00e4t und Leichtigkeit des Stoffes erm\u00f6glichen Ihnen v\u00f6llige Bewegungsfreiheit und Sie werden w\u00e4hrend der verschiedenen Phasen des Triathlons kein Unbehagen versp\u00fcren.<br \/>\nDer Hals und die Hosentr\u00e4ger sind mit dem Evolution-Besatz versehen. Es ist fein und glatt und verursacht keine Kratzer. Dar\u00fcber hinaus ist es elastisch und passt sich perfekt dem K\u00f6rper an, um das Eindringen von Wasser beim Schwimmen oder Luft beim Radfahren m\u00f6glichst zu vermeiden.<br \/>\nAm Ende der Beine befindet sich ein mikroperforiertes Gummiband mit einem hypoallergenen Silikongriff im Inneren. Dies verhindert, dass das Schwitzen zunimmt und das Kleidungsst\u00fcck fest am Bein sitzt.<br \/>\nAlle Eins\u00e4tze, aus denen der Trisuit besteht, wurden so konzipiert, dass sie sich an alle Positionen anpassen und Ihre Leistung optimieren. Die flachen N\u00e4hte, die sie verbinden, sind \u00e4u\u00dferst widerstandsf\u00e4hig und verleihen dem Kleidungsst\u00fcck zudem ein sehr attraktives Design.<\/p>\n","protected":false},"excerpt":{"rendered":"<p>Die Elastizit\u00e4t und Leichtigkeit des Stoffes erm\u00f6glichen Ihnen v\u00f6llige Bewegungsfreiheit und Sie werden w\u00e4hrend der verschiedenen Phasen des Triathlons kein Unbehagen versp\u00fcren.<br \/>\nDer Hals und die Hosentr\u00e4ger sind mit dem Evolution-Besatz versehen. Es ist fein und glatt und verursacht keine Kratzer. Dar\u00fcber hinaus ist es elastisch und passt sich perfekt dem K\u00f6rper an, um das Eindringen von Wasser beim Schwimmen oder Luft beim Radfahren m\u00f6glichst zu vermeiden.<br \/>\nAm Ende der Beine befindet sich ein mikroperforiertes Gummiband mit einem hypoallergenen Silikongriff im Inneren. Dies verhindert, dass das Schwitzen zunimmt und das Kleidungsst\u00fcck fest am Bein sitzt.<br \/>\nAlle Eins\u00e4tze, aus denen der Trisuit besteht, wurden so konzipiert, dass sie sich an alle Positionen anpassen und Ihre Leistung optimieren. Die flachen N\u00e4hte, die sie verbinden, sind \u00e4u\u00dferst widerstandsf\u00e4hig und verleihen dem Kleidungsst\u00fcck zudem ein sehr attraktives Design.<\/p>\n","protected":false},"featured_media":165428,"comment_status":"closed","ping_status":"closed","template":"","meta":{"_acf_changed":false},"product_brand":[],"product_cat":[11218],"product_tag":[],"custom_category":[13289,11240,11338],"range":[11343],"class_list":{"0":"post-173876","1":"product","2":"type-product","3":"status-publish","4":"has-post-thumbnail","6":"product_cat-uncategorized-de","7":"pa_climatologia-calor-de","8":"pa_deporte-triatlon-de","9":"pa_genero-mujer-de","10":"pa_patronaje-fit-de","11":"pa_tipo-de-prenda-trimono-de","12":"custom_category-personalisierte-triathlon-anzug","13":"custom_category-sport","14":"custom_category-personalisierte-triathlonbekleidung","15":"range-terram-de","17":"first","18":"instock","19":"product-type-custom"},"acf":[],"yoast_head":"<!-- This site is optimized with the Yoast SEO plugin v27.2 - https:\/\/yoast.com\/product\/yoast-seo-wordpress\/ -->\n<title>Personalisiertes Damen Triathlon-anzug TERRAM<\/title>\n<meta name=\"description\" content=\"Die Elastizit\u00e4t und Leichtigkeit des Stoffes erm\u00f6glichen Ihnen v\u00f6llige Bewegungsfreiheit und Sie werden w\u00e4hrend der verschiedenen Phasen des Triathlons kein Unbehagen versp\u00fcren. Der Hals und die Hosentr\u00e4ger sind mit dem Evolution-Besatz versehen. Es ist fein und glatt und verursacht keine Kratzer. Dar\u00fcber hinaus ist es elastisch und passt sich perfekt dem K\u00f6rper an, um das Eindringen von Wasser beim Schwimmen oder Luft beim Radfahren m\u00f6glichst zu vermeiden. Am Ende der Beine befindet sich ein mikroperforiertes Gummiband mit einem hypoallergenen Silikongriff im Inneren. Dies verhindert, dass das Schwitzen zunimmt und das Kleidungsst\u00fcck fest am Bein sitzt. Alle Eins\u00e4tze, aus denen der Trisuit besteht, wurden so konzipiert, dass sie sich an alle Positionen anpassen und Ihre Leistung optimieren. Die flachen N\u00e4hte, die sie verbinden, sind \u00e4u\u00dferst widerstandsf\u00e4hig und verleihen dem Kleidungsst\u00fcck zudem ein sehr attraktives Design.\" \/>\n<meta name=\"robots\" content=\"index, follow, max-snippet:-1, max-image-preview:large, max-video-preview:-1\" \/>\n<link rel=\"canonical\" href=\"https:\/\/www.inverseteams.com\/de\/produkt\/personalisiertes-damen-triathlon-anzug-terram\/\" \/>\n<meta property=\"og:locale\" content=\"de_DE\" \/>\n<meta property=\"og:type\" content=\"article\" \/>\n<meta property=\"og:title\" content=\"Personalisiertes Damen Triathlon-anzug TERRAM\" \/>\n<meta property=\"og:description\" content=\"Die Elastizit\u00e4t und Leichtigkeit des Stoffes erm\u00f6glichen Ihnen v\u00f6llige Bewegungsfreiheit und Sie werden w\u00e4hrend der verschiedenen Phasen des Triathlons kein Unbehagen versp\u00fcren. Der Hals und die Hosentr\u00e4ger sind mit dem Evolution-Besatz versehen. Es ist fein und glatt und verursacht keine Kratzer. Dar\u00fcber hinaus ist es elastisch und passt sich perfekt dem K\u00f6rper an, um das Eindringen von Wasser beim Schwimmen oder Luft beim Radfahren m\u00f6glichst zu vermeiden. Am Ende der Beine befindet sich ein mikroperforiertes Gummiband mit einem hypoallergenen Silikongriff im Inneren. Dies verhindert, dass das Schwitzen zunimmt und das Kleidungsst\u00fcck fest am Bein sitzt. Alle Eins\u00e4tze, aus denen der Trisuit besteht, wurden so konzipiert, dass sie sich an alle Positionen anpassen und Ihre Leistung optimieren. Die flachen N\u00e4hte, die sie verbinden, sind \u00e4u\u00dferst widerstandsf\u00e4hig und verleihen dem Kleidungsst\u00fcck zudem ein sehr attraktives Design.\" \/>\n<meta property=\"og:url\" content=\"https:\/\/www.inverseteams.com\/de\/produkt\/personalisiertes-damen-triathlon-anzug-terram\/\" \/>\n<meta property=\"og:site_name\" content=\"Inverseteams\" \/>\n<meta property=\"article:publisher\" content=\"https:\/\/www.facebook.com\/inverseteams\" \/>\n<meta property=\"article:modified_time\" content=\"2024-02-06T09:17:26+00:00\" \/>\n<meta property=\"og:image\" content=\"https:\/\/www.inverseteams.com\/wp-content\/uploads\/MONO-TRIATLON-MUJER-TERRAM-1-1.jpg\" \/>\n\t<meta property=\"og:image:width\" content=\"3222\" \/>\n\t<meta property=\"og:image:height\" content=\"3462\" \/>\n\t<meta property=\"og:image:type\" content=\"image\/jpeg\" \/>\n<meta name=\"twitter:card\" content=\"summary_large_image\" \/>\n<meta name=\"twitter:label1\" content=\"Gesch\u00e4tzte Lesezeit\" \/>\n\t<meta name=\"twitter:data1\" content=\"1\u00a0Minute\" \/>\n<script type=\"application\/ld+json\" class=\"yoast-schema-graph\">{\"@context\":\"https:\/\/schema.org\",\"@graph\":[{\"@type\":\"WebPage\",\"@id\":\"https:\/\/www.inverseteams.com\/de\/produkt\/personalisiertes-damen-triathlon-anzug-terram\/\",\"url\":\"https:\/\/www.inverseteams.com\/de\/produkt\/personalisiertes-damen-triathlon-anzug-terram\/\",\"name\":\"Personalisiertes Damen Triathlon-anzug TERRAM\",\"isPartOf\":{\"@id\":\"https:\/\/www.inverseteams.com\/de\/#website\"},\"primaryImageOfPage\":{\"@id\":\"https:\/\/www.inverseteams.com\/de\/produkt\/personalisiertes-damen-triathlon-anzug-terram\/#primaryimage\"},\"image\":{\"@id\":\"https:\/\/www.inverseteams.com\/de\/produkt\/personalisiertes-damen-triathlon-anzug-terram\/#primaryimage\"},\"thumbnailUrl\":\"https:\/\/www.inverseteams.com\/wp-content\/uploads\/MONO-TRIATLON-MUJER-TERRAM-1-1.jpg\",\"datePublished\":\"2021-05-10T09:17:42+00:00\",\"dateModified\":\"2024-02-06T09:17:26+00:00\",\"description\":\"Die Elastizit\u00e4t und Leichtigkeit des Stoffes erm\u00f6glichen Ihnen v\u00f6llige Bewegungsfreiheit und Sie werden w\u00e4hrend der verschiedenen Phasen des Triathlons kein Unbehagen versp\u00fcren. Der Hals und die Hosentr\u00e4ger sind mit dem Evolution-Besatz versehen. Es ist fein und glatt und verursacht keine Kratzer. Dar\u00fcber hinaus ist es elastisch und passt sich perfekt dem K\u00f6rper an, um das Eindringen von Wasser beim Schwimmen oder Luft beim Radfahren m\u00f6glichst zu vermeiden. Am Ende der Beine befindet sich ein mikroperforiertes Gummiband mit einem hypoallergenen Silikongriff im Inneren. Dies verhindert, dass das Schwitzen zunimmt und das Kleidungsst\u00fcck fest am Bein sitzt. Alle Eins\u00e4tze, aus denen der Trisuit besteht, wurden so konzipiert, dass sie sich an alle Positionen anpassen und Ihre Leistung optimieren. Die flachen N\u00e4hte, die sie verbinden, sind \u00e4u\u00dferst widerstandsf\u00e4hig und verleihen dem Kleidungsst\u00fcck zudem ein sehr attraktives Design.\",\"breadcrumb\":{\"@id\":\"https:\/\/www.inverseteams.com\/de\/produkt\/personalisiertes-damen-triathlon-anzug-terram\/#breadcrumb\"},\"inLanguage\":\"de\",\"potentialAction\":[{\"@type\":\"ReadAction\",\"target\":[\"https:\/\/www.inverseteams.com\/de\/produkt\/personalisiertes-damen-triathlon-anzug-terram\/\"]}]},{\"@type\":\"ImageObject\",\"inLanguage\":\"de\",\"@id\":\"https:\/\/www.inverseteams.com\/de\/produkt\/personalisiertes-damen-triathlon-anzug-terram\/#primaryimage\",\"url\":\"https:\/\/www.inverseteams.com\/wp-content\/uploads\/MONO-TRIATLON-MUJER-TERRAM-1-1.jpg\",\"contentUrl\":\"https:\/\/www.inverseteams.com\/wp-content\/uploads\/MONO-TRIATLON-MUJER-TERRAM-1-1.jpg\",\"width\":3222,\"height\":3462,\"caption\":\"TRIMONO MUJER TERRAM PERSONALIZADO\"},{\"@type\":\"BreadcrumbList\",\"@id\":\"https:\/\/www.inverseteams.com\/de\/produkt\/personalisiertes-damen-triathlon-anzug-terram\/#breadcrumb\",\"itemListElement\":[{\"@type\":\"ListItem\",\"position\":1,\"name\":\"Portada\",\"item\":\"https:\/\/www.inverseteams.com\/de\/\"},{\"@type\":\"ListItem\",\"position\":2,\"name\":\"Speichern\",\"item\":\"https:\/\/www.inverseteams.com\/de\/speichern\/\"},{\"@type\":\"ListItem\",\"position\":3,\"name\":\"Personalisiertes Damen Triathlon-anzug TERRAM\"}]},{\"@type\":\"WebSite\",\"@id\":\"https:\/\/www.inverseteams.com\/de\/#website\",\"url\":\"https:\/\/www.inverseteams.com\/de\/\",\"name\":\"Inverseteams\",\"description\":\"Tu marca de ropa deportiva personalizada\",\"publisher\":{\"@id\":\"https:\/\/www.inverseteams.com\/de\/#organization\"},\"potentialAction\":[{\"@type\":\"SearchAction\",\"target\":{\"@type\":\"EntryPoint\",\"urlTemplate\":\"https:\/\/www.inverseteams.com\/de\/?s={search_term_string}\"},\"query-input\":{\"@type\":\"PropertyValueSpecification\",\"valueRequired\":true,\"valueName\":\"search_term_string\"}}],\"inLanguage\":\"de\"},{\"@type\":\"Organization\",\"@id\":\"https:\/\/www.inverseteams.com\/de\/#organization\",\"name\":\"Inverse Teams\",\"url\":\"https:\/\/www.inverseteams.com\/de\/\",\"logo\":{\"@type\":\"ImageObject\",\"inLanguage\":\"de\",\"@id\":\"https:\/\/www.inverseteams.com\/de\/#\/schema\/logo\/image\/\",\"url\":\"https:\/\/www.inverseteams.com\/wp-content\/uploads\/2021\/03\/logo-inverse-teams.png\",\"contentUrl\":\"https:\/\/www.inverseteams.com\/wp-content\/uploads\/2021\/03\/logo-inverse-teams.png\",\"width\":294,\"height\":99,\"caption\":\"Inverse Teams\"},\"image\":{\"@id\":\"https:\/\/www.inverseteams.com\/de\/#\/schema\/logo\/image\/\"},\"sameAs\":[\"https:\/\/www.facebook.com\/inverseteams\",\"http:\/\/instagram.com\/inverseteams\",\"https:\/\/www.linkedin.com\/company\/inverse-cirosport-s-l-?trk=job_view_topcard_company_name\",\"http:\/\/www.pinterest.com\/inverseteams\/\",\"http:\/\/www.youtube.com\/user\/inverseteams?feature=watch\"]}]}<\/script>\n<!-- \/ Yoast SEO plugin. -->","yoast_head_json":{"title":"Personalisiertes Damen Triathlon-anzug TERRAM","description":"Die Elastizit\u00e4t und Leichtigkeit des Stoffes erm\u00f6glichen Ihnen v\u00f6llige Bewegungsfreiheit und Sie werden w\u00e4hrend der verschiedenen Phasen des Triathlons kein Unbehagen versp\u00fcren. Der Hals und die Hosentr\u00e4ger sind mit dem Evolution-Besatz versehen. Es ist fein und glatt und verursacht keine Kratzer. Dar\u00fcber hinaus ist es elastisch und passt sich perfekt dem K\u00f6rper an, um das Eindringen von Wasser beim Schwimmen oder Luft beim Radfahren m\u00f6glichst zu vermeiden. Am Ende der Beine befindet sich ein mikroperforiertes Gummiband mit einem hypoallergenen Silikongriff im Inneren. Dies verhindert, dass das Schwitzen zunimmt und das Kleidungsst\u00fcck fest am Bein sitzt. Alle Eins\u00e4tze, aus denen der Trisuit besteht, wurden so konzipiert, dass sie sich an alle Positionen anpassen und Ihre Leistung optimieren. Die flachen N\u00e4hte, die sie verbinden, sind \u00e4u\u00dferst widerstandsf\u00e4hig und verleihen dem Kleidungsst\u00fcck zudem ein sehr attraktives Design.","robots":{"index":"index","follow":"follow","max-snippet":"max-snippet:-1","max-image-preview":"max-image-preview:large","max-video-preview":"max-video-preview:-1"},"canonical":"https:\/\/www.inverseteams.com\/de\/produkt\/personalisiertes-damen-triathlon-anzug-terram\/","og_locale":"de_DE","og_type":"article","og_title":"Personalisiertes Damen Triathlon-anzug TERRAM","og_description":"Die Elastizit\u00e4t und Leichtigkeit des Stoffes erm\u00f6glichen Ihnen v\u00f6llige Bewegungsfreiheit und Sie werden w\u00e4hrend der verschiedenen Phasen des Triathlons kein Unbehagen versp\u00fcren. Der Hals und die Hosentr\u00e4ger sind mit dem Evolution-Besatz versehen. Es ist fein und glatt und verursacht keine Kratzer. Dar\u00fcber hinaus ist es elastisch und passt sich perfekt dem K\u00f6rper an, um das Eindringen von Wasser beim Schwimmen oder Luft beim Radfahren m\u00f6glichst zu vermeiden. Am Ende der Beine befindet sich ein mikroperforiertes Gummiband mit einem hypoallergenen Silikongriff im Inneren. Dies verhindert, dass das Schwitzen zunimmt und das Kleidungsst\u00fcck fest am Bein sitzt. Alle Eins\u00e4tze, aus denen der Trisuit besteht, wurden so konzipiert, dass sie sich an alle Positionen anpassen und Ihre Leistung optimieren. Die flachen N\u00e4hte, die sie verbinden, sind \u00e4u\u00dferst widerstandsf\u00e4hig und verleihen dem Kleidungsst\u00fcck zudem ein sehr attraktives Design.","og_url":"https:\/\/www.inverseteams.com\/de\/produkt\/personalisiertes-damen-triathlon-anzug-terram\/","og_site_name":"Inverseteams","article_publisher":"https:\/\/www.facebook.com\/inverseteams","article_modified_time":"2024-02-06T09:17:26+00:00","og_image":[{"width":3222,"height":3462,"url":"https:\/\/www.inverseteams.com\/wp-content\/uploads\/MONO-TRIATLON-MUJER-TERRAM-1-1.jpg","type":"image\/jpeg"}],"twitter_card":"summary_large_image","twitter_misc":{"Gesch\u00e4tzte Lesezeit":"1\u00a0Minute"},"schema":{"@context":"https:\/\/schema.org","@graph":[{"@type":"WebPage","@id":"https:\/\/www.inverseteams.com\/de\/produkt\/personalisiertes-damen-triathlon-anzug-terram\/","url":"https:\/\/www.inverseteams.com\/de\/produkt\/personalisiertes-damen-triathlon-anzug-terram\/","name":"Personalisiertes Damen Triathlon-anzug TERRAM","isPartOf":{"@id":"https:\/\/www.inverseteams.com\/de\/#website"},"primaryImageOfPage":{"@id":"https:\/\/www.inverseteams.com\/de\/produkt\/personalisiertes-damen-triathlon-anzug-terram\/#primaryimage"},"image":{"@id":"https:\/\/www.inverseteams.com\/de\/produkt\/personalisiertes-damen-triathlon-anzug-terram\/#primaryimage"},"thumbnailUrl":"https:\/\/www.inverseteams.com\/wp-content\/uploads\/MONO-TRIATLON-MUJER-TERRAM-1-1.jpg","datePublished":"2021-05-10T09:17:42+00:00","dateModified":"2024-02-06T09:17:26+00:00","description":"Die Elastizit\u00e4t und Leichtigkeit des Stoffes erm\u00f6glichen Ihnen v\u00f6llige Bewegungsfreiheit und Sie werden w\u00e4hrend der verschiedenen Phasen des Triathlons kein Unbehagen versp\u00fcren. Der Hals und die Hosentr\u00e4ger sind mit dem Evolution-Besatz versehen. Es ist fein und glatt und verursacht keine Kratzer. Dar\u00fcber hinaus ist es elastisch und passt sich perfekt dem K\u00f6rper an, um das Eindringen von Wasser beim Schwimmen oder Luft beim Radfahren m\u00f6glichst zu vermeiden. Am Ende der Beine befindet sich ein mikroperforiertes Gummiband mit einem hypoallergenen Silikongriff im Inneren. Dies verhindert, dass das Schwitzen zunimmt und das Kleidungsst\u00fcck fest am Bein sitzt. Alle Eins\u00e4tze, aus denen der Trisuit besteht, wurden so konzipiert, dass sie sich an alle Positionen anpassen und Ihre Leistung optimieren. Die flachen N\u00e4hte, die sie verbinden, sind \u00e4u\u00dferst widerstandsf\u00e4hig und verleihen dem Kleidungsst\u00fcck zudem ein sehr attraktives Design.","breadcrumb":{"@id":"https:\/\/www.inverseteams.com\/de\/produkt\/personalisiertes-damen-triathlon-anzug-terram\/#breadcrumb"},"inLanguage":"de","potentialAction":[{"@type":"ReadAction","target":["https:\/\/www.inverseteams.com\/de\/produkt\/personalisiertes-damen-triathlon-anzug-terram\/"]}]},{"@type":"ImageObject","inLanguage":"de","@id":"https:\/\/www.inverseteams.com\/de\/produkt\/personalisiertes-damen-triathlon-anzug-terram\/#primaryimage","url":"https:\/\/www.inverseteams.com\/wp-content\/uploads\/MONO-TRIATLON-MUJER-TERRAM-1-1.jpg","contentUrl":"https:\/\/www.inverseteams.com\/wp-content\/uploads\/MONO-TRIATLON-MUJER-TERRAM-1-1.jpg","width":3222,"height":3462,"caption":"TRIMONO MUJER TERRAM PERSONALIZADO"},{"@type":"BreadcrumbList","@id":"https:\/\/www.inverseteams.com\/de\/produkt\/personalisiertes-damen-triathlon-anzug-terram\/#breadcrumb","itemListElement":[{"@type":"ListItem","position":1,"name":"Portada","item":"https:\/\/www.inverseteams.com\/de\/"},{"@type":"ListItem","position":2,"name":"Speichern","item":"https:\/\/www.inverseteams.com\/de\/speichern\/"},{"@type":"ListItem","position":3,"name":"Personalisiertes Damen Triathlon-anzug TERRAM"}]},{"@type":"WebSite","@id":"https:\/\/www.inverseteams.com\/de\/#website","url":"https:\/\/www.inverseteams.com\/de\/","name":"Inverseteams","description":"Tu marca de ropa deportiva personalizada","publisher":{"@id":"https:\/\/www.inverseteams.com\/de\/#organization"},"potentialAction":[{"@type":"SearchAction","target":{"@type":"EntryPoint","urlTemplate":"https:\/\/www.inverseteams.com\/de\/?s={search_term_string}"},"query-input":{"@type":"PropertyValueSpecification","valueRequired":true,"valueName":"search_term_string"}}],"inLanguage":"de"},{"@type":"Organization","@id":"https:\/\/www.inverseteams.com\/de\/#organization","name":"Inverse Teams","url":"https:\/\/www.inverseteams.com\/de\/","logo":{"@type":"ImageObject","inLanguage":"de","@id":"https:\/\/www.inverseteams.com\/de\/#\/schema\/logo\/image\/","url":"https:\/\/www.inverseteams.com\/wp-content\/uploads\/2021\/03\/logo-inverse-teams.png","contentUrl":"https:\/\/www.inverseteams.com\/wp-content\/uploads\/2021\/03\/logo-inverse-teams.png","width":294,"height":99,"caption":"Inverse Teams"},"image":{"@id":"https:\/\/www.inverseteams.com\/de\/#\/schema\/logo\/image\/"},"sameAs":["https:\/\/www.facebook.com\/inverseteams","http:\/\/instagram.com\/inverseteams","https:\/\/www.linkedin.com\/company\/inverse-cirosport-s-l-?trk=job_view_topcard_company_name","http:\/\/www.pinterest.com\/inverseteams\/","http:\/\/www.youtube.com\/user\/inverseteams?feature=watch"]}]}},"_links":{"self":[{"href":"https:\/\/www.inverseteams.com\/de\/wp-json\/wp\/v2\/product\/173876","targetHints":{"allow":["GET"]}}],"collection":[{"href":"https:\/\/www.inverseteams.com\/de\/wp-json\/wp\/v2\/product"}],"about":[{"href":"https:\/\/www.inverseteams.com\/de\/wp-json\/wp\/v2\/types\/product"}],"replies":[{"embeddable":true,"href":"https:\/\/www.inverseteams.com\/de\/wp-json\/wp\/v2\/comments?post=173876"}],"wp:featuredmedia":[{"embeddable":true,"href":"https:\/\/www.inverseteams.com\/de\/wp-json\/wp\/v2\/media\/165428"}],"wp:attachment":[{"href":"https:\/\/www.inverseteams.com\/de\/wp-json\/wp\/v2\/media?parent=173876"}],"wp:term":[{"taxonomy":"product_brand","embeddable":true,"href":"https:\/\/www.inverseteams.com\/de\/wp-json\/wp\/v2\/product_brand?post=173876"},{"taxonomy":"product_cat","embeddable":true,"href":"https:\/\/www.inverseteams.com\/de\/wp-json\/wp\/v2\/product_cat?post=173876"},{"taxonomy":"product_tag","embeddable":true,"href":"https:\/\/www.inverseteams.com\/de\/wp-json\/wp\/v2\/product_tag?post=173876"},{"taxonomy":"custom_category","embeddable":true,"href":"https:\/\/www.inverseteams.com\/de\/wp-json\/wp\/v2\/custom_category?post=173876"},{"taxonomy":"range","embeddable":true,"href":"https:\/\/www.inverseteams.com\/de\/wp-json\/wp\/v2\/range?post=173876"}],"curies":[{"name":"wp","href":"https:\/\/api.w.org\/{rel}","templated":true}]}}