{"id":173874,"date":"2021-05-10T08:31:36","date_gmt":"2021-05-10T09:18:27","guid":{"rendered":"https:\/\/www.inverseteams.com\/product\/lycra-short-sleeve-trail-running-top-ultra\/"},"modified":"2024-01-29T12:09:02","modified_gmt":"2024-01-29T12:09:02","slug":"personalisiertes-lycra-kurzarm-trailrunning-shirt-ultra","status":"publish","type":"product","link":"https:\/\/www.inverseteams.com\/de\/produkt\/personalisiertes-lycra-kurzarm-trailrunning-shirt-ultra\/","title":{"rendered":"Personalisiertes Lycra-Kurzarm Trailrunning Shirt ULTRA"},"content":{"rendered":"<p>Sehr leichtes technisches T-Shirt, ideal f\u00fcr Wettkampf und Training. Es zeichnet sich durch seine hohe Widerstandsf\u00e4higkeit und Schwei\u00dfkapazit\u00e4t aus.<br \/>\nDie Lycra-\u00c4rmel passen perfekt zu Ihrem Arm und sorgen f\u00fcr ein \u00e4u\u00dferst angenehmes Tragegef\u00fchl. Der Schulterbereich besteht aus pillingbest\u00e4ndigem COOLTECH-Gewebe, das den Kontakt mit dem Rucksack verhindert.<br \/>\nSein Stoff hat eine hohe Trocknungskapazit\u00e4t und h\u00e4lt Ihren K\u00f6rper trocken. Es verf\u00fcgt \u00fcber einen kurzen Rei\u00dfverschluss auf der Brust, sodass Sie die Bel\u00fcftung w\u00e4hrend des Rennens regulieren k\u00f6nnen. Auf beiden Seiten finden Sie eine Gittertasche zur bequemen Aufbewahrung von Gels und N\u00e4hrstoffriegeln. Die antibakteriellen Eigenschaften und der weiche Griff machen dieses Kleidungsst\u00fcck zum idealen Kleidungsst\u00fcck f\u00fcr lange Trainingseinheiten. Genie\u00dfen Sie Outdoor-Sport, egal wie hei\u00df es wird.<\/p>\n","protected":false},"excerpt":{"rendered":"<p>Sehr leichtes technisches T-Shirt, ideal f\u00fcr Wettkampf und Training. Es zeichnet sich durch seine hohe Widerstandsf\u00e4higkeit und Schwei\u00dfkapazit\u00e4t aus.<br \/>\nDie Lycra-\u00c4rmel passen perfekt zu Ihrem Arm und sorgen f\u00fcr ein \u00e4u\u00dferst angenehmes Tragegef\u00fchl. Der Schulterbereich besteht aus pillingbest\u00e4ndigem COOLTECH-Gewebe, das den Kontakt mit dem Rucksack verhindert.<br \/>\nSein Stoff hat eine hohe Trocknungskapazit\u00e4t und h\u00e4lt Ihren K\u00f6rper trocken. Es verf\u00fcgt \u00fcber einen kurzen Rei\u00dfverschluss auf der Brust, sodass Sie die Bel\u00fcftung w\u00e4hrend des Rennens regulieren k\u00f6nnen. Auf beiden Seiten finden Sie eine Gittertasche zur bequemen Aufbewahrung von Gels und N\u00e4hrstoffriegeln. Die antibakteriellen Eigenschaften und der weiche Griff machen dieses Kleidungsst\u00fcck zum idealen Kleidungsst\u00fcck f\u00fcr lange Trainingseinheiten. Genie\u00dfen Sie Outdoor-Sport, egal wie hei\u00df es wird.<\/p>\n","protected":false},"featured_media":165390,"comment_status":"closed","ping_status":"closed","template":"","meta":{"_acf_changed":false},"product_brand":[],"product_cat":[11218],"product_tag":[],"custom_category":[11327,11240,11328],"range":[11332],"class_list":{"0":"post-173874","1":"product","2":"type-product","3":"status-publish","4":"has-post-thumbnail","6":"product_cat-uncategorized-de","7":"pa_climatologia-calor-de","8":"pa_genero-hombre-de","9":"pa_genero-mujer-de","10":"pa_genero-infantil-de","11":"pa_patronaje-fit-de","12":"pa_patronaje-regular-de","13":"custom_category-personalisierte-trailrunningshirts","14":"custom_category-sport","15":"custom_category-personalisierte-trailrunningbekleidung","16":"range-ultra-de","18":"first","19":"instock","20":"product-type-custom"},"acf":[],"yoast_head":"<!-- This site is optimized with the Yoast SEO plugin v27.5 - https:\/\/yoast.com\/product\/yoast-seo-wordpress\/ -->\n<title>Personalisiertes Lycra-Kurzarm Trailrunning Shirt ULTRA<\/title>\n<meta name=\"description\" content=\"Sehr leichtes technisches T-Shirt, ideal f\u00fcr Wettkampf und Training. Es zeichnet sich durch seine hohe Widerstandsf\u00e4higkeit und Schwei\u00dfkapazit\u00e4t aus. Die Lycra-\u00c4rmel passen perfekt zu Ihrem Arm und sorgen f\u00fcr ein \u00e4u\u00dferst angenehmes Tragegef\u00fchl. Der Schulterbereich besteht aus pillingbest\u00e4ndigem COOLTECH-Gewebe, das den Kontakt mit dem Rucksack verhindert. Sein Stoff hat eine hohe Trocknungskapazit\u00e4t und h\u00e4lt Ihren K\u00f6rper trocken. Es verf\u00fcgt \u00fcber einen kurzen Rei\u00dfverschluss auf der Brust, sodass Sie die Bel\u00fcftung w\u00e4hrend des Rennens regulieren k\u00f6nnen. Auf beiden Seiten finden Sie eine Gittertasche zur bequemen Aufbewahrung von Gels und N\u00e4hrstoffriegeln. Die antibakteriellen Eigenschaften und der weiche Griff machen dieses Kleidungsst\u00fcck zum idealen Kleidungsst\u00fcck f\u00fcr lange Trainingseinheiten. Genie\u00dfen Sie Outdoor-Sport, egal wie hei\u00df es wird.\" \/>\n<meta name=\"robots\" content=\"index, follow, max-snippet:-1, max-image-preview:large, max-video-preview:-1\" \/>\n<link rel=\"canonical\" href=\"https:\/\/www.inverseteams.com\/de\/produkt\/personalisiertes-lycra-kurzarm-trailrunning-shirt-ultra\/\" \/>\n<meta property=\"og:locale\" content=\"de_DE\" \/>\n<meta property=\"og:type\" content=\"article\" \/>\n<meta property=\"og:title\" content=\"Personalisiertes Lycra-Kurzarm Trailrunning Shirt ULTRA\" \/>\n<meta property=\"og:description\" content=\"Sehr leichtes technisches T-Shirt, ideal f\u00fcr Wettkampf und Training. Es zeichnet sich durch seine hohe Widerstandsf\u00e4higkeit und Schwei\u00dfkapazit\u00e4t aus. Die Lycra-\u00c4rmel passen perfekt zu Ihrem Arm und sorgen f\u00fcr ein \u00e4u\u00dferst angenehmes Tragegef\u00fchl. Der Schulterbereich besteht aus pillingbest\u00e4ndigem COOLTECH-Gewebe, das den Kontakt mit dem Rucksack verhindert. Sein Stoff hat eine hohe Trocknungskapazit\u00e4t und h\u00e4lt Ihren K\u00f6rper trocken. Es verf\u00fcgt \u00fcber einen kurzen Rei\u00dfverschluss auf der Brust, sodass Sie die Bel\u00fcftung w\u00e4hrend des Rennens regulieren k\u00f6nnen. Auf beiden Seiten finden Sie eine Gittertasche zur bequemen Aufbewahrung von Gels und N\u00e4hrstoffriegeln. Die antibakteriellen Eigenschaften und der weiche Griff machen dieses Kleidungsst\u00fcck zum idealen Kleidungsst\u00fcck f\u00fcr lange Trainingseinheiten. Genie\u00dfen Sie Outdoor-Sport, egal wie hei\u00df es wird.\" \/>\n<meta property=\"og:url\" content=\"https:\/\/www.inverseteams.com\/de\/produkt\/personalisiertes-lycra-kurzarm-trailrunning-shirt-ultra\/\" \/>\n<meta property=\"og:site_name\" content=\"Inverseteams\" \/>\n<meta property=\"article:publisher\" content=\"https:\/\/www.facebook.com\/inverseteams\" \/>\n<meta property=\"article:modified_time\" content=\"2024-01-29T12:09:02+00:00\" \/>\n<meta property=\"og:image\" content=\"https:\/\/www.inverseteams.com\/wp-content\/uploads\/CAMISETA-MC-AEREO-ULTRA-1.jpg\" \/>\n\t<meta property=\"og:image:width\" content=\"3222\" \/>\n\t<meta property=\"og:image:height\" content=\"3462\" \/>\n\t<meta property=\"og:image:type\" content=\"image\/jpeg\" \/>\n<meta name=\"twitter:card\" content=\"summary_large_image\" \/>\n<meta name=\"twitter:label1\" content=\"Gesch\u00e4tzte Lesezeit\" \/>\n\t<meta name=\"twitter:data1\" content=\"1\u00a0Minute\" \/>\n<script type=\"application\/ld+json\" class=\"yoast-schema-graph\">{\"@context\":\"https:\\\/\\\/schema.org\",\"@graph\":[{\"@type\":\"WebPage\",\"@id\":\"https:\\\/\\\/www.inverseteams.com\\\/de\\\/produkt\\\/personalisiertes-lycra-kurzarm-trailrunning-shirt-ultra\\\/\",\"url\":\"https:\\\/\\\/www.inverseteams.com\\\/de\\\/produkt\\\/personalisiertes-lycra-kurzarm-trailrunning-shirt-ultra\\\/\",\"name\":\"Personalisiertes Lycra-Kurzarm Trailrunning Shirt ULTRA\",\"isPartOf\":{\"@id\":\"https:\\\/\\\/www.inverseteams.com\\\/de\\\/#website\"},\"primaryImageOfPage\":{\"@id\":\"https:\\\/\\\/www.inverseteams.com\\\/de\\\/produkt\\\/personalisiertes-lycra-kurzarm-trailrunning-shirt-ultra\\\/#primaryimage\"},\"image\":{\"@id\":\"https:\\\/\\\/www.inverseteams.com\\\/de\\\/produkt\\\/personalisiertes-lycra-kurzarm-trailrunning-shirt-ultra\\\/#primaryimage\"},\"thumbnailUrl\":\"https:\\\/\\\/www.inverseteams.com\\\/wp-content\\\/uploads\\\/CAMISETA-MC-AEREO-ULTRA-1.jpg\",\"datePublished\":\"2021-05-10T09:18:27+00:00\",\"dateModified\":\"2024-01-29T12:09:02+00:00\",\"description\":\"Sehr leichtes technisches T-Shirt, ideal f\u00fcr Wettkampf und Training. Es zeichnet sich durch seine hohe Widerstandsf\u00e4higkeit und Schwei\u00dfkapazit\u00e4t aus. Die Lycra-\u00c4rmel passen perfekt zu Ihrem Arm und sorgen f\u00fcr ein \u00e4u\u00dferst angenehmes Tragegef\u00fchl. Der Schulterbereich besteht aus pillingbest\u00e4ndigem COOLTECH-Gewebe, das den Kontakt mit dem Rucksack verhindert. Sein Stoff hat eine hohe Trocknungskapazit\u00e4t und h\u00e4lt Ihren K\u00f6rper trocken. Es verf\u00fcgt \u00fcber einen kurzen Rei\u00dfverschluss auf der Brust, sodass Sie die Bel\u00fcftung w\u00e4hrend des Rennens regulieren k\u00f6nnen. Auf beiden Seiten finden Sie eine Gittertasche zur bequemen Aufbewahrung von Gels und N\u00e4hrstoffriegeln. Die antibakteriellen Eigenschaften und der weiche Griff machen dieses Kleidungsst\u00fcck zum idealen Kleidungsst\u00fcck f\u00fcr lange Trainingseinheiten. Genie\u00dfen Sie Outdoor-Sport, egal wie hei\u00df es wird.\",\"breadcrumb\":{\"@id\":\"https:\\\/\\\/www.inverseteams.com\\\/de\\\/produkt\\\/personalisiertes-lycra-kurzarm-trailrunning-shirt-ultra\\\/#breadcrumb\"},\"inLanguage\":\"de\",\"potentialAction\":[{\"@type\":\"ReadAction\",\"target\":[\"https:\\\/\\\/www.inverseteams.com\\\/de\\\/produkt\\\/personalisiertes-lycra-kurzarm-trailrunning-shirt-ultra\\\/\"]}]},{\"@type\":\"ImageObject\",\"inLanguage\":\"de\",\"@id\":\"https:\\\/\\\/www.inverseteams.com\\\/de\\\/produkt\\\/personalisiertes-lycra-kurzarm-trailrunning-shirt-ultra\\\/#primaryimage\",\"url\":\"https:\\\/\\\/www.inverseteams.com\\\/wp-content\\\/uploads\\\/CAMISETA-MC-AEREO-ULTRA-1.jpg\",\"contentUrl\":\"https:\\\/\\\/www.inverseteams.com\\\/wp-content\\\/uploads\\\/CAMISETA-MC-AEREO-ULTRA-1.jpg\",\"width\":3222,\"height\":3462,\"caption\":\"camiseta manga lycra trail running personalizable\"},{\"@type\":\"BreadcrumbList\",\"@id\":\"https:\\\/\\\/www.inverseteams.com\\\/de\\\/produkt\\\/personalisiertes-lycra-kurzarm-trailrunning-shirt-ultra\\\/#breadcrumb\",\"itemListElement\":[{\"@type\":\"ListItem\",\"position\":1,\"name\":\"Portada\",\"item\":\"https:\\\/\\\/www.inverseteams.com\\\/de\\\/\"},{\"@type\":\"ListItem\",\"position\":2,\"name\":\"Speichern\",\"item\":\"https:\\\/\\\/www.inverseteams.com\\\/de\\\/speichern\\\/\"},{\"@type\":\"ListItem\",\"position\":3,\"name\":\"Personalisiertes Lycra-Kurzarm Trailrunning Shirt ULTRA\"}]},{\"@type\":\"WebSite\",\"@id\":\"https:\\\/\\\/www.inverseteams.com\\\/de\\\/#website\",\"url\":\"https:\\\/\\\/www.inverseteams.com\\\/de\\\/\",\"name\":\"Inverseteams\",\"description\":\"Tu marca de ropa deportiva personalizada\",\"publisher\":{\"@id\":\"https:\\\/\\\/www.inverseteams.com\\\/de\\\/#organization\"},\"potentialAction\":[{\"@type\":\"SearchAction\",\"target\":{\"@type\":\"EntryPoint\",\"urlTemplate\":\"https:\\\/\\\/www.inverseteams.com\\\/de\\\/?s={search_term_string}\"},\"query-input\":{\"@type\":\"PropertyValueSpecification\",\"valueRequired\":true,\"valueName\":\"search_term_string\"}}],\"inLanguage\":\"de\"},{\"@type\":\"Organization\",\"@id\":\"https:\\\/\\\/www.inverseteams.com\\\/de\\\/#organization\",\"name\":\"Inverse Teams\",\"url\":\"https:\\\/\\\/www.inverseteams.com\\\/de\\\/\",\"logo\":{\"@type\":\"ImageObject\",\"inLanguage\":\"de\",\"@id\":\"https:\\\/\\\/www.inverseteams.com\\\/de\\\/#\\\/schema\\\/logo\\\/image\\\/\",\"url\":\"https:\\\/\\\/www.inverseteams.com\\\/wp-content\\\/uploads\\\/2021\\\/03\\\/logo-inverse-teams.png\",\"contentUrl\":\"https:\\\/\\\/www.inverseteams.com\\\/wp-content\\\/uploads\\\/2021\\\/03\\\/logo-inverse-teams.png\",\"width\":294,\"height\":99,\"caption\":\"Inverse Teams\"},\"image\":{\"@id\":\"https:\\\/\\\/www.inverseteams.com\\\/de\\\/#\\\/schema\\\/logo\\\/image\\\/\"},\"sameAs\":[\"https:\\\/\\\/www.facebook.com\\\/inverseteams\",\"http:\\\/\\\/instagram.com\\\/inverseteams\",\"https:\\\/\\\/www.linkedin.com\\\/company\\\/inverse-cirosport-s-l-?trk=job_view_topcard_company_name\",\"http:\\\/\\\/www.pinterest.com\\\/inverseteams\\\/\",\"http:\\\/\\\/www.youtube.com\\\/user\\\/inverseteams?feature=watch\"]}]}<\/script>\n<!-- \/ Yoast SEO plugin. -->","yoast_head_json":{"title":"Personalisiertes Lycra-Kurzarm Trailrunning Shirt ULTRA","description":"Sehr leichtes technisches T-Shirt, ideal f\u00fcr Wettkampf und Training. Es zeichnet sich durch seine hohe Widerstandsf\u00e4higkeit und Schwei\u00dfkapazit\u00e4t aus. Die Lycra-\u00c4rmel passen perfekt zu Ihrem Arm und sorgen f\u00fcr ein \u00e4u\u00dferst angenehmes Tragegef\u00fchl. Der Schulterbereich besteht aus pillingbest\u00e4ndigem COOLTECH-Gewebe, das den Kontakt mit dem Rucksack verhindert. Sein Stoff hat eine hohe Trocknungskapazit\u00e4t und h\u00e4lt Ihren K\u00f6rper trocken. Es verf\u00fcgt \u00fcber einen kurzen Rei\u00dfverschluss auf der Brust, sodass Sie die Bel\u00fcftung w\u00e4hrend des Rennens regulieren k\u00f6nnen. Auf beiden Seiten finden Sie eine Gittertasche zur bequemen Aufbewahrung von Gels und N\u00e4hrstoffriegeln. Die antibakteriellen Eigenschaften und der weiche Griff machen dieses Kleidungsst\u00fcck zum idealen Kleidungsst\u00fcck f\u00fcr lange Trainingseinheiten. Genie\u00dfen Sie Outdoor-Sport, egal wie hei\u00df es wird.","robots":{"index":"index","follow":"follow","max-snippet":"max-snippet:-1","max-image-preview":"max-image-preview:large","max-video-preview":"max-video-preview:-1"},"canonical":"https:\/\/www.inverseteams.com\/de\/produkt\/personalisiertes-lycra-kurzarm-trailrunning-shirt-ultra\/","og_locale":"de_DE","og_type":"article","og_title":"Personalisiertes Lycra-Kurzarm Trailrunning Shirt ULTRA","og_description":"Sehr leichtes technisches T-Shirt, ideal f\u00fcr Wettkampf und Training. Es zeichnet sich durch seine hohe Widerstandsf\u00e4higkeit und Schwei\u00dfkapazit\u00e4t aus. Die Lycra-\u00c4rmel passen perfekt zu Ihrem Arm und sorgen f\u00fcr ein \u00e4u\u00dferst angenehmes Tragegef\u00fchl. Der Schulterbereich besteht aus pillingbest\u00e4ndigem COOLTECH-Gewebe, das den Kontakt mit dem Rucksack verhindert. Sein Stoff hat eine hohe Trocknungskapazit\u00e4t und h\u00e4lt Ihren K\u00f6rper trocken. Es verf\u00fcgt \u00fcber einen kurzen Rei\u00dfverschluss auf der Brust, sodass Sie die Bel\u00fcftung w\u00e4hrend des Rennens regulieren k\u00f6nnen. Auf beiden Seiten finden Sie eine Gittertasche zur bequemen Aufbewahrung von Gels und N\u00e4hrstoffriegeln. Die antibakteriellen Eigenschaften und der weiche Griff machen dieses Kleidungsst\u00fcck zum idealen Kleidungsst\u00fcck f\u00fcr lange Trainingseinheiten. Genie\u00dfen Sie Outdoor-Sport, egal wie hei\u00df es wird.","og_url":"https:\/\/www.inverseteams.com\/de\/produkt\/personalisiertes-lycra-kurzarm-trailrunning-shirt-ultra\/","og_site_name":"Inverseteams","article_publisher":"https:\/\/www.facebook.com\/inverseteams","article_modified_time":"2024-01-29T12:09:02+00:00","og_image":[{"width":3222,"height":3462,"url":"https:\/\/www.inverseteams.com\/wp-content\/uploads\/CAMISETA-MC-AEREO-ULTRA-1.jpg","type":"image\/jpeg"}],"twitter_card":"summary_large_image","twitter_misc":{"Gesch\u00e4tzte Lesezeit":"1\u00a0Minute"},"schema":{"@context":"https:\/\/schema.org","@graph":[{"@type":"WebPage","@id":"https:\/\/www.inverseteams.com\/de\/produkt\/personalisiertes-lycra-kurzarm-trailrunning-shirt-ultra\/","url":"https:\/\/www.inverseteams.com\/de\/produkt\/personalisiertes-lycra-kurzarm-trailrunning-shirt-ultra\/","name":"Personalisiertes Lycra-Kurzarm Trailrunning Shirt ULTRA","isPartOf":{"@id":"https:\/\/www.inverseteams.com\/de\/#website"},"primaryImageOfPage":{"@id":"https:\/\/www.inverseteams.com\/de\/produkt\/personalisiertes-lycra-kurzarm-trailrunning-shirt-ultra\/#primaryimage"},"image":{"@id":"https:\/\/www.inverseteams.com\/de\/produkt\/personalisiertes-lycra-kurzarm-trailrunning-shirt-ultra\/#primaryimage"},"thumbnailUrl":"https:\/\/www.inverseteams.com\/wp-content\/uploads\/CAMISETA-MC-AEREO-ULTRA-1.jpg","datePublished":"2021-05-10T09:18:27+00:00","dateModified":"2024-01-29T12:09:02+00:00","description":"Sehr leichtes technisches T-Shirt, ideal f\u00fcr Wettkampf und Training. Es zeichnet sich durch seine hohe Widerstandsf\u00e4higkeit und Schwei\u00dfkapazit\u00e4t aus. Die Lycra-\u00c4rmel passen perfekt zu Ihrem Arm und sorgen f\u00fcr ein \u00e4u\u00dferst angenehmes Tragegef\u00fchl. Der Schulterbereich besteht aus pillingbest\u00e4ndigem COOLTECH-Gewebe, das den Kontakt mit dem Rucksack verhindert. Sein Stoff hat eine hohe Trocknungskapazit\u00e4t und h\u00e4lt Ihren K\u00f6rper trocken. Es verf\u00fcgt \u00fcber einen kurzen Rei\u00dfverschluss auf der Brust, sodass Sie die Bel\u00fcftung w\u00e4hrend des Rennens regulieren k\u00f6nnen. Auf beiden Seiten finden Sie eine Gittertasche zur bequemen Aufbewahrung von Gels und N\u00e4hrstoffriegeln. Die antibakteriellen Eigenschaften und der weiche Griff machen dieses Kleidungsst\u00fcck zum idealen Kleidungsst\u00fcck f\u00fcr lange Trainingseinheiten. Genie\u00dfen Sie Outdoor-Sport, egal wie hei\u00df es wird.","breadcrumb":{"@id":"https:\/\/www.inverseteams.com\/de\/produkt\/personalisiertes-lycra-kurzarm-trailrunning-shirt-ultra\/#breadcrumb"},"inLanguage":"de","potentialAction":[{"@type":"ReadAction","target":["https:\/\/www.inverseteams.com\/de\/produkt\/personalisiertes-lycra-kurzarm-trailrunning-shirt-ultra\/"]}]},{"@type":"ImageObject","inLanguage":"de","@id":"https:\/\/www.inverseteams.com\/de\/produkt\/personalisiertes-lycra-kurzarm-trailrunning-shirt-ultra\/#primaryimage","url":"https:\/\/www.inverseteams.com\/wp-content\/uploads\/CAMISETA-MC-AEREO-ULTRA-1.jpg","contentUrl":"https:\/\/www.inverseteams.com\/wp-content\/uploads\/CAMISETA-MC-AEREO-ULTRA-1.jpg","width":3222,"height":3462,"caption":"camiseta manga lycra trail running personalizable"},{"@type":"BreadcrumbList","@id":"https:\/\/www.inverseteams.com\/de\/produkt\/personalisiertes-lycra-kurzarm-trailrunning-shirt-ultra\/#breadcrumb","itemListElement":[{"@type":"ListItem","position":1,"name":"Portada","item":"https:\/\/www.inverseteams.com\/de\/"},{"@type":"ListItem","position":2,"name":"Speichern","item":"https:\/\/www.inverseteams.com\/de\/speichern\/"},{"@type":"ListItem","position":3,"name":"Personalisiertes Lycra-Kurzarm Trailrunning Shirt ULTRA"}]},{"@type":"WebSite","@id":"https:\/\/www.inverseteams.com\/de\/#website","url":"https:\/\/www.inverseteams.com\/de\/","name":"Inverseteams","description":"Tu marca de ropa deportiva personalizada","publisher":{"@id":"https:\/\/www.inverseteams.com\/de\/#organization"},"potentialAction":[{"@type":"SearchAction","target":{"@type":"EntryPoint","urlTemplate":"https:\/\/www.inverseteams.com\/de\/?s={search_term_string}"},"query-input":{"@type":"PropertyValueSpecification","valueRequired":true,"valueName":"search_term_string"}}],"inLanguage":"de"},{"@type":"Organization","@id":"https:\/\/www.inverseteams.com\/de\/#organization","name":"Inverse Teams","url":"https:\/\/www.inverseteams.com\/de\/","logo":{"@type":"ImageObject","inLanguage":"de","@id":"https:\/\/www.inverseteams.com\/de\/#\/schema\/logo\/image\/","url":"https:\/\/www.inverseteams.com\/wp-content\/uploads\/2021\/03\/logo-inverse-teams.png","contentUrl":"https:\/\/www.inverseteams.com\/wp-content\/uploads\/2021\/03\/logo-inverse-teams.png","width":294,"height":99,"caption":"Inverse Teams"},"image":{"@id":"https:\/\/www.inverseteams.com\/de\/#\/schema\/logo\/image\/"},"sameAs":["https:\/\/www.facebook.com\/inverseteams","http:\/\/instagram.com\/inverseteams","https:\/\/www.linkedin.com\/company\/inverse-cirosport-s-l-?trk=job_view_topcard_company_name","http:\/\/www.pinterest.com\/inverseteams\/","http:\/\/www.youtube.com\/user\/inverseteams?feature=watch"]}]}},"_links":{"self":[{"href":"https:\/\/www.inverseteams.com\/de\/wp-json\/wp\/v2\/product\/173874","targetHints":{"allow":["GET"]}}],"collection":[{"href":"https:\/\/www.inverseteams.com\/de\/wp-json\/wp\/v2\/product"}],"about":[{"href":"https:\/\/www.inverseteams.com\/de\/wp-json\/wp\/v2\/types\/product"}],"replies":[{"embeddable":true,"href":"https:\/\/www.inverseteams.com\/de\/wp-json\/wp\/v2\/comments?post=173874"}],"wp:featuredmedia":[{"embeddable":true,"href":"https:\/\/www.inverseteams.com\/de\/wp-json\/wp\/v2\/media\/165390"}],"wp:attachment":[{"href":"https:\/\/www.inverseteams.com\/de\/wp-json\/wp\/v2\/media?parent=173874"}],"wp:term":[{"taxonomy":"product_brand","embeddable":true,"href":"https:\/\/www.inverseteams.com\/de\/wp-json\/wp\/v2\/product_brand?post=173874"},{"taxonomy":"product_cat","embeddable":true,"href":"https:\/\/www.inverseteams.com\/de\/wp-json\/wp\/v2\/product_cat?post=173874"},{"taxonomy":"product_tag","embeddable":true,"href":"https:\/\/www.inverseteams.com\/de\/wp-json\/wp\/v2\/product_tag?post=173874"},{"taxonomy":"custom_category","embeddable":true,"href":"https:\/\/www.inverseteams.com\/de\/wp-json\/wp\/v2\/custom_category?post=173874"},{"taxonomy":"range","embeddable":true,"href":"https:\/\/www.inverseteams.com\/de\/wp-json\/wp\/v2\/range?post=173874"}],"curies":[{"name":"wp","href":"https:\/\/api.w.org\/{rel}","templated":true}]}}