{"id":173871,"date":"2021-05-10T08:31:50","date_gmt":"2021-05-10T09:18:40","guid":{"rendered":"https:\/\/www.inverseteams.com\/product\/trail-running-singlet-extrem\/"},"modified":"2024-01-29T14:21:29","modified_gmt":"2024-01-29T14:21:29","slug":"personalisiertes-trailrunning-tanktop-extrem","status":"publish","type":"product","link":"https:\/\/www.inverseteams.com\/de\/produkt\/personalisiertes-trailrunning-tanktop-extrem\/","title":{"rendered":"Personalisiertes Trailrunning Tanktop EXTREM"},"content":{"rendered":"<p>Superleichtes technisches T-Shirt, ideal f\u00fcr Training und Wettkampf. Sein Stoff mit offener Struktur sorgt f\u00fcr einen schnellen Abtransport der K\u00f6rperfeuchtigkeit und h\u00e4lt die Haut trocken und frisch. Dar\u00fcber hinaus verf\u00fcgt es \u00fcber eine hohe Trocknungskapazit\u00e4t und Sie k\u00f6nnen bequem laufen.<br \/>\nDer elastische Halsbesatz f\u00fchlt sich wirklich angenehm an und schmiegt sich perfekt an den K\u00f6rper an, ohne Kratzer zu verursachen. Die verschiedenen Teile des Oberteils sind mit sehr widerstandsf\u00e4higen Flachn\u00e4hten gen\u00e4ht, die die Qualit\u00e4t des Kleidungsst\u00fccks erh\u00f6hen, Ihren Komfort erh\u00f6hen und f\u00fcr ein attraktiveres Design sorgen.<br \/>\nAuf beiden Seiten befindet sich eine Gittertasche, in der Sie bequem N\u00e4hrstoffriegel tragen k\u00f6nnen.<\/p>\n","protected":false},"excerpt":{"rendered":"<p>Superleichtes technisches T-Shirt, ideal f\u00fcr Training und Wettkampf. Sein Stoff mit offener Struktur sorgt f\u00fcr einen schnellen Abtransport der K\u00f6rperfeuchtigkeit und h\u00e4lt die Haut trocken und frisch. Dar\u00fcber hinaus verf\u00fcgt es \u00fcber eine hohe Trocknungskapazit\u00e4t und Sie k\u00f6nnen bequem laufen.<br \/>\nDer elastische Halsbesatz f\u00fchlt sich wirklich angenehm an und schmiegt sich perfekt an den K\u00f6rper an, ohne Kratzer zu verursachen. Die verschiedenen Teile des Oberteils sind mit sehr widerstandsf\u00e4higen Flachn\u00e4hten gen\u00e4ht, die die Qualit\u00e4t des Kleidungsst\u00fccks erh\u00f6hen, Ihren Komfort erh\u00f6hen und f\u00fcr ein attraktiveres Design sorgen.<br \/>\nAuf beiden Seiten befindet sich eine Gittertasche, in der Sie bequem N\u00e4hrstoffriegel tragen k\u00f6nnen.<\/p>\n","protected":false},"featured_media":165383,"comment_status":"closed","ping_status":"closed","template":"","meta":{"_acf_changed":false},"product_brand":[],"product_cat":[11218],"product_tag":[],"custom_category":[11327,11240,11328],"range":[11331],"class_list":{"0":"post-173871","1":"product","2":"type-product","3":"status-publish","4":"has-post-thumbnail","6":"product_cat-uncategorized-de","7":"pa_climatologia-calor-de","8":"pa_deporte-trail-de","9":"pa_genero-hombre-de","10":"pa_genero-mujer-de","11":"pa_genero-infantil-de","12":"pa_patronaje-regular-de","13":"pa_tipo-de-prenda-camiseta-de","14":"custom_category-personalisierte-trailrunningshirts","15":"custom_category-sport","16":"custom_category-personalisierte-trailrunningbekleidung","17":"range-extrem-de","19":"first","20":"instock","21":"product-type-custom"},"acf":[],"yoast_head":"<!-- This site is optimized with the Yoast SEO plugin v27.5 - https:\/\/yoast.com\/product\/yoast-seo-wordpress\/ -->\n<title>Personalisiertes Trailrunning Tanktop EXTREM<\/title>\n<meta name=\"description\" content=\"Superleichtes technisches T-Shirt, ideal f\u00fcr Training und Wettkampf. Sein Stoff mit offener Struktur sorgt f\u00fcr einen schnellen Abtransport der K\u00f6rperfeuchtigkeit und h\u00e4lt die Haut trocken und frisch. Dar\u00fcber hinaus verf\u00fcgt es \u00fcber eine hohe Trocknungskapazit\u00e4t und Sie k\u00f6nnen bequem laufen. Der elastische Halsbesatz f\u00fchlt sich wirklich angenehm an und schmiegt sich perfekt an den K\u00f6rper an, ohne Kratzer zu verursachen. Die verschiedenen Teile des Oberteils sind mit sehr widerstandsf\u00e4higen Flachn\u00e4hten gen\u00e4ht, die die Qualit\u00e4t des Kleidungsst\u00fccks erh\u00f6hen, Ihren Komfort erh\u00f6hen und f\u00fcr ein attraktiveres Design sorgen. Auf beiden Seiten befindet sich eine Gittertasche, in der Sie bequem N\u00e4hrstoffriegel tragen k\u00f6nnen.\" \/>\n<meta name=\"robots\" content=\"index, follow, max-snippet:-1, max-image-preview:large, max-video-preview:-1\" \/>\n<link rel=\"canonical\" href=\"https:\/\/www.inverseteams.com\/de\/produkt\/personalisiertes-trailrunning-tanktop-extrem\/\" \/>\n<meta property=\"og:locale\" content=\"de_DE\" \/>\n<meta property=\"og:type\" content=\"article\" \/>\n<meta property=\"og:title\" content=\"Personalisiertes Trailrunning Tanktop EXTREM\" \/>\n<meta property=\"og:description\" content=\"Superleichtes technisches T-Shirt, ideal f\u00fcr Training und Wettkampf. Sein Stoff mit offener Struktur sorgt f\u00fcr einen schnellen Abtransport der K\u00f6rperfeuchtigkeit und h\u00e4lt die Haut trocken und frisch. Dar\u00fcber hinaus verf\u00fcgt es \u00fcber eine hohe Trocknungskapazit\u00e4t und Sie k\u00f6nnen bequem laufen. Der elastische Halsbesatz f\u00fchlt sich wirklich angenehm an und schmiegt sich perfekt an den K\u00f6rper an, ohne Kratzer zu verursachen. Die verschiedenen Teile des Oberteils sind mit sehr widerstandsf\u00e4higen Flachn\u00e4hten gen\u00e4ht, die die Qualit\u00e4t des Kleidungsst\u00fccks erh\u00f6hen, Ihren Komfort erh\u00f6hen und f\u00fcr ein attraktiveres Design sorgen. Auf beiden Seiten befindet sich eine Gittertasche, in der Sie bequem N\u00e4hrstoffriegel tragen k\u00f6nnen.\" \/>\n<meta property=\"og:url\" content=\"https:\/\/www.inverseteams.com\/de\/produkt\/personalisiertes-trailrunning-tanktop-extrem\/\" \/>\n<meta property=\"og:site_name\" content=\"Inverseteams\" \/>\n<meta property=\"article:publisher\" content=\"https:\/\/www.facebook.com\/inverseteams\" \/>\n<meta property=\"article:modified_time\" content=\"2024-01-29T14:21:29+00:00\" \/>\n<meta property=\"og:image\" content=\"https:\/\/www.inverseteams.com\/wp-content\/uploads\/CAMISETA-SM-EXTREM-1.jpg\" \/>\n\t<meta property=\"og:image:width\" content=\"3222\" \/>\n\t<meta property=\"og:image:height\" content=\"3462\" \/>\n\t<meta property=\"og:image:type\" content=\"image\/jpeg\" \/>\n<meta name=\"twitter:card\" content=\"summary_large_image\" \/>\n<meta name=\"twitter:label1\" content=\"Gesch\u00e4tzte Lesezeit\" \/>\n\t<meta name=\"twitter:data1\" content=\"1\u00a0Minute\" \/>\n<script type=\"application\/ld+json\" class=\"yoast-schema-graph\">{\"@context\":\"https:\\\/\\\/schema.org\",\"@graph\":[{\"@type\":\"WebPage\",\"@id\":\"https:\\\/\\\/www.inverseteams.com\\\/de\\\/produkt\\\/personalisiertes-trailrunning-tanktop-extrem\\\/\",\"url\":\"https:\\\/\\\/www.inverseteams.com\\\/de\\\/produkt\\\/personalisiertes-trailrunning-tanktop-extrem\\\/\",\"name\":\"Personalisiertes Trailrunning Tanktop EXTREM\",\"isPartOf\":{\"@id\":\"https:\\\/\\\/www.inverseteams.com\\\/de\\\/#website\"},\"primaryImageOfPage\":{\"@id\":\"https:\\\/\\\/www.inverseteams.com\\\/de\\\/produkt\\\/personalisiertes-trailrunning-tanktop-extrem\\\/#primaryimage\"},\"image\":{\"@id\":\"https:\\\/\\\/www.inverseteams.com\\\/de\\\/produkt\\\/personalisiertes-trailrunning-tanktop-extrem\\\/#primaryimage\"},\"thumbnailUrl\":\"https:\\\/\\\/www.inverseteams.com\\\/wp-content\\\/uploads\\\/CAMISETA-SM-EXTREM-1.jpg\",\"datePublished\":\"2021-05-10T09:18:40+00:00\",\"dateModified\":\"2024-01-29T14:21:29+00:00\",\"description\":\"Superleichtes technisches T-Shirt, ideal f\u00fcr Training und Wettkampf. Sein Stoff mit offener Struktur sorgt f\u00fcr einen schnellen Abtransport der K\u00f6rperfeuchtigkeit und h\u00e4lt die Haut trocken und frisch. Dar\u00fcber hinaus verf\u00fcgt es \u00fcber eine hohe Trocknungskapazit\u00e4t und Sie k\u00f6nnen bequem laufen. Der elastische Halsbesatz f\u00fchlt sich wirklich angenehm an und schmiegt sich perfekt an den K\u00f6rper an, ohne Kratzer zu verursachen. Die verschiedenen Teile des Oberteils sind mit sehr widerstandsf\u00e4higen Flachn\u00e4hten gen\u00e4ht, die die Qualit\u00e4t des Kleidungsst\u00fccks erh\u00f6hen, Ihren Komfort erh\u00f6hen und f\u00fcr ein attraktiveres Design sorgen. Auf beiden Seiten befindet sich eine Gittertasche, in der Sie bequem N\u00e4hrstoffriegel tragen k\u00f6nnen.\",\"breadcrumb\":{\"@id\":\"https:\\\/\\\/www.inverseteams.com\\\/de\\\/produkt\\\/personalisiertes-trailrunning-tanktop-extrem\\\/#breadcrumb\"},\"inLanguage\":\"de\",\"potentialAction\":[{\"@type\":\"ReadAction\",\"target\":[\"https:\\\/\\\/www.inverseteams.com\\\/de\\\/produkt\\\/personalisiertes-trailrunning-tanktop-extrem\\\/\"]}]},{\"@type\":\"ImageObject\",\"inLanguage\":\"de\",\"@id\":\"https:\\\/\\\/www.inverseteams.com\\\/de\\\/produkt\\\/personalisiertes-trailrunning-tanktop-extrem\\\/#primaryimage\",\"url\":\"https:\\\/\\\/www.inverseteams.com\\\/wp-content\\\/uploads\\\/CAMISETA-SM-EXTREM-1.jpg\",\"contentUrl\":\"https:\\\/\\\/www.inverseteams.com\\\/wp-content\\\/uploads\\\/CAMISETA-SM-EXTREM-1.jpg\",\"width\":3222,\"height\":3462,\"caption\":\"camiseta sin mangas sky running personalizada\"},{\"@type\":\"BreadcrumbList\",\"@id\":\"https:\\\/\\\/www.inverseteams.com\\\/de\\\/produkt\\\/personalisiertes-trailrunning-tanktop-extrem\\\/#breadcrumb\",\"itemListElement\":[{\"@type\":\"ListItem\",\"position\":1,\"name\":\"Portada\",\"item\":\"https:\\\/\\\/www.inverseteams.com\\\/de\\\/\"},{\"@type\":\"ListItem\",\"position\":2,\"name\":\"Speichern\",\"item\":\"https:\\\/\\\/www.inverseteams.com\\\/de\\\/speichern\\\/\"},{\"@type\":\"ListItem\",\"position\":3,\"name\":\"Personalisiertes Trailrunning Tanktop EXTREM\"}]},{\"@type\":\"WebSite\",\"@id\":\"https:\\\/\\\/www.inverseteams.com\\\/de\\\/#website\",\"url\":\"https:\\\/\\\/www.inverseteams.com\\\/de\\\/\",\"name\":\"Inverseteams\",\"description\":\"Tu marca de ropa deportiva personalizada\",\"publisher\":{\"@id\":\"https:\\\/\\\/www.inverseteams.com\\\/de\\\/#organization\"},\"potentialAction\":[{\"@type\":\"SearchAction\",\"target\":{\"@type\":\"EntryPoint\",\"urlTemplate\":\"https:\\\/\\\/www.inverseteams.com\\\/de\\\/?s={search_term_string}\"},\"query-input\":{\"@type\":\"PropertyValueSpecification\",\"valueRequired\":true,\"valueName\":\"search_term_string\"}}],\"inLanguage\":\"de\"},{\"@type\":\"Organization\",\"@id\":\"https:\\\/\\\/www.inverseteams.com\\\/de\\\/#organization\",\"name\":\"Inverse Teams\",\"url\":\"https:\\\/\\\/www.inverseteams.com\\\/de\\\/\",\"logo\":{\"@type\":\"ImageObject\",\"inLanguage\":\"de\",\"@id\":\"https:\\\/\\\/www.inverseteams.com\\\/de\\\/#\\\/schema\\\/logo\\\/image\\\/\",\"url\":\"https:\\\/\\\/www.inverseteams.com\\\/wp-content\\\/uploads\\\/2021\\\/03\\\/logo-inverse-teams.png\",\"contentUrl\":\"https:\\\/\\\/www.inverseteams.com\\\/wp-content\\\/uploads\\\/2021\\\/03\\\/logo-inverse-teams.png\",\"width\":294,\"height\":99,\"caption\":\"Inverse Teams\"},\"image\":{\"@id\":\"https:\\\/\\\/www.inverseteams.com\\\/de\\\/#\\\/schema\\\/logo\\\/image\\\/\"},\"sameAs\":[\"https:\\\/\\\/www.facebook.com\\\/inverseteams\",\"http:\\\/\\\/instagram.com\\\/inverseteams\",\"https:\\\/\\\/www.linkedin.com\\\/company\\\/inverse-cirosport-s-l-?trk=job_view_topcard_company_name\",\"http:\\\/\\\/www.pinterest.com\\\/inverseteams\\\/\",\"http:\\\/\\\/www.youtube.com\\\/user\\\/inverseteams?feature=watch\"]}]}<\/script>\n<!-- \/ Yoast SEO plugin. -->","yoast_head_json":{"title":"Personalisiertes Trailrunning Tanktop EXTREM","description":"Superleichtes technisches T-Shirt, ideal f\u00fcr Training und Wettkampf. Sein Stoff mit offener Struktur sorgt f\u00fcr einen schnellen Abtransport der K\u00f6rperfeuchtigkeit und h\u00e4lt die Haut trocken und frisch. Dar\u00fcber hinaus verf\u00fcgt es \u00fcber eine hohe Trocknungskapazit\u00e4t und Sie k\u00f6nnen bequem laufen. Der elastische Halsbesatz f\u00fchlt sich wirklich angenehm an und schmiegt sich perfekt an den K\u00f6rper an, ohne Kratzer zu verursachen. Die verschiedenen Teile des Oberteils sind mit sehr widerstandsf\u00e4higen Flachn\u00e4hten gen\u00e4ht, die die Qualit\u00e4t des Kleidungsst\u00fccks erh\u00f6hen, Ihren Komfort erh\u00f6hen und f\u00fcr ein attraktiveres Design sorgen. Auf beiden Seiten befindet sich eine Gittertasche, in der Sie bequem N\u00e4hrstoffriegel tragen k\u00f6nnen.","robots":{"index":"index","follow":"follow","max-snippet":"max-snippet:-1","max-image-preview":"max-image-preview:large","max-video-preview":"max-video-preview:-1"},"canonical":"https:\/\/www.inverseteams.com\/de\/produkt\/personalisiertes-trailrunning-tanktop-extrem\/","og_locale":"de_DE","og_type":"article","og_title":"Personalisiertes Trailrunning Tanktop EXTREM","og_description":"Superleichtes technisches T-Shirt, ideal f\u00fcr Training und Wettkampf. Sein Stoff mit offener Struktur sorgt f\u00fcr einen schnellen Abtransport der K\u00f6rperfeuchtigkeit und h\u00e4lt die Haut trocken und frisch. Dar\u00fcber hinaus verf\u00fcgt es \u00fcber eine hohe Trocknungskapazit\u00e4t und Sie k\u00f6nnen bequem laufen. Der elastische Halsbesatz f\u00fchlt sich wirklich angenehm an und schmiegt sich perfekt an den K\u00f6rper an, ohne Kratzer zu verursachen. Die verschiedenen Teile des Oberteils sind mit sehr widerstandsf\u00e4higen Flachn\u00e4hten gen\u00e4ht, die die Qualit\u00e4t des Kleidungsst\u00fccks erh\u00f6hen, Ihren Komfort erh\u00f6hen und f\u00fcr ein attraktiveres Design sorgen. Auf beiden Seiten befindet sich eine Gittertasche, in der Sie bequem N\u00e4hrstoffriegel tragen k\u00f6nnen.","og_url":"https:\/\/www.inverseteams.com\/de\/produkt\/personalisiertes-trailrunning-tanktop-extrem\/","og_site_name":"Inverseteams","article_publisher":"https:\/\/www.facebook.com\/inverseteams","article_modified_time":"2024-01-29T14:21:29+00:00","og_image":[{"width":3222,"height":3462,"url":"https:\/\/www.inverseteams.com\/wp-content\/uploads\/CAMISETA-SM-EXTREM-1.jpg","type":"image\/jpeg"}],"twitter_card":"summary_large_image","twitter_misc":{"Gesch\u00e4tzte Lesezeit":"1\u00a0Minute"},"schema":{"@context":"https:\/\/schema.org","@graph":[{"@type":"WebPage","@id":"https:\/\/www.inverseteams.com\/de\/produkt\/personalisiertes-trailrunning-tanktop-extrem\/","url":"https:\/\/www.inverseteams.com\/de\/produkt\/personalisiertes-trailrunning-tanktop-extrem\/","name":"Personalisiertes Trailrunning Tanktop EXTREM","isPartOf":{"@id":"https:\/\/www.inverseteams.com\/de\/#website"},"primaryImageOfPage":{"@id":"https:\/\/www.inverseteams.com\/de\/produkt\/personalisiertes-trailrunning-tanktop-extrem\/#primaryimage"},"image":{"@id":"https:\/\/www.inverseteams.com\/de\/produkt\/personalisiertes-trailrunning-tanktop-extrem\/#primaryimage"},"thumbnailUrl":"https:\/\/www.inverseteams.com\/wp-content\/uploads\/CAMISETA-SM-EXTREM-1.jpg","datePublished":"2021-05-10T09:18:40+00:00","dateModified":"2024-01-29T14:21:29+00:00","description":"Superleichtes technisches T-Shirt, ideal f\u00fcr Training und Wettkampf. Sein Stoff mit offener Struktur sorgt f\u00fcr einen schnellen Abtransport der K\u00f6rperfeuchtigkeit und h\u00e4lt die Haut trocken und frisch. Dar\u00fcber hinaus verf\u00fcgt es \u00fcber eine hohe Trocknungskapazit\u00e4t und Sie k\u00f6nnen bequem laufen. Der elastische Halsbesatz f\u00fchlt sich wirklich angenehm an und schmiegt sich perfekt an den K\u00f6rper an, ohne Kratzer zu verursachen. Die verschiedenen Teile des Oberteils sind mit sehr widerstandsf\u00e4higen Flachn\u00e4hten gen\u00e4ht, die die Qualit\u00e4t des Kleidungsst\u00fccks erh\u00f6hen, Ihren Komfort erh\u00f6hen und f\u00fcr ein attraktiveres Design sorgen. Auf beiden Seiten befindet sich eine Gittertasche, in der Sie bequem N\u00e4hrstoffriegel tragen k\u00f6nnen.","breadcrumb":{"@id":"https:\/\/www.inverseteams.com\/de\/produkt\/personalisiertes-trailrunning-tanktop-extrem\/#breadcrumb"},"inLanguage":"de","potentialAction":[{"@type":"ReadAction","target":["https:\/\/www.inverseteams.com\/de\/produkt\/personalisiertes-trailrunning-tanktop-extrem\/"]}]},{"@type":"ImageObject","inLanguage":"de","@id":"https:\/\/www.inverseteams.com\/de\/produkt\/personalisiertes-trailrunning-tanktop-extrem\/#primaryimage","url":"https:\/\/www.inverseteams.com\/wp-content\/uploads\/CAMISETA-SM-EXTREM-1.jpg","contentUrl":"https:\/\/www.inverseteams.com\/wp-content\/uploads\/CAMISETA-SM-EXTREM-1.jpg","width":3222,"height":3462,"caption":"camiseta sin mangas sky running personalizada"},{"@type":"BreadcrumbList","@id":"https:\/\/www.inverseteams.com\/de\/produkt\/personalisiertes-trailrunning-tanktop-extrem\/#breadcrumb","itemListElement":[{"@type":"ListItem","position":1,"name":"Portada","item":"https:\/\/www.inverseteams.com\/de\/"},{"@type":"ListItem","position":2,"name":"Speichern","item":"https:\/\/www.inverseteams.com\/de\/speichern\/"},{"@type":"ListItem","position":3,"name":"Personalisiertes Trailrunning Tanktop EXTREM"}]},{"@type":"WebSite","@id":"https:\/\/www.inverseteams.com\/de\/#website","url":"https:\/\/www.inverseteams.com\/de\/","name":"Inverseteams","description":"Tu marca de ropa deportiva personalizada","publisher":{"@id":"https:\/\/www.inverseteams.com\/de\/#organization"},"potentialAction":[{"@type":"SearchAction","target":{"@type":"EntryPoint","urlTemplate":"https:\/\/www.inverseteams.com\/de\/?s={search_term_string}"},"query-input":{"@type":"PropertyValueSpecification","valueRequired":true,"valueName":"search_term_string"}}],"inLanguage":"de"},{"@type":"Organization","@id":"https:\/\/www.inverseteams.com\/de\/#organization","name":"Inverse Teams","url":"https:\/\/www.inverseteams.com\/de\/","logo":{"@type":"ImageObject","inLanguage":"de","@id":"https:\/\/www.inverseteams.com\/de\/#\/schema\/logo\/image\/","url":"https:\/\/www.inverseteams.com\/wp-content\/uploads\/2021\/03\/logo-inverse-teams.png","contentUrl":"https:\/\/www.inverseteams.com\/wp-content\/uploads\/2021\/03\/logo-inverse-teams.png","width":294,"height":99,"caption":"Inverse Teams"},"image":{"@id":"https:\/\/www.inverseteams.com\/de\/#\/schema\/logo\/image\/"},"sameAs":["https:\/\/www.facebook.com\/inverseteams","http:\/\/instagram.com\/inverseteams","https:\/\/www.linkedin.com\/company\/inverse-cirosport-s-l-?trk=job_view_topcard_company_name","http:\/\/www.pinterest.com\/inverseteams\/","http:\/\/www.youtube.com\/user\/inverseteams?feature=watch"]}]}},"_links":{"self":[{"href":"https:\/\/www.inverseteams.com\/de\/wp-json\/wp\/v2\/product\/173871","targetHints":{"allow":["GET"]}}],"collection":[{"href":"https:\/\/www.inverseteams.com\/de\/wp-json\/wp\/v2\/product"}],"about":[{"href":"https:\/\/www.inverseteams.com\/de\/wp-json\/wp\/v2\/types\/product"}],"replies":[{"embeddable":true,"href":"https:\/\/www.inverseteams.com\/de\/wp-json\/wp\/v2\/comments?post=173871"}],"wp:featuredmedia":[{"embeddable":true,"href":"https:\/\/www.inverseteams.com\/de\/wp-json\/wp\/v2\/media\/165383"}],"wp:attachment":[{"href":"https:\/\/www.inverseteams.com\/de\/wp-json\/wp\/v2\/media?parent=173871"}],"wp:term":[{"taxonomy":"product_brand","embeddable":true,"href":"https:\/\/www.inverseteams.com\/de\/wp-json\/wp\/v2\/product_brand?post=173871"},{"taxonomy":"product_cat","embeddable":true,"href":"https:\/\/www.inverseteams.com\/de\/wp-json\/wp\/v2\/product_cat?post=173871"},{"taxonomy":"product_tag","embeddable":true,"href":"https:\/\/www.inverseteams.com\/de\/wp-json\/wp\/v2\/product_tag?post=173871"},{"taxonomy":"custom_category","embeddable":true,"href":"https:\/\/www.inverseteams.com\/de\/wp-json\/wp\/v2\/custom_category?post=173871"},{"taxonomy":"range","embeddable":true,"href":"https:\/\/www.inverseteams.com\/de\/wp-json\/wp\/v2\/range?post=173871"}],"curies":[{"name":"wp","href":"https:\/\/api.w.org\/{rel}","templated":true}]}}