{"id":173869,"date":"2021-05-10T08:31:57","date_gmt":"2021-05-10T09:18:47","guid":{"rendered":"https:\/\/www.inverseteams.com\/product\/shorts-enduro\/"},"modified":"2024-01-31T14:45:53","modified_gmt":"2024-01-31T14:45:53","slug":"personalisiertes-shorts-enduro","status":"publish","type":"product","link":"https:\/\/www.inverseteams.com\/de\/produkt\/personalisiertes-shorts-enduro\/","title":{"rendered":"Personalisiertes Shorts ENDURO"},"content":{"rendered":"<p>Sehr vielseitige ultraleichte Shorts. Es eignet sich perfekt f\u00fcr Enduro oder zum Tragen im Alltag.<br \/>\nEs verf\u00fcgt \u00fcber eine Rei\u00dfverschlusstasche auf jeder Seite, sodass Sie jeden Gegenstand transportieren k\u00f6nnen, ohne bef\u00fcrchten zu m\u00fcssen, ihn w\u00e4hrend des Trainings zu verlieren.<br \/>\nDas Muster und die Leichtigkeit des Stoffes erm\u00f6glichen Ihnen v\u00f6llige Bewegungsfreiheit. Das Kleidungsst\u00fcck wird an alle Ihre Positionen auf dem Fahrrad angepasst. Der Stoff ist abriebfest und garantiert eine lange Haltbarkeit.<\/p>\n","protected":false},"excerpt":{"rendered":"<p>Sehr vielseitige ultraleichte Shorts. Es eignet sich perfekt f\u00fcr Enduro oder zum Tragen im Alltag.<br \/>\nEs verf\u00fcgt \u00fcber eine Rei\u00dfverschlusstasche auf jeder Seite, sodass Sie jeden Gegenstand transportieren k\u00f6nnen, ohne bef\u00fcrchten zu m\u00fcssen, ihn w\u00e4hrend des Trainings zu verlieren.<br \/>\nDas Muster und die Leichtigkeit des Stoffes erm\u00f6glichen Ihnen v\u00f6llige Bewegungsfreiheit. Das Kleidungsst\u00fcck wird an alle Ihre Positionen auf dem Fahrrad angepasst. Der Stoff ist abriebfest und garantiert eine lange Haltbarkeit.<\/p>\n","protected":false},"featured_media":153187,"comment_status":"closed","ping_status":"closed","template":"","meta":{"_acf_changed":false},"product_brand":[],"product_cat":[11218],"product_tag":[],"custom_category":[11366,11240,11316],"range":[11317],"class_list":{"0":"post-173869","1":"product","2":"type-product","3":"status-publish","4":"has-post-thumbnail","6":"product_cat-uncategorized-de","7":"pa_climatologia-calor-de","8":"pa_deporte-all-mountain-de","9":"pa_genero-mujer-de","10":"pa_genero-infantil-de","11":"pa_genero-hombre-de","12":"pa_patronaje-regular-de","13":"pa_tipo-de-prenda-pantalon-corto-de","14":"custom_category-personalisierte-allmountain-shorts","15":"custom_category-sport","16":"custom_category-personalisierte-all-mountain-bekleidung-de","17":"range-enduro-de","19":"first","20":"instock","21":"product-type-custom"},"acf":[],"yoast_head":"<!-- This site is optimized with the Yoast SEO plugin v27.3 - https:\/\/yoast.com\/product\/yoast-seo-wordpress\/ -->\n<title>Personalisiertes Shorts ENDURO<\/title>\n<meta name=\"description\" content=\"Sehr vielseitige ultraleichte Shorts. Es eignet sich perfekt f\u00fcr Enduro oder zum Tragen im Alltag. Es verf\u00fcgt \u00fcber eine Rei\u00dfverschlusstasche auf jeder Seite, sodass Sie jeden Gegenstand transportieren k\u00f6nnen, ohne bef\u00fcrchten zu m\u00fcssen, ihn w\u00e4hrend des Trainings zu verlieren. Das Muster und die Leichtigkeit des Stoffes erm\u00f6glichen Ihnen v\u00f6llige Bewegungsfreiheit. Das Kleidungsst\u00fcck wird an alle Ihre Positionen auf dem Fahrrad angepasst. Der Stoff ist abriebfest und garantiert eine lange Haltbarkeit.\" \/>\n<meta name=\"robots\" content=\"index, follow, max-snippet:-1, max-image-preview:large, max-video-preview:-1\" \/>\n<link rel=\"canonical\" href=\"https:\/\/www.inverseteams.com\/de\/produkt\/personalisiertes-shorts-enduro\/\" \/>\n<meta property=\"og:locale\" content=\"de_DE\" \/>\n<meta property=\"og:type\" content=\"article\" \/>\n<meta property=\"og:title\" content=\"Personalisiertes Shorts ENDURO\" \/>\n<meta property=\"og:description\" content=\"Sehr vielseitige ultraleichte Shorts. Es eignet sich perfekt f\u00fcr Enduro oder zum Tragen im Alltag. Es verf\u00fcgt \u00fcber eine Rei\u00dfverschlusstasche auf jeder Seite, sodass Sie jeden Gegenstand transportieren k\u00f6nnen, ohne bef\u00fcrchten zu m\u00fcssen, ihn w\u00e4hrend des Trainings zu verlieren. Das Muster und die Leichtigkeit des Stoffes erm\u00f6glichen Ihnen v\u00f6llige Bewegungsfreiheit. Das Kleidungsst\u00fcck wird an alle Ihre Positionen auf dem Fahrrad angepasst. Der Stoff ist abriebfest und garantiert eine lange Haltbarkeit.\" \/>\n<meta property=\"og:url\" content=\"https:\/\/www.inverseteams.com\/de\/produkt\/personalisiertes-shorts-enduro\/\" \/>\n<meta property=\"og:site_name\" content=\"Inverseteams\" \/>\n<meta property=\"article:publisher\" content=\"https:\/\/www.facebook.com\/inverseteams\" \/>\n<meta property=\"article:modified_time\" content=\"2024-01-31T14:45:53+00:00\" \/>\n<meta property=\"og:image\" content=\"https:\/\/www.inverseteams.com\/wp-content\/uploads\/BERMUDA-ENDURO-2022-1.jpg\" \/>\n\t<meta property=\"og:image:width\" content=\"3222\" \/>\n\t<meta property=\"og:image:height\" content=\"3462\" \/>\n\t<meta property=\"og:image:type\" content=\"image\/jpeg\" \/>\n<meta name=\"twitter:card\" content=\"summary_large_image\" \/>\n<meta name=\"twitter:label1\" content=\"Gesch\u00e4tzte Lesezeit\" \/>\n\t<meta name=\"twitter:data1\" content=\"1\u00a0Minute\" \/>\n<script type=\"application\/ld+json\" class=\"yoast-schema-graph\">{\"@context\":\"https:\\\/\\\/schema.org\",\"@graph\":[{\"@type\":\"WebPage\",\"@id\":\"https:\\\/\\\/www.inverseteams.com\\\/de\\\/produkt\\\/personalisiertes-shorts-enduro\\\/\",\"url\":\"https:\\\/\\\/www.inverseteams.com\\\/de\\\/produkt\\\/personalisiertes-shorts-enduro\\\/\",\"name\":\"Personalisiertes Shorts ENDURO\",\"isPartOf\":{\"@id\":\"https:\\\/\\\/www.inverseteams.com\\\/de\\\/#website\"},\"primaryImageOfPage\":{\"@id\":\"https:\\\/\\\/www.inverseteams.com\\\/de\\\/produkt\\\/personalisiertes-shorts-enduro\\\/#primaryimage\"},\"image\":{\"@id\":\"https:\\\/\\\/www.inverseteams.com\\\/de\\\/produkt\\\/personalisiertes-shorts-enduro\\\/#primaryimage\"},\"thumbnailUrl\":\"https:\\\/\\\/www.inverseteams.com\\\/wp-content\\\/uploads\\\/BERMUDA-ENDURO-2022-1.jpg\",\"datePublished\":\"2021-05-10T09:18:47+00:00\",\"dateModified\":\"2024-01-31T14:45:53+00:00\",\"description\":\"Sehr vielseitige ultraleichte Shorts. Es eignet sich perfekt f\u00fcr Enduro oder zum Tragen im Alltag. Es verf\u00fcgt \u00fcber eine Rei\u00dfverschlusstasche auf jeder Seite, sodass Sie jeden Gegenstand transportieren k\u00f6nnen, ohne bef\u00fcrchten zu m\u00fcssen, ihn w\u00e4hrend des Trainings zu verlieren. Das Muster und die Leichtigkeit des Stoffes erm\u00f6glichen Ihnen v\u00f6llige Bewegungsfreiheit. Das Kleidungsst\u00fcck wird an alle Ihre Positionen auf dem Fahrrad angepasst. Der Stoff ist abriebfest und garantiert eine lange Haltbarkeit.\",\"breadcrumb\":{\"@id\":\"https:\\\/\\\/www.inverseteams.com\\\/de\\\/produkt\\\/personalisiertes-shorts-enduro\\\/#breadcrumb\"},\"inLanguage\":\"de\",\"potentialAction\":[{\"@type\":\"ReadAction\",\"target\":[\"https:\\\/\\\/www.inverseteams.com\\\/de\\\/produkt\\\/personalisiertes-shorts-enduro\\\/\"]}]},{\"@type\":\"ImageObject\",\"inLanguage\":\"de\",\"@id\":\"https:\\\/\\\/www.inverseteams.com\\\/de\\\/produkt\\\/personalisiertes-shorts-enduro\\\/#primaryimage\",\"url\":\"https:\\\/\\\/www.inverseteams.com\\\/wp-content\\\/uploads\\\/BERMUDA-ENDURO-2022-1.jpg\",\"contentUrl\":\"https:\\\/\\\/www.inverseteams.com\\\/wp-content\\\/uploads\\\/BERMUDA-ENDURO-2022-1.jpg\",\"width\":3222,\"height\":3462,\"caption\":\"pantalon corto ENDURO\"},{\"@type\":\"BreadcrumbList\",\"@id\":\"https:\\\/\\\/www.inverseteams.com\\\/de\\\/produkt\\\/personalisiertes-shorts-enduro\\\/#breadcrumb\",\"itemListElement\":[{\"@type\":\"ListItem\",\"position\":1,\"name\":\"Portada\",\"item\":\"https:\\\/\\\/www.inverseteams.com\\\/de\\\/\"},{\"@type\":\"ListItem\",\"position\":2,\"name\":\"Speichern\",\"item\":\"https:\\\/\\\/www.inverseteams.com\\\/de\\\/speichern\\\/\"},{\"@type\":\"ListItem\",\"position\":3,\"name\":\"Personalisiertes Shorts ENDURO\"}]},{\"@type\":\"WebSite\",\"@id\":\"https:\\\/\\\/www.inverseteams.com\\\/de\\\/#website\",\"url\":\"https:\\\/\\\/www.inverseteams.com\\\/de\\\/\",\"name\":\"Inverseteams\",\"description\":\"Tu marca de ropa deportiva personalizada\",\"publisher\":{\"@id\":\"https:\\\/\\\/www.inverseteams.com\\\/de\\\/#organization\"},\"potentialAction\":[{\"@type\":\"SearchAction\",\"target\":{\"@type\":\"EntryPoint\",\"urlTemplate\":\"https:\\\/\\\/www.inverseteams.com\\\/de\\\/?s={search_term_string}\"},\"query-input\":{\"@type\":\"PropertyValueSpecification\",\"valueRequired\":true,\"valueName\":\"search_term_string\"}}],\"inLanguage\":\"de\"},{\"@type\":\"Organization\",\"@id\":\"https:\\\/\\\/www.inverseteams.com\\\/de\\\/#organization\",\"name\":\"Inverse Teams\",\"url\":\"https:\\\/\\\/www.inverseteams.com\\\/de\\\/\",\"logo\":{\"@type\":\"ImageObject\",\"inLanguage\":\"de\",\"@id\":\"https:\\\/\\\/www.inverseteams.com\\\/de\\\/#\\\/schema\\\/logo\\\/image\\\/\",\"url\":\"http:\\\/\\\/www.inverseteams.com\\\/wp-content\\\/uploads\\\/2021\\\/03\\\/logo-inverse-teams.png\",\"contentUrl\":\"http:\\\/\\\/www.inverseteams.com\\\/wp-content\\\/uploads\\\/2021\\\/03\\\/logo-inverse-teams.png\",\"width\":294,\"height\":99,\"caption\":\"Inverse Teams\"},\"image\":{\"@id\":\"https:\\\/\\\/www.inverseteams.com\\\/de\\\/#\\\/schema\\\/logo\\\/image\\\/\"},\"sameAs\":[\"https:\\\/\\\/www.facebook.com\\\/inverseteams\",\"http:\\\/\\\/instagram.com\\\/inverseteams\",\"https:\\\/\\\/www.linkedin.com\\\/company\\\/inverse-cirosport-s-l-?trk=job_view_topcard_company_name\",\"http:\\\/\\\/www.pinterest.com\\\/inverseteams\\\/\",\"http:\\\/\\\/www.youtube.com\\\/user\\\/inverseteams?feature=watch\"]}]}<\/script>\n<!-- \/ Yoast SEO plugin. -->","yoast_head_json":{"title":"Personalisiertes Shorts ENDURO","description":"Sehr vielseitige ultraleichte Shorts. Es eignet sich perfekt f\u00fcr Enduro oder zum Tragen im Alltag. Es verf\u00fcgt \u00fcber eine Rei\u00dfverschlusstasche auf jeder Seite, sodass Sie jeden Gegenstand transportieren k\u00f6nnen, ohne bef\u00fcrchten zu m\u00fcssen, ihn w\u00e4hrend des Trainings zu verlieren. Das Muster und die Leichtigkeit des Stoffes erm\u00f6glichen Ihnen v\u00f6llige Bewegungsfreiheit. Das Kleidungsst\u00fcck wird an alle Ihre Positionen auf dem Fahrrad angepasst. Der Stoff ist abriebfest und garantiert eine lange Haltbarkeit.","robots":{"index":"index","follow":"follow","max-snippet":"max-snippet:-1","max-image-preview":"max-image-preview:large","max-video-preview":"max-video-preview:-1"},"canonical":"https:\/\/www.inverseteams.com\/de\/produkt\/personalisiertes-shorts-enduro\/","og_locale":"de_DE","og_type":"article","og_title":"Personalisiertes Shorts ENDURO","og_description":"Sehr vielseitige ultraleichte Shorts. Es eignet sich perfekt f\u00fcr Enduro oder zum Tragen im Alltag. Es verf\u00fcgt \u00fcber eine Rei\u00dfverschlusstasche auf jeder Seite, sodass Sie jeden Gegenstand transportieren k\u00f6nnen, ohne bef\u00fcrchten zu m\u00fcssen, ihn w\u00e4hrend des Trainings zu verlieren. Das Muster und die Leichtigkeit des Stoffes erm\u00f6glichen Ihnen v\u00f6llige Bewegungsfreiheit. Das Kleidungsst\u00fcck wird an alle Ihre Positionen auf dem Fahrrad angepasst. Der Stoff ist abriebfest und garantiert eine lange Haltbarkeit.","og_url":"https:\/\/www.inverseteams.com\/de\/produkt\/personalisiertes-shorts-enduro\/","og_site_name":"Inverseteams","article_publisher":"https:\/\/www.facebook.com\/inverseteams","article_modified_time":"2024-01-31T14:45:53+00:00","og_image":[{"width":3222,"height":3462,"url":"https:\/\/www.inverseteams.com\/wp-content\/uploads\/BERMUDA-ENDURO-2022-1.jpg","type":"image\/jpeg"}],"twitter_card":"summary_large_image","twitter_misc":{"Gesch\u00e4tzte Lesezeit":"1\u00a0Minute"},"schema":{"@context":"https:\/\/schema.org","@graph":[{"@type":"WebPage","@id":"https:\/\/www.inverseteams.com\/de\/produkt\/personalisiertes-shorts-enduro\/","url":"https:\/\/www.inverseteams.com\/de\/produkt\/personalisiertes-shorts-enduro\/","name":"Personalisiertes Shorts ENDURO","isPartOf":{"@id":"https:\/\/www.inverseteams.com\/de\/#website"},"primaryImageOfPage":{"@id":"https:\/\/www.inverseteams.com\/de\/produkt\/personalisiertes-shorts-enduro\/#primaryimage"},"image":{"@id":"https:\/\/www.inverseteams.com\/de\/produkt\/personalisiertes-shorts-enduro\/#primaryimage"},"thumbnailUrl":"https:\/\/www.inverseteams.com\/wp-content\/uploads\/BERMUDA-ENDURO-2022-1.jpg","datePublished":"2021-05-10T09:18:47+00:00","dateModified":"2024-01-31T14:45:53+00:00","description":"Sehr vielseitige ultraleichte Shorts. Es eignet sich perfekt f\u00fcr Enduro oder zum Tragen im Alltag. Es verf\u00fcgt \u00fcber eine Rei\u00dfverschlusstasche auf jeder Seite, sodass Sie jeden Gegenstand transportieren k\u00f6nnen, ohne bef\u00fcrchten zu m\u00fcssen, ihn w\u00e4hrend des Trainings zu verlieren. Das Muster und die Leichtigkeit des Stoffes erm\u00f6glichen Ihnen v\u00f6llige Bewegungsfreiheit. Das Kleidungsst\u00fcck wird an alle Ihre Positionen auf dem Fahrrad angepasst. Der Stoff ist abriebfest und garantiert eine lange Haltbarkeit.","breadcrumb":{"@id":"https:\/\/www.inverseteams.com\/de\/produkt\/personalisiertes-shorts-enduro\/#breadcrumb"},"inLanguage":"de","potentialAction":[{"@type":"ReadAction","target":["https:\/\/www.inverseteams.com\/de\/produkt\/personalisiertes-shorts-enduro\/"]}]},{"@type":"ImageObject","inLanguage":"de","@id":"https:\/\/www.inverseteams.com\/de\/produkt\/personalisiertes-shorts-enduro\/#primaryimage","url":"https:\/\/www.inverseteams.com\/wp-content\/uploads\/BERMUDA-ENDURO-2022-1.jpg","contentUrl":"https:\/\/www.inverseteams.com\/wp-content\/uploads\/BERMUDA-ENDURO-2022-1.jpg","width":3222,"height":3462,"caption":"pantalon corto ENDURO"},{"@type":"BreadcrumbList","@id":"https:\/\/www.inverseteams.com\/de\/produkt\/personalisiertes-shorts-enduro\/#breadcrumb","itemListElement":[{"@type":"ListItem","position":1,"name":"Portada","item":"https:\/\/www.inverseteams.com\/de\/"},{"@type":"ListItem","position":2,"name":"Speichern","item":"https:\/\/www.inverseteams.com\/de\/speichern\/"},{"@type":"ListItem","position":3,"name":"Personalisiertes Shorts ENDURO"}]},{"@type":"WebSite","@id":"https:\/\/www.inverseteams.com\/de\/#website","url":"https:\/\/www.inverseteams.com\/de\/","name":"Inverseteams","description":"Tu marca de ropa deportiva personalizada","publisher":{"@id":"https:\/\/www.inverseteams.com\/de\/#organization"},"potentialAction":[{"@type":"SearchAction","target":{"@type":"EntryPoint","urlTemplate":"https:\/\/www.inverseteams.com\/de\/?s={search_term_string}"},"query-input":{"@type":"PropertyValueSpecification","valueRequired":true,"valueName":"search_term_string"}}],"inLanguage":"de"},{"@type":"Organization","@id":"https:\/\/www.inverseteams.com\/de\/#organization","name":"Inverse Teams","url":"https:\/\/www.inverseteams.com\/de\/","logo":{"@type":"ImageObject","inLanguage":"de","@id":"https:\/\/www.inverseteams.com\/de\/#\/schema\/logo\/image\/","url":"https:\/\/www.inverseteams.com\/wp-content\/uploads\/2021\/03\/logo-inverse-teams.png","contentUrl":"https:\/\/www.inverseteams.com\/wp-content\/uploads\/2021\/03\/logo-inverse-teams.png","width":294,"height":99,"caption":"Inverse Teams"},"image":{"@id":"https:\/\/www.inverseteams.com\/de\/#\/schema\/logo\/image\/"},"sameAs":["https:\/\/www.facebook.com\/inverseteams","http:\/\/instagram.com\/inverseteams","https:\/\/www.linkedin.com\/company\/inverse-cirosport-s-l-?trk=job_view_topcard_company_name","http:\/\/www.pinterest.com\/inverseteams\/","http:\/\/www.youtube.com\/user\/inverseteams?feature=watch"]}]}},"_links":{"self":[{"href":"https:\/\/www.inverseteams.com\/de\/wp-json\/wp\/v2\/product\/173869","targetHints":{"allow":["GET"]}}],"collection":[{"href":"https:\/\/www.inverseteams.com\/de\/wp-json\/wp\/v2\/product"}],"about":[{"href":"https:\/\/www.inverseteams.com\/de\/wp-json\/wp\/v2\/types\/product"}],"replies":[{"embeddable":true,"href":"https:\/\/www.inverseteams.com\/de\/wp-json\/wp\/v2\/comments?post=173869"}],"wp:featuredmedia":[{"embeddable":true,"href":"https:\/\/www.inverseteams.com\/de\/wp-json\/wp\/v2\/media\/153187"}],"wp:attachment":[{"href":"https:\/\/www.inverseteams.com\/de\/wp-json\/wp\/v2\/media?parent=173869"}],"wp:term":[{"taxonomy":"product_brand","embeddable":true,"href":"https:\/\/www.inverseteams.com\/de\/wp-json\/wp\/v2\/product_brand?post=173869"},{"taxonomy":"product_cat","embeddable":true,"href":"https:\/\/www.inverseteams.com\/de\/wp-json\/wp\/v2\/product_cat?post=173869"},{"taxonomy":"product_tag","embeddable":true,"href":"https:\/\/www.inverseteams.com\/de\/wp-json\/wp\/v2\/product_tag?post=173869"},{"taxonomy":"custom_category","embeddable":true,"href":"https:\/\/www.inverseteams.com\/de\/wp-json\/wp\/v2\/custom_category?post=173869"},{"taxonomy":"range","embeddable":true,"href":"https:\/\/www.inverseteams.com\/de\/wp-json\/wp\/v2\/range?post=173869"}],"curies":[{"name":"wp","href":"https:\/\/api.w.org\/{rel}","templated":true}]}}