{"id":173868,"date":"2021-05-10T08:32:05","date_gmt":"2021-05-10T09:19:01","guid":{"rendered":"https:\/\/www.inverseteams.com\/product\/short-sleeve-crosstraining-top-hard\/"},"modified":"2024-01-31T09:58:28","modified_gmt":"2024-01-31T09:58:28","slug":"personalisiertes-kurzarm-crosstraining-shirt-hard","status":"publish","type":"product","link":"https:\/\/www.inverseteams.com\/de\/produkt\/personalisiertes-kurzarm-crosstraining-shirt-hard\/","title":{"rendered":"Personalisiertes Kurzarm Crosstraining Shirt HARD"},"content":{"rendered":"<p>Sehr leichtes technisches Oberteil, ideal f\u00fcr den Wettkampf. Es zeichnet sich durch seine hohe Widerstandsf\u00e4higkeit und Schwei\u00dfkapazit\u00e4t aus. Die Lycra-\u00c4rmel liegen perfekt am Arm an und sorgen f\u00fcr ein angenehmes Tragegef\u00fchl. Der Schulterbereich besteht aus pillingbest\u00e4ndigem COOLTECH-Gewebe, das der Reibung eines Rucksacks oder anderer geladener Gegenst\u00e4nde standh\u00e4lt.<br \/>\nDas Muster und die Elastizit\u00e4t der Stoffe sorgen daf\u00fcr, dass das Kleidungsst\u00fcck immer am K\u00f6rper haftet. Auf diese Weise vermeiden Sie, sich mit den H\u00fcrden des Tests herumschlagen zu m\u00fcssen.<br \/>\nSein Stoff hat eine hohe Trocknungskapazit\u00e4t und h\u00e4lt Ihren K\u00f6rper trocken. Es verf\u00fcgt \u00fcber einen kurzen Rei\u00dfverschluss auf der Brust, sodass Sie die Bel\u00fcftung w\u00e4hrend des Rennens regulieren k\u00f6nnen. Auf beiden Seiten finden Sie eine Netztasche zur bequemen Aufbewahrung von Gels und N\u00e4hrstoffriegeln. Die antibakteriellen Eigenschaften und der weiche Griff machen dieses T-Shirt zu einem idealen Kleidungsst\u00fcck f\u00fcr lange Trainingseinheiten. Genie\u00dfen Sie Outdoor-Sport, egal wie hei\u00df es wird.<\/p>\n","protected":false},"excerpt":{"rendered":"<p>Sehr leichtes technisches Oberteil, ideal f\u00fcr den Wettkampf. Es zeichnet sich durch seine hohe Widerstandsf\u00e4higkeit und Schwei\u00dfkapazit\u00e4t aus. Die Lycra-\u00c4rmel liegen perfekt am Arm an und sorgen f\u00fcr ein angenehmes Tragegef\u00fchl. Der Schulterbereich besteht aus pillingbest\u00e4ndigem COOLTECH-Gewebe, das der Reibung eines Rucksacks oder anderer geladener Gegenst\u00e4nde standh\u00e4lt.<br \/>\nDas Muster und die Elastizit\u00e4t der Stoffe sorgen daf\u00fcr, dass das Kleidungsst\u00fcck immer am K\u00f6rper haftet. Auf diese Weise vermeiden Sie, sich mit den H\u00fcrden des Tests herumschlagen zu m\u00fcssen.<br \/>\nSein Stoff hat eine hohe Trocknungskapazit\u00e4t und h\u00e4lt Ihren K\u00f6rper trocken. Es verf\u00fcgt \u00fcber einen kurzen Rei\u00dfverschluss auf der Brust, sodass Sie die Bel\u00fcftung w\u00e4hrend des Rennens regulieren k\u00f6nnen. Auf beiden Seiten finden Sie eine Netztasche zur bequemen Aufbewahrung von Gels und N\u00e4hrstoffriegeln. Die antibakteriellen Eigenschaften und der weiche Griff machen dieses T-Shirt zu einem idealen Kleidungsst\u00fcck f\u00fcr lange Trainingseinheiten. Genie\u00dfen Sie Outdoor-Sport, egal wie hei\u00df es wird.<\/p>\n","protected":false},"featured_media":165029,"comment_status":"closed","ping_status":"closed","template":"","meta":{"_acf_changed":false},"product_brand":[],"product_cat":[11218],"product_tag":[],"custom_category":[11360,11240,11363],"range":[11364],"class_list":{"0":"post-173868","1":"product","2":"type-product","3":"status-publish","4":"has-post-thumbnail","6":"product_cat-uncategorized-de","7":"pa_climatologia-calor-de","8":"pa_deporte-crosstraining-de","9":"pa_genero-hombre-de","10":"pa_genero-mujer-de","11":"pa_patronaje-fit-de","12":"pa_tipo-de-prenda-camiseta-de","13":"custom_category-personalisierte-crosstraining-shirts","14":"custom_category-sport","15":"custom_category-ropa-de-crosstraining-personalizada-de","16":"range-hard-de","18":"first","19":"instock","20":"product-type-custom"},"acf":[],"yoast_head":"<!-- This site is optimized with the Yoast SEO plugin v27.5 - https:\/\/yoast.com\/product\/yoast-seo-wordpress\/ -->\n<title>Personalisiertes Kurzarm Crosstraining Shirt HARD<\/title>\n<meta name=\"description\" content=\"Sehr leichtes technisches Oberteil, ideal f\u00fcr den Wettkampf. Es zeichnet sich durch seine hohe Widerstandsf\u00e4higkeit und Schwei\u00dfkapazit\u00e4t aus. Die Lycra-\u00c4rmel liegen perfekt am Arm an und sorgen f\u00fcr ein angenehmes Tragegef\u00fchl. Der Schulterbereich besteht aus pillingbest\u00e4ndigem COOLTECH-Gewebe, das der Reibung eines Rucksacks oder anderer geladener Gegenst\u00e4nde standh\u00e4lt. Das Muster und die Elastizit\u00e4t der Stoffe sorgen daf\u00fcr, dass das Kleidungsst\u00fcck immer am K\u00f6rper haftet. Auf diese Weise vermeiden Sie, sich mit den H\u00fcrden des Tests herumschlagen zu m\u00fcssen. Sein Stoff hat eine hohe Trocknungskapazit\u00e4t und h\u00e4lt Ihren K\u00f6rper trocken. Es verf\u00fcgt \u00fcber einen kurzen Rei\u00dfverschluss auf der Brust, sodass Sie die Bel\u00fcftung w\u00e4hrend des Rennens regulieren k\u00f6nnen. Auf beiden Seiten finden Sie eine Netztasche zur bequemen Aufbewahrung von Gels und N\u00e4hrstoffriegeln. Die antibakteriellen Eigenschaften und der weiche Griff machen dieses T-Shirt zu einem idealen Kleidungsst\u00fcck f\u00fcr lange Trainingseinheiten. Genie\u00dfen Sie Outdoor-Sport, egal wie hei\u00df es wird.\" \/>\n<meta name=\"robots\" content=\"index, follow, max-snippet:-1, max-image-preview:large, max-video-preview:-1\" \/>\n<link rel=\"canonical\" href=\"https:\/\/www.inverseteams.com\/de\/produkt\/personalisiertes-kurzarm-crosstraining-shirt-hard\/\" \/>\n<meta property=\"og:locale\" content=\"de_DE\" \/>\n<meta property=\"og:type\" content=\"article\" \/>\n<meta property=\"og:title\" content=\"Personalisiertes Kurzarm Crosstraining Shirt HARD\" \/>\n<meta property=\"og:description\" content=\"Sehr leichtes technisches Oberteil, ideal f\u00fcr den Wettkampf. Es zeichnet sich durch seine hohe Widerstandsf\u00e4higkeit und Schwei\u00dfkapazit\u00e4t aus. Die Lycra-\u00c4rmel liegen perfekt am Arm an und sorgen f\u00fcr ein angenehmes Tragegef\u00fchl. Der Schulterbereich besteht aus pillingbest\u00e4ndigem COOLTECH-Gewebe, das der Reibung eines Rucksacks oder anderer geladener Gegenst\u00e4nde standh\u00e4lt. Das Muster und die Elastizit\u00e4t der Stoffe sorgen daf\u00fcr, dass das Kleidungsst\u00fcck immer am K\u00f6rper haftet. Auf diese Weise vermeiden Sie, sich mit den H\u00fcrden des Tests herumschlagen zu m\u00fcssen. Sein Stoff hat eine hohe Trocknungskapazit\u00e4t und h\u00e4lt Ihren K\u00f6rper trocken. Es verf\u00fcgt \u00fcber einen kurzen Rei\u00dfverschluss auf der Brust, sodass Sie die Bel\u00fcftung w\u00e4hrend des Rennens regulieren k\u00f6nnen. Auf beiden Seiten finden Sie eine Netztasche zur bequemen Aufbewahrung von Gels und N\u00e4hrstoffriegeln. Die antibakteriellen Eigenschaften und der weiche Griff machen dieses T-Shirt zu einem idealen Kleidungsst\u00fcck f\u00fcr lange Trainingseinheiten. Genie\u00dfen Sie Outdoor-Sport, egal wie hei\u00df es wird.\" \/>\n<meta property=\"og:url\" content=\"https:\/\/www.inverseteams.com\/de\/produkt\/personalisiertes-kurzarm-crosstraining-shirt-hard\/\" \/>\n<meta property=\"og:site_name\" content=\"Inverseteams\" \/>\n<meta property=\"article:publisher\" content=\"https:\/\/www.facebook.com\/inverseteams\" \/>\n<meta property=\"article:modified_time\" content=\"2024-01-31T09:58:28+00:00\" \/>\n<meta property=\"og:image\" content=\"https:\/\/www.inverseteams.com\/wp-content\/uploads\/CAMISETA-MC-HARD-1.jpg\" \/>\n\t<meta property=\"og:image:width\" content=\"3222\" \/>\n\t<meta property=\"og:image:height\" content=\"3462\" \/>\n\t<meta property=\"og:image:type\" content=\"image\/jpeg\" \/>\n<meta name=\"twitter:card\" content=\"summary_large_image\" \/>\n<meta name=\"twitter:label1\" content=\"Gesch\u00e4tzte Lesezeit\" \/>\n\t<meta name=\"twitter:data1\" content=\"1\u00a0Minute\" \/>\n<script type=\"application\/ld+json\" class=\"yoast-schema-graph\">{\"@context\":\"https:\\\/\\\/schema.org\",\"@graph\":[{\"@type\":\"WebPage\",\"@id\":\"https:\\\/\\\/www.inverseteams.com\\\/de\\\/produkt\\\/personalisiertes-kurzarm-crosstraining-shirt-hard\\\/\",\"url\":\"https:\\\/\\\/www.inverseteams.com\\\/de\\\/produkt\\\/personalisiertes-kurzarm-crosstraining-shirt-hard\\\/\",\"name\":\"Personalisiertes Kurzarm Crosstraining Shirt HARD\",\"isPartOf\":{\"@id\":\"https:\\\/\\\/www.inverseteams.com\\\/de\\\/#website\"},\"primaryImageOfPage\":{\"@id\":\"https:\\\/\\\/www.inverseteams.com\\\/de\\\/produkt\\\/personalisiertes-kurzarm-crosstraining-shirt-hard\\\/#primaryimage\"},\"image\":{\"@id\":\"https:\\\/\\\/www.inverseteams.com\\\/de\\\/produkt\\\/personalisiertes-kurzarm-crosstraining-shirt-hard\\\/#primaryimage\"},\"thumbnailUrl\":\"https:\\\/\\\/www.inverseteams.com\\\/wp-content\\\/uploads\\\/CAMISETA-MC-HARD-1.jpg\",\"datePublished\":\"2021-05-10T09:19:01+00:00\",\"dateModified\":\"2024-01-31T09:58:28+00:00\",\"description\":\"Sehr leichtes technisches Oberteil, ideal f\u00fcr den Wettkampf. Es zeichnet sich durch seine hohe Widerstandsf\u00e4higkeit und Schwei\u00dfkapazit\u00e4t aus. Die Lycra-\u00c4rmel liegen perfekt am Arm an und sorgen f\u00fcr ein angenehmes Tragegef\u00fchl. Der Schulterbereich besteht aus pillingbest\u00e4ndigem COOLTECH-Gewebe, das der Reibung eines Rucksacks oder anderer geladener Gegenst\u00e4nde standh\u00e4lt. Das Muster und die Elastizit\u00e4t der Stoffe sorgen daf\u00fcr, dass das Kleidungsst\u00fcck immer am K\u00f6rper haftet. Auf diese Weise vermeiden Sie, sich mit den H\u00fcrden des Tests herumschlagen zu m\u00fcssen. Sein Stoff hat eine hohe Trocknungskapazit\u00e4t und h\u00e4lt Ihren K\u00f6rper trocken. Es verf\u00fcgt \u00fcber einen kurzen Rei\u00dfverschluss auf der Brust, sodass Sie die Bel\u00fcftung w\u00e4hrend des Rennens regulieren k\u00f6nnen. Auf beiden Seiten finden Sie eine Netztasche zur bequemen Aufbewahrung von Gels und N\u00e4hrstoffriegeln. Die antibakteriellen Eigenschaften und der weiche Griff machen dieses T-Shirt zu einem idealen Kleidungsst\u00fcck f\u00fcr lange Trainingseinheiten. Genie\u00dfen Sie Outdoor-Sport, egal wie hei\u00df es wird.\",\"breadcrumb\":{\"@id\":\"https:\\\/\\\/www.inverseteams.com\\\/de\\\/produkt\\\/personalisiertes-kurzarm-crosstraining-shirt-hard\\\/#breadcrumb\"},\"inLanguage\":\"de\",\"potentialAction\":[{\"@type\":\"ReadAction\",\"target\":[\"https:\\\/\\\/www.inverseteams.com\\\/de\\\/produkt\\\/personalisiertes-kurzarm-crosstraining-shirt-hard\\\/\"]}]},{\"@type\":\"ImageObject\",\"inLanguage\":\"de\",\"@id\":\"https:\\\/\\\/www.inverseteams.com\\\/de\\\/produkt\\\/personalisiertes-kurzarm-crosstraining-shirt-hard\\\/#primaryimage\",\"url\":\"https:\\\/\\\/www.inverseteams.com\\\/wp-content\\\/uploads\\\/CAMISETA-MC-HARD-1.jpg\",\"contentUrl\":\"https:\\\/\\\/www.inverseteams.com\\\/wp-content\\\/uploads\\\/CAMISETA-MC-HARD-1.jpg\",\"width\":3222,\"height\":3462,\"caption\":\"camiseta crosstraining ocr spartan personalizada\"},{\"@type\":\"BreadcrumbList\",\"@id\":\"https:\\\/\\\/www.inverseteams.com\\\/de\\\/produkt\\\/personalisiertes-kurzarm-crosstraining-shirt-hard\\\/#breadcrumb\",\"itemListElement\":[{\"@type\":\"ListItem\",\"position\":1,\"name\":\"Portada\",\"item\":\"https:\\\/\\\/www.inverseteams.com\\\/de\\\/\"},{\"@type\":\"ListItem\",\"position\":2,\"name\":\"Speichern\",\"item\":\"https:\\\/\\\/www.inverseteams.com\\\/de\\\/speichern\\\/\"},{\"@type\":\"ListItem\",\"position\":3,\"name\":\"Personalisiertes Kurzarm Crosstraining Shirt HARD\"}]},{\"@type\":\"WebSite\",\"@id\":\"https:\\\/\\\/www.inverseteams.com\\\/de\\\/#website\",\"url\":\"https:\\\/\\\/www.inverseteams.com\\\/de\\\/\",\"name\":\"Inverseteams\",\"description\":\"Tu marca de ropa deportiva personalizada\",\"publisher\":{\"@id\":\"https:\\\/\\\/www.inverseteams.com\\\/de\\\/#organization\"},\"potentialAction\":[{\"@type\":\"SearchAction\",\"target\":{\"@type\":\"EntryPoint\",\"urlTemplate\":\"https:\\\/\\\/www.inverseteams.com\\\/de\\\/?s={search_term_string}\"},\"query-input\":{\"@type\":\"PropertyValueSpecification\",\"valueRequired\":true,\"valueName\":\"search_term_string\"}}],\"inLanguage\":\"de\"},{\"@type\":\"Organization\",\"@id\":\"https:\\\/\\\/www.inverseteams.com\\\/de\\\/#organization\",\"name\":\"Inverse Teams\",\"url\":\"https:\\\/\\\/www.inverseteams.com\\\/de\\\/\",\"logo\":{\"@type\":\"ImageObject\",\"inLanguage\":\"de\",\"@id\":\"https:\\\/\\\/www.inverseteams.com\\\/de\\\/#\\\/schema\\\/logo\\\/image\\\/\",\"url\":\"https:\\\/\\\/www.inverseteams.com\\\/wp-content\\\/uploads\\\/2021\\\/03\\\/logo-inverse-teams.png\",\"contentUrl\":\"https:\\\/\\\/www.inverseteams.com\\\/wp-content\\\/uploads\\\/2021\\\/03\\\/logo-inverse-teams.png\",\"width\":294,\"height\":99,\"caption\":\"Inverse Teams\"},\"image\":{\"@id\":\"https:\\\/\\\/www.inverseteams.com\\\/de\\\/#\\\/schema\\\/logo\\\/image\\\/\"},\"sameAs\":[\"https:\\\/\\\/www.facebook.com\\\/inverseteams\",\"http:\\\/\\\/instagram.com\\\/inverseteams\",\"https:\\\/\\\/www.linkedin.com\\\/company\\\/inverse-cirosport-s-l-?trk=job_view_topcard_company_name\",\"http:\\\/\\\/www.pinterest.com\\\/inverseteams\\\/\",\"http:\\\/\\\/www.youtube.com\\\/user\\\/inverseteams?feature=watch\"]}]}<\/script>\n<!-- \/ Yoast SEO plugin. -->","yoast_head_json":{"title":"Personalisiertes Kurzarm Crosstraining Shirt HARD","description":"Sehr leichtes technisches Oberteil, ideal f\u00fcr den Wettkampf. Es zeichnet sich durch seine hohe Widerstandsf\u00e4higkeit und Schwei\u00dfkapazit\u00e4t aus. Die Lycra-\u00c4rmel liegen perfekt am Arm an und sorgen f\u00fcr ein angenehmes Tragegef\u00fchl. Der Schulterbereich besteht aus pillingbest\u00e4ndigem COOLTECH-Gewebe, das der Reibung eines Rucksacks oder anderer geladener Gegenst\u00e4nde standh\u00e4lt. Das Muster und die Elastizit\u00e4t der Stoffe sorgen daf\u00fcr, dass das Kleidungsst\u00fcck immer am K\u00f6rper haftet. Auf diese Weise vermeiden Sie, sich mit den H\u00fcrden des Tests herumschlagen zu m\u00fcssen. Sein Stoff hat eine hohe Trocknungskapazit\u00e4t und h\u00e4lt Ihren K\u00f6rper trocken. Es verf\u00fcgt \u00fcber einen kurzen Rei\u00dfverschluss auf der Brust, sodass Sie die Bel\u00fcftung w\u00e4hrend des Rennens regulieren k\u00f6nnen. Auf beiden Seiten finden Sie eine Netztasche zur bequemen Aufbewahrung von Gels und N\u00e4hrstoffriegeln. Die antibakteriellen Eigenschaften und der weiche Griff machen dieses T-Shirt zu einem idealen Kleidungsst\u00fcck f\u00fcr lange Trainingseinheiten. Genie\u00dfen Sie Outdoor-Sport, egal wie hei\u00df es wird.","robots":{"index":"index","follow":"follow","max-snippet":"max-snippet:-1","max-image-preview":"max-image-preview:large","max-video-preview":"max-video-preview:-1"},"canonical":"https:\/\/www.inverseteams.com\/de\/produkt\/personalisiertes-kurzarm-crosstraining-shirt-hard\/","og_locale":"de_DE","og_type":"article","og_title":"Personalisiertes Kurzarm Crosstraining Shirt HARD","og_description":"Sehr leichtes technisches Oberteil, ideal f\u00fcr den Wettkampf. Es zeichnet sich durch seine hohe Widerstandsf\u00e4higkeit und Schwei\u00dfkapazit\u00e4t aus. Die Lycra-\u00c4rmel liegen perfekt am Arm an und sorgen f\u00fcr ein angenehmes Tragegef\u00fchl. Der Schulterbereich besteht aus pillingbest\u00e4ndigem COOLTECH-Gewebe, das der Reibung eines Rucksacks oder anderer geladener Gegenst\u00e4nde standh\u00e4lt. Das Muster und die Elastizit\u00e4t der Stoffe sorgen daf\u00fcr, dass das Kleidungsst\u00fcck immer am K\u00f6rper haftet. Auf diese Weise vermeiden Sie, sich mit den H\u00fcrden des Tests herumschlagen zu m\u00fcssen. Sein Stoff hat eine hohe Trocknungskapazit\u00e4t und h\u00e4lt Ihren K\u00f6rper trocken. Es verf\u00fcgt \u00fcber einen kurzen Rei\u00dfverschluss auf der Brust, sodass Sie die Bel\u00fcftung w\u00e4hrend des Rennens regulieren k\u00f6nnen. Auf beiden Seiten finden Sie eine Netztasche zur bequemen Aufbewahrung von Gels und N\u00e4hrstoffriegeln. Die antibakteriellen Eigenschaften und der weiche Griff machen dieses T-Shirt zu einem idealen Kleidungsst\u00fcck f\u00fcr lange Trainingseinheiten. Genie\u00dfen Sie Outdoor-Sport, egal wie hei\u00df es wird.","og_url":"https:\/\/www.inverseteams.com\/de\/produkt\/personalisiertes-kurzarm-crosstraining-shirt-hard\/","og_site_name":"Inverseteams","article_publisher":"https:\/\/www.facebook.com\/inverseteams","article_modified_time":"2024-01-31T09:58:28+00:00","og_image":[{"width":3222,"height":3462,"url":"https:\/\/www.inverseteams.com\/wp-content\/uploads\/CAMISETA-MC-HARD-1.jpg","type":"image\/jpeg"}],"twitter_card":"summary_large_image","twitter_misc":{"Gesch\u00e4tzte Lesezeit":"1\u00a0Minute"},"schema":{"@context":"https:\/\/schema.org","@graph":[{"@type":"WebPage","@id":"https:\/\/www.inverseteams.com\/de\/produkt\/personalisiertes-kurzarm-crosstraining-shirt-hard\/","url":"https:\/\/www.inverseteams.com\/de\/produkt\/personalisiertes-kurzarm-crosstraining-shirt-hard\/","name":"Personalisiertes Kurzarm Crosstraining Shirt HARD","isPartOf":{"@id":"https:\/\/www.inverseteams.com\/de\/#website"},"primaryImageOfPage":{"@id":"https:\/\/www.inverseteams.com\/de\/produkt\/personalisiertes-kurzarm-crosstraining-shirt-hard\/#primaryimage"},"image":{"@id":"https:\/\/www.inverseteams.com\/de\/produkt\/personalisiertes-kurzarm-crosstraining-shirt-hard\/#primaryimage"},"thumbnailUrl":"https:\/\/www.inverseteams.com\/wp-content\/uploads\/CAMISETA-MC-HARD-1.jpg","datePublished":"2021-05-10T09:19:01+00:00","dateModified":"2024-01-31T09:58:28+00:00","description":"Sehr leichtes technisches Oberteil, ideal f\u00fcr den Wettkampf. Es zeichnet sich durch seine hohe Widerstandsf\u00e4higkeit und Schwei\u00dfkapazit\u00e4t aus. Die Lycra-\u00c4rmel liegen perfekt am Arm an und sorgen f\u00fcr ein angenehmes Tragegef\u00fchl. Der Schulterbereich besteht aus pillingbest\u00e4ndigem COOLTECH-Gewebe, das der Reibung eines Rucksacks oder anderer geladener Gegenst\u00e4nde standh\u00e4lt. Das Muster und die Elastizit\u00e4t der Stoffe sorgen daf\u00fcr, dass das Kleidungsst\u00fcck immer am K\u00f6rper haftet. Auf diese Weise vermeiden Sie, sich mit den H\u00fcrden des Tests herumschlagen zu m\u00fcssen. Sein Stoff hat eine hohe Trocknungskapazit\u00e4t und h\u00e4lt Ihren K\u00f6rper trocken. Es verf\u00fcgt \u00fcber einen kurzen Rei\u00dfverschluss auf der Brust, sodass Sie die Bel\u00fcftung w\u00e4hrend des Rennens regulieren k\u00f6nnen. Auf beiden Seiten finden Sie eine Netztasche zur bequemen Aufbewahrung von Gels und N\u00e4hrstoffriegeln. Die antibakteriellen Eigenschaften und der weiche Griff machen dieses T-Shirt zu einem idealen Kleidungsst\u00fcck f\u00fcr lange Trainingseinheiten. Genie\u00dfen Sie Outdoor-Sport, egal wie hei\u00df es wird.","breadcrumb":{"@id":"https:\/\/www.inverseteams.com\/de\/produkt\/personalisiertes-kurzarm-crosstraining-shirt-hard\/#breadcrumb"},"inLanguage":"de","potentialAction":[{"@type":"ReadAction","target":["https:\/\/www.inverseteams.com\/de\/produkt\/personalisiertes-kurzarm-crosstraining-shirt-hard\/"]}]},{"@type":"ImageObject","inLanguage":"de","@id":"https:\/\/www.inverseteams.com\/de\/produkt\/personalisiertes-kurzarm-crosstraining-shirt-hard\/#primaryimage","url":"https:\/\/www.inverseteams.com\/wp-content\/uploads\/CAMISETA-MC-HARD-1.jpg","contentUrl":"https:\/\/www.inverseteams.com\/wp-content\/uploads\/CAMISETA-MC-HARD-1.jpg","width":3222,"height":3462,"caption":"camiseta crosstraining ocr spartan personalizada"},{"@type":"BreadcrumbList","@id":"https:\/\/www.inverseteams.com\/de\/produkt\/personalisiertes-kurzarm-crosstraining-shirt-hard\/#breadcrumb","itemListElement":[{"@type":"ListItem","position":1,"name":"Portada","item":"https:\/\/www.inverseteams.com\/de\/"},{"@type":"ListItem","position":2,"name":"Speichern","item":"https:\/\/www.inverseteams.com\/de\/speichern\/"},{"@type":"ListItem","position":3,"name":"Personalisiertes Kurzarm Crosstraining Shirt HARD"}]},{"@type":"WebSite","@id":"https:\/\/www.inverseteams.com\/de\/#website","url":"https:\/\/www.inverseteams.com\/de\/","name":"Inverseteams","description":"Tu marca de ropa deportiva personalizada","publisher":{"@id":"https:\/\/www.inverseteams.com\/de\/#organization"},"potentialAction":[{"@type":"SearchAction","target":{"@type":"EntryPoint","urlTemplate":"https:\/\/www.inverseteams.com\/de\/?s={search_term_string}"},"query-input":{"@type":"PropertyValueSpecification","valueRequired":true,"valueName":"search_term_string"}}],"inLanguage":"de"},{"@type":"Organization","@id":"https:\/\/www.inverseteams.com\/de\/#organization","name":"Inverse Teams","url":"https:\/\/www.inverseteams.com\/de\/","logo":{"@type":"ImageObject","inLanguage":"de","@id":"https:\/\/www.inverseteams.com\/de\/#\/schema\/logo\/image\/","url":"https:\/\/www.inverseteams.com\/wp-content\/uploads\/2021\/03\/logo-inverse-teams.png","contentUrl":"https:\/\/www.inverseteams.com\/wp-content\/uploads\/2021\/03\/logo-inverse-teams.png","width":294,"height":99,"caption":"Inverse Teams"},"image":{"@id":"https:\/\/www.inverseteams.com\/de\/#\/schema\/logo\/image\/"},"sameAs":["https:\/\/www.facebook.com\/inverseteams","http:\/\/instagram.com\/inverseteams","https:\/\/www.linkedin.com\/company\/inverse-cirosport-s-l-?trk=job_view_topcard_company_name","http:\/\/www.pinterest.com\/inverseteams\/","http:\/\/www.youtube.com\/user\/inverseteams?feature=watch"]}]}},"_links":{"self":[{"href":"https:\/\/www.inverseteams.com\/de\/wp-json\/wp\/v2\/product\/173868","targetHints":{"allow":["GET"]}}],"collection":[{"href":"https:\/\/www.inverseteams.com\/de\/wp-json\/wp\/v2\/product"}],"about":[{"href":"https:\/\/www.inverseteams.com\/de\/wp-json\/wp\/v2\/types\/product"}],"replies":[{"embeddable":true,"href":"https:\/\/www.inverseteams.com\/de\/wp-json\/wp\/v2\/comments?post=173868"}],"wp:featuredmedia":[{"embeddable":true,"href":"https:\/\/www.inverseteams.com\/de\/wp-json\/wp\/v2\/media\/165029"}],"wp:attachment":[{"href":"https:\/\/www.inverseteams.com\/de\/wp-json\/wp\/v2\/media?parent=173868"}],"wp:term":[{"taxonomy":"product_brand","embeddable":true,"href":"https:\/\/www.inverseteams.com\/de\/wp-json\/wp\/v2\/product_brand?post=173868"},{"taxonomy":"product_cat","embeddable":true,"href":"https:\/\/www.inverseteams.com\/de\/wp-json\/wp\/v2\/product_cat?post=173868"},{"taxonomy":"product_tag","embeddable":true,"href":"https:\/\/www.inverseteams.com\/de\/wp-json\/wp\/v2\/product_tag?post=173868"},{"taxonomy":"custom_category","embeddable":true,"href":"https:\/\/www.inverseteams.com\/de\/wp-json\/wp\/v2\/custom_category?post=173868"},{"taxonomy":"range","embeddable":true,"href":"https:\/\/www.inverseteams.com\/de\/wp-json\/wp\/v2\/range?post=173868"}],"curies":[{"name":"wp","href":"https:\/\/api.w.org\/{rel}","templated":true}]}}