{"id":173841,"date":"2022-07-21T07:46:36","date_gmt":"2022-07-21T07:51:08","guid":{"rendered":"https:\/\/www.inverseteams.com\/product\/ski-mountaineering-jersey-skimo\/"},"modified":"2024-02-03T12:54:02","modified_gmt":"2024-02-03T12:54:02","slug":"personalisiertes-skitouren-shirt-skimo","status":"publish","type":"product","link":"https:\/\/www.inverseteams.com\/de\/produkt\/personalisiertes-skitouren-shirt-skimo\/","title":{"rendered":"Personalisiertes Skitouren Shirt SKIMO"},"content":{"rendered":"<p>Elastisches Skitouren-Trikot, das sich perfekt an den K\u00f6rper und alle Bewegungen anpasst und au\u00dfergew\u00f6hnliche Aerodynamik und hohen Komfort garantiert. Es verf\u00fcgt \u00fcber einen Frontrei\u00dfverschluss, der ein einfaches An- und Ausziehen des Tourentrikots erm\u00f6glicht.<br \/>\nEs verf\u00fcgt \u00fcber leicht zug\u00e4ngliche Au\u00dfentaschen, um die Felle aufzubewahren, wenn sie nicht ben\u00f6tigt werden. Im Inneren befinden sich au\u00dferdem mehrere offene Taschen und eine mit Rei\u00dfverschluss. Die Schultern sind mit einem Griff verst\u00e4rkt, sodass sich der Rucksack w\u00e4hrend des Trainings nicht bewegt und gleichzeitig das Gewebe geschont wird.<\/p>\n","protected":false},"excerpt":{"rendered":"<p>Elastisches Skitouren-Trikot, das sich perfekt an den K\u00f6rper und alle Bewegungen anpasst und au\u00dfergew\u00f6hnliche Aerodynamik und hohen Komfort garantiert. Es verf\u00fcgt \u00fcber einen Frontrei\u00dfverschluss, der ein einfaches An- und Ausziehen des Tourentrikots erm\u00f6glicht.<br \/>\nEs verf\u00fcgt \u00fcber leicht zug\u00e4ngliche Au\u00dfentaschen, um die Felle aufzubewahren, wenn sie nicht ben\u00f6tigt werden. Im Inneren befinden sich au\u00dferdem mehrere offene Taschen und eine mit Rei\u00dfverschluss. Die Schultern sind mit einem Griff verst\u00e4rkt, sodass sich der Rucksack w\u00e4hrend des Trainings nicht bewegt und gleichzeitig das Gewebe geschont wird.<\/p>\n","protected":false},"featured_media":157508,"comment_status":"closed","ping_status":"open","template":"","meta":{"_acf_changed":false},"product_brand":[],"product_cat":[11218],"product_tag":[],"custom_category":[11273,11240,11270],"range":[11271],"class_list":{"0":"post-173841","1":"product","2":"type-product","3":"status-publish","4":"has-post-thumbnail","6":"product_cat-uncategorized-de","7":"pa_climatologia-frio-de","8":"pa_deporte-esqui-de","9":"pa_genero-hombre-de","10":"pa_genero-mujer-de","11":"pa_patronaje-fit-de","12":"pa_tipo-de-prenda-mono-de","13":"custom_category-personalisierte-skishirt","14":"custom_category-sport","15":"custom_category-personalisierte-skibekleidung","16":"range-skimo-de","18":"first","19":"instock","20":"product-type-custom"},"acf":[],"yoast_head":"<!-- This site is optimized with the Yoast SEO plugin v27.3 - https:\/\/yoast.com\/product\/yoast-seo-wordpress\/ -->\n<title>Personalisiertes Skitouren Shirt SKIMO<\/title>\n<meta name=\"description\" content=\"Elastisches Skitouren-Trikot, das sich perfekt an den K\u00f6rper und alle Bewegungen anpasst und au\u00dfergew\u00f6hnliche Aerodynamik und hohen Komfort garantiert. Es verf\u00fcgt \u00fcber einen Frontrei\u00dfverschluss, der ein einfaches An- und Ausziehen des Tourentrikots erm\u00f6glicht. Es verf\u00fcgt \u00fcber leicht zug\u00e4ngliche Au\u00dfentaschen, um die Felle aufzubewahren, wenn sie nicht ben\u00f6tigt werden. Im Inneren befinden sich au\u00dferdem mehrere offene Taschen und eine mit Rei\u00dfverschluss. Die Schultern sind mit einem Griff verst\u00e4rkt, sodass sich der Rucksack w\u00e4hrend des Trainings nicht bewegt und gleichzeitig das Gewebe geschont wird.\" \/>\n<meta name=\"robots\" content=\"index, follow, max-snippet:-1, max-image-preview:large, max-video-preview:-1\" \/>\n<link rel=\"canonical\" href=\"https:\/\/www.inverseteams.com\/de\/produkt\/personalisiertes-skitouren-shirt-skimo\/\" \/>\n<meta property=\"og:locale\" content=\"de_DE\" \/>\n<meta property=\"og:type\" content=\"article\" \/>\n<meta property=\"og:title\" content=\"Personalisiertes Skitouren Shirt SKIMO\" \/>\n<meta property=\"og:description\" content=\"Elastisches Skitouren-Trikot, das sich perfekt an den K\u00f6rper und alle Bewegungen anpasst und au\u00dfergew\u00f6hnliche Aerodynamik und hohen Komfort garantiert. Es verf\u00fcgt \u00fcber einen Frontrei\u00dfverschluss, der ein einfaches An- und Ausziehen des Tourentrikots erm\u00f6glicht. Es verf\u00fcgt \u00fcber leicht zug\u00e4ngliche Au\u00dfentaschen, um die Felle aufzubewahren, wenn sie nicht ben\u00f6tigt werden. Im Inneren befinden sich au\u00dferdem mehrere offene Taschen und eine mit Rei\u00dfverschluss. Die Schultern sind mit einem Griff verst\u00e4rkt, sodass sich der Rucksack w\u00e4hrend des Trainings nicht bewegt und gleichzeitig das Gewebe geschont wird.\" \/>\n<meta property=\"og:url\" content=\"https:\/\/www.inverseteams.com\/de\/produkt\/personalisiertes-skitouren-shirt-skimo\/\" \/>\n<meta property=\"og:site_name\" content=\"Inverseteams\" \/>\n<meta property=\"article:publisher\" content=\"https:\/\/www.facebook.com\/inverseteams\" \/>\n<meta property=\"article:modified_time\" content=\"2024-02-03T12:54:02+00:00\" \/>\n<meta property=\"og:image\" content=\"https:\/\/www.inverseteams.com\/wp-content\/uploads\/MAILLOT-ESQUI-TRAVESIA-SKIMO-1.jpg\" \/>\n\t<meta property=\"og:image:width\" content=\"3222\" \/>\n\t<meta property=\"og:image:height\" content=\"3462\" \/>\n\t<meta property=\"og:image:type\" content=\"image\/jpeg\" \/>\n<meta name=\"twitter:card\" content=\"summary_large_image\" \/>\n<meta name=\"twitter:label1\" content=\"Gesch\u00e4tzte Lesezeit\" \/>\n\t<meta name=\"twitter:data1\" content=\"1\u00a0Minute\" \/>\n<script type=\"application\/ld+json\" class=\"yoast-schema-graph\">{\"@context\":\"https:\\\/\\\/schema.org\",\"@graph\":[{\"@type\":\"WebPage\",\"@id\":\"https:\\\/\\\/www.inverseteams.com\\\/de\\\/produkt\\\/personalisiertes-skitouren-shirt-skimo\\\/\",\"url\":\"https:\\\/\\\/www.inverseteams.com\\\/de\\\/produkt\\\/personalisiertes-skitouren-shirt-skimo\\\/\",\"name\":\"Personalisiertes Skitouren Shirt SKIMO\",\"isPartOf\":{\"@id\":\"https:\\\/\\\/www.inverseteams.com\\\/de\\\/#website\"},\"primaryImageOfPage\":{\"@id\":\"https:\\\/\\\/www.inverseteams.com\\\/de\\\/produkt\\\/personalisiertes-skitouren-shirt-skimo\\\/#primaryimage\"},\"image\":{\"@id\":\"https:\\\/\\\/www.inverseteams.com\\\/de\\\/produkt\\\/personalisiertes-skitouren-shirt-skimo\\\/#primaryimage\"},\"thumbnailUrl\":\"https:\\\/\\\/www.inverseteams.com\\\/wp-content\\\/uploads\\\/MAILLOT-ESQUI-TRAVESIA-SKIMO-1.jpg\",\"datePublished\":\"2022-07-21T07:51:08+00:00\",\"dateModified\":\"2024-02-03T12:54:02+00:00\",\"description\":\"Elastisches Skitouren-Trikot, das sich perfekt an den K\u00f6rper und alle Bewegungen anpasst und au\u00dfergew\u00f6hnliche Aerodynamik und hohen Komfort garantiert. Es verf\u00fcgt \u00fcber einen Frontrei\u00dfverschluss, der ein einfaches An- und Ausziehen des Tourentrikots erm\u00f6glicht. Es verf\u00fcgt \u00fcber leicht zug\u00e4ngliche Au\u00dfentaschen, um die Felle aufzubewahren, wenn sie nicht ben\u00f6tigt werden. Im Inneren befinden sich au\u00dferdem mehrere offene Taschen und eine mit Rei\u00dfverschluss. Die Schultern sind mit einem Griff verst\u00e4rkt, sodass sich der Rucksack w\u00e4hrend des Trainings nicht bewegt und gleichzeitig das Gewebe geschont wird.\",\"breadcrumb\":{\"@id\":\"https:\\\/\\\/www.inverseteams.com\\\/de\\\/produkt\\\/personalisiertes-skitouren-shirt-skimo\\\/#breadcrumb\"},\"inLanguage\":\"de\",\"potentialAction\":[{\"@type\":\"ReadAction\",\"target\":[\"https:\\\/\\\/www.inverseteams.com\\\/de\\\/produkt\\\/personalisiertes-skitouren-shirt-skimo\\\/\"]}]},{\"@type\":\"ImageObject\",\"inLanguage\":\"de\",\"@id\":\"https:\\\/\\\/www.inverseteams.com\\\/de\\\/produkt\\\/personalisiertes-skitouren-shirt-skimo\\\/#primaryimage\",\"url\":\"https:\\\/\\\/www.inverseteams.com\\\/wp-content\\\/uploads\\\/MAILLOT-ESQUI-TRAVESIA-SKIMO-1.jpg\",\"contentUrl\":\"https:\\\/\\\/www.inverseteams.com\\\/wp-content\\\/uploads\\\/MAILLOT-ESQUI-TRAVESIA-SKIMO-1.jpg\",\"width\":3222,\"height\":3462,\"caption\":\"Maillot esqu\u00ed de traves\u00eda\"},{\"@type\":\"BreadcrumbList\",\"@id\":\"https:\\\/\\\/www.inverseteams.com\\\/de\\\/produkt\\\/personalisiertes-skitouren-shirt-skimo\\\/#breadcrumb\",\"itemListElement\":[{\"@type\":\"ListItem\",\"position\":1,\"name\":\"Portada\",\"item\":\"https:\\\/\\\/www.inverseteams.com\\\/de\\\/\"},{\"@type\":\"ListItem\",\"position\":2,\"name\":\"Speichern\",\"item\":\"https:\\\/\\\/www.inverseteams.com\\\/de\\\/speichern\\\/\"},{\"@type\":\"ListItem\",\"position\":3,\"name\":\"Personalisiertes Skitouren Shirt SKIMO\"}]},{\"@type\":\"WebSite\",\"@id\":\"https:\\\/\\\/www.inverseteams.com\\\/de\\\/#website\",\"url\":\"https:\\\/\\\/www.inverseteams.com\\\/de\\\/\",\"name\":\"Inverseteams\",\"description\":\"Tu marca de ropa deportiva personalizada\",\"publisher\":{\"@id\":\"https:\\\/\\\/www.inverseteams.com\\\/de\\\/#organization\"},\"potentialAction\":[{\"@type\":\"SearchAction\",\"target\":{\"@type\":\"EntryPoint\",\"urlTemplate\":\"https:\\\/\\\/www.inverseteams.com\\\/de\\\/?s={search_term_string}\"},\"query-input\":{\"@type\":\"PropertyValueSpecification\",\"valueRequired\":true,\"valueName\":\"search_term_string\"}}],\"inLanguage\":\"de\"},{\"@type\":\"Organization\",\"@id\":\"https:\\\/\\\/www.inverseteams.com\\\/de\\\/#organization\",\"name\":\"Inverse Teams\",\"url\":\"https:\\\/\\\/www.inverseteams.com\\\/de\\\/\",\"logo\":{\"@type\":\"ImageObject\",\"inLanguage\":\"de\",\"@id\":\"https:\\\/\\\/www.inverseteams.com\\\/de\\\/#\\\/schema\\\/logo\\\/image\\\/\",\"url\":\"https:\\\/\\\/www.inverseteams.com\\\/wp-content\\\/uploads\\\/2021\\\/03\\\/logo-inverse-teams.png\",\"contentUrl\":\"https:\\\/\\\/www.inverseteams.com\\\/wp-content\\\/uploads\\\/2021\\\/03\\\/logo-inverse-teams.png\",\"width\":294,\"height\":99,\"caption\":\"Inverse Teams\"},\"image\":{\"@id\":\"https:\\\/\\\/www.inverseteams.com\\\/de\\\/#\\\/schema\\\/logo\\\/image\\\/\"},\"sameAs\":[\"https:\\\/\\\/www.facebook.com\\\/inverseteams\",\"http:\\\/\\\/instagram.com\\\/inverseteams\",\"https:\\\/\\\/www.linkedin.com\\\/company\\\/inverse-cirosport-s-l-?trk=job_view_topcard_company_name\",\"http:\\\/\\\/www.pinterest.com\\\/inverseteams\\\/\",\"http:\\\/\\\/www.youtube.com\\\/user\\\/inverseteams?feature=watch\"]}]}<\/script>\n<!-- \/ Yoast SEO plugin. -->","yoast_head_json":{"title":"Personalisiertes Skitouren Shirt SKIMO","description":"Elastisches Skitouren-Trikot, das sich perfekt an den K\u00f6rper und alle Bewegungen anpasst und au\u00dfergew\u00f6hnliche Aerodynamik und hohen Komfort garantiert. Es verf\u00fcgt \u00fcber einen Frontrei\u00dfverschluss, der ein einfaches An- und Ausziehen des Tourentrikots erm\u00f6glicht. Es verf\u00fcgt \u00fcber leicht zug\u00e4ngliche Au\u00dfentaschen, um die Felle aufzubewahren, wenn sie nicht ben\u00f6tigt werden. Im Inneren befinden sich au\u00dferdem mehrere offene Taschen und eine mit Rei\u00dfverschluss. Die Schultern sind mit einem Griff verst\u00e4rkt, sodass sich der Rucksack w\u00e4hrend des Trainings nicht bewegt und gleichzeitig das Gewebe geschont wird.","robots":{"index":"index","follow":"follow","max-snippet":"max-snippet:-1","max-image-preview":"max-image-preview:large","max-video-preview":"max-video-preview:-1"},"canonical":"https:\/\/www.inverseteams.com\/de\/produkt\/personalisiertes-skitouren-shirt-skimo\/","og_locale":"de_DE","og_type":"article","og_title":"Personalisiertes Skitouren Shirt SKIMO","og_description":"Elastisches Skitouren-Trikot, das sich perfekt an den K\u00f6rper und alle Bewegungen anpasst und au\u00dfergew\u00f6hnliche Aerodynamik und hohen Komfort garantiert. Es verf\u00fcgt \u00fcber einen Frontrei\u00dfverschluss, der ein einfaches An- und Ausziehen des Tourentrikots erm\u00f6glicht. Es verf\u00fcgt \u00fcber leicht zug\u00e4ngliche Au\u00dfentaschen, um die Felle aufzubewahren, wenn sie nicht ben\u00f6tigt werden. Im Inneren befinden sich au\u00dferdem mehrere offene Taschen und eine mit Rei\u00dfverschluss. Die Schultern sind mit einem Griff verst\u00e4rkt, sodass sich der Rucksack w\u00e4hrend des Trainings nicht bewegt und gleichzeitig das Gewebe geschont wird.","og_url":"https:\/\/www.inverseteams.com\/de\/produkt\/personalisiertes-skitouren-shirt-skimo\/","og_site_name":"Inverseteams","article_publisher":"https:\/\/www.facebook.com\/inverseteams","article_modified_time":"2024-02-03T12:54:02+00:00","og_image":[{"width":3222,"height":3462,"url":"https:\/\/www.inverseteams.com\/wp-content\/uploads\/MAILLOT-ESQUI-TRAVESIA-SKIMO-1.jpg","type":"image\/jpeg"}],"twitter_card":"summary_large_image","twitter_misc":{"Gesch\u00e4tzte Lesezeit":"1\u00a0Minute"},"schema":{"@context":"https:\/\/schema.org","@graph":[{"@type":"WebPage","@id":"https:\/\/www.inverseteams.com\/de\/produkt\/personalisiertes-skitouren-shirt-skimo\/","url":"https:\/\/www.inverseteams.com\/de\/produkt\/personalisiertes-skitouren-shirt-skimo\/","name":"Personalisiertes Skitouren Shirt SKIMO","isPartOf":{"@id":"https:\/\/www.inverseteams.com\/de\/#website"},"primaryImageOfPage":{"@id":"https:\/\/www.inverseteams.com\/de\/produkt\/personalisiertes-skitouren-shirt-skimo\/#primaryimage"},"image":{"@id":"https:\/\/www.inverseteams.com\/de\/produkt\/personalisiertes-skitouren-shirt-skimo\/#primaryimage"},"thumbnailUrl":"https:\/\/www.inverseteams.com\/wp-content\/uploads\/MAILLOT-ESQUI-TRAVESIA-SKIMO-1.jpg","datePublished":"2022-07-21T07:51:08+00:00","dateModified":"2024-02-03T12:54:02+00:00","description":"Elastisches Skitouren-Trikot, das sich perfekt an den K\u00f6rper und alle Bewegungen anpasst und au\u00dfergew\u00f6hnliche Aerodynamik und hohen Komfort garantiert. Es verf\u00fcgt \u00fcber einen Frontrei\u00dfverschluss, der ein einfaches An- und Ausziehen des Tourentrikots erm\u00f6glicht. Es verf\u00fcgt \u00fcber leicht zug\u00e4ngliche Au\u00dfentaschen, um die Felle aufzubewahren, wenn sie nicht ben\u00f6tigt werden. Im Inneren befinden sich au\u00dferdem mehrere offene Taschen und eine mit Rei\u00dfverschluss. Die Schultern sind mit einem Griff verst\u00e4rkt, sodass sich der Rucksack w\u00e4hrend des Trainings nicht bewegt und gleichzeitig das Gewebe geschont wird.","breadcrumb":{"@id":"https:\/\/www.inverseteams.com\/de\/produkt\/personalisiertes-skitouren-shirt-skimo\/#breadcrumb"},"inLanguage":"de","potentialAction":[{"@type":"ReadAction","target":["https:\/\/www.inverseteams.com\/de\/produkt\/personalisiertes-skitouren-shirt-skimo\/"]}]},{"@type":"ImageObject","inLanguage":"de","@id":"https:\/\/www.inverseteams.com\/de\/produkt\/personalisiertes-skitouren-shirt-skimo\/#primaryimage","url":"https:\/\/www.inverseteams.com\/wp-content\/uploads\/MAILLOT-ESQUI-TRAVESIA-SKIMO-1.jpg","contentUrl":"https:\/\/www.inverseteams.com\/wp-content\/uploads\/MAILLOT-ESQUI-TRAVESIA-SKIMO-1.jpg","width":3222,"height":3462,"caption":"Maillot esqu\u00ed de traves\u00eda"},{"@type":"BreadcrumbList","@id":"https:\/\/www.inverseteams.com\/de\/produkt\/personalisiertes-skitouren-shirt-skimo\/#breadcrumb","itemListElement":[{"@type":"ListItem","position":1,"name":"Portada","item":"https:\/\/www.inverseteams.com\/de\/"},{"@type":"ListItem","position":2,"name":"Speichern","item":"https:\/\/www.inverseteams.com\/de\/speichern\/"},{"@type":"ListItem","position":3,"name":"Personalisiertes Skitouren Shirt SKIMO"}]},{"@type":"WebSite","@id":"https:\/\/www.inverseteams.com\/de\/#website","url":"https:\/\/www.inverseteams.com\/de\/","name":"Inverseteams","description":"Tu marca de ropa deportiva personalizada","publisher":{"@id":"https:\/\/www.inverseteams.com\/de\/#organization"},"potentialAction":[{"@type":"SearchAction","target":{"@type":"EntryPoint","urlTemplate":"https:\/\/www.inverseteams.com\/de\/?s={search_term_string}"},"query-input":{"@type":"PropertyValueSpecification","valueRequired":true,"valueName":"search_term_string"}}],"inLanguage":"de"},{"@type":"Organization","@id":"https:\/\/www.inverseteams.com\/de\/#organization","name":"Inverse Teams","url":"https:\/\/www.inverseteams.com\/de\/","logo":{"@type":"ImageObject","inLanguage":"de","@id":"https:\/\/www.inverseteams.com\/de\/#\/schema\/logo\/image\/","url":"https:\/\/www.inverseteams.com\/wp-content\/uploads\/2021\/03\/logo-inverse-teams.png","contentUrl":"https:\/\/www.inverseteams.com\/wp-content\/uploads\/2021\/03\/logo-inverse-teams.png","width":294,"height":99,"caption":"Inverse Teams"},"image":{"@id":"https:\/\/www.inverseteams.com\/de\/#\/schema\/logo\/image\/"},"sameAs":["https:\/\/www.facebook.com\/inverseteams","http:\/\/instagram.com\/inverseteams","https:\/\/www.linkedin.com\/company\/inverse-cirosport-s-l-?trk=job_view_topcard_company_name","http:\/\/www.pinterest.com\/inverseteams\/","http:\/\/www.youtube.com\/user\/inverseteams?feature=watch"]}]}},"_links":{"self":[{"href":"https:\/\/www.inverseteams.com\/de\/wp-json\/wp\/v2\/product\/173841","targetHints":{"allow":["GET"]}}],"collection":[{"href":"https:\/\/www.inverseteams.com\/de\/wp-json\/wp\/v2\/product"}],"about":[{"href":"https:\/\/www.inverseteams.com\/de\/wp-json\/wp\/v2\/types\/product"}],"replies":[{"embeddable":true,"href":"https:\/\/www.inverseteams.com\/de\/wp-json\/wp\/v2\/comments?post=173841"}],"wp:featuredmedia":[{"embeddable":true,"href":"https:\/\/www.inverseteams.com\/de\/wp-json\/wp\/v2\/media\/157508"}],"wp:attachment":[{"href":"https:\/\/www.inverseteams.com\/de\/wp-json\/wp\/v2\/media?parent=173841"}],"wp:term":[{"taxonomy":"product_brand","embeddable":true,"href":"https:\/\/www.inverseteams.com\/de\/wp-json\/wp\/v2\/product_brand?post=173841"},{"taxonomy":"product_cat","embeddable":true,"href":"https:\/\/www.inverseteams.com\/de\/wp-json\/wp\/v2\/product_cat?post=173841"},{"taxonomy":"product_tag","embeddable":true,"href":"https:\/\/www.inverseteams.com\/de\/wp-json\/wp\/v2\/product_tag?post=173841"},{"taxonomy":"custom_category","embeddable":true,"href":"https:\/\/www.inverseteams.com\/de\/wp-json\/wp\/v2\/custom_category?post=173841"},{"taxonomy":"range","embeddable":true,"href":"https:\/\/www.inverseteams.com\/de\/wp-json\/wp\/v2\/range?post=173841"}],"curies":[{"name":"wp","href":"https:\/\/api.w.org\/{rel}","templated":true}]}}