{"id":173793,"date":"2023-11-08T15:12:51","date_gmt":"2023-11-08T15:15:57","guid":{"rendered":"https:\/\/www.inverseteams.com\/product\/female-sleeveless-jersey-tracker\/"},"modified":"2024-06-25T12:40:34","modified_gmt":"2024-06-25T12:40:34","slug":"personalisiertes-gravel-armelloses-trikot-tracker-damen","status":"publish","type":"product","link":"https:\/\/www.inverseteams.com\/de\/produkt\/personalisiertes-gravel-armelloses-trikot-tracker-damen\/","title":{"rendered":"Personalisiertes Gravel \u00c4rmelloses Trikot TRACKER (DAMEN)"},"content":{"rendered":"<p>Super atmungsaktives Trikot mit lockerer Passform, perfekt f\u00fcr lange Ausfl\u00fcge.<br \/>\nDie Seiteneins\u00e4tze bestehen aus einem sehr widerstandsf\u00e4higen Stoff mit offener Struktur, der auch dazu beitr\u00e4gt, Schwei\u00df schnell abzuleiten. Der K\u00f6rper besteht aus einem frischen und weichen Stoff mit einer sehr angenehmen Haptik. Sie werden sich rundum wohl f\u00fchlen.<br \/>\nAn der Taille befindet sich ein Silikonband, das verhindert, dass sich das Trikot beim Treten bewegt.<br \/>\nIm unteren R\u00fcckenbereich sind drei Taschen mit dem neuen ISP-Sicherheitssystem \u2013 Inverse Safe Pocket \u2013 integriert, in denen Sie jeden Gegenstand aufbewahren k\u00f6nnen, ohne bef\u00fcrchten zu m\u00fcssen, ihn zu verlieren. Genie\u00dfen Sie sorgenfreies Radfahren. Es verf\u00fcgt au\u00dferdem \u00fcber zwei zus\u00e4tzliche Taschen an den Seiten, sodass Sie alles verstauen k\u00f6nnen, was Sie f\u00fcr lange Reisen ben\u00f6tigen.<br \/>\nEntdecken Sie Ihre reiselustigste und abenteuerlustigste Seite mit diesem Trikot f\u00fcr Gravel-Liebhaber.<\/p>\n","protected":false},"excerpt":{"rendered":"<p>Super atmungsaktives Trikot mit lockerer Passform, perfekt f\u00fcr lange Ausfl\u00fcge.<br \/>\nDie Seiteneins\u00e4tze bestehen aus einem sehr widerstandsf\u00e4higen Stoff mit offener Struktur, der auch dazu beitr\u00e4gt, Schwei\u00df schnell abzuleiten. Der K\u00f6rper besteht aus einem frischen und weichen Stoff mit einer sehr angenehmen Haptik. Sie werden sich rundum wohl f\u00fchlen.<br \/>\nAn der Taille befindet sich ein Silikonband, das verhindert, dass sich das Trikot beim Treten bewegt.<br \/>\nIm unteren R\u00fcckenbereich sind drei Taschen mit dem neuen ISP-Sicherheitssystem \u2013 Inverse Safe Pocket \u2013 integriert, in denen Sie jeden Gegenstand aufbewahren k\u00f6nnen, ohne bef\u00fcrchten zu m\u00fcssen, ihn zu verlieren. Genie\u00dfen Sie sorgenfreies Radfahren. Es verf\u00fcgt au\u00dferdem \u00fcber zwei zus\u00e4tzliche Taschen an den Seiten, sodass Sie alles verstauen k\u00f6nnen, was Sie f\u00fcr lange Reisen ben\u00f6tigen.<br \/>\nEntdecken Sie Ihre reiselustigste und abenteuerlustigste Seite mit diesem Trikot f\u00fcr Gravel-Liebhaber.<\/p>\n","protected":false},"featured_media":167914,"comment_status":"closed","ping_status":"closed","template":"","meta":{"_acf_changed":false},"product_brand":[],"product_cat":[11218],"product_tag":[],"custom_category":[11248,11240,11249],"range":[11250],"class_list":{"0":"post-173793","1":"product","2":"type-product","3":"status-publish","4":"has-post-thumbnail","6":"product_cat-uncategorized-de","7":"pa_climatologia-calor-de","8":"pa_deporte-gravel-de","9":"pa_genero-mujer-de","10":"pa_patronaje-casual-de","11":"pa_tipo-de-prenda-maillot-manga-corta-de","12":"custom_category-personalisierte-gravel-trikot","13":"custom_category-sport","14":"custom_category-personalisierte-gravelbekleidung","15":"range-tracker-de","17":"first","18":"instock","19":"product-type-custom"},"acf":[],"yoast_head":"<!-- This site is optimized with the Yoast SEO plugin v27.2 - https:\/\/yoast.com\/product\/yoast-seo-wordpress\/ -->\n<title>Personalisiertes Gravel Trikot TRACKER (DAMEN)<\/title>\n<meta name=\"description\" content=\"Super atmungsaktives Trikot mit lockerer Passform, perfekt f\u00fcr lange Ausfl\u00fcge. Die Seiteneins\u00e4tze bestehen aus einem sehr widerstandsf\u00e4higen Stoff mit offener Struktur, der auch dazu beitr\u00e4gt, Schwei\u00df schnell abzuleiten. Der K\u00f6rper besteht aus einem frischen und weichen Stoff mit einer sehr angenehmen Haptik. Sie werden sich rundum wohl f\u00fchlen. An der Taille befindet sich ein Silikonband, das verhindert, dass sich das Trikot beim Treten bewegt. Im unteren R\u00fcckenbereich sind drei Taschen mit dem neuen ISP-Sicherheitssystem \u2013 Inverse Safe Pocket \u2013 integriert, in denen Sie jeden Gegenstand aufbewahren k\u00f6nnen, ohne bef\u00fcrchten zu m\u00fcssen, ihn zu verlieren. Genie\u00dfen Sie sorgenfreies Radfahren. Es verf\u00fcgt au\u00dferdem \u00fcber zwei zus\u00e4tzliche Taschen an den Seiten, sodass Sie alles verstauen k\u00f6nnen, was Sie f\u00fcr lange Reisen ben\u00f6tigen. Entdecken Sie Ihre reiselustigste und abenteuerlustigste Seite mit diesem Trikot f\u00fcr Gravel-Liebhaber.\" \/>\n<meta name=\"robots\" content=\"index, follow, max-snippet:-1, max-image-preview:large, max-video-preview:-1\" \/>\n<link rel=\"canonical\" href=\"https:\/\/www.inverseteams.com\/de\/produkt\/personalisiertes-gravel-armelloses-trikot-tracker-damen\/\" \/>\n<meta property=\"og:locale\" content=\"de_DE\" \/>\n<meta property=\"og:type\" content=\"article\" \/>\n<meta property=\"og:title\" content=\"Personalisiertes Gravel Trikot TRACKER (DAMEN)\" \/>\n<meta property=\"og:description\" content=\"Super atmungsaktives Trikot mit lockerer Passform, perfekt f\u00fcr lange Ausfl\u00fcge. Die Seiteneins\u00e4tze bestehen aus einem sehr widerstandsf\u00e4higen Stoff mit offener Struktur, der auch dazu beitr\u00e4gt, Schwei\u00df schnell abzuleiten. Der K\u00f6rper besteht aus einem frischen und weichen Stoff mit einer sehr angenehmen Haptik. Sie werden sich rundum wohl f\u00fchlen. An der Taille befindet sich ein Silikonband, das verhindert, dass sich das Trikot beim Treten bewegt. Im unteren R\u00fcckenbereich sind drei Taschen mit dem neuen ISP-Sicherheitssystem \u2013 Inverse Safe Pocket \u2013 integriert, in denen Sie jeden Gegenstand aufbewahren k\u00f6nnen, ohne bef\u00fcrchten zu m\u00fcssen, ihn zu verlieren. Genie\u00dfen Sie sorgenfreies Radfahren. Es verf\u00fcgt au\u00dferdem \u00fcber zwei zus\u00e4tzliche Taschen an den Seiten, sodass Sie alles verstauen k\u00f6nnen, was Sie f\u00fcr lange Reisen ben\u00f6tigen. Entdecken Sie Ihre reiselustigste und abenteuerlustigste Seite mit diesem Trikot f\u00fcr Gravel-Liebhaber.\" \/>\n<meta property=\"og:url\" content=\"https:\/\/www.inverseteams.com\/de\/produkt\/personalisiertes-gravel-armelloses-trikot-tracker-damen\/\" \/>\n<meta property=\"og:site_name\" content=\"Inverseteams\" \/>\n<meta property=\"article:publisher\" content=\"https:\/\/www.facebook.com\/inverseteams\" \/>\n<meta property=\"article:modified_time\" content=\"2024-06-25T12:40:34+00:00\" \/>\n<meta property=\"og:image\" content=\"https:\/\/www.inverseteams.com\/wp-content\/uploads\/MAILLOT-CT-MUJER-TRACKER-1.jpg\" \/>\n\t<meta property=\"og:image:width\" content=\"3222\" \/>\n\t<meta property=\"og:image:height\" content=\"3462\" \/>\n\t<meta property=\"og:image:type\" content=\"image\/jpeg\" \/>\n<meta name=\"twitter:card\" content=\"summary_large_image\" \/>\n<meta name=\"twitter:label1\" content=\"Gesch\u00e4tzte Lesezeit\" \/>\n\t<meta name=\"twitter:data1\" content=\"1\u00a0Minute\" \/>\n<script type=\"application\/ld+json\" class=\"yoast-schema-graph\">{\"@context\":\"https:\/\/schema.org\",\"@graph\":[{\"@type\":\"WebPage\",\"@id\":\"https:\/\/www.inverseteams.com\/de\/produkt\/personalisiertes-gravel-armelloses-trikot-tracker-damen\/\",\"url\":\"https:\/\/www.inverseteams.com\/de\/produkt\/personalisiertes-gravel-armelloses-trikot-tracker-damen\/\",\"name\":\"Personalisiertes Gravel Trikot TRACKER (DAMEN)\",\"isPartOf\":{\"@id\":\"https:\/\/www.inverseteams.com\/de\/#website\"},\"primaryImageOfPage\":{\"@id\":\"https:\/\/www.inverseteams.com\/de\/produkt\/personalisiertes-gravel-armelloses-trikot-tracker-damen\/#primaryimage\"},\"image\":{\"@id\":\"https:\/\/www.inverseteams.com\/de\/produkt\/personalisiertes-gravel-armelloses-trikot-tracker-damen\/#primaryimage\"},\"thumbnailUrl\":\"https:\/\/www.inverseteams.com\/wp-content\/uploads\/MAILLOT-CT-MUJER-TRACKER-1.jpg\",\"datePublished\":\"2023-11-08T15:15:57+00:00\",\"dateModified\":\"2024-06-25T12:40:34+00:00\",\"description\":\"Super atmungsaktives Trikot mit lockerer Passform, perfekt f\u00fcr lange Ausfl\u00fcge. Die Seiteneins\u00e4tze bestehen aus einem sehr widerstandsf\u00e4higen Stoff mit offener Struktur, der auch dazu beitr\u00e4gt, Schwei\u00df schnell abzuleiten. Der K\u00f6rper besteht aus einem frischen und weichen Stoff mit einer sehr angenehmen Haptik. Sie werden sich rundum wohl f\u00fchlen. An der Taille befindet sich ein Silikonband, das verhindert, dass sich das Trikot beim Treten bewegt. Im unteren R\u00fcckenbereich sind drei Taschen mit dem neuen ISP-Sicherheitssystem \u2013 Inverse Safe Pocket \u2013 integriert, in denen Sie jeden Gegenstand aufbewahren k\u00f6nnen, ohne bef\u00fcrchten zu m\u00fcssen, ihn zu verlieren. Genie\u00dfen Sie sorgenfreies Radfahren. Es verf\u00fcgt au\u00dferdem \u00fcber zwei zus\u00e4tzliche Taschen an den Seiten, sodass Sie alles verstauen k\u00f6nnen, was Sie f\u00fcr lange Reisen ben\u00f6tigen. Entdecken Sie Ihre reiselustigste und abenteuerlustigste Seite mit diesem Trikot f\u00fcr Gravel-Liebhaber.\",\"breadcrumb\":{\"@id\":\"https:\/\/www.inverseteams.com\/de\/produkt\/personalisiertes-gravel-armelloses-trikot-tracker-damen\/#breadcrumb\"},\"inLanguage\":\"de\",\"potentialAction\":[{\"@type\":\"ReadAction\",\"target\":[\"https:\/\/www.inverseteams.com\/de\/produkt\/personalisiertes-gravel-armelloses-trikot-tracker-damen\/\"]}]},{\"@type\":\"ImageObject\",\"inLanguage\":\"de\",\"@id\":\"https:\/\/www.inverseteams.com\/de\/produkt\/personalisiertes-gravel-armelloses-trikot-tracker-damen\/#primaryimage\",\"url\":\"https:\/\/www.inverseteams.com\/wp-content\/uploads\/MAILLOT-CT-MUJER-TRACKER-1.jpg\",\"contentUrl\":\"https:\/\/www.inverseteams.com\/wp-content\/uploads\/MAILLOT-CT-MUJER-TRACKER-1.jpg\",\"width\":3222,\"height\":3462},{\"@type\":\"BreadcrumbList\",\"@id\":\"https:\/\/www.inverseteams.com\/de\/produkt\/personalisiertes-gravel-armelloses-trikot-tracker-damen\/#breadcrumb\",\"itemListElement\":[{\"@type\":\"ListItem\",\"position\":1,\"name\":\"Portada\",\"item\":\"https:\/\/www.inverseteams.com\/de\/\"},{\"@type\":\"ListItem\",\"position\":2,\"name\":\"Speichern\",\"item\":\"https:\/\/www.inverseteams.com\/de\/speichern\/\"},{\"@type\":\"ListItem\",\"position\":3,\"name\":\"Personalisiertes Gravel \u00c4rmelloses Trikot TRACKER (DAMEN)\"}]},{\"@type\":\"WebSite\",\"@id\":\"https:\/\/www.inverseteams.com\/de\/#website\",\"url\":\"https:\/\/www.inverseteams.com\/de\/\",\"name\":\"Inverseteams\",\"description\":\"Tu marca de ropa deportiva personalizada\",\"publisher\":{\"@id\":\"https:\/\/www.inverseteams.com\/de\/#organization\"},\"potentialAction\":[{\"@type\":\"SearchAction\",\"target\":{\"@type\":\"EntryPoint\",\"urlTemplate\":\"https:\/\/www.inverseteams.com\/de\/?s={search_term_string}\"},\"query-input\":{\"@type\":\"PropertyValueSpecification\",\"valueRequired\":true,\"valueName\":\"search_term_string\"}}],\"inLanguage\":\"de\"},{\"@type\":\"Organization\",\"@id\":\"https:\/\/www.inverseteams.com\/de\/#organization\",\"name\":\"Inverse Teams\",\"url\":\"https:\/\/www.inverseteams.com\/de\/\",\"logo\":{\"@type\":\"ImageObject\",\"inLanguage\":\"de\",\"@id\":\"https:\/\/www.inverseteams.com\/de\/#\/schema\/logo\/image\/\",\"url\":\"https:\/\/www.inverseteams.com\/wp-content\/uploads\/2021\/03\/logo-inverse-teams.png\",\"contentUrl\":\"https:\/\/www.inverseteams.com\/wp-content\/uploads\/2021\/03\/logo-inverse-teams.png\",\"width\":294,\"height\":99,\"caption\":\"Inverse Teams\"},\"image\":{\"@id\":\"https:\/\/www.inverseteams.com\/de\/#\/schema\/logo\/image\/\"},\"sameAs\":[\"https:\/\/www.facebook.com\/inverseteams\",\"http:\/\/instagram.com\/inverseteams\",\"https:\/\/www.linkedin.com\/company\/inverse-cirosport-s-l-?trk=job_view_topcard_company_name\",\"http:\/\/www.pinterest.com\/inverseteams\/\",\"http:\/\/www.youtube.com\/user\/inverseteams?feature=watch\"]}]}<\/script>\n<!-- \/ Yoast SEO plugin. -->","yoast_head_json":{"title":"Personalisiertes Gravel Trikot TRACKER (DAMEN)","description":"Super atmungsaktives Trikot mit lockerer Passform, perfekt f\u00fcr lange Ausfl\u00fcge. Die Seiteneins\u00e4tze bestehen aus einem sehr widerstandsf\u00e4higen Stoff mit offener Struktur, der auch dazu beitr\u00e4gt, Schwei\u00df schnell abzuleiten. Der K\u00f6rper besteht aus einem frischen und weichen Stoff mit einer sehr angenehmen Haptik. Sie werden sich rundum wohl f\u00fchlen. An der Taille befindet sich ein Silikonband, das verhindert, dass sich das Trikot beim Treten bewegt. Im unteren R\u00fcckenbereich sind drei Taschen mit dem neuen ISP-Sicherheitssystem \u2013 Inverse Safe Pocket \u2013 integriert, in denen Sie jeden Gegenstand aufbewahren k\u00f6nnen, ohne bef\u00fcrchten zu m\u00fcssen, ihn zu verlieren. Genie\u00dfen Sie sorgenfreies Radfahren. Es verf\u00fcgt au\u00dferdem \u00fcber zwei zus\u00e4tzliche Taschen an den Seiten, sodass Sie alles verstauen k\u00f6nnen, was Sie f\u00fcr lange Reisen ben\u00f6tigen. Entdecken Sie Ihre reiselustigste und abenteuerlustigste Seite mit diesem Trikot f\u00fcr Gravel-Liebhaber.","robots":{"index":"index","follow":"follow","max-snippet":"max-snippet:-1","max-image-preview":"max-image-preview:large","max-video-preview":"max-video-preview:-1"},"canonical":"https:\/\/www.inverseteams.com\/de\/produkt\/personalisiertes-gravel-armelloses-trikot-tracker-damen\/","og_locale":"de_DE","og_type":"article","og_title":"Personalisiertes Gravel Trikot TRACKER (DAMEN)","og_description":"Super atmungsaktives Trikot mit lockerer Passform, perfekt f\u00fcr lange Ausfl\u00fcge. Die Seiteneins\u00e4tze bestehen aus einem sehr widerstandsf\u00e4higen Stoff mit offener Struktur, der auch dazu beitr\u00e4gt, Schwei\u00df schnell abzuleiten. Der K\u00f6rper besteht aus einem frischen und weichen Stoff mit einer sehr angenehmen Haptik. Sie werden sich rundum wohl f\u00fchlen. An der Taille befindet sich ein Silikonband, das verhindert, dass sich das Trikot beim Treten bewegt. Im unteren R\u00fcckenbereich sind drei Taschen mit dem neuen ISP-Sicherheitssystem \u2013 Inverse Safe Pocket \u2013 integriert, in denen Sie jeden Gegenstand aufbewahren k\u00f6nnen, ohne bef\u00fcrchten zu m\u00fcssen, ihn zu verlieren. Genie\u00dfen Sie sorgenfreies Radfahren. Es verf\u00fcgt au\u00dferdem \u00fcber zwei zus\u00e4tzliche Taschen an den Seiten, sodass Sie alles verstauen k\u00f6nnen, was Sie f\u00fcr lange Reisen ben\u00f6tigen. Entdecken Sie Ihre reiselustigste und abenteuerlustigste Seite mit diesem Trikot f\u00fcr Gravel-Liebhaber.","og_url":"https:\/\/www.inverseteams.com\/de\/produkt\/personalisiertes-gravel-armelloses-trikot-tracker-damen\/","og_site_name":"Inverseteams","article_publisher":"https:\/\/www.facebook.com\/inverseteams","article_modified_time":"2024-06-25T12:40:34+00:00","og_image":[{"width":3222,"height":3462,"url":"https:\/\/www.inverseteams.com\/wp-content\/uploads\/MAILLOT-CT-MUJER-TRACKER-1.jpg","type":"image\/jpeg"}],"twitter_card":"summary_large_image","twitter_misc":{"Gesch\u00e4tzte Lesezeit":"1\u00a0Minute"},"schema":{"@context":"https:\/\/schema.org","@graph":[{"@type":"WebPage","@id":"https:\/\/www.inverseteams.com\/de\/produkt\/personalisiertes-gravel-armelloses-trikot-tracker-damen\/","url":"https:\/\/www.inverseteams.com\/de\/produkt\/personalisiertes-gravel-armelloses-trikot-tracker-damen\/","name":"Personalisiertes Gravel Trikot TRACKER (DAMEN)","isPartOf":{"@id":"https:\/\/www.inverseteams.com\/de\/#website"},"primaryImageOfPage":{"@id":"https:\/\/www.inverseteams.com\/de\/produkt\/personalisiertes-gravel-armelloses-trikot-tracker-damen\/#primaryimage"},"image":{"@id":"https:\/\/www.inverseteams.com\/de\/produkt\/personalisiertes-gravel-armelloses-trikot-tracker-damen\/#primaryimage"},"thumbnailUrl":"https:\/\/www.inverseteams.com\/wp-content\/uploads\/MAILLOT-CT-MUJER-TRACKER-1.jpg","datePublished":"2023-11-08T15:15:57+00:00","dateModified":"2024-06-25T12:40:34+00:00","description":"Super atmungsaktives Trikot mit lockerer Passform, perfekt f\u00fcr lange Ausfl\u00fcge. Die Seiteneins\u00e4tze bestehen aus einem sehr widerstandsf\u00e4higen Stoff mit offener Struktur, der auch dazu beitr\u00e4gt, Schwei\u00df schnell abzuleiten. Der K\u00f6rper besteht aus einem frischen und weichen Stoff mit einer sehr angenehmen Haptik. Sie werden sich rundum wohl f\u00fchlen. An der Taille befindet sich ein Silikonband, das verhindert, dass sich das Trikot beim Treten bewegt. Im unteren R\u00fcckenbereich sind drei Taschen mit dem neuen ISP-Sicherheitssystem \u2013 Inverse Safe Pocket \u2013 integriert, in denen Sie jeden Gegenstand aufbewahren k\u00f6nnen, ohne bef\u00fcrchten zu m\u00fcssen, ihn zu verlieren. Genie\u00dfen Sie sorgenfreies Radfahren. Es verf\u00fcgt au\u00dferdem \u00fcber zwei zus\u00e4tzliche Taschen an den Seiten, sodass Sie alles verstauen k\u00f6nnen, was Sie f\u00fcr lange Reisen ben\u00f6tigen. Entdecken Sie Ihre reiselustigste und abenteuerlustigste Seite mit diesem Trikot f\u00fcr Gravel-Liebhaber.","breadcrumb":{"@id":"https:\/\/www.inverseteams.com\/de\/produkt\/personalisiertes-gravel-armelloses-trikot-tracker-damen\/#breadcrumb"},"inLanguage":"de","potentialAction":[{"@type":"ReadAction","target":["https:\/\/www.inverseteams.com\/de\/produkt\/personalisiertes-gravel-armelloses-trikot-tracker-damen\/"]}]},{"@type":"ImageObject","inLanguage":"de","@id":"https:\/\/www.inverseteams.com\/de\/produkt\/personalisiertes-gravel-armelloses-trikot-tracker-damen\/#primaryimage","url":"https:\/\/www.inverseteams.com\/wp-content\/uploads\/MAILLOT-CT-MUJER-TRACKER-1.jpg","contentUrl":"https:\/\/www.inverseteams.com\/wp-content\/uploads\/MAILLOT-CT-MUJER-TRACKER-1.jpg","width":3222,"height":3462},{"@type":"BreadcrumbList","@id":"https:\/\/www.inverseteams.com\/de\/produkt\/personalisiertes-gravel-armelloses-trikot-tracker-damen\/#breadcrumb","itemListElement":[{"@type":"ListItem","position":1,"name":"Portada","item":"https:\/\/www.inverseteams.com\/de\/"},{"@type":"ListItem","position":2,"name":"Speichern","item":"https:\/\/www.inverseteams.com\/de\/speichern\/"},{"@type":"ListItem","position":3,"name":"Personalisiertes Gravel \u00c4rmelloses Trikot TRACKER (DAMEN)"}]},{"@type":"WebSite","@id":"https:\/\/www.inverseteams.com\/de\/#website","url":"https:\/\/www.inverseteams.com\/de\/","name":"Inverseteams","description":"Tu marca de ropa deportiva personalizada","publisher":{"@id":"https:\/\/www.inverseteams.com\/de\/#organization"},"potentialAction":[{"@type":"SearchAction","target":{"@type":"EntryPoint","urlTemplate":"https:\/\/www.inverseteams.com\/de\/?s={search_term_string}"},"query-input":{"@type":"PropertyValueSpecification","valueRequired":true,"valueName":"search_term_string"}}],"inLanguage":"de"},{"@type":"Organization","@id":"https:\/\/www.inverseteams.com\/de\/#organization","name":"Inverse Teams","url":"https:\/\/www.inverseteams.com\/de\/","logo":{"@type":"ImageObject","inLanguage":"de","@id":"https:\/\/www.inverseteams.com\/de\/#\/schema\/logo\/image\/","url":"https:\/\/www.inverseteams.com\/wp-content\/uploads\/2021\/03\/logo-inverse-teams.png","contentUrl":"https:\/\/www.inverseteams.com\/wp-content\/uploads\/2021\/03\/logo-inverse-teams.png","width":294,"height":99,"caption":"Inverse Teams"},"image":{"@id":"https:\/\/www.inverseteams.com\/de\/#\/schema\/logo\/image\/"},"sameAs":["https:\/\/www.facebook.com\/inverseteams","http:\/\/instagram.com\/inverseteams","https:\/\/www.linkedin.com\/company\/inverse-cirosport-s-l-?trk=job_view_topcard_company_name","http:\/\/www.pinterest.com\/inverseteams\/","http:\/\/www.youtube.com\/user\/inverseteams?feature=watch"]}]}},"_links":{"self":[{"href":"https:\/\/www.inverseteams.com\/de\/wp-json\/wp\/v2\/product\/173793","targetHints":{"allow":["GET"]}}],"collection":[{"href":"https:\/\/www.inverseteams.com\/de\/wp-json\/wp\/v2\/product"}],"about":[{"href":"https:\/\/www.inverseteams.com\/de\/wp-json\/wp\/v2\/types\/product"}],"replies":[{"embeddable":true,"href":"https:\/\/www.inverseteams.com\/de\/wp-json\/wp\/v2\/comments?post=173793"}],"wp:featuredmedia":[{"embeddable":true,"href":"https:\/\/www.inverseteams.com\/de\/wp-json\/wp\/v2\/media\/167914"}],"wp:attachment":[{"href":"https:\/\/www.inverseteams.com\/de\/wp-json\/wp\/v2\/media?parent=173793"}],"wp:term":[{"taxonomy":"product_brand","embeddable":true,"href":"https:\/\/www.inverseteams.com\/de\/wp-json\/wp\/v2\/product_brand?post=173793"},{"taxonomy":"product_cat","embeddable":true,"href":"https:\/\/www.inverseteams.com\/de\/wp-json\/wp\/v2\/product_cat?post=173793"},{"taxonomy":"product_tag","embeddable":true,"href":"https:\/\/www.inverseteams.com\/de\/wp-json\/wp\/v2\/product_tag?post=173793"},{"taxonomy":"custom_category","embeddable":true,"href":"https:\/\/www.inverseteams.com\/de\/wp-json\/wp\/v2\/custom_category?post=173793"},{"taxonomy":"range","embeddable":true,"href":"https:\/\/www.inverseteams.com\/de\/wp-json\/wp\/v2\/range?post=173793"}],"curies":[{"name":"wp","href":"https:\/\/api.w.org\/{rel}","templated":true}]}}