{"id":173791,"date":"2023-11-28T16:20:23","date_gmt":"2023-11-28T16:23:17","guid":{"rendered":"https:\/\/www.inverseteams.com\/product\/custom-long-sleeve-jersey-with-safety-light-antares\/"},"modified":"2024-12-11T08:05:14","modified_gmt":"2024-12-11T08:05:14","slug":"personalisiertes-langarm-radtrikot-mit-sicherheitslicht-antares","status":"publish","type":"product","link":"https:\/\/www.inverseteams.com\/de\/produkt\/personalisiertes-langarm-radtrikot-mit-sicherheitslicht-antares\/","title":{"rendered":"Personalisiertes Langarm Radtrikot mit Sicherheitslicht ANTARES"},"content":{"rendered":"<p>Im Taschenbereich ist eine abnehmbare LED-Sicherheitsleuchte integriert. Es verf\u00fcgt \u00fcber 2 Beleuchtungsmodi: Dauerlicht und Blinken. Mit einer Leistung von 150 Lumen betr\u00e4gt die maximale Sichtweite 20 Meter. Es h\u00e4lt 2 bis 4 Stunden und ist einfach \u00fcber USB 3.0 wiederaufladbar. Das neue ANTARES-Trikot ist perfekt, um bei schlechten Lichtverh\u00e4ltnissen das Radfahren in v\u00f6lliger Sicherheit zu genie\u00dfen.<br \/>\nTechnisches Radtrikot, perfekt f\u00fcr Wettkampf und Training. Es kombiniert 3 verschiedene Stoffe, sodass es immer gut sitzt und sich allen Positionen ohne Widerstand anpasst. Das Muster wurde so gestaltet, dass Sie immer eine gute Aerodynamik haben.<br \/>\nDie Struktur seines Gewebes tr\u00e4gt dazu bei, den Schwei\u00df nach au\u00dfen abzuleiten und die Haut trocken zu halten. Gleichzeitig speichert es auch die K\u00f6rperw\u00e4rme. Die lasergeschnittene doppellagige Manschette sitzt sehr gut am Arm und verhindert das Eindringen von Luft.<br \/>\nAn der Taille befindet sich ein Besatz, der das Trikot an Ihren K\u00f6rper anpasst. Dazu geh\u00f6ren 360\u00b0 reflektierende Linien, die Ihre Sicherheit erh\u00f6hen, da sie das Licht der Fahrzeuge reflektieren. Im Lendenbereich sind 3 Taschen mit dem neuen ISP-Sicherheitssystem \u2013 Inverse Safe Pocket \u2013 integriert, in denen Sie jeden Gegenstand aufbewahren k\u00f6nnen, ohne bef\u00fcrchten zu m\u00fcssen, ihn zu verlieren. Genie\u00dfen Sie das Radfahren ohne Sorgen.<\/p>\n","protected":false},"excerpt":{"rendered":"<p>Im Taschenbereich ist eine abnehmbare LED-Sicherheitsleuchte integriert. Es verf\u00fcgt \u00fcber 2 Beleuchtungsmodi: Dauerlicht und Blinken. Mit einer Leistung von 150 Lumen betr\u00e4gt die maximale Sichtweite 20 Meter. Es h\u00e4lt 2 bis 4 Stunden und ist einfach \u00fcber USB 3.0 wiederaufladbar. Das neue ANTARES-Trikot ist perfekt, um bei schlechten Lichtverh\u00e4ltnissen das Radfahren in v\u00f6lliger Sicherheit zu genie\u00dfen.<br \/>\nTechnisches Radtrikot, perfekt f\u00fcr Wettkampf und Training. Es kombiniert 3 verschiedene Stoffe, sodass es immer gut sitzt und sich allen Positionen ohne Widerstand anpasst. Das Muster wurde so gestaltet, dass Sie immer eine gute Aerodynamik haben.<br \/>\nDie Struktur seines Gewebes tr\u00e4gt dazu bei, den Schwei\u00df nach au\u00dfen abzuleiten und die Haut trocken zu halten. Gleichzeitig speichert es auch die K\u00f6rperw\u00e4rme. Die lasergeschnittene doppellagige Manschette sitzt sehr gut am Arm und verhindert das Eindringen von Luft.<br \/>\nAn der Taille befindet sich ein Besatz, der das Trikot an Ihren K\u00f6rper anpasst. Dazu geh\u00f6ren 360\u00b0 reflektierende Linien, die Ihre Sicherheit erh\u00f6hen, da sie das Licht der Fahrzeuge reflektieren. Im Lendenbereich sind 3 Taschen mit dem neuen ISP-Sicherheitssystem \u2013 Inverse Safe Pocket \u2013 integriert, in denen Sie jeden Gegenstand aufbewahren k\u00f6nnen, ohne bef\u00fcrchten zu m\u00fcssen, ihn zu verlieren. Genie\u00dfen Sie das Radfahren ohne Sorgen.<\/p>\n","protected":false},"featured_media":171101,"comment_status":"closed","ping_status":"closed","template":"","meta":{"_acf_changed":false},"product_brand":[],"product_cat":[11218],"product_tag":[],"custom_category":[11237,11251,11240],"range":[11241],"class_list":{"0":"post-173791","1":"product","2":"type-product","3":"status-publish","4":"has-post-thumbnail","6":"product_cat-uncategorized-de","7":"pa_climatologia-frio-de","8":"pa_deporte-ciclismo-de","9":"pa_genero-infantil-de","10":"pa_genero-hombre-de","11":"pa_genero-mujer-de","12":"pa_patronaje-regular-de","13":"pa_patronaje-fit-de","14":"pa_tipo-de-prenda-maillot-manga-larga-de","15":"custom_category-personalisierte-fahrradbekleidung","16":"custom_category-personalisierte-radtrikot","17":"custom_category-sport","18":"range-antares-de","20":"first","21":"instock","22":"product-type-custom"},"acf":[],"yoast_head":"<!-- This site is optimized with the Yoast SEO plugin v27.3 - https:\/\/yoast.com\/product\/yoast-seo-wordpress\/ -->\n<title>Personalisiertes Langarm Radtrikot mit Sicherheitslicht ANTARES<\/title>\n<meta name=\"description\" content=\"Im Taschenbereich ist eine abnehmbare LED-Sicherheitsleuchte integriert. Es verf\u00fcgt \u00fcber 2 Beleuchtungsmodi: Dauerlicht und Blinken. Mit einer Leistung von 150 Lumen betr\u00e4gt die maximale Sichtweite 20 Meter. Es h\u00e4lt 2 bis 4 Stunden und ist einfach \u00fcber USB 3.0 wiederaufladbar. Das neue ANTARES-Trikot ist perfekt, um bei schlechten Lichtverh\u00e4ltnissen das Radfahren in v\u00f6lliger Sicherheit zu genie\u00dfen. Technisches Radtrikot, perfekt f\u00fcr Wettkampf und Training. Es kombiniert 3 verschiedene Stoffe, sodass es immer gut sitzt und sich allen Positionen ohne Widerstand anpasst. Das Muster wurde so gestaltet, dass Sie immer eine gute Aerodynamik haben. Die Struktur seines Gewebes tr\u00e4gt dazu bei, den Schwei\u00df nach au\u00dfen abzuleiten und die Haut trocken zu halten. Gleichzeitig speichert es auch die K\u00f6rperw\u00e4rme. Die lasergeschnittene doppellagige Manschette sitzt sehr gut am Arm und verhindert das Eindringen von Luft. An der Taille befindet sich ein Besatz, der das Trikot an Ihren K\u00f6rper anpasst. Dazu geh\u00f6ren 360\u00b0 reflektierende Linien, die Ihre Sicherheit erh\u00f6hen, da sie das Licht der Fahrzeuge reflektieren. Im Lendenbereich sind 3 Taschen mit dem neuen ISP-Sicherheitssystem \u2013 Inverse Safe Pocket \u2013 integriert, in denen Sie jeden Gegenstand aufbewahren k\u00f6nnen, ohne bef\u00fcrchten zu m\u00fcssen, ihn zu verlieren. Genie\u00dfen Sie das Radfahren ohne Sorgen.\" \/>\n<meta name=\"robots\" content=\"index, follow, max-snippet:-1, max-image-preview:large, max-video-preview:-1\" \/>\n<link rel=\"canonical\" href=\"https:\/\/www.inverseteams.com\/de\/produkt\/personalisiertes-langarm-radtrikot-mit-sicherheitslicht-antares\/\" \/>\n<meta property=\"og:locale\" content=\"de_DE\" \/>\n<meta property=\"og:type\" content=\"article\" \/>\n<meta property=\"og:title\" content=\"Personalisiertes Langarm Radtrikot mit Sicherheitslicht ANTARES\" \/>\n<meta property=\"og:description\" content=\"Im Taschenbereich ist eine abnehmbare LED-Sicherheitsleuchte integriert. Es verf\u00fcgt \u00fcber 2 Beleuchtungsmodi: Dauerlicht und Blinken. Mit einer Leistung von 150 Lumen betr\u00e4gt die maximale Sichtweite 20 Meter. Es h\u00e4lt 2 bis 4 Stunden und ist einfach \u00fcber USB 3.0 wiederaufladbar. Das neue ANTARES-Trikot ist perfekt, um bei schlechten Lichtverh\u00e4ltnissen das Radfahren in v\u00f6lliger Sicherheit zu genie\u00dfen. Technisches Radtrikot, perfekt f\u00fcr Wettkampf und Training. Es kombiniert 3 verschiedene Stoffe, sodass es immer gut sitzt und sich allen Positionen ohne Widerstand anpasst. Das Muster wurde so gestaltet, dass Sie immer eine gute Aerodynamik haben. Die Struktur seines Gewebes tr\u00e4gt dazu bei, den Schwei\u00df nach au\u00dfen abzuleiten und die Haut trocken zu halten. Gleichzeitig speichert es auch die K\u00f6rperw\u00e4rme. Die lasergeschnittene doppellagige Manschette sitzt sehr gut am Arm und verhindert das Eindringen von Luft. An der Taille befindet sich ein Besatz, der das Trikot an Ihren K\u00f6rper anpasst. Dazu geh\u00f6ren 360\u00b0 reflektierende Linien, die Ihre Sicherheit erh\u00f6hen, da sie das Licht der Fahrzeuge reflektieren. Im Lendenbereich sind 3 Taschen mit dem neuen ISP-Sicherheitssystem \u2013 Inverse Safe Pocket \u2013 integriert, in denen Sie jeden Gegenstand aufbewahren k\u00f6nnen, ohne bef\u00fcrchten zu m\u00fcssen, ihn zu verlieren. Genie\u00dfen Sie das Radfahren ohne Sorgen.\" \/>\n<meta property=\"og:url\" content=\"https:\/\/www.inverseteams.com\/de\/produkt\/personalisiertes-langarm-radtrikot-mit-sicherheitslicht-antares\/\" \/>\n<meta property=\"og:site_name\" content=\"Inverseteams\" \/>\n<meta property=\"article:publisher\" content=\"https:\/\/www.facebook.com\/inverseteams\" \/>\n<meta property=\"article:modified_time\" content=\"2024-12-11T08:05:14+00:00\" \/>\n<meta property=\"og:image\" content=\"https:\/\/www.inverseteams.com\/wp-content\/uploads\/MAILLOT-MANGA-LARGA-CON-LUZ-ANTARES-1.jpg\" \/>\n\t<meta property=\"og:image:width\" content=\"3222\" \/>\n\t<meta property=\"og:image:height\" content=\"3462\" \/>\n\t<meta property=\"og:image:type\" content=\"image\/jpeg\" \/>\n<meta name=\"twitter:card\" content=\"summary_large_image\" \/>\n<meta name=\"twitter:label1\" content=\"Gesch\u00e4tzte Lesezeit\" \/>\n\t<meta name=\"twitter:data1\" content=\"2\u00a0Minute\" \/>\n<script type=\"application\/ld+json\" class=\"yoast-schema-graph\">{\"@context\":\"https:\\\/\\\/schema.org\",\"@graph\":[{\"@type\":\"WebPage\",\"@id\":\"https:\\\/\\\/www.inverseteams.com\\\/de\\\/produkt\\\/personalisiertes-langarm-radtrikot-mit-sicherheitslicht-antares\\\/\",\"url\":\"https:\\\/\\\/www.inverseteams.com\\\/de\\\/produkt\\\/personalisiertes-langarm-radtrikot-mit-sicherheitslicht-antares\\\/\",\"name\":\"Personalisiertes Langarm Radtrikot mit Sicherheitslicht ANTARES\",\"isPartOf\":{\"@id\":\"https:\\\/\\\/www.inverseteams.com\\\/de\\\/#website\"},\"primaryImageOfPage\":{\"@id\":\"https:\\\/\\\/www.inverseteams.com\\\/de\\\/produkt\\\/personalisiertes-langarm-radtrikot-mit-sicherheitslicht-antares\\\/#primaryimage\"},\"image\":{\"@id\":\"https:\\\/\\\/www.inverseteams.com\\\/de\\\/produkt\\\/personalisiertes-langarm-radtrikot-mit-sicherheitslicht-antares\\\/#primaryimage\"},\"thumbnailUrl\":\"https:\\\/\\\/www.inverseteams.com\\\/wp-content\\\/uploads\\\/MAILLOT-MANGA-LARGA-CON-LUZ-ANTARES-1.jpg\",\"datePublished\":\"2023-11-28T16:23:17+00:00\",\"dateModified\":\"2024-12-11T08:05:14+00:00\",\"description\":\"Im Taschenbereich ist eine abnehmbare LED-Sicherheitsleuchte integriert. Es verf\u00fcgt \u00fcber 2 Beleuchtungsmodi: Dauerlicht und Blinken. Mit einer Leistung von 150 Lumen betr\u00e4gt die maximale Sichtweite 20 Meter. Es h\u00e4lt 2 bis 4 Stunden und ist einfach \u00fcber USB 3.0 wiederaufladbar. Das neue ANTARES-Trikot ist perfekt, um bei schlechten Lichtverh\u00e4ltnissen das Radfahren in v\u00f6lliger Sicherheit zu genie\u00dfen. Technisches Radtrikot, perfekt f\u00fcr Wettkampf und Training. Es kombiniert 3 verschiedene Stoffe, sodass es immer gut sitzt und sich allen Positionen ohne Widerstand anpasst. Das Muster wurde so gestaltet, dass Sie immer eine gute Aerodynamik haben. Die Struktur seines Gewebes tr\u00e4gt dazu bei, den Schwei\u00df nach au\u00dfen abzuleiten und die Haut trocken zu halten. Gleichzeitig speichert es auch die K\u00f6rperw\u00e4rme. Die lasergeschnittene doppellagige Manschette sitzt sehr gut am Arm und verhindert das Eindringen von Luft. An der Taille befindet sich ein Besatz, der das Trikot an Ihren K\u00f6rper anpasst. Dazu geh\u00f6ren 360\u00b0 reflektierende Linien, die Ihre Sicherheit erh\u00f6hen, da sie das Licht der Fahrzeuge reflektieren. Im Lendenbereich sind 3 Taschen mit dem neuen ISP-Sicherheitssystem \u2013 Inverse Safe Pocket \u2013 integriert, in denen Sie jeden Gegenstand aufbewahren k\u00f6nnen, ohne bef\u00fcrchten zu m\u00fcssen, ihn zu verlieren. Genie\u00dfen Sie das Radfahren ohne Sorgen.\",\"breadcrumb\":{\"@id\":\"https:\\\/\\\/www.inverseteams.com\\\/de\\\/produkt\\\/personalisiertes-langarm-radtrikot-mit-sicherheitslicht-antares\\\/#breadcrumb\"},\"inLanguage\":\"de\",\"potentialAction\":[{\"@type\":\"ReadAction\",\"target\":[\"https:\\\/\\\/www.inverseteams.com\\\/de\\\/produkt\\\/personalisiertes-langarm-radtrikot-mit-sicherheitslicht-antares\\\/\"]}]},{\"@type\":\"ImageObject\",\"inLanguage\":\"de\",\"@id\":\"https:\\\/\\\/www.inverseteams.com\\\/de\\\/produkt\\\/personalisiertes-langarm-radtrikot-mit-sicherheitslicht-antares\\\/#primaryimage\",\"url\":\"https:\\\/\\\/www.inverseteams.com\\\/wp-content\\\/uploads\\\/MAILLOT-MANGA-LARGA-CON-LUZ-ANTARES-1.jpg\",\"contentUrl\":\"https:\\\/\\\/www.inverseteams.com\\\/wp-content\\\/uploads\\\/MAILLOT-MANGA-LARGA-CON-LUZ-ANTARES-1.jpg\",\"width\":3222,\"height\":3462},{\"@type\":\"BreadcrumbList\",\"@id\":\"https:\\\/\\\/www.inverseteams.com\\\/de\\\/produkt\\\/personalisiertes-langarm-radtrikot-mit-sicherheitslicht-antares\\\/#breadcrumb\",\"itemListElement\":[{\"@type\":\"ListItem\",\"position\":1,\"name\":\"Portada\",\"item\":\"https:\\\/\\\/www.inverseteams.com\\\/de\\\/\"},{\"@type\":\"ListItem\",\"position\":2,\"name\":\"Speichern\",\"item\":\"https:\\\/\\\/www.inverseteams.com\\\/de\\\/speichern\\\/\"},{\"@type\":\"ListItem\",\"position\":3,\"name\":\"Personalisiertes Langarm Radtrikot mit Sicherheitslicht ANTARES\"}]},{\"@type\":\"WebSite\",\"@id\":\"https:\\\/\\\/www.inverseteams.com\\\/de\\\/#website\",\"url\":\"https:\\\/\\\/www.inverseteams.com\\\/de\\\/\",\"name\":\"Inverseteams\",\"description\":\"Tu marca de ropa deportiva personalizada\",\"publisher\":{\"@id\":\"https:\\\/\\\/www.inverseteams.com\\\/de\\\/#organization\"},\"potentialAction\":[{\"@type\":\"SearchAction\",\"target\":{\"@type\":\"EntryPoint\",\"urlTemplate\":\"https:\\\/\\\/www.inverseteams.com\\\/de\\\/?s={search_term_string}\"},\"query-input\":{\"@type\":\"PropertyValueSpecification\",\"valueRequired\":true,\"valueName\":\"search_term_string\"}}],\"inLanguage\":\"de\"},{\"@type\":\"Organization\",\"@id\":\"https:\\\/\\\/www.inverseteams.com\\\/de\\\/#organization\",\"name\":\"Inverse Teams\",\"url\":\"https:\\\/\\\/www.inverseteams.com\\\/de\\\/\",\"logo\":{\"@type\":\"ImageObject\",\"inLanguage\":\"de\",\"@id\":\"https:\\\/\\\/www.inverseteams.com\\\/de\\\/#\\\/schema\\\/logo\\\/image\\\/\",\"url\":\"https:\\\/\\\/www.inverseteams.com\\\/wp-content\\\/uploads\\\/2021\\\/03\\\/logo-inverse-teams.png\",\"contentUrl\":\"https:\\\/\\\/www.inverseteams.com\\\/wp-content\\\/uploads\\\/2021\\\/03\\\/logo-inverse-teams.png\",\"width\":294,\"height\":99,\"caption\":\"Inverse Teams\"},\"image\":{\"@id\":\"https:\\\/\\\/www.inverseteams.com\\\/de\\\/#\\\/schema\\\/logo\\\/image\\\/\"},\"sameAs\":[\"https:\\\/\\\/www.facebook.com\\\/inverseteams\",\"http:\\\/\\\/instagram.com\\\/inverseteams\",\"https:\\\/\\\/www.linkedin.com\\\/company\\\/inverse-cirosport-s-l-?trk=job_view_topcard_company_name\",\"http:\\\/\\\/www.pinterest.com\\\/inverseteams\\\/\",\"http:\\\/\\\/www.youtube.com\\\/user\\\/inverseteams?feature=watch\"]}]}<\/script>\n<!-- \/ Yoast SEO plugin. -->","yoast_head_json":{"title":"Personalisiertes Langarm Radtrikot mit Sicherheitslicht ANTARES","description":"Im Taschenbereich ist eine abnehmbare LED-Sicherheitsleuchte integriert. Es verf\u00fcgt \u00fcber 2 Beleuchtungsmodi: Dauerlicht und Blinken. Mit einer Leistung von 150 Lumen betr\u00e4gt die maximale Sichtweite 20 Meter. Es h\u00e4lt 2 bis 4 Stunden und ist einfach \u00fcber USB 3.0 wiederaufladbar. Das neue ANTARES-Trikot ist perfekt, um bei schlechten Lichtverh\u00e4ltnissen das Radfahren in v\u00f6lliger Sicherheit zu genie\u00dfen. Technisches Radtrikot, perfekt f\u00fcr Wettkampf und Training. Es kombiniert 3 verschiedene Stoffe, sodass es immer gut sitzt und sich allen Positionen ohne Widerstand anpasst. Das Muster wurde so gestaltet, dass Sie immer eine gute Aerodynamik haben. Die Struktur seines Gewebes tr\u00e4gt dazu bei, den Schwei\u00df nach au\u00dfen abzuleiten und die Haut trocken zu halten. Gleichzeitig speichert es auch die K\u00f6rperw\u00e4rme. Die lasergeschnittene doppellagige Manschette sitzt sehr gut am Arm und verhindert das Eindringen von Luft. An der Taille befindet sich ein Besatz, der das Trikot an Ihren K\u00f6rper anpasst. Dazu geh\u00f6ren 360\u00b0 reflektierende Linien, die Ihre Sicherheit erh\u00f6hen, da sie das Licht der Fahrzeuge reflektieren. Im Lendenbereich sind 3 Taschen mit dem neuen ISP-Sicherheitssystem \u2013 Inverse Safe Pocket \u2013 integriert, in denen Sie jeden Gegenstand aufbewahren k\u00f6nnen, ohne bef\u00fcrchten zu m\u00fcssen, ihn zu verlieren. Genie\u00dfen Sie das Radfahren ohne Sorgen.","robots":{"index":"index","follow":"follow","max-snippet":"max-snippet:-1","max-image-preview":"max-image-preview:large","max-video-preview":"max-video-preview:-1"},"canonical":"https:\/\/www.inverseteams.com\/de\/produkt\/personalisiertes-langarm-radtrikot-mit-sicherheitslicht-antares\/","og_locale":"de_DE","og_type":"article","og_title":"Personalisiertes Langarm Radtrikot mit Sicherheitslicht ANTARES","og_description":"Im Taschenbereich ist eine abnehmbare LED-Sicherheitsleuchte integriert. Es verf\u00fcgt \u00fcber 2 Beleuchtungsmodi: Dauerlicht und Blinken. Mit einer Leistung von 150 Lumen betr\u00e4gt die maximale Sichtweite 20 Meter. Es h\u00e4lt 2 bis 4 Stunden und ist einfach \u00fcber USB 3.0 wiederaufladbar. Das neue ANTARES-Trikot ist perfekt, um bei schlechten Lichtverh\u00e4ltnissen das Radfahren in v\u00f6lliger Sicherheit zu genie\u00dfen. Technisches Radtrikot, perfekt f\u00fcr Wettkampf und Training. Es kombiniert 3 verschiedene Stoffe, sodass es immer gut sitzt und sich allen Positionen ohne Widerstand anpasst. Das Muster wurde so gestaltet, dass Sie immer eine gute Aerodynamik haben. Die Struktur seines Gewebes tr\u00e4gt dazu bei, den Schwei\u00df nach au\u00dfen abzuleiten und die Haut trocken zu halten. Gleichzeitig speichert es auch die K\u00f6rperw\u00e4rme. Die lasergeschnittene doppellagige Manschette sitzt sehr gut am Arm und verhindert das Eindringen von Luft. An der Taille befindet sich ein Besatz, der das Trikot an Ihren K\u00f6rper anpasst. Dazu geh\u00f6ren 360\u00b0 reflektierende Linien, die Ihre Sicherheit erh\u00f6hen, da sie das Licht der Fahrzeuge reflektieren. Im Lendenbereich sind 3 Taschen mit dem neuen ISP-Sicherheitssystem \u2013 Inverse Safe Pocket \u2013 integriert, in denen Sie jeden Gegenstand aufbewahren k\u00f6nnen, ohne bef\u00fcrchten zu m\u00fcssen, ihn zu verlieren. Genie\u00dfen Sie das Radfahren ohne Sorgen.","og_url":"https:\/\/www.inverseteams.com\/de\/produkt\/personalisiertes-langarm-radtrikot-mit-sicherheitslicht-antares\/","og_site_name":"Inverseteams","article_publisher":"https:\/\/www.facebook.com\/inverseteams","article_modified_time":"2024-12-11T08:05:14+00:00","og_image":[{"width":3222,"height":3462,"url":"https:\/\/www.inverseteams.com\/wp-content\/uploads\/MAILLOT-MANGA-LARGA-CON-LUZ-ANTARES-1.jpg","type":"image\/jpeg"}],"twitter_card":"summary_large_image","twitter_misc":{"Gesch\u00e4tzte Lesezeit":"2\u00a0Minute"},"schema":{"@context":"https:\/\/schema.org","@graph":[{"@type":"WebPage","@id":"https:\/\/www.inverseteams.com\/de\/produkt\/personalisiertes-langarm-radtrikot-mit-sicherheitslicht-antares\/","url":"https:\/\/www.inverseteams.com\/de\/produkt\/personalisiertes-langarm-radtrikot-mit-sicherheitslicht-antares\/","name":"Personalisiertes Langarm Radtrikot mit Sicherheitslicht ANTARES","isPartOf":{"@id":"https:\/\/www.inverseteams.com\/de\/#website"},"primaryImageOfPage":{"@id":"https:\/\/www.inverseteams.com\/de\/produkt\/personalisiertes-langarm-radtrikot-mit-sicherheitslicht-antares\/#primaryimage"},"image":{"@id":"https:\/\/www.inverseteams.com\/de\/produkt\/personalisiertes-langarm-radtrikot-mit-sicherheitslicht-antares\/#primaryimage"},"thumbnailUrl":"https:\/\/www.inverseteams.com\/wp-content\/uploads\/MAILLOT-MANGA-LARGA-CON-LUZ-ANTARES-1.jpg","datePublished":"2023-11-28T16:23:17+00:00","dateModified":"2024-12-11T08:05:14+00:00","description":"Im Taschenbereich ist eine abnehmbare LED-Sicherheitsleuchte integriert. Es verf\u00fcgt \u00fcber 2 Beleuchtungsmodi: Dauerlicht und Blinken. Mit einer Leistung von 150 Lumen betr\u00e4gt die maximale Sichtweite 20 Meter. Es h\u00e4lt 2 bis 4 Stunden und ist einfach \u00fcber USB 3.0 wiederaufladbar. Das neue ANTARES-Trikot ist perfekt, um bei schlechten Lichtverh\u00e4ltnissen das Radfahren in v\u00f6lliger Sicherheit zu genie\u00dfen. Technisches Radtrikot, perfekt f\u00fcr Wettkampf und Training. Es kombiniert 3 verschiedene Stoffe, sodass es immer gut sitzt und sich allen Positionen ohne Widerstand anpasst. Das Muster wurde so gestaltet, dass Sie immer eine gute Aerodynamik haben. Die Struktur seines Gewebes tr\u00e4gt dazu bei, den Schwei\u00df nach au\u00dfen abzuleiten und die Haut trocken zu halten. Gleichzeitig speichert es auch die K\u00f6rperw\u00e4rme. Die lasergeschnittene doppellagige Manschette sitzt sehr gut am Arm und verhindert das Eindringen von Luft. An der Taille befindet sich ein Besatz, der das Trikot an Ihren K\u00f6rper anpasst. Dazu geh\u00f6ren 360\u00b0 reflektierende Linien, die Ihre Sicherheit erh\u00f6hen, da sie das Licht der Fahrzeuge reflektieren. Im Lendenbereich sind 3 Taschen mit dem neuen ISP-Sicherheitssystem \u2013 Inverse Safe Pocket \u2013 integriert, in denen Sie jeden Gegenstand aufbewahren k\u00f6nnen, ohne bef\u00fcrchten zu m\u00fcssen, ihn zu verlieren. Genie\u00dfen Sie das Radfahren ohne Sorgen.","breadcrumb":{"@id":"https:\/\/www.inverseteams.com\/de\/produkt\/personalisiertes-langarm-radtrikot-mit-sicherheitslicht-antares\/#breadcrumb"},"inLanguage":"de","potentialAction":[{"@type":"ReadAction","target":["https:\/\/www.inverseteams.com\/de\/produkt\/personalisiertes-langarm-radtrikot-mit-sicherheitslicht-antares\/"]}]},{"@type":"ImageObject","inLanguage":"de","@id":"https:\/\/www.inverseteams.com\/de\/produkt\/personalisiertes-langarm-radtrikot-mit-sicherheitslicht-antares\/#primaryimage","url":"https:\/\/www.inverseteams.com\/wp-content\/uploads\/MAILLOT-MANGA-LARGA-CON-LUZ-ANTARES-1.jpg","contentUrl":"https:\/\/www.inverseteams.com\/wp-content\/uploads\/MAILLOT-MANGA-LARGA-CON-LUZ-ANTARES-1.jpg","width":3222,"height":3462},{"@type":"BreadcrumbList","@id":"https:\/\/www.inverseteams.com\/de\/produkt\/personalisiertes-langarm-radtrikot-mit-sicherheitslicht-antares\/#breadcrumb","itemListElement":[{"@type":"ListItem","position":1,"name":"Portada","item":"https:\/\/www.inverseteams.com\/de\/"},{"@type":"ListItem","position":2,"name":"Speichern","item":"https:\/\/www.inverseteams.com\/de\/speichern\/"},{"@type":"ListItem","position":3,"name":"Personalisiertes Langarm Radtrikot mit Sicherheitslicht ANTARES"}]},{"@type":"WebSite","@id":"https:\/\/www.inverseteams.com\/de\/#website","url":"https:\/\/www.inverseteams.com\/de\/","name":"Inverseteams","description":"Tu marca de ropa deportiva personalizada","publisher":{"@id":"https:\/\/www.inverseteams.com\/de\/#organization"},"potentialAction":[{"@type":"SearchAction","target":{"@type":"EntryPoint","urlTemplate":"https:\/\/www.inverseteams.com\/de\/?s={search_term_string}"},"query-input":{"@type":"PropertyValueSpecification","valueRequired":true,"valueName":"search_term_string"}}],"inLanguage":"de"},{"@type":"Organization","@id":"https:\/\/www.inverseteams.com\/de\/#organization","name":"Inverse Teams","url":"https:\/\/www.inverseteams.com\/de\/","logo":{"@type":"ImageObject","inLanguage":"de","@id":"https:\/\/www.inverseteams.com\/de\/#\/schema\/logo\/image\/","url":"https:\/\/www.inverseteams.com\/wp-content\/uploads\/2021\/03\/logo-inverse-teams.png","contentUrl":"https:\/\/www.inverseteams.com\/wp-content\/uploads\/2021\/03\/logo-inverse-teams.png","width":294,"height":99,"caption":"Inverse Teams"},"image":{"@id":"https:\/\/www.inverseteams.com\/de\/#\/schema\/logo\/image\/"},"sameAs":["https:\/\/www.facebook.com\/inverseteams","http:\/\/instagram.com\/inverseteams","https:\/\/www.linkedin.com\/company\/inverse-cirosport-s-l-?trk=job_view_topcard_company_name","http:\/\/www.pinterest.com\/inverseteams\/","http:\/\/www.youtube.com\/user\/inverseteams?feature=watch"]}]}},"_links":{"self":[{"href":"https:\/\/www.inverseteams.com\/de\/wp-json\/wp\/v2\/product\/173791","targetHints":{"allow":["GET"]}}],"collection":[{"href":"https:\/\/www.inverseteams.com\/de\/wp-json\/wp\/v2\/product"}],"about":[{"href":"https:\/\/www.inverseteams.com\/de\/wp-json\/wp\/v2\/types\/product"}],"replies":[{"embeddable":true,"href":"https:\/\/www.inverseteams.com\/de\/wp-json\/wp\/v2\/comments?post=173791"}],"wp:featuredmedia":[{"embeddable":true,"href":"https:\/\/www.inverseteams.com\/de\/wp-json\/wp\/v2\/media\/171101"}],"wp:attachment":[{"href":"https:\/\/www.inverseteams.com\/de\/wp-json\/wp\/v2\/media?parent=173791"}],"wp:term":[{"taxonomy":"product_brand","embeddable":true,"href":"https:\/\/www.inverseteams.com\/de\/wp-json\/wp\/v2\/product_brand?post=173791"},{"taxonomy":"product_cat","embeddable":true,"href":"https:\/\/www.inverseteams.com\/de\/wp-json\/wp\/v2\/product_cat?post=173791"},{"taxonomy":"product_tag","embeddable":true,"href":"https:\/\/www.inverseteams.com\/de\/wp-json\/wp\/v2\/product_tag?post=173791"},{"taxonomy":"custom_category","embeddable":true,"href":"https:\/\/www.inverseteams.com\/de\/wp-json\/wp\/v2\/custom_category?post=173791"},{"taxonomy":"range","embeddable":true,"href":"https:\/\/www.inverseteams.com\/de\/wp-json\/wp\/v2\/range?post=173791"}],"curies":[{"name":"wp","href":"https:\/\/api.w.org\/{rel}","templated":true}]}}