{"id":173788,"date":"2021-05-10T08:30:44","date_gmt":"2021-05-10T08:30:44","guid":{"rendered":"https:\/\/www.inverseteams.com\/product\/short-sleeve-cycling-jersey-air\/"},"modified":"2026-02-25T09:31:45","modified_gmt":"2026-02-25T08:31:45","slug":"personalisiertes-kurzarm-radtrikot-supra","status":"publish","type":"product","link":"https:\/\/www.inverseteams.com\/de\/produkt\/personalisiertes-kurzarm-radtrikot-supra\/","title":{"rendered":"Personalisiertes Kurzarm Radtrikot SUPRA"},"content":{"rendered":"<p>Es zeichnet sich durch hervorragende Aerodynamik und hervorragende Atmungsaktivit\u00e4t aus. Es schmiegt sich perfekt an den K\u00f6rper an und die Stoffstreifen der extra langen \u00c4rmel sorgen f\u00fcr eine optimale Luftzirkulation. Die anatomische Form des Halses erm\u00f6glicht eine st\u00f6rungsfreie Anpassung an die Fahrposition und verhindert das Eindringen von Luft.<br \/>\nSeine Stoffe sind so konzipiert, dass sich das Trikot perfekt an den K\u00f6rper anpasst und Sie Feuchtigkeit schnell ableiten k\u00f6nnen, sodass der K\u00f6rper trocken und k\u00fchl bleibt. Die Dual Comfort System-Behandlung erm\u00f6glicht die Regulierung der K\u00f6rpertemperatur und verhindert eine \u00dcberhitzung der Haut. Das Trikot ist so konzipiert, dass Sie H\u00f6chstleistungen erbringen k\u00f6nnen.<br \/>\nEs kombiniert verschiedene Technologien, sodass es immer in der idealen Position bleibt. Die Innenseite der \u00c4rmel ist mit einem hypoallergenen Silikongriff versehen, sodass sie immer eng am Arm anliegen. Der Bund ist mit einem elastischen Band f\u00fcr optimalen Sitz ausgestattet. Im Lendenbereich sind 3 Taschen mit dem neuen ISP-Sicherheitssystem \u2013 Inverse Safe Pocket \u2013 integriert, in denen Sie jeden Gegenstand aufbewahren k\u00f6nnen, ohne bef\u00fcrchten zu m\u00fcssen, ihn zu verlieren.<\/p>\n","protected":false},"excerpt":{"rendered":"<p>Es zeichnet sich durch hervorragende Aerodynamik und hervorragende Atmungsaktivit\u00e4t aus. Es schmiegt sich perfekt an den K\u00f6rper an und die Stoffstreifen der extra langen \u00c4rmel sorgen f\u00fcr eine optimale Luftzirkulation. Die anatomische Form des Halses erm\u00f6glicht eine st\u00f6rungsfreie Anpassung an die Fahrposition und verhindert das Eindringen von Luft.<br \/>\nSeine Stoffe sind so konzipiert, dass sich das Trikot perfekt an den K\u00f6rper anpasst und Sie Feuchtigkeit schnell ableiten k\u00f6nnen, sodass der K\u00f6rper trocken und k\u00fchl bleibt. Die Dual Comfort System-Behandlung erm\u00f6glicht die Regulierung der K\u00f6rpertemperatur und verhindert eine \u00dcberhitzung der Haut. Das Trikot ist so konzipiert, dass Sie H\u00f6chstleistungen erbringen k\u00f6nnen.<br \/>\nEs kombiniert verschiedene Technologien, sodass es immer in der idealen Position bleibt. Die Innenseite der \u00c4rmel ist mit einem hypoallergenen Silikongriff versehen, sodass sie immer eng am Arm anliegen. Der Bund ist mit einem elastischen Band f\u00fcr optimalen Sitz ausgestattet. Im Lendenbereich sind 3 Taschen mit dem neuen ISP-Sicherheitssystem \u2013 Inverse Safe Pocket \u2013 integriert, in denen Sie jeden Gegenstand aufbewahren k\u00f6nnen, ohne bef\u00fcrchten zu m\u00fcssen, ihn zu verlieren.<\/p>\n","protected":false},"featured_media":277670,"comment_status":"closed","ping_status":"closed","template":"","meta":{"_acf_changed":false},"product_brand":[],"product_cat":[11218],"product_tag":[],"custom_category":[11237,11251,11240],"range":[11344],"class_list":{"0":"post-173788","1":"product","2":"type-product","3":"status-publish","4":"has-post-thumbnail","6":"product_cat-uncategorized-de","7":"pa_climatologia-calor-de","8":"pa_deporte-ciclismo-de","9":"pa_genero-hombre-de","10":"pa_genero-mujer-de","11":"pa_patronaje-fit-de","12":"pa_tipo-de-prenda-maillot-manga-corta-de","13":"custom_category-personalisierte-fahrradbekleidung","14":"custom_category-personalisierte-radtrikot","15":"custom_category-sport","16":"range-supra-de","18":"first","19":"instock","20":"product-type-custom"},"acf":[],"yoast_head":"<!-- This site is optimized with the Yoast SEO plugin v27.3 - https:\/\/yoast.com\/product\/yoast-seo-wordpress\/ -->\n<title>Personalisiertes Kurzarm Radtrikot AIR<\/title>\n<meta name=\"description\" content=\"Es zeichnet sich durch hervorragende Aerodynamik und hervorragende Atmungsaktivit\u00e4t aus. Es schmiegt sich perfekt an den K\u00f6rper an und die Stoffstreifen der extra langen \u00c4rmel sorgen f\u00fcr eine optimale Luftzirkulation. Die anatomische Form des Halses erm\u00f6glicht eine st\u00f6rungsfreie Anpassung an die Fahrposition und verhindert das Eindringen von Luft. Seine Stoffe sind so konzipiert, dass sich das Trikot perfekt an den K\u00f6rper anpasst und Sie Feuchtigkeit schnell ableiten k\u00f6nnen, sodass der K\u00f6rper trocken und k\u00fchl bleibt. Die Dual Comfort System-Behandlung erm\u00f6glicht die Regulierung der K\u00f6rpertemperatur und verhindert eine \u00dcberhitzung der Haut. Das Trikot ist so konzipiert, dass Sie H\u00f6chstleistungen erbringen k\u00f6nnen. Es kombiniert verschiedene Technologien, sodass es immer in der idealen Position bleibt. Die Innenseite der \u00c4rmel ist mit einem hypoallergenen Silikongriff versehen, sodass sie immer eng am Arm anliegen. Der Bund ist mit einem elastischen Band f\u00fcr optimalen Sitz ausgestattet. Im Lendenbereich sind 3 Taschen mit dem neuen ISP-Sicherheitssystem \u2013 Inverse Safe Pocket \u2013 integriert, in denen Sie jeden Gegenstand aufbewahren k\u00f6nnen, ohne bef\u00fcrchten zu m\u00fcssen, ihn zu verlieren.\" \/>\n<meta name=\"robots\" content=\"index, follow, max-snippet:-1, max-image-preview:large, max-video-preview:-1\" \/>\n<link rel=\"canonical\" href=\"https:\/\/www.inverseteams.com\/de\/produkt\/personalisiertes-kurzarm-radtrikot-supra\/\" \/>\n<meta property=\"og:locale\" content=\"de_DE\" \/>\n<meta property=\"og:type\" content=\"article\" \/>\n<meta property=\"og:title\" content=\"Personalisiertes Kurzarm Radtrikot AIR\" \/>\n<meta property=\"og:description\" content=\"Es zeichnet sich durch hervorragende Aerodynamik und hervorragende Atmungsaktivit\u00e4t aus. Es schmiegt sich perfekt an den K\u00f6rper an und die Stoffstreifen der extra langen \u00c4rmel sorgen f\u00fcr eine optimale Luftzirkulation. Die anatomische Form des Halses erm\u00f6glicht eine st\u00f6rungsfreie Anpassung an die Fahrposition und verhindert das Eindringen von Luft. Seine Stoffe sind so konzipiert, dass sich das Trikot perfekt an den K\u00f6rper anpasst und Sie Feuchtigkeit schnell ableiten k\u00f6nnen, sodass der K\u00f6rper trocken und k\u00fchl bleibt. Die Dual Comfort System-Behandlung erm\u00f6glicht die Regulierung der K\u00f6rpertemperatur und verhindert eine \u00dcberhitzung der Haut. Das Trikot ist so konzipiert, dass Sie H\u00f6chstleistungen erbringen k\u00f6nnen. Es kombiniert verschiedene Technologien, sodass es immer in der idealen Position bleibt. Die Innenseite der \u00c4rmel ist mit einem hypoallergenen Silikongriff versehen, sodass sie immer eng am Arm anliegen. Der Bund ist mit einem elastischen Band f\u00fcr optimalen Sitz ausgestattet. Im Lendenbereich sind 3 Taschen mit dem neuen ISP-Sicherheitssystem \u2013 Inverse Safe Pocket \u2013 integriert, in denen Sie jeden Gegenstand aufbewahren k\u00f6nnen, ohne bef\u00fcrchten zu m\u00fcssen, ihn zu verlieren.\" \/>\n<meta property=\"og:url\" content=\"https:\/\/www.inverseteams.com\/de\/produkt\/personalisiertes-kurzarm-radtrikot-supra\/\" \/>\n<meta property=\"og:site_name\" content=\"Inverseteams\" \/>\n<meta property=\"article:publisher\" content=\"https:\/\/www.facebook.com\/inverseteams\" \/>\n<meta property=\"article:modified_time\" content=\"2026-02-25T08:31:45+00:00\" \/>\n<meta property=\"og:image\" content=\"https:\/\/www.inverseteams.com\/wp-content\/uploads\/MAILLOT-MC-SUPRA-INVERSE-1.png\" \/>\n\t<meta property=\"og:image:width\" content=\"1500\" \/>\n\t<meta property=\"og:image:height\" content=\"1612\" \/>\n\t<meta property=\"og:image:type\" content=\"image\/png\" \/>\n<meta name=\"twitter:card\" content=\"summary_large_image\" \/>\n<meta name=\"twitter:label1\" content=\"Gesch\u00e4tzte Lesezeit\" \/>\n\t<meta name=\"twitter:data1\" content=\"1\u00a0Minute\" \/>\n<script type=\"application\/ld+json\" class=\"yoast-schema-graph\">{\"@context\":\"https:\\\/\\\/schema.org\",\"@graph\":[{\"@type\":\"WebPage\",\"@id\":\"https:\\\/\\\/www.inverseteams.com\\\/de\\\/produkt\\\/personalisiertes-kurzarm-radtrikot-supra\\\/\",\"url\":\"https:\\\/\\\/www.inverseteams.com\\\/de\\\/produkt\\\/personalisiertes-kurzarm-radtrikot-supra\\\/\",\"name\":\"Personalisiertes Kurzarm Radtrikot AIR\",\"isPartOf\":{\"@id\":\"https:\\\/\\\/www.inverseteams.com\\\/de\\\/#website\"},\"primaryImageOfPage\":{\"@id\":\"https:\\\/\\\/www.inverseteams.com\\\/de\\\/produkt\\\/personalisiertes-kurzarm-radtrikot-supra\\\/#primaryimage\"},\"image\":{\"@id\":\"https:\\\/\\\/www.inverseteams.com\\\/de\\\/produkt\\\/personalisiertes-kurzarm-radtrikot-supra\\\/#primaryimage\"},\"thumbnailUrl\":\"https:\\\/\\\/www.inverseteams.com\\\/wp-content\\\/uploads\\\/MAILLOT-MC-SUPRA-INVERSE-1.png\",\"datePublished\":\"2021-05-10T08:30:44+00:00\",\"dateModified\":\"2026-02-25T08:31:45+00:00\",\"description\":\"Es zeichnet sich durch hervorragende Aerodynamik und hervorragende Atmungsaktivit\u00e4t aus. Es schmiegt sich perfekt an den K\u00f6rper an und die Stoffstreifen der extra langen \u00c4rmel sorgen f\u00fcr eine optimale Luftzirkulation. Die anatomische Form des Halses erm\u00f6glicht eine st\u00f6rungsfreie Anpassung an die Fahrposition und verhindert das Eindringen von Luft. Seine Stoffe sind so konzipiert, dass sich das Trikot perfekt an den K\u00f6rper anpasst und Sie Feuchtigkeit schnell ableiten k\u00f6nnen, sodass der K\u00f6rper trocken und k\u00fchl bleibt. Die Dual Comfort System-Behandlung erm\u00f6glicht die Regulierung der K\u00f6rpertemperatur und verhindert eine \u00dcberhitzung der Haut. Das Trikot ist so konzipiert, dass Sie H\u00f6chstleistungen erbringen k\u00f6nnen. Es kombiniert verschiedene Technologien, sodass es immer in der idealen Position bleibt. Die Innenseite der \u00c4rmel ist mit einem hypoallergenen Silikongriff versehen, sodass sie immer eng am Arm anliegen. Der Bund ist mit einem elastischen Band f\u00fcr optimalen Sitz ausgestattet. Im Lendenbereich sind 3 Taschen mit dem neuen ISP-Sicherheitssystem \u2013 Inverse Safe Pocket \u2013 integriert, in denen Sie jeden Gegenstand aufbewahren k\u00f6nnen, ohne bef\u00fcrchten zu m\u00fcssen, ihn zu verlieren.\",\"breadcrumb\":{\"@id\":\"https:\\\/\\\/www.inverseteams.com\\\/de\\\/produkt\\\/personalisiertes-kurzarm-radtrikot-supra\\\/#breadcrumb\"},\"inLanguage\":\"de\",\"potentialAction\":[{\"@type\":\"ReadAction\",\"target\":[\"https:\\\/\\\/www.inverseteams.com\\\/de\\\/produkt\\\/personalisiertes-kurzarm-radtrikot-supra\\\/\"]}]},{\"@type\":\"ImageObject\",\"inLanguage\":\"de\",\"@id\":\"https:\\\/\\\/www.inverseteams.com\\\/de\\\/produkt\\\/personalisiertes-kurzarm-radtrikot-supra\\\/#primaryimage\",\"url\":\"https:\\\/\\\/www.inverseteams.com\\\/wp-content\\\/uploads\\\/MAILLOT-MC-SUPRA-INVERSE-1.png\",\"contentUrl\":\"https:\\\/\\\/www.inverseteams.com\\\/wp-content\\\/uploads\\\/MAILLOT-MC-SUPRA-INVERSE-1.png\",\"width\":1500,\"height\":1612},{\"@type\":\"BreadcrumbList\",\"@id\":\"https:\\\/\\\/www.inverseteams.com\\\/de\\\/produkt\\\/personalisiertes-kurzarm-radtrikot-supra\\\/#breadcrumb\",\"itemListElement\":[{\"@type\":\"ListItem\",\"position\":1,\"name\":\"Portada\",\"item\":\"https:\\\/\\\/www.inverseteams.com\\\/de\\\/\"},{\"@type\":\"ListItem\",\"position\":2,\"name\":\"Speichern\",\"item\":\"https:\\\/\\\/www.inverseteams.com\\\/de\\\/speichern\\\/\"},{\"@type\":\"ListItem\",\"position\":3,\"name\":\"Personalisiertes Kurzarm Radtrikot SUPRA\"}]},{\"@type\":\"WebSite\",\"@id\":\"https:\\\/\\\/www.inverseteams.com\\\/de\\\/#website\",\"url\":\"https:\\\/\\\/www.inverseteams.com\\\/de\\\/\",\"name\":\"Inverseteams\",\"description\":\"Tu marca de ropa deportiva personalizada\",\"publisher\":{\"@id\":\"https:\\\/\\\/www.inverseteams.com\\\/de\\\/#organization\"},\"potentialAction\":[{\"@type\":\"SearchAction\",\"target\":{\"@type\":\"EntryPoint\",\"urlTemplate\":\"https:\\\/\\\/www.inverseteams.com\\\/de\\\/?s={search_term_string}\"},\"query-input\":{\"@type\":\"PropertyValueSpecification\",\"valueRequired\":true,\"valueName\":\"search_term_string\"}}],\"inLanguage\":\"de\"},{\"@type\":\"Organization\",\"@id\":\"https:\\\/\\\/www.inverseteams.com\\\/de\\\/#organization\",\"name\":\"Inverse Teams\",\"url\":\"https:\\\/\\\/www.inverseteams.com\\\/de\\\/\",\"logo\":{\"@type\":\"ImageObject\",\"inLanguage\":\"de\",\"@id\":\"https:\\\/\\\/www.inverseteams.com\\\/de\\\/#\\\/schema\\\/logo\\\/image\\\/\",\"url\":\"https:\\\/\\\/www.inverseteams.com\\\/wp-content\\\/uploads\\\/2021\\\/03\\\/logo-inverse-teams.png\",\"contentUrl\":\"https:\\\/\\\/www.inverseteams.com\\\/wp-content\\\/uploads\\\/2021\\\/03\\\/logo-inverse-teams.png\",\"width\":294,\"height\":99,\"caption\":\"Inverse Teams\"},\"image\":{\"@id\":\"https:\\\/\\\/www.inverseteams.com\\\/de\\\/#\\\/schema\\\/logo\\\/image\\\/\"},\"sameAs\":[\"https:\\\/\\\/www.facebook.com\\\/inverseteams\",\"http:\\\/\\\/instagram.com\\\/inverseteams\",\"https:\\\/\\\/www.linkedin.com\\\/company\\\/inverse-cirosport-s-l-?trk=job_view_topcard_company_name\",\"http:\\\/\\\/www.pinterest.com\\\/inverseteams\\\/\",\"http:\\\/\\\/www.youtube.com\\\/user\\\/inverseteams?feature=watch\"]}]}<\/script>\n<!-- \/ Yoast SEO plugin. -->","yoast_head_json":{"title":"Personalisiertes Kurzarm Radtrikot AIR","description":"Es zeichnet sich durch hervorragende Aerodynamik und hervorragende Atmungsaktivit\u00e4t aus. Es schmiegt sich perfekt an den K\u00f6rper an und die Stoffstreifen der extra langen \u00c4rmel sorgen f\u00fcr eine optimale Luftzirkulation. Die anatomische Form des Halses erm\u00f6glicht eine st\u00f6rungsfreie Anpassung an die Fahrposition und verhindert das Eindringen von Luft. Seine Stoffe sind so konzipiert, dass sich das Trikot perfekt an den K\u00f6rper anpasst und Sie Feuchtigkeit schnell ableiten k\u00f6nnen, sodass der K\u00f6rper trocken und k\u00fchl bleibt. Die Dual Comfort System-Behandlung erm\u00f6glicht die Regulierung der K\u00f6rpertemperatur und verhindert eine \u00dcberhitzung der Haut. Das Trikot ist so konzipiert, dass Sie H\u00f6chstleistungen erbringen k\u00f6nnen. Es kombiniert verschiedene Technologien, sodass es immer in der idealen Position bleibt. Die Innenseite der \u00c4rmel ist mit einem hypoallergenen Silikongriff versehen, sodass sie immer eng am Arm anliegen. Der Bund ist mit einem elastischen Band f\u00fcr optimalen Sitz ausgestattet. Im Lendenbereich sind 3 Taschen mit dem neuen ISP-Sicherheitssystem \u2013 Inverse Safe Pocket \u2013 integriert, in denen Sie jeden Gegenstand aufbewahren k\u00f6nnen, ohne bef\u00fcrchten zu m\u00fcssen, ihn zu verlieren.","robots":{"index":"index","follow":"follow","max-snippet":"max-snippet:-1","max-image-preview":"max-image-preview:large","max-video-preview":"max-video-preview:-1"},"canonical":"https:\/\/www.inverseteams.com\/de\/produkt\/personalisiertes-kurzarm-radtrikot-supra\/","og_locale":"de_DE","og_type":"article","og_title":"Personalisiertes Kurzarm Radtrikot AIR","og_description":"Es zeichnet sich durch hervorragende Aerodynamik und hervorragende Atmungsaktivit\u00e4t aus. Es schmiegt sich perfekt an den K\u00f6rper an und die Stoffstreifen der extra langen \u00c4rmel sorgen f\u00fcr eine optimale Luftzirkulation. Die anatomische Form des Halses erm\u00f6glicht eine st\u00f6rungsfreie Anpassung an die Fahrposition und verhindert das Eindringen von Luft. Seine Stoffe sind so konzipiert, dass sich das Trikot perfekt an den K\u00f6rper anpasst und Sie Feuchtigkeit schnell ableiten k\u00f6nnen, sodass der K\u00f6rper trocken und k\u00fchl bleibt. Die Dual Comfort System-Behandlung erm\u00f6glicht die Regulierung der K\u00f6rpertemperatur und verhindert eine \u00dcberhitzung der Haut. Das Trikot ist so konzipiert, dass Sie H\u00f6chstleistungen erbringen k\u00f6nnen. Es kombiniert verschiedene Technologien, sodass es immer in der idealen Position bleibt. Die Innenseite der \u00c4rmel ist mit einem hypoallergenen Silikongriff versehen, sodass sie immer eng am Arm anliegen. Der Bund ist mit einem elastischen Band f\u00fcr optimalen Sitz ausgestattet. Im Lendenbereich sind 3 Taschen mit dem neuen ISP-Sicherheitssystem \u2013 Inverse Safe Pocket \u2013 integriert, in denen Sie jeden Gegenstand aufbewahren k\u00f6nnen, ohne bef\u00fcrchten zu m\u00fcssen, ihn zu verlieren.","og_url":"https:\/\/www.inverseteams.com\/de\/produkt\/personalisiertes-kurzarm-radtrikot-supra\/","og_site_name":"Inverseteams","article_publisher":"https:\/\/www.facebook.com\/inverseteams","article_modified_time":"2026-02-25T08:31:45+00:00","og_image":[{"width":1500,"height":1612,"url":"https:\/\/www.inverseteams.com\/wp-content\/uploads\/MAILLOT-MC-SUPRA-INVERSE-1.png","type":"image\/png"}],"twitter_card":"summary_large_image","twitter_misc":{"Gesch\u00e4tzte Lesezeit":"1\u00a0Minute"},"schema":{"@context":"https:\/\/schema.org","@graph":[{"@type":"WebPage","@id":"https:\/\/www.inverseteams.com\/de\/produkt\/personalisiertes-kurzarm-radtrikot-supra\/","url":"https:\/\/www.inverseteams.com\/de\/produkt\/personalisiertes-kurzarm-radtrikot-supra\/","name":"Personalisiertes Kurzarm Radtrikot AIR","isPartOf":{"@id":"https:\/\/www.inverseteams.com\/de\/#website"},"primaryImageOfPage":{"@id":"https:\/\/www.inverseteams.com\/de\/produkt\/personalisiertes-kurzarm-radtrikot-supra\/#primaryimage"},"image":{"@id":"https:\/\/www.inverseteams.com\/de\/produkt\/personalisiertes-kurzarm-radtrikot-supra\/#primaryimage"},"thumbnailUrl":"https:\/\/www.inverseteams.com\/wp-content\/uploads\/MAILLOT-MC-SUPRA-INVERSE-1.png","datePublished":"2021-05-10T08:30:44+00:00","dateModified":"2026-02-25T08:31:45+00:00","description":"Es zeichnet sich durch hervorragende Aerodynamik und hervorragende Atmungsaktivit\u00e4t aus. Es schmiegt sich perfekt an den K\u00f6rper an und die Stoffstreifen der extra langen \u00c4rmel sorgen f\u00fcr eine optimale Luftzirkulation. Die anatomische Form des Halses erm\u00f6glicht eine st\u00f6rungsfreie Anpassung an die Fahrposition und verhindert das Eindringen von Luft. Seine Stoffe sind so konzipiert, dass sich das Trikot perfekt an den K\u00f6rper anpasst und Sie Feuchtigkeit schnell ableiten k\u00f6nnen, sodass der K\u00f6rper trocken und k\u00fchl bleibt. Die Dual Comfort System-Behandlung erm\u00f6glicht die Regulierung der K\u00f6rpertemperatur und verhindert eine \u00dcberhitzung der Haut. Das Trikot ist so konzipiert, dass Sie H\u00f6chstleistungen erbringen k\u00f6nnen. Es kombiniert verschiedene Technologien, sodass es immer in der idealen Position bleibt. Die Innenseite der \u00c4rmel ist mit einem hypoallergenen Silikongriff versehen, sodass sie immer eng am Arm anliegen. Der Bund ist mit einem elastischen Band f\u00fcr optimalen Sitz ausgestattet. Im Lendenbereich sind 3 Taschen mit dem neuen ISP-Sicherheitssystem \u2013 Inverse Safe Pocket \u2013 integriert, in denen Sie jeden Gegenstand aufbewahren k\u00f6nnen, ohne bef\u00fcrchten zu m\u00fcssen, ihn zu verlieren.","breadcrumb":{"@id":"https:\/\/www.inverseteams.com\/de\/produkt\/personalisiertes-kurzarm-radtrikot-supra\/#breadcrumb"},"inLanguage":"de","potentialAction":[{"@type":"ReadAction","target":["https:\/\/www.inverseteams.com\/de\/produkt\/personalisiertes-kurzarm-radtrikot-supra\/"]}]},{"@type":"ImageObject","inLanguage":"de","@id":"https:\/\/www.inverseteams.com\/de\/produkt\/personalisiertes-kurzarm-radtrikot-supra\/#primaryimage","url":"https:\/\/www.inverseteams.com\/wp-content\/uploads\/MAILLOT-MC-SUPRA-INVERSE-1.png","contentUrl":"https:\/\/www.inverseteams.com\/wp-content\/uploads\/MAILLOT-MC-SUPRA-INVERSE-1.png","width":1500,"height":1612},{"@type":"BreadcrumbList","@id":"https:\/\/www.inverseteams.com\/de\/produkt\/personalisiertes-kurzarm-radtrikot-supra\/#breadcrumb","itemListElement":[{"@type":"ListItem","position":1,"name":"Portada","item":"https:\/\/www.inverseteams.com\/de\/"},{"@type":"ListItem","position":2,"name":"Speichern","item":"https:\/\/www.inverseteams.com\/de\/speichern\/"},{"@type":"ListItem","position":3,"name":"Personalisiertes Kurzarm Radtrikot SUPRA"}]},{"@type":"WebSite","@id":"https:\/\/www.inverseteams.com\/de\/#website","url":"https:\/\/www.inverseteams.com\/de\/","name":"Inverseteams","description":"Tu marca de ropa deportiva personalizada","publisher":{"@id":"https:\/\/www.inverseteams.com\/de\/#organization"},"potentialAction":[{"@type":"SearchAction","target":{"@type":"EntryPoint","urlTemplate":"https:\/\/www.inverseteams.com\/de\/?s={search_term_string}"},"query-input":{"@type":"PropertyValueSpecification","valueRequired":true,"valueName":"search_term_string"}}],"inLanguage":"de"},{"@type":"Organization","@id":"https:\/\/www.inverseteams.com\/de\/#organization","name":"Inverse Teams","url":"https:\/\/www.inverseteams.com\/de\/","logo":{"@type":"ImageObject","inLanguage":"de","@id":"https:\/\/www.inverseteams.com\/de\/#\/schema\/logo\/image\/","url":"https:\/\/www.inverseteams.com\/wp-content\/uploads\/2021\/03\/logo-inverse-teams.png","contentUrl":"https:\/\/www.inverseteams.com\/wp-content\/uploads\/2021\/03\/logo-inverse-teams.png","width":294,"height":99,"caption":"Inverse Teams"},"image":{"@id":"https:\/\/www.inverseteams.com\/de\/#\/schema\/logo\/image\/"},"sameAs":["https:\/\/www.facebook.com\/inverseteams","http:\/\/instagram.com\/inverseteams","https:\/\/www.linkedin.com\/company\/inverse-cirosport-s-l-?trk=job_view_topcard_company_name","http:\/\/www.pinterest.com\/inverseteams\/","http:\/\/www.youtube.com\/user\/inverseteams?feature=watch"]}]}},"_links":{"self":[{"href":"https:\/\/www.inverseteams.com\/de\/wp-json\/wp\/v2\/product\/173788","targetHints":{"allow":["GET"]}}],"collection":[{"href":"https:\/\/www.inverseteams.com\/de\/wp-json\/wp\/v2\/product"}],"about":[{"href":"https:\/\/www.inverseteams.com\/de\/wp-json\/wp\/v2\/types\/product"}],"replies":[{"embeddable":true,"href":"https:\/\/www.inverseteams.com\/de\/wp-json\/wp\/v2\/comments?post=173788"}],"wp:featuredmedia":[{"embeddable":true,"href":"https:\/\/www.inverseteams.com\/de\/wp-json\/wp\/v2\/media\/277670"}],"wp:attachment":[{"href":"https:\/\/www.inverseteams.com\/de\/wp-json\/wp\/v2\/media?parent=173788"}],"wp:term":[{"taxonomy":"product_brand","embeddable":true,"href":"https:\/\/www.inverseteams.com\/de\/wp-json\/wp\/v2\/product_brand?post=173788"},{"taxonomy":"product_cat","embeddable":true,"href":"https:\/\/www.inverseteams.com\/de\/wp-json\/wp\/v2\/product_cat?post=173788"},{"taxonomy":"product_tag","embeddable":true,"href":"https:\/\/www.inverseteams.com\/de\/wp-json\/wp\/v2\/product_tag?post=173788"},{"taxonomy":"custom_category","embeddable":true,"href":"https:\/\/www.inverseteams.com\/de\/wp-json\/wp\/v2\/custom_category?post=173788"},{"taxonomy":"range","embeddable":true,"href":"https:\/\/www.inverseteams.com\/de\/wp-json\/wp\/v2\/range?post=173788"}],"curies":[{"name":"wp","href":"https:\/\/api.w.org\/{rel}","templated":true}]}}