{"id":173780,"date":"2021-05-10T08:31:57","date_gmt":"2021-05-10T09:18:47","guid":{"rendered":"https:\/\/www.inverseteams.com\/product\/athletics-singlet-veloce-men\/"},"modified":"2024-01-29T14:39:40","modified_gmt":"2024-01-29T14:39:40","slug":"personalisiertes-leichtathletik-tanktop-veloce-herren","status":"publish","type":"product","link":"https:\/\/www.inverseteams.com\/de\/produkt\/personalisiertes-leichtathletik-tanktop-veloce-herren\/","title":{"rendered":"Personalisiertes Leichtathletik-Tanktop VELOCE (HERREN)"},"content":{"rendered":"<p>Design und Technologie vereinen sich in diesem technischen Sportoberteil perfekt. Sein Muster, seine Leichtigkeit und Weichheit sorgen daf\u00fcr, dass Sie sich beim Training oder Wettkampf sehr wohl f\u00fchlen. Es ist ein ideales Kleidungsst\u00fcck f\u00fcr sonnige Tage.<br \/>\nDie Dual Comfort System-Behandlung des Stoffes reguliert die K\u00f6rpertemperatur und verhindert eine \u00dcberhitzung der Haut. Dar\u00fcber hinaus erm\u00f6glicht die Struktur seiner Filamente eine schnelle Ableitung des Schwei\u00dfes nach au\u00dfen, um die Haut trocken zu halten.<br \/>\nDas neue Leichtathletik-Singlet hilft Ihnen, Ihre Anstrengungen zu optimieren und den Outdoor-Sport zu genie\u00dfen.<\/p>\n","protected":false},"excerpt":{"rendered":"<p>Design und Technologie vereinen sich in diesem technischen Sportoberteil perfekt. Sein Muster, seine Leichtigkeit und Weichheit sorgen daf\u00fcr, dass Sie sich beim Training oder Wettkampf sehr wohl f\u00fchlen. Es ist ein ideales Kleidungsst\u00fcck f\u00fcr sonnige Tage.<br \/>\nDie Dual Comfort System-Behandlung des Stoffes reguliert die K\u00f6rpertemperatur und verhindert eine \u00dcberhitzung der Haut. Dar\u00fcber hinaus erm\u00f6glicht die Struktur seiner Filamente eine schnelle Ableitung des Schwei\u00dfes nach au\u00dfen, um die Haut trocken zu halten.<br \/>\nDas neue Leichtathletik-Singlet hilft Ihnen, Ihre Anstrengungen zu optimieren und den Outdoor-Sport zu genie\u00dfen.<\/p>\n","protected":false},"featured_media":165101,"comment_status":"closed","ping_status":"closed","template":"","meta":{"_acf_changed":false},"product_brand":[],"product_cat":[11218],"product_tag":[],"custom_category":[11319,11240,11322],"range":[11323],"class_list":{"0":"post-173780","1":"product","2":"type-product","3":"status-publish","4":"has-post-thumbnail","6":"product_cat-uncategorized-de","7":"pa_climatologia-calor-de","8":"pa_deporte-atletismo-de","9":"pa_genero-hombre-de","10":"pa_genero-infantil-de","11":"pa_patronaje-regular-de","12":"pa_tipo-de-prenda-camiseta-de","13":"custom_category-personalisierte-leichtathletik-shirts","14":"custom_category-sport","15":"custom_category-personalisierte-leichtathletikbekleidung","16":"range-veloce-de","18":"first","19":"instock","20":"product-type-custom"},"acf":[],"yoast_head":"<!-- This site is optimized with the Yoast SEO plugin v27.3 - https:\/\/yoast.com\/product\/yoast-seo-wordpress\/ -->\n<title>Personalisiertes Leichtathletik-Tanktop VELOCE (HERREN)<\/title>\n<meta name=\"description\" content=\"Design und Technologie vereinen sich in diesem technischen Sportoberteil perfekt. Sein Muster, seine Leichtigkeit und Weichheit sorgen daf\u00fcr, dass Sie sich beim Training oder Wettkampf sehr wohl f\u00fchlen. Es ist ein ideales Kleidungsst\u00fcck f\u00fcr sonnige Tage. Die Dual Comfort System-Behandlung des Stoffes reguliert die K\u00f6rpertemperatur und verhindert eine \u00dcberhitzung der Haut. Dar\u00fcber hinaus erm\u00f6glicht die Struktur seiner Filamente eine schnelle Ableitung des Schwei\u00dfes nach au\u00dfen, um die Haut trocken zu halten. Das neue Leichtathletik-Singlet hilft Ihnen, Ihre Anstrengungen zu optimieren und den Outdoor-Sport zu genie\u00dfen.\" \/>\n<meta name=\"robots\" content=\"index, follow, max-snippet:-1, max-image-preview:large, max-video-preview:-1\" \/>\n<link rel=\"canonical\" href=\"https:\/\/www.inverseteams.com\/de\/produkt\/personalisiertes-leichtathletik-tanktop-veloce-herren\/\" \/>\n<meta property=\"og:locale\" content=\"de_DE\" \/>\n<meta property=\"og:type\" content=\"article\" \/>\n<meta property=\"og:title\" content=\"Personalisiertes Leichtathletik-Tanktop VELOCE (HERREN)\" \/>\n<meta property=\"og:description\" content=\"Design und Technologie vereinen sich in diesem technischen Sportoberteil perfekt. Sein Muster, seine Leichtigkeit und Weichheit sorgen daf\u00fcr, dass Sie sich beim Training oder Wettkampf sehr wohl f\u00fchlen. Es ist ein ideales Kleidungsst\u00fcck f\u00fcr sonnige Tage. Die Dual Comfort System-Behandlung des Stoffes reguliert die K\u00f6rpertemperatur und verhindert eine \u00dcberhitzung der Haut. Dar\u00fcber hinaus erm\u00f6glicht die Struktur seiner Filamente eine schnelle Ableitung des Schwei\u00dfes nach au\u00dfen, um die Haut trocken zu halten. Das neue Leichtathletik-Singlet hilft Ihnen, Ihre Anstrengungen zu optimieren und den Outdoor-Sport zu genie\u00dfen.\" \/>\n<meta property=\"og:url\" content=\"https:\/\/www.inverseteams.com\/de\/produkt\/personalisiertes-leichtathletik-tanktop-veloce-herren\/\" \/>\n<meta property=\"og:site_name\" content=\"Inverseteams\" \/>\n<meta property=\"article:publisher\" content=\"https:\/\/www.facebook.com\/inverseteams\" \/>\n<meta property=\"article:modified_time\" content=\"2024-01-29T14:39:40+00:00\" \/>\n<meta property=\"og:image\" content=\"https:\/\/www.inverseteams.com\/wp-content\/uploads\/CAMISETA-CT-HOMBRE-VELOCE-1.jpg\" \/>\n\t<meta property=\"og:image:width\" content=\"3222\" \/>\n\t<meta property=\"og:image:height\" content=\"3462\" \/>\n\t<meta property=\"og:image:type\" content=\"image\/jpeg\" \/>\n<meta name=\"twitter:card\" content=\"summary_large_image\" \/>\n<meta name=\"twitter:label1\" content=\"Gesch\u00e4tzte Lesezeit\" \/>\n\t<meta name=\"twitter:data1\" content=\"1\u00a0Minute\" \/>\n<script type=\"application\/ld+json\" class=\"yoast-schema-graph\">{\"@context\":\"https:\\\/\\\/schema.org\",\"@graph\":[{\"@type\":\"WebPage\",\"@id\":\"https:\\\/\\\/www.inverseteams.com\\\/de\\\/produkt\\\/personalisiertes-leichtathletik-tanktop-veloce-herren\\\/\",\"url\":\"https:\\\/\\\/www.inverseteams.com\\\/de\\\/produkt\\\/personalisiertes-leichtathletik-tanktop-veloce-herren\\\/\",\"name\":\"Personalisiertes Leichtathletik-Tanktop VELOCE (HERREN)\",\"isPartOf\":{\"@id\":\"https:\\\/\\\/www.inverseteams.com\\\/de\\\/#website\"},\"primaryImageOfPage\":{\"@id\":\"https:\\\/\\\/www.inverseteams.com\\\/de\\\/produkt\\\/personalisiertes-leichtathletik-tanktop-veloce-herren\\\/#primaryimage\"},\"image\":{\"@id\":\"https:\\\/\\\/www.inverseteams.com\\\/de\\\/produkt\\\/personalisiertes-leichtathletik-tanktop-veloce-herren\\\/#primaryimage\"},\"thumbnailUrl\":\"https:\\\/\\\/www.inverseteams.com\\\/wp-content\\\/uploads\\\/CAMISETA-CT-HOMBRE-VELOCE-1.jpg\",\"datePublished\":\"2021-05-10T09:18:47+00:00\",\"dateModified\":\"2024-01-29T14:39:40+00:00\",\"description\":\"Design und Technologie vereinen sich in diesem technischen Sportoberteil perfekt. Sein Muster, seine Leichtigkeit und Weichheit sorgen daf\u00fcr, dass Sie sich beim Training oder Wettkampf sehr wohl f\u00fchlen. Es ist ein ideales Kleidungsst\u00fcck f\u00fcr sonnige Tage. Die Dual Comfort System-Behandlung des Stoffes reguliert die K\u00f6rpertemperatur und verhindert eine \u00dcberhitzung der Haut. Dar\u00fcber hinaus erm\u00f6glicht die Struktur seiner Filamente eine schnelle Ableitung des Schwei\u00dfes nach au\u00dfen, um die Haut trocken zu halten. Das neue Leichtathletik-Singlet hilft Ihnen, Ihre Anstrengungen zu optimieren und den Outdoor-Sport zu genie\u00dfen.\",\"breadcrumb\":{\"@id\":\"https:\\\/\\\/www.inverseteams.com\\\/de\\\/produkt\\\/personalisiertes-leichtathletik-tanktop-veloce-herren\\\/#breadcrumb\"},\"inLanguage\":\"de\",\"potentialAction\":[{\"@type\":\"ReadAction\",\"target\":[\"https:\\\/\\\/www.inverseteams.com\\\/de\\\/produkt\\\/personalisiertes-leichtathletik-tanktop-veloce-herren\\\/\"]}]},{\"@type\":\"ImageObject\",\"inLanguage\":\"de\",\"@id\":\"https:\\\/\\\/www.inverseteams.com\\\/de\\\/produkt\\\/personalisiertes-leichtathletik-tanktop-veloce-herren\\\/#primaryimage\",\"url\":\"https:\\\/\\\/www.inverseteams.com\\\/wp-content\\\/uploads\\\/CAMISETA-CT-HOMBRE-VELOCE-1.jpg\",\"contentUrl\":\"https:\\\/\\\/www.inverseteams.com\\\/wp-content\\\/uploads\\\/CAMISETA-CT-HOMBRE-VELOCE-1.jpg\",\"width\":3222,\"height\":3462,\"caption\":\"camiseta atletismo personalizada\"},{\"@type\":\"BreadcrumbList\",\"@id\":\"https:\\\/\\\/www.inverseteams.com\\\/de\\\/produkt\\\/personalisiertes-leichtathletik-tanktop-veloce-herren\\\/#breadcrumb\",\"itemListElement\":[{\"@type\":\"ListItem\",\"position\":1,\"name\":\"Portada\",\"item\":\"https:\\\/\\\/www.inverseteams.com\\\/de\\\/\"},{\"@type\":\"ListItem\",\"position\":2,\"name\":\"Speichern\",\"item\":\"https:\\\/\\\/www.inverseteams.com\\\/de\\\/speichern\\\/\"},{\"@type\":\"ListItem\",\"position\":3,\"name\":\"Personalisiertes Leichtathletik-Tanktop VELOCE (HERREN)\"}]},{\"@type\":\"WebSite\",\"@id\":\"https:\\\/\\\/www.inverseteams.com\\\/de\\\/#website\",\"url\":\"https:\\\/\\\/www.inverseteams.com\\\/de\\\/\",\"name\":\"Inverseteams\",\"description\":\"Tu marca de ropa deportiva personalizada\",\"publisher\":{\"@id\":\"https:\\\/\\\/www.inverseteams.com\\\/de\\\/#organization\"},\"potentialAction\":[{\"@type\":\"SearchAction\",\"target\":{\"@type\":\"EntryPoint\",\"urlTemplate\":\"https:\\\/\\\/www.inverseteams.com\\\/de\\\/?s={search_term_string}\"},\"query-input\":{\"@type\":\"PropertyValueSpecification\",\"valueRequired\":true,\"valueName\":\"search_term_string\"}}],\"inLanguage\":\"de\"},{\"@type\":\"Organization\",\"@id\":\"https:\\\/\\\/www.inverseteams.com\\\/de\\\/#organization\",\"name\":\"Inverse Teams\",\"url\":\"https:\\\/\\\/www.inverseteams.com\\\/de\\\/\",\"logo\":{\"@type\":\"ImageObject\",\"inLanguage\":\"de\",\"@id\":\"https:\\\/\\\/www.inverseteams.com\\\/de\\\/#\\\/schema\\\/logo\\\/image\\\/\",\"url\":\"https:\\\/\\\/www.inverseteams.com\\\/wp-content\\\/uploads\\\/2021\\\/03\\\/logo-inverse-teams.png\",\"contentUrl\":\"https:\\\/\\\/www.inverseteams.com\\\/wp-content\\\/uploads\\\/2021\\\/03\\\/logo-inverse-teams.png\",\"width\":294,\"height\":99,\"caption\":\"Inverse Teams\"},\"image\":{\"@id\":\"https:\\\/\\\/www.inverseteams.com\\\/de\\\/#\\\/schema\\\/logo\\\/image\\\/\"},\"sameAs\":[\"https:\\\/\\\/www.facebook.com\\\/inverseteams\",\"http:\\\/\\\/instagram.com\\\/inverseteams\",\"https:\\\/\\\/www.linkedin.com\\\/company\\\/inverse-cirosport-s-l-?trk=job_view_topcard_company_name\",\"http:\\\/\\\/www.pinterest.com\\\/inverseteams\\\/\",\"http:\\\/\\\/www.youtube.com\\\/user\\\/inverseteams?feature=watch\"]}]}<\/script>\n<!-- \/ Yoast SEO plugin. -->","yoast_head_json":{"title":"Personalisiertes Leichtathletik-Tanktop VELOCE (HERREN)","description":"Design und Technologie vereinen sich in diesem technischen Sportoberteil perfekt. Sein Muster, seine Leichtigkeit und Weichheit sorgen daf\u00fcr, dass Sie sich beim Training oder Wettkampf sehr wohl f\u00fchlen. Es ist ein ideales Kleidungsst\u00fcck f\u00fcr sonnige Tage. Die Dual Comfort System-Behandlung des Stoffes reguliert die K\u00f6rpertemperatur und verhindert eine \u00dcberhitzung der Haut. Dar\u00fcber hinaus erm\u00f6glicht die Struktur seiner Filamente eine schnelle Ableitung des Schwei\u00dfes nach au\u00dfen, um die Haut trocken zu halten. Das neue Leichtathletik-Singlet hilft Ihnen, Ihre Anstrengungen zu optimieren und den Outdoor-Sport zu genie\u00dfen.","robots":{"index":"index","follow":"follow","max-snippet":"max-snippet:-1","max-image-preview":"max-image-preview:large","max-video-preview":"max-video-preview:-1"},"canonical":"https:\/\/www.inverseteams.com\/de\/produkt\/personalisiertes-leichtathletik-tanktop-veloce-herren\/","og_locale":"de_DE","og_type":"article","og_title":"Personalisiertes Leichtathletik-Tanktop VELOCE (HERREN)","og_description":"Design und Technologie vereinen sich in diesem technischen Sportoberteil perfekt. Sein Muster, seine Leichtigkeit und Weichheit sorgen daf\u00fcr, dass Sie sich beim Training oder Wettkampf sehr wohl f\u00fchlen. Es ist ein ideales Kleidungsst\u00fcck f\u00fcr sonnige Tage. Die Dual Comfort System-Behandlung des Stoffes reguliert die K\u00f6rpertemperatur und verhindert eine \u00dcberhitzung der Haut. Dar\u00fcber hinaus erm\u00f6glicht die Struktur seiner Filamente eine schnelle Ableitung des Schwei\u00dfes nach au\u00dfen, um die Haut trocken zu halten. Das neue Leichtathletik-Singlet hilft Ihnen, Ihre Anstrengungen zu optimieren und den Outdoor-Sport zu genie\u00dfen.","og_url":"https:\/\/www.inverseteams.com\/de\/produkt\/personalisiertes-leichtathletik-tanktop-veloce-herren\/","og_site_name":"Inverseteams","article_publisher":"https:\/\/www.facebook.com\/inverseteams","article_modified_time":"2024-01-29T14:39:40+00:00","og_image":[{"width":3222,"height":3462,"url":"https:\/\/www.inverseteams.com\/wp-content\/uploads\/CAMISETA-CT-HOMBRE-VELOCE-1.jpg","type":"image\/jpeg"}],"twitter_card":"summary_large_image","twitter_misc":{"Gesch\u00e4tzte Lesezeit":"1\u00a0Minute"},"schema":{"@context":"https:\/\/schema.org","@graph":[{"@type":"WebPage","@id":"https:\/\/www.inverseteams.com\/de\/produkt\/personalisiertes-leichtathletik-tanktop-veloce-herren\/","url":"https:\/\/www.inverseteams.com\/de\/produkt\/personalisiertes-leichtathletik-tanktop-veloce-herren\/","name":"Personalisiertes Leichtathletik-Tanktop VELOCE (HERREN)","isPartOf":{"@id":"https:\/\/www.inverseteams.com\/de\/#website"},"primaryImageOfPage":{"@id":"https:\/\/www.inverseteams.com\/de\/produkt\/personalisiertes-leichtathletik-tanktop-veloce-herren\/#primaryimage"},"image":{"@id":"https:\/\/www.inverseteams.com\/de\/produkt\/personalisiertes-leichtathletik-tanktop-veloce-herren\/#primaryimage"},"thumbnailUrl":"https:\/\/www.inverseteams.com\/wp-content\/uploads\/CAMISETA-CT-HOMBRE-VELOCE-1.jpg","datePublished":"2021-05-10T09:18:47+00:00","dateModified":"2024-01-29T14:39:40+00:00","description":"Design und Technologie vereinen sich in diesem technischen Sportoberteil perfekt. Sein Muster, seine Leichtigkeit und Weichheit sorgen daf\u00fcr, dass Sie sich beim Training oder Wettkampf sehr wohl f\u00fchlen. Es ist ein ideales Kleidungsst\u00fcck f\u00fcr sonnige Tage. Die Dual Comfort System-Behandlung des Stoffes reguliert die K\u00f6rpertemperatur und verhindert eine \u00dcberhitzung der Haut. Dar\u00fcber hinaus erm\u00f6glicht die Struktur seiner Filamente eine schnelle Ableitung des Schwei\u00dfes nach au\u00dfen, um die Haut trocken zu halten. Das neue Leichtathletik-Singlet hilft Ihnen, Ihre Anstrengungen zu optimieren und den Outdoor-Sport zu genie\u00dfen.","breadcrumb":{"@id":"https:\/\/www.inverseteams.com\/de\/produkt\/personalisiertes-leichtathletik-tanktop-veloce-herren\/#breadcrumb"},"inLanguage":"de","potentialAction":[{"@type":"ReadAction","target":["https:\/\/www.inverseteams.com\/de\/produkt\/personalisiertes-leichtathletik-tanktop-veloce-herren\/"]}]},{"@type":"ImageObject","inLanguage":"de","@id":"https:\/\/www.inverseteams.com\/de\/produkt\/personalisiertes-leichtathletik-tanktop-veloce-herren\/#primaryimage","url":"https:\/\/www.inverseteams.com\/wp-content\/uploads\/CAMISETA-CT-HOMBRE-VELOCE-1.jpg","contentUrl":"https:\/\/www.inverseteams.com\/wp-content\/uploads\/CAMISETA-CT-HOMBRE-VELOCE-1.jpg","width":3222,"height":3462,"caption":"camiseta atletismo personalizada"},{"@type":"BreadcrumbList","@id":"https:\/\/www.inverseteams.com\/de\/produkt\/personalisiertes-leichtathletik-tanktop-veloce-herren\/#breadcrumb","itemListElement":[{"@type":"ListItem","position":1,"name":"Portada","item":"https:\/\/www.inverseteams.com\/de\/"},{"@type":"ListItem","position":2,"name":"Speichern","item":"https:\/\/www.inverseteams.com\/de\/speichern\/"},{"@type":"ListItem","position":3,"name":"Personalisiertes Leichtathletik-Tanktop VELOCE (HERREN)"}]},{"@type":"WebSite","@id":"https:\/\/www.inverseteams.com\/de\/#website","url":"https:\/\/www.inverseteams.com\/de\/","name":"Inverseteams","description":"Tu marca de ropa deportiva personalizada","publisher":{"@id":"https:\/\/www.inverseteams.com\/de\/#organization"},"potentialAction":[{"@type":"SearchAction","target":{"@type":"EntryPoint","urlTemplate":"https:\/\/www.inverseteams.com\/de\/?s={search_term_string}"},"query-input":{"@type":"PropertyValueSpecification","valueRequired":true,"valueName":"search_term_string"}}],"inLanguage":"de"},{"@type":"Organization","@id":"https:\/\/www.inverseteams.com\/de\/#organization","name":"Inverse Teams","url":"https:\/\/www.inverseteams.com\/de\/","logo":{"@type":"ImageObject","inLanguage":"de","@id":"https:\/\/www.inverseteams.com\/de\/#\/schema\/logo\/image\/","url":"https:\/\/www.inverseteams.com\/wp-content\/uploads\/2021\/03\/logo-inverse-teams.png","contentUrl":"https:\/\/www.inverseteams.com\/wp-content\/uploads\/2021\/03\/logo-inverse-teams.png","width":294,"height":99,"caption":"Inverse Teams"},"image":{"@id":"https:\/\/www.inverseteams.com\/de\/#\/schema\/logo\/image\/"},"sameAs":["https:\/\/www.facebook.com\/inverseteams","http:\/\/instagram.com\/inverseteams","https:\/\/www.linkedin.com\/company\/inverse-cirosport-s-l-?trk=job_view_topcard_company_name","http:\/\/www.pinterest.com\/inverseteams\/","http:\/\/www.youtube.com\/user\/inverseteams?feature=watch"]}]}},"_links":{"self":[{"href":"https:\/\/www.inverseteams.com\/de\/wp-json\/wp\/v2\/product\/173780","targetHints":{"allow":["GET"]}}],"collection":[{"href":"https:\/\/www.inverseteams.com\/de\/wp-json\/wp\/v2\/product"}],"about":[{"href":"https:\/\/www.inverseteams.com\/de\/wp-json\/wp\/v2\/types\/product"}],"replies":[{"embeddable":true,"href":"https:\/\/www.inverseteams.com\/de\/wp-json\/wp\/v2\/comments?post=173780"}],"wp:featuredmedia":[{"embeddable":true,"href":"https:\/\/www.inverseteams.com\/de\/wp-json\/wp\/v2\/media\/165101"}],"wp:attachment":[{"href":"https:\/\/www.inverseteams.com\/de\/wp-json\/wp\/v2\/media?parent=173780"}],"wp:term":[{"taxonomy":"product_brand","embeddable":true,"href":"https:\/\/www.inverseteams.com\/de\/wp-json\/wp\/v2\/product_brand?post=173780"},{"taxonomy":"product_cat","embeddable":true,"href":"https:\/\/www.inverseteams.com\/de\/wp-json\/wp\/v2\/product_cat?post=173780"},{"taxonomy":"product_tag","embeddable":true,"href":"https:\/\/www.inverseteams.com\/de\/wp-json\/wp\/v2\/product_tag?post=173780"},{"taxonomy":"custom_category","embeddable":true,"href":"https:\/\/www.inverseteams.com\/de\/wp-json\/wp\/v2\/custom_category?post=173780"},{"taxonomy":"range","embeddable":true,"href":"https:\/\/www.inverseteams.com\/de\/wp-json\/wp\/v2\/range?post=173780"}],"curies":[{"name":"wp","href":"https:\/\/api.w.org\/{rel}","templated":true}]}}