{"id":173776,"date":"2021-05-10T08:32:33","date_gmt":"2021-05-10T09:19:22","guid":{"rendered":"https:\/\/www.inverseteams.com\/product\/womens-swimsuit-atlantis\/"},"modified":"2024-01-31T10:59:39","modified_gmt":"2024-01-31T10:59:39","slug":"personalisiertes-badeanzug-fuer-damen-atlantis","status":"publish","type":"product","link":"https:\/\/www.inverseteams.com\/de\/produkt\/personalisiertes-badeanzug-fuer-damen-atlantis\/","title":{"rendered":"Personalisiertes Badeanzug f\u00fcr Damen ATLANTIS"},"content":{"rendered":"<p>Dank seiner guten Passform und der Struktur des Stoffes bietet dieser Badeanzug einen hervorragenden Rutsch auf dem Wasser. Es zeichnet sich durch eine hohe Chlor- und Salpeterbest\u00e4ndigkeit sowie eine schnelle Trocknung aus. Im Inneren befindet sich ein sehr feines Futter mit angenehmer Haptik, das Kratzer und m\u00f6gliche Transparenzen vermeidet.<br \/>\nEs ist ein idealer Badeanzug f\u00fcr den t\u00e4glichen und intensiven Gebrauch.<\/p>\n","protected":false},"excerpt":{"rendered":"<p>Dank seiner guten Passform und der Struktur des Stoffes bietet dieser Badeanzug einen hervorragenden Rutsch auf dem Wasser. Es zeichnet sich durch eine hohe Chlor- und Salpeterbest\u00e4ndigkeit sowie eine schnelle Trocknung aus. Im Inneren befindet sich ein sehr feines Futter mit angenehmer Haptik, das Kratzer und m\u00f6gliche Transparenzen vermeidet.<br \/>\nEs ist ein idealer Badeanzug f\u00fcr den t\u00e4glichen und intensiven Gebrauch.<\/p>\n","protected":false},"featured_media":162669,"comment_status":"closed","ping_status":"closed","template":"","meta":{"_acf_changed":false},"product_brand":[],"product_cat":[11218],"product_tag":[],"custom_category":[11297,11240,11299],"range":[11300],"class_list":{"0":"post-173776","1":"product","2":"type-product","3":"status-publish","4":"has-post-thumbnail","6":"product_cat-uncategorized-de","7":"pa_climatologia-calor-de","8":"pa_deporte-natacion-de","9":"pa_genero-mujer-de","10":"pa_genero-infantil-de","11":"pa_patronaje-fit-de","12":"pa_tipo-de-prenda-banador-de","13":"custom_category-personalisierte-schwimmen-badeanzug","14":"custom_category-sport","15":"custom_category-personalisierte-schwimmbekleidung","16":"range-atlantis-de","18":"first","19":"instock","20":"product-type-custom"},"acf":[],"yoast_head":"<!-- This site is optimized with the Yoast SEO plugin v27.3 - https:\/\/yoast.com\/product\/yoast-seo-wordpress\/ -->\n<title>Personalisiertes Badeanzug f\u00fcr Damen ATLANTIS<\/title>\n<meta name=\"description\" content=\"Dank seiner guten Passform und der Struktur des Stoffes bietet dieser Badeanzug einen hervorragenden Rutsch auf dem Wasser. Es zeichnet sich durch eine hohe Chlor- und Salpeterbest\u00e4ndigkeit sowie eine schnelle Trocknung aus. Im Inneren befindet sich ein sehr feines Futter mit angenehmer Haptik, das Kratzer und m\u00f6gliche Transparenzen vermeidet. Es ist ein idealer Badeanzug f\u00fcr den t\u00e4glichen und intensiven Gebrauch.\" \/>\n<meta name=\"robots\" content=\"index, follow, max-snippet:-1, max-image-preview:large, max-video-preview:-1\" \/>\n<link rel=\"canonical\" href=\"https:\/\/www.inverseteams.com\/de\/produkt\/personalisiertes-badeanzug-fuer-damen-atlantis\/\" \/>\n<meta property=\"og:locale\" content=\"de_DE\" \/>\n<meta property=\"og:type\" content=\"article\" \/>\n<meta property=\"og:title\" content=\"Personalisiertes Badeanzug f\u00fcr Damen ATLANTIS\" \/>\n<meta property=\"og:description\" content=\"Dank seiner guten Passform und der Struktur des Stoffes bietet dieser Badeanzug einen hervorragenden Rutsch auf dem Wasser. Es zeichnet sich durch eine hohe Chlor- und Salpeterbest\u00e4ndigkeit sowie eine schnelle Trocknung aus. Im Inneren befindet sich ein sehr feines Futter mit angenehmer Haptik, das Kratzer und m\u00f6gliche Transparenzen vermeidet. Es ist ein idealer Badeanzug f\u00fcr den t\u00e4glichen und intensiven Gebrauch.\" \/>\n<meta property=\"og:url\" content=\"https:\/\/www.inverseteams.com\/de\/produkt\/personalisiertes-badeanzug-fuer-damen-atlantis\/\" \/>\n<meta property=\"og:site_name\" content=\"Inverseteams\" \/>\n<meta property=\"article:publisher\" content=\"https:\/\/www.facebook.com\/inverseteams\" \/>\n<meta property=\"article:modified_time\" content=\"2024-01-31T10:59:39+00:00\" \/>\n<meta property=\"og:image\" content=\"https:\/\/www.inverseteams.com\/wp-content\/uploads\/BANADOR-NATACION-MUJER-PERSONALIZADO-ATLANTIS-1.jpg\" \/>\n\t<meta property=\"og:image:width\" content=\"3222\" \/>\n\t<meta property=\"og:image:height\" content=\"3462\" \/>\n\t<meta property=\"og:image:type\" content=\"image\/jpeg\" \/>\n<meta name=\"twitter:card\" content=\"summary_large_image\" \/>\n<meta name=\"twitter:label1\" content=\"Gesch\u00e4tzte Lesezeit\" \/>\n\t<meta name=\"twitter:data1\" content=\"1\u00a0Minute\" \/>\n<script type=\"application\/ld+json\" class=\"yoast-schema-graph\">{\"@context\":\"https:\\\/\\\/schema.org\",\"@graph\":[{\"@type\":\"WebPage\",\"@id\":\"https:\\\/\\\/www.inverseteams.com\\\/de\\\/produkt\\\/personalisiertes-badeanzug-fuer-damen-atlantis\\\/\",\"url\":\"https:\\\/\\\/www.inverseteams.com\\\/de\\\/produkt\\\/personalisiertes-badeanzug-fuer-damen-atlantis\\\/\",\"name\":\"Personalisiertes Badeanzug f\u00fcr Damen ATLANTIS\",\"isPartOf\":{\"@id\":\"https:\\\/\\\/www.inverseteams.com\\\/de\\\/#website\"},\"primaryImageOfPage\":{\"@id\":\"https:\\\/\\\/www.inverseteams.com\\\/de\\\/produkt\\\/personalisiertes-badeanzug-fuer-damen-atlantis\\\/#primaryimage\"},\"image\":{\"@id\":\"https:\\\/\\\/www.inverseteams.com\\\/de\\\/produkt\\\/personalisiertes-badeanzug-fuer-damen-atlantis\\\/#primaryimage\"},\"thumbnailUrl\":\"https:\\\/\\\/www.inverseteams.com\\\/wp-content\\\/uploads\\\/BANADOR-NATACION-MUJER-PERSONALIZADO-ATLANTIS-1.jpg\",\"datePublished\":\"2021-05-10T09:19:22+00:00\",\"dateModified\":\"2024-01-31T10:59:39+00:00\",\"description\":\"Dank seiner guten Passform und der Struktur des Stoffes bietet dieser Badeanzug einen hervorragenden Rutsch auf dem Wasser. Es zeichnet sich durch eine hohe Chlor- und Salpeterbest\u00e4ndigkeit sowie eine schnelle Trocknung aus. Im Inneren befindet sich ein sehr feines Futter mit angenehmer Haptik, das Kratzer und m\u00f6gliche Transparenzen vermeidet. Es ist ein idealer Badeanzug f\u00fcr den t\u00e4glichen und intensiven Gebrauch.\",\"breadcrumb\":{\"@id\":\"https:\\\/\\\/www.inverseteams.com\\\/de\\\/produkt\\\/personalisiertes-badeanzug-fuer-damen-atlantis\\\/#breadcrumb\"},\"inLanguage\":\"de\",\"potentialAction\":[{\"@type\":\"ReadAction\",\"target\":[\"https:\\\/\\\/www.inverseteams.com\\\/de\\\/produkt\\\/personalisiertes-badeanzug-fuer-damen-atlantis\\\/\"]}]},{\"@type\":\"ImageObject\",\"inLanguage\":\"de\",\"@id\":\"https:\\\/\\\/www.inverseteams.com\\\/de\\\/produkt\\\/personalisiertes-badeanzug-fuer-damen-atlantis\\\/#primaryimage\",\"url\":\"https:\\\/\\\/www.inverseteams.com\\\/wp-content\\\/uploads\\\/BANADOR-NATACION-MUJER-PERSONALIZADO-ATLANTIS-1.jpg\",\"contentUrl\":\"https:\\\/\\\/www.inverseteams.com\\\/wp-content\\\/uploads\\\/BANADOR-NATACION-MUJER-PERSONALIZADO-ATLANTIS-1.jpg\",\"width\":3222,\"height\":3462,\"caption\":\"ba\u00f1ador natacion mujer personalizable\"},{\"@type\":\"BreadcrumbList\",\"@id\":\"https:\\\/\\\/www.inverseteams.com\\\/de\\\/produkt\\\/personalisiertes-badeanzug-fuer-damen-atlantis\\\/#breadcrumb\",\"itemListElement\":[{\"@type\":\"ListItem\",\"position\":1,\"name\":\"Portada\",\"item\":\"https:\\\/\\\/www.inverseteams.com\\\/de\\\/\"},{\"@type\":\"ListItem\",\"position\":2,\"name\":\"Speichern\",\"item\":\"https:\\\/\\\/www.inverseteams.com\\\/de\\\/speichern\\\/\"},{\"@type\":\"ListItem\",\"position\":3,\"name\":\"Personalisiertes Badeanzug f\u00fcr Damen ATLANTIS\"}]},{\"@type\":\"WebSite\",\"@id\":\"https:\\\/\\\/www.inverseteams.com\\\/de\\\/#website\",\"url\":\"https:\\\/\\\/www.inverseteams.com\\\/de\\\/\",\"name\":\"Inverseteams\",\"description\":\"Tu marca de ropa deportiva personalizada\",\"publisher\":{\"@id\":\"https:\\\/\\\/www.inverseteams.com\\\/de\\\/#organization\"},\"potentialAction\":[{\"@type\":\"SearchAction\",\"target\":{\"@type\":\"EntryPoint\",\"urlTemplate\":\"https:\\\/\\\/www.inverseteams.com\\\/de\\\/?s={search_term_string}\"},\"query-input\":{\"@type\":\"PropertyValueSpecification\",\"valueRequired\":true,\"valueName\":\"search_term_string\"}}],\"inLanguage\":\"de\"},{\"@type\":\"Organization\",\"@id\":\"https:\\\/\\\/www.inverseteams.com\\\/de\\\/#organization\",\"name\":\"Inverse Teams\",\"url\":\"https:\\\/\\\/www.inverseteams.com\\\/de\\\/\",\"logo\":{\"@type\":\"ImageObject\",\"inLanguage\":\"de\",\"@id\":\"https:\\\/\\\/www.inverseteams.com\\\/de\\\/#\\\/schema\\\/logo\\\/image\\\/\",\"url\":\"https:\\\/\\\/www.inverseteams.com\\\/wp-content\\\/uploads\\\/2021\\\/03\\\/logo-inverse-teams.png\",\"contentUrl\":\"https:\\\/\\\/www.inverseteams.com\\\/wp-content\\\/uploads\\\/2021\\\/03\\\/logo-inverse-teams.png\",\"width\":294,\"height\":99,\"caption\":\"Inverse Teams\"},\"image\":{\"@id\":\"https:\\\/\\\/www.inverseteams.com\\\/de\\\/#\\\/schema\\\/logo\\\/image\\\/\"},\"sameAs\":[\"https:\\\/\\\/www.facebook.com\\\/inverseteams\",\"http:\\\/\\\/instagram.com\\\/inverseteams\",\"https:\\\/\\\/www.linkedin.com\\\/company\\\/inverse-cirosport-s-l-?trk=job_view_topcard_company_name\",\"http:\\\/\\\/www.pinterest.com\\\/inverseteams\\\/\",\"http:\\\/\\\/www.youtube.com\\\/user\\\/inverseteams?feature=watch\"]}]}<\/script>\n<!-- \/ Yoast SEO plugin. -->","yoast_head_json":{"title":"Personalisiertes Badeanzug f\u00fcr Damen ATLANTIS","description":"Dank seiner guten Passform und der Struktur des Stoffes bietet dieser Badeanzug einen hervorragenden Rutsch auf dem Wasser. Es zeichnet sich durch eine hohe Chlor- und Salpeterbest\u00e4ndigkeit sowie eine schnelle Trocknung aus. Im Inneren befindet sich ein sehr feines Futter mit angenehmer Haptik, das Kratzer und m\u00f6gliche Transparenzen vermeidet. Es ist ein idealer Badeanzug f\u00fcr den t\u00e4glichen und intensiven Gebrauch.","robots":{"index":"index","follow":"follow","max-snippet":"max-snippet:-1","max-image-preview":"max-image-preview:large","max-video-preview":"max-video-preview:-1"},"canonical":"https:\/\/www.inverseteams.com\/de\/produkt\/personalisiertes-badeanzug-fuer-damen-atlantis\/","og_locale":"de_DE","og_type":"article","og_title":"Personalisiertes Badeanzug f\u00fcr Damen ATLANTIS","og_description":"Dank seiner guten Passform und der Struktur des Stoffes bietet dieser Badeanzug einen hervorragenden Rutsch auf dem Wasser. Es zeichnet sich durch eine hohe Chlor- und Salpeterbest\u00e4ndigkeit sowie eine schnelle Trocknung aus. Im Inneren befindet sich ein sehr feines Futter mit angenehmer Haptik, das Kratzer und m\u00f6gliche Transparenzen vermeidet. Es ist ein idealer Badeanzug f\u00fcr den t\u00e4glichen und intensiven Gebrauch.","og_url":"https:\/\/www.inverseteams.com\/de\/produkt\/personalisiertes-badeanzug-fuer-damen-atlantis\/","og_site_name":"Inverseteams","article_publisher":"https:\/\/www.facebook.com\/inverseteams","article_modified_time":"2024-01-31T10:59:39+00:00","og_image":[{"width":3222,"height":3462,"url":"https:\/\/www.inverseteams.com\/wp-content\/uploads\/BANADOR-NATACION-MUJER-PERSONALIZADO-ATLANTIS-1.jpg","type":"image\/jpeg"}],"twitter_card":"summary_large_image","twitter_misc":{"Gesch\u00e4tzte Lesezeit":"1\u00a0Minute"},"schema":{"@context":"https:\/\/schema.org","@graph":[{"@type":"WebPage","@id":"https:\/\/www.inverseteams.com\/de\/produkt\/personalisiertes-badeanzug-fuer-damen-atlantis\/","url":"https:\/\/www.inverseteams.com\/de\/produkt\/personalisiertes-badeanzug-fuer-damen-atlantis\/","name":"Personalisiertes Badeanzug f\u00fcr Damen ATLANTIS","isPartOf":{"@id":"https:\/\/www.inverseteams.com\/de\/#website"},"primaryImageOfPage":{"@id":"https:\/\/www.inverseteams.com\/de\/produkt\/personalisiertes-badeanzug-fuer-damen-atlantis\/#primaryimage"},"image":{"@id":"https:\/\/www.inverseteams.com\/de\/produkt\/personalisiertes-badeanzug-fuer-damen-atlantis\/#primaryimage"},"thumbnailUrl":"https:\/\/www.inverseteams.com\/wp-content\/uploads\/BANADOR-NATACION-MUJER-PERSONALIZADO-ATLANTIS-1.jpg","datePublished":"2021-05-10T09:19:22+00:00","dateModified":"2024-01-31T10:59:39+00:00","description":"Dank seiner guten Passform und der Struktur des Stoffes bietet dieser Badeanzug einen hervorragenden Rutsch auf dem Wasser. Es zeichnet sich durch eine hohe Chlor- und Salpeterbest\u00e4ndigkeit sowie eine schnelle Trocknung aus. Im Inneren befindet sich ein sehr feines Futter mit angenehmer Haptik, das Kratzer und m\u00f6gliche Transparenzen vermeidet. Es ist ein idealer Badeanzug f\u00fcr den t\u00e4glichen und intensiven Gebrauch.","breadcrumb":{"@id":"https:\/\/www.inverseteams.com\/de\/produkt\/personalisiertes-badeanzug-fuer-damen-atlantis\/#breadcrumb"},"inLanguage":"de","potentialAction":[{"@type":"ReadAction","target":["https:\/\/www.inverseteams.com\/de\/produkt\/personalisiertes-badeanzug-fuer-damen-atlantis\/"]}]},{"@type":"ImageObject","inLanguage":"de","@id":"https:\/\/www.inverseteams.com\/de\/produkt\/personalisiertes-badeanzug-fuer-damen-atlantis\/#primaryimage","url":"https:\/\/www.inverseteams.com\/wp-content\/uploads\/BANADOR-NATACION-MUJER-PERSONALIZADO-ATLANTIS-1.jpg","contentUrl":"https:\/\/www.inverseteams.com\/wp-content\/uploads\/BANADOR-NATACION-MUJER-PERSONALIZADO-ATLANTIS-1.jpg","width":3222,"height":3462,"caption":"ba\u00f1ador natacion mujer personalizable"},{"@type":"BreadcrumbList","@id":"https:\/\/www.inverseteams.com\/de\/produkt\/personalisiertes-badeanzug-fuer-damen-atlantis\/#breadcrumb","itemListElement":[{"@type":"ListItem","position":1,"name":"Portada","item":"https:\/\/www.inverseteams.com\/de\/"},{"@type":"ListItem","position":2,"name":"Speichern","item":"https:\/\/www.inverseteams.com\/de\/speichern\/"},{"@type":"ListItem","position":3,"name":"Personalisiertes Badeanzug f\u00fcr Damen ATLANTIS"}]},{"@type":"WebSite","@id":"https:\/\/www.inverseteams.com\/de\/#website","url":"https:\/\/www.inverseteams.com\/de\/","name":"Inverseteams","description":"Tu marca de ropa deportiva personalizada","publisher":{"@id":"https:\/\/www.inverseteams.com\/de\/#organization"},"potentialAction":[{"@type":"SearchAction","target":{"@type":"EntryPoint","urlTemplate":"https:\/\/www.inverseteams.com\/de\/?s={search_term_string}"},"query-input":{"@type":"PropertyValueSpecification","valueRequired":true,"valueName":"search_term_string"}}],"inLanguage":"de"},{"@type":"Organization","@id":"https:\/\/www.inverseteams.com\/de\/#organization","name":"Inverse Teams","url":"https:\/\/www.inverseteams.com\/de\/","logo":{"@type":"ImageObject","inLanguage":"de","@id":"https:\/\/www.inverseteams.com\/de\/#\/schema\/logo\/image\/","url":"https:\/\/www.inverseteams.com\/wp-content\/uploads\/2021\/03\/logo-inverse-teams.png","contentUrl":"https:\/\/www.inverseteams.com\/wp-content\/uploads\/2021\/03\/logo-inverse-teams.png","width":294,"height":99,"caption":"Inverse Teams"},"image":{"@id":"https:\/\/www.inverseteams.com\/de\/#\/schema\/logo\/image\/"},"sameAs":["https:\/\/www.facebook.com\/inverseteams","http:\/\/instagram.com\/inverseteams","https:\/\/www.linkedin.com\/company\/inverse-cirosport-s-l-?trk=job_view_topcard_company_name","http:\/\/www.pinterest.com\/inverseteams\/","http:\/\/www.youtube.com\/user\/inverseteams?feature=watch"]}]}},"_links":{"self":[{"href":"https:\/\/www.inverseteams.com\/de\/wp-json\/wp\/v2\/product\/173776","targetHints":{"allow":["GET"]}}],"collection":[{"href":"https:\/\/www.inverseteams.com\/de\/wp-json\/wp\/v2\/product"}],"about":[{"href":"https:\/\/www.inverseteams.com\/de\/wp-json\/wp\/v2\/types\/product"}],"replies":[{"embeddable":true,"href":"https:\/\/www.inverseteams.com\/de\/wp-json\/wp\/v2\/comments?post=173776"}],"wp:featuredmedia":[{"embeddable":true,"href":"https:\/\/www.inverseteams.com\/de\/wp-json\/wp\/v2\/media\/162669"}],"wp:attachment":[{"href":"https:\/\/www.inverseteams.com\/de\/wp-json\/wp\/v2\/media?parent=173776"}],"wp:term":[{"taxonomy":"product_brand","embeddable":true,"href":"https:\/\/www.inverseteams.com\/de\/wp-json\/wp\/v2\/product_brand?post=173776"},{"taxonomy":"product_cat","embeddable":true,"href":"https:\/\/www.inverseteams.com\/de\/wp-json\/wp\/v2\/product_cat?post=173776"},{"taxonomy":"product_tag","embeddable":true,"href":"https:\/\/www.inverseteams.com\/de\/wp-json\/wp\/v2\/product_tag?post=173776"},{"taxonomy":"custom_category","embeddable":true,"href":"https:\/\/www.inverseteams.com\/de\/wp-json\/wp\/v2\/custom_category?post=173776"},{"taxonomy":"range","embeddable":true,"href":"https:\/\/www.inverseteams.com\/de\/wp-json\/wp\/v2\/range?post=173776"}],"curies":[{"name":"wp","href":"https:\/\/api.w.org\/{rel}","templated":true}]}}