{"id":173768,"date":"2022-07-21T07:46:21","date_gmt":"2022-07-21T07:50:22","guid":{"rendered":"https:\/\/www.inverseteams.com\/product\/long-sleeve-skiing-jersey-nordique\/"},"modified":"2024-02-05T13:04:49","modified_gmt":"2024-02-05T13:04:49","slug":"personalisiertes-ski-shirt-nordique","status":"publish","type":"product","link":"https:\/\/www.inverseteams.com\/de\/produkt\/personalisiertes-ski-shirt-nordique\/","title":{"rendered":"Personalisiertes Ski Shirt NORDIQUE"},"content":{"rendered":"<p>Leichtes und elastisches Langarm-Skitrikot. Es passt sich perfekt dem K\u00f6rper und allen Bewegungen an und garantiert so eine au\u00dfergew\u00f6hnliche Aerodynamik und hohen Komfort. Es ist perfekt f\u00fcr Langlauf und Biathlon. Im Inneren der Taille befindet sich ein Silikonband, das das Trikot eng am K\u00f6rper h\u00e4lt und verhindert, dass es w\u00e4hrend des Trainings hochrutscht. Am Ende der \u00c4rmel sind spezielle N\u00e4hte angebracht, sodass der Skifahrer den \u00c4rmel zuschneiden und perfekt an die L\u00e4nge seines Arms anpassen kann.<\/p>\n","protected":false},"excerpt":{"rendered":"<p>Leichtes und elastisches Langarm-Skitrikot. Es passt sich perfekt dem K\u00f6rper und allen Bewegungen an und garantiert so eine au\u00dfergew\u00f6hnliche Aerodynamik und hohen Komfort. Es ist perfekt f\u00fcr Langlauf und Biathlon. Im Inneren der Taille befindet sich ein Silikonband, das das Trikot eng am K\u00f6rper h\u00e4lt und verhindert, dass es w\u00e4hrend des Trainings hochrutscht. Am Ende der \u00c4rmel sind spezielle N\u00e4hte angebracht, sodass der Skifahrer den \u00c4rmel zuschneiden und perfekt an die L\u00e4nge seines Arms anpassen kann.<\/p>\n","protected":false},"featured_media":157520,"comment_status":"closed","ping_status":"open","template":"","meta":{"_acf_changed":false},"product_brand":[],"product_cat":[11218],"product_tag":[],"custom_category":[11273,11240,11270],"range":[11274],"class_list":{"0":"post-173768","1":"product","2":"type-product","3":"status-publish","4":"has-post-thumbnail","6":"product_cat-uncategorized-de","7":"pa_climatologia-frio-de","8":"pa_deporte-esqui-de","9":"pa_genero-hombre-de","10":"pa_genero-mujer-de","11":"pa_genero-infantil-de","12":"pa_patronaje-fit-de","13":"pa_tipo-de-prenda-maillot-manga-larga-de","14":"custom_category-personalisierte-skishirt","15":"custom_category-sport","16":"custom_category-personalisierte-skibekleidung","17":"range-nordique-de","19":"first","20":"instock","21":"product-type-custom"},"acf":[],"yoast_head":"<!-- This site is optimized with the Yoast SEO plugin v27.3 - https:\/\/yoast.com\/product\/yoast-seo-wordpress\/ -->\n<title>Personalisiertes Ski Shirt NORDIQUE<\/title>\n<meta name=\"description\" content=\"Leichtes und elastisches Langarm-Skitrikot. Es passt sich perfekt dem K\u00f6rper und allen Bewegungen an und garantiert so eine au\u00dfergew\u00f6hnliche Aerodynamik und hohen Komfort. Es ist perfekt f\u00fcr Langlauf und Biathlon. Im Inneren der Taille befindet sich ein Silikonband, das das Trikot eng am K\u00f6rper h\u00e4lt und verhindert, dass es w\u00e4hrend des Trainings hochrutscht. Am Ende der \u00c4rmel sind spezielle N\u00e4hte angebracht, sodass der Skifahrer den \u00c4rmel zuschneiden und perfekt an die L\u00e4nge seines Arms anpassen kann.\" \/>\n<meta name=\"robots\" content=\"index, follow, max-snippet:-1, max-image-preview:large, max-video-preview:-1\" \/>\n<link rel=\"canonical\" href=\"https:\/\/www.inverseteams.com\/de\/produkt\/personalisiertes-ski-shirt-nordique\/\" \/>\n<meta property=\"og:locale\" content=\"de_DE\" \/>\n<meta property=\"og:type\" content=\"article\" \/>\n<meta property=\"og:title\" content=\"Personalisiertes Ski Shirt NORDIQUE\" \/>\n<meta property=\"og:description\" content=\"Leichtes und elastisches Langarm-Skitrikot. Es passt sich perfekt dem K\u00f6rper und allen Bewegungen an und garantiert so eine au\u00dfergew\u00f6hnliche Aerodynamik und hohen Komfort. Es ist perfekt f\u00fcr Langlauf und Biathlon. Im Inneren der Taille befindet sich ein Silikonband, das das Trikot eng am K\u00f6rper h\u00e4lt und verhindert, dass es w\u00e4hrend des Trainings hochrutscht. Am Ende der \u00c4rmel sind spezielle N\u00e4hte angebracht, sodass der Skifahrer den \u00c4rmel zuschneiden und perfekt an die L\u00e4nge seines Arms anpassen kann.\" \/>\n<meta property=\"og:url\" content=\"https:\/\/www.inverseteams.com\/de\/produkt\/personalisiertes-ski-shirt-nordique\/\" \/>\n<meta property=\"og:site_name\" content=\"Inverseteams\" \/>\n<meta property=\"article:publisher\" content=\"https:\/\/www.facebook.com\/inverseteams\" \/>\n<meta property=\"article:modified_time\" content=\"2024-02-05T13:04:49+00:00\" \/>\n<meta property=\"og:image\" content=\"https:\/\/www.inverseteams.com\/wp-content\/uploads\/MAILLOT-LYCRA-ESQUI-NORDIQUE-1.jpg\" \/>\n\t<meta property=\"og:image:width\" content=\"3222\" \/>\n\t<meta property=\"og:image:height\" content=\"3462\" \/>\n\t<meta property=\"og:image:type\" content=\"image\/jpeg\" \/>\n<meta name=\"twitter:card\" content=\"summary_large_image\" \/>\n<meta name=\"twitter:label1\" content=\"Gesch\u00e4tzte Lesezeit\" \/>\n\t<meta name=\"twitter:data1\" content=\"1\u00a0Minute\" \/>\n<script type=\"application\/ld+json\" class=\"yoast-schema-graph\">{\"@context\":\"https:\\\/\\\/schema.org\",\"@graph\":[{\"@type\":\"WebPage\",\"@id\":\"https:\\\/\\\/www.inverseteams.com\\\/de\\\/produkt\\\/personalisiertes-ski-shirt-nordique\\\/\",\"url\":\"https:\\\/\\\/www.inverseteams.com\\\/de\\\/produkt\\\/personalisiertes-ski-shirt-nordique\\\/\",\"name\":\"Personalisiertes Ski Shirt NORDIQUE\",\"isPartOf\":{\"@id\":\"https:\\\/\\\/www.inverseteams.com\\\/de\\\/#website\"},\"primaryImageOfPage\":{\"@id\":\"https:\\\/\\\/www.inverseteams.com\\\/de\\\/produkt\\\/personalisiertes-ski-shirt-nordique\\\/#primaryimage\"},\"image\":{\"@id\":\"https:\\\/\\\/www.inverseteams.com\\\/de\\\/produkt\\\/personalisiertes-ski-shirt-nordique\\\/#primaryimage\"},\"thumbnailUrl\":\"https:\\\/\\\/www.inverseteams.com\\\/wp-content\\\/uploads\\\/MAILLOT-LYCRA-ESQUI-NORDIQUE-1.jpg\",\"datePublished\":\"2022-07-21T07:50:22+00:00\",\"dateModified\":\"2024-02-05T13:04:49+00:00\",\"description\":\"Leichtes und elastisches Langarm-Skitrikot. Es passt sich perfekt dem K\u00f6rper und allen Bewegungen an und garantiert so eine au\u00dfergew\u00f6hnliche Aerodynamik und hohen Komfort. Es ist perfekt f\u00fcr Langlauf und Biathlon. Im Inneren der Taille befindet sich ein Silikonband, das das Trikot eng am K\u00f6rper h\u00e4lt und verhindert, dass es w\u00e4hrend des Trainings hochrutscht. Am Ende der \u00c4rmel sind spezielle N\u00e4hte angebracht, sodass der Skifahrer den \u00c4rmel zuschneiden und perfekt an die L\u00e4nge seines Arms anpassen kann.\",\"breadcrumb\":{\"@id\":\"https:\\\/\\\/www.inverseteams.com\\\/de\\\/produkt\\\/personalisiertes-ski-shirt-nordique\\\/#breadcrumb\"},\"inLanguage\":\"de\",\"potentialAction\":[{\"@type\":\"ReadAction\",\"target\":[\"https:\\\/\\\/www.inverseteams.com\\\/de\\\/produkt\\\/personalisiertes-ski-shirt-nordique\\\/\"]}]},{\"@type\":\"ImageObject\",\"inLanguage\":\"de\",\"@id\":\"https:\\\/\\\/www.inverseteams.com\\\/de\\\/produkt\\\/personalisiertes-ski-shirt-nordique\\\/#primaryimage\",\"url\":\"https:\\\/\\\/www.inverseteams.com\\\/wp-content\\\/uploads\\\/MAILLOT-LYCRA-ESQUI-NORDIQUE-1.jpg\",\"contentUrl\":\"https:\\\/\\\/www.inverseteams.com\\\/wp-content\\\/uploads\\\/MAILLOT-LYCRA-ESQUI-NORDIQUE-1.jpg\",\"width\":3222,\"height\":3462,\"caption\":\"Maillot lycra esqu\u00ed de fondo\"},{\"@type\":\"BreadcrumbList\",\"@id\":\"https:\\\/\\\/www.inverseteams.com\\\/de\\\/produkt\\\/personalisiertes-ski-shirt-nordique\\\/#breadcrumb\",\"itemListElement\":[{\"@type\":\"ListItem\",\"position\":1,\"name\":\"Portada\",\"item\":\"https:\\\/\\\/www.inverseteams.com\\\/de\\\/\"},{\"@type\":\"ListItem\",\"position\":2,\"name\":\"Speichern\",\"item\":\"https:\\\/\\\/www.inverseteams.com\\\/de\\\/speichern\\\/\"},{\"@type\":\"ListItem\",\"position\":3,\"name\":\"Personalisiertes Ski Shirt NORDIQUE\"}]},{\"@type\":\"WebSite\",\"@id\":\"https:\\\/\\\/www.inverseteams.com\\\/de\\\/#website\",\"url\":\"https:\\\/\\\/www.inverseteams.com\\\/de\\\/\",\"name\":\"Inverseteams\",\"description\":\"Tu marca de ropa deportiva personalizada\",\"publisher\":{\"@id\":\"https:\\\/\\\/www.inverseteams.com\\\/de\\\/#organization\"},\"potentialAction\":[{\"@type\":\"SearchAction\",\"target\":{\"@type\":\"EntryPoint\",\"urlTemplate\":\"https:\\\/\\\/www.inverseteams.com\\\/de\\\/?s={search_term_string}\"},\"query-input\":{\"@type\":\"PropertyValueSpecification\",\"valueRequired\":true,\"valueName\":\"search_term_string\"}}],\"inLanguage\":\"de\"},{\"@type\":\"Organization\",\"@id\":\"https:\\\/\\\/www.inverseteams.com\\\/de\\\/#organization\",\"name\":\"Inverse Teams\",\"url\":\"https:\\\/\\\/www.inverseteams.com\\\/de\\\/\",\"logo\":{\"@type\":\"ImageObject\",\"inLanguage\":\"de\",\"@id\":\"https:\\\/\\\/www.inverseteams.com\\\/de\\\/#\\\/schema\\\/logo\\\/image\\\/\",\"url\":\"https:\\\/\\\/www.inverseteams.com\\\/wp-content\\\/uploads\\\/2021\\\/03\\\/logo-inverse-teams.png\",\"contentUrl\":\"https:\\\/\\\/www.inverseteams.com\\\/wp-content\\\/uploads\\\/2021\\\/03\\\/logo-inverse-teams.png\",\"width\":294,\"height\":99,\"caption\":\"Inverse Teams\"},\"image\":{\"@id\":\"https:\\\/\\\/www.inverseteams.com\\\/de\\\/#\\\/schema\\\/logo\\\/image\\\/\"},\"sameAs\":[\"https:\\\/\\\/www.facebook.com\\\/inverseteams\",\"http:\\\/\\\/instagram.com\\\/inverseteams\",\"https:\\\/\\\/www.linkedin.com\\\/company\\\/inverse-cirosport-s-l-?trk=job_view_topcard_company_name\",\"http:\\\/\\\/www.pinterest.com\\\/inverseteams\\\/\",\"http:\\\/\\\/www.youtube.com\\\/user\\\/inverseteams?feature=watch\"]}]}<\/script>\n<!-- \/ Yoast SEO plugin. -->","yoast_head_json":{"title":"Personalisiertes Ski Shirt NORDIQUE","description":"Leichtes und elastisches Langarm-Skitrikot. Es passt sich perfekt dem K\u00f6rper und allen Bewegungen an und garantiert so eine au\u00dfergew\u00f6hnliche Aerodynamik und hohen Komfort. Es ist perfekt f\u00fcr Langlauf und Biathlon. Im Inneren der Taille befindet sich ein Silikonband, das das Trikot eng am K\u00f6rper h\u00e4lt und verhindert, dass es w\u00e4hrend des Trainings hochrutscht. Am Ende der \u00c4rmel sind spezielle N\u00e4hte angebracht, sodass der Skifahrer den \u00c4rmel zuschneiden und perfekt an die L\u00e4nge seines Arms anpassen kann.","robots":{"index":"index","follow":"follow","max-snippet":"max-snippet:-1","max-image-preview":"max-image-preview:large","max-video-preview":"max-video-preview:-1"},"canonical":"https:\/\/www.inverseteams.com\/de\/produkt\/personalisiertes-ski-shirt-nordique\/","og_locale":"de_DE","og_type":"article","og_title":"Personalisiertes Ski Shirt NORDIQUE","og_description":"Leichtes und elastisches Langarm-Skitrikot. Es passt sich perfekt dem K\u00f6rper und allen Bewegungen an und garantiert so eine au\u00dfergew\u00f6hnliche Aerodynamik und hohen Komfort. Es ist perfekt f\u00fcr Langlauf und Biathlon. Im Inneren der Taille befindet sich ein Silikonband, das das Trikot eng am K\u00f6rper h\u00e4lt und verhindert, dass es w\u00e4hrend des Trainings hochrutscht. Am Ende der \u00c4rmel sind spezielle N\u00e4hte angebracht, sodass der Skifahrer den \u00c4rmel zuschneiden und perfekt an die L\u00e4nge seines Arms anpassen kann.","og_url":"https:\/\/www.inverseteams.com\/de\/produkt\/personalisiertes-ski-shirt-nordique\/","og_site_name":"Inverseteams","article_publisher":"https:\/\/www.facebook.com\/inverseteams","article_modified_time":"2024-02-05T13:04:49+00:00","og_image":[{"width":3222,"height":3462,"url":"https:\/\/www.inverseteams.com\/wp-content\/uploads\/MAILLOT-LYCRA-ESQUI-NORDIQUE-1.jpg","type":"image\/jpeg"}],"twitter_card":"summary_large_image","twitter_misc":{"Gesch\u00e4tzte Lesezeit":"1\u00a0Minute"},"schema":{"@context":"https:\/\/schema.org","@graph":[{"@type":"WebPage","@id":"https:\/\/www.inverseteams.com\/de\/produkt\/personalisiertes-ski-shirt-nordique\/","url":"https:\/\/www.inverseteams.com\/de\/produkt\/personalisiertes-ski-shirt-nordique\/","name":"Personalisiertes Ski Shirt NORDIQUE","isPartOf":{"@id":"https:\/\/www.inverseteams.com\/de\/#website"},"primaryImageOfPage":{"@id":"https:\/\/www.inverseteams.com\/de\/produkt\/personalisiertes-ski-shirt-nordique\/#primaryimage"},"image":{"@id":"https:\/\/www.inverseteams.com\/de\/produkt\/personalisiertes-ski-shirt-nordique\/#primaryimage"},"thumbnailUrl":"https:\/\/www.inverseteams.com\/wp-content\/uploads\/MAILLOT-LYCRA-ESQUI-NORDIQUE-1.jpg","datePublished":"2022-07-21T07:50:22+00:00","dateModified":"2024-02-05T13:04:49+00:00","description":"Leichtes und elastisches Langarm-Skitrikot. Es passt sich perfekt dem K\u00f6rper und allen Bewegungen an und garantiert so eine au\u00dfergew\u00f6hnliche Aerodynamik und hohen Komfort. Es ist perfekt f\u00fcr Langlauf und Biathlon. Im Inneren der Taille befindet sich ein Silikonband, das das Trikot eng am K\u00f6rper h\u00e4lt und verhindert, dass es w\u00e4hrend des Trainings hochrutscht. Am Ende der \u00c4rmel sind spezielle N\u00e4hte angebracht, sodass der Skifahrer den \u00c4rmel zuschneiden und perfekt an die L\u00e4nge seines Arms anpassen kann.","breadcrumb":{"@id":"https:\/\/www.inverseteams.com\/de\/produkt\/personalisiertes-ski-shirt-nordique\/#breadcrumb"},"inLanguage":"de","potentialAction":[{"@type":"ReadAction","target":["https:\/\/www.inverseteams.com\/de\/produkt\/personalisiertes-ski-shirt-nordique\/"]}]},{"@type":"ImageObject","inLanguage":"de","@id":"https:\/\/www.inverseteams.com\/de\/produkt\/personalisiertes-ski-shirt-nordique\/#primaryimage","url":"https:\/\/www.inverseteams.com\/wp-content\/uploads\/MAILLOT-LYCRA-ESQUI-NORDIQUE-1.jpg","contentUrl":"https:\/\/www.inverseteams.com\/wp-content\/uploads\/MAILLOT-LYCRA-ESQUI-NORDIQUE-1.jpg","width":3222,"height":3462,"caption":"Maillot lycra esqu\u00ed de fondo"},{"@type":"BreadcrumbList","@id":"https:\/\/www.inverseteams.com\/de\/produkt\/personalisiertes-ski-shirt-nordique\/#breadcrumb","itemListElement":[{"@type":"ListItem","position":1,"name":"Portada","item":"https:\/\/www.inverseteams.com\/de\/"},{"@type":"ListItem","position":2,"name":"Speichern","item":"https:\/\/www.inverseteams.com\/de\/speichern\/"},{"@type":"ListItem","position":3,"name":"Personalisiertes Ski Shirt NORDIQUE"}]},{"@type":"WebSite","@id":"https:\/\/www.inverseteams.com\/de\/#website","url":"https:\/\/www.inverseteams.com\/de\/","name":"Inverseteams","description":"Tu marca de ropa deportiva personalizada","publisher":{"@id":"https:\/\/www.inverseteams.com\/de\/#organization"},"potentialAction":[{"@type":"SearchAction","target":{"@type":"EntryPoint","urlTemplate":"https:\/\/www.inverseteams.com\/de\/?s={search_term_string}"},"query-input":{"@type":"PropertyValueSpecification","valueRequired":true,"valueName":"search_term_string"}}],"inLanguage":"de"},{"@type":"Organization","@id":"https:\/\/www.inverseteams.com\/de\/#organization","name":"Inverse Teams","url":"https:\/\/www.inverseteams.com\/de\/","logo":{"@type":"ImageObject","inLanguage":"de","@id":"https:\/\/www.inverseteams.com\/de\/#\/schema\/logo\/image\/","url":"https:\/\/www.inverseteams.com\/wp-content\/uploads\/2021\/03\/logo-inverse-teams.png","contentUrl":"https:\/\/www.inverseteams.com\/wp-content\/uploads\/2021\/03\/logo-inverse-teams.png","width":294,"height":99,"caption":"Inverse Teams"},"image":{"@id":"https:\/\/www.inverseteams.com\/de\/#\/schema\/logo\/image\/"},"sameAs":["https:\/\/www.facebook.com\/inverseteams","http:\/\/instagram.com\/inverseteams","https:\/\/www.linkedin.com\/company\/inverse-cirosport-s-l-?trk=job_view_topcard_company_name","http:\/\/www.pinterest.com\/inverseteams\/","http:\/\/www.youtube.com\/user\/inverseteams?feature=watch"]}]}},"_links":{"self":[{"href":"https:\/\/www.inverseteams.com\/de\/wp-json\/wp\/v2\/product\/173768","targetHints":{"allow":["GET"]}}],"collection":[{"href":"https:\/\/www.inverseteams.com\/de\/wp-json\/wp\/v2\/product"}],"about":[{"href":"https:\/\/www.inverseteams.com\/de\/wp-json\/wp\/v2\/types\/product"}],"replies":[{"embeddable":true,"href":"https:\/\/www.inverseteams.com\/de\/wp-json\/wp\/v2\/comments?post=173768"}],"wp:featuredmedia":[{"embeddable":true,"href":"https:\/\/www.inverseteams.com\/de\/wp-json\/wp\/v2\/media\/157520"}],"wp:attachment":[{"href":"https:\/\/www.inverseteams.com\/de\/wp-json\/wp\/v2\/media?parent=173768"}],"wp:term":[{"taxonomy":"product_brand","embeddable":true,"href":"https:\/\/www.inverseteams.com\/de\/wp-json\/wp\/v2\/product_brand?post=173768"},{"taxonomy":"product_cat","embeddable":true,"href":"https:\/\/www.inverseteams.com\/de\/wp-json\/wp\/v2\/product_cat?post=173768"},{"taxonomy":"product_tag","embeddable":true,"href":"https:\/\/www.inverseteams.com\/de\/wp-json\/wp\/v2\/product_tag?post=173768"},{"taxonomy":"custom_category","embeddable":true,"href":"https:\/\/www.inverseteams.com\/de\/wp-json\/wp\/v2\/custom_category?post=173768"},{"taxonomy":"range","embeddable":true,"href":"https:\/\/www.inverseteams.com\/de\/wp-json\/wp\/v2\/range?post=173768"}],"curies":[{"name":"wp","href":"https:\/\/api.w.org\/{rel}","templated":true}]}}