{"id":173008,"date":"2023-05-22T09:17:47","date_gmt":"2023-05-22T09:37:47","guid":{"rendered":"https:\/\/www.inverseteams.com\/product\/cycling-gloves-aroon-grey\/"},"modified":"2025-05-22T00:01:59","modified_gmt":"2025-05-22T00:01:59","slug":"cycling-gloves-aroon-grey","status":"publish","type":"product","link":"https:\/\/www.inverseteams.com\/de\/produkt\/cycling-gloves-aroon-grey\/","title":{"rendered":"Handschuhe AROON GREY"},"content":{"rendered":"<p>AROON-Fahrradhandschuhe verf\u00fcgen \u00fcber die revolution\u00e4re Elastic Interface\u00ae Palm-Technologie. Seine Multi-Density-Konstruktion sch\u00fctzt den Radfahrer unter allen Bedingungen und mit allen Lenkertypen. Der Hybrid Cell System-Einsatz im unteren Teil der Handfl\u00e4che reduziert den Druck. Der elastische Stoff des Oberteils zeichnet sich durch seine hohe Atmungsaktivit\u00e4t aus.<\/p>\n","protected":false},"excerpt":{"rendered":"<p>AROON-Fahrradhandschuhe verf\u00fcgen \u00fcber die revolution\u00e4re Elastic Interface\u00ae Palm-Technologie. Seine Multi-Density-Konstruktion sch\u00fctzt den Radfahrer unter allen Bedingungen und mit allen Lenkertypen. Der Hybrid Cell System-Einsatz im unteren Teil der Handfl\u00e4che reduziert den Druck. Der elastische Stoff des Oberteils zeichnet sich durch seine hohe Atmungsaktivit\u00e4t aus.<\/p>\n","protected":false},"featured_media":170767,"comment_status":"closed","ping_status":"closed","template":"","meta":{"_acf_changed":false},"product_brand":[],"product_cat":[11196,11153,11195],"product_tag":[],"custom_category":[],"range":[],"class_list":{"0":"post-173008","1":"product","2":"type-product","3":"status-publish","4":"has-post-thumbnail","6":"product_cat-handschuhe","7":"product_cat-b2b-de","8":"product_cat-sportliches-zubehor","9":"pa_climatologia-temperatura-templada-de","10":"pa_climatologia-calor-de","11":"pa_deporte-ciclismo-de","12":"pa_genero-mujer-de","13":"pa_genero-hombre-de","14":"pa_patronaje-fit-de","15":"pa_talla-xl-de","16":"pa_talla-xxl-de","17":"pa_talla-s-de","18":"pa_talla-m-de","19":"pa_talla-l-de","20":"pa_tipo-de-prenda-guantes-de","22":"first","23":"outofstock","24":"taxable","25":"shipping-taxable","26":"product-type-variable","27":"has-default-attributes"},"acf":[],"yoast_head":"<!-- This site is optimized with the Yoast SEO plugin v27.3 - https:\/\/yoast.com\/product\/yoast-seo-wordpress\/ -->\n<title>Cycling gloves AROON GREY<\/title>\n<meta name=\"description\" content=\"AROON-Fahrradhandschuhe verf\u00fcgen \u00fcber die revolution\u00e4re Elastic Interface\u00ae Palm-Technologie. Seine Multi-Density-Konstruktion sch\u00fctzt den Radfahrer unter allen Bedingungen und mit allen Lenkertypen. Der Hybrid Cell System-Einsatz im unteren Teil der Handfl\u00e4che reduziert den Druck. Der elastische Stoff des Oberteils zeichnet sich durch seine hohe Atmungsaktivit\u00e4t aus.\" \/>\n<meta name=\"robots\" content=\"index, follow, max-snippet:-1, max-image-preview:large, max-video-preview:-1\" \/>\n<link rel=\"canonical\" href=\"https:\/\/www.inverseteams.com\/de\/produkt\/cycling-gloves-aroon-grey\/\" \/>\n<meta property=\"og:locale\" content=\"de_DE\" \/>\n<meta property=\"og:type\" content=\"article\" \/>\n<meta property=\"og:title\" content=\"Cycling gloves AROON GREY\" \/>\n<meta property=\"og:description\" content=\"AROON-Fahrradhandschuhe verf\u00fcgen \u00fcber die revolution\u00e4re Elastic Interface\u00ae Palm-Technologie. Seine Multi-Density-Konstruktion sch\u00fctzt den Radfahrer unter allen Bedingungen und mit allen Lenkertypen. Der Hybrid Cell System-Einsatz im unteren Teil der Handfl\u00e4che reduziert den Druck. Der elastische Stoff des Oberteils zeichnet sich durch seine hohe Atmungsaktivit\u00e4t aus.\" \/>\n<meta property=\"og:url\" content=\"https:\/\/www.inverseteams.com\/de\/produkt\/cycling-gloves-aroon-grey\/\" \/>\n<meta property=\"og:site_name\" content=\"Inverseteams\" \/>\n<meta property=\"article:publisher\" content=\"https:\/\/www.facebook.com\/inverseteams\" \/>\n<meta property=\"article:modified_time\" content=\"2025-05-22T00:01:59+00:00\" \/>\n<meta property=\"og:image\" content=\"https:\/\/www.inverseteams.com\/wp-content\/uploads\/GUANTES-CICLISMO-AROON-GREY-1-2.jpg\" \/>\n\t<meta property=\"og:image:width\" content=\"3000\" \/>\n\t<meta property=\"og:image:height\" content=\"3223\" \/>\n\t<meta property=\"og:image:type\" content=\"image\/jpeg\" \/>\n<meta name=\"twitter:card\" content=\"summary_large_image\" \/>\n<meta name=\"twitter:label1\" content=\"Gesch\u00e4tzte Lesezeit\" \/>\n\t<meta name=\"twitter:data1\" content=\"1\u00a0Minute\" \/>\n<script type=\"application\/ld+json\" class=\"yoast-schema-graph\">{\"@context\":\"https:\\\/\\\/schema.org\",\"@graph\":[{\"@type\":\"WebPage\",\"@id\":\"https:\\\/\\\/www.inverseteams.com\\\/de\\\/produkt\\\/cycling-gloves-aroon-grey\\\/\",\"url\":\"https:\\\/\\\/www.inverseteams.com\\\/de\\\/produkt\\\/cycling-gloves-aroon-grey\\\/\",\"name\":\"Cycling gloves AROON GREY\",\"isPartOf\":{\"@id\":\"https:\\\/\\\/www.inverseteams.com\\\/de\\\/#website\"},\"primaryImageOfPage\":{\"@id\":\"https:\\\/\\\/www.inverseteams.com\\\/de\\\/produkt\\\/cycling-gloves-aroon-grey\\\/#primaryimage\"},\"image\":{\"@id\":\"https:\\\/\\\/www.inverseteams.com\\\/de\\\/produkt\\\/cycling-gloves-aroon-grey\\\/#primaryimage\"},\"thumbnailUrl\":\"https:\\\/\\\/www.inverseteams.com\\\/wp-content\\\/uploads\\\/GUANTES-CICLISMO-AROON-GREY-1-2.jpg\",\"datePublished\":\"2023-05-22T09:37:47+00:00\",\"dateModified\":\"2025-05-22T00:01:59+00:00\",\"description\":\"AROON-Fahrradhandschuhe verf\u00fcgen \u00fcber die revolution\u00e4re Elastic Interface\u00ae Palm-Technologie. Seine Multi-Density-Konstruktion sch\u00fctzt den Radfahrer unter allen Bedingungen und mit allen Lenkertypen. Der Hybrid Cell System-Einsatz im unteren Teil der Handfl\u00e4che reduziert den Druck. Der elastische Stoff des Oberteils zeichnet sich durch seine hohe Atmungsaktivit\u00e4t aus.\",\"breadcrumb\":{\"@id\":\"https:\\\/\\\/www.inverseteams.com\\\/de\\\/produkt\\\/cycling-gloves-aroon-grey\\\/#breadcrumb\"},\"inLanguage\":\"de\",\"potentialAction\":[{\"@type\":\"ReadAction\",\"target\":[\"https:\\\/\\\/www.inverseteams.com\\\/de\\\/produkt\\\/cycling-gloves-aroon-grey\\\/\"]}]},{\"@type\":\"ImageObject\",\"inLanguage\":\"de\",\"@id\":\"https:\\\/\\\/www.inverseteams.com\\\/de\\\/produkt\\\/cycling-gloves-aroon-grey\\\/#primaryimage\",\"url\":\"https:\\\/\\\/www.inverseteams.com\\\/wp-content\\\/uploads\\\/GUANTES-CICLISMO-AROON-GREY-1-2.jpg\",\"contentUrl\":\"https:\\\/\\\/www.inverseteams.com\\\/wp-content\\\/uploads\\\/GUANTES-CICLISMO-AROON-GREY-1-2.jpg\",\"width\":3000,\"height\":3223,\"caption\":\"Guante ciclismo negro gris inverse elastic\"},{\"@type\":\"BreadcrumbList\",\"@id\":\"https:\\\/\\\/www.inverseteams.com\\\/de\\\/produkt\\\/cycling-gloves-aroon-grey\\\/#breadcrumb\",\"itemListElement\":[{\"@type\":\"ListItem\",\"position\":1,\"name\":\"Portada\",\"item\":\"https:\\\/\\\/www.inverseteams.com\\\/de\\\/\"},{\"@type\":\"ListItem\",\"position\":2,\"name\":\"Speichern\",\"item\":\"https:\\\/\\\/www.inverseteams.com\\\/de\\\/speichern\\\/\"},{\"@type\":\"ListItem\",\"position\":3,\"name\":\"Handschuhe AROON GREY\"}]},{\"@type\":\"WebSite\",\"@id\":\"https:\\\/\\\/www.inverseteams.com\\\/de\\\/#website\",\"url\":\"https:\\\/\\\/www.inverseteams.com\\\/de\\\/\",\"name\":\"Inverseteams\",\"description\":\"Tu marca de ropa deportiva personalizada\",\"publisher\":{\"@id\":\"https:\\\/\\\/www.inverseteams.com\\\/de\\\/#organization\"},\"potentialAction\":[{\"@type\":\"SearchAction\",\"target\":{\"@type\":\"EntryPoint\",\"urlTemplate\":\"https:\\\/\\\/www.inverseteams.com\\\/de\\\/?s={search_term_string}\"},\"query-input\":{\"@type\":\"PropertyValueSpecification\",\"valueRequired\":true,\"valueName\":\"search_term_string\"}}],\"inLanguage\":\"de\"},{\"@type\":\"Organization\",\"@id\":\"https:\\\/\\\/www.inverseteams.com\\\/de\\\/#organization\",\"name\":\"Inverse Teams\",\"url\":\"https:\\\/\\\/www.inverseteams.com\\\/de\\\/\",\"logo\":{\"@type\":\"ImageObject\",\"inLanguage\":\"de\",\"@id\":\"https:\\\/\\\/www.inverseteams.com\\\/de\\\/#\\\/schema\\\/logo\\\/image\\\/\",\"url\":\"https:\\\/\\\/www.inverseteams.com\\\/wp-content\\\/uploads\\\/2021\\\/03\\\/logo-inverse-teams.png\",\"contentUrl\":\"https:\\\/\\\/www.inverseteams.com\\\/wp-content\\\/uploads\\\/2021\\\/03\\\/logo-inverse-teams.png\",\"width\":294,\"height\":99,\"caption\":\"Inverse Teams\"},\"image\":{\"@id\":\"https:\\\/\\\/www.inverseteams.com\\\/de\\\/#\\\/schema\\\/logo\\\/image\\\/\"},\"sameAs\":[\"https:\\\/\\\/www.facebook.com\\\/inverseteams\",\"http:\\\/\\\/instagram.com\\\/inverseteams\",\"https:\\\/\\\/www.linkedin.com\\\/company\\\/inverse-cirosport-s-l-?trk=job_view_topcard_company_name\",\"http:\\\/\\\/www.pinterest.com\\\/inverseteams\\\/\",\"http:\\\/\\\/www.youtube.com\\\/user\\\/inverseteams?feature=watch\"]}]}<\/script>\n<!-- \/ Yoast SEO plugin. -->","yoast_head_json":{"title":"Cycling gloves AROON GREY","description":"AROON-Fahrradhandschuhe verf\u00fcgen \u00fcber die revolution\u00e4re Elastic Interface\u00ae Palm-Technologie. Seine Multi-Density-Konstruktion sch\u00fctzt den Radfahrer unter allen Bedingungen und mit allen Lenkertypen. Der Hybrid Cell System-Einsatz im unteren Teil der Handfl\u00e4che reduziert den Druck. Der elastische Stoff des Oberteils zeichnet sich durch seine hohe Atmungsaktivit\u00e4t aus.","robots":{"index":"index","follow":"follow","max-snippet":"max-snippet:-1","max-image-preview":"max-image-preview:large","max-video-preview":"max-video-preview:-1"},"canonical":"https:\/\/www.inverseteams.com\/de\/produkt\/cycling-gloves-aroon-grey\/","og_locale":"de_DE","og_type":"article","og_title":"Cycling gloves AROON GREY","og_description":"AROON-Fahrradhandschuhe verf\u00fcgen \u00fcber die revolution\u00e4re Elastic Interface\u00ae Palm-Technologie. Seine Multi-Density-Konstruktion sch\u00fctzt den Radfahrer unter allen Bedingungen und mit allen Lenkertypen. Der Hybrid Cell System-Einsatz im unteren Teil der Handfl\u00e4che reduziert den Druck. Der elastische Stoff des Oberteils zeichnet sich durch seine hohe Atmungsaktivit\u00e4t aus.","og_url":"https:\/\/www.inverseteams.com\/de\/produkt\/cycling-gloves-aroon-grey\/","og_site_name":"Inverseteams","article_publisher":"https:\/\/www.facebook.com\/inverseteams","article_modified_time":"2025-05-22T00:01:59+00:00","og_image":[{"width":3000,"height":3223,"url":"https:\/\/www.inverseteams.com\/wp-content\/uploads\/GUANTES-CICLISMO-AROON-GREY-1-2.jpg","type":"image\/jpeg"}],"twitter_card":"summary_large_image","twitter_misc":{"Gesch\u00e4tzte Lesezeit":"1\u00a0Minute"},"schema":{"@context":"https:\/\/schema.org","@graph":[{"@type":"WebPage","@id":"https:\/\/www.inverseteams.com\/de\/produkt\/cycling-gloves-aroon-grey\/","url":"https:\/\/www.inverseteams.com\/de\/produkt\/cycling-gloves-aroon-grey\/","name":"Cycling gloves AROON GREY","isPartOf":{"@id":"https:\/\/www.inverseteams.com\/de\/#website"},"primaryImageOfPage":{"@id":"https:\/\/www.inverseteams.com\/de\/produkt\/cycling-gloves-aroon-grey\/#primaryimage"},"image":{"@id":"https:\/\/www.inverseteams.com\/de\/produkt\/cycling-gloves-aroon-grey\/#primaryimage"},"thumbnailUrl":"https:\/\/www.inverseteams.com\/wp-content\/uploads\/GUANTES-CICLISMO-AROON-GREY-1-2.jpg","datePublished":"2023-05-22T09:37:47+00:00","dateModified":"2025-05-22T00:01:59+00:00","description":"AROON-Fahrradhandschuhe verf\u00fcgen \u00fcber die revolution\u00e4re Elastic Interface\u00ae Palm-Technologie. Seine Multi-Density-Konstruktion sch\u00fctzt den Radfahrer unter allen Bedingungen und mit allen Lenkertypen. Der Hybrid Cell System-Einsatz im unteren Teil der Handfl\u00e4che reduziert den Druck. Der elastische Stoff des Oberteils zeichnet sich durch seine hohe Atmungsaktivit\u00e4t aus.","breadcrumb":{"@id":"https:\/\/www.inverseteams.com\/de\/produkt\/cycling-gloves-aroon-grey\/#breadcrumb"},"inLanguage":"de","potentialAction":[{"@type":"ReadAction","target":["https:\/\/www.inverseteams.com\/de\/produkt\/cycling-gloves-aroon-grey\/"]}]},{"@type":"ImageObject","inLanguage":"de","@id":"https:\/\/www.inverseteams.com\/de\/produkt\/cycling-gloves-aroon-grey\/#primaryimage","url":"https:\/\/www.inverseteams.com\/wp-content\/uploads\/GUANTES-CICLISMO-AROON-GREY-1-2.jpg","contentUrl":"https:\/\/www.inverseteams.com\/wp-content\/uploads\/GUANTES-CICLISMO-AROON-GREY-1-2.jpg","width":3000,"height":3223,"caption":"Guante ciclismo negro gris inverse elastic"},{"@type":"BreadcrumbList","@id":"https:\/\/www.inverseteams.com\/de\/produkt\/cycling-gloves-aroon-grey\/#breadcrumb","itemListElement":[{"@type":"ListItem","position":1,"name":"Portada","item":"https:\/\/www.inverseteams.com\/de\/"},{"@type":"ListItem","position":2,"name":"Speichern","item":"https:\/\/www.inverseteams.com\/de\/speichern\/"},{"@type":"ListItem","position":3,"name":"Handschuhe AROON GREY"}]},{"@type":"WebSite","@id":"https:\/\/www.inverseteams.com\/de\/#website","url":"https:\/\/www.inverseteams.com\/de\/","name":"Inverseteams","description":"Tu marca de ropa deportiva personalizada","publisher":{"@id":"https:\/\/www.inverseteams.com\/de\/#organization"},"potentialAction":[{"@type":"SearchAction","target":{"@type":"EntryPoint","urlTemplate":"https:\/\/www.inverseteams.com\/de\/?s={search_term_string}"},"query-input":{"@type":"PropertyValueSpecification","valueRequired":true,"valueName":"search_term_string"}}],"inLanguage":"de"},{"@type":"Organization","@id":"https:\/\/www.inverseteams.com\/de\/#organization","name":"Inverse Teams","url":"https:\/\/www.inverseteams.com\/de\/","logo":{"@type":"ImageObject","inLanguage":"de","@id":"https:\/\/www.inverseteams.com\/de\/#\/schema\/logo\/image\/","url":"https:\/\/www.inverseteams.com\/wp-content\/uploads\/2021\/03\/logo-inverse-teams.png","contentUrl":"https:\/\/www.inverseteams.com\/wp-content\/uploads\/2021\/03\/logo-inverse-teams.png","width":294,"height":99,"caption":"Inverse Teams"},"image":{"@id":"https:\/\/www.inverseteams.com\/de\/#\/schema\/logo\/image\/"},"sameAs":["https:\/\/www.facebook.com\/inverseteams","http:\/\/instagram.com\/inverseteams","https:\/\/www.linkedin.com\/company\/inverse-cirosport-s-l-?trk=job_view_topcard_company_name","http:\/\/www.pinterest.com\/inverseteams\/","http:\/\/www.youtube.com\/user\/inverseteams?feature=watch"]}]}},"_links":{"self":[{"href":"https:\/\/www.inverseteams.com\/de\/wp-json\/wp\/v2\/product\/173008","targetHints":{"allow":["GET"]}}],"collection":[{"href":"https:\/\/www.inverseteams.com\/de\/wp-json\/wp\/v2\/product"}],"about":[{"href":"https:\/\/www.inverseteams.com\/de\/wp-json\/wp\/v2\/types\/product"}],"replies":[{"embeddable":true,"href":"https:\/\/www.inverseteams.com\/de\/wp-json\/wp\/v2\/comments?post=173008"}],"wp:featuredmedia":[{"embeddable":true,"href":"https:\/\/www.inverseteams.com\/de\/wp-json\/wp\/v2\/media\/170767"}],"wp:attachment":[{"href":"https:\/\/www.inverseteams.com\/de\/wp-json\/wp\/v2\/media?parent=173008"}],"wp:term":[{"taxonomy":"product_brand","embeddable":true,"href":"https:\/\/www.inverseteams.com\/de\/wp-json\/wp\/v2\/product_brand?post=173008"},{"taxonomy":"product_cat","embeddable":true,"href":"https:\/\/www.inverseteams.com\/de\/wp-json\/wp\/v2\/product_cat?post=173008"},{"taxonomy":"product_tag","embeddable":true,"href":"https:\/\/www.inverseteams.com\/de\/wp-json\/wp\/v2\/product_tag?post=173008"},{"taxonomy":"custom_category","embeddable":true,"href":"https:\/\/www.inverseteams.com\/de\/wp-json\/wp\/v2\/custom_category?post=173008"},{"taxonomy":"range","embeddable":true,"href":"https:\/\/www.inverseteams.com\/de\/wp-json\/wp\/v2\/range?post=173008"}],"curies":[{"name":"wp","href":"https:\/\/api.w.org\/{rel}","templated":true}]}}