{"id":172921,"date":"2022-09-26T13:04:31","date_gmt":"2022-09-26T13:04:31","guid":{"rendered":"https:\/\/www.inverseteams.com\/product\/cycling-bib-shorts-drak-man\/"},"modified":"2026-03-15T11:13:31","modified_gmt":"2026-03-15T10:13:31","slug":"cargo-cycling-bib-shorts-drak","status":"publish","type":"product","link":"https:\/\/www.inverseteams.com\/de\/produkt\/cargo-cycling-bib-shorts-drak\/","title":{"rendered":"Cargo Radhose OUTTER DRAK"},"content":{"rendered":"<p data-start=\"5005\" data-end=\"5170\">Die CARGO OUTTER DRAK Radhose ist f\u00fcr Radfahrer konzipiert, die Vielseitigkeit, Komfort und Performance suchen, ideal f\u00fcr <strong data-start=\"5131\" data-end=\"5169\">Stra\u00dfenrad, Gravel und Bikepacking<\/strong>.<br \/>\nDiese <strong data-start=\"5178\" data-end=\"5195\">Cargo-Radhose<\/strong> verf\u00fcgt \u00fcber <strong data-start=\"5209\" data-end=\"5227\">4 Mesh-Taschen<\/strong> \u20142 an den Seiten und 2 im Lendenbereich\u2014 perfekt, um wichtige Gegenst\u00e4nde auf langen Fahrten zu verstauen, ohne die Bewegungsfreiheit einzuschr\u00e4nken.<br \/>\nDas <strong data-start=\"5383\" data-end=\"5418\">2-Dichten-Sitzpolster, 120 g\/m\u00b2<\/strong>, bietet einen weichen Premium-Sitz im Beckenbereich und sorgt f\u00fcr Komfort und Schutz auch auf langen Fahrten. Polypropylen-Tr\u00e4ger und der perforierte R\u00fccken verbessern die Bel\u00fcftung und unterst\u00fctzen die Schwei\u00dfableitung, sodass die Haut trocken bleibt.<br \/>\nDie Beinabschl\u00fcsse haben ein breites Band und <strong data-start=\"5719\" data-end=\"5752\">Laser-Cut mit Silikon-Gripper<\/strong>, f\u00fcr sicheren Sitz ohne Verrutschen. <strong data-start=\"5790\" data-end=\"5831\">Flachn\u00e4hte hoher Widerstandsf\u00e4higkeit<\/strong> erh\u00f6hen die Langlebigkeit, ohne den Komfort zu beeintr\u00e4chtigen.<br \/>\nDas <strong data-start=\"5901\" data-end=\"5926\">reflektierende Detail<\/strong> sorgt f\u00fcr bessere Sichtbarkeit auf Stra\u00dfen oder Trails bei schlechten Lichtverh\u00e4ltnissen.<br \/>\n<strong>Die CARGO OUTTER DRAK Radhose ist ideal f\u00fcr Radfahrer, die vielseitige, robuste und komfortable Radhosen suchen, perfekt f\u00fcr Gravel, Bikepacking und Stra\u00dfenrad, und vereint technische Performance, Funktionalit\u00e4t und Komfort auf langen Strecken.<\/strong><\/p>\n","protected":false},"excerpt":{"rendered":"<p>Die CARGO OUTTER DRAK Radhose ist f\u00fcr Radfahrer konzipiert, die Vielseitigkeit, Komfort und Performance suchen, ideal f\u00fcr <strong data-start=\"5131\" data-end=\"5169\">Stra\u00dfenrad, Gravel und Bikepacking<\/strong>.<br \/>\nDiese <strong data-start=\"5178\" data-end=\"5195\">Cargo-Radhose<\/strong> verf\u00fcgt \u00fcber <strong data-start=\"5209\" data-end=\"5227\">4 Mesh-Taschen<\/strong> \u20142 an den Seiten und 2 im Lendenbereich\u2014 perfekt, um wichtige Gegenst\u00e4nde auf langen Fahrten zu verstauen, ohne die Bewegungsfreiheit einzuschr\u00e4nken.<br \/>\nDas <strong data-start=\"5383\" data-end=\"5418\">2-Dichten-Sitzpolster, 120 g\/m\u00b2<\/strong>, bietet einen weichen Premium-Sitz im Beckenbereich und sorgt f\u00fcr Komfort und Schutz auch auf langen Fahrten. Polypropylen-Tr\u00e4ger und der perforierte R\u00fccken verbessern die Bel\u00fcftung und unterst\u00fctzen die Schwei\u00dfableitung, sodass die Haut trocken bleibt.<br \/>\nDie Beinabschl\u00fcsse haben ein breites Band und <strong data-start=\"5719\" data-end=\"5752\">Laser-Cut mit Silikon-Gripper<\/strong>, f\u00fcr sicheren Sitz ohne Verrutschen. <strong data-start=\"5790\" data-end=\"5831\">Flachn\u00e4hte hoher Widerstandsf\u00e4higkeit<\/strong> erh\u00f6hen die Langlebigkeit, ohne den Komfort zu beeintr\u00e4chtigen.<br \/>\nDas <strong data-start=\"5901\" data-end=\"5926\">reflektierende Detail<\/strong> sorgt f\u00fcr bessere Sichtbarkeit auf Stra\u00dfen oder Trails bei schlechten Lichtverh\u00e4ltnissen.<br \/>\n<strong>Die CARGO OUTTER DRAK Radhose ist ideal f\u00fcr Radfahrer, die vielseitige, robuste und komfortable Radhosen suchen, perfekt f\u00fcr Gravel, Bikepacking und Stra\u00dfenrad, und vereint technische Performance, Funktionalit\u00e4t und Komfort auf langen Strecken.<\/strong><\/p>\n","protected":false},"featured_media":280203,"comment_status":"closed","ping_status":"closed","template":"","meta":{"_acf_changed":false},"product_brand":[],"product_cat":[11153,11171,11190,11258],"product_tag":[],"custom_category":[],"range":[],"class_list":{"0":"post-172921","1":"product","2":"type-product","3":"status-publish","4":"has-post-thumbnail","6":"product_cat-b2b-de","7":"product_cat-radsport-shorts","8":"product_cat-radsportbekleidung","9":"product_cat-gravel-de","10":"pa_climatologia-temperatura-templada-de","11":"pa_climatologia-calor-de","12":"pa_deporte-ciclismo-de","13":"pa_deporte-gravel-de","14":"pa_genero-hombre-de","15":"pa_patronaje-fit-de","16":"pa_talla-m-de","17":"pa_talla-l-de","18":"pa_talla-xl-de","19":"pa_talla-xxl-de","20":"pa_talla-s-de","21":"pa_tipo-de-prenda-kurze-radhose","23":"first","24":"instock","25":"featured","26":"taxable","27":"shipping-taxable","28":"purchasable","29":"product-type-variable","30":"has-default-attributes"},"acf":[],"yoast_head":"<!-- This site is optimized with the Yoast SEO plugin v27.3 - https:\/\/yoast.com\/product\/yoast-seo-wordpress\/ -->\n<title>Cargo Radhose OUTTER DRAK<\/title>\n<meta name=\"description\" content=\"Die CARGO OUTTER DRAK Radhose ist f\u00fcr Radfahrer konzipiert, die Vielseitigkeit, Komfort und Performance suchen, ideal f\u00fcr Stra\u00dfenrad, Gravel und Bikepacking. Diese Cargo-Radhose verf\u00fcgt \u00fcber 4 Mesh-Taschen \u20142 an den Seiten und 2 im Lendenbereich\u2014 perfekt, um wichtige Gegenst\u00e4nde auf langen Fahrten zu verstauen, ohne die Bewegungsfreiheit einzuschr\u00e4nken. Das 2-Dichten-Sitzpolster, 120 g\/m\u00b2, bietet einen weichen Premium-Sitz im Beckenbereich und sorgt f\u00fcr Komfort und Schutz auch auf langen Fahrten. Polypropylen-Tr\u00e4ger und der perforierte R\u00fccken verbessern die Bel\u00fcftung und unterst\u00fctzen die Schwei\u00dfableitung, sodass die Haut trocken bleibt. Die Beinabschl\u00fcsse haben ein breites Band und Laser-Cut mit Silikon-Gripper, f\u00fcr sicheren Sitz ohne Verrutschen. Flachn\u00e4hte hoher Widerstandsf\u00e4higkeit erh\u00f6hen die Langlebigkeit, ohne den Komfort zu beeintr\u00e4chtigen. Das reflektierende Detail sorgt f\u00fcr bessere Sichtbarkeit auf Stra\u00dfen oder Trails bei schlechten Lichtverh\u00e4ltnissen. Die CARGO OUTTER DRAK Radhose ist ideal f\u00fcr Radfahrer, die vielseitige, robuste und komfortable Radhosen suchen, perfekt f\u00fcr Gravel, Bikepacking und Stra\u00dfenrad, und vereint technische Performance, Funktionalit\u00e4t und Komfort auf langen Strecken.\" \/>\n<meta name=\"robots\" content=\"index, follow, max-snippet:-1, max-image-preview:large, max-video-preview:-1\" \/>\n<link rel=\"canonical\" href=\"https:\/\/www.inverseteams.com\/de\/produkt\/cargo-cycling-bib-shorts-drak\/\" \/>\n<meta property=\"og:locale\" content=\"de_DE\" \/>\n<meta property=\"og:type\" content=\"article\" \/>\n<meta property=\"og:title\" content=\"Cargo Radhose OUTTER DRAK\" \/>\n<meta property=\"og:description\" content=\"Die CARGO OUTTER DRAK Radhose ist f\u00fcr Radfahrer konzipiert, die Vielseitigkeit, Komfort und Performance suchen, ideal f\u00fcr Stra\u00dfenrad, Gravel und Bikepacking. Diese Cargo-Radhose verf\u00fcgt \u00fcber 4 Mesh-Taschen \u20142 an den Seiten und 2 im Lendenbereich\u2014 perfekt, um wichtige Gegenst\u00e4nde auf langen Fahrten zu verstauen, ohne die Bewegungsfreiheit einzuschr\u00e4nken. Das 2-Dichten-Sitzpolster, 120 g\/m\u00b2, bietet einen weichen Premium-Sitz im Beckenbereich und sorgt f\u00fcr Komfort und Schutz auch auf langen Fahrten. Polypropylen-Tr\u00e4ger und der perforierte R\u00fccken verbessern die Bel\u00fcftung und unterst\u00fctzen die Schwei\u00dfableitung, sodass die Haut trocken bleibt. Die Beinabschl\u00fcsse haben ein breites Band und Laser-Cut mit Silikon-Gripper, f\u00fcr sicheren Sitz ohne Verrutschen. Flachn\u00e4hte hoher Widerstandsf\u00e4higkeit erh\u00f6hen die Langlebigkeit, ohne den Komfort zu beeintr\u00e4chtigen. Das reflektierende Detail sorgt f\u00fcr bessere Sichtbarkeit auf Stra\u00dfen oder Trails bei schlechten Lichtverh\u00e4ltnissen. Die CARGO OUTTER DRAK Radhose ist ideal f\u00fcr Radfahrer, die vielseitige, robuste und komfortable Radhosen suchen, perfekt f\u00fcr Gravel, Bikepacking und Stra\u00dfenrad, und vereint technische Performance, Funktionalit\u00e4t und Komfort auf langen Strecken.\" \/>\n<meta property=\"og:url\" content=\"https:\/\/www.inverseteams.com\/de\/produkt\/cargo-cycling-bib-shorts-drak\/\" \/>\n<meta property=\"og:site_name\" content=\"Inverseteams\" \/>\n<meta property=\"article:publisher\" content=\"https:\/\/www.facebook.com\/inverseteams\" \/>\n<meta property=\"article:modified_time\" content=\"2026-03-15T10:13:31+00:00\" \/>\n<meta property=\"og:image\" content=\"https:\/\/www.inverseteams.com\/wp-content\/uploads\/INVERSE-CICLISMO-HOMBRE-CULOTTE-OUTTER-DRAK-BLACK-001.jpg\" \/>\n\t<meta property=\"og:image:width\" content=\"1500\" \/>\n\t<meta property=\"og:image:height\" content=\"1612\" \/>\n\t<meta property=\"og:image:type\" content=\"image\/jpeg\" \/>\n<meta name=\"twitter:card\" content=\"summary_large_image\" \/>\n<meta name=\"twitter:label1\" content=\"Gesch\u00e4tzte Lesezeit\" \/>\n\t<meta name=\"twitter:data1\" content=\"1\u00a0Minute\" \/>\n<script type=\"application\/ld+json\" class=\"yoast-schema-graph\">{\"@context\":\"https:\\\/\\\/schema.org\",\"@graph\":[{\"@type\":\"WebPage\",\"@id\":\"https:\\\/\\\/www.inverseteams.com\\\/de\\\/produkt\\\/cargo-cycling-bib-shorts-drak\\\/\",\"url\":\"https:\\\/\\\/www.inverseteams.com\\\/de\\\/produkt\\\/cargo-cycling-bib-shorts-drak\\\/\",\"name\":\"Cargo Radhose OUTTER DRAK\",\"isPartOf\":{\"@id\":\"https:\\\/\\\/www.inverseteams.com\\\/de\\\/#website\"},\"primaryImageOfPage\":{\"@id\":\"https:\\\/\\\/www.inverseteams.com\\\/de\\\/produkt\\\/cargo-cycling-bib-shorts-drak\\\/#primaryimage\"},\"image\":{\"@id\":\"https:\\\/\\\/www.inverseteams.com\\\/de\\\/produkt\\\/cargo-cycling-bib-shorts-drak\\\/#primaryimage\"},\"thumbnailUrl\":\"https:\\\/\\\/www.inverseteams.com\\\/wp-content\\\/uploads\\\/INVERSE-CICLISMO-HOMBRE-CULOTTE-OUTTER-DRAK-BLACK-001.jpg\",\"datePublished\":\"2022-09-26T13:04:31+00:00\",\"dateModified\":\"2026-03-15T10:13:31+00:00\",\"description\":\"Die CARGO OUTTER DRAK Radhose ist f\u00fcr Radfahrer konzipiert, die Vielseitigkeit, Komfort und Performance suchen, ideal f\u00fcr Stra\u00dfenrad, Gravel und Bikepacking. Diese Cargo-Radhose verf\u00fcgt \u00fcber 4 Mesh-Taschen \u20142 an den Seiten und 2 im Lendenbereich\u2014 perfekt, um wichtige Gegenst\u00e4nde auf langen Fahrten zu verstauen, ohne die Bewegungsfreiheit einzuschr\u00e4nken. Das 2-Dichten-Sitzpolster, 120 g\\\/m\u00b2, bietet einen weichen Premium-Sitz im Beckenbereich und sorgt f\u00fcr Komfort und Schutz auch auf langen Fahrten. Polypropylen-Tr\u00e4ger und der perforierte R\u00fccken verbessern die Bel\u00fcftung und unterst\u00fctzen die Schwei\u00dfableitung, sodass die Haut trocken bleibt. Die Beinabschl\u00fcsse haben ein breites Band und Laser-Cut mit Silikon-Gripper, f\u00fcr sicheren Sitz ohne Verrutschen. Flachn\u00e4hte hoher Widerstandsf\u00e4higkeit erh\u00f6hen die Langlebigkeit, ohne den Komfort zu beeintr\u00e4chtigen. Das reflektierende Detail sorgt f\u00fcr bessere Sichtbarkeit auf Stra\u00dfen oder Trails bei schlechten Lichtverh\u00e4ltnissen. Die CARGO OUTTER DRAK Radhose ist ideal f\u00fcr Radfahrer, die vielseitige, robuste und komfortable Radhosen suchen, perfekt f\u00fcr Gravel, Bikepacking und Stra\u00dfenrad, und vereint technische Performance, Funktionalit\u00e4t und Komfort auf langen Strecken.\",\"breadcrumb\":{\"@id\":\"https:\\\/\\\/www.inverseteams.com\\\/de\\\/produkt\\\/cargo-cycling-bib-shorts-drak\\\/#breadcrumb\"},\"inLanguage\":\"de\",\"potentialAction\":[{\"@type\":\"ReadAction\",\"target\":[\"https:\\\/\\\/www.inverseteams.com\\\/de\\\/produkt\\\/cargo-cycling-bib-shorts-drak\\\/\"]}]},{\"@type\":\"ImageObject\",\"inLanguage\":\"de\",\"@id\":\"https:\\\/\\\/www.inverseteams.com\\\/de\\\/produkt\\\/cargo-cycling-bib-shorts-drak\\\/#primaryimage\",\"url\":\"https:\\\/\\\/www.inverseteams.com\\\/wp-content\\\/uploads\\\/INVERSE-CICLISMO-HOMBRE-CULOTTE-OUTTER-DRAK-BLACK-001.jpg\",\"contentUrl\":\"https:\\\/\\\/www.inverseteams.com\\\/wp-content\\\/uploads\\\/INVERSE-CICLISMO-HOMBRE-CULOTTE-OUTTER-DRAK-BLACK-001.jpg\",\"width\":1500,\"height\":1612},{\"@type\":\"BreadcrumbList\",\"@id\":\"https:\\\/\\\/www.inverseteams.com\\\/de\\\/produkt\\\/cargo-cycling-bib-shorts-drak\\\/#breadcrumb\",\"itemListElement\":[{\"@type\":\"ListItem\",\"position\":1,\"name\":\"Portada\",\"item\":\"https:\\\/\\\/www.inverseteams.com\\\/de\\\/\"},{\"@type\":\"ListItem\",\"position\":2,\"name\":\"Speichern\",\"item\":\"https:\\\/\\\/www.inverseteams.com\\\/de\\\/speichern\\\/\"},{\"@type\":\"ListItem\",\"position\":3,\"name\":\"Cargo Radhose OUTTER DRAK\"}]},{\"@type\":\"WebSite\",\"@id\":\"https:\\\/\\\/www.inverseteams.com\\\/de\\\/#website\",\"url\":\"https:\\\/\\\/www.inverseteams.com\\\/de\\\/\",\"name\":\"Inverseteams\",\"description\":\"Tu marca de ropa deportiva personalizada\",\"publisher\":{\"@id\":\"https:\\\/\\\/www.inverseteams.com\\\/de\\\/#organization\"},\"potentialAction\":[{\"@type\":\"SearchAction\",\"target\":{\"@type\":\"EntryPoint\",\"urlTemplate\":\"https:\\\/\\\/www.inverseteams.com\\\/de\\\/?s={search_term_string}\"},\"query-input\":{\"@type\":\"PropertyValueSpecification\",\"valueRequired\":true,\"valueName\":\"search_term_string\"}}],\"inLanguage\":\"de\"},{\"@type\":\"Organization\",\"@id\":\"https:\\\/\\\/www.inverseteams.com\\\/de\\\/#organization\",\"name\":\"Inverse Teams\",\"url\":\"https:\\\/\\\/www.inverseteams.com\\\/de\\\/\",\"logo\":{\"@type\":\"ImageObject\",\"inLanguage\":\"de\",\"@id\":\"https:\\\/\\\/www.inverseteams.com\\\/de\\\/#\\\/schema\\\/logo\\\/image\\\/\",\"url\":\"https:\\\/\\\/www.inverseteams.com\\\/wp-content\\\/uploads\\\/2021\\\/03\\\/logo-inverse-teams.png\",\"contentUrl\":\"https:\\\/\\\/www.inverseteams.com\\\/wp-content\\\/uploads\\\/2021\\\/03\\\/logo-inverse-teams.png\",\"width\":294,\"height\":99,\"caption\":\"Inverse Teams\"},\"image\":{\"@id\":\"https:\\\/\\\/www.inverseteams.com\\\/de\\\/#\\\/schema\\\/logo\\\/image\\\/\"},\"sameAs\":[\"https:\\\/\\\/www.facebook.com\\\/inverseteams\",\"http:\\\/\\\/instagram.com\\\/inverseteams\",\"https:\\\/\\\/www.linkedin.com\\\/company\\\/inverse-cirosport-s-l-?trk=job_view_topcard_company_name\",\"http:\\\/\\\/www.pinterest.com\\\/inverseteams\\\/\",\"http:\\\/\\\/www.youtube.com\\\/user\\\/inverseteams?feature=watch\"]}]}<\/script>\n<!-- \/ Yoast SEO plugin. -->","yoast_head_json":{"title":"Cargo Radhose OUTTER DRAK","description":"Die CARGO OUTTER DRAK Radhose ist f\u00fcr Radfahrer konzipiert, die Vielseitigkeit, Komfort und Performance suchen, ideal f\u00fcr Stra\u00dfenrad, Gravel und Bikepacking. Diese Cargo-Radhose verf\u00fcgt \u00fcber 4 Mesh-Taschen \u20142 an den Seiten und 2 im Lendenbereich\u2014 perfekt, um wichtige Gegenst\u00e4nde auf langen Fahrten zu verstauen, ohne die Bewegungsfreiheit einzuschr\u00e4nken. Das 2-Dichten-Sitzpolster, 120 g\/m\u00b2, bietet einen weichen Premium-Sitz im Beckenbereich und sorgt f\u00fcr Komfort und Schutz auch auf langen Fahrten. Polypropylen-Tr\u00e4ger und der perforierte R\u00fccken verbessern die Bel\u00fcftung und unterst\u00fctzen die Schwei\u00dfableitung, sodass die Haut trocken bleibt. Die Beinabschl\u00fcsse haben ein breites Band und Laser-Cut mit Silikon-Gripper, f\u00fcr sicheren Sitz ohne Verrutschen. Flachn\u00e4hte hoher Widerstandsf\u00e4higkeit erh\u00f6hen die Langlebigkeit, ohne den Komfort zu beeintr\u00e4chtigen. Das reflektierende Detail sorgt f\u00fcr bessere Sichtbarkeit auf Stra\u00dfen oder Trails bei schlechten Lichtverh\u00e4ltnissen. Die CARGO OUTTER DRAK Radhose ist ideal f\u00fcr Radfahrer, die vielseitige, robuste und komfortable Radhosen suchen, perfekt f\u00fcr Gravel, Bikepacking und Stra\u00dfenrad, und vereint technische Performance, Funktionalit\u00e4t und Komfort auf langen Strecken.","robots":{"index":"index","follow":"follow","max-snippet":"max-snippet:-1","max-image-preview":"max-image-preview:large","max-video-preview":"max-video-preview:-1"},"canonical":"https:\/\/www.inverseteams.com\/de\/produkt\/cargo-cycling-bib-shorts-drak\/","og_locale":"de_DE","og_type":"article","og_title":"Cargo Radhose OUTTER DRAK","og_description":"Die CARGO OUTTER DRAK Radhose ist f\u00fcr Radfahrer konzipiert, die Vielseitigkeit, Komfort und Performance suchen, ideal f\u00fcr Stra\u00dfenrad, Gravel und Bikepacking. Diese Cargo-Radhose verf\u00fcgt \u00fcber 4 Mesh-Taschen \u20142 an den Seiten und 2 im Lendenbereich\u2014 perfekt, um wichtige Gegenst\u00e4nde auf langen Fahrten zu verstauen, ohne die Bewegungsfreiheit einzuschr\u00e4nken. Das 2-Dichten-Sitzpolster, 120 g\/m\u00b2, bietet einen weichen Premium-Sitz im Beckenbereich und sorgt f\u00fcr Komfort und Schutz auch auf langen Fahrten. Polypropylen-Tr\u00e4ger und der perforierte R\u00fccken verbessern die Bel\u00fcftung und unterst\u00fctzen die Schwei\u00dfableitung, sodass die Haut trocken bleibt. Die Beinabschl\u00fcsse haben ein breites Band und Laser-Cut mit Silikon-Gripper, f\u00fcr sicheren Sitz ohne Verrutschen. Flachn\u00e4hte hoher Widerstandsf\u00e4higkeit erh\u00f6hen die Langlebigkeit, ohne den Komfort zu beeintr\u00e4chtigen. Das reflektierende Detail sorgt f\u00fcr bessere Sichtbarkeit auf Stra\u00dfen oder Trails bei schlechten Lichtverh\u00e4ltnissen. Die CARGO OUTTER DRAK Radhose ist ideal f\u00fcr Radfahrer, die vielseitige, robuste und komfortable Radhosen suchen, perfekt f\u00fcr Gravel, Bikepacking und Stra\u00dfenrad, und vereint technische Performance, Funktionalit\u00e4t und Komfort auf langen Strecken.","og_url":"https:\/\/www.inverseteams.com\/de\/produkt\/cargo-cycling-bib-shorts-drak\/","og_site_name":"Inverseteams","article_publisher":"https:\/\/www.facebook.com\/inverseteams","article_modified_time":"2026-03-15T10:13:31+00:00","og_image":[{"width":1500,"height":1612,"url":"https:\/\/www.inverseteams.com\/wp-content\/uploads\/INVERSE-CICLISMO-HOMBRE-CULOTTE-OUTTER-DRAK-BLACK-001.jpg","type":"image\/jpeg"}],"twitter_card":"summary_large_image","twitter_misc":{"Gesch\u00e4tzte Lesezeit":"1\u00a0Minute"},"schema":{"@context":"https:\/\/schema.org","@graph":[{"@type":"WebPage","@id":"https:\/\/www.inverseteams.com\/de\/produkt\/cargo-cycling-bib-shorts-drak\/","url":"https:\/\/www.inverseteams.com\/de\/produkt\/cargo-cycling-bib-shorts-drak\/","name":"Cargo Radhose OUTTER DRAK","isPartOf":{"@id":"https:\/\/www.inverseteams.com\/de\/#website"},"primaryImageOfPage":{"@id":"https:\/\/www.inverseteams.com\/de\/produkt\/cargo-cycling-bib-shorts-drak\/#primaryimage"},"image":{"@id":"https:\/\/www.inverseteams.com\/de\/produkt\/cargo-cycling-bib-shorts-drak\/#primaryimage"},"thumbnailUrl":"https:\/\/www.inverseteams.com\/wp-content\/uploads\/INVERSE-CICLISMO-HOMBRE-CULOTTE-OUTTER-DRAK-BLACK-001.jpg","datePublished":"2022-09-26T13:04:31+00:00","dateModified":"2026-03-15T10:13:31+00:00","description":"Die CARGO OUTTER DRAK Radhose ist f\u00fcr Radfahrer konzipiert, die Vielseitigkeit, Komfort und Performance suchen, ideal f\u00fcr Stra\u00dfenrad, Gravel und Bikepacking. Diese Cargo-Radhose verf\u00fcgt \u00fcber 4 Mesh-Taschen \u20142 an den Seiten und 2 im Lendenbereich\u2014 perfekt, um wichtige Gegenst\u00e4nde auf langen Fahrten zu verstauen, ohne die Bewegungsfreiheit einzuschr\u00e4nken. Das 2-Dichten-Sitzpolster, 120 g\/m\u00b2, bietet einen weichen Premium-Sitz im Beckenbereich und sorgt f\u00fcr Komfort und Schutz auch auf langen Fahrten. Polypropylen-Tr\u00e4ger und der perforierte R\u00fccken verbessern die Bel\u00fcftung und unterst\u00fctzen die Schwei\u00dfableitung, sodass die Haut trocken bleibt. Die Beinabschl\u00fcsse haben ein breites Band und Laser-Cut mit Silikon-Gripper, f\u00fcr sicheren Sitz ohne Verrutschen. Flachn\u00e4hte hoher Widerstandsf\u00e4higkeit erh\u00f6hen die Langlebigkeit, ohne den Komfort zu beeintr\u00e4chtigen. Das reflektierende Detail sorgt f\u00fcr bessere Sichtbarkeit auf Stra\u00dfen oder Trails bei schlechten Lichtverh\u00e4ltnissen. Die CARGO OUTTER DRAK Radhose ist ideal f\u00fcr Radfahrer, die vielseitige, robuste und komfortable Radhosen suchen, perfekt f\u00fcr Gravel, Bikepacking und Stra\u00dfenrad, und vereint technische Performance, Funktionalit\u00e4t und Komfort auf langen Strecken.","breadcrumb":{"@id":"https:\/\/www.inverseteams.com\/de\/produkt\/cargo-cycling-bib-shorts-drak\/#breadcrumb"},"inLanguage":"de","potentialAction":[{"@type":"ReadAction","target":["https:\/\/www.inverseteams.com\/de\/produkt\/cargo-cycling-bib-shorts-drak\/"]}]},{"@type":"ImageObject","inLanguage":"de","@id":"https:\/\/www.inverseteams.com\/de\/produkt\/cargo-cycling-bib-shorts-drak\/#primaryimage","url":"https:\/\/www.inverseteams.com\/wp-content\/uploads\/INVERSE-CICLISMO-HOMBRE-CULOTTE-OUTTER-DRAK-BLACK-001.jpg","contentUrl":"https:\/\/www.inverseteams.com\/wp-content\/uploads\/INVERSE-CICLISMO-HOMBRE-CULOTTE-OUTTER-DRAK-BLACK-001.jpg","width":1500,"height":1612},{"@type":"BreadcrumbList","@id":"https:\/\/www.inverseteams.com\/de\/produkt\/cargo-cycling-bib-shorts-drak\/#breadcrumb","itemListElement":[{"@type":"ListItem","position":1,"name":"Portada","item":"https:\/\/www.inverseteams.com\/de\/"},{"@type":"ListItem","position":2,"name":"Speichern","item":"https:\/\/www.inverseteams.com\/de\/speichern\/"},{"@type":"ListItem","position":3,"name":"Cargo Radhose OUTTER DRAK"}]},{"@type":"WebSite","@id":"https:\/\/www.inverseteams.com\/de\/#website","url":"https:\/\/www.inverseteams.com\/de\/","name":"Inverseteams","description":"Tu marca de ropa deportiva personalizada","publisher":{"@id":"https:\/\/www.inverseteams.com\/de\/#organization"},"potentialAction":[{"@type":"SearchAction","target":{"@type":"EntryPoint","urlTemplate":"https:\/\/www.inverseteams.com\/de\/?s={search_term_string}"},"query-input":{"@type":"PropertyValueSpecification","valueRequired":true,"valueName":"search_term_string"}}],"inLanguage":"de"},{"@type":"Organization","@id":"https:\/\/www.inverseteams.com\/de\/#organization","name":"Inverse Teams","url":"https:\/\/www.inverseteams.com\/de\/","logo":{"@type":"ImageObject","inLanguage":"de","@id":"https:\/\/www.inverseteams.com\/de\/#\/schema\/logo\/image\/","url":"https:\/\/www.inverseteams.com\/wp-content\/uploads\/2021\/03\/logo-inverse-teams.png","contentUrl":"https:\/\/www.inverseteams.com\/wp-content\/uploads\/2021\/03\/logo-inverse-teams.png","width":294,"height":99,"caption":"Inverse Teams"},"image":{"@id":"https:\/\/www.inverseteams.com\/de\/#\/schema\/logo\/image\/"},"sameAs":["https:\/\/www.facebook.com\/inverseteams","http:\/\/instagram.com\/inverseteams","https:\/\/www.linkedin.com\/company\/inverse-cirosport-s-l-?trk=job_view_topcard_company_name","http:\/\/www.pinterest.com\/inverseteams\/","http:\/\/www.youtube.com\/user\/inverseteams?feature=watch"]}]}},"_links":{"self":[{"href":"https:\/\/www.inverseteams.com\/de\/wp-json\/wp\/v2\/product\/172921","targetHints":{"allow":["GET"]}}],"collection":[{"href":"https:\/\/www.inverseteams.com\/de\/wp-json\/wp\/v2\/product"}],"about":[{"href":"https:\/\/www.inverseteams.com\/de\/wp-json\/wp\/v2\/types\/product"}],"replies":[{"embeddable":true,"href":"https:\/\/www.inverseteams.com\/de\/wp-json\/wp\/v2\/comments?post=172921"}],"wp:featuredmedia":[{"embeddable":true,"href":"https:\/\/www.inverseteams.com\/de\/wp-json\/wp\/v2\/media\/280203"}],"wp:attachment":[{"href":"https:\/\/www.inverseteams.com\/de\/wp-json\/wp\/v2\/media?parent=172921"}],"wp:term":[{"taxonomy":"product_brand","embeddable":true,"href":"https:\/\/www.inverseteams.com\/de\/wp-json\/wp\/v2\/product_brand?post=172921"},{"taxonomy":"product_cat","embeddable":true,"href":"https:\/\/www.inverseteams.com\/de\/wp-json\/wp\/v2\/product_cat?post=172921"},{"taxonomy":"product_tag","embeddable":true,"href":"https:\/\/www.inverseteams.com\/de\/wp-json\/wp\/v2\/product_tag?post=172921"},{"taxonomy":"custom_category","embeddable":true,"href":"https:\/\/www.inverseteams.com\/de\/wp-json\/wp\/v2\/custom_category?post=172921"},{"taxonomy":"range","embeddable":true,"href":"https:\/\/www.inverseteams.com\/de\/wp-json\/wp\/v2\/range?post=172921"}],"curies":[{"name":"wp","href":"https:\/\/api.w.org\/{rel}","templated":true}]}}