{"id":181903,"date":"2024-02-03T09:11:36","date_gmt":"2024-02-03T09:11:36","guid":{"rendered":"https:\/\/www.inverseteams.com\/?page_id=181903"},"modified":"2024-02-03T09:16:02","modified_gmt":"2024-02-03T09:16:02","slug":"soziale-verantwortung-des-unternehmens","status":"publish","type":"page","link":"https:\/\/www.inverseteams.com\/de\/soziale-verantwortung-des-unternehmens\/","title":{"rendered":"Soziale Verantwortung"},"content":{"rendered":"\n<figure class=\"wp-block-image size-full\"><img loading=\"lazy\" decoding=\"async\" width=\"1920\" height=\"1249\" src=\"https:\/\/www.inverseteams.com\/wp-content\/uploads\/INVERSE-SOZIALE-VERANTWORTUNG-DES-UNTERNEHMENS-001.jpg\" alt=\"SOZIALE VERANTWORTUNG DES UNTERNEHMENS. Wenn es eine Aktivit\u00e4t gibt, die f\u00f6rdern k\u00f6nnte, Toleranz, Respekt und schrittweiser Beitrag zu Frieden und Stabilit\u00e4t, dann ist es Sport.\" class=\"wp-image-181886\" srcset=\"https:\/\/www.inverseteams.com\/wp-content\/uploads\/INVERSE-SOZIALE-VERANTWORTUNG-DES-UNTERNEHMENS-001.jpg 1920w, https:\/\/www.inverseteams.com\/wp-content\/uploads\/INVERSE-SOZIALE-VERANTWORTUNG-DES-UNTERNEHMENS-001-300x195.jpg 300w, https:\/\/www.inverseteams.com\/wp-content\/uploads\/INVERSE-SOZIALE-VERANTWORTUNG-DES-UNTERNEHMENS-001-1024x666.jpg 1024w, https:\/\/www.inverseteams.com\/wp-content\/uploads\/INVERSE-SOZIALE-VERANTWORTUNG-DES-UNTERNEHMENS-001-768x500.jpg 768w, https:\/\/www.inverseteams.com\/wp-content\/uploads\/INVERSE-SOZIALE-VERANTWORTUNG-DES-UNTERNEHMENS-001-1536x999.jpg 1536w, https:\/\/www.inverseteams.com\/wp-content\/uploads\/INVERSE-SOZIALE-VERANTWORTUNG-DES-UNTERNEHMENS-001-420x273.jpg 420w, https:\/\/www.inverseteams.com\/wp-content\/uploads\/INVERSE-SOZIALE-VERANTWORTUNG-DES-UNTERNEHMENS-001-64x42.jpg 64w\" sizes=\"auto, (max-width: 1920px) 100vw, 1920px\" \/><\/figure>\n\n\n\n<figure class=\"wp-block-image size-full\"><img loading=\"lazy\" decoding=\"async\" width=\"1920\" height=\"1115\" src=\"https:\/\/www.inverseteams.com\/wp-content\/uploads\/INVERSE-SOZIALE-VERANTWORTUNG-DES-UNTERNEHMENS-002.jpg\" alt=\"Wir f\u00f6rdern die Verwendung nachhaltiger Rohstoffe in allen unseren Produkten im gesamten Produktionsprozess.\" class=\"wp-image-181891\" srcset=\"https:\/\/www.inverseteams.com\/wp-content\/uploads\/INVERSE-SOZIALE-VERANTWORTUNG-DES-UNTERNEHMENS-002.jpg 1920w, https:\/\/www.inverseteams.com\/wp-content\/uploads\/INVERSE-SOZIALE-VERANTWORTUNG-DES-UNTERNEHMENS-002-300x174.jpg 300w, https:\/\/www.inverseteams.com\/wp-content\/uploads\/INVERSE-SOZIALE-VERANTWORTUNG-DES-UNTERNEHMENS-002-1024x595.jpg 1024w, https:\/\/www.inverseteams.com\/wp-content\/uploads\/INVERSE-SOZIALE-VERANTWORTUNG-DES-UNTERNEHMENS-002-768x446.jpg 768w, https:\/\/www.inverseteams.com\/wp-content\/uploads\/INVERSE-SOZIALE-VERANTWORTUNG-DES-UNTERNEHMENS-002-1536x892.jpg 1536w, https:\/\/www.inverseteams.com\/wp-content\/uploads\/INVERSE-SOZIALE-VERANTWORTUNG-DES-UNTERNEHMENS-002-420x244.jpg 420w, https:\/\/www.inverseteams.com\/wp-content\/uploads\/INVERSE-SOZIALE-VERANTWORTUNG-DES-UNTERNEHMENS-002-64x37.jpg 64w\" sizes=\"auto, (max-width: 1920px) 100vw, 1920px\" \/><\/figure>\n\n\n\n<figure class=\"wp-block-image size-full\"><img loading=\"lazy\" decoding=\"async\" width=\"1920\" height=\"1077\" src=\"https:\/\/www.inverseteams.com\/wp-content\/uploads\/INVERSE-SOZIALE-VERANTWORTUNG-DES-UNTERNEHMENS-003.jpg\" alt=\"100 % des von uns verwendeten Transferpapiers recycelt ist. Alle unsere Verpackungen und Siegel bestehen aus recyceltem Material.\" class=\"wp-image-181896\" srcset=\"https:\/\/www.inverseteams.com\/wp-content\/uploads\/INVERSE-SOZIALE-VERANTWORTUNG-DES-UNTERNEHMENS-003.jpg 1920w, https:\/\/www.inverseteams.com\/wp-content\/uploads\/INVERSE-SOZIALE-VERANTWORTUNG-DES-UNTERNEHMENS-003-300x168.jpg 300w, https:\/\/www.inverseteams.com\/wp-content\/uploads\/INVERSE-SOZIALE-VERANTWORTUNG-DES-UNTERNEHMENS-003-1024x574.jpg 1024w, https:\/\/www.inverseteams.com\/wp-content\/uploads\/INVERSE-SOZIALE-VERANTWORTUNG-DES-UNTERNEHMENS-003-768x431.jpg 768w, https:\/\/www.inverseteams.com\/wp-content\/uploads\/INVERSE-SOZIALE-VERANTWORTUNG-DES-UNTERNEHMENS-003-1536x862.jpg 1536w, https:\/\/www.inverseteams.com\/wp-content\/uploads\/INVERSE-SOZIALE-VERANTWORTUNG-DES-UNTERNEHMENS-003-420x236.jpg 420w, https:\/\/www.inverseteams.com\/wp-content\/uploads\/INVERSE-SOZIALE-VERANTWORTUNG-DES-UNTERNEHMENS-003-64x36.jpg 64w\" sizes=\"auto, (max-width: 1920px) 100vw, 1920px\" \/><\/figure>\n\n\n\n<figure class=\"wp-block-image size-full\"><img loading=\"lazy\" decoding=\"async\" width=\"1920\" height=\"1080\" src=\"https:\/\/www.inverseteams.com\/wp-content\/uploads\/INVERSE-SOZIALE-VERANTWORTUNG-DES-UNTERNEHMENS-004.jpg\" alt=\"Wir sind bestrebt, unsere Auswirkungen auf die Umwelt durch die Implementierung nachhaltiger Praktiken in unserer Lieferkette zu reduzieren.\" class=\"wp-image-181901\" srcset=\"https:\/\/www.inverseteams.com\/wp-content\/uploads\/INVERSE-SOZIALE-VERANTWORTUNG-DES-UNTERNEHMENS-004.jpg 1920w, https:\/\/www.inverseteams.com\/wp-content\/uploads\/INVERSE-SOZIALE-VERANTWORTUNG-DES-UNTERNEHMENS-004-300x169.jpg 300w, https:\/\/www.inverseteams.com\/wp-content\/uploads\/INVERSE-SOZIALE-VERANTWORTUNG-DES-UNTERNEHMENS-004-1024x576.jpg 1024w, https:\/\/www.inverseteams.com\/wp-content\/uploads\/INVERSE-SOZIALE-VERANTWORTUNG-DES-UNTERNEHMENS-004-768x432.jpg 768w, https:\/\/www.inverseteams.com\/wp-content\/uploads\/INVERSE-SOZIALE-VERANTWORTUNG-DES-UNTERNEHMENS-004-1536x864.jpg 1536w, https:\/\/www.inverseteams.com\/wp-content\/uploads\/INVERSE-SOZIALE-VERANTWORTUNG-DES-UNTERNEHMENS-004-420x236.jpg 420w, https:\/\/www.inverseteams.com\/wp-content\/uploads\/INVERSE-SOZIALE-VERANTWORTUNG-DES-UNTERNEHMENS-004-64x36.jpg 64w\" sizes=\"auto, (max-width: 1920px) 100vw, 1920px\" \/><\/figure>\n\n\n\n<figure class=\"wp-block-image size-full\"><img loading=\"lazy\" decoding=\"async\" width=\"1920\" height=\"1080\" src=\"https:\/\/www.inverseteams.com\/wp-content\/uploads\/INVERSE-SOZIALE-VERANTWORTUNG-DES-UNTERNEHMENS-005.jpg\" alt=\"Wir fertigen unsere Kleidungsst\u00fccke im eigenen Haus, um unseren CO2-Fu\u00dfabdruck zu reduzieren.\" class=\"wp-image-181904\" srcset=\"https:\/\/www.inverseteams.com\/wp-content\/uploads\/INVERSE-SOZIALE-VERANTWORTUNG-DES-UNTERNEHMENS-005.jpg 1920w, https:\/\/www.inverseteams.com\/wp-content\/uploads\/INVERSE-SOZIALE-VERANTWORTUNG-DES-UNTERNEHMENS-005-300x169.jpg 300w, https:\/\/www.inverseteams.com\/wp-content\/uploads\/INVERSE-SOZIALE-VERANTWORTUNG-DES-UNTERNEHMENS-005-1024x576.jpg 1024w, https:\/\/www.inverseteams.com\/wp-content\/uploads\/INVERSE-SOZIALE-VERANTWORTUNG-DES-UNTERNEHMENS-005-768x432.jpg 768w, https:\/\/www.inverseteams.com\/wp-content\/uploads\/INVERSE-SOZIALE-VERANTWORTUNG-DES-UNTERNEHMENS-005-1536x864.jpg 1536w, https:\/\/www.inverseteams.com\/wp-content\/uploads\/INVERSE-SOZIALE-VERANTWORTUNG-DES-UNTERNEHMENS-005-420x236.jpg 420w, https:\/\/www.inverseteams.com\/wp-content\/uploads\/INVERSE-SOZIALE-VERANTWORTUNG-DES-UNTERNEHMENS-005-64x36.jpg 64w\" sizes=\"auto, (max-width: 1920px) 100vw, 1920px\" \/><\/figure>\n\n\n\n<figure class=\"wp-block-image size-full\"><img loading=\"lazy\" decoding=\"async\" width=\"1920\" height=\"1081\" src=\"https:\/\/www.inverseteams.com\/wp-content\/uploads\/INVERSE-SOZIALE-VERANTWORTUNG-DES-UNTERNEHMENS-006a.jpg\" alt=\"SOZIALE VERANTWORTUNG. Wir f\u00f6rdern Vielfalt, Chancengleichheit und wir investieren au\u00dferdem in Schulungsprogramme, um das Humankapital unserer Organisation zu st\u00e4rken.\" class=\"wp-image-181909\" srcset=\"https:\/\/www.inverseteams.com\/wp-content\/uploads\/INVERSE-SOZIALE-VERANTWORTUNG-DES-UNTERNEHMENS-006a.jpg 1920w, https:\/\/www.inverseteams.com\/wp-content\/uploads\/INVERSE-SOZIALE-VERANTWORTUNG-DES-UNTERNEHMENS-006a-300x169.jpg 300w, https:\/\/www.inverseteams.com\/wp-content\/uploads\/INVERSE-SOZIALE-VERANTWORTUNG-DES-UNTERNEHMENS-006a-1024x577.jpg 1024w, https:\/\/www.inverseteams.com\/wp-content\/uploads\/INVERSE-SOZIALE-VERANTWORTUNG-DES-UNTERNEHMENS-006a-768x432.jpg 768w, https:\/\/www.inverseteams.com\/wp-content\/uploads\/INVERSE-SOZIALE-VERANTWORTUNG-DES-UNTERNEHMENS-006a-1536x865.jpg 1536w, https:\/\/www.inverseteams.com\/wp-content\/uploads\/INVERSE-SOZIALE-VERANTWORTUNG-DES-UNTERNEHMENS-006a-420x236.jpg 420w, https:\/\/www.inverseteams.com\/wp-content\/uploads\/INVERSE-SOZIALE-VERANTWORTUNG-DES-UNTERNEHMENS-006a-64x36.jpg 64w\" sizes=\"auto, (max-width: 1920px) 100vw, 1920px\" \/><\/figure>\n\n\n\n<figure class=\"wp-block-image size-full\"><img loading=\"lazy\" decoding=\"async\" width=\"1920\" height=\"1087\" src=\"https:\/\/www.inverseteams.com\/wp-content\/uploads\/INVERSE-SOZIALE-VERANTWORTUNG-DES-UNTERNEHMENS-006b.jpg\" alt=\"Bei INVERSE arbeiten wir zusammen mit Institutionen, Vereinen und Sportverb\u00e4nden, um Sportveranstaltungen zu unterst\u00fctzen und zu organisieren.\" class=\"wp-image-181914\" srcset=\"https:\/\/www.inverseteams.com\/wp-content\/uploads\/INVERSE-SOZIALE-VERANTWORTUNG-DES-UNTERNEHMENS-006b.jpg 1920w, https:\/\/www.inverseteams.com\/wp-content\/uploads\/INVERSE-SOZIALE-VERANTWORTUNG-DES-UNTERNEHMENS-006b-300x170.jpg 300w, https:\/\/www.inverseteams.com\/wp-content\/uploads\/INVERSE-SOZIALE-VERANTWORTUNG-DES-UNTERNEHMENS-006b-1024x580.jpg 1024w, https:\/\/www.inverseteams.com\/wp-content\/uploads\/INVERSE-SOZIALE-VERANTWORTUNG-DES-UNTERNEHMENS-006b-768x435.jpg 768w, https:\/\/www.inverseteams.com\/wp-content\/uploads\/INVERSE-SOZIALE-VERANTWORTUNG-DES-UNTERNEHMENS-006b-1536x870.jpg 1536w, https:\/\/www.inverseteams.com\/wp-content\/uploads\/INVERSE-SOZIALE-VERANTWORTUNG-DES-UNTERNEHMENS-006b-420x238.jpg 420w, https:\/\/www.inverseteams.com\/wp-content\/uploads\/INVERSE-SOZIALE-VERANTWORTUNG-DES-UNTERNEHMENS-006b-64x36.jpg 64w\" sizes=\"auto, (max-width: 1920px) 100vw, 1920px\" \/><\/figure>\n\n\n\n<figure class=\"wp-block-image size-full\"><img loading=\"lazy\" decoding=\"async\" width=\"1920\" height=\"1081\" src=\"https:\/\/www.inverseteams.com\/wp-content\/uploads\/INVERSE-SOZIALE-VERANTWORTUNG-DES-UNTERNEHMENS-007.jpg\" alt=\"Es war auch das erste spanische Unternehmen, mit der Entwicklung von Sportmasken mit UNE 0065:2020-Zertifizierung.\" class=\"wp-image-181919\" srcset=\"https:\/\/www.inverseteams.com\/wp-content\/uploads\/INVERSE-SOZIALE-VERANTWORTUNG-DES-UNTERNEHMENS-007.jpg 1920w, https:\/\/www.inverseteams.com\/wp-content\/uploads\/INVERSE-SOZIALE-VERANTWORTUNG-DES-UNTERNEHMENS-007-300x169.jpg 300w, https:\/\/www.inverseteams.com\/wp-content\/uploads\/INVERSE-SOZIALE-VERANTWORTUNG-DES-UNTERNEHMENS-007-1024x577.jpg 1024w, https:\/\/www.inverseteams.com\/wp-content\/uploads\/INVERSE-SOZIALE-VERANTWORTUNG-DES-UNTERNEHMENS-007-768x432.jpg 768w, https:\/\/www.inverseteams.com\/wp-content\/uploads\/INVERSE-SOZIALE-VERANTWORTUNG-DES-UNTERNEHMENS-007-1536x865.jpg 1536w, https:\/\/www.inverseteams.com\/wp-content\/uploads\/INVERSE-SOZIALE-VERANTWORTUNG-DES-UNTERNEHMENS-007-420x236.jpg 420w, https:\/\/www.inverseteams.com\/wp-content\/uploads\/INVERSE-SOZIALE-VERANTWORTUNG-DES-UNTERNEHMENS-007-64x36.jpg 64w\" sizes=\"auto, (max-width: 1920px) 100vw, 1920px\" \/><\/figure>\n\n\n\n<div style=\"height:50px\" aria-hidden=\"true\" class=\"wp-block-spacer\"><\/div>\n\n\n\n<div class=\"wp-block-buttons is-content-justification-center is-layout-flex wp-container-core-buttons-is-layout-14c487f4 wp-block-buttons-is-layout-flex\">\n<div class=\"wp-block-button has-custom-width wp-block-button__width-50 is-style-fill\"><a class=\"wp-block-button__link has-text-align-center wp-element-button\" href=\"https:\/\/www.inverseteams.com\/wp-content\/uploads\/INVERSE-SOZIALE-VERANTWORTUNG-DES-UNTERNEHMENS.pdf\" style=\"border-radius:0px\" rel=\"\"><strong>DOKUMENT HERUNTERLADEN<\/strong><\/a><\/div>\n<\/div>\n","protected":false},"excerpt":{"rendered":"","protected":false},"author":783,"featured_media":0,"parent":0,"menu_order":0,"comment_status":"closed","ping_status":"closed","template":"page-templates\/page-no-title-full-width.php","meta":{"_acf_changed":false,"footnotes":""},"class_list":["post-181903","page","type-page","status-publish","hentry"],"acf":[],"yoast_head":"<!-- This site is optimized with the Yoast SEO plugin v27.5 - https:\/\/yoast.com\/product\/yoast-seo-wordpress\/ -->\n<title>Soziale Verantwortung | Inverseteams<\/title>\n<meta name=\"robots\" content=\"index, follow, max-snippet:-1, max-image-preview:large, max-video-preview:-1\" \/>\n<link rel=\"canonical\" href=\"https:\/\/www.inverseteams.com\/de\/soziale-verantwortung-des-unternehmens\/\" \/>\n<meta property=\"og:locale\" content=\"de_DE\" \/>\n<meta property=\"og:type\" content=\"article\" \/>\n<meta property=\"og:title\" content=\"Soziale Verantwortung | Inverseteams\" \/>\n<meta property=\"og:url\" content=\"https:\/\/www.inverseteams.com\/de\/soziale-verantwortung-des-unternehmens\/\" \/>\n<meta property=\"og:site_name\" content=\"Inverseteams\" \/>\n<meta property=\"article:publisher\" content=\"https:\/\/www.facebook.com\/inverseteams\" \/>\n<meta property=\"article:modified_time\" content=\"2024-02-03T09:16:02+00:00\" \/>\n<meta property=\"og:image\" content=\"https:\/\/www.inverseteams.com\/wp-content\/uploads\/INVERSE-SOZIALE-VERANTWORTUNG-DES-UNTERNEHMENS-001.jpg\" \/>\n<meta name=\"twitter:card\" content=\"summary_large_image\" \/>\n<meta name=\"twitter:label1\" content=\"Gesch\u00e4tzte Lesezeit\" \/>\n\t<meta name=\"twitter:data1\" content=\"2\u00a0Minute\" \/>\n<script type=\"application\/ld+json\" class=\"yoast-schema-graph\">{\"@context\":\"https:\\\/\\\/schema.org\",\"@graph\":[{\"@type\":\"WebPage\",\"@id\":\"https:\\\/\\\/www.inverseteams.com\\\/de\\\/soziale-verantwortung-des-unternehmens\\\/\",\"url\":\"https:\\\/\\\/www.inverseteams.com\\\/de\\\/soziale-verantwortung-des-unternehmens\\\/\",\"name\":\"Soziale Verantwortung | Inverseteams\",\"isPartOf\":{\"@id\":\"https:\\\/\\\/www.inverseteams.com\\\/de\\\/#website\"},\"primaryImageOfPage\":{\"@id\":\"https:\\\/\\\/www.inverseteams.com\\\/de\\\/soziale-verantwortung-des-unternehmens\\\/#primaryimage\"},\"image\":{\"@id\":\"https:\\\/\\\/www.inverseteams.com\\\/de\\\/soziale-verantwortung-des-unternehmens\\\/#primaryimage\"},\"thumbnailUrl\":\"https:\\\/\\\/www.inverseteams.com\\\/wp-content\\\/uploads\\\/INVERSE-SOZIALE-VERANTWORTUNG-DES-UNTERNEHMENS-001.jpg\",\"datePublished\":\"2024-02-03T09:11:36+00:00\",\"dateModified\":\"2024-02-03T09:16:02+00:00\",\"breadcrumb\":{\"@id\":\"https:\\\/\\\/www.inverseteams.com\\\/de\\\/soziale-verantwortung-des-unternehmens\\\/#breadcrumb\"},\"inLanguage\":\"de\",\"potentialAction\":[{\"@type\":\"ReadAction\",\"target\":[\"https:\\\/\\\/www.inverseteams.com\\\/de\\\/soziale-verantwortung-des-unternehmens\\\/\"]}]},{\"@type\":\"ImageObject\",\"inLanguage\":\"de\",\"@id\":\"https:\\\/\\\/www.inverseteams.com\\\/de\\\/soziale-verantwortung-des-unternehmens\\\/#primaryimage\",\"url\":\"https:\\\/\\\/www.inverseteams.com\\\/wp-content\\\/uploads\\\/INVERSE-SOZIALE-VERANTWORTUNG-DES-UNTERNEHMENS-001.jpg\",\"contentUrl\":\"https:\\\/\\\/www.inverseteams.com\\\/wp-content\\\/uploads\\\/INVERSE-SOZIALE-VERANTWORTUNG-DES-UNTERNEHMENS-001.jpg\"},{\"@type\":\"BreadcrumbList\",\"@id\":\"https:\\\/\\\/www.inverseteams.com\\\/de\\\/soziale-verantwortung-des-unternehmens\\\/#breadcrumb\",\"itemListElement\":[{\"@type\":\"ListItem\",\"position\":1,\"name\":\"Portada\",\"item\":\"https:\\\/\\\/www.inverseteams.com\\\/de\\\/\"},{\"@type\":\"ListItem\",\"position\":2,\"name\":\"Soziale Verantwortung\"}]},{\"@type\":\"WebSite\",\"@id\":\"https:\\\/\\\/www.inverseteams.com\\\/de\\\/#website\",\"url\":\"https:\\\/\\\/www.inverseteams.com\\\/de\\\/\",\"name\":\"Inverseteams\",\"description\":\"Tu marca de ropa deportiva personalizada\",\"publisher\":{\"@id\":\"https:\\\/\\\/www.inverseteams.com\\\/de\\\/#organization\"},\"potentialAction\":[{\"@type\":\"SearchAction\",\"target\":{\"@type\":\"EntryPoint\",\"urlTemplate\":\"https:\\\/\\\/www.inverseteams.com\\\/de\\\/?s={search_term_string}\"},\"query-input\":{\"@type\":\"PropertyValueSpecification\",\"valueRequired\":true,\"valueName\":\"search_term_string\"}}],\"inLanguage\":\"de\"},{\"@type\":\"Organization\",\"@id\":\"https:\\\/\\\/www.inverseteams.com\\\/de\\\/#organization\",\"name\":\"Inverse Teams\",\"url\":\"https:\\\/\\\/www.inverseteams.com\\\/de\\\/\",\"logo\":{\"@type\":\"ImageObject\",\"inLanguage\":\"de\",\"@id\":\"https:\\\/\\\/www.inverseteams.com\\\/de\\\/#\\\/schema\\\/logo\\\/image\\\/\",\"url\":\"https:\\\/\\\/www.inverseteams.com\\\/wp-content\\\/uploads\\\/2021\\\/03\\\/logo-inverse-teams.png\",\"contentUrl\":\"https:\\\/\\\/www.inverseteams.com\\\/wp-content\\\/uploads\\\/2021\\\/03\\\/logo-inverse-teams.png\",\"width\":294,\"height\":99,\"caption\":\"Inverse Teams\"},\"image\":{\"@id\":\"https:\\\/\\\/www.inverseteams.com\\\/de\\\/#\\\/schema\\\/logo\\\/image\\\/\"},\"sameAs\":[\"https:\\\/\\\/www.facebook.com\\\/inverseteams\",\"http:\\\/\\\/instagram.com\\\/inverseteams\",\"https:\\\/\\\/www.linkedin.com\\\/company\\\/inverse-cirosport-s-l-?trk=job_view_topcard_company_name\",\"http:\\\/\\\/www.pinterest.com\\\/inverseteams\\\/\",\"http:\\\/\\\/www.youtube.com\\\/user\\\/inverseteams?feature=watch\"]}]}<\/script>\n<!-- \/ Yoast SEO plugin. -->","yoast_head_json":{"title":"Soziale Verantwortung | Inverseteams","robots":{"index":"index","follow":"follow","max-snippet":"max-snippet:-1","max-image-preview":"max-image-preview:large","max-video-preview":"max-video-preview:-1"},"canonical":"https:\/\/www.inverseteams.com\/de\/soziale-verantwortung-des-unternehmens\/","og_locale":"de_DE","og_type":"article","og_title":"Soziale Verantwortung | Inverseteams","og_url":"https:\/\/www.inverseteams.com\/de\/soziale-verantwortung-des-unternehmens\/","og_site_name":"Inverseteams","article_publisher":"https:\/\/www.facebook.com\/inverseteams","article_modified_time":"2024-02-03T09:16:02+00:00","og_image":[{"url":"https:\/\/www.inverseteams.com\/wp-content\/uploads\/INVERSE-SOZIALE-VERANTWORTUNG-DES-UNTERNEHMENS-001.jpg","type":"","width":"","height":""}],"twitter_card":"summary_large_image","twitter_misc":{"Gesch\u00e4tzte Lesezeit":"2\u00a0Minute"},"schema":{"@context":"https:\/\/schema.org","@graph":[{"@type":"WebPage","@id":"https:\/\/www.inverseteams.com\/de\/soziale-verantwortung-des-unternehmens\/","url":"https:\/\/www.inverseteams.com\/de\/soziale-verantwortung-des-unternehmens\/","name":"Soziale Verantwortung | Inverseteams","isPartOf":{"@id":"https:\/\/www.inverseteams.com\/de\/#website"},"primaryImageOfPage":{"@id":"https:\/\/www.inverseteams.com\/de\/soziale-verantwortung-des-unternehmens\/#primaryimage"},"image":{"@id":"https:\/\/www.inverseteams.com\/de\/soziale-verantwortung-des-unternehmens\/#primaryimage"},"thumbnailUrl":"https:\/\/www.inverseteams.com\/wp-content\/uploads\/INVERSE-SOZIALE-VERANTWORTUNG-DES-UNTERNEHMENS-001.jpg","datePublished":"2024-02-03T09:11:36+00:00","dateModified":"2024-02-03T09:16:02+00:00","breadcrumb":{"@id":"https:\/\/www.inverseteams.com\/de\/soziale-verantwortung-des-unternehmens\/#breadcrumb"},"inLanguage":"de","potentialAction":[{"@type":"ReadAction","target":["https:\/\/www.inverseteams.com\/de\/soziale-verantwortung-des-unternehmens\/"]}]},{"@type":"ImageObject","inLanguage":"de","@id":"https:\/\/www.inverseteams.com\/de\/soziale-verantwortung-des-unternehmens\/#primaryimage","url":"https:\/\/www.inverseteams.com\/wp-content\/uploads\/INVERSE-SOZIALE-VERANTWORTUNG-DES-UNTERNEHMENS-001.jpg","contentUrl":"https:\/\/www.inverseteams.com\/wp-content\/uploads\/INVERSE-SOZIALE-VERANTWORTUNG-DES-UNTERNEHMENS-001.jpg"},{"@type":"BreadcrumbList","@id":"https:\/\/www.inverseteams.com\/de\/soziale-verantwortung-des-unternehmens\/#breadcrumb","itemListElement":[{"@type":"ListItem","position":1,"name":"Portada","item":"https:\/\/www.inverseteams.com\/de\/"},{"@type":"ListItem","position":2,"name":"Soziale Verantwortung"}]},{"@type":"WebSite","@id":"https:\/\/www.inverseteams.com\/de\/#website","url":"https:\/\/www.inverseteams.com\/de\/","name":"Inverseteams","description":"Tu marca de ropa deportiva personalizada","publisher":{"@id":"https:\/\/www.inverseteams.com\/de\/#organization"},"potentialAction":[{"@type":"SearchAction","target":{"@type":"EntryPoint","urlTemplate":"https:\/\/www.inverseteams.com\/de\/?s={search_term_string}"},"query-input":{"@type":"PropertyValueSpecification","valueRequired":true,"valueName":"search_term_string"}}],"inLanguage":"de"},{"@type":"Organization","@id":"https:\/\/www.inverseteams.com\/de\/#organization","name":"Inverse Teams","url":"https:\/\/www.inverseteams.com\/de\/","logo":{"@type":"ImageObject","inLanguage":"de","@id":"https:\/\/www.inverseteams.com\/de\/#\/schema\/logo\/image\/","url":"https:\/\/www.inverseteams.com\/wp-content\/uploads\/2021\/03\/logo-inverse-teams.png","contentUrl":"https:\/\/www.inverseteams.com\/wp-content\/uploads\/2021\/03\/logo-inverse-teams.png","width":294,"height":99,"caption":"Inverse Teams"},"image":{"@id":"https:\/\/www.inverseteams.com\/de\/#\/schema\/logo\/image\/"},"sameAs":["https:\/\/www.facebook.com\/inverseteams","http:\/\/instagram.com\/inverseteams","https:\/\/www.linkedin.com\/company\/inverse-cirosport-s-l-?trk=job_view_topcard_company_name","http:\/\/www.pinterest.com\/inverseteams\/","http:\/\/www.youtube.com\/user\/inverseteams?feature=watch"]}]}},"_links":{"self":[{"href":"https:\/\/www.inverseteams.com\/de\/wp-json\/wp\/v2\/pages\/181903","targetHints":{"allow":["GET"]}}],"collection":[{"href":"https:\/\/www.inverseteams.com\/de\/wp-json\/wp\/v2\/pages"}],"about":[{"href":"https:\/\/www.inverseteams.com\/de\/wp-json\/wp\/v2\/types\/page"}],"author":[{"embeddable":true,"href":"https:\/\/www.inverseteams.com\/de\/wp-json\/wp\/v2\/users\/783"}],"replies":[{"embeddable":true,"href":"https:\/\/www.inverseteams.com\/de\/wp-json\/wp\/v2\/comments?post=181903"}],"version-history":[{"count":0,"href":"https:\/\/www.inverseteams.com\/de\/wp-json\/wp\/v2\/pages\/181903\/revisions"}],"wp:attachment":[{"href":"https:\/\/www.inverseteams.com\/de\/wp-json\/wp\/v2\/media?parent=181903"}],"curies":[{"name":"wp","href":"https:\/\/api.w.org\/{rel}","templated":true}]}}