{"id":176976,"date":"2021-03-19T10:35:57","date_gmt":"2021-03-19T10:35:57","guid":{"rendered":"https:\/\/www.inverseteams.com\/sizes-and-measuraments\/"},"modified":"2025-07-04T13:40:26","modified_gmt":"2025-07-04T13:40:26","slug":"sizes-and-measuraments","status":"publish","type":"page","link":"https:\/\/www.inverseteams.com\/de\/sizes-and-measuraments\/","title":{"rendered":"GR\u00d6SSEN UND MA\u00dfE"},"content":{"rendered":"\n<div class=\"wp-block-group cont--tables\"><div class=\"wp-block-group__inner-container is-layout-flow wp-block-group-is-layout-flow\">\n<div class=\"wp-block-columns is-layout-flex wp-container-core-columns-is-layout-9d6595d7 wp-block-columns-is-layout-flex\">\n<div class=\"wp-block-column is-layout-flow wp-block-column-is-layout-flow\">\n<iframe loading=\"lazy\" id=\"ctDIM_iframe\" src=\"https:\/\/dimtech.es\/ctDIM\/Inverse\/?lang=5\" width=\"100%\" height=\"540\" style=\"border: none;\"><\/iframe>\n\n\n<div class=\"wrapper-heading\">\n<h2 class=\"wp-block-heading\">Radfahren &#8211; Gr\u00f6\u00dfentabelle<\/h2>\n<\/div>\n\n\n<div class=\"wp-block-columns is-layout-flex wp-container-core-columns-is-layout-9d6595d7 wp-block-columns-is-layout-flex\">\n<div class=\"wp-block-column is-layout-flow wp-block-column-is-layout-flow\"><div class=\"wrapper-classic-paragraph\">\n<div class=\"cont--table\">\n<table style=\"width: 100%; height: 266px;\">\n<thead>\n<tr style=\"height: 24px;\">\n<th style=\"height: 24px; text-align: left; width: 53.2222%;\" colspan=\"2\">Herren<\/th>\n<th style=\"height: 24px; text-align: center; width: 5.44444%;\">XS<\/th>\n<th style=\"height: 24px; text-align: center; width: 5.44444%;\">S<\/th>\n<th style=\"height: 24px; text-align: center; width: 5.44444%;\">M<\/th>\n<th style=\"height: 24px; text-align: center; width: 5.44444%;\">L<\/th>\n<th style=\"height: 24px; text-align: center; width: 5.44444%;\">XL<\/th>\n<th style=\"height: 24px; text-align: center; width: 5.44444%;\">XXL<\/th>\n<th style=\"height: 24px; text-align: center; width: 5.55556%;\">3XL<\/th>\n<\/tr>\n<\/thead>\n<tbody>\n<tr style=\"height: 60px;\">\n<td style=\"height: 242px; width: 33.7778%;\" rowspan=\"2\"><img decoding=\"async\" src=\"\/wp-content\/uploads\/2021\/03\/img-tallas-img-tallas-hombre.jpg\" alt=\"Hombre\" \/><\/td>\n<td style=\"height: 60px; text-align: left; width: 19.4444%;\">Brustumfang<\/td>\n<td style=\"height: 60px; text-align: center; width: 5.44444%;\">90<\/td>\n<td style=\"height: 60px; text-align: center; width: 5.44444%;\">94<\/td>\n<td style=\"height: 60px; text-align: center; width: 5.44444%;\">98<\/td>\n<td style=\"height: 60px; text-align: center; width: 5.44444%;\">102<\/td>\n<td style=\"height: 60px; text-align: center; width: 5.44444%;\">106<\/td>\n<td style=\"height: 60px; text-align: center; width: 5.44444%;\">110<\/td>\n<td style=\"height: 60px; text-align: center; width: 5.55556%;\">114<\/td>\n<\/tr>\n<tr style=\"height: 61px;\">\n<td style=\"height: 61px; text-align: left; width: 19.4444%;\">H\u00f6he<\/td>\n<td style=\"height: 61px; text-align: center; width: 5.44444%;\">166-170<\/td>\n<td style=\"height: 61px; text-align: center; width: 5.44444%;\">170-174<\/td>\n<td style=\"height: 61px; text-align: center; width: 5.44444%;\">174-178<\/td>\n<td style=\"height: 61px; text-align: center; width: 5.44444%;\">178-182<\/td>\n<td style=\"height: 61px; text-align: center; width: 5.44444%;\">182-185<\/td>\n<td style=\"height: 61px; text-align: center; width: 5.44444%;\">185-188<\/td>\n<td style=\"height: 61px; text-align: center; width: 5.55556%;\">189-192<\/td>\n<\/tr>\n<\/tbody>\n<\/table>\n<\/div>\n<p>Indikative Ma\u00dftabelle (cms.)<\/p>\n<div class=\"cont--table\">\n<table style=\"height: 266px; width: 100%;\">\n<thead>\n<tr style=\"height: 24px;\">\n<th style=\"text-align: left; width: 59.7778%; height: 24px;\" colspan=\"2\">Damen<\/th>\n<th style=\"text-align: center; width: 3.44444%; height: 24px;\">XS<\/th>\n<th style=\"text-align: center; width: 4.77778%; height: 24px;\">S<\/th>\n<th style=\"text-align: center; width: 3%; height: 24px;\">M<\/th>\n<th style=\"text-align: center; width: 4.88889%; height: 24px;\">L<\/th>\n<th style=\"text-align: center; width: 4.33333%; height: 24px;\">XL<\/th>\n<th style=\"text-align: center; width: 5.33333%; height: 24px;\">XXL<\/th>\n<th style=\"text-align: center; width: 5.11111%; height: 24px;\">3XL<\/th>\n<\/tr>\n<\/thead>\n<tbody>\n<tr style=\"height: 126px;\">\n<td style=\"width: 37.8889%; height: 318px;\" rowspan=\"2\"><img decoding=\"async\" src=\"\/wp-content\/uploads\/2021\/03\/img-tallas-img-tallas-mujer.jpg\" alt=\"Mujer\" \/><\/td>\n<td style=\"text-align: left; width: 21.8889%; height: 126px;\">Brustumfang<\/td>\n<td style=\"text-align: center; width: 3.44444%; height: 126px;\">80<\/td>\n<td style=\"text-align: center; width: 4.77778%; height: 126px;\">84<\/td>\n<td style=\"text-align: center; width: 3%; height: 126px;\">88<\/td>\n<td style=\"text-align: center; width: 4.88889%; height: 126px;\">92<\/td>\n<td style=\"text-align: center; width: 4.33333%; height: 126px;\">96<\/td>\n<td style=\"text-align: center; width: 5.33333%; height: 126px;\">100<\/td>\n<td style=\"text-align: center; width: 5.11111%; height: 126px;\">104<\/td>\n<\/tr>\n<tr style=\"height: 192px;\">\n<td style=\"text-align: left; width: 21.8889%; height: 192px;\">H\u00f6he<\/td>\n<td style=\"text-align: center; width: 3.44444%; height: 192px;\">156-162<\/td>\n<td style=\"text-align: center; width: 4.77778%; height: 192px;\">160-168<\/td>\n<td style=\"text-align: center; width: 3%; height: 192px;\">164-171<\/td>\n<td style=\"text-align: center; width: 4.88889%; height: 192px;\">167-173<\/td>\n<td style=\"text-align: center; width: 4.33333%; height: 192px;\">169-175<\/td>\n<td style=\"text-align: center; width: 5.33333%; height: 192px;\">173-177<\/td>\n<td style=\"text-align: center; width: 5.11111%; height: 192px;\">177-180<\/td>\n<\/tr>\n<\/tbody>\n<\/table>\n<\/div>\n<p>Indikative Ma\u00dftabelle (cms.)<\/p>\n<div class=\"cont--table\">\n<table style=\"height: 266px; width: 100%;\">\n<thead>\n<tr style=\"height: 24px;\">\n<th style=\"text-align: left; height: 24px;\" colspan=\"2\">Kinder<\/th>\n<th style=\"text-align: center; height: 24px;\">6<\/th>\n<th style=\"text-align: center; height: 24px;\">8<\/th>\n<th style=\"text-align: center; height: 24px;\">10<\/th>\n<th style=\"text-align: center; height: 24px;\">12<\/th>\n<\/tr>\n<\/thead>\n<tbody>\n<tr style=\"height: 123px;\">\n<td style=\"height: 246px;\" rowspan=\"2\"><img decoding=\"async\" src=\"\/wp-content\/uploads\/2021\/03\/img-tallas-img-tallas-kids.jpg\" alt=\"Ni\u00f1o\" \/><\/td>\n<td style=\"height: 123px;\">Brustumfang<\/td>\n<td style=\"text-align: center; height: 123px;\">74<\/td>\n<td style=\"text-align: center; height: 123px;\">80<\/td>\n<td style=\"text-align: center; height: 123px;\">84<\/td>\n<td style=\"text-align: center; height: 123px;\">86<\/td>\n<\/tr>\n<tr style=\"height: 123px;\">\n<td style=\"height: 123px;\">H\u00f6he<\/td>\n<td style=\"text-align: center; height: 123px;\">114-127<\/td>\n<td style=\"text-align: center; height: 123px;\">127-140<\/td>\n<td style=\"text-align: center; height: 123px;\">140-145<\/td>\n<td style=\"text-align: center; height: 123px;\">146-151<\/td>\n<\/tr>\n<\/tbody>\n<\/table>\n<\/div>\n<p>Indikative Ma\u00dftabelle (cms.)<\/p>\n<div class=\"cont--table\">\n<table style=\"width: 100%;\">\n<thead>\n<tr>\n<th style=\"text-align: left;\" colspan=\"2\">Socken<\/th>\n<th style=\"text-align: center;\">UE<\/th>\n<th style=\"text-align: center;\">UK<\/th>\n<\/tr>\n<\/thead>\n<tbody>\n<tr>\n<td rowspan=\"4\"><img decoding=\"async\" src=\"\/wp-content\/uploads\/2021\/03\/img-tallas-img-tallas-calcetines.jpg\" alt=\"Calcetines\" \/><\/td>\n<td style=\"text-align: left;\">S<\/td>\n<td style=\"text-align: center;\">37\/39<\/td>\n<td style=\"text-align: center;\">4\/5.5<\/td>\n<\/tr>\n<tr>\n<td style=\"text-align: left;\">M<\/td>\n<td style=\"text-align: center;\">40\/42<\/td>\n<td style=\"text-align: center;\">6,5\/8<\/td>\n<\/tr>\n<tr>\n<td style=\"text-align: left;\">L<\/td>\n<td style=\"text-align: center;\">43\/45<\/td>\n<td style=\"text-align: center;\">9\/10,5<\/td>\n<\/tr>\n<tr>\n<td style=\"text-align: left;\">XL<\/td>\n<td style=\"text-align: center;\">46\/48<\/td>\n<td style=\"text-align: center;\">11,5\/13<\/td>\n<\/tr>\n<\/tbody>\n<\/table>\n<\/div>\n<p>\u00a0<\/p>\n<div class=\"cont--table\">\n<table style=\"width: 100%; height: 258px;\">\n<thead>\n<tr style=\"height: 24px;\">\n<th style=\"text-align: left; height: 24px;\" colspan=\"2\">Handschuhe<\/th>\n<th style=\"height: 24px;\">\u00a0<\/th>\n<\/tr>\n<\/thead>\n<tbody>\n<tr style=\"height: 39px;\">\n<td style=\"height: 234px;\" rowspan=\"6\"><img decoding=\"async\" src=\"\/wp-content\/uploads\/2021\/03\/img-tallas-img-tallas-guantes.jpg\" alt=\"Guantes\" \/><\/td>\n<td style=\"text-align: left; height: 39px;\">XS<\/td>\n<td style=\"text-align: center; height: 39px;\">17-18 cm<\/td>\n<\/tr>\n<tr style=\"height: 39px;\">\n<td style=\"text-align: left; height: 39px;\">S<\/td>\n<td style=\"text-align: center; height: 39px;\">18-19,5 cm<\/td>\n<\/tr>\n<tr style=\"height: 39px;\">\n<td style=\"text-align: left; height: 39px;\">M<\/td>\n<td style=\"text-align: center; height: 39px;\">19,5-20,5 cm<\/td>\n<\/tr>\n<tr style=\"height: 39px;\">\n<td style=\"text-align: left; height: 39px;\">L<\/td>\n<td style=\"text-align: center; height: 39px;\">20,5-21,5 cm<\/td>\n<\/tr>\n<tr style=\"height: 39px;\">\n<td style=\"text-align: left; height: 39px;\">XL<\/td>\n<td style=\"text-align: center; height: 39px;\">21,5-23 cm<\/td>\n<\/tr>\n<tr style=\"height: 39px;\">\n<td style=\"text-align: left; height: 39px;\">XXL<\/td>\n<td style=\"text-align: center; height: 39px;\">23-25 cm<\/td>\n<\/tr>\n<\/tbody>\n<\/table>\n<\/div>\n<p>Indikative Ma\u00dftabelle (cms.)<\/p>\n<\/div><\/div>\n<\/div>\n<\/div>\n<\/div>\n<\/div><\/div>\n\n\n\n<p><\/p>\n","protected":false},"excerpt":{"rendered":"<p>Radfahren &#8211; Gr\u00f6\u00dfentabelle Herren XS S M L XL XXL 3XL Brustumfang 90 94 98 102 106 110 114 H\u00f6he 166-170 170-174 174-178 178-182 182-185 185-188 189-192 Indikative Ma\u00dftabelle (cms.) Damen XS S M L XL XXL 3XL Brustumfang 80 84 88 92 96 100 104 H\u00f6he 156-162 160-168 164-171 167-173 169-175 173-177 177-180 Indikative [&hellip;]<\/p>\n","protected":false},"author":1,"featured_media":0,"parent":0,"menu_order":0,"comment_status":"closed","ping_status":"closed","template":"","meta":{"_acf_changed":false,"footnotes":""},"class_list":["post-176976","page","type-page","status-publish","hentry"],"acf":[],"yoast_head":"<!-- This site is optimized with the Yoast SEO plugin v27.3 - https:\/\/yoast.com\/product\/yoast-seo-wordpress\/ -->\n<title>GR\u00d6SSEN UND MA\u00dfE | Inverseteams<\/title>\n<meta name=\"robots\" content=\"noindex, nofollow\" \/>\n<meta property=\"og:locale\" content=\"de_DE\" \/>\n<meta property=\"og:type\" content=\"article\" \/>\n<meta property=\"og:title\" content=\"GR\u00d6SSEN UND MA\u00dfE | Inverseteams\" \/>\n<meta property=\"og:description\" content=\"Radfahren &#8211; Gr\u00f6\u00dfentabelle Herren XS S M L XL XXL 3XL Brustumfang 90 94 98 102 106 110 114 H\u00f6he 166-170 170-174 174-178 178-182 182-185 185-188 189-192 Indikative Ma\u00dftabelle (cms.) Damen XS S M L XL XXL 3XL Brustumfang 80 84 88 92 96 100 104 H\u00f6he 156-162 160-168 164-171 167-173 169-175 173-177 177-180 Indikative [&hellip;]\" \/>\n<meta property=\"og:url\" content=\"https:\/\/www.inverseteams.com\/de\/sizes-and-measuraments\/\" \/>\n<meta property=\"og:site_name\" content=\"Inverseteams\" \/>\n<meta property=\"article:publisher\" content=\"https:\/\/www.facebook.com\/inverseteams\" \/>\n<meta property=\"article:modified_time\" content=\"2025-07-04T13:40:26+00:00\" \/>\n<meta name=\"twitter:card\" content=\"summary_large_image\" \/>\n<meta name=\"twitter:label1\" content=\"Gesch\u00e4tzte Lesezeit\" \/>\n\t<meta name=\"twitter:data1\" content=\"2\u00a0Minute\" \/>\n<script type=\"application\/ld+json\" class=\"yoast-schema-graph\">{\"@context\":\"https:\\\/\\\/schema.org\",\"@graph\":[{\"@type\":\"WebPage\",\"@id\":\"https:\\\/\\\/www.inverseteams.com\\\/de\\\/sizes-and-measuraments\\\/\",\"url\":\"https:\\\/\\\/www.inverseteams.com\\\/de\\\/sizes-and-measuraments\\\/\",\"name\":\"GR\u00d6SSEN UND MA\u00dfE | Inverseteams\",\"isPartOf\":{\"@id\":\"https:\\\/\\\/www.inverseteams.com\\\/de\\\/#website\"},\"datePublished\":\"2021-03-19T10:35:57+00:00\",\"dateModified\":\"2025-07-04T13:40:26+00:00\",\"breadcrumb\":{\"@id\":\"https:\\\/\\\/www.inverseteams.com\\\/de\\\/sizes-and-measuraments\\\/#breadcrumb\"},\"inLanguage\":\"de\",\"potentialAction\":[{\"@type\":\"ReadAction\",\"target\":[\"https:\\\/\\\/www.inverseteams.com\\\/de\\\/sizes-and-measuraments\\\/\"]}]},{\"@type\":\"BreadcrumbList\",\"@id\":\"https:\\\/\\\/www.inverseteams.com\\\/de\\\/sizes-and-measuraments\\\/#breadcrumb\",\"itemListElement\":[{\"@type\":\"ListItem\",\"position\":1,\"name\":\"Portada\",\"item\":\"https:\\\/\\\/www.inverseteams.com\\\/de\\\/\"},{\"@type\":\"ListItem\",\"position\":2,\"name\":\"GR\u00d6SSEN UND MA\u00dfE\"}]},{\"@type\":\"WebSite\",\"@id\":\"https:\\\/\\\/www.inverseteams.com\\\/de\\\/#website\",\"url\":\"https:\\\/\\\/www.inverseteams.com\\\/de\\\/\",\"name\":\"Inverseteams\",\"description\":\"Tu marca de ropa deportiva personalizada\",\"publisher\":{\"@id\":\"https:\\\/\\\/www.inverseteams.com\\\/de\\\/#organization\"},\"potentialAction\":[{\"@type\":\"SearchAction\",\"target\":{\"@type\":\"EntryPoint\",\"urlTemplate\":\"https:\\\/\\\/www.inverseteams.com\\\/de\\\/?s={search_term_string}\"},\"query-input\":{\"@type\":\"PropertyValueSpecification\",\"valueRequired\":true,\"valueName\":\"search_term_string\"}}],\"inLanguage\":\"de\"},{\"@type\":\"Organization\",\"@id\":\"https:\\\/\\\/www.inverseteams.com\\\/de\\\/#organization\",\"name\":\"Inverse Teams\",\"url\":\"https:\\\/\\\/www.inverseteams.com\\\/de\\\/\",\"logo\":{\"@type\":\"ImageObject\",\"inLanguage\":\"de\",\"@id\":\"https:\\\/\\\/www.inverseteams.com\\\/de\\\/#\\\/schema\\\/logo\\\/image\\\/\",\"url\":\"https:\\\/\\\/www.inverseteams.com\\\/wp-content\\\/uploads\\\/2021\\\/03\\\/logo-inverse-teams.png\",\"contentUrl\":\"https:\\\/\\\/www.inverseteams.com\\\/wp-content\\\/uploads\\\/2021\\\/03\\\/logo-inverse-teams.png\",\"width\":294,\"height\":99,\"caption\":\"Inverse Teams\"},\"image\":{\"@id\":\"https:\\\/\\\/www.inverseteams.com\\\/de\\\/#\\\/schema\\\/logo\\\/image\\\/\"},\"sameAs\":[\"https:\\\/\\\/www.facebook.com\\\/inverseteams\",\"http:\\\/\\\/instagram.com\\\/inverseteams\",\"https:\\\/\\\/www.linkedin.com\\\/company\\\/inverse-cirosport-s-l-?trk=job_view_topcard_company_name\",\"http:\\\/\\\/www.pinterest.com\\\/inverseteams\\\/\",\"http:\\\/\\\/www.youtube.com\\\/user\\\/inverseteams?feature=watch\"]}]}<\/script>\n<!-- \/ Yoast SEO plugin. -->","yoast_head_json":{"title":"GR\u00d6SSEN UND MA\u00dfE | Inverseteams","robots":{"index":"noindex","follow":"nofollow"},"og_locale":"de_DE","og_type":"article","og_title":"GR\u00d6SSEN UND MA\u00dfE | Inverseteams","og_description":"Radfahren &#8211; Gr\u00f6\u00dfentabelle Herren XS S M L XL XXL 3XL Brustumfang 90 94 98 102 106 110 114 H\u00f6he 166-170 170-174 174-178 178-182 182-185 185-188 189-192 Indikative Ma\u00dftabelle (cms.) Damen XS S M L XL XXL 3XL Brustumfang 80 84 88 92 96 100 104 H\u00f6he 156-162 160-168 164-171 167-173 169-175 173-177 177-180 Indikative [&hellip;]","og_url":"https:\/\/www.inverseteams.com\/de\/sizes-and-measuraments\/","og_site_name":"Inverseteams","article_publisher":"https:\/\/www.facebook.com\/inverseteams","article_modified_time":"2025-07-04T13:40:26+00:00","twitter_card":"summary_large_image","twitter_misc":{"Gesch\u00e4tzte Lesezeit":"2\u00a0Minute"},"schema":{"@context":"https:\/\/schema.org","@graph":[{"@type":"WebPage","@id":"https:\/\/www.inverseteams.com\/de\/sizes-and-measuraments\/","url":"https:\/\/www.inverseteams.com\/de\/sizes-and-measuraments\/","name":"GR\u00d6SSEN UND MA\u00dfE | Inverseteams","isPartOf":{"@id":"https:\/\/www.inverseteams.com\/de\/#website"},"datePublished":"2021-03-19T10:35:57+00:00","dateModified":"2025-07-04T13:40:26+00:00","breadcrumb":{"@id":"https:\/\/www.inverseteams.com\/de\/sizes-and-measuraments\/#breadcrumb"},"inLanguage":"de","potentialAction":[{"@type":"ReadAction","target":["https:\/\/www.inverseteams.com\/de\/sizes-and-measuraments\/"]}]},{"@type":"BreadcrumbList","@id":"https:\/\/www.inverseteams.com\/de\/sizes-and-measuraments\/#breadcrumb","itemListElement":[{"@type":"ListItem","position":1,"name":"Portada","item":"https:\/\/www.inverseteams.com\/de\/"},{"@type":"ListItem","position":2,"name":"GR\u00d6SSEN UND MA\u00dfE"}]},{"@type":"WebSite","@id":"https:\/\/www.inverseteams.com\/de\/#website","url":"https:\/\/www.inverseteams.com\/de\/","name":"Inverseteams","description":"Tu marca de ropa deportiva personalizada","publisher":{"@id":"https:\/\/www.inverseteams.com\/de\/#organization"},"potentialAction":[{"@type":"SearchAction","target":{"@type":"EntryPoint","urlTemplate":"https:\/\/www.inverseteams.com\/de\/?s={search_term_string}"},"query-input":{"@type":"PropertyValueSpecification","valueRequired":true,"valueName":"search_term_string"}}],"inLanguage":"de"},{"@type":"Organization","@id":"https:\/\/www.inverseteams.com\/de\/#organization","name":"Inverse Teams","url":"https:\/\/www.inverseteams.com\/de\/","logo":{"@type":"ImageObject","inLanguage":"de","@id":"https:\/\/www.inverseteams.com\/de\/#\/schema\/logo\/image\/","url":"https:\/\/www.inverseteams.com\/wp-content\/uploads\/2021\/03\/logo-inverse-teams.png","contentUrl":"https:\/\/www.inverseteams.com\/wp-content\/uploads\/2021\/03\/logo-inverse-teams.png","width":294,"height":99,"caption":"Inverse Teams"},"image":{"@id":"https:\/\/www.inverseteams.com\/de\/#\/schema\/logo\/image\/"},"sameAs":["https:\/\/www.facebook.com\/inverseteams","http:\/\/instagram.com\/inverseteams","https:\/\/www.linkedin.com\/company\/inverse-cirosport-s-l-?trk=job_view_topcard_company_name","http:\/\/www.pinterest.com\/inverseteams\/","http:\/\/www.youtube.com\/user\/inverseteams?feature=watch"]}]}},"_links":{"self":[{"href":"https:\/\/www.inverseteams.com\/de\/wp-json\/wp\/v2\/pages\/176976","targetHints":{"allow":["GET"]}}],"collection":[{"href":"https:\/\/www.inverseteams.com\/de\/wp-json\/wp\/v2\/pages"}],"about":[{"href":"https:\/\/www.inverseteams.com\/de\/wp-json\/wp\/v2\/types\/page"}],"author":[{"embeddable":true,"href":"https:\/\/www.inverseteams.com\/de\/wp-json\/wp\/v2\/users\/1"}],"replies":[{"embeddable":true,"href":"https:\/\/www.inverseteams.com\/de\/wp-json\/wp\/v2\/comments?post=176976"}],"version-history":[{"count":0,"href":"https:\/\/www.inverseteams.com\/de\/wp-json\/wp\/v2\/pages\/176976\/revisions"}],"wp:attachment":[{"href":"https:\/\/www.inverseteams.com\/de\/wp-json\/wp\/v2\/media?parent=176976"}],"curies":[{"name":"wp","href":"https:\/\/api.w.org\/{rel}","templated":true}]}}