{"id":167456,"date":"2021-01-18T15:41:24","date_gmt":"2021-01-18T15:41:24","guid":{"rendered":"https:\/\/www.inverseteams.com\/quienes-somos\/"},"modified":"2024-03-27T14:42:19","modified_gmt":"2024-03-27T14:42:19","slug":"ueber-uns","status":"publish","type":"page","link":"https:\/\/www.inverseteams.com\/de\/ueber-uns\/","title":{"rendered":"\u00dcber uns"},"content":{"rendered":"\n<div class=\"wp-block-group has-pale-grey-background-color has-background\"><div class=\"wp-block-group__inner-container is-layout-flow wp-block-group-is-layout-flow\">\n<div class=\"wp-block-columns is-layout-flex wp-container-core-columns-is-layout-9d6595d7 wp-block-columns-is-layout-flex\">\n<div class=\"wp-block-column is-vertically-aligned-center is-layout-flow wp-block-column-is-layout-flow\"><div class=\"wrapper-classic-paragraph\">\n<h2 id=\"block-d683f20b-b723-4c4a-8924-e6a0414c0112\" class=\"block-editor-rich-text__editable block-editor-block-list__block wp-block is-selected is-hovered rich-text\" tabindex=\"0\" role=\"group\" contenteditable=\"true\" aria-multiline=\"true\" aria-label=\"Bloque: Encabezado\" data-block=\"d683f20b-b723-4c4a-8924-e6a0414c0112\" data-type=\"core\/heading\" data-title=\"Encabezado\">INVERSE wurde vor mehr als 50 Jahren als CIRO SPORT geboren<\/h2>\n<p>Sein Gr\u00fcnder, Joaquim Sabat\u00e9 i Daus\u00e0, hatte eine starke Verbindung zum Sport und leitete Esport Ciclista Barcelona. W\u00e4hrend seiner Pr\u00e4sidentschaft organisierte er mehr als 900 Veranstaltungen, darunter die katalanische Radsportwoche und den Montju\u00efc-Aufstieg. Diese Verbindung zum Sport half ihm, viele professionelle Radfahrer kennenzulernen und ihre Bed\u00fcrfnisse zu kennen.<\/p>\n<p>Die gesammelten Erfahrungen f\u00fchrten in den 90er Jahren zur Gr\u00fcndung der Marke INVERSE. Es zeichnet sich durch die hohe Qualit\u00e4t der aus Materialien der neuesten Generation gefertigten Kleidungsst\u00fccke und die Originalit\u00e4t des Designs aus.<\/p>\n<p><a href=\"https:\/\/www.inverseteams.com\/de\/geschichte\/\">SIEHE GESCHICHTE<\/a><\/p>\n<\/div><\/div>\n\n\n\n<div class=\"wp-block-column is-layout-flow wp-block-column-is-layout-flow\"> \n<\/div>\n<\/div>\n<\/div><\/div>\n\n\n\n<div class=\"wp-block-group\"><div class=\"wp-block-group__inner-container is-layout-flow wp-block-group-is-layout-flow\">\n<div class=\"wp-block-columns is-layout-flex wp-container-core-columns-is-layout-9d6595d7 wp-block-columns-is-layout-flex\">\n<div class=\"wp-block-column is-layout-flow wp-block-column-is-layout-flow\"><div class=\"wrapper-classic-paragraph\">\n<h2 id=\"block-5b064d1d-b77a-4083-925a-2fdb10384e34\" class=\"block-editor-rich-text__editable block-editor-block-list__block wp-block is-selected is-hovered rich-text\" tabindex=\"0\" role=\"group\" contenteditable=\"true\" aria-multiline=\"true\" aria-label=\"Bloque: Encabezado\" data-block=\"5b064d1d-b77a-4083-925a-2fdb10384e34\" data-type=\"core\/heading\" data-title=\"Encabezado\">Inverse to be more you, to &#8222;Be True\u201c.<\/h2>\n<h4>Inverse hat sich seit jeher der Innovation verschrieben, sich an die tats\u00e4chlichen Bed\u00fcrfnisse aller Sportler anzupassen und darauf zu reagieren und die notwendige und angemessene Kleidung f\u00fcr Wettk\u00e4mpfe und Spa\u00df zu entwerfen und herzustellen.<\/h4>\n<p><a href=\"https:\/\/www.inverseteams.com\/de\/vertriebspartner-und-vertreter\/\">UNSER NETZWERK AUS VERTRIEBSPARTNERN UND VERTRETERN<\/a><\/p>\n<\/div><\/div>\n\n\n\n<div class=\"wp-block-column is-layout-flow wp-block-column-is-layout-flow\"><div class=\"wrapper-classic-paragraph\">\n<p class=\"p1\">Bei Inverse stellen wir alle Sportler wie Sie in den Mittelpunkt unserer Gedanken, und deshalb haben wir \u00fcber den Beginn einer neuen \u00c4ra nachgedacht, der BE TRUE-\u00c4ra. Wir helfen Ihnen dabei, Ihren eigenen Stil zu definieren, damit Sie sich mehr wie Sie selbst f\u00fchlen und in allem, was Sie tun, Ihre Spuren hinterlassen.<\/p>\n<p class=\"p1\">Deshalb dr\u00e4ngen wir Sie bei Inverse dazu, Ihr wahres Selbst hervorzubringen und sich selbst treu zu bleiben. Wir bieten Ihnen Designs, die sich jeder Pers\u00f6nlichkeit anpassen. Qualit\u00e4tsprodukte, mit denen Sie sich wohlf\u00fchlen werden. Bequem in Ihrer Kleidung und bequem in sich selbst. Und wir gehen mit gutem Beispiel voran. Ein Unternehmen, das sich selbst treu bleibt. Mit Geschichte. Und mit einem engen menschlichen Team, das Ihnen hilft, die Produkte zu finden, die Ihr wahres Selbst am meisten st\u00e4rken.<\/p>\n<p class=\"p1\">In unserem Unternehmen leben wir von und f\u00fcr Radfahrer, Triathleten, Sportler, L\u00e4ufer, Skifahrer und f\u00fcr alle Sportler, f\u00fcr die wir ihre Sportbekleidung herstellen; mit spezifischen Mustern und Stoffen f\u00fcr jede Disziplin und Sportart mit dem Ziel, bei allen Wettkampfarten optimale Leistungen zu erzielen.<\/p>\n<p class=\"p1\">Um den besten Service zu bieten, verf\u00fcgt unsere Marke \u00fcber Design-, Schnittmuster-, Druck-, Schnitt- und N\u00e4habteilungen, die, koordiniert und \u00fcberwacht durch anspruchsvolle Qualit\u00e4tskontrollen, in der Lage sind, personalisierte und sammelw\u00fcrdige Kleidungsst\u00fccke zu schaffen, die \u00e4u\u00dferst bequem und attraktiv sind, so dass Sie immer dabei bleiben genie\u00dfe deine Leidenschaft.<\/p>\n<p class=\"p1\">Einsatz und Ausdauer haben daf\u00fcr gesorgt, dass unsere Kleidung in mehr als 25 L\u00e4ndern pr\u00e4sent ist. Diese wichtige internationale Expansion hilft uns, die neuen Trends und Priorit\u00e4ten von Sportlern auf der ganzen Welt zu verstehen. Auf diese Weise k\u00f6nnen wir weiterhin Kleidung anbieten, die sich weiterentwickelt und sich stets an Ihre wahren Bed\u00fcrfnisse anpasst.<\/p>\n<\/div><\/div>\n<\/div>\n\n\n\n<p><\/p>\n<\/div><\/div>\n","protected":false},"excerpt":{"rendered":"<p>INVERSE wurde vor mehr als 50 Jahren als CIRO SPORT geboren Sein Gr\u00fcnder, Joaquim Sabat\u00e9 i Daus\u00e0, hatte eine starke Verbindung zum Sport und leitete Esport Ciclista Barcelona. W\u00e4hrend seiner Pr\u00e4sidentschaft organisierte er mehr als 900 Veranstaltungen, darunter die katalanische Radsportwoche und den Montju\u00efc-Aufstieg. Diese Verbindung zum Sport half ihm, viele professionelle Radfahrer kennenzulernen und [&hellip;]<\/p>\n","protected":false},"author":1,"featured_media":0,"parent":0,"menu_order":0,"comment_status":"closed","ping_status":"closed","template":"","meta":{"_acf_changed":false,"footnotes":""},"class_list":["post-167456","page","type-page","status-publish","hentry"],"acf":[],"yoast_head":"<!-- This site is optimized with the Yoast SEO plugin v27.2 - https:\/\/yoast.com\/product\/yoast-seo-wordpress\/ -->\n<title>\u00dcber uns | Inverseteams<\/title>\n<meta name=\"robots\" content=\"index, follow, max-snippet:-1, max-image-preview:large, max-video-preview:-1\" \/>\n<link rel=\"canonical\" href=\"https:\/\/www.inverseteams.com\/de\/ueber-uns\/\" \/>\n<meta property=\"og:locale\" content=\"de_DE\" \/>\n<meta property=\"og:type\" content=\"article\" \/>\n<meta property=\"og:title\" content=\"\u00dcber uns | Inverseteams\" \/>\n<meta property=\"og:description\" content=\"INVERSE wurde vor mehr als 50 Jahren als CIRO SPORT geboren Sein Gr\u00fcnder, Joaquim Sabat\u00e9 i Daus\u00e0, hatte eine starke Verbindung zum Sport und leitete Esport Ciclista Barcelona. W\u00e4hrend seiner Pr\u00e4sidentschaft organisierte er mehr als 900 Veranstaltungen, darunter die katalanische Radsportwoche und den Montju\u00efc-Aufstieg. Diese Verbindung zum Sport half ihm, viele professionelle Radfahrer kennenzulernen und [&hellip;]\" \/>\n<meta property=\"og:url\" content=\"https:\/\/www.inverseteams.com\/de\/ueber-uns\/\" \/>\n<meta property=\"og:site_name\" content=\"Inverseteams\" \/>\n<meta property=\"article:publisher\" content=\"https:\/\/www.facebook.com\/inverseteams\" \/>\n<meta property=\"article:modified_time\" content=\"2024-03-27T14:42:19+00:00\" \/>\n<meta name=\"twitter:card\" content=\"summary_large_image\" \/>\n<meta name=\"twitter:label1\" content=\"Gesch\u00e4tzte Lesezeit\" \/>\n\t<meta name=\"twitter:data1\" content=\"2\u00a0Minute\" \/>\n<script type=\"application\/ld+json\" class=\"yoast-schema-graph\">{\"@context\":\"https:\/\/schema.org\",\"@graph\":[{\"@type\":\"WebPage\",\"@id\":\"https:\/\/www.inverseteams.com\/de\/ueber-uns\/\",\"url\":\"https:\/\/www.inverseteams.com\/de\/ueber-uns\/\",\"name\":\"\u00dcber uns | Inverseteams\",\"isPartOf\":{\"@id\":\"https:\/\/www.inverseteams.com\/de\/#website\"},\"datePublished\":\"2021-01-18T15:41:24+00:00\",\"dateModified\":\"2024-03-27T14:42:19+00:00\",\"breadcrumb\":{\"@id\":\"https:\/\/www.inverseteams.com\/de\/ueber-uns\/#breadcrumb\"},\"inLanguage\":\"de\",\"potentialAction\":[{\"@type\":\"ReadAction\",\"target\":[\"https:\/\/www.inverseteams.com\/de\/ueber-uns\/\"]}]},{\"@type\":\"BreadcrumbList\",\"@id\":\"https:\/\/www.inverseteams.com\/de\/ueber-uns\/#breadcrumb\",\"itemListElement\":[{\"@type\":\"ListItem\",\"position\":1,\"name\":\"Portada\",\"item\":\"https:\/\/www.inverseteams.com\/de\/\"},{\"@type\":\"ListItem\",\"position\":2,\"name\":\"\u00dcber uns\"}]},{\"@type\":\"WebSite\",\"@id\":\"https:\/\/www.inverseteams.com\/de\/#website\",\"url\":\"https:\/\/www.inverseteams.com\/de\/\",\"name\":\"Inverseteams\",\"description\":\"Tu marca de ropa deportiva personalizada\",\"publisher\":{\"@id\":\"https:\/\/www.inverseteams.com\/de\/#organization\"},\"potentialAction\":[{\"@type\":\"SearchAction\",\"target\":{\"@type\":\"EntryPoint\",\"urlTemplate\":\"https:\/\/www.inverseteams.com\/de\/?s={search_term_string}\"},\"query-input\":{\"@type\":\"PropertyValueSpecification\",\"valueRequired\":true,\"valueName\":\"search_term_string\"}}],\"inLanguage\":\"de\"},{\"@type\":\"Organization\",\"@id\":\"https:\/\/www.inverseteams.com\/de\/#organization\",\"name\":\"Inverse Teams\",\"url\":\"https:\/\/www.inverseteams.com\/de\/\",\"logo\":{\"@type\":\"ImageObject\",\"inLanguage\":\"de\",\"@id\":\"https:\/\/www.inverseteams.com\/de\/#\/schema\/logo\/image\/\",\"url\":\"https:\/\/www.inverseteams.com\/wp-content\/uploads\/2021\/03\/logo-inverse-teams.png\",\"contentUrl\":\"https:\/\/www.inverseteams.com\/wp-content\/uploads\/2021\/03\/logo-inverse-teams.png\",\"width\":294,\"height\":99,\"caption\":\"Inverse Teams\"},\"image\":{\"@id\":\"https:\/\/www.inverseteams.com\/de\/#\/schema\/logo\/image\/\"},\"sameAs\":[\"https:\/\/www.facebook.com\/inverseteams\",\"http:\/\/instagram.com\/inverseteams\",\"https:\/\/www.linkedin.com\/company\/inverse-cirosport-s-l-?trk=job_view_topcard_company_name\",\"http:\/\/www.pinterest.com\/inverseteams\/\",\"http:\/\/www.youtube.com\/user\/inverseteams?feature=watch\"]}]}<\/script>\n<!-- \/ Yoast SEO plugin. -->","yoast_head_json":{"title":"\u00dcber uns | Inverseteams","robots":{"index":"index","follow":"follow","max-snippet":"max-snippet:-1","max-image-preview":"max-image-preview:large","max-video-preview":"max-video-preview:-1"},"canonical":"https:\/\/www.inverseteams.com\/de\/ueber-uns\/","og_locale":"de_DE","og_type":"article","og_title":"\u00dcber uns | Inverseteams","og_description":"INVERSE wurde vor mehr als 50 Jahren als CIRO SPORT geboren Sein Gr\u00fcnder, Joaquim Sabat\u00e9 i Daus\u00e0, hatte eine starke Verbindung zum Sport und leitete Esport Ciclista Barcelona. W\u00e4hrend seiner Pr\u00e4sidentschaft organisierte er mehr als 900 Veranstaltungen, darunter die katalanische Radsportwoche und den Montju\u00efc-Aufstieg. Diese Verbindung zum Sport half ihm, viele professionelle Radfahrer kennenzulernen und [&hellip;]","og_url":"https:\/\/www.inverseteams.com\/de\/ueber-uns\/","og_site_name":"Inverseteams","article_publisher":"https:\/\/www.facebook.com\/inverseteams","article_modified_time":"2024-03-27T14:42:19+00:00","twitter_card":"summary_large_image","twitter_misc":{"Gesch\u00e4tzte Lesezeit":"2\u00a0Minute"},"schema":{"@context":"https:\/\/schema.org","@graph":[{"@type":"WebPage","@id":"https:\/\/www.inverseteams.com\/de\/ueber-uns\/","url":"https:\/\/www.inverseteams.com\/de\/ueber-uns\/","name":"\u00dcber uns | Inverseteams","isPartOf":{"@id":"https:\/\/www.inverseteams.com\/de\/#website"},"datePublished":"2021-01-18T15:41:24+00:00","dateModified":"2024-03-27T14:42:19+00:00","breadcrumb":{"@id":"https:\/\/www.inverseteams.com\/de\/ueber-uns\/#breadcrumb"},"inLanguage":"de","potentialAction":[{"@type":"ReadAction","target":["https:\/\/www.inverseteams.com\/de\/ueber-uns\/"]}]},{"@type":"BreadcrumbList","@id":"https:\/\/www.inverseteams.com\/de\/ueber-uns\/#breadcrumb","itemListElement":[{"@type":"ListItem","position":1,"name":"Portada","item":"https:\/\/www.inverseteams.com\/de\/"},{"@type":"ListItem","position":2,"name":"\u00dcber uns"}]},{"@type":"WebSite","@id":"https:\/\/www.inverseteams.com\/de\/#website","url":"https:\/\/www.inverseteams.com\/de\/","name":"Inverseteams","description":"Tu marca de ropa deportiva personalizada","publisher":{"@id":"https:\/\/www.inverseteams.com\/de\/#organization"},"potentialAction":[{"@type":"SearchAction","target":{"@type":"EntryPoint","urlTemplate":"https:\/\/www.inverseteams.com\/de\/?s={search_term_string}"},"query-input":{"@type":"PropertyValueSpecification","valueRequired":true,"valueName":"search_term_string"}}],"inLanguage":"de"},{"@type":"Organization","@id":"https:\/\/www.inverseteams.com\/de\/#organization","name":"Inverse Teams","url":"https:\/\/www.inverseteams.com\/de\/","logo":{"@type":"ImageObject","inLanguage":"de","@id":"https:\/\/www.inverseteams.com\/de\/#\/schema\/logo\/image\/","url":"https:\/\/www.inverseteams.com\/wp-content\/uploads\/2021\/03\/logo-inverse-teams.png","contentUrl":"https:\/\/www.inverseteams.com\/wp-content\/uploads\/2021\/03\/logo-inverse-teams.png","width":294,"height":99,"caption":"Inverse Teams"},"image":{"@id":"https:\/\/www.inverseteams.com\/de\/#\/schema\/logo\/image\/"},"sameAs":["https:\/\/www.facebook.com\/inverseteams","http:\/\/instagram.com\/inverseteams","https:\/\/www.linkedin.com\/company\/inverse-cirosport-s-l-?trk=job_view_topcard_company_name","http:\/\/www.pinterest.com\/inverseteams\/","http:\/\/www.youtube.com\/user\/inverseteams?feature=watch"]}]}},"_links":{"self":[{"href":"https:\/\/www.inverseteams.com\/de\/wp-json\/wp\/v2\/pages\/167456","targetHints":{"allow":["GET"]}}],"collection":[{"href":"https:\/\/www.inverseteams.com\/de\/wp-json\/wp\/v2\/pages"}],"about":[{"href":"https:\/\/www.inverseteams.com\/de\/wp-json\/wp\/v2\/types\/page"}],"author":[{"embeddable":true,"href":"https:\/\/www.inverseteams.com\/de\/wp-json\/wp\/v2\/users\/1"}],"replies":[{"embeddable":true,"href":"https:\/\/www.inverseteams.com\/de\/wp-json\/wp\/v2\/comments?post=167456"}],"version-history":[{"count":0,"href":"https:\/\/www.inverseteams.com\/de\/wp-json\/wp\/v2\/pages\/167456\/revisions"}],"wp:attachment":[{"href":"https:\/\/www.inverseteams.com\/de\/wp-json\/wp\/v2\/media?parent=167456"}],"curies":[{"name":"wp","href":"https:\/\/api.w.org\/{rel}","templated":true}]}}