{"id":167439,"date":"2021-01-15T10:47:08","date_gmt":"2021-01-15T10:47:08","guid":{"rendered":"https:\/\/www.inverseteams.com\/politica-de-cookies\/"},"modified":"2023-12-13T10:16:14","modified_gmt":"2023-12-13T10:16:14","slug":"cookies-richtlinie","status":"publish","type":"page","link":"https:\/\/www.inverseteams.com\/de\/cookies-richtlinie\/","title":{"rendered":"Cookies-richtlinie"},"content":{"rendered":"\n<p>Ein Cookie ist eine Datei, die auf Ihren Computer heruntergeladen wird, wenn Sie auf bestimmte Webseiten zugreifen. Cookies erm\u00f6glichen es einer Website unter anderem, Informationen \u00fcber die Surfgewohnheiten eines Benutzers oder seiner Ger\u00e4te zu speichern und abzurufen und k\u00f6nnen je nach den darin enthaltenen Informationen und der Art und Weise, wie seine Ger\u00e4te verwendet werden, zu deren Wiedererkennung verwendet werden.<\/p>\n\n\n\n<p>Diese Medien erhalten jedoch nur Informationen \u00fcber die Anzahl der besuchten Seiten, die Stadt, der die IP-Adresse zugeordnet ist, von der aus auf sie zugegriffen wird, die Anzahl neuer Benutzer, die H\u00e4ufigkeit und Wiederkehr der Besuche, die Besuchszeit, den Browser oder der Betreiber oder die Art des Terminals, von dem aus der Besuch erfolgt. In keinem Fall werden Daten \u00fcber den Vor- und Nachnamen, die Postanschrift oder \u00e4hnliche Daten des angemeldeten Nutzers erhoben.<\/p>\n\n\n\n<p>Die auf dieser Website verwendeten Cookies werden von Google Analitycs generiert. Der Name und der spezifische Zweck jedes einzelnen von ihnen sind folgende:<\/p>\n\n\n\n<p>\u00b7 __utma: L\u00e4uft 2 Jahre nach der letzten Aktualisierung ab. Dieses Cookie generiert eine eindeutige Benutzer-ID und zeichnet das Datum sowie den ersten und letzten Besuch der Website durch den Benutzer auf. Es wird verwendet, um zu z\u00e4hlen, wie oft ein einzelner Benutzer die Website besucht.<\/p>\n\n\n\n<p>\u00b7 __utmb: L\u00e4uft 30 Minuten nach der letzten Aktualisierung ab. Dieses Cookie zeichnet die Ankunftszeit auf der Seite auf und l\u00e4uft 30 Minuten nach der letzten Aufzeichnung des Seitenaufrufs ab. Sie werden automatisch gel\u00f6scht, wenn Sie die Website wechseln oder den Browser schlie\u00dfen. Es wird verwendet, um die Verweildauer eines Benutzers auf einer Seite zu berechnen.<\/p>\n\n\n\n<p>\u00b7 __utmc: Dieses Cookie hat einen \u00e4hnlichen Zweck wie das vorherige, jedoch f\u00fcr Websites, auf denen der alte Tracking-Code urchin.js installiert ist.<\/p>\n\n\n\n<p>\u00b7 __utmz: L\u00e4uft nach 6 Monaten ab. Dieses Cookie speichert die Herkunft des Besuchers, den Pfad, \u00fcber den er auf die Website zugegriffen hat, sei es direkter Zugriff, \u00fcber einen Link auf einer anderen Website, \u00fcber einen E-Mail-Link, \u00fcber die Verwendung bestimmter Schl\u00fcsselw\u00f6rter in einer Suchmaschine usw eine Display-Kampagne oder \u00fcber eine AdWords-Anzeige. Dieses Cookie wird verwendet, um den Traffic zu berechnen, der von Suchmaschinen (organisch und PPC) kommt, Werbekampagnen anzuzeigen und innerhalb derselben Website zu navigieren (interne Links). Das Cookie wird bei jedem Besuch der Website aktualisiert.<\/p>\n\n\n\n<p>. Texto: Dieses Cookie ist daf\u00fcr verantwortlich, festzustellen, ob Sie die Cookie-Richtlinie bereits gelesen und ihrer Verwendung ausdr\u00fccklich zugestimmt haben; Auf diese Weise werden die Informationen \u00fcber sie bei sp\u00e4teren Besuchen der Website nicht erneut angezeigt. Sie k\u00f6nnen auf Ihrem Computer installierte Cookies zulassen, blockieren oder l\u00f6schen, indem Sie Ihre Browseroptionen konfigurieren. Informationen dazu, bezogen auf die g\u00e4ngigsten Browser, finden Sie unter den unten aufgef\u00fchrten Links:<\/p>\n\n\n\n<p>\u00b7 Explorer: http:\/\/windows.microsoft.com\/es-es\/windows7\/how-to-manage-cookies-in-internet-explorer-9<\/p>\n\n\n\n<p>\u00b7 Firefox: http:\/\/support.mozilla.org\/es\/products\/firefox\/cookies<\/p>\n\n\n\n<p>\u00b7 Chrome: http:\/\/support.google.com\/chrome\/bin\/answer.py?hl=es&amp;answer=95647<\/p>\n\n\n\n<p>\u00b7 Safari: http:\/\/support.apple.com\/kb\/ph5042<\/p>\n\n\n\n<p>Wir weisen Sie jedoch darauf hin, dass die Deaktivierung von Cookies m\u00f6glicherweise die Navigation oder die Bereitstellung der auf dieser Website angebotenen Dienste verhindert oder behindert.<\/p>\n","protected":false},"excerpt":{"rendered":"<p>Ein Cookie ist eine Datei, die auf Ihren Computer heruntergeladen wird, wenn Sie auf bestimmte Webseiten zugreifen. Cookies erm\u00f6glichen es einer Website unter anderem, Informationen \u00fcber die Surfgewohnheiten eines Benutzers oder seiner Ger\u00e4te zu speichern und abzurufen und k\u00f6nnen je nach den darin enthaltenen Informationen und der Art und Weise, wie seine Ger\u00e4te verwendet werden, [&hellip;]<\/p>\n","protected":false},"author":1,"featured_media":0,"parent":0,"menu_order":0,"comment_status":"closed","ping_status":"closed","template":"page-templates\/page-one-column.php","meta":{"_acf_changed":false,"footnotes":""},"class_list":["post-167439","page","type-page","status-publish","hentry"],"acf":[],"yoast_head":"<!-- This site is optimized with the Yoast SEO plugin v27.3 - https:\/\/yoast.com\/product\/yoast-seo-wordpress\/ -->\n<title>Cookies-richtlinie | Inverseteams<\/title>\n<meta name=\"robots\" content=\"index, follow, max-snippet:-1, max-image-preview:large, max-video-preview:-1\" \/>\n<link rel=\"canonical\" href=\"https:\/\/www.inverseteams.com\/de\/cookies-richtlinie\/\" \/>\n<meta property=\"og:locale\" content=\"de_DE\" \/>\n<meta property=\"og:type\" content=\"article\" \/>\n<meta property=\"og:title\" content=\"Cookies-richtlinie | Inverseteams\" \/>\n<meta property=\"og:description\" content=\"Ein Cookie ist eine Datei, die auf Ihren Computer heruntergeladen wird, wenn Sie auf bestimmte Webseiten zugreifen. Cookies erm\u00f6glichen es einer Website unter anderem, Informationen \u00fcber die Surfgewohnheiten eines Benutzers oder seiner Ger\u00e4te zu speichern und abzurufen und k\u00f6nnen je nach den darin enthaltenen Informationen und der Art und Weise, wie seine Ger\u00e4te verwendet werden, [&hellip;]\" \/>\n<meta property=\"og:url\" content=\"https:\/\/www.inverseteams.com\/de\/cookies-richtlinie\/\" \/>\n<meta property=\"og:site_name\" content=\"Inverseteams\" \/>\n<meta property=\"article:publisher\" content=\"https:\/\/www.facebook.com\/inverseteams\" \/>\n<meta property=\"article:modified_time\" content=\"2023-12-13T10:16:14+00:00\" \/>\n<meta name=\"twitter:card\" content=\"summary_large_image\" \/>\n<meta name=\"twitter:label1\" content=\"Gesch\u00e4tzte Lesezeit\" \/>\n\t<meta name=\"twitter:data1\" content=\"3\u00a0Minute\" \/>\n<script type=\"application\/ld+json\" class=\"yoast-schema-graph\">{\"@context\":\"https:\\\/\\\/schema.org\",\"@graph\":[{\"@type\":\"WebPage\",\"@id\":\"https:\\\/\\\/www.inverseteams.com\\\/de\\\/cookies-richtlinie\\\/\",\"url\":\"https:\\\/\\\/www.inverseteams.com\\\/de\\\/cookies-richtlinie\\\/\",\"name\":\"Cookies-richtlinie | Inverseteams\",\"isPartOf\":{\"@id\":\"https:\\\/\\\/www.inverseteams.com\\\/de\\\/#website\"},\"datePublished\":\"2021-01-15T10:47:08+00:00\",\"dateModified\":\"2023-12-13T10:16:14+00:00\",\"breadcrumb\":{\"@id\":\"https:\\\/\\\/www.inverseteams.com\\\/de\\\/cookies-richtlinie\\\/#breadcrumb\"},\"inLanguage\":\"de\",\"potentialAction\":[{\"@type\":\"ReadAction\",\"target\":[\"https:\\\/\\\/www.inverseteams.com\\\/de\\\/cookies-richtlinie\\\/\"]}]},{\"@type\":\"BreadcrumbList\",\"@id\":\"https:\\\/\\\/www.inverseteams.com\\\/de\\\/cookies-richtlinie\\\/#breadcrumb\",\"itemListElement\":[{\"@type\":\"ListItem\",\"position\":1,\"name\":\"Portada\",\"item\":\"https:\\\/\\\/www.inverseteams.com\\\/de\\\/\"},{\"@type\":\"ListItem\",\"position\":2,\"name\":\"Cookies-richtlinie\"}]},{\"@type\":\"WebSite\",\"@id\":\"https:\\\/\\\/www.inverseteams.com\\\/de\\\/#website\",\"url\":\"https:\\\/\\\/www.inverseteams.com\\\/de\\\/\",\"name\":\"Inverseteams\",\"description\":\"Tu marca de ropa deportiva personalizada\",\"publisher\":{\"@id\":\"https:\\\/\\\/www.inverseteams.com\\\/de\\\/#organization\"},\"potentialAction\":[{\"@type\":\"SearchAction\",\"target\":{\"@type\":\"EntryPoint\",\"urlTemplate\":\"https:\\\/\\\/www.inverseteams.com\\\/de\\\/?s={search_term_string}\"},\"query-input\":{\"@type\":\"PropertyValueSpecification\",\"valueRequired\":true,\"valueName\":\"search_term_string\"}}],\"inLanguage\":\"de\"},{\"@type\":\"Organization\",\"@id\":\"https:\\\/\\\/www.inverseteams.com\\\/de\\\/#organization\",\"name\":\"Inverse Teams\",\"url\":\"https:\\\/\\\/www.inverseteams.com\\\/de\\\/\",\"logo\":{\"@type\":\"ImageObject\",\"inLanguage\":\"de\",\"@id\":\"https:\\\/\\\/www.inverseteams.com\\\/de\\\/#\\\/schema\\\/logo\\\/image\\\/\",\"url\":\"http:\\\/\\\/www.inverseteams.com\\\/wp-content\\\/uploads\\\/2021\\\/03\\\/logo-inverse-teams.png\",\"contentUrl\":\"http:\\\/\\\/www.inverseteams.com\\\/wp-content\\\/uploads\\\/2021\\\/03\\\/logo-inverse-teams.png\",\"width\":294,\"height\":99,\"caption\":\"Inverse Teams\"},\"image\":{\"@id\":\"https:\\\/\\\/www.inverseteams.com\\\/de\\\/#\\\/schema\\\/logo\\\/image\\\/\"},\"sameAs\":[\"https:\\\/\\\/www.facebook.com\\\/inverseteams\",\"http:\\\/\\\/instagram.com\\\/inverseteams\",\"https:\\\/\\\/www.linkedin.com\\\/company\\\/inverse-cirosport-s-l-?trk=job_view_topcard_company_name\",\"http:\\\/\\\/www.pinterest.com\\\/inverseteams\\\/\",\"http:\\\/\\\/www.youtube.com\\\/user\\\/inverseteams?feature=watch\"]}]}<\/script>\n<!-- \/ Yoast SEO plugin. -->","yoast_head_json":{"title":"Cookies-richtlinie | Inverseteams","robots":{"index":"index","follow":"follow","max-snippet":"max-snippet:-1","max-image-preview":"max-image-preview:large","max-video-preview":"max-video-preview:-1"},"canonical":"https:\/\/www.inverseteams.com\/de\/cookies-richtlinie\/","og_locale":"de_DE","og_type":"article","og_title":"Cookies-richtlinie | Inverseteams","og_description":"Ein Cookie ist eine Datei, die auf Ihren Computer heruntergeladen wird, wenn Sie auf bestimmte Webseiten zugreifen. Cookies erm\u00f6glichen es einer Website unter anderem, Informationen \u00fcber die Surfgewohnheiten eines Benutzers oder seiner Ger\u00e4te zu speichern und abzurufen und k\u00f6nnen je nach den darin enthaltenen Informationen und der Art und Weise, wie seine Ger\u00e4te verwendet werden, [&hellip;]","og_url":"https:\/\/www.inverseteams.com\/de\/cookies-richtlinie\/","og_site_name":"Inverseteams","article_publisher":"https:\/\/www.facebook.com\/inverseteams","article_modified_time":"2023-12-13T10:16:14+00:00","twitter_card":"summary_large_image","twitter_misc":{"Gesch\u00e4tzte Lesezeit":"3\u00a0Minute"},"schema":{"@context":"https:\/\/schema.org","@graph":[{"@type":"WebPage","@id":"https:\/\/www.inverseteams.com\/de\/cookies-richtlinie\/","url":"https:\/\/www.inverseteams.com\/de\/cookies-richtlinie\/","name":"Cookies-richtlinie | Inverseteams","isPartOf":{"@id":"https:\/\/www.inverseteams.com\/de\/#website"},"datePublished":"2021-01-15T10:47:08+00:00","dateModified":"2023-12-13T10:16:14+00:00","breadcrumb":{"@id":"https:\/\/www.inverseteams.com\/de\/cookies-richtlinie\/#breadcrumb"},"inLanguage":"de","potentialAction":[{"@type":"ReadAction","target":["https:\/\/www.inverseteams.com\/de\/cookies-richtlinie\/"]}]},{"@type":"BreadcrumbList","@id":"https:\/\/www.inverseteams.com\/de\/cookies-richtlinie\/#breadcrumb","itemListElement":[{"@type":"ListItem","position":1,"name":"Portada","item":"https:\/\/www.inverseteams.com\/de\/"},{"@type":"ListItem","position":2,"name":"Cookies-richtlinie"}]},{"@type":"WebSite","@id":"https:\/\/www.inverseteams.com\/de\/#website","url":"https:\/\/www.inverseteams.com\/de\/","name":"Inverseteams","description":"Tu marca de ropa deportiva personalizada","publisher":{"@id":"https:\/\/www.inverseteams.com\/de\/#organization"},"potentialAction":[{"@type":"SearchAction","target":{"@type":"EntryPoint","urlTemplate":"https:\/\/www.inverseteams.com\/de\/?s={search_term_string}"},"query-input":{"@type":"PropertyValueSpecification","valueRequired":true,"valueName":"search_term_string"}}],"inLanguage":"de"},{"@type":"Organization","@id":"https:\/\/www.inverseteams.com\/de\/#organization","name":"Inverse Teams","url":"https:\/\/www.inverseteams.com\/de\/","logo":{"@type":"ImageObject","inLanguage":"de","@id":"https:\/\/www.inverseteams.com\/de\/#\/schema\/logo\/image\/","url":"https:\/\/www.inverseteams.com\/wp-content\/uploads\/2021\/03\/logo-inverse-teams.png","contentUrl":"https:\/\/www.inverseteams.com\/wp-content\/uploads\/2021\/03\/logo-inverse-teams.png","width":294,"height":99,"caption":"Inverse Teams"},"image":{"@id":"https:\/\/www.inverseteams.com\/de\/#\/schema\/logo\/image\/"},"sameAs":["https:\/\/www.facebook.com\/inverseteams","http:\/\/instagram.com\/inverseteams","https:\/\/www.linkedin.com\/company\/inverse-cirosport-s-l-?trk=job_view_topcard_company_name","http:\/\/www.pinterest.com\/inverseteams\/","http:\/\/www.youtube.com\/user\/inverseteams?feature=watch"]}]}},"_links":{"self":[{"href":"https:\/\/www.inverseteams.com\/de\/wp-json\/wp\/v2\/pages\/167439","targetHints":{"allow":["GET"]}}],"collection":[{"href":"https:\/\/www.inverseteams.com\/de\/wp-json\/wp\/v2\/pages"}],"about":[{"href":"https:\/\/www.inverseteams.com\/de\/wp-json\/wp\/v2\/types\/page"}],"author":[{"embeddable":true,"href":"https:\/\/www.inverseteams.com\/de\/wp-json\/wp\/v2\/users\/1"}],"replies":[{"embeddable":true,"href":"https:\/\/www.inverseteams.com\/de\/wp-json\/wp\/v2\/comments?post=167439"}],"version-history":[{"count":0,"href":"https:\/\/www.inverseteams.com\/de\/wp-json\/wp\/v2\/pages\/167439\/revisions"}],"wp:attachment":[{"href":"https:\/\/www.inverseteams.com\/de\/wp-json\/wp\/v2\/media?parent=167439"}],"curies":[{"name":"wp","href":"https:\/\/api.w.org\/{rel}","templated":true}]}}