{"id":167289,"date":"2021-01-29T11:58:54","date_gmt":"2021-01-29T11:58:54","guid":{"rendered":"https:\/\/www.inverseteams.com\/historia\/"},"modified":"2023-12-13T11:04:54","modified_gmt":"2023-12-13T11:04:54","slug":"geschichte","status":"publish","type":"page","link":"https:\/\/www.inverseteams.com\/de\/geschichte\/","title":{"rendered":"Geschichte"},"content":{"rendered":"<div class=\"wrapper-heading\">\n<h1 class=\"wp-block-heading\">INVERSE, seit 1969<\/h1>\n<\/div>\n\n\n<p>Die Urspr\u00fcnge einer Marke wie Inverse k\u00f6nnten nicht durch die Existenz einer Leidenschaft erkl\u00e4rt werden \u2026 Joaquim Sabat\u00e9s Leidenschaft f\u00fcr Radfahren und Sport. Eine Leidenschaft, die er an seine gesamte Familie und Freunde weitergeben konnte und die die Familie Sabat\u00e9 am Leben erh\u00e4lt, indem sie das Motto des Firmengr\u00fcnders \u201eImmer nach vorne schauen\u201c konsequent umsetzt, mit neuen Produkten innoviert und die Produktion personalisierter Sportbekleidung einbezieht. wie Triathlon, Laufen, Skifahren, Trailrunning oder Bowling.<\/p>\n","protected":false},"excerpt":{"rendered":"<p>INVERSE, seit 1969 Die Urspr\u00fcnge einer Marke wie Inverse k\u00f6nnten nicht durch die Existenz einer Leidenschaft erkl\u00e4rt werden \u2026 Joaquim Sabat\u00e9s Leidenschaft f\u00fcr Radfahren und Sport. Eine Leidenschaft, die er an seine gesamte Familie und Freunde weitergeben konnte und die die Familie Sabat\u00e9 am Leben erh\u00e4lt, indem sie das Motto des Firmengr\u00fcnders \u201eImmer nach vorne [&hellip;]<\/p>\n","protected":false},"author":1,"featured_media":0,"parent":0,"menu_order":0,"comment_status":"closed","ping_status":"closed","template":"page-templates\/page-history.php","meta":{"_acf_changed":false,"footnotes":""},"class_list":["post-167289","page","type-page","status-publish","hentry"],"acf":[],"yoast_head":"<!-- This site is optimized with the Yoast SEO plugin v27.3 - https:\/\/yoast.com\/product\/yoast-seo-wordpress\/ -->\n<title>Geschichte | Inverseteams<\/title>\n<meta name=\"robots\" content=\"index, follow, max-snippet:-1, max-image-preview:large, max-video-preview:-1\" \/>\n<link rel=\"canonical\" href=\"https:\/\/www.inverseteams.com\/de\/geschichte\/\" \/>\n<meta property=\"og:locale\" content=\"de_DE\" \/>\n<meta property=\"og:type\" content=\"article\" \/>\n<meta property=\"og:title\" content=\"Geschichte | Inverseteams\" \/>\n<meta property=\"og:description\" content=\"INVERSE, seit 1969 Die Urspr\u00fcnge einer Marke wie Inverse k\u00f6nnten nicht durch die Existenz einer Leidenschaft erkl\u00e4rt werden \u2026 Joaquim Sabat\u00e9s Leidenschaft f\u00fcr Radfahren und Sport. Eine Leidenschaft, die er an seine gesamte Familie und Freunde weitergeben konnte und die die Familie Sabat\u00e9 am Leben erh\u00e4lt, indem sie das Motto des Firmengr\u00fcnders \u201eImmer nach vorne [&hellip;]\" \/>\n<meta property=\"og:url\" content=\"https:\/\/www.inverseteams.com\/de\/geschichte\/\" \/>\n<meta property=\"og:site_name\" content=\"Inverseteams\" \/>\n<meta property=\"article:publisher\" content=\"https:\/\/www.facebook.com\/inverseteams\" \/>\n<meta property=\"article:modified_time\" content=\"2023-12-13T11:04:54+00:00\" \/>\n<meta name=\"twitter:card\" content=\"summary_large_image\" \/>\n<meta name=\"twitter:label1\" content=\"Gesch\u00e4tzte Lesezeit\" \/>\n\t<meta name=\"twitter:data1\" content=\"1\u00a0Minute\" \/>\n<script type=\"application\/ld+json\" class=\"yoast-schema-graph\">{\"@context\":\"https:\\\/\\\/schema.org\",\"@graph\":[{\"@type\":\"WebPage\",\"@id\":\"https:\\\/\\\/www.inverseteams.com\\\/de\\\/geschichte\\\/\",\"url\":\"https:\\\/\\\/www.inverseteams.com\\\/de\\\/geschichte\\\/\",\"name\":\"Geschichte | Inverseteams\",\"isPartOf\":{\"@id\":\"https:\\\/\\\/www.inverseteams.com\\\/de\\\/#website\"},\"datePublished\":\"2021-01-29T11:58:54+00:00\",\"dateModified\":\"2023-12-13T11:04:54+00:00\",\"breadcrumb\":{\"@id\":\"https:\\\/\\\/www.inverseteams.com\\\/de\\\/geschichte\\\/#breadcrumb\"},\"inLanguage\":\"de\",\"potentialAction\":[{\"@type\":\"ReadAction\",\"target\":[\"https:\\\/\\\/www.inverseteams.com\\\/de\\\/geschichte\\\/\"]}]},{\"@type\":\"BreadcrumbList\",\"@id\":\"https:\\\/\\\/www.inverseteams.com\\\/de\\\/geschichte\\\/#breadcrumb\",\"itemListElement\":[{\"@type\":\"ListItem\",\"position\":1,\"name\":\"Portada\",\"item\":\"https:\\\/\\\/www.inverseteams.com\\\/de\\\/\"},{\"@type\":\"ListItem\",\"position\":2,\"name\":\"Geschichte\"}]},{\"@type\":\"WebSite\",\"@id\":\"https:\\\/\\\/www.inverseteams.com\\\/de\\\/#website\",\"url\":\"https:\\\/\\\/www.inverseteams.com\\\/de\\\/\",\"name\":\"Inverseteams\",\"description\":\"Tu marca de ropa deportiva personalizada\",\"publisher\":{\"@id\":\"https:\\\/\\\/www.inverseteams.com\\\/de\\\/#organization\"},\"potentialAction\":[{\"@type\":\"SearchAction\",\"target\":{\"@type\":\"EntryPoint\",\"urlTemplate\":\"https:\\\/\\\/www.inverseteams.com\\\/de\\\/?s={search_term_string}\"},\"query-input\":{\"@type\":\"PropertyValueSpecification\",\"valueRequired\":true,\"valueName\":\"search_term_string\"}}],\"inLanguage\":\"de\"},{\"@type\":\"Organization\",\"@id\":\"https:\\\/\\\/www.inverseteams.com\\\/de\\\/#organization\",\"name\":\"Inverse Teams\",\"url\":\"https:\\\/\\\/www.inverseteams.com\\\/de\\\/\",\"logo\":{\"@type\":\"ImageObject\",\"inLanguage\":\"de\",\"@id\":\"https:\\\/\\\/www.inverseteams.com\\\/de\\\/#\\\/schema\\\/logo\\\/image\\\/\",\"url\":\"https:\\\/\\\/www.inverseteams.com\\\/wp-content\\\/uploads\\\/2021\\\/03\\\/logo-inverse-teams.png\",\"contentUrl\":\"https:\\\/\\\/www.inverseteams.com\\\/wp-content\\\/uploads\\\/2021\\\/03\\\/logo-inverse-teams.png\",\"width\":294,\"height\":99,\"caption\":\"Inverse Teams\"},\"image\":{\"@id\":\"https:\\\/\\\/www.inverseteams.com\\\/de\\\/#\\\/schema\\\/logo\\\/image\\\/\"},\"sameAs\":[\"https:\\\/\\\/www.facebook.com\\\/inverseteams\",\"http:\\\/\\\/instagram.com\\\/inverseteams\",\"https:\\\/\\\/www.linkedin.com\\\/company\\\/inverse-cirosport-s-l-?trk=job_view_topcard_company_name\",\"http:\\\/\\\/www.pinterest.com\\\/inverseteams\\\/\",\"http:\\\/\\\/www.youtube.com\\\/user\\\/inverseteams?feature=watch\"]}]}<\/script>\n<!-- \/ Yoast SEO plugin. -->","yoast_head_json":{"title":"Geschichte | Inverseteams","robots":{"index":"index","follow":"follow","max-snippet":"max-snippet:-1","max-image-preview":"max-image-preview:large","max-video-preview":"max-video-preview:-1"},"canonical":"https:\/\/www.inverseteams.com\/de\/geschichte\/","og_locale":"de_DE","og_type":"article","og_title":"Geschichte | Inverseteams","og_description":"INVERSE, seit 1969 Die Urspr\u00fcnge einer Marke wie Inverse k\u00f6nnten nicht durch die Existenz einer Leidenschaft erkl\u00e4rt werden \u2026 Joaquim Sabat\u00e9s Leidenschaft f\u00fcr Radfahren und Sport. Eine Leidenschaft, die er an seine gesamte Familie und Freunde weitergeben konnte und die die Familie Sabat\u00e9 am Leben erh\u00e4lt, indem sie das Motto des Firmengr\u00fcnders \u201eImmer nach vorne [&hellip;]","og_url":"https:\/\/www.inverseteams.com\/de\/geschichte\/","og_site_name":"Inverseteams","article_publisher":"https:\/\/www.facebook.com\/inverseteams","article_modified_time":"2023-12-13T11:04:54+00:00","twitter_card":"summary_large_image","twitter_misc":{"Gesch\u00e4tzte Lesezeit":"1\u00a0Minute"},"schema":{"@context":"https:\/\/schema.org","@graph":[{"@type":"WebPage","@id":"https:\/\/www.inverseteams.com\/de\/geschichte\/","url":"https:\/\/www.inverseteams.com\/de\/geschichte\/","name":"Geschichte | Inverseteams","isPartOf":{"@id":"https:\/\/www.inverseteams.com\/de\/#website"},"datePublished":"2021-01-29T11:58:54+00:00","dateModified":"2023-12-13T11:04:54+00:00","breadcrumb":{"@id":"https:\/\/www.inverseteams.com\/de\/geschichte\/#breadcrumb"},"inLanguage":"de","potentialAction":[{"@type":"ReadAction","target":["https:\/\/www.inverseteams.com\/de\/geschichte\/"]}]},{"@type":"BreadcrumbList","@id":"https:\/\/www.inverseteams.com\/de\/geschichte\/#breadcrumb","itemListElement":[{"@type":"ListItem","position":1,"name":"Portada","item":"https:\/\/www.inverseteams.com\/de\/"},{"@type":"ListItem","position":2,"name":"Geschichte"}]},{"@type":"WebSite","@id":"https:\/\/www.inverseteams.com\/de\/#website","url":"https:\/\/www.inverseteams.com\/de\/","name":"Inverseteams","description":"Tu marca de ropa deportiva personalizada","publisher":{"@id":"https:\/\/www.inverseteams.com\/de\/#organization"},"potentialAction":[{"@type":"SearchAction","target":{"@type":"EntryPoint","urlTemplate":"https:\/\/www.inverseteams.com\/de\/?s={search_term_string}"},"query-input":{"@type":"PropertyValueSpecification","valueRequired":true,"valueName":"search_term_string"}}],"inLanguage":"de"},{"@type":"Organization","@id":"https:\/\/www.inverseteams.com\/de\/#organization","name":"Inverse Teams","url":"https:\/\/www.inverseteams.com\/de\/","logo":{"@type":"ImageObject","inLanguage":"de","@id":"https:\/\/www.inverseteams.com\/de\/#\/schema\/logo\/image\/","url":"https:\/\/www.inverseteams.com\/wp-content\/uploads\/2021\/03\/logo-inverse-teams.png","contentUrl":"https:\/\/www.inverseteams.com\/wp-content\/uploads\/2021\/03\/logo-inverse-teams.png","width":294,"height":99,"caption":"Inverse Teams"},"image":{"@id":"https:\/\/www.inverseteams.com\/de\/#\/schema\/logo\/image\/"},"sameAs":["https:\/\/www.facebook.com\/inverseteams","http:\/\/instagram.com\/inverseteams","https:\/\/www.linkedin.com\/company\/inverse-cirosport-s-l-?trk=job_view_topcard_company_name","http:\/\/www.pinterest.com\/inverseteams\/","http:\/\/www.youtube.com\/user\/inverseteams?feature=watch"]}]}},"_links":{"self":[{"href":"https:\/\/www.inverseteams.com\/de\/wp-json\/wp\/v2\/pages\/167289","targetHints":{"allow":["GET"]}}],"collection":[{"href":"https:\/\/www.inverseteams.com\/de\/wp-json\/wp\/v2\/pages"}],"about":[{"href":"https:\/\/www.inverseteams.com\/de\/wp-json\/wp\/v2\/types\/page"}],"author":[{"embeddable":true,"href":"https:\/\/www.inverseteams.com\/de\/wp-json\/wp\/v2\/users\/1"}],"replies":[{"embeddable":true,"href":"https:\/\/www.inverseteams.com\/de\/wp-json\/wp\/v2\/comments?post=167289"}],"version-history":[{"count":0,"href":"https:\/\/www.inverseteams.com\/de\/wp-json\/wp\/v2\/pages\/167289\/revisions"}],"wp:attachment":[{"href":"https:\/\/www.inverseteams.com\/de\/wp-json\/wp\/v2\/media?parent=167289"}],"curies":[{"name":"wp","href":"https:\/\/api.w.org\/{rel}","templated":true}]}}