{"id":166716,"date":"2021-10-29T10:18:53","date_gmt":"2021-10-29T10:18:53","guid":{"rendered":"https:\/\/www.inverseteams.com\/devoluciones-2\/"},"modified":"2024-03-27T15:31:27","modified_gmt":"2024-03-27T15:31:27","slug":"rueckgaben-und-rueckerstattungen","status":"publish","type":"page","link":"https:\/\/www.inverseteams.com\/de\/rueckgaben-und-rueckerstattungen\/","title":{"rendered":"R\u00fcckgaben und R\u00fcckerstattungen"},"content":{"rendered":"<h2>1.- Widerrufsrecht.<\/h2>\n<p>1.1.- Der KUNDE hat das Recht, innerhalb einer Frist von 14 Kalendertagen ohne Notwendigkeit von diesem Vertrag zur\u00fcckzutreten<br \/>\nRechtfertigung.<br \/>\nDie Widerrufsfrist betr\u00e4gt 14 Kalendertage ab dem Tag, an dem DER KUNDE oder ein von ihm benannter Dritter, der nicht der Bef\u00f6rderer ist, die letzte Ware in Besitz genommen hat. Aus hygienischen Gr\u00fcnden ist das Widerrufsrecht beim Kauf von Produkten, die unter Unterw\u00e4sche sowie Verbrauchsg\u00fctern zu verstehen sind, ausgeschlossen.<\/p>\n<p>1.2.- Um das Widerrufsrecht auszu\u00fcben, m\u00fcssen Sie dies benachrichtigen<\/p>\n<p>CIRO SPORT, SL<br \/>\nPol. Ind. Can Magarola C\/ Congost, 16<br \/>\n08100 Mollet del Vall\u00e8s (Barcelona)<br \/>\n00 34 935 795 021 (aus dem Ausland) 935 795 021 (aus Spanien)<br \/>\natencionalcliente@inverseteams.com<\/p>\n<p>Ihren Entschluss, den Vertrag zu widerrufen, durch eine eindeutige Erkl\u00e4rung (z. B. ein mit der Post versandter Brief oder E-Mail) mitteilen. Wir werden Sie unverz\u00fcglich auf einem dauerhaften Datentr\u00e4ger (z. B. per E-Mail) \u00fcber den Eingang des Widerrufs informieren.<br \/>\nZur Wahrung der Widerrufsfrist reicht es aus, dass Sie die Mitteilung \u00fcber die Aus\u00fcbung Ihres Rechts vor Ablauf der Widerrufsfrist absenden.<\/p>\n<p>1.3.- Der KUNDE kann alle Produkte mit Ausnahme der angegebenen zur\u00fcckgeben, sofern sie nicht verwendet wurden und ihre Originalversiegelung oder -verpackung behalten.<\/p>\n<p>1.4.- Wenn das an den KUNDEN gelieferte Produkt von dem angeforderten abweicht, wird es kostenlos durch das richtige Produkt ersetzt, und zwar auf die gleiche Weise, als ob das gelieferte Produkt kaputt, besch\u00e4digt oder in schlechtem Zustand w\u00e4re. Im letzteren Fall muss der KUNDE dies schriftlich auf dem Lieferschein vermerken und innerhalb von maximal 48 Stunden eine E-Mail an die Adresse atencionalcliente@inverseteams.com senden, in der die Referenz des Kaufvertrags und dessen Betrag angegeben und beigef\u00fcgt werden eine Kopie der Rechnung, da CIRO SPORT das Transportunternehmen informieren und Schadensersatz verlangen muss, wenn sie dadurch verursacht wurden. Wenn der KUNDE eventuell festgestellte Vorkommnisse nicht meldet, haftet CIRO SPORT nicht f\u00fcr entstandene Sch\u00e4den.<\/p>\n<h2>2.- Geldr\u00fcckerstattung.<\/h2>\n<p>2.1.- Im Falle eines R\u00fccktritts Ihrerseits erstatten wir alle von Ihnen erhaltenen Zahlungen unverz\u00fcglich und in jedem Fall sp\u00e4testens 14 Kalendertage ab dem Datum, an dem wir \u00fcber Ihre Entscheidung zum R\u00fccktritt informiert werden aus diesem Vertrag. F\u00fcr die R\u00fcckerstattung verwenden wir dieselbe Zahlungsmethode, die Sie bei der urspr\u00fcnglichen Transaktion verwendet haben, sofern Sie nicht ausdr\u00fccklich etwas anderes angegeben haben; In jedem Fall entstehen Ihnen durch die R\u00fcckzahlung keine Kosten. Wir k\u00f6nnen die R\u00fcckzahlung verweigern, bis wir die Waren wieder zur\u00fcckerhalten haben oder bis Sie den Nachweis \u00fcber die R\u00fccksendung der Waren erbracht haben, je nachdem, welche Voraussetzung zuerst eintritt.<br \/>\nSie m\u00fcssen die Ware direkt an uns zur\u00fccksenden oder liefern<\/p>\n<p>CIRO SPORT, SL<br \/>\nPol. Ind. Can Magarola C\/ Congost, 16<br \/>\n08100 Mollet del Vall\u00e8s (Barcelona)<\/p>\n<p>unverz\u00fcglich und in jedem Fall sp\u00e4testens 14 Kalendertage ab dem Datum, an dem Sie uns \u00fcber Ihre Entscheidung zum R\u00fccktritt vom Vertrag informieren. Die Frist gilt als gewahrt, wenn Sie die Ware vor Ablauf der Frist zur\u00fccksenden. [Sie m\u00fcssen die unmittelbaren Kosten der R\u00fccksendung der Waren tragen].<br \/>\nSie m\u00fcssen f\u00fcr einen etwaigen Wertverlust der Waren nur aufkommen, wenn dieser Wertverlust auf einen zur Pr\u00fcfung der Beschaffenheit, Eigenschaften und Funktionsweise der Waren nicht notwendigen Umgang mit ihnen zur\u00fcckzuf\u00fchren ist.<\/p>\n<p>2.2.- F\u00fcr alle Aspekte im Zusammenhang mit der R\u00fcckgabe von \u00fcber die SITE gekauften Produkten kann sich der KUNDE per E-Mail an die Adresse atencionalcliente@inverseteams.com oder telefonisch unter 00 34 935 795 021 (aus dem Ausland) und 935 795 021 an den KUNDENDIENST wenden (aus Spanien), wo Sie die entsprechenden Anweisungen erhalten.<\/p>\n<p>2.3.- CIRO SPORT beh\u00e4lt sich das Recht vor, nach Ablauf der festgelegten Frist \u00fcbermittelte oder versandte R\u00fccksendungen oder Kleidungsst\u00fccke, die sich nicht im gleichen Zustand befinden, in dem sie erhalten wurden, abzulehnen.<\/p>\n<h2>3.- Gr\u00f6\u00dfen\u00e4nderung.<\/h2>\n<p>Wenn Sie einen Artikel umtauschen m\u00f6chten, weil er nicht zu Ihrer Gr\u00f6\u00dfe passt, m\u00fcssen Sie dies beantragen, indem Sie eine E-Mail an atencionalcliente@inverseteams.com senden und dabei die Referenz des Kaufvertrags und den Betrag angeben, eine Kopie der Rechnung beif\u00fcgen und angeben Gr\u00f6\u00dfe, die Sie gekauft haben, und die Gr\u00f6\u00dfe, die wir Ihnen zusenden sollen. Aus hygienischen Gr\u00fcnden sind Produkte, die als Unterw\u00e4sche sowie Verbrauchsg\u00fcter zu verstehen sind, von der R\u00fcckgabe oder dem Umtausch ausgeschlossen.<\/p>\n<p>Nachdem wir das Kleidungsst\u00fcck bei Ihnen zu Hause abgeholt haben und es bei CIRO SPORT eingetroffen ist, pr\u00fcfen wir, ob es sich in einwandfreiem Zustand befindet, und k\u00fcmmern uns um den Versand des neuen Kleidungsst\u00fccks. Dieser gesamte Vorgang dauert je nach der Adresse, an der das Produkt gekauft wird, unterschiedlich lange.<\/p>\n<p>Wenn Sie Fragen zu einer bestimmten \u00c4nderung haben, k\u00f6nnen Sie sich an unser Kundendienstzentrum unter atencionalcliente@inverseteams.com oder telefonisch unter 00 34 935 795 021 (aus dem Ausland) und 935 795 021 (aus Spanien).<\/p>\n<h2><\/h2>\n","protected":false},"excerpt":{"rendered":"<p>1.- Widerrufsrecht. 1.1.- Der KUNDE hat das Recht, innerhalb einer Frist von 14 Kalendertagen ohne Notwendigkeit von diesem Vertrag zur\u00fcckzutreten Rechtfertigung. Die Widerrufsfrist betr\u00e4gt 14 Kalendertage ab dem Tag, an dem DER KUNDE oder ein von ihm benannter Dritter, der nicht der Bef\u00f6rderer ist, die letzte Ware in Besitz genommen hat. Aus hygienischen Gr\u00fcnden ist [&hellip;]<\/p>\n","protected":false},"author":1,"featured_media":0,"parent":0,"menu_order":0,"comment_status":"closed","ping_status":"closed","template":"page-templates\/page-tabs.php","meta":{"_acf_changed":false,"footnotes":""},"class_list":["post-166716","page","type-page","status-publish","hentry"],"acf":[],"yoast_head":"<!-- This site is optimized with the Yoast SEO plugin v27.3 - https:\/\/yoast.com\/product\/yoast-seo-wordpress\/ -->\n<title>R\u00fcckgaben und R\u00fcckerstattungen | Inverseteams<\/title>\n<meta name=\"robots\" content=\"index, follow, max-snippet:-1, max-image-preview:large, max-video-preview:-1\" \/>\n<link rel=\"canonical\" href=\"https:\/\/www.inverseteams.com\/de\/rueckgaben-und-rueckerstattungen\/\" \/>\n<meta property=\"og:locale\" content=\"de_DE\" \/>\n<meta property=\"og:type\" content=\"article\" \/>\n<meta property=\"og:title\" content=\"R\u00fcckgaben und R\u00fcckerstattungen | Inverseteams\" \/>\n<meta property=\"og:description\" content=\"1.- Widerrufsrecht. 1.1.- Der KUNDE hat das Recht, innerhalb einer Frist von 14 Kalendertagen ohne Notwendigkeit von diesem Vertrag zur\u00fcckzutreten Rechtfertigung. Die Widerrufsfrist betr\u00e4gt 14 Kalendertage ab dem Tag, an dem DER KUNDE oder ein von ihm benannter Dritter, der nicht der Bef\u00f6rderer ist, die letzte Ware in Besitz genommen hat. Aus hygienischen Gr\u00fcnden ist [&hellip;]\" \/>\n<meta property=\"og:url\" content=\"https:\/\/www.inverseteams.com\/de\/rueckgaben-und-rueckerstattungen\/\" \/>\n<meta property=\"og:site_name\" content=\"Inverseteams\" \/>\n<meta property=\"article:publisher\" content=\"https:\/\/www.facebook.com\/inverseteams\" \/>\n<meta property=\"article:modified_time\" content=\"2024-03-27T15:31:27+00:00\" \/>\n<meta name=\"twitter:card\" content=\"summary_large_image\" \/>\n<meta name=\"twitter:label1\" content=\"Gesch\u00e4tzte Lesezeit\" \/>\n\t<meta name=\"twitter:data1\" content=\"4\u00a0Minute\" \/>\n<script type=\"application\/ld+json\" class=\"yoast-schema-graph\">{\"@context\":\"https:\\\/\\\/schema.org\",\"@graph\":[{\"@type\":\"WebPage\",\"@id\":\"https:\\\/\\\/www.inverseteams.com\\\/de\\\/rueckgaben-und-rueckerstattungen\\\/\",\"url\":\"https:\\\/\\\/www.inverseteams.com\\\/de\\\/rueckgaben-und-rueckerstattungen\\\/\",\"name\":\"R\u00fcckgaben und R\u00fcckerstattungen | Inverseteams\",\"isPartOf\":{\"@id\":\"https:\\\/\\\/www.inverseteams.com\\\/de\\\/#website\"},\"datePublished\":\"2021-10-29T10:18:53+00:00\",\"dateModified\":\"2024-03-27T15:31:27+00:00\",\"breadcrumb\":{\"@id\":\"https:\\\/\\\/www.inverseteams.com\\\/de\\\/rueckgaben-und-rueckerstattungen\\\/#breadcrumb\"},\"inLanguage\":\"de\",\"potentialAction\":[{\"@type\":\"ReadAction\",\"target\":[\"https:\\\/\\\/www.inverseteams.com\\\/de\\\/rueckgaben-und-rueckerstattungen\\\/\"]}]},{\"@type\":\"BreadcrumbList\",\"@id\":\"https:\\\/\\\/www.inverseteams.com\\\/de\\\/rueckgaben-und-rueckerstattungen\\\/#breadcrumb\",\"itemListElement\":[{\"@type\":\"ListItem\",\"position\":1,\"name\":\"Portada\",\"item\":\"https:\\\/\\\/www.inverseteams.com\\\/de\\\/\"},{\"@type\":\"ListItem\",\"position\":2,\"name\":\"R\u00fcckgaben und R\u00fcckerstattungen\"}]},{\"@type\":\"WebSite\",\"@id\":\"https:\\\/\\\/www.inverseteams.com\\\/de\\\/#website\",\"url\":\"https:\\\/\\\/www.inverseteams.com\\\/de\\\/\",\"name\":\"Inverseteams\",\"description\":\"Tu marca de ropa deportiva personalizada\",\"publisher\":{\"@id\":\"https:\\\/\\\/www.inverseteams.com\\\/de\\\/#organization\"},\"potentialAction\":[{\"@type\":\"SearchAction\",\"target\":{\"@type\":\"EntryPoint\",\"urlTemplate\":\"https:\\\/\\\/www.inverseteams.com\\\/de\\\/?s={search_term_string}\"},\"query-input\":{\"@type\":\"PropertyValueSpecification\",\"valueRequired\":true,\"valueName\":\"search_term_string\"}}],\"inLanguage\":\"de\"},{\"@type\":\"Organization\",\"@id\":\"https:\\\/\\\/www.inverseteams.com\\\/de\\\/#organization\",\"name\":\"Inverse Teams\",\"url\":\"https:\\\/\\\/www.inverseteams.com\\\/de\\\/\",\"logo\":{\"@type\":\"ImageObject\",\"inLanguage\":\"de\",\"@id\":\"https:\\\/\\\/www.inverseteams.com\\\/de\\\/#\\\/schema\\\/logo\\\/image\\\/\",\"url\":\"http:\\\/\\\/www.inverseteams.com\\\/wp-content\\\/uploads\\\/2021\\\/03\\\/logo-inverse-teams.png\",\"contentUrl\":\"http:\\\/\\\/www.inverseteams.com\\\/wp-content\\\/uploads\\\/2021\\\/03\\\/logo-inverse-teams.png\",\"width\":294,\"height\":99,\"caption\":\"Inverse Teams\"},\"image\":{\"@id\":\"https:\\\/\\\/www.inverseteams.com\\\/de\\\/#\\\/schema\\\/logo\\\/image\\\/\"},\"sameAs\":[\"https:\\\/\\\/www.facebook.com\\\/inverseteams\",\"http:\\\/\\\/instagram.com\\\/inverseteams\",\"https:\\\/\\\/www.linkedin.com\\\/company\\\/inverse-cirosport-s-l-?trk=job_view_topcard_company_name\",\"http:\\\/\\\/www.pinterest.com\\\/inverseteams\\\/\",\"http:\\\/\\\/www.youtube.com\\\/user\\\/inverseteams?feature=watch\"]}]}<\/script>\n<!-- \/ Yoast SEO plugin. -->","yoast_head_json":{"title":"R\u00fcckgaben und R\u00fcckerstattungen | Inverseteams","robots":{"index":"index","follow":"follow","max-snippet":"max-snippet:-1","max-image-preview":"max-image-preview:large","max-video-preview":"max-video-preview:-1"},"canonical":"https:\/\/www.inverseteams.com\/de\/rueckgaben-und-rueckerstattungen\/","og_locale":"de_DE","og_type":"article","og_title":"R\u00fcckgaben und R\u00fcckerstattungen | Inverseteams","og_description":"1.- Widerrufsrecht. 1.1.- Der KUNDE hat das Recht, innerhalb einer Frist von 14 Kalendertagen ohne Notwendigkeit von diesem Vertrag zur\u00fcckzutreten Rechtfertigung. Die Widerrufsfrist betr\u00e4gt 14 Kalendertage ab dem Tag, an dem DER KUNDE oder ein von ihm benannter Dritter, der nicht der Bef\u00f6rderer ist, die letzte Ware in Besitz genommen hat. Aus hygienischen Gr\u00fcnden ist [&hellip;]","og_url":"https:\/\/www.inverseteams.com\/de\/rueckgaben-und-rueckerstattungen\/","og_site_name":"Inverseteams","article_publisher":"https:\/\/www.facebook.com\/inverseteams","article_modified_time":"2024-03-27T15:31:27+00:00","twitter_card":"summary_large_image","twitter_misc":{"Gesch\u00e4tzte Lesezeit":"4\u00a0Minute"},"schema":{"@context":"https:\/\/schema.org","@graph":[{"@type":"WebPage","@id":"https:\/\/www.inverseteams.com\/de\/rueckgaben-und-rueckerstattungen\/","url":"https:\/\/www.inverseteams.com\/de\/rueckgaben-und-rueckerstattungen\/","name":"R\u00fcckgaben und R\u00fcckerstattungen | Inverseteams","isPartOf":{"@id":"https:\/\/www.inverseteams.com\/de\/#website"},"datePublished":"2021-10-29T10:18:53+00:00","dateModified":"2024-03-27T15:31:27+00:00","breadcrumb":{"@id":"https:\/\/www.inverseteams.com\/de\/rueckgaben-und-rueckerstattungen\/#breadcrumb"},"inLanguage":"de","potentialAction":[{"@type":"ReadAction","target":["https:\/\/www.inverseteams.com\/de\/rueckgaben-und-rueckerstattungen\/"]}]},{"@type":"BreadcrumbList","@id":"https:\/\/www.inverseteams.com\/de\/rueckgaben-und-rueckerstattungen\/#breadcrumb","itemListElement":[{"@type":"ListItem","position":1,"name":"Portada","item":"https:\/\/www.inverseteams.com\/de\/"},{"@type":"ListItem","position":2,"name":"R\u00fcckgaben und R\u00fcckerstattungen"}]},{"@type":"WebSite","@id":"https:\/\/www.inverseteams.com\/de\/#website","url":"https:\/\/www.inverseteams.com\/de\/","name":"Inverseteams","description":"Tu marca de ropa deportiva personalizada","publisher":{"@id":"https:\/\/www.inverseteams.com\/de\/#organization"},"potentialAction":[{"@type":"SearchAction","target":{"@type":"EntryPoint","urlTemplate":"https:\/\/www.inverseteams.com\/de\/?s={search_term_string}"},"query-input":{"@type":"PropertyValueSpecification","valueRequired":true,"valueName":"search_term_string"}}],"inLanguage":"de"},{"@type":"Organization","@id":"https:\/\/www.inverseteams.com\/de\/#organization","name":"Inverse Teams","url":"https:\/\/www.inverseteams.com\/de\/","logo":{"@type":"ImageObject","inLanguage":"de","@id":"https:\/\/www.inverseteams.com\/de\/#\/schema\/logo\/image\/","url":"https:\/\/www.inverseteams.com\/wp-content\/uploads\/2021\/03\/logo-inverse-teams.png","contentUrl":"https:\/\/www.inverseteams.com\/wp-content\/uploads\/2021\/03\/logo-inverse-teams.png","width":294,"height":99,"caption":"Inverse Teams"},"image":{"@id":"https:\/\/www.inverseteams.com\/de\/#\/schema\/logo\/image\/"},"sameAs":["https:\/\/www.facebook.com\/inverseteams","http:\/\/instagram.com\/inverseteams","https:\/\/www.linkedin.com\/company\/inverse-cirosport-s-l-?trk=job_view_topcard_company_name","http:\/\/www.pinterest.com\/inverseteams\/","http:\/\/www.youtube.com\/user\/inverseteams?feature=watch"]}]}},"_links":{"self":[{"href":"https:\/\/www.inverseteams.com\/de\/wp-json\/wp\/v2\/pages\/166716","targetHints":{"allow":["GET"]}}],"collection":[{"href":"https:\/\/www.inverseteams.com\/de\/wp-json\/wp\/v2\/pages"}],"about":[{"href":"https:\/\/www.inverseteams.com\/de\/wp-json\/wp\/v2\/types\/page"}],"author":[{"embeddable":true,"href":"https:\/\/www.inverseteams.com\/de\/wp-json\/wp\/v2\/users\/1"}],"replies":[{"embeddable":true,"href":"https:\/\/www.inverseteams.com\/de\/wp-json\/wp\/v2\/comments?post=166716"}],"version-history":[{"count":0,"href":"https:\/\/www.inverseteams.com\/de\/wp-json\/wp\/v2\/pages\/166716\/revisions"}],"wp:attachment":[{"href":"https:\/\/www.inverseteams.com\/de\/wp-json\/wp\/v2\/media?parent=166716"}],"curies":[{"name":"wp","href":"https:\/\/api.w.org\/{rel}","templated":true}]}}