{"id":87037,"date":"2022-07-21T07:46:36","date_gmt":"2022-07-21T07:48:05","guid":{"rendered":"https:\/\/www.inverseteams.com\/?post_type=product&#038;p=87037"},"modified":"2022-07-21T08:02:51","modified_gmt":"2022-07-21T08:02:51","slug":"pantalo-esqui-de-muntanya-skimo","status":"publish","type":"product","link":"https:\/\/www.inverseteams.com\/ca\/producte\/pantalo-esqui-de-muntanya-skimo\/","title":{"rendered":"Pantal\u00f3 esqu\u00ed de muntanya SKIMO"},"content":{"rendered":"<p>Pantal\u00f3 d\u2019esqu\u00ed de muntanya el\u00e0stic, que s\u2019adapta perfectament al cos i a tots els moviments, garantint una extraordin\u00e0ria aerodin\u00e0mica i una gran comoditat. A la cintura t\u00e9 un cord\u00f3 per poder regular l\u2019ajustament al cos. La zona central de les cames est\u00e0 fabricada amb un teixit no sublimat molt resistent al pilling. El final d\u2019aquestes, confeccionat amb un teixit molt resistent, est\u00e0 adaptat a tots els sistemes de tancament de les botes d\u2019esqu\u00ed de muntanya.<\/p>\n","protected":false},"excerpt":{"rendered":"<p>Pantal\u00f3 d\u2019esqu\u00ed de muntanya el\u00e0stic, que s\u2019adapta perfectament al cos i a tots els moviments, garantint una extraordin\u00e0ria aerodin\u00e0mica i una gran comoditat. A la cintura t\u00e9 un cord\u00f3 per poder regular l\u2019ajustament al cos. La zona central de les cames est\u00e0 fabricada amb un teixit no sublimat molt resistent al pilling. El final d\u2019aquestes, confeccionat amb un teixit molt resistent, est\u00e0 adaptat a tots els sistemes de tancament de les botes d\u2019esqu\u00ed de muntanya.<\/p>\n","protected":false},"featured_media":85947,"comment_status":"closed","ping_status":"open","template":"","meta":{"_acf_changed":false},"product_brand":[],"product_cat":[8306],"product_tag":[],"custom_category":[3347,8724,8716],"range":[8712],"class_list":{"0":"post-87037","1":"product","2":"type-product","3":"status-publish","4":"has-post-thumbnail","6":"product_cat-uncategorized-ca","7":"pa_climatologia-fred","8":"pa_deporte-esqui-ca","9":"pa_genero-dona","10":"pa_genero-home","11":"pa_patronaje-fit-ca","12":"pa_tipo-de-prenda-mono-ca","13":"custom_category-esport","14":"custom_category-pantalo-esqui-personalitzat","15":"custom_category-roba-desqui-personalitzada","16":"range-skimo-ca","18":"first","19":"instock","20":"product-type-custom"},"acf":[],"yoast_head":"<!-- This site is optimized with the Yoast SEO plugin v27.3 - https:\/\/yoast.com\/product\/yoast-seo-wordpress\/ -->\n<title>Pantal\u00f3 esqu\u00ed de muntanya SKIMO<\/title>\n<meta name=\"description\" content=\"Pantal\u00f3 d\u2019esqu\u00ed de muntanya el\u00e0stic, que s\u2019adapta perfectament al cos i a tots els moviments, garantint una extraordin\u00e0ria aerodin\u00e0mica i una gran comoditat. A la cintura t\u00e9 un cord\u00f3 per poder regular l\u2019ajustament al cos. La zona central de les cames est\u00e0 fabricada amb un teixit no sublimat molt resistent al pilling. El final d\u2019aquestes, confeccionat amb un teixit molt resistent, est\u00e0 adaptat a tots els sistemes de tancament de les botes d\u2019esqu\u00ed de muntanya.\" \/>\n<meta name=\"robots\" content=\"index, follow, max-snippet:-1, max-image-preview:large, max-video-preview:-1\" \/>\n<link rel=\"canonical\" href=\"https:\/\/www.inverseteams.com\/ca\/producte\/pantalo-esqui-de-muntanya-skimo\/\" \/>\n<meta property=\"og:locale\" content=\"ca_ES\" \/>\n<meta property=\"og:type\" content=\"article\" \/>\n<meta property=\"og:title\" content=\"Pantal\u00f3 esqu\u00ed de muntanya SKIMO\" \/>\n<meta property=\"og:description\" content=\"Pantal\u00f3 d\u2019esqu\u00ed de muntanya el\u00e0stic, que s\u2019adapta perfectament al cos i a tots els moviments, garantint una extraordin\u00e0ria aerodin\u00e0mica i una gran comoditat. A la cintura t\u00e9 un cord\u00f3 per poder regular l\u2019ajustament al cos. La zona central de les cames est\u00e0 fabricada amb un teixit no sublimat molt resistent al pilling. El final d\u2019aquestes, confeccionat amb un teixit molt resistent, est\u00e0 adaptat a tots els sistemes de tancament de les botes d\u2019esqu\u00ed de muntanya.\" \/>\n<meta property=\"og:url\" content=\"https:\/\/www.inverseteams.com\/ca\/producte\/pantalo-esqui-de-muntanya-skimo\/\" \/>\n<meta property=\"og:site_name\" content=\"Inverseteams\" \/>\n<meta property=\"article:publisher\" content=\"https:\/\/www.facebook.com\/inverseteams\" \/>\n<meta property=\"article:modified_time\" content=\"2022-07-21T08:02:51+00:00\" \/>\n<meta property=\"og:image\" content=\"https:\/\/www.inverseteams.com\/wp-content\/uploads\/PANTALON-ESQUI-TRAVESIA-SKIMO-1.jpg\" \/>\n\t<meta property=\"og:image:width\" content=\"3222\" \/>\n\t<meta property=\"og:image:height\" content=\"3462\" \/>\n\t<meta property=\"og:image:type\" content=\"image\/jpeg\" \/>\n<meta name=\"twitter:card\" content=\"summary_large_image\" \/>\n<script type=\"application\/ld+json\" class=\"yoast-schema-graph\">{\"@context\":\"https:\\\/\\\/schema.org\",\"@graph\":[{\"@type\":\"WebPage\",\"@id\":\"https:\\\/\\\/www.inverseteams.com\\\/ca\\\/producte\\\/pantalo-esqui-de-muntanya-skimo\\\/\",\"url\":\"https:\\\/\\\/www.inverseteams.com\\\/ca\\\/producte\\\/pantalo-esqui-de-muntanya-skimo\\\/\",\"name\":\"Pantal\u00f3 esqu\u00ed de muntanya SKIMO\",\"isPartOf\":{\"@id\":\"https:\\\/\\\/www.inverseteams.com\\\/ca\\\/#website\"},\"primaryImageOfPage\":{\"@id\":\"https:\\\/\\\/www.inverseteams.com\\\/ca\\\/producte\\\/pantalo-esqui-de-muntanya-skimo\\\/#primaryimage\"},\"image\":{\"@id\":\"https:\\\/\\\/www.inverseteams.com\\\/ca\\\/producte\\\/pantalo-esqui-de-muntanya-skimo\\\/#primaryimage\"},\"thumbnailUrl\":\"https:\\\/\\\/www.inverseteams.com\\\/wp-content\\\/uploads\\\/PANTALON-ESQUI-TRAVESIA-SKIMO-1.jpg\",\"datePublished\":\"2022-07-21T07:48:05+00:00\",\"dateModified\":\"2022-07-21T08:02:51+00:00\",\"description\":\"Pantal\u00f3 d\u2019esqu\u00ed de muntanya el\u00e0stic, que s\u2019adapta perfectament al cos i a tots els moviments, garantint una extraordin\u00e0ria aerodin\u00e0mica i una gran comoditat. A la cintura t\u00e9 un cord\u00f3 per poder regular l\u2019ajustament al cos. La zona central de les cames est\u00e0 fabricada amb un teixit no sublimat molt resistent al pilling. El final d\u2019aquestes, confeccionat amb un teixit molt resistent, est\u00e0 adaptat a tots els sistemes de tancament de les botes d\u2019esqu\u00ed de muntanya.\",\"breadcrumb\":{\"@id\":\"https:\\\/\\\/www.inverseteams.com\\\/ca\\\/producte\\\/pantalo-esqui-de-muntanya-skimo\\\/#breadcrumb\"},\"inLanguage\":\"ca\",\"potentialAction\":[{\"@type\":\"ReadAction\",\"target\":[\"https:\\\/\\\/www.inverseteams.com\\\/ca\\\/producte\\\/pantalo-esqui-de-muntanya-skimo\\\/\"]}]},{\"@type\":\"ImageObject\",\"inLanguage\":\"ca\",\"@id\":\"https:\\\/\\\/www.inverseteams.com\\\/ca\\\/producte\\\/pantalo-esqui-de-muntanya-skimo\\\/#primaryimage\",\"url\":\"https:\\\/\\\/www.inverseteams.com\\\/wp-content\\\/uploads\\\/PANTALON-ESQUI-TRAVESIA-SKIMO-1.jpg\",\"contentUrl\":\"https:\\\/\\\/www.inverseteams.com\\\/wp-content\\\/uploads\\\/PANTALON-ESQUI-TRAVESIA-SKIMO-1.jpg\",\"width\":3222,\"height\":3462,\"caption\":\"Pantal\u00f3 esqu\u00ed de muntanya SKIMO\"},{\"@type\":\"BreadcrumbList\",\"@id\":\"https:\\\/\\\/www.inverseteams.com\\\/ca\\\/producte\\\/pantalo-esqui-de-muntanya-skimo\\\/#breadcrumb\",\"itemListElement\":[{\"@type\":\"ListItem\",\"position\":1,\"name\":\"Portada\",\"item\":\"https:\\\/\\\/www.inverseteams.com\\\/ca\\\/pagina-principal\\\/\"},{\"@type\":\"ListItem\",\"position\":2,\"name\":\"Botiga\",\"item\":\"https:\\\/\\\/www.inverseteams.com\\\/ca\\\/botiga\\\/\"},{\"@type\":\"ListItem\",\"position\":3,\"name\":\"Pantal\u00f3 esqu\u00ed de muntanya SKIMO\"}]},{\"@type\":\"WebSite\",\"@id\":\"https:\\\/\\\/www.inverseteams.com\\\/ca\\\/#website\",\"url\":\"https:\\\/\\\/www.inverseteams.com\\\/ca\\\/\",\"name\":\"Inverseteams\",\"description\":\"Tu marca de ropa deportiva personalizada\",\"publisher\":{\"@id\":\"https:\\\/\\\/www.inverseteams.com\\\/ca\\\/#organization\"},\"potentialAction\":[{\"@type\":\"SearchAction\",\"target\":{\"@type\":\"EntryPoint\",\"urlTemplate\":\"https:\\\/\\\/www.inverseteams.com\\\/ca\\\/?s={search_term_string}\"},\"query-input\":{\"@type\":\"PropertyValueSpecification\",\"valueRequired\":true,\"valueName\":\"search_term_string\"}}],\"inLanguage\":\"ca\"},{\"@type\":\"Organization\",\"@id\":\"https:\\\/\\\/www.inverseteams.com\\\/ca\\\/#organization\",\"name\":\"Inverse Teams\",\"url\":\"https:\\\/\\\/www.inverseteams.com\\\/ca\\\/\",\"logo\":{\"@type\":\"ImageObject\",\"inLanguage\":\"ca\",\"@id\":\"https:\\\/\\\/www.inverseteams.com\\\/ca\\\/#\\\/schema\\\/logo\\\/image\\\/\",\"url\":\"http:\\\/\\\/www.inverseteams.com\\\/wp-content\\\/uploads\\\/2021\\\/03\\\/logo-inverse-teams.png\",\"contentUrl\":\"http:\\\/\\\/www.inverseteams.com\\\/wp-content\\\/uploads\\\/2021\\\/03\\\/logo-inverse-teams.png\",\"width\":294,\"height\":99,\"caption\":\"Inverse Teams\"},\"image\":{\"@id\":\"https:\\\/\\\/www.inverseteams.com\\\/ca\\\/#\\\/schema\\\/logo\\\/image\\\/\"},\"sameAs\":[\"https:\\\/\\\/www.facebook.com\\\/inverseteams\",\"http:\\\/\\\/instagram.com\\\/inverseteams\",\"https:\\\/\\\/www.linkedin.com\\\/company\\\/inverse-cirosport-s-l-?trk=job_view_topcard_company_name\",\"http:\\\/\\\/www.pinterest.com\\\/inverseteams\\\/\",\"http:\\\/\\\/www.youtube.com\\\/user\\\/inverseteams?feature=watch\"]}]}<\/script>\n<!-- \/ Yoast SEO plugin. -->","yoast_head_json":{"title":"Pantal\u00f3 esqu\u00ed de muntanya SKIMO","description":"Pantal\u00f3 d\u2019esqu\u00ed de muntanya el\u00e0stic, que s\u2019adapta perfectament al cos i a tots els moviments, garantint una extraordin\u00e0ria aerodin\u00e0mica i una gran comoditat. A la cintura t\u00e9 un cord\u00f3 per poder regular l\u2019ajustament al cos. La zona central de les cames est\u00e0 fabricada amb un teixit no sublimat molt resistent al pilling. El final d\u2019aquestes, confeccionat amb un teixit molt resistent, est\u00e0 adaptat a tots els sistemes de tancament de les botes d\u2019esqu\u00ed de muntanya.","robots":{"index":"index","follow":"follow","max-snippet":"max-snippet:-1","max-image-preview":"max-image-preview:large","max-video-preview":"max-video-preview:-1"},"canonical":"https:\/\/www.inverseteams.com\/ca\/producte\/pantalo-esqui-de-muntanya-skimo\/","og_locale":"ca_ES","og_type":"article","og_title":"Pantal\u00f3 esqu\u00ed de muntanya SKIMO","og_description":"Pantal\u00f3 d\u2019esqu\u00ed de muntanya el\u00e0stic, que s\u2019adapta perfectament al cos i a tots els moviments, garantint una extraordin\u00e0ria aerodin\u00e0mica i una gran comoditat. A la cintura t\u00e9 un cord\u00f3 per poder regular l\u2019ajustament al cos. La zona central de les cames est\u00e0 fabricada amb un teixit no sublimat molt resistent al pilling. El final d\u2019aquestes, confeccionat amb un teixit molt resistent, est\u00e0 adaptat a tots els sistemes de tancament de les botes d\u2019esqu\u00ed de muntanya.","og_url":"https:\/\/www.inverseteams.com\/ca\/producte\/pantalo-esqui-de-muntanya-skimo\/","og_site_name":"Inverseteams","article_publisher":"https:\/\/www.facebook.com\/inverseteams","article_modified_time":"2022-07-21T08:02:51+00:00","og_image":[{"width":3222,"height":3462,"url":"https:\/\/www.inverseteams.com\/wp-content\/uploads\/PANTALON-ESQUI-TRAVESIA-SKIMO-1.jpg","type":"image\/jpeg"}],"twitter_card":"summary_large_image","schema":{"@context":"https:\/\/schema.org","@graph":[{"@type":"WebPage","@id":"https:\/\/www.inverseteams.com\/ca\/producte\/pantalo-esqui-de-muntanya-skimo\/","url":"https:\/\/www.inverseteams.com\/ca\/producte\/pantalo-esqui-de-muntanya-skimo\/","name":"Pantal\u00f3 esqu\u00ed de muntanya SKIMO","isPartOf":{"@id":"https:\/\/www.inverseteams.com\/ca\/#website"},"primaryImageOfPage":{"@id":"https:\/\/www.inverseteams.com\/ca\/producte\/pantalo-esqui-de-muntanya-skimo\/#primaryimage"},"image":{"@id":"https:\/\/www.inverseteams.com\/ca\/producte\/pantalo-esqui-de-muntanya-skimo\/#primaryimage"},"thumbnailUrl":"https:\/\/www.inverseteams.com\/wp-content\/uploads\/PANTALON-ESQUI-TRAVESIA-SKIMO-1.jpg","datePublished":"2022-07-21T07:48:05+00:00","dateModified":"2022-07-21T08:02:51+00:00","description":"Pantal\u00f3 d\u2019esqu\u00ed de muntanya el\u00e0stic, que s\u2019adapta perfectament al cos i a tots els moviments, garantint una extraordin\u00e0ria aerodin\u00e0mica i una gran comoditat. A la cintura t\u00e9 un cord\u00f3 per poder regular l\u2019ajustament al cos. La zona central de les cames est\u00e0 fabricada amb un teixit no sublimat molt resistent al pilling. El final d\u2019aquestes, confeccionat amb un teixit molt resistent, est\u00e0 adaptat a tots els sistemes de tancament de les botes d\u2019esqu\u00ed de muntanya.","breadcrumb":{"@id":"https:\/\/www.inverseteams.com\/ca\/producte\/pantalo-esqui-de-muntanya-skimo\/#breadcrumb"},"inLanguage":"ca","potentialAction":[{"@type":"ReadAction","target":["https:\/\/www.inverseteams.com\/ca\/producte\/pantalo-esqui-de-muntanya-skimo\/"]}]},{"@type":"ImageObject","inLanguage":"ca","@id":"https:\/\/www.inverseteams.com\/ca\/producte\/pantalo-esqui-de-muntanya-skimo\/#primaryimage","url":"https:\/\/www.inverseteams.com\/wp-content\/uploads\/PANTALON-ESQUI-TRAVESIA-SKIMO-1.jpg","contentUrl":"https:\/\/www.inverseteams.com\/wp-content\/uploads\/PANTALON-ESQUI-TRAVESIA-SKIMO-1.jpg","width":3222,"height":3462,"caption":"Pantal\u00f3 esqu\u00ed de muntanya SKIMO"},{"@type":"BreadcrumbList","@id":"https:\/\/www.inverseteams.com\/ca\/producte\/pantalo-esqui-de-muntanya-skimo\/#breadcrumb","itemListElement":[{"@type":"ListItem","position":1,"name":"Portada","item":"https:\/\/www.inverseteams.com\/ca\/pagina-principal\/"},{"@type":"ListItem","position":2,"name":"Botiga","item":"https:\/\/www.inverseteams.com\/ca\/botiga\/"},{"@type":"ListItem","position":3,"name":"Pantal\u00f3 esqu\u00ed de muntanya SKIMO"}]},{"@type":"WebSite","@id":"https:\/\/www.inverseteams.com\/ca\/#website","url":"https:\/\/www.inverseteams.com\/ca\/","name":"Inverseteams","description":"Tu marca de ropa deportiva personalizada","publisher":{"@id":"https:\/\/www.inverseteams.com\/ca\/#organization"},"potentialAction":[{"@type":"SearchAction","target":{"@type":"EntryPoint","urlTemplate":"https:\/\/www.inverseteams.com\/ca\/?s={search_term_string}"},"query-input":{"@type":"PropertyValueSpecification","valueRequired":true,"valueName":"search_term_string"}}],"inLanguage":"ca"},{"@type":"Organization","@id":"https:\/\/www.inverseteams.com\/ca\/#organization","name":"Inverse Teams","url":"https:\/\/www.inverseteams.com\/ca\/","logo":{"@type":"ImageObject","inLanguage":"ca","@id":"https:\/\/www.inverseteams.com\/ca\/#\/schema\/logo\/image\/","url":"https:\/\/www.inverseteams.com\/wp-content\/uploads\/2021\/03\/logo-inverse-teams.png","contentUrl":"https:\/\/www.inverseteams.com\/wp-content\/uploads\/2021\/03\/logo-inverse-teams.png","width":294,"height":99,"caption":"Inverse Teams"},"image":{"@id":"https:\/\/www.inverseteams.com\/ca\/#\/schema\/logo\/image\/"},"sameAs":["https:\/\/www.facebook.com\/inverseteams","http:\/\/instagram.com\/inverseteams","https:\/\/www.linkedin.com\/company\/inverse-cirosport-s-l-?trk=job_view_topcard_company_name","http:\/\/www.pinterest.com\/inverseteams\/","http:\/\/www.youtube.com\/user\/inverseteams?feature=watch"]}]}},"_links":{"self":[{"href":"https:\/\/www.inverseteams.com\/ca\/wp-json\/wp\/v2\/product\/87037","targetHints":{"allow":["GET"]}}],"collection":[{"href":"https:\/\/www.inverseteams.com\/ca\/wp-json\/wp\/v2\/product"}],"about":[{"href":"https:\/\/www.inverseteams.com\/ca\/wp-json\/wp\/v2\/types\/product"}],"replies":[{"embeddable":true,"href":"https:\/\/www.inverseteams.com\/ca\/wp-json\/wp\/v2\/comments?post=87037"}],"wp:featuredmedia":[{"embeddable":true,"href":"https:\/\/www.inverseteams.com\/ca\/wp-json\/wp\/v2\/media\/85947"}],"wp:attachment":[{"href":"https:\/\/www.inverseteams.com\/ca\/wp-json\/wp\/v2\/media?parent=87037"}],"wp:term":[{"taxonomy":"product_brand","embeddable":true,"href":"https:\/\/www.inverseteams.com\/ca\/wp-json\/wp\/v2\/product_brand?post=87037"},{"taxonomy":"product_cat","embeddable":true,"href":"https:\/\/www.inverseteams.com\/ca\/wp-json\/wp\/v2\/product_cat?post=87037"},{"taxonomy":"product_tag","embeddable":true,"href":"https:\/\/www.inverseteams.com\/ca\/wp-json\/wp\/v2\/product_tag?post=87037"},{"taxonomy":"custom_category","embeddable":true,"href":"https:\/\/www.inverseteams.com\/ca\/wp-json\/wp\/v2\/custom_category?post=87037"},{"taxonomy":"range","embeddable":true,"href":"https:\/\/www.inverseteams.com\/ca\/wp-json\/wp\/v2\/range?post=87037"}],"curies":[{"name":"wp","href":"https:\/\/api.w.org\/{rel}","templated":true}]}}