{"id":87032,"date":"2022-07-21T07:46:21","date_gmt":"2022-07-21T07:47:18","guid":{"rendered":"https:\/\/www.inverseteams.com\/?post_type=product&#038;p=87032"},"modified":"2022-07-21T08:02:34","modified_gmt":"2022-07-21T08:02:34","slug":"pantalo-termic-esqui-nordique","status":"publish","type":"product","link":"https:\/\/www.inverseteams.com\/ca\/producte\/pantalo-termic-esqui-nordique\/","title":{"rendered":"Pantal\u00f3 t\u00e8rmic esqu\u00ed NORDIQUE"},"content":{"rendered":"<p>Els pantalons t\u00e8rmics d\u2019esqu\u00ed estan confeccionats amb un teixit de membrana i s\u00f3n ideals pels entrenaments o per l\u2019escalfament previ a la competici\u00f3. Protegeixen del vent, el fred i la humitat i mantenen l\u2019escalfor corporal. T\u00e9 2 butxaques amb cremallera per poder guardar qualsevol objecte amb total seguretat. A la cintura t\u00e9 un cord\u00f3 per poder regular l\u2019ajustament al cos. Disposa d\u2019una cremallera a cada lateral per poder-te\u2019ls posar i treure f\u00e0cilment.<\/p>\n","protected":false},"excerpt":{"rendered":"<p>Els pantalons t\u00e8rmics d\u2019esqu\u00ed estan confeccionats amb un teixit de membrana i s\u00f3n ideals pels entrenaments o per l\u2019escalfament previ a la competici\u00f3. Protegeixen del vent, el fred i la humitat i mantenen l\u2019escalfor corporal. T\u00e9 2 butxaques amb cremallera per poder guardar qualsevol objecte amb total seguretat. A la cintura t\u00e9 un cord\u00f3 per poder regular l\u2019ajustament al cos. Disposa d\u2019una cremallera a cada lateral per poder-te\u2019ls posar i treure f\u00e0cilment.<\/p>\n","protected":false},"featured_media":86005,"comment_status":"closed","ping_status":"open","template":"","meta":{"_acf_changed":false},"product_brand":[],"product_cat":[8306],"product_tag":[],"custom_category":[3347,8724,8716],"range":[8708],"class_list":{"0":"post-87032","1":"product","2":"type-product","3":"status-publish","4":"has-post-thumbnail","6":"product_cat-uncategorized-ca","7":"pa_climatologia-fred","8":"pa_deporte-esqui-ca","9":"pa_genero-home","10":"pa_genero-dona","11":"pa_genero-infantil-ca","12":"pa_patronaje-regular-ca","13":"pa_tipo-de-prenda-pantalo","14":"custom_category-esport","15":"custom_category-pantalo-esqui-personalitzat","16":"custom_category-roba-desqui-personalitzada","17":"range-nordique-ca","19":"first","20":"instock","21":"product-type-custom"},"acf":[],"yoast_head":"<!-- This site is optimized with the Yoast SEO plugin v27.3 - https:\/\/yoast.com\/product\/yoast-seo-wordpress\/ -->\n<title>Pantal\u00f3 t\u00e8rmic esqu\u00ed NORDIQUE<\/title>\n<meta name=\"description\" content=\"Els pantalons t\u00e8rmics d\u2019esqu\u00ed estan confeccionats amb un teixit de membrana i s\u00f3n ideals pels entrenaments o per l\u2019escalfament previ a la competici\u00f3. Protegeixen del vent, el fred i la humitat i mantenen l\u2019escalfor corporal. T\u00e9 2 butxaques amb cremallera per poder guardar qualsevol objecte amb total seguretat. A la cintura t\u00e9 un cord\u00f3 per poder regular l\u2019ajustament al cos. Disposa d\u2019una cremallera a cada lateral per poder-te\u2019ls posar i treure f\u00e0cilment.\" \/>\n<meta name=\"robots\" content=\"index, follow, max-snippet:-1, max-image-preview:large, max-video-preview:-1\" \/>\n<link rel=\"canonical\" href=\"https:\/\/www.inverseteams.com\/ca\/producte\/pantalo-termic-esqui-nordique\/\" \/>\n<meta property=\"og:locale\" content=\"ca_ES\" \/>\n<meta property=\"og:type\" content=\"article\" \/>\n<meta property=\"og:title\" content=\"Pantal\u00f3 t\u00e8rmic esqu\u00ed NORDIQUE\" \/>\n<meta property=\"og:description\" content=\"Els pantalons t\u00e8rmics d\u2019esqu\u00ed estan confeccionats amb un teixit de membrana i s\u00f3n ideals pels entrenaments o per l\u2019escalfament previ a la competici\u00f3. Protegeixen del vent, el fred i la humitat i mantenen l\u2019escalfor corporal. T\u00e9 2 butxaques amb cremallera per poder guardar qualsevol objecte amb total seguretat. A la cintura t\u00e9 un cord\u00f3 per poder regular l\u2019ajustament al cos. Disposa d\u2019una cremallera a cada lateral per poder-te\u2019ls posar i treure f\u00e0cilment.\" \/>\n<meta property=\"og:url\" content=\"https:\/\/www.inverseteams.com\/ca\/producte\/pantalo-termic-esqui-nordique\/\" \/>\n<meta property=\"og:site_name\" content=\"Inverseteams\" \/>\n<meta property=\"article:publisher\" content=\"https:\/\/www.facebook.com\/inverseteams\" \/>\n<meta property=\"article:modified_time\" content=\"2022-07-21T08:02:34+00:00\" \/>\n<meta property=\"og:image\" content=\"https:\/\/www.inverseteams.com\/wp-content\/uploads\/PANTALON-TERMICO-ESQUI-NORDIQUE-1.jpg\" \/>\n\t<meta property=\"og:image:width\" content=\"3222\" \/>\n\t<meta property=\"og:image:height\" content=\"3462\" \/>\n\t<meta property=\"og:image:type\" content=\"image\/jpeg\" \/>\n<meta name=\"twitter:card\" content=\"summary_large_image\" \/>\n<script type=\"application\/ld+json\" class=\"yoast-schema-graph\">{\"@context\":\"https:\\\/\\\/schema.org\",\"@graph\":[{\"@type\":\"WebPage\",\"@id\":\"https:\\\/\\\/www.inverseteams.com\\\/ca\\\/producte\\\/pantalo-termic-esqui-nordique\\\/\",\"url\":\"https:\\\/\\\/www.inverseteams.com\\\/ca\\\/producte\\\/pantalo-termic-esqui-nordique\\\/\",\"name\":\"Pantal\u00f3 t\u00e8rmic esqu\u00ed NORDIQUE\",\"isPartOf\":{\"@id\":\"https:\\\/\\\/www.inverseteams.com\\\/ca\\\/#website\"},\"primaryImageOfPage\":{\"@id\":\"https:\\\/\\\/www.inverseteams.com\\\/ca\\\/producte\\\/pantalo-termic-esqui-nordique\\\/#primaryimage\"},\"image\":{\"@id\":\"https:\\\/\\\/www.inverseteams.com\\\/ca\\\/producte\\\/pantalo-termic-esqui-nordique\\\/#primaryimage\"},\"thumbnailUrl\":\"https:\\\/\\\/www.inverseteams.com\\\/wp-content\\\/uploads\\\/PANTALON-TERMICO-ESQUI-NORDIQUE-1.jpg\",\"datePublished\":\"2022-07-21T07:47:18+00:00\",\"dateModified\":\"2022-07-21T08:02:34+00:00\",\"description\":\"Els pantalons t\u00e8rmics d\u2019esqu\u00ed estan confeccionats amb un teixit de membrana i s\u00f3n ideals pels entrenaments o per l\u2019escalfament previ a la competici\u00f3. Protegeixen del vent, el fred i la humitat i mantenen l\u2019escalfor corporal. T\u00e9 2 butxaques amb cremallera per poder guardar qualsevol objecte amb total seguretat. A la cintura t\u00e9 un cord\u00f3 per poder regular l\u2019ajustament al cos. Disposa d\u2019una cremallera a cada lateral per poder-te\u2019ls posar i treure f\u00e0cilment.\",\"breadcrumb\":{\"@id\":\"https:\\\/\\\/www.inverseteams.com\\\/ca\\\/producte\\\/pantalo-termic-esqui-nordique\\\/#breadcrumb\"},\"inLanguage\":\"ca\",\"potentialAction\":[{\"@type\":\"ReadAction\",\"target\":[\"https:\\\/\\\/www.inverseteams.com\\\/ca\\\/producte\\\/pantalo-termic-esqui-nordique\\\/\"]}]},{\"@type\":\"ImageObject\",\"inLanguage\":\"ca\",\"@id\":\"https:\\\/\\\/www.inverseteams.com\\\/ca\\\/producte\\\/pantalo-termic-esqui-nordique\\\/#primaryimage\",\"url\":\"https:\\\/\\\/www.inverseteams.com\\\/wp-content\\\/uploads\\\/PANTALON-TERMICO-ESQUI-NORDIQUE-1.jpg\",\"contentUrl\":\"https:\\\/\\\/www.inverseteams.com\\\/wp-content\\\/uploads\\\/PANTALON-TERMICO-ESQUI-NORDIQUE-1.jpg\",\"width\":3222,\"height\":3462,\"caption\":\"Pantal\u00f3 t\u00e8rmic esqu\u00ed NORDIQUE\"},{\"@type\":\"BreadcrumbList\",\"@id\":\"https:\\\/\\\/www.inverseteams.com\\\/ca\\\/producte\\\/pantalo-termic-esqui-nordique\\\/#breadcrumb\",\"itemListElement\":[{\"@type\":\"ListItem\",\"position\":1,\"name\":\"Portada\",\"item\":\"https:\\\/\\\/www.inverseteams.com\\\/ca\\\/pagina-principal\\\/\"},{\"@type\":\"ListItem\",\"position\":2,\"name\":\"Botiga\",\"item\":\"https:\\\/\\\/www.inverseteams.com\\\/ca\\\/botiga\\\/\"},{\"@type\":\"ListItem\",\"position\":3,\"name\":\"Pantal\u00f3 t\u00e8rmic esqu\u00ed NORDIQUE\"}]},{\"@type\":\"WebSite\",\"@id\":\"https:\\\/\\\/www.inverseteams.com\\\/ca\\\/#website\",\"url\":\"https:\\\/\\\/www.inverseteams.com\\\/ca\\\/\",\"name\":\"Inverseteams\",\"description\":\"Tu marca de ropa deportiva personalizada\",\"publisher\":{\"@id\":\"https:\\\/\\\/www.inverseteams.com\\\/ca\\\/#organization\"},\"potentialAction\":[{\"@type\":\"SearchAction\",\"target\":{\"@type\":\"EntryPoint\",\"urlTemplate\":\"https:\\\/\\\/www.inverseteams.com\\\/ca\\\/?s={search_term_string}\"},\"query-input\":{\"@type\":\"PropertyValueSpecification\",\"valueRequired\":true,\"valueName\":\"search_term_string\"}}],\"inLanguage\":\"ca\"},{\"@type\":\"Organization\",\"@id\":\"https:\\\/\\\/www.inverseteams.com\\\/ca\\\/#organization\",\"name\":\"Inverse Teams\",\"url\":\"https:\\\/\\\/www.inverseteams.com\\\/ca\\\/\",\"logo\":{\"@type\":\"ImageObject\",\"inLanguage\":\"ca\",\"@id\":\"https:\\\/\\\/www.inverseteams.com\\\/ca\\\/#\\\/schema\\\/logo\\\/image\\\/\",\"url\":\"http:\\\/\\\/www.inverseteams.com\\\/wp-content\\\/uploads\\\/2021\\\/03\\\/logo-inverse-teams.png\",\"contentUrl\":\"http:\\\/\\\/www.inverseteams.com\\\/wp-content\\\/uploads\\\/2021\\\/03\\\/logo-inverse-teams.png\",\"width\":294,\"height\":99,\"caption\":\"Inverse Teams\"},\"image\":{\"@id\":\"https:\\\/\\\/www.inverseteams.com\\\/ca\\\/#\\\/schema\\\/logo\\\/image\\\/\"},\"sameAs\":[\"https:\\\/\\\/www.facebook.com\\\/inverseteams\",\"http:\\\/\\\/instagram.com\\\/inverseteams\",\"https:\\\/\\\/www.linkedin.com\\\/company\\\/inverse-cirosport-s-l-?trk=job_view_topcard_company_name\",\"http:\\\/\\\/www.pinterest.com\\\/inverseteams\\\/\",\"http:\\\/\\\/www.youtube.com\\\/user\\\/inverseteams?feature=watch\"]}]}<\/script>\n<!-- \/ Yoast SEO plugin. -->","yoast_head_json":{"title":"Pantal\u00f3 t\u00e8rmic esqu\u00ed NORDIQUE","description":"Els pantalons t\u00e8rmics d\u2019esqu\u00ed estan confeccionats amb un teixit de membrana i s\u00f3n ideals pels entrenaments o per l\u2019escalfament previ a la competici\u00f3. Protegeixen del vent, el fred i la humitat i mantenen l\u2019escalfor corporal. T\u00e9 2 butxaques amb cremallera per poder guardar qualsevol objecte amb total seguretat. A la cintura t\u00e9 un cord\u00f3 per poder regular l\u2019ajustament al cos. Disposa d\u2019una cremallera a cada lateral per poder-te\u2019ls posar i treure f\u00e0cilment.","robots":{"index":"index","follow":"follow","max-snippet":"max-snippet:-1","max-image-preview":"max-image-preview:large","max-video-preview":"max-video-preview:-1"},"canonical":"https:\/\/www.inverseteams.com\/ca\/producte\/pantalo-termic-esqui-nordique\/","og_locale":"ca_ES","og_type":"article","og_title":"Pantal\u00f3 t\u00e8rmic esqu\u00ed NORDIQUE","og_description":"Els pantalons t\u00e8rmics d\u2019esqu\u00ed estan confeccionats amb un teixit de membrana i s\u00f3n ideals pels entrenaments o per l\u2019escalfament previ a la competici\u00f3. Protegeixen del vent, el fred i la humitat i mantenen l\u2019escalfor corporal. T\u00e9 2 butxaques amb cremallera per poder guardar qualsevol objecte amb total seguretat. A la cintura t\u00e9 un cord\u00f3 per poder regular l\u2019ajustament al cos. Disposa d\u2019una cremallera a cada lateral per poder-te\u2019ls posar i treure f\u00e0cilment.","og_url":"https:\/\/www.inverseteams.com\/ca\/producte\/pantalo-termic-esqui-nordique\/","og_site_name":"Inverseteams","article_publisher":"https:\/\/www.facebook.com\/inverseteams","article_modified_time":"2022-07-21T08:02:34+00:00","og_image":[{"width":3222,"height":3462,"url":"https:\/\/www.inverseteams.com\/wp-content\/uploads\/PANTALON-TERMICO-ESQUI-NORDIQUE-1.jpg","type":"image\/jpeg"}],"twitter_card":"summary_large_image","schema":{"@context":"https:\/\/schema.org","@graph":[{"@type":"WebPage","@id":"https:\/\/www.inverseteams.com\/ca\/producte\/pantalo-termic-esqui-nordique\/","url":"https:\/\/www.inverseteams.com\/ca\/producte\/pantalo-termic-esqui-nordique\/","name":"Pantal\u00f3 t\u00e8rmic esqu\u00ed NORDIQUE","isPartOf":{"@id":"https:\/\/www.inverseteams.com\/ca\/#website"},"primaryImageOfPage":{"@id":"https:\/\/www.inverseteams.com\/ca\/producte\/pantalo-termic-esqui-nordique\/#primaryimage"},"image":{"@id":"https:\/\/www.inverseteams.com\/ca\/producte\/pantalo-termic-esqui-nordique\/#primaryimage"},"thumbnailUrl":"https:\/\/www.inverseteams.com\/wp-content\/uploads\/PANTALON-TERMICO-ESQUI-NORDIQUE-1.jpg","datePublished":"2022-07-21T07:47:18+00:00","dateModified":"2022-07-21T08:02:34+00:00","description":"Els pantalons t\u00e8rmics d\u2019esqu\u00ed estan confeccionats amb un teixit de membrana i s\u00f3n ideals pels entrenaments o per l\u2019escalfament previ a la competici\u00f3. Protegeixen del vent, el fred i la humitat i mantenen l\u2019escalfor corporal. T\u00e9 2 butxaques amb cremallera per poder guardar qualsevol objecte amb total seguretat. A la cintura t\u00e9 un cord\u00f3 per poder regular l\u2019ajustament al cos. Disposa d\u2019una cremallera a cada lateral per poder-te\u2019ls posar i treure f\u00e0cilment.","breadcrumb":{"@id":"https:\/\/www.inverseteams.com\/ca\/producte\/pantalo-termic-esqui-nordique\/#breadcrumb"},"inLanguage":"ca","potentialAction":[{"@type":"ReadAction","target":["https:\/\/www.inverseteams.com\/ca\/producte\/pantalo-termic-esqui-nordique\/"]}]},{"@type":"ImageObject","inLanguage":"ca","@id":"https:\/\/www.inverseteams.com\/ca\/producte\/pantalo-termic-esqui-nordique\/#primaryimage","url":"https:\/\/www.inverseteams.com\/wp-content\/uploads\/PANTALON-TERMICO-ESQUI-NORDIQUE-1.jpg","contentUrl":"https:\/\/www.inverseteams.com\/wp-content\/uploads\/PANTALON-TERMICO-ESQUI-NORDIQUE-1.jpg","width":3222,"height":3462,"caption":"Pantal\u00f3 t\u00e8rmic esqu\u00ed NORDIQUE"},{"@type":"BreadcrumbList","@id":"https:\/\/www.inverseteams.com\/ca\/producte\/pantalo-termic-esqui-nordique\/#breadcrumb","itemListElement":[{"@type":"ListItem","position":1,"name":"Portada","item":"https:\/\/www.inverseteams.com\/ca\/pagina-principal\/"},{"@type":"ListItem","position":2,"name":"Botiga","item":"https:\/\/www.inverseteams.com\/ca\/botiga\/"},{"@type":"ListItem","position":3,"name":"Pantal\u00f3 t\u00e8rmic esqu\u00ed NORDIQUE"}]},{"@type":"WebSite","@id":"https:\/\/www.inverseteams.com\/ca\/#website","url":"https:\/\/www.inverseteams.com\/ca\/","name":"Inverseteams","description":"Tu marca de ropa deportiva personalizada","publisher":{"@id":"https:\/\/www.inverseteams.com\/ca\/#organization"},"potentialAction":[{"@type":"SearchAction","target":{"@type":"EntryPoint","urlTemplate":"https:\/\/www.inverseteams.com\/ca\/?s={search_term_string}"},"query-input":{"@type":"PropertyValueSpecification","valueRequired":true,"valueName":"search_term_string"}}],"inLanguage":"ca"},{"@type":"Organization","@id":"https:\/\/www.inverseteams.com\/ca\/#organization","name":"Inverse Teams","url":"https:\/\/www.inverseteams.com\/ca\/","logo":{"@type":"ImageObject","inLanguage":"ca","@id":"https:\/\/www.inverseteams.com\/ca\/#\/schema\/logo\/image\/","url":"https:\/\/www.inverseteams.com\/wp-content\/uploads\/2021\/03\/logo-inverse-teams.png","contentUrl":"https:\/\/www.inverseteams.com\/wp-content\/uploads\/2021\/03\/logo-inverse-teams.png","width":294,"height":99,"caption":"Inverse Teams"},"image":{"@id":"https:\/\/www.inverseteams.com\/ca\/#\/schema\/logo\/image\/"},"sameAs":["https:\/\/www.facebook.com\/inverseteams","http:\/\/instagram.com\/inverseteams","https:\/\/www.linkedin.com\/company\/inverse-cirosport-s-l-?trk=job_view_topcard_company_name","http:\/\/www.pinterest.com\/inverseteams\/","http:\/\/www.youtube.com\/user\/inverseteams?feature=watch"]}]}},"_links":{"self":[{"href":"https:\/\/www.inverseteams.com\/ca\/wp-json\/wp\/v2\/product\/87032","targetHints":{"allow":["GET"]}}],"collection":[{"href":"https:\/\/www.inverseteams.com\/ca\/wp-json\/wp\/v2\/product"}],"about":[{"href":"https:\/\/www.inverseteams.com\/ca\/wp-json\/wp\/v2\/types\/product"}],"replies":[{"embeddable":true,"href":"https:\/\/www.inverseteams.com\/ca\/wp-json\/wp\/v2\/comments?post=87032"}],"wp:featuredmedia":[{"embeddable":true,"href":"https:\/\/www.inverseteams.com\/ca\/wp-json\/wp\/v2\/media\/86005"}],"wp:attachment":[{"href":"https:\/\/www.inverseteams.com\/ca\/wp-json\/wp\/v2\/media?parent=87032"}],"wp:term":[{"taxonomy":"product_brand","embeddable":true,"href":"https:\/\/www.inverseteams.com\/ca\/wp-json\/wp\/v2\/product_brand?post=87032"},{"taxonomy":"product_cat","embeddable":true,"href":"https:\/\/www.inverseteams.com\/ca\/wp-json\/wp\/v2\/product_cat?post=87032"},{"taxonomy":"product_tag","embeddable":true,"href":"https:\/\/www.inverseteams.com\/ca\/wp-json\/wp\/v2\/product_tag?post=87032"},{"taxonomy":"custom_category","embeddable":true,"href":"https:\/\/www.inverseteams.com\/ca\/wp-json\/wp\/v2\/custom_category?post=87032"},{"taxonomy":"range","embeddable":true,"href":"https:\/\/www.inverseteams.com\/ca\/wp-json\/wp\/v2\/range?post=87032"}],"curies":[{"name":"wp","href":"https:\/\/api.w.org\/{rel}","templated":true}]}}