{"id":87028,"date":"2022-07-21T07:46:21","date_gmt":"2022-07-21T07:47:18","guid":{"rendered":"https:\/\/www.inverseteams.com\/?post_type=product&#038;p=87028"},"modified":"2022-07-21T08:02:20","modified_gmt":"2022-07-21T08:02:20","slug":"mallot-maniga-llarga-esqui-nordique","status":"publish","type":"product","link":"https:\/\/www.inverseteams.com\/ca\/producte\/mallot-maniga-llarga-esqui-nordique\/","title":{"rendered":"Mallot m\u00e0niga llarga esqu\u00ed NORDIQUE"},"content":{"rendered":"<p>Mallot m\u00e0niga llarga d\u2019esqu\u00ed lleuger i el\u00e0stic. S\u2019adapta perfectament al cos i a tos els moviments, garantint una extraordin\u00e0ria aerodin\u00e0mica i una gran comoditat. \u00c9s perfecte per l\u2019esqu\u00ed de fons i el biatl\u00f3. A l\u2019interior de la cintura t\u00e9 una goma de silicona que mant\u00e9 el mallot ben arrapat al cos i evita que es pugi durant l\u2019exercici. Al final de les m\u00e0nigues t\u00e9 uns repunts especials perqu\u00e8 l\u2019esquiador pugui tallar la m\u00e0niga i ajustar-la a la llargada del seu bra\u00e7.<\/p>\n","protected":false},"excerpt":{"rendered":"<p>Mallot m\u00e0niga llarga d\u2019esqu\u00ed lleuger i el\u00e0stic. S\u2019adapta perfectament al cos i a tos els moviments, garantint una extraordin\u00e0ria aerodin\u00e0mica i una gran comoditat. \u00c9s perfecte per l\u2019esqu\u00ed de fons i el biatl\u00f3. A l\u2019interior de la cintura t\u00e9 una goma de silicona que mant\u00e9 el mallot ben arrapat al cos i evita que es pugi durant l\u2019exercici. Al final de les m\u00e0nigues t\u00e9 uns repunts especials perqu\u00e8 l\u2019esquiador pugui tallar la m\u00e0niga i ajustar-la a la llargada del seu bra\u00e7.<\/p>\n","protected":false},"featured_media":85981,"comment_status":"closed","ping_status":"open","template":"","meta":{"_acf_changed":false},"product_brand":[],"product_cat":[8306],"product_tag":[],"custom_category":[3347,8720,8716],"range":[8708],"class_list":{"0":"post-87028","1":"product","2":"type-product","3":"status-publish","4":"has-post-thumbnail","6":"product_cat-uncategorized-ca","7":"pa_climatologia-fred","8":"pa_deporte-esqui-ca","9":"pa_genero-home","10":"pa_genero-dona","11":"pa_genero-infantil-ca","12":"pa_patronaje-fit-ca","13":"pa_tipo-de-prenda-mallot-maniga-llarga","14":"custom_category-esport","15":"custom_category-mallot-esqui-personalitzat","16":"custom_category-roba-desqui-personalitzada","17":"range-nordique-ca","19":"first","20":"instock","21":"product-type-custom"},"acf":[],"yoast_head":"<!-- This site is optimized with the Yoast SEO plugin v27.2 - https:\/\/yoast.com\/product\/yoast-seo-wordpress\/ -->\n<title>Mallot m\u00e0niga llarga esqu\u00ed NORDIQUE<\/title>\n<meta name=\"description\" content=\"Mallot m\u00e0niga llarga d\u2019esqu\u00ed lleuger i el\u00e0stic. S\u2019adapta perfectament al cos i a tos els moviments, garantint una extraordin\u00e0ria aerodin\u00e0mica i una gran comoditat. \u00c9s perfecte per l\u2019esqu\u00ed de fons i el biatl\u00f3. A l\u2019interior de la cintura t\u00e9 una goma de silicona que mant\u00e9 el mallot ben arrapat al cos i evita que es pugi durant l\u2019exercici. Al final de les m\u00e0nigues t\u00e9 uns repunts especials perqu\u00e8 l\u2019esquiador pugui tallar la m\u00e0niga i ajustar-la a la llargada del seu bra\u00e7.\" \/>\n<meta name=\"robots\" content=\"index, follow, max-snippet:-1, max-image-preview:large, max-video-preview:-1\" \/>\n<link rel=\"canonical\" href=\"https:\/\/www.inverseteams.com\/ca\/producte\/mallot-maniga-llarga-esqui-nordique\/\" \/>\n<meta property=\"og:locale\" content=\"ca_ES\" \/>\n<meta property=\"og:type\" content=\"article\" \/>\n<meta property=\"og:title\" content=\"Mallot m\u00e0niga llarga esqu\u00ed NORDIQUE\" \/>\n<meta property=\"og:description\" content=\"Mallot m\u00e0niga llarga d\u2019esqu\u00ed lleuger i el\u00e0stic. S\u2019adapta perfectament al cos i a tos els moviments, garantint una extraordin\u00e0ria aerodin\u00e0mica i una gran comoditat. \u00c9s perfecte per l\u2019esqu\u00ed de fons i el biatl\u00f3. A l\u2019interior de la cintura t\u00e9 una goma de silicona que mant\u00e9 el mallot ben arrapat al cos i evita que es pugi durant l\u2019exercici. Al final de les m\u00e0nigues t\u00e9 uns repunts especials perqu\u00e8 l\u2019esquiador pugui tallar la m\u00e0niga i ajustar-la a la llargada del seu bra\u00e7.\" \/>\n<meta property=\"og:url\" content=\"https:\/\/www.inverseteams.com\/ca\/producte\/mallot-maniga-llarga-esqui-nordique\/\" \/>\n<meta property=\"og:site_name\" content=\"Inverseteams\" \/>\n<meta property=\"article:publisher\" content=\"https:\/\/www.facebook.com\/inverseteams\" \/>\n<meta property=\"article:modified_time\" content=\"2022-07-21T08:02:20+00:00\" \/>\n<meta property=\"og:image\" content=\"https:\/\/www.inverseteams.com\/wp-content\/uploads\/MAILLOT-LYCRA-ESQUI-NORDIQUE-1.jpg\" \/>\n\t<meta property=\"og:image:width\" content=\"3222\" \/>\n\t<meta property=\"og:image:height\" content=\"3462\" \/>\n\t<meta property=\"og:image:type\" content=\"image\/jpeg\" \/>\n<meta name=\"twitter:card\" content=\"summary_large_image\" \/>\n<script type=\"application\/ld+json\" class=\"yoast-schema-graph\">{\"@context\":\"https:\/\/schema.org\",\"@graph\":[{\"@type\":\"WebPage\",\"@id\":\"https:\/\/www.inverseteams.com\/ca\/producte\/mallot-maniga-llarga-esqui-nordique\/\",\"url\":\"https:\/\/www.inverseteams.com\/ca\/producte\/mallot-maniga-llarga-esqui-nordique\/\",\"name\":\"Mallot m\u00e0niga llarga esqu\u00ed NORDIQUE\",\"isPartOf\":{\"@id\":\"https:\/\/www.inverseteams.com\/ca\/#website\"},\"primaryImageOfPage\":{\"@id\":\"https:\/\/www.inverseteams.com\/ca\/producte\/mallot-maniga-llarga-esqui-nordique\/#primaryimage\"},\"image\":{\"@id\":\"https:\/\/www.inverseteams.com\/ca\/producte\/mallot-maniga-llarga-esqui-nordique\/#primaryimage\"},\"thumbnailUrl\":\"https:\/\/www.inverseteams.com\/wp-content\/uploads\/MAILLOT-LYCRA-ESQUI-NORDIQUE-1.jpg\",\"datePublished\":\"2022-07-21T07:47:18+00:00\",\"dateModified\":\"2022-07-21T08:02:20+00:00\",\"description\":\"Mallot m\u00e0niga llarga d\u2019esqu\u00ed lleuger i el\u00e0stic. S\u2019adapta perfectament al cos i a tos els moviments, garantint una extraordin\u00e0ria aerodin\u00e0mica i una gran comoditat. \u00c9s perfecte per l\u2019esqu\u00ed de fons i el biatl\u00f3. A l\u2019interior de la cintura t\u00e9 una goma de silicona que mant\u00e9 el mallot ben arrapat al cos i evita que es pugi durant l\u2019exercici. Al final de les m\u00e0nigues t\u00e9 uns repunts especials perqu\u00e8 l\u2019esquiador pugui tallar la m\u00e0niga i ajustar-la a la llargada del seu bra\u00e7.\",\"breadcrumb\":{\"@id\":\"https:\/\/www.inverseteams.com\/ca\/producte\/mallot-maniga-llarga-esqui-nordique\/#breadcrumb\"},\"inLanguage\":\"ca\",\"potentialAction\":[{\"@type\":\"ReadAction\",\"target\":[\"https:\/\/www.inverseteams.com\/ca\/producte\/mallot-maniga-llarga-esqui-nordique\/\"]}]},{\"@type\":\"ImageObject\",\"inLanguage\":\"ca\",\"@id\":\"https:\/\/www.inverseteams.com\/ca\/producte\/mallot-maniga-llarga-esqui-nordique\/#primaryimage\",\"url\":\"https:\/\/www.inverseteams.com\/wp-content\/uploads\/MAILLOT-LYCRA-ESQUI-NORDIQUE-1.jpg\",\"contentUrl\":\"https:\/\/www.inverseteams.com\/wp-content\/uploads\/MAILLOT-LYCRA-ESQUI-NORDIQUE-1.jpg\",\"width\":3222,\"height\":3462,\"caption\":\"Mallot lycra esqu\u00ed de fons NORDIQUE\"},{\"@type\":\"BreadcrumbList\",\"@id\":\"https:\/\/www.inverseteams.com\/ca\/producte\/mallot-maniga-llarga-esqui-nordique\/#breadcrumb\",\"itemListElement\":[{\"@type\":\"ListItem\",\"position\":1,\"name\":\"Portada\",\"item\":\"https:\/\/www.inverseteams.com\/ca\/pagina-principal\/\"},{\"@type\":\"ListItem\",\"position\":2,\"name\":\"Botiga\",\"item\":\"https:\/\/www.inverseteams.com\/ca\/botiga\/\"},{\"@type\":\"ListItem\",\"position\":3,\"name\":\"Mallot m\u00e0niga llarga esqu\u00ed NORDIQUE\"}]},{\"@type\":\"WebSite\",\"@id\":\"https:\/\/www.inverseteams.com\/ca\/#website\",\"url\":\"https:\/\/www.inverseteams.com\/ca\/\",\"name\":\"Inverseteams\",\"description\":\"Tu marca de ropa deportiva personalizada\",\"publisher\":{\"@id\":\"https:\/\/www.inverseteams.com\/ca\/#organization\"},\"potentialAction\":[{\"@type\":\"SearchAction\",\"target\":{\"@type\":\"EntryPoint\",\"urlTemplate\":\"https:\/\/www.inverseteams.com\/ca\/?s={search_term_string}\"},\"query-input\":{\"@type\":\"PropertyValueSpecification\",\"valueRequired\":true,\"valueName\":\"search_term_string\"}}],\"inLanguage\":\"ca\"},{\"@type\":\"Organization\",\"@id\":\"https:\/\/www.inverseteams.com\/ca\/#organization\",\"name\":\"Inverse Teams\",\"url\":\"https:\/\/www.inverseteams.com\/ca\/\",\"logo\":{\"@type\":\"ImageObject\",\"inLanguage\":\"ca\",\"@id\":\"https:\/\/www.inverseteams.com\/ca\/#\/schema\/logo\/image\/\",\"url\":\"https:\/\/www.inverseteams.com\/wp-content\/uploads\/2021\/03\/logo-inverse-teams.png\",\"contentUrl\":\"https:\/\/www.inverseteams.com\/wp-content\/uploads\/2021\/03\/logo-inverse-teams.png\",\"width\":294,\"height\":99,\"caption\":\"Inverse Teams\"},\"image\":{\"@id\":\"https:\/\/www.inverseteams.com\/ca\/#\/schema\/logo\/image\/\"},\"sameAs\":[\"https:\/\/www.facebook.com\/inverseteams\",\"http:\/\/instagram.com\/inverseteams\",\"https:\/\/www.linkedin.com\/company\/inverse-cirosport-s-l-?trk=job_view_topcard_company_name\",\"http:\/\/www.pinterest.com\/inverseteams\/\",\"http:\/\/www.youtube.com\/user\/inverseteams?feature=watch\"]}]}<\/script>\n<!-- \/ Yoast SEO plugin. -->","yoast_head_json":{"title":"Mallot m\u00e0niga llarga esqu\u00ed NORDIQUE","description":"Mallot m\u00e0niga llarga d\u2019esqu\u00ed lleuger i el\u00e0stic. S\u2019adapta perfectament al cos i a tos els moviments, garantint una extraordin\u00e0ria aerodin\u00e0mica i una gran comoditat. \u00c9s perfecte per l\u2019esqu\u00ed de fons i el biatl\u00f3. A l\u2019interior de la cintura t\u00e9 una goma de silicona que mant\u00e9 el mallot ben arrapat al cos i evita que es pugi durant l\u2019exercici. Al final de les m\u00e0nigues t\u00e9 uns repunts especials perqu\u00e8 l\u2019esquiador pugui tallar la m\u00e0niga i ajustar-la a la llargada del seu bra\u00e7.","robots":{"index":"index","follow":"follow","max-snippet":"max-snippet:-1","max-image-preview":"max-image-preview:large","max-video-preview":"max-video-preview:-1"},"canonical":"https:\/\/www.inverseteams.com\/ca\/producte\/mallot-maniga-llarga-esqui-nordique\/","og_locale":"ca_ES","og_type":"article","og_title":"Mallot m\u00e0niga llarga esqu\u00ed NORDIQUE","og_description":"Mallot m\u00e0niga llarga d\u2019esqu\u00ed lleuger i el\u00e0stic. S\u2019adapta perfectament al cos i a tos els moviments, garantint una extraordin\u00e0ria aerodin\u00e0mica i una gran comoditat. \u00c9s perfecte per l\u2019esqu\u00ed de fons i el biatl\u00f3. A l\u2019interior de la cintura t\u00e9 una goma de silicona que mant\u00e9 el mallot ben arrapat al cos i evita que es pugi durant l\u2019exercici. Al final de les m\u00e0nigues t\u00e9 uns repunts especials perqu\u00e8 l\u2019esquiador pugui tallar la m\u00e0niga i ajustar-la a la llargada del seu bra\u00e7.","og_url":"https:\/\/www.inverseteams.com\/ca\/producte\/mallot-maniga-llarga-esqui-nordique\/","og_site_name":"Inverseteams","article_publisher":"https:\/\/www.facebook.com\/inverseteams","article_modified_time":"2022-07-21T08:02:20+00:00","og_image":[{"width":3222,"height":3462,"url":"https:\/\/www.inverseteams.com\/wp-content\/uploads\/MAILLOT-LYCRA-ESQUI-NORDIQUE-1.jpg","type":"image\/jpeg"}],"twitter_card":"summary_large_image","schema":{"@context":"https:\/\/schema.org","@graph":[{"@type":"WebPage","@id":"https:\/\/www.inverseteams.com\/ca\/producte\/mallot-maniga-llarga-esqui-nordique\/","url":"https:\/\/www.inverseteams.com\/ca\/producte\/mallot-maniga-llarga-esqui-nordique\/","name":"Mallot m\u00e0niga llarga esqu\u00ed NORDIQUE","isPartOf":{"@id":"https:\/\/www.inverseteams.com\/ca\/#website"},"primaryImageOfPage":{"@id":"https:\/\/www.inverseteams.com\/ca\/producte\/mallot-maniga-llarga-esqui-nordique\/#primaryimage"},"image":{"@id":"https:\/\/www.inverseteams.com\/ca\/producte\/mallot-maniga-llarga-esqui-nordique\/#primaryimage"},"thumbnailUrl":"https:\/\/www.inverseteams.com\/wp-content\/uploads\/MAILLOT-LYCRA-ESQUI-NORDIQUE-1.jpg","datePublished":"2022-07-21T07:47:18+00:00","dateModified":"2022-07-21T08:02:20+00:00","description":"Mallot m\u00e0niga llarga d\u2019esqu\u00ed lleuger i el\u00e0stic. S\u2019adapta perfectament al cos i a tos els moviments, garantint una extraordin\u00e0ria aerodin\u00e0mica i una gran comoditat. \u00c9s perfecte per l\u2019esqu\u00ed de fons i el biatl\u00f3. A l\u2019interior de la cintura t\u00e9 una goma de silicona que mant\u00e9 el mallot ben arrapat al cos i evita que es pugi durant l\u2019exercici. Al final de les m\u00e0nigues t\u00e9 uns repunts especials perqu\u00e8 l\u2019esquiador pugui tallar la m\u00e0niga i ajustar-la a la llargada del seu bra\u00e7.","breadcrumb":{"@id":"https:\/\/www.inverseteams.com\/ca\/producte\/mallot-maniga-llarga-esqui-nordique\/#breadcrumb"},"inLanguage":"ca","potentialAction":[{"@type":"ReadAction","target":["https:\/\/www.inverseteams.com\/ca\/producte\/mallot-maniga-llarga-esqui-nordique\/"]}]},{"@type":"ImageObject","inLanguage":"ca","@id":"https:\/\/www.inverseteams.com\/ca\/producte\/mallot-maniga-llarga-esqui-nordique\/#primaryimage","url":"https:\/\/www.inverseteams.com\/wp-content\/uploads\/MAILLOT-LYCRA-ESQUI-NORDIQUE-1.jpg","contentUrl":"https:\/\/www.inverseteams.com\/wp-content\/uploads\/MAILLOT-LYCRA-ESQUI-NORDIQUE-1.jpg","width":3222,"height":3462,"caption":"Mallot lycra esqu\u00ed de fons NORDIQUE"},{"@type":"BreadcrumbList","@id":"https:\/\/www.inverseteams.com\/ca\/producte\/mallot-maniga-llarga-esqui-nordique\/#breadcrumb","itemListElement":[{"@type":"ListItem","position":1,"name":"Portada","item":"https:\/\/www.inverseteams.com\/ca\/pagina-principal\/"},{"@type":"ListItem","position":2,"name":"Botiga","item":"https:\/\/www.inverseteams.com\/ca\/botiga\/"},{"@type":"ListItem","position":3,"name":"Mallot m\u00e0niga llarga esqu\u00ed NORDIQUE"}]},{"@type":"WebSite","@id":"https:\/\/www.inverseteams.com\/ca\/#website","url":"https:\/\/www.inverseteams.com\/ca\/","name":"Inverseteams","description":"Tu marca de ropa deportiva personalizada","publisher":{"@id":"https:\/\/www.inverseteams.com\/ca\/#organization"},"potentialAction":[{"@type":"SearchAction","target":{"@type":"EntryPoint","urlTemplate":"https:\/\/www.inverseteams.com\/ca\/?s={search_term_string}"},"query-input":{"@type":"PropertyValueSpecification","valueRequired":true,"valueName":"search_term_string"}}],"inLanguage":"ca"},{"@type":"Organization","@id":"https:\/\/www.inverseteams.com\/ca\/#organization","name":"Inverse Teams","url":"https:\/\/www.inverseteams.com\/ca\/","logo":{"@type":"ImageObject","inLanguage":"ca","@id":"https:\/\/www.inverseteams.com\/ca\/#\/schema\/logo\/image\/","url":"https:\/\/www.inverseteams.com\/wp-content\/uploads\/2021\/03\/logo-inverse-teams.png","contentUrl":"https:\/\/www.inverseteams.com\/wp-content\/uploads\/2021\/03\/logo-inverse-teams.png","width":294,"height":99,"caption":"Inverse Teams"},"image":{"@id":"https:\/\/www.inverseteams.com\/ca\/#\/schema\/logo\/image\/"},"sameAs":["https:\/\/www.facebook.com\/inverseteams","http:\/\/instagram.com\/inverseteams","https:\/\/www.linkedin.com\/company\/inverse-cirosport-s-l-?trk=job_view_topcard_company_name","http:\/\/www.pinterest.com\/inverseteams\/","http:\/\/www.youtube.com\/user\/inverseteams?feature=watch"]}]}},"_links":{"self":[{"href":"https:\/\/www.inverseteams.com\/ca\/wp-json\/wp\/v2\/product\/87028","targetHints":{"allow":["GET"]}}],"collection":[{"href":"https:\/\/www.inverseteams.com\/ca\/wp-json\/wp\/v2\/product"}],"about":[{"href":"https:\/\/www.inverseteams.com\/ca\/wp-json\/wp\/v2\/types\/product"}],"replies":[{"embeddable":true,"href":"https:\/\/www.inverseteams.com\/ca\/wp-json\/wp\/v2\/comments?post=87028"}],"wp:featuredmedia":[{"embeddable":true,"href":"https:\/\/www.inverseteams.com\/ca\/wp-json\/wp\/v2\/media\/85981"}],"wp:attachment":[{"href":"https:\/\/www.inverseteams.com\/ca\/wp-json\/wp\/v2\/media?parent=87028"}],"wp:term":[{"taxonomy":"product_brand","embeddable":true,"href":"https:\/\/www.inverseteams.com\/ca\/wp-json\/wp\/v2\/product_brand?post=87028"},{"taxonomy":"product_cat","embeddable":true,"href":"https:\/\/www.inverseteams.com\/ca\/wp-json\/wp\/v2\/product_cat?post=87028"},{"taxonomy":"product_tag","embeddable":true,"href":"https:\/\/www.inverseteams.com\/ca\/wp-json\/wp\/v2\/product_tag?post=87028"},{"taxonomy":"custom_category","embeddable":true,"href":"https:\/\/www.inverseteams.com\/ca\/wp-json\/wp\/v2\/custom_category?post=87028"},{"taxonomy":"range","embeddable":true,"href":"https:\/\/www.inverseteams.com\/ca\/wp-json\/wp\/v2\/range?post=87028"}],"curies":[{"name":"wp","href":"https:\/\/api.w.org\/{rel}","templated":true}]}}