{"id":79340,"date":"2022-06-13T13:00:48","date_gmt":"2022-06-13T13:12:48","guid":{"rendered":"https:\/\/www.inverseteams.com\/?post_type=product&#038;p=79340"},"modified":"2022-11-09T14:27:07","modified_gmt":"2022-11-09T14:27:07","slug":"jaqueta-ciclista-intour-dona","status":"publish","type":"product","link":"https:\/\/www.inverseteams.com\/ca\/producte\/jaqueta-ciclista-intour-dona\/","title":{"rendered":"Jaqueta ciclista INTOUR (DONA)"},"content":{"rendered":"<p>Jaqueta ciclista t\u00e8rmica i impermeable a la part frontal <strong>perfecta pels dies humits<\/strong>. L\u2019esquena est\u00e0 confeccionada amb un teixit fi i transpirable que permet expulsar la suor cap a l\u2019exterior perqu\u00e8 la pell estigui sempre seca. Les aixelles i els laterals estan confeccionats amb un teixit m\u00e9s el\u00e0stic perqu\u00e8 s\u2019adapti perfectament al cos durant el pedaleig. T\u00e9 una <strong>cremallera integral amb el sistema antipull<\/strong> que et permetr\u00e0 posar-te-la i treure-te-la f\u00e0cilment i podr\u00e0s regular la ventilaci\u00f3 durant l\u2019exercici.<br \/>\nLes <strong>m\u00e0nigues <\/strong>s\u2019adapten a totes les posicions i estan confeccionades amb <strong>costures planes<\/strong>. El <strong>puny tallat a l\u00e0ser<\/strong> s\u2019ajusta molt b\u00e9 al bra\u00e7 i evita l\u2019entrada d\u2019aire.<br \/>\nCom a novetat, a un lateral t\u00e9 la <strong>butxaca ECO-TECH<\/strong> de reixeta perqu\u00e8 puguis guardar els residus que generis. A m\u00e9s, a la zona lumbar incorpora 3 butxaques de gran capacitat on podr\u00e0s guardar qualsevol objecte sense por a perdre\u2019l. A la cintura t\u00e9 una banda el\u00e0stica amb un <strong>grip de silicona antilliscant<\/strong> a l\u2019interior per mantenir el mallot ben arrapat al cos. Tamb\u00e9 t\u00e9 varis detalls reflectants per augmentar la teva seguretat a la carretera. <strong>Gaudeix del ciclisme sense preocupacions.<\/strong><\/p>\n","protected":false},"excerpt":{"rendered":"<p>Jaqueta ciclista t\u00e8rmica i impermeable a la part frontal <strong>perfecta pels dies humits<\/strong>. L\u2019esquena est\u00e0 confeccionada amb un teixit fi i transpirable que permet expulsar la suor cap a l\u2019exterior perqu\u00e8 la pell estigui sempre seca. Les aixelles i els laterals estan confeccionats amb un teixit m\u00e9s el\u00e0stic perqu\u00e8 s\u2019adapti perfectament al cos durant el pedaleig. T\u00e9 una <strong>cremallera integral amb el sistema antipull<\/strong> que et permetr\u00e0 posar-te-la i treure-te-la f\u00e0cilment i podr\u00e0s regular la ventilaci\u00f3 durant l\u2019exercici.<br \/>\nLes <strong>m\u00e0nigues <\/strong>s\u2019adapten a totes les posicions i estan confeccionades amb <strong>costures planes<\/strong>. El <strong>puny tallat a l\u00e0ser<\/strong> s\u2019ajusta molt b\u00e9 al bra\u00e7 i evita l\u2019entrada d\u2019aire.<br \/>\nCom a novetat, a un lateral t\u00e9 la <strong>butxaca ECO-TECH<\/strong> de reixeta perqu\u00e8 puguis guardar els residus que generis. A m\u00e9s, a la zona lumbar incorpora 3 butxaques de gran capacitat on podr\u00e0s guardar qualsevol objecte sense por a perdre\u2019l. A la cintura t\u00e9 una banda el\u00e0stica amb un <strong>grip de silicona antilliscant<\/strong> a l\u2019interior per mantenir el mallot ben arrapat al cos. Tamb\u00e9 t\u00e9 varis detalls reflectants per augmentar la teva seguretat a la carretera. <strong>Gaudeix del ciclisme sense preocupacions.<\/strong><\/p>\n","protected":false},"featured_media":92311,"comment_status":"closed","ping_status":"closed","template":"","meta":{"_acf_changed":false},"product_brand":[],"product_cat":[4195,4186,7175],"product_tag":[],"custom_category":[],"range":[],"class_list":{"0":"post-79340","1":"product","2":"type-product","3":"status-publish","4":"has-post-thumbnail","6":"product_cat-ciclisme-outlet","7":"product_cat-outet-ca","8":"product_cat-b2b-ca","9":"pa_climatologia-fred","10":"pa_climatologia-pluja","11":"pa_climatologia-vent","12":"pa_deporte-ciclisme","13":"pa_genero-dona","14":"pa_patronaje-fit-ca","15":"pa_talla-xl-ca","16":"pa_talla-xs-ca","17":"pa_talla-l-ca","18":"pa_talla-m-ca","19":"pa_talla-s-ca","20":"pa_tipo-de-prenda-jaqueta","22":"first","23":"outofstock","24":"sale","25":"taxable","26":"shipping-taxable","27":"purchasable","28":"product-type-variable","29":"has-default-attributes"},"acf":[],"yoast_head":"<!-- This site is optimized with the Yoast SEO plugin v27.3 - https:\/\/yoast.com\/product\/yoast-seo-wordpress\/ -->\n<title>Chaqueta ciclista INTOUR (MUJER)<\/title>\n<meta name=\"description\" content=\"Jaqueta ciclista t\u00e8rmica i impermeable a la part frontal perfecta pels dies humits. L\u2019esquena est\u00e0 confeccionada amb un teixit fi i transpirable que permet expulsar la suor cap a l\u2019exterior perqu\u00e8 la pell estigui sempre seca. Les aixelles i els laterals estan confeccionats amb un teixit m\u00e9s el\u00e0stic perqu\u00e8 s\u2019adapti perfectament al cos durant el pedaleig. T\u00e9 una cremallera integral amb el sistema antipull que et permetr\u00e0 posar-te-la i treure-te-la f\u00e0cilment i podr\u00e0s regular la ventilaci\u00f3 durant l\u2019exercici. Les m\u00e0nigues s\u2019adapten a totes les posicions i estan confeccionades amb costures planes. El puny tallat a l\u00e0ser s\u2019ajusta molt b\u00e9 al bra\u00e7 i evita l\u2019entrada d\u2019aire. Com a novetat, a un lateral t\u00e9 la butxaca ECO-TECH de reixeta perqu\u00e8 puguis guardar els residus que generis. A m\u00e9s, a la zona lumbar incorpora 3 butxaques de gran capacitat on podr\u00e0s guardar qualsevol objecte sense por a perdre\u2019l. A la cintura t\u00e9 una banda el\u00e0stica amb un grip de silicona antilliscant a l\u2019interior per mantenir el mallot ben arrapat al cos. Tamb\u00e9 t\u00e9 varis detalls reflectants per augmentar la teva seguretat a la carretera. Gaudeix del ciclisme sense preocupacions.\" \/>\n<meta name=\"robots\" content=\"index, follow, max-snippet:-1, max-image-preview:large, max-video-preview:-1\" \/>\n<link rel=\"canonical\" href=\"https:\/\/www.inverseteams.com\/ca\/producte\/jaqueta-ciclista-intour-dona\/\" \/>\n<meta property=\"og:locale\" content=\"ca_ES\" \/>\n<meta property=\"og:type\" content=\"article\" \/>\n<meta property=\"og:title\" content=\"Chaqueta ciclista INTOUR (MUJER)\" \/>\n<meta property=\"og:description\" content=\"Jaqueta ciclista t\u00e8rmica i impermeable a la part frontal perfecta pels dies humits. L\u2019esquena est\u00e0 confeccionada amb un teixit fi i transpirable que permet expulsar la suor cap a l\u2019exterior perqu\u00e8 la pell estigui sempre seca. Les aixelles i els laterals estan confeccionats amb un teixit m\u00e9s el\u00e0stic perqu\u00e8 s\u2019adapti perfectament al cos durant el pedaleig. T\u00e9 una cremallera integral amb el sistema antipull que et permetr\u00e0 posar-te-la i treure-te-la f\u00e0cilment i podr\u00e0s regular la ventilaci\u00f3 durant l\u2019exercici. Les m\u00e0nigues s\u2019adapten a totes les posicions i estan confeccionades amb costures planes. El puny tallat a l\u00e0ser s\u2019ajusta molt b\u00e9 al bra\u00e7 i evita l\u2019entrada d\u2019aire. Com a novetat, a un lateral t\u00e9 la butxaca ECO-TECH de reixeta perqu\u00e8 puguis guardar els residus que generis. A m\u00e9s, a la zona lumbar incorpora 3 butxaques de gran capacitat on podr\u00e0s guardar qualsevol objecte sense por a perdre\u2019l. A la cintura t\u00e9 una banda el\u00e0stica amb un grip de silicona antilliscant a l\u2019interior per mantenir el mallot ben arrapat al cos. Tamb\u00e9 t\u00e9 varis detalls reflectants per augmentar la teva seguretat a la carretera. Gaudeix del ciclisme sense preocupacions.\" \/>\n<meta property=\"og:url\" content=\"https:\/\/www.inverseteams.com\/ca\/producte\/jaqueta-ciclista-intour-dona\/\" \/>\n<meta property=\"og:site_name\" content=\"Inverseteams\" \/>\n<meta property=\"article:publisher\" content=\"https:\/\/www.facebook.com\/inverseteams\" \/>\n<meta property=\"article:modified_time\" content=\"2022-11-09T14:27:07+00:00\" \/>\n<meta property=\"og:image\" content=\"https:\/\/www.inverseteams.com\/wp-content\/uploads\/CHAQUETA-CICLISTA-INTOUR-23-MUJER-1.jpg\" \/>\n\t<meta property=\"og:image:width\" content=\"3000\" \/>\n\t<meta property=\"og:image:height\" content=\"3223\" \/>\n\t<meta property=\"og:image:type\" content=\"image\/jpeg\" \/>\n<meta name=\"twitter:card\" content=\"summary_large_image\" \/>\n<meta name=\"twitter:label1\" content=\"Temps estimat de lectura\" \/>\n\t<meta name=\"twitter:data1\" content=\"1 minut\" \/>\n<script type=\"application\/ld+json\" class=\"yoast-schema-graph\">{\"@context\":\"https:\\\/\\\/schema.org\",\"@graph\":[{\"@type\":\"WebPage\",\"@id\":\"https:\\\/\\\/www.inverseteams.com\\\/ca\\\/producte\\\/jaqueta-ciclista-intour-dona\\\/\",\"url\":\"https:\\\/\\\/www.inverseteams.com\\\/ca\\\/producte\\\/jaqueta-ciclista-intour-dona\\\/\",\"name\":\"Chaqueta ciclista INTOUR (MUJER)\",\"isPartOf\":{\"@id\":\"https:\\\/\\\/www.inverseteams.com\\\/ca\\\/#website\"},\"primaryImageOfPage\":{\"@id\":\"https:\\\/\\\/www.inverseteams.com\\\/ca\\\/producte\\\/jaqueta-ciclista-intour-dona\\\/#primaryimage\"},\"image\":{\"@id\":\"https:\\\/\\\/www.inverseteams.com\\\/ca\\\/producte\\\/jaqueta-ciclista-intour-dona\\\/#primaryimage\"},\"thumbnailUrl\":\"https:\\\/\\\/www.inverseteams.com\\\/wp-content\\\/uploads\\\/CHAQUETA-CICLISTA-INTOUR-23-MUJER-1.jpg\",\"datePublished\":\"2022-06-13T13:12:48+00:00\",\"dateModified\":\"2022-11-09T14:27:07+00:00\",\"description\":\"Jaqueta ciclista t\u00e8rmica i impermeable a la part frontal perfecta pels dies humits. L\u2019esquena est\u00e0 confeccionada amb un teixit fi i transpirable que permet expulsar la suor cap a l\u2019exterior perqu\u00e8 la pell estigui sempre seca. Les aixelles i els laterals estan confeccionats amb un teixit m\u00e9s el\u00e0stic perqu\u00e8 s\u2019adapti perfectament al cos durant el pedaleig. T\u00e9 una cremallera integral amb el sistema antipull que et permetr\u00e0 posar-te-la i treure-te-la f\u00e0cilment i podr\u00e0s regular la ventilaci\u00f3 durant l\u2019exercici. Les m\u00e0nigues s\u2019adapten a totes les posicions i estan confeccionades amb costures planes. El puny tallat a l\u00e0ser s\u2019ajusta molt b\u00e9 al bra\u00e7 i evita l\u2019entrada d\u2019aire. Com a novetat, a un lateral t\u00e9 la butxaca ECO-TECH de reixeta perqu\u00e8 puguis guardar els residus que generis. A m\u00e9s, a la zona lumbar incorpora 3 butxaques de gran capacitat on podr\u00e0s guardar qualsevol objecte sense por a perdre\u2019l. A la cintura t\u00e9 una banda el\u00e0stica amb un grip de silicona antilliscant a l\u2019interior per mantenir el mallot ben arrapat al cos. Tamb\u00e9 t\u00e9 varis detalls reflectants per augmentar la teva seguretat a la carretera. Gaudeix del ciclisme sense preocupacions.\",\"breadcrumb\":{\"@id\":\"https:\\\/\\\/www.inverseteams.com\\\/ca\\\/producte\\\/jaqueta-ciclista-intour-dona\\\/#breadcrumb\"},\"inLanguage\":\"ca\",\"potentialAction\":[{\"@type\":\"ReadAction\",\"target\":[\"https:\\\/\\\/www.inverseteams.com\\\/ca\\\/producte\\\/jaqueta-ciclista-intour-dona\\\/\"]}]},{\"@type\":\"ImageObject\",\"inLanguage\":\"ca\",\"@id\":\"https:\\\/\\\/www.inverseteams.com\\\/ca\\\/producte\\\/jaqueta-ciclista-intour-dona\\\/#primaryimage\",\"url\":\"https:\\\/\\\/www.inverseteams.com\\\/wp-content\\\/uploads\\\/CHAQUETA-CICLISTA-INTOUR-23-MUJER-1.jpg\",\"contentUrl\":\"https:\\\/\\\/www.inverseteams.com\\\/wp-content\\\/uploads\\\/CHAQUETA-CICLISTA-INTOUR-23-MUJER-1.jpg\",\"width\":3000,\"height\":3223},{\"@type\":\"BreadcrumbList\",\"@id\":\"https:\\\/\\\/www.inverseteams.com\\\/ca\\\/producte\\\/jaqueta-ciclista-intour-dona\\\/#breadcrumb\",\"itemListElement\":[{\"@type\":\"ListItem\",\"position\":1,\"name\":\"Portada\",\"item\":\"https:\\\/\\\/www.inverseteams.com\\\/ca\\\/pagina-principal\\\/\"},{\"@type\":\"ListItem\",\"position\":2,\"name\":\"Botiga\",\"item\":\"https:\\\/\\\/www.inverseteams.com\\\/ca\\\/botiga\\\/\"},{\"@type\":\"ListItem\",\"position\":3,\"name\":\"Jaqueta ciclista INTOUR (DONA)\"}]},{\"@type\":\"WebSite\",\"@id\":\"https:\\\/\\\/www.inverseteams.com\\\/ca\\\/#website\",\"url\":\"https:\\\/\\\/www.inverseteams.com\\\/ca\\\/\",\"name\":\"Inverseteams\",\"description\":\"Tu marca de ropa deportiva personalizada\",\"publisher\":{\"@id\":\"https:\\\/\\\/www.inverseteams.com\\\/ca\\\/#organization\"},\"potentialAction\":[{\"@type\":\"SearchAction\",\"target\":{\"@type\":\"EntryPoint\",\"urlTemplate\":\"https:\\\/\\\/www.inverseteams.com\\\/ca\\\/?s={search_term_string}\"},\"query-input\":{\"@type\":\"PropertyValueSpecification\",\"valueRequired\":true,\"valueName\":\"search_term_string\"}}],\"inLanguage\":\"ca\"},{\"@type\":\"Organization\",\"@id\":\"https:\\\/\\\/www.inverseteams.com\\\/ca\\\/#organization\",\"name\":\"Inverse Teams\",\"url\":\"https:\\\/\\\/www.inverseteams.com\\\/ca\\\/\",\"logo\":{\"@type\":\"ImageObject\",\"inLanguage\":\"ca\",\"@id\":\"https:\\\/\\\/www.inverseteams.com\\\/ca\\\/#\\\/schema\\\/logo\\\/image\\\/\",\"url\":\"http:\\\/\\\/www.inverseteams.com\\\/wp-content\\\/uploads\\\/2021\\\/03\\\/logo-inverse-teams.png\",\"contentUrl\":\"http:\\\/\\\/www.inverseteams.com\\\/wp-content\\\/uploads\\\/2021\\\/03\\\/logo-inverse-teams.png\",\"width\":294,\"height\":99,\"caption\":\"Inverse Teams\"},\"image\":{\"@id\":\"https:\\\/\\\/www.inverseteams.com\\\/ca\\\/#\\\/schema\\\/logo\\\/image\\\/\"},\"sameAs\":[\"https:\\\/\\\/www.facebook.com\\\/inverseteams\",\"http:\\\/\\\/instagram.com\\\/inverseteams\",\"https:\\\/\\\/www.linkedin.com\\\/company\\\/inverse-cirosport-s-l-?trk=job_view_topcard_company_name\",\"http:\\\/\\\/www.pinterest.com\\\/inverseteams\\\/\",\"http:\\\/\\\/www.youtube.com\\\/user\\\/inverseteams?feature=watch\"]}]}<\/script>\n<!-- \/ Yoast SEO plugin. -->","yoast_head_json":{"title":"Chaqueta ciclista INTOUR (MUJER)","description":"Jaqueta ciclista t\u00e8rmica i impermeable a la part frontal perfecta pels dies humits. L\u2019esquena est\u00e0 confeccionada amb un teixit fi i transpirable que permet expulsar la suor cap a l\u2019exterior perqu\u00e8 la pell estigui sempre seca. Les aixelles i els laterals estan confeccionats amb un teixit m\u00e9s el\u00e0stic perqu\u00e8 s\u2019adapti perfectament al cos durant el pedaleig. T\u00e9 una cremallera integral amb el sistema antipull que et permetr\u00e0 posar-te-la i treure-te-la f\u00e0cilment i podr\u00e0s regular la ventilaci\u00f3 durant l\u2019exercici. Les m\u00e0nigues s\u2019adapten a totes les posicions i estan confeccionades amb costures planes. El puny tallat a l\u00e0ser s\u2019ajusta molt b\u00e9 al bra\u00e7 i evita l\u2019entrada d\u2019aire. Com a novetat, a un lateral t\u00e9 la butxaca ECO-TECH de reixeta perqu\u00e8 puguis guardar els residus que generis. A m\u00e9s, a la zona lumbar incorpora 3 butxaques de gran capacitat on podr\u00e0s guardar qualsevol objecte sense por a perdre\u2019l. A la cintura t\u00e9 una banda el\u00e0stica amb un grip de silicona antilliscant a l\u2019interior per mantenir el mallot ben arrapat al cos. Tamb\u00e9 t\u00e9 varis detalls reflectants per augmentar la teva seguretat a la carretera. Gaudeix del ciclisme sense preocupacions.","robots":{"index":"index","follow":"follow","max-snippet":"max-snippet:-1","max-image-preview":"max-image-preview:large","max-video-preview":"max-video-preview:-1"},"canonical":"https:\/\/www.inverseteams.com\/ca\/producte\/jaqueta-ciclista-intour-dona\/","og_locale":"ca_ES","og_type":"article","og_title":"Chaqueta ciclista INTOUR (MUJER)","og_description":"Jaqueta ciclista t\u00e8rmica i impermeable a la part frontal perfecta pels dies humits. L\u2019esquena est\u00e0 confeccionada amb un teixit fi i transpirable que permet expulsar la suor cap a l\u2019exterior perqu\u00e8 la pell estigui sempre seca. Les aixelles i els laterals estan confeccionats amb un teixit m\u00e9s el\u00e0stic perqu\u00e8 s\u2019adapti perfectament al cos durant el pedaleig. T\u00e9 una cremallera integral amb el sistema antipull que et permetr\u00e0 posar-te-la i treure-te-la f\u00e0cilment i podr\u00e0s regular la ventilaci\u00f3 durant l\u2019exercici. Les m\u00e0nigues s\u2019adapten a totes les posicions i estan confeccionades amb costures planes. El puny tallat a l\u00e0ser s\u2019ajusta molt b\u00e9 al bra\u00e7 i evita l\u2019entrada d\u2019aire. Com a novetat, a un lateral t\u00e9 la butxaca ECO-TECH de reixeta perqu\u00e8 puguis guardar els residus que generis. A m\u00e9s, a la zona lumbar incorpora 3 butxaques de gran capacitat on podr\u00e0s guardar qualsevol objecte sense por a perdre\u2019l. A la cintura t\u00e9 una banda el\u00e0stica amb un grip de silicona antilliscant a l\u2019interior per mantenir el mallot ben arrapat al cos. Tamb\u00e9 t\u00e9 varis detalls reflectants per augmentar la teva seguretat a la carretera. Gaudeix del ciclisme sense preocupacions.","og_url":"https:\/\/www.inverseteams.com\/ca\/producte\/jaqueta-ciclista-intour-dona\/","og_site_name":"Inverseteams","article_publisher":"https:\/\/www.facebook.com\/inverseteams","article_modified_time":"2022-11-09T14:27:07+00:00","og_image":[{"width":3000,"height":3223,"url":"https:\/\/www.inverseteams.com\/wp-content\/uploads\/CHAQUETA-CICLISTA-INTOUR-23-MUJER-1.jpg","type":"image\/jpeg"}],"twitter_card":"summary_large_image","twitter_misc":{"Temps estimat de lectura":"1 minut"},"schema":{"@context":"https:\/\/schema.org","@graph":[{"@type":"WebPage","@id":"https:\/\/www.inverseteams.com\/ca\/producte\/jaqueta-ciclista-intour-dona\/","url":"https:\/\/www.inverseteams.com\/ca\/producte\/jaqueta-ciclista-intour-dona\/","name":"Chaqueta ciclista INTOUR (MUJER)","isPartOf":{"@id":"https:\/\/www.inverseteams.com\/ca\/#website"},"primaryImageOfPage":{"@id":"https:\/\/www.inverseteams.com\/ca\/producte\/jaqueta-ciclista-intour-dona\/#primaryimage"},"image":{"@id":"https:\/\/www.inverseteams.com\/ca\/producte\/jaqueta-ciclista-intour-dona\/#primaryimage"},"thumbnailUrl":"https:\/\/www.inverseteams.com\/wp-content\/uploads\/CHAQUETA-CICLISTA-INTOUR-23-MUJER-1.jpg","datePublished":"2022-06-13T13:12:48+00:00","dateModified":"2022-11-09T14:27:07+00:00","description":"Jaqueta ciclista t\u00e8rmica i impermeable a la part frontal perfecta pels dies humits. L\u2019esquena est\u00e0 confeccionada amb un teixit fi i transpirable que permet expulsar la suor cap a l\u2019exterior perqu\u00e8 la pell estigui sempre seca. Les aixelles i els laterals estan confeccionats amb un teixit m\u00e9s el\u00e0stic perqu\u00e8 s\u2019adapti perfectament al cos durant el pedaleig. T\u00e9 una cremallera integral amb el sistema antipull que et permetr\u00e0 posar-te-la i treure-te-la f\u00e0cilment i podr\u00e0s regular la ventilaci\u00f3 durant l\u2019exercici. Les m\u00e0nigues s\u2019adapten a totes les posicions i estan confeccionades amb costures planes. El puny tallat a l\u00e0ser s\u2019ajusta molt b\u00e9 al bra\u00e7 i evita l\u2019entrada d\u2019aire. Com a novetat, a un lateral t\u00e9 la butxaca ECO-TECH de reixeta perqu\u00e8 puguis guardar els residus que generis. A m\u00e9s, a la zona lumbar incorpora 3 butxaques de gran capacitat on podr\u00e0s guardar qualsevol objecte sense por a perdre\u2019l. A la cintura t\u00e9 una banda el\u00e0stica amb un grip de silicona antilliscant a l\u2019interior per mantenir el mallot ben arrapat al cos. Tamb\u00e9 t\u00e9 varis detalls reflectants per augmentar la teva seguretat a la carretera. Gaudeix del ciclisme sense preocupacions.","breadcrumb":{"@id":"https:\/\/www.inverseteams.com\/ca\/producte\/jaqueta-ciclista-intour-dona\/#breadcrumb"},"inLanguage":"ca","potentialAction":[{"@type":"ReadAction","target":["https:\/\/www.inverseteams.com\/ca\/producte\/jaqueta-ciclista-intour-dona\/"]}]},{"@type":"ImageObject","inLanguage":"ca","@id":"https:\/\/www.inverseteams.com\/ca\/producte\/jaqueta-ciclista-intour-dona\/#primaryimage","url":"https:\/\/www.inverseteams.com\/wp-content\/uploads\/CHAQUETA-CICLISTA-INTOUR-23-MUJER-1.jpg","contentUrl":"https:\/\/www.inverseteams.com\/wp-content\/uploads\/CHAQUETA-CICLISTA-INTOUR-23-MUJER-1.jpg","width":3000,"height":3223},{"@type":"BreadcrumbList","@id":"https:\/\/www.inverseteams.com\/ca\/producte\/jaqueta-ciclista-intour-dona\/#breadcrumb","itemListElement":[{"@type":"ListItem","position":1,"name":"Portada","item":"https:\/\/www.inverseteams.com\/ca\/pagina-principal\/"},{"@type":"ListItem","position":2,"name":"Botiga","item":"https:\/\/www.inverseteams.com\/ca\/botiga\/"},{"@type":"ListItem","position":3,"name":"Jaqueta ciclista INTOUR (DONA)"}]},{"@type":"WebSite","@id":"https:\/\/www.inverseteams.com\/ca\/#website","url":"https:\/\/www.inverseteams.com\/ca\/","name":"Inverseteams","description":"Tu marca de ropa deportiva personalizada","publisher":{"@id":"https:\/\/www.inverseteams.com\/ca\/#organization"},"potentialAction":[{"@type":"SearchAction","target":{"@type":"EntryPoint","urlTemplate":"https:\/\/www.inverseteams.com\/ca\/?s={search_term_string}"},"query-input":{"@type":"PropertyValueSpecification","valueRequired":true,"valueName":"search_term_string"}}],"inLanguage":"ca"},{"@type":"Organization","@id":"https:\/\/www.inverseteams.com\/ca\/#organization","name":"Inverse Teams","url":"https:\/\/www.inverseteams.com\/ca\/","logo":{"@type":"ImageObject","inLanguage":"ca","@id":"https:\/\/www.inverseteams.com\/ca\/#\/schema\/logo\/image\/","url":"https:\/\/www.inverseteams.com\/wp-content\/uploads\/2021\/03\/logo-inverse-teams.png","contentUrl":"https:\/\/www.inverseteams.com\/wp-content\/uploads\/2021\/03\/logo-inverse-teams.png","width":294,"height":99,"caption":"Inverse Teams"},"image":{"@id":"https:\/\/www.inverseteams.com\/ca\/#\/schema\/logo\/image\/"},"sameAs":["https:\/\/www.facebook.com\/inverseteams","http:\/\/instagram.com\/inverseteams","https:\/\/www.linkedin.com\/company\/inverse-cirosport-s-l-?trk=job_view_topcard_company_name","http:\/\/www.pinterest.com\/inverseteams\/","http:\/\/www.youtube.com\/user\/inverseteams?feature=watch"]}]}},"_links":{"self":[{"href":"https:\/\/www.inverseteams.com\/ca\/wp-json\/wp\/v2\/product\/79340","targetHints":{"allow":["GET"]}}],"collection":[{"href":"https:\/\/www.inverseteams.com\/ca\/wp-json\/wp\/v2\/product"}],"about":[{"href":"https:\/\/www.inverseteams.com\/ca\/wp-json\/wp\/v2\/types\/product"}],"replies":[{"embeddable":true,"href":"https:\/\/www.inverseteams.com\/ca\/wp-json\/wp\/v2\/comments?post=79340"}],"wp:featuredmedia":[{"embeddable":true,"href":"https:\/\/www.inverseteams.com\/ca\/wp-json\/wp\/v2\/media\/92311"}],"wp:attachment":[{"href":"https:\/\/www.inverseteams.com\/ca\/wp-json\/wp\/v2\/media?parent=79340"}],"wp:term":[{"taxonomy":"product_brand","embeddable":true,"href":"https:\/\/www.inverseteams.com\/ca\/wp-json\/wp\/v2\/product_brand?post=79340"},{"taxonomy":"product_cat","embeddable":true,"href":"https:\/\/www.inverseteams.com\/ca\/wp-json\/wp\/v2\/product_cat?post=79340"},{"taxonomy":"product_tag","embeddable":true,"href":"https:\/\/www.inverseteams.com\/ca\/wp-json\/wp\/v2\/product_tag?post=79340"},{"taxonomy":"custom_category","embeddable":true,"href":"https:\/\/www.inverseteams.com\/ca\/wp-json\/wp\/v2\/custom_category?post=79340"},{"taxonomy":"range","embeddable":true,"href":"https:\/\/www.inverseteams.com\/ca\/wp-json\/wp\/v2\/range?post=79340"}],"curies":[{"name":"wp","href":"https:\/\/api.w.org\/{rel}","templated":true}]}}