{"id":79331,"date":"2022-06-13T12:57:01","date_gmt":"2022-06-13T13:10:54","guid":{"rendered":"https:\/\/www.inverseteams.com\/?post_type=product&#038;p=79331"},"modified":"2022-11-09T14:26:05","modified_gmt":"2022-11-09T14:26:05","slug":"maillot-ciclista-maniga-llarga-scuba-pro-pure-dona","status":"publish","type":"product","link":"https:\/\/www.inverseteams.com\/ca\/producte\/maillot-ciclista-maniga-llarga-scuba-pro-pure-dona\/","title":{"rendered":"Maillot ciclista m\u00e0niga llarga SCUBA PRO PURE (DONA)"},"content":{"rendered":"<p>Mallot ciclisme t\u00e8cnic perfecte per entrenar i competir ben protegit del fred. El teixit YK-TECH <strong>millora la conservaci\u00f3 de l\u2019escalfor corporal i facilita l\u2019evacuaci\u00f3 de la suor<\/strong>. Tindr\u00e0s una sensaci\u00f3 de confort total i la teva pell estar\u00e0 seca durant totes les hores d\u2019exercici. El seu patronatge SLIM FIT permet que el mallot ciclista estigui ben arrapat al cos per maximitzar les seves caracter\u00edstiques t\u00e8cniques i millorar l\u2019aerodin\u00e0mica. T\u00e9 una cremallera integral amb sistema antipull que et permetr\u00e0 posar-te\u2019l i treure-te\u2019l f\u00e0cilment i podr\u00e0s regular la ventilaci\u00f3 durant l\u2019exercici.<br \/>\nLes <strong>m\u00e0nigues ranglan AERO PRO<\/strong> fabricades amb el teixit THERMAL SPIRIT s\u2019adapten a totes les posicions i ajuden a que l\u2019aire llisqui r\u00e0pidament eliminant turbul\u00e8ncies. Estan confeccionades amb costures planes per evitar rascades. El <strong>puny tallat a l\u00e0ser<\/strong> s\u2019ajusta molt b\u00e9 al bra\u00e7 i evita l\u2019entrada d\u2019aire.<br \/>\nA la cintura t\u00e9 una banda el\u00e0stica amb un <strong>grip de silicona antilliscant<\/strong> a l\u2019interior per mantenir el mallot ben arrapat al cos. A la zona lumbar incorpora 3 butxaques amb el nou <strong>sistema de seguretat ISP<\/strong> \u2013 Inverse Safe Procket \u2013 on podr\u00e0s guardar qualsevol objecte sense por a perdre\u2019l. Tamb\u00e9 t\u00e9 varis detalls reflectants per augmentar la teva seguretat a la carretera.<strong> Gaudeix del ciclisme sense preocupacions.<\/strong><\/p>\n","protected":false},"excerpt":{"rendered":"<p>Mallot ciclisme t\u00e8cnic perfecte per entrenar i competir ben protegit del fred. El teixit YK-TECH <strong>millora la conservaci\u00f3 de l\u2019escalfor corporal i facilita l\u2019evacuaci\u00f3 de la suor<\/strong>. Tindr\u00e0s una sensaci\u00f3 de confort total i la teva pell estar\u00e0 seca durant totes les hores d\u2019exercici. El seu patronatge SLIM FIT permet que el mallot ciclista estigui ben arrapat al cos per maximitzar les seves caracter\u00edstiques t\u00e8cniques i millorar l\u2019aerodin\u00e0mica. T\u00e9 una cremallera integral amb sistema antipull que et permetr\u00e0 posar-te\u2019l i treure-te\u2019l f\u00e0cilment i podr\u00e0s regular la ventilaci\u00f3 durant l\u2019exercici.<br \/>\nLes <strong>m\u00e0nigues ranglan AERO PRO<\/strong> fabricades amb el teixit THERMAL SPIRIT s\u2019adapten a totes les posicions i ajuden a que l\u2019aire llisqui r\u00e0pidament eliminant turbul\u00e8ncies. Estan confeccionades amb costures planes per evitar rascades. El <strong>puny tallat a l\u00e0ser<\/strong> s\u2019ajusta molt b\u00e9 al bra\u00e7 i evita l\u2019entrada d\u2019aire.<br \/>\nA la cintura t\u00e9 una banda el\u00e0stica amb un <strong>grip de silicona antilliscant<\/strong> a l\u2019interior per mantenir el mallot ben arrapat al cos. A la zona lumbar incorpora 3 butxaques amb el nou <strong>sistema de seguretat ISP<\/strong> \u2013 Inverse Safe Procket \u2013 on podr\u00e0s guardar qualsevol objecte sense por a perdre\u2019l. Tamb\u00e9 t\u00e9 varis detalls reflectants per augmentar la teva seguretat a la carretera.<strong> Gaudeix del ciclisme sense preocupacions.<\/strong><\/p>\n","protected":false},"featured_media":92701,"comment_status":"closed","ping_status":"closed","template":"","meta":{"_acf_changed":false},"product_brand":[],"product_cat":[4120,7175],"product_tag":[],"custom_category":[],"range":[],"class_list":{"0":"post-79331","1":"product","2":"type-product","3":"status-publish","4":"has-post-thumbnail","6":"product_cat-mallot-ciclista","7":"product_cat-b2b-ca","8":"pa_climatologia-fred","9":"pa_deporte-ciclisme","10":"pa_genero-dona","11":"pa_patronaje-fit-ca","12":"pa_talla-l-ca","13":"pa_talla-m-ca","14":"pa_talla-s-ca","15":"pa_talla-xl-ca","16":"pa_talla-xs-ca","17":"pa_tipo-de-prenda-mallot-maniga-llarga","19":"first","20":"outofstock","21":"taxable","22":"shipping-taxable","23":"purchasable","24":"product-type-variable","25":"has-default-attributes"},"acf":[],"yoast_head":"<!-- This site is optimized with the Yoast SEO plugin v27.3 - https:\/\/yoast.com\/product\/yoast-seo-wordpress\/ -->\n<title>Maillot ciclista manga larga SCUBA PRO PURE (MUJER)<\/title>\n<meta name=\"description\" content=\"Mallot ciclisme t\u00e8cnic perfecte per entrenar i competir ben protegit del fred. El teixit YK-TECH millora la conservaci\u00f3 de l\u2019escalfor corporal i facilita l\u2019evacuaci\u00f3 de la suor. Tindr\u00e0s una sensaci\u00f3 de confort total i la teva pell estar\u00e0 seca durant totes les hores d\u2019exercici. El seu patronatge SLIM FIT permet que el mallot ciclista estigui ben arrapat al cos per maximitzar les seves caracter\u00edstiques t\u00e8cniques i millorar l\u2019aerodin\u00e0mica. T\u00e9 una cremallera integral amb sistema antipull que et permetr\u00e0 posar-te\u2019l i treure-te\u2019l f\u00e0cilment i podr\u00e0s regular la ventilaci\u00f3 durant l\u2019exercici. Les m\u00e0nigues ranglan AERO PRO fabricades amb el teixit THERMAL SPIRIT s\u2019adapten a totes les posicions i ajuden a que l\u2019aire llisqui r\u00e0pidament eliminant turbul\u00e8ncies. Estan confeccionades amb costures planes per evitar rascades. El puny tallat a l\u00e0ser s\u2019ajusta molt b\u00e9 al bra\u00e7 i evita l\u2019entrada d\u2019aire. A la cintura t\u00e9 una banda el\u00e0stica amb un grip de silicona antilliscant a l\u2019interior per mantenir el mallot ben arrapat al cos. A la zona lumbar incorpora 3 butxaques amb el nou sistema de seguretat ISP \u2013 Inverse Safe Procket \u2013 on podr\u00e0s guardar qualsevol objecte sense por a perdre\u2019l. Tamb\u00e9 t\u00e9 varis detalls reflectants per augmentar la teva seguretat a la carretera. Gaudeix del ciclisme sense preocupacions.\" \/>\n<meta name=\"robots\" content=\"index, follow, max-snippet:-1, max-image-preview:large, max-video-preview:-1\" \/>\n<link rel=\"canonical\" href=\"https:\/\/www.inverseteams.com\/ca\/producte\/maillot-ciclista-maniga-llarga-scuba-pro-pure-dona\/\" \/>\n<meta property=\"og:locale\" content=\"ca_ES\" \/>\n<meta property=\"og:type\" content=\"article\" \/>\n<meta property=\"og:title\" content=\"Maillot ciclista manga larga SCUBA PRO PURE (MUJER)\" \/>\n<meta property=\"og:description\" content=\"Mallot ciclisme t\u00e8cnic perfecte per entrenar i competir ben protegit del fred. El teixit YK-TECH millora la conservaci\u00f3 de l\u2019escalfor corporal i facilita l\u2019evacuaci\u00f3 de la suor. Tindr\u00e0s una sensaci\u00f3 de confort total i la teva pell estar\u00e0 seca durant totes les hores d\u2019exercici. El seu patronatge SLIM FIT permet que el mallot ciclista estigui ben arrapat al cos per maximitzar les seves caracter\u00edstiques t\u00e8cniques i millorar l\u2019aerodin\u00e0mica. T\u00e9 una cremallera integral amb sistema antipull que et permetr\u00e0 posar-te\u2019l i treure-te\u2019l f\u00e0cilment i podr\u00e0s regular la ventilaci\u00f3 durant l\u2019exercici. Les m\u00e0nigues ranglan AERO PRO fabricades amb el teixit THERMAL SPIRIT s\u2019adapten a totes les posicions i ajuden a que l\u2019aire llisqui r\u00e0pidament eliminant turbul\u00e8ncies. Estan confeccionades amb costures planes per evitar rascades. El puny tallat a l\u00e0ser s\u2019ajusta molt b\u00e9 al bra\u00e7 i evita l\u2019entrada d\u2019aire. A la cintura t\u00e9 una banda el\u00e0stica amb un grip de silicona antilliscant a l\u2019interior per mantenir el mallot ben arrapat al cos. A la zona lumbar incorpora 3 butxaques amb el nou sistema de seguretat ISP \u2013 Inverse Safe Procket \u2013 on podr\u00e0s guardar qualsevol objecte sense por a perdre\u2019l. Tamb\u00e9 t\u00e9 varis detalls reflectants per augmentar la teva seguretat a la carretera. Gaudeix del ciclisme sense preocupacions.\" \/>\n<meta property=\"og:url\" content=\"https:\/\/www.inverseteams.com\/ca\/producte\/maillot-ciclista-maniga-llarga-scuba-pro-pure-dona\/\" \/>\n<meta property=\"og:site_name\" content=\"Inverseteams\" \/>\n<meta property=\"article:publisher\" content=\"https:\/\/www.facebook.com\/inverseteams\" \/>\n<meta property=\"article:modified_time\" content=\"2022-11-09T14:26:05+00:00\" \/>\n<meta property=\"og:image\" content=\"https:\/\/www.inverseteams.com\/wp-content\/uploads\/MAILLOT-CICLISMO-PURE-SCUBAPRO-23-MUJER-1.jpg\" \/>\n\t<meta property=\"og:image:width\" content=\"3000\" \/>\n\t<meta property=\"og:image:height\" content=\"3223\" \/>\n\t<meta property=\"og:image:type\" content=\"image\/jpeg\" \/>\n<meta name=\"twitter:card\" content=\"summary_large_image\" \/>\n<meta name=\"twitter:label1\" content=\"Temps estimat de lectura\" \/>\n\t<meta name=\"twitter:data1\" content=\"1 minut\" \/>\n<script type=\"application\/ld+json\" class=\"yoast-schema-graph\">{\"@context\":\"https:\\\/\\\/schema.org\",\"@graph\":[{\"@type\":\"WebPage\",\"@id\":\"https:\\\/\\\/www.inverseteams.com\\\/ca\\\/producte\\\/maillot-ciclista-maniga-llarga-scuba-pro-pure-dona\\\/\",\"url\":\"https:\\\/\\\/www.inverseteams.com\\\/ca\\\/producte\\\/maillot-ciclista-maniga-llarga-scuba-pro-pure-dona\\\/\",\"name\":\"Maillot ciclista manga larga SCUBA PRO PURE (MUJER)\",\"isPartOf\":{\"@id\":\"https:\\\/\\\/www.inverseteams.com\\\/ca\\\/#website\"},\"primaryImageOfPage\":{\"@id\":\"https:\\\/\\\/www.inverseteams.com\\\/ca\\\/producte\\\/maillot-ciclista-maniga-llarga-scuba-pro-pure-dona\\\/#primaryimage\"},\"image\":{\"@id\":\"https:\\\/\\\/www.inverseteams.com\\\/ca\\\/producte\\\/maillot-ciclista-maniga-llarga-scuba-pro-pure-dona\\\/#primaryimage\"},\"thumbnailUrl\":\"https:\\\/\\\/www.inverseteams.com\\\/wp-content\\\/uploads\\\/MAILLOT-CICLISMO-PURE-SCUBAPRO-23-MUJER-1.jpg\",\"datePublished\":\"2022-06-13T13:10:54+00:00\",\"dateModified\":\"2022-11-09T14:26:05+00:00\",\"description\":\"Mallot ciclisme t\u00e8cnic perfecte per entrenar i competir ben protegit del fred. El teixit YK-TECH millora la conservaci\u00f3 de l\u2019escalfor corporal i facilita l\u2019evacuaci\u00f3 de la suor. Tindr\u00e0s una sensaci\u00f3 de confort total i la teva pell estar\u00e0 seca durant totes les hores d\u2019exercici. El seu patronatge SLIM FIT permet que el mallot ciclista estigui ben arrapat al cos per maximitzar les seves caracter\u00edstiques t\u00e8cniques i millorar l\u2019aerodin\u00e0mica. T\u00e9 una cremallera integral amb sistema antipull que et permetr\u00e0 posar-te\u2019l i treure-te\u2019l f\u00e0cilment i podr\u00e0s regular la ventilaci\u00f3 durant l\u2019exercici. Les m\u00e0nigues ranglan AERO PRO fabricades amb el teixit THERMAL SPIRIT s\u2019adapten a totes les posicions i ajuden a que l\u2019aire llisqui r\u00e0pidament eliminant turbul\u00e8ncies. Estan confeccionades amb costures planes per evitar rascades. El puny tallat a l\u00e0ser s\u2019ajusta molt b\u00e9 al bra\u00e7 i evita l\u2019entrada d\u2019aire. A la cintura t\u00e9 una banda el\u00e0stica amb un grip de silicona antilliscant a l\u2019interior per mantenir el mallot ben arrapat al cos. A la zona lumbar incorpora 3 butxaques amb el nou sistema de seguretat ISP \u2013 Inverse Safe Procket \u2013 on podr\u00e0s guardar qualsevol objecte sense por a perdre\u2019l. Tamb\u00e9 t\u00e9 varis detalls reflectants per augmentar la teva seguretat a la carretera. Gaudeix del ciclisme sense preocupacions.\",\"breadcrumb\":{\"@id\":\"https:\\\/\\\/www.inverseteams.com\\\/ca\\\/producte\\\/maillot-ciclista-maniga-llarga-scuba-pro-pure-dona\\\/#breadcrumb\"},\"inLanguage\":\"ca\",\"potentialAction\":[{\"@type\":\"ReadAction\",\"target\":[\"https:\\\/\\\/www.inverseteams.com\\\/ca\\\/producte\\\/maillot-ciclista-maniga-llarga-scuba-pro-pure-dona\\\/\"]}]},{\"@type\":\"ImageObject\",\"inLanguage\":\"ca\",\"@id\":\"https:\\\/\\\/www.inverseteams.com\\\/ca\\\/producte\\\/maillot-ciclista-maniga-llarga-scuba-pro-pure-dona\\\/#primaryimage\",\"url\":\"https:\\\/\\\/www.inverseteams.com\\\/wp-content\\\/uploads\\\/MAILLOT-CICLISMO-PURE-SCUBAPRO-23-MUJER-1.jpg\",\"contentUrl\":\"https:\\\/\\\/www.inverseteams.com\\\/wp-content\\\/uploads\\\/MAILLOT-CICLISMO-PURE-SCUBAPRO-23-MUJER-1.jpg\",\"width\":3000,\"height\":3223},{\"@type\":\"BreadcrumbList\",\"@id\":\"https:\\\/\\\/www.inverseteams.com\\\/ca\\\/producte\\\/maillot-ciclista-maniga-llarga-scuba-pro-pure-dona\\\/#breadcrumb\",\"itemListElement\":[{\"@type\":\"ListItem\",\"position\":1,\"name\":\"Portada\",\"item\":\"https:\\\/\\\/www.inverseteams.com\\\/ca\\\/pagina-principal\\\/\"},{\"@type\":\"ListItem\",\"position\":2,\"name\":\"Botiga\",\"item\":\"https:\\\/\\\/www.inverseteams.com\\\/ca\\\/botiga\\\/\"},{\"@type\":\"ListItem\",\"position\":3,\"name\":\"Maillot ciclista m\u00e0niga llarga SCUBA PRO PURE (DONA)\"}]},{\"@type\":\"WebSite\",\"@id\":\"https:\\\/\\\/www.inverseteams.com\\\/ca\\\/#website\",\"url\":\"https:\\\/\\\/www.inverseteams.com\\\/ca\\\/\",\"name\":\"Inverseteams\",\"description\":\"Tu marca de ropa deportiva personalizada\",\"publisher\":{\"@id\":\"https:\\\/\\\/www.inverseteams.com\\\/ca\\\/#organization\"},\"potentialAction\":[{\"@type\":\"SearchAction\",\"target\":{\"@type\":\"EntryPoint\",\"urlTemplate\":\"https:\\\/\\\/www.inverseteams.com\\\/ca\\\/?s={search_term_string}\"},\"query-input\":{\"@type\":\"PropertyValueSpecification\",\"valueRequired\":true,\"valueName\":\"search_term_string\"}}],\"inLanguage\":\"ca\"},{\"@type\":\"Organization\",\"@id\":\"https:\\\/\\\/www.inverseteams.com\\\/ca\\\/#organization\",\"name\":\"Inverse Teams\",\"url\":\"https:\\\/\\\/www.inverseteams.com\\\/ca\\\/\",\"logo\":{\"@type\":\"ImageObject\",\"inLanguage\":\"ca\",\"@id\":\"https:\\\/\\\/www.inverseteams.com\\\/ca\\\/#\\\/schema\\\/logo\\\/image\\\/\",\"url\":\"http:\\\/\\\/www.inverseteams.com\\\/wp-content\\\/uploads\\\/2021\\\/03\\\/logo-inverse-teams.png\",\"contentUrl\":\"http:\\\/\\\/www.inverseteams.com\\\/wp-content\\\/uploads\\\/2021\\\/03\\\/logo-inverse-teams.png\",\"width\":294,\"height\":99,\"caption\":\"Inverse Teams\"},\"image\":{\"@id\":\"https:\\\/\\\/www.inverseteams.com\\\/ca\\\/#\\\/schema\\\/logo\\\/image\\\/\"},\"sameAs\":[\"https:\\\/\\\/www.facebook.com\\\/inverseteams\",\"http:\\\/\\\/instagram.com\\\/inverseteams\",\"https:\\\/\\\/www.linkedin.com\\\/company\\\/inverse-cirosport-s-l-?trk=job_view_topcard_company_name\",\"http:\\\/\\\/www.pinterest.com\\\/inverseteams\\\/\",\"http:\\\/\\\/www.youtube.com\\\/user\\\/inverseteams?feature=watch\"]}]}<\/script>\n<!-- \/ Yoast SEO plugin. -->","yoast_head_json":{"title":"Maillot ciclista manga larga SCUBA PRO PURE (MUJER)","description":"Mallot ciclisme t\u00e8cnic perfecte per entrenar i competir ben protegit del fred. El teixit YK-TECH millora la conservaci\u00f3 de l\u2019escalfor corporal i facilita l\u2019evacuaci\u00f3 de la suor. Tindr\u00e0s una sensaci\u00f3 de confort total i la teva pell estar\u00e0 seca durant totes les hores d\u2019exercici. El seu patronatge SLIM FIT permet que el mallot ciclista estigui ben arrapat al cos per maximitzar les seves caracter\u00edstiques t\u00e8cniques i millorar l\u2019aerodin\u00e0mica. T\u00e9 una cremallera integral amb sistema antipull que et permetr\u00e0 posar-te\u2019l i treure-te\u2019l f\u00e0cilment i podr\u00e0s regular la ventilaci\u00f3 durant l\u2019exercici. Les m\u00e0nigues ranglan AERO PRO fabricades amb el teixit THERMAL SPIRIT s\u2019adapten a totes les posicions i ajuden a que l\u2019aire llisqui r\u00e0pidament eliminant turbul\u00e8ncies. Estan confeccionades amb costures planes per evitar rascades. El puny tallat a l\u00e0ser s\u2019ajusta molt b\u00e9 al bra\u00e7 i evita l\u2019entrada d\u2019aire. A la cintura t\u00e9 una banda el\u00e0stica amb un grip de silicona antilliscant a l\u2019interior per mantenir el mallot ben arrapat al cos. A la zona lumbar incorpora 3 butxaques amb el nou sistema de seguretat ISP \u2013 Inverse Safe Procket \u2013 on podr\u00e0s guardar qualsevol objecte sense por a perdre\u2019l. Tamb\u00e9 t\u00e9 varis detalls reflectants per augmentar la teva seguretat a la carretera. Gaudeix del ciclisme sense preocupacions.","robots":{"index":"index","follow":"follow","max-snippet":"max-snippet:-1","max-image-preview":"max-image-preview:large","max-video-preview":"max-video-preview:-1"},"canonical":"https:\/\/www.inverseteams.com\/ca\/producte\/maillot-ciclista-maniga-llarga-scuba-pro-pure-dona\/","og_locale":"ca_ES","og_type":"article","og_title":"Maillot ciclista manga larga SCUBA PRO PURE (MUJER)","og_description":"Mallot ciclisme t\u00e8cnic perfecte per entrenar i competir ben protegit del fred. El teixit YK-TECH millora la conservaci\u00f3 de l\u2019escalfor corporal i facilita l\u2019evacuaci\u00f3 de la suor. Tindr\u00e0s una sensaci\u00f3 de confort total i la teva pell estar\u00e0 seca durant totes les hores d\u2019exercici. El seu patronatge SLIM FIT permet que el mallot ciclista estigui ben arrapat al cos per maximitzar les seves caracter\u00edstiques t\u00e8cniques i millorar l\u2019aerodin\u00e0mica. T\u00e9 una cremallera integral amb sistema antipull que et permetr\u00e0 posar-te\u2019l i treure-te\u2019l f\u00e0cilment i podr\u00e0s regular la ventilaci\u00f3 durant l\u2019exercici. Les m\u00e0nigues ranglan AERO PRO fabricades amb el teixit THERMAL SPIRIT s\u2019adapten a totes les posicions i ajuden a que l\u2019aire llisqui r\u00e0pidament eliminant turbul\u00e8ncies. Estan confeccionades amb costures planes per evitar rascades. El puny tallat a l\u00e0ser s\u2019ajusta molt b\u00e9 al bra\u00e7 i evita l\u2019entrada d\u2019aire. A la cintura t\u00e9 una banda el\u00e0stica amb un grip de silicona antilliscant a l\u2019interior per mantenir el mallot ben arrapat al cos. A la zona lumbar incorpora 3 butxaques amb el nou sistema de seguretat ISP \u2013 Inverse Safe Procket \u2013 on podr\u00e0s guardar qualsevol objecte sense por a perdre\u2019l. Tamb\u00e9 t\u00e9 varis detalls reflectants per augmentar la teva seguretat a la carretera. Gaudeix del ciclisme sense preocupacions.","og_url":"https:\/\/www.inverseteams.com\/ca\/producte\/maillot-ciclista-maniga-llarga-scuba-pro-pure-dona\/","og_site_name":"Inverseteams","article_publisher":"https:\/\/www.facebook.com\/inverseteams","article_modified_time":"2022-11-09T14:26:05+00:00","og_image":[{"width":3000,"height":3223,"url":"https:\/\/www.inverseteams.com\/wp-content\/uploads\/MAILLOT-CICLISMO-PURE-SCUBAPRO-23-MUJER-1.jpg","type":"image\/jpeg"}],"twitter_card":"summary_large_image","twitter_misc":{"Temps estimat de lectura":"1 minut"},"schema":{"@context":"https:\/\/schema.org","@graph":[{"@type":"WebPage","@id":"https:\/\/www.inverseteams.com\/ca\/producte\/maillot-ciclista-maniga-llarga-scuba-pro-pure-dona\/","url":"https:\/\/www.inverseteams.com\/ca\/producte\/maillot-ciclista-maniga-llarga-scuba-pro-pure-dona\/","name":"Maillot ciclista manga larga SCUBA PRO PURE (MUJER)","isPartOf":{"@id":"https:\/\/www.inverseteams.com\/ca\/#website"},"primaryImageOfPage":{"@id":"https:\/\/www.inverseteams.com\/ca\/producte\/maillot-ciclista-maniga-llarga-scuba-pro-pure-dona\/#primaryimage"},"image":{"@id":"https:\/\/www.inverseteams.com\/ca\/producte\/maillot-ciclista-maniga-llarga-scuba-pro-pure-dona\/#primaryimage"},"thumbnailUrl":"https:\/\/www.inverseteams.com\/wp-content\/uploads\/MAILLOT-CICLISMO-PURE-SCUBAPRO-23-MUJER-1.jpg","datePublished":"2022-06-13T13:10:54+00:00","dateModified":"2022-11-09T14:26:05+00:00","description":"Mallot ciclisme t\u00e8cnic perfecte per entrenar i competir ben protegit del fred. El teixit YK-TECH millora la conservaci\u00f3 de l\u2019escalfor corporal i facilita l\u2019evacuaci\u00f3 de la suor. Tindr\u00e0s una sensaci\u00f3 de confort total i la teva pell estar\u00e0 seca durant totes les hores d\u2019exercici. El seu patronatge SLIM FIT permet que el mallot ciclista estigui ben arrapat al cos per maximitzar les seves caracter\u00edstiques t\u00e8cniques i millorar l\u2019aerodin\u00e0mica. T\u00e9 una cremallera integral amb sistema antipull que et permetr\u00e0 posar-te\u2019l i treure-te\u2019l f\u00e0cilment i podr\u00e0s regular la ventilaci\u00f3 durant l\u2019exercici. Les m\u00e0nigues ranglan AERO PRO fabricades amb el teixit THERMAL SPIRIT s\u2019adapten a totes les posicions i ajuden a que l\u2019aire llisqui r\u00e0pidament eliminant turbul\u00e8ncies. Estan confeccionades amb costures planes per evitar rascades. El puny tallat a l\u00e0ser s\u2019ajusta molt b\u00e9 al bra\u00e7 i evita l\u2019entrada d\u2019aire. A la cintura t\u00e9 una banda el\u00e0stica amb un grip de silicona antilliscant a l\u2019interior per mantenir el mallot ben arrapat al cos. A la zona lumbar incorpora 3 butxaques amb el nou sistema de seguretat ISP \u2013 Inverse Safe Procket \u2013 on podr\u00e0s guardar qualsevol objecte sense por a perdre\u2019l. Tamb\u00e9 t\u00e9 varis detalls reflectants per augmentar la teva seguretat a la carretera. Gaudeix del ciclisme sense preocupacions.","breadcrumb":{"@id":"https:\/\/www.inverseteams.com\/ca\/producte\/maillot-ciclista-maniga-llarga-scuba-pro-pure-dona\/#breadcrumb"},"inLanguage":"ca","potentialAction":[{"@type":"ReadAction","target":["https:\/\/www.inverseteams.com\/ca\/producte\/maillot-ciclista-maniga-llarga-scuba-pro-pure-dona\/"]}]},{"@type":"ImageObject","inLanguage":"ca","@id":"https:\/\/www.inverseteams.com\/ca\/producte\/maillot-ciclista-maniga-llarga-scuba-pro-pure-dona\/#primaryimage","url":"https:\/\/www.inverseteams.com\/wp-content\/uploads\/MAILLOT-CICLISMO-PURE-SCUBAPRO-23-MUJER-1.jpg","contentUrl":"https:\/\/www.inverseteams.com\/wp-content\/uploads\/MAILLOT-CICLISMO-PURE-SCUBAPRO-23-MUJER-1.jpg","width":3000,"height":3223},{"@type":"BreadcrumbList","@id":"https:\/\/www.inverseteams.com\/ca\/producte\/maillot-ciclista-maniga-llarga-scuba-pro-pure-dona\/#breadcrumb","itemListElement":[{"@type":"ListItem","position":1,"name":"Portada","item":"https:\/\/www.inverseteams.com\/ca\/pagina-principal\/"},{"@type":"ListItem","position":2,"name":"Botiga","item":"https:\/\/www.inverseteams.com\/ca\/botiga\/"},{"@type":"ListItem","position":3,"name":"Maillot ciclista m\u00e0niga llarga SCUBA PRO PURE (DONA)"}]},{"@type":"WebSite","@id":"https:\/\/www.inverseteams.com\/ca\/#website","url":"https:\/\/www.inverseteams.com\/ca\/","name":"Inverseteams","description":"Tu marca de ropa deportiva personalizada","publisher":{"@id":"https:\/\/www.inverseteams.com\/ca\/#organization"},"potentialAction":[{"@type":"SearchAction","target":{"@type":"EntryPoint","urlTemplate":"https:\/\/www.inverseteams.com\/ca\/?s={search_term_string}"},"query-input":{"@type":"PropertyValueSpecification","valueRequired":true,"valueName":"search_term_string"}}],"inLanguage":"ca"},{"@type":"Organization","@id":"https:\/\/www.inverseteams.com\/ca\/#organization","name":"Inverse Teams","url":"https:\/\/www.inverseteams.com\/ca\/","logo":{"@type":"ImageObject","inLanguage":"ca","@id":"https:\/\/www.inverseteams.com\/ca\/#\/schema\/logo\/image\/","url":"https:\/\/www.inverseteams.com\/wp-content\/uploads\/2021\/03\/logo-inverse-teams.png","contentUrl":"https:\/\/www.inverseteams.com\/wp-content\/uploads\/2021\/03\/logo-inverse-teams.png","width":294,"height":99,"caption":"Inverse Teams"},"image":{"@id":"https:\/\/www.inverseteams.com\/ca\/#\/schema\/logo\/image\/"},"sameAs":["https:\/\/www.facebook.com\/inverseteams","http:\/\/instagram.com\/inverseteams","https:\/\/www.linkedin.com\/company\/inverse-cirosport-s-l-?trk=job_view_topcard_company_name","http:\/\/www.pinterest.com\/inverseteams\/","http:\/\/www.youtube.com\/user\/inverseteams?feature=watch"]}]}},"_links":{"self":[{"href":"https:\/\/www.inverseteams.com\/ca\/wp-json\/wp\/v2\/product\/79331","targetHints":{"allow":["GET"]}}],"collection":[{"href":"https:\/\/www.inverseteams.com\/ca\/wp-json\/wp\/v2\/product"}],"about":[{"href":"https:\/\/www.inverseteams.com\/ca\/wp-json\/wp\/v2\/types\/product"}],"replies":[{"embeddable":true,"href":"https:\/\/www.inverseteams.com\/ca\/wp-json\/wp\/v2\/comments?post=79331"}],"wp:featuredmedia":[{"embeddable":true,"href":"https:\/\/www.inverseteams.com\/ca\/wp-json\/wp\/v2\/media\/92701"}],"wp:attachment":[{"href":"https:\/\/www.inverseteams.com\/ca\/wp-json\/wp\/v2\/media?parent=79331"}],"wp:term":[{"taxonomy":"product_brand","embeddable":true,"href":"https:\/\/www.inverseteams.com\/ca\/wp-json\/wp\/v2\/product_brand?post=79331"},{"taxonomy":"product_cat","embeddable":true,"href":"https:\/\/www.inverseteams.com\/ca\/wp-json\/wp\/v2\/product_cat?post=79331"},{"taxonomy":"product_tag","embeddable":true,"href":"https:\/\/www.inverseteams.com\/ca\/wp-json\/wp\/v2\/product_tag?post=79331"},{"taxonomy":"custom_category","embeddable":true,"href":"https:\/\/www.inverseteams.com\/ca\/wp-json\/wp\/v2\/custom_category?post=79331"},{"taxonomy":"range","embeddable":true,"href":"https:\/\/www.inverseteams.com\/ca\/wp-json\/wp\/v2\/range?post=79331"}],"curies":[{"name":"wp","href":"https:\/\/api.w.org\/{rel}","templated":true}]}}