{"id":58178,"date":"2022-02-18T09:01:11","date_gmt":"2022-02-18T09:02:18","guid":{"rendered":"https:\/\/www.inverseteams.com\/?post_type=product&#038;p=58178"},"modified":"2024-06-03T00:03:31","modified_gmt":"2024-06-03T00:03:31","slug":"mallot-ciclista-entretemps-atoma-tile-unisex","status":"publish","type":"product","link":"https:\/\/www.inverseteams.com\/ca\/producte\/mallot-ciclista-entretemps-atoma-tile-unisex\/","title":{"rendered":"Mallot ciclista entretemps ATOMA TILE (UNISEX)"},"content":{"rendered":"<p>El mallot de ciclisme unisex ATOMA, ha estat creat per utilitzar en aquelles \u00e8poques de l\u2019any en les que el temps \u00e9s variable i no fa suficient fres com per portar una jaqueta, per\u00f2 tampoc prou calor com per vestir un mallot m\u00e0niga curta. \u00c9s la pe\u00e7a ideal d\u2019entretemps que tamb\u00e9 pots combinar amb una armilla per protegir-te del fred i el vent.<br \/>\nPerqu\u00e8 anar en bici a la tardor i a la primavera no hauria de ser complicat.<\/p>\n<p>Els 2 teixits d\u2019aquest mallot de ciclisme s\u00f3n lleugers i a la vegada resistents a l\u2019abrasi\u00f3, fent que sigui un mallot perfecte tant pel ciclisme de muntanya com pel ciclisme de carretera.<br \/>\nLes m\u00e0nigues i el coll, aix\u00ed com les butxaques, estan confeccionades amb el teixit TAMA, que \u00e9s un tipus de teixit d\u2019estructura oberta, el\u00e0stic i molt suau. Les seves fibres en forma de malla 3D faciliten la circulaci\u00f3 de l\u2019aire i milloren la transpirabilitat. El frontal i l\u2019esquena del mallot s\u00f3n de teixit IMBA, molt suau que absorbeix la humitat del cos, mantenint-lo sec i deixant una agradable sensaci\u00f3 de comoditat.<br \/>\nLes tres butxaques de la zona lumbar s\u00f3n de teixit el\u00e0stic TAMA per oferir-te una major capacitat alhora de guardar objectes. Aquest mallot de ciclisme t\u00e9 a la seva zona lumbar un detall reflectant per donar-te una major visibilitat i seguretat a la carretera.<br \/>\nBanda interior de silicona antilliscant per ajustar el mallot al cos i evitar que es desplaci durant l\u2019exercici.<\/p>\n","protected":false},"excerpt":{"rendered":"<p>El mallot de ciclisme unisex ATOMA, ha estat creat per utilitzar en aquelles \u00e8poques de l\u2019any en les que el temps \u00e9s variable i no fa suficient fres com per portar una jaqueta, per\u00f2 tampoc prou calor com per vestir un mallot m\u00e0niga curta. \u00c9s la pe\u00e7a ideal d\u2019entretemps que tamb\u00e9 pots combinar amb una armilla per protegir-te del fred i el vent.<br \/>\nPerqu\u00e8 anar en bici a la tardor i a la primavera no hauria de ser complicat.<\/p>\n<p>Els 2 teixits d\u2019aquest mallot de ciclisme s\u00f3n lleugers i a la vegada resistents a l\u2019abrasi\u00f3, fent que sigui un mallot perfecte tant pel ciclisme de muntanya com pel ciclisme de carretera.<br \/>\nLes m\u00e0nigues i el coll, aix\u00ed com les butxaques, estan confeccionades amb el teixit TAMA, que \u00e9s un tipus de teixit d\u2019estructura oberta, el\u00e0stic i molt suau. Les seves fibres en forma de malla 3D faciliten la circulaci\u00f3 de l\u2019aire i milloren la transpirabilitat. El frontal i l\u2019esquena del mallot s\u00f3n de teixit IMBA, molt suau que absorbeix la humitat del cos, mantenint-lo sec i deixant una agradable sensaci\u00f3 de comoditat.<br \/>\nLes tres butxaques de la zona lumbar s\u00f3n de teixit el\u00e0stic TAMA per oferir-te una major capacitat alhora de guardar objectes. Aquest mallot de ciclisme t\u00e9 a la seva zona lumbar un detall reflectant per donar-te una major visibilitat i seguretat a la carretera.<br \/>\nBanda interior de silicona antilliscant per ajustar el mallot al cos i evitar que es desplaci durant l\u2019exercici.<\/p>\n","protected":false},"featured_media":58154,"comment_status":"closed","ping_status":"closed","template":"","meta":{"_acf_changed":false},"product_brand":[],"product_cat":[4107,4110,4120,4115,7175],"product_tag":[],"custom_category":[],"range":[],"class_list":{"0":"post-58178","1":"product","2":"type-product","3":"status-publish","4":"has-post-thumbnail","6":"product_cat-home","7":"product_cat-ciclisme","8":"product_cat-mallot-ciclista","9":"product_cat-dona","10":"product_cat-b2b-ca","11":"pa_climatologia-fred","12":"pa_climatologia-temperatura-temperada","13":"pa_deporte-ciclisme","14":"pa_genero-home","15":"pa_genero-dona","16":"pa_patronaje-fit-ca","17":"pa_talla-xl-ca","18":"pa_talla-xs-ca","19":"pa_talla-l-ca","20":"pa_talla-m-ca","21":"pa_talla-s-ca","22":"pa_tipo-de-prenda-mallot-maniga-llarga","24":"first","25":"outofstock","26":"taxable","27":"shipping-taxable","28":"purchasable","29":"product-type-variable","30":"has-default-attributes"},"acf":[],"yoast_head":"<!-- This site is optimized with the Yoast SEO plugin v27.3 - https:\/\/yoast.com\/product\/yoast-seo-wordpress\/ -->\n<title>Maillot ciclista entretiempo ATOMA TILE (UNISEX)<\/title>\n<meta name=\"description\" content=\"El mallot de ciclisme unisex ATOMA, ha estat creat per utilitzar en aquelles \u00e8poques de l\u2019any en les que el temps \u00e9s variable i no fa suficient fres com per portar una jaqueta, per\u00f2 tampoc prou calor com per vestir un mallot m\u00e0niga curta. \u00c9s la pe\u00e7a ideal d\u2019entretemps que tamb\u00e9 pots combinar amb una armilla per protegir-te del fred i el vent. Perqu\u00e8 anar en bici a la tardor i a la primavera no hauria de ser complicat.  Els 2 teixits d\u2019aquest mallot de ciclisme s\u00f3n lleugers i a la vegada resistents a l\u2019abrasi\u00f3, fent que sigui un mallot perfecte tant pel ciclisme de muntanya com pel ciclisme de carretera. Les m\u00e0nigues i el coll, aix\u00ed com les butxaques, estan confeccionades amb el teixit TAMA, que \u00e9s un tipus de teixit d\u2019estructura oberta, el\u00e0stic i molt suau. Les seves fibres en forma de malla 3D faciliten la circulaci\u00f3 de l\u2019aire i milloren la transpirabilitat. El frontal i l\u2019esquena del mallot s\u00f3n de teixit IMBA, molt suau que absorbeix la humitat del cos, mantenint-lo sec i deixant una agradable sensaci\u00f3 de comoditat. Les tres butxaques de la zona lumbar s\u00f3n de teixit el\u00e0stic TAMA per oferir-te una major capacitat alhora de guardar objectes. Aquest mallot de ciclisme t\u00e9 a la seva zona lumbar un detall reflectant per donar-te una major visibilitat i seguretat a la carretera. Banda interior de silicona antilliscant per ajustar el mallot al cos i evitar que es desplaci durant l\u2019exercici.\" \/>\n<meta name=\"robots\" content=\"index, follow, max-snippet:-1, max-image-preview:large, max-video-preview:-1\" \/>\n<link rel=\"canonical\" href=\"https:\/\/www.inverseteams.com\/ca\/producte\/mallot-ciclista-entretemps-atoma-tile-unisex\/\" \/>\n<meta property=\"og:locale\" content=\"ca_ES\" \/>\n<meta property=\"og:type\" content=\"article\" \/>\n<meta property=\"og:title\" content=\"Maillot ciclista entretiempo ATOMA TILE (UNISEX)\" \/>\n<meta property=\"og:description\" content=\"El mallot de ciclisme unisex ATOMA, ha estat creat per utilitzar en aquelles \u00e8poques de l\u2019any en les que el temps \u00e9s variable i no fa suficient fres com per portar una jaqueta, per\u00f2 tampoc prou calor com per vestir un mallot m\u00e0niga curta. \u00c9s la pe\u00e7a ideal d\u2019entretemps que tamb\u00e9 pots combinar amb una armilla per protegir-te del fred i el vent. Perqu\u00e8 anar en bici a la tardor i a la primavera no hauria de ser complicat.  Els 2 teixits d\u2019aquest mallot de ciclisme s\u00f3n lleugers i a la vegada resistents a l\u2019abrasi\u00f3, fent que sigui un mallot perfecte tant pel ciclisme de muntanya com pel ciclisme de carretera. Les m\u00e0nigues i el coll, aix\u00ed com les butxaques, estan confeccionades amb el teixit TAMA, que \u00e9s un tipus de teixit d\u2019estructura oberta, el\u00e0stic i molt suau. Les seves fibres en forma de malla 3D faciliten la circulaci\u00f3 de l\u2019aire i milloren la transpirabilitat. El frontal i l\u2019esquena del mallot s\u00f3n de teixit IMBA, molt suau que absorbeix la humitat del cos, mantenint-lo sec i deixant una agradable sensaci\u00f3 de comoditat. Les tres butxaques de la zona lumbar s\u00f3n de teixit el\u00e0stic TAMA per oferir-te una major capacitat alhora de guardar objectes. Aquest mallot de ciclisme t\u00e9 a la seva zona lumbar un detall reflectant per donar-te una major visibilitat i seguretat a la carretera. Banda interior de silicona antilliscant per ajustar el mallot al cos i evitar que es desplaci durant l\u2019exercici.\" \/>\n<meta property=\"og:url\" content=\"https:\/\/www.inverseteams.com\/ca\/producte\/mallot-ciclista-entretemps-atoma-tile-unisex\/\" \/>\n<meta property=\"og:site_name\" content=\"Inverseteams\" \/>\n<meta property=\"article:publisher\" content=\"https:\/\/www.facebook.com\/inverseteams\" \/>\n<meta property=\"article:modified_time\" content=\"2024-06-03T00:03:31+00:00\" \/>\n<meta property=\"og:image\" content=\"https:\/\/www.inverseteams.com\/wp-content\/uploads\/MAILLOT-CICLISTA-ENTRETIEMPO-TILE-1.jpg\" \/>\n\t<meta property=\"og:image:width\" content=\"3306\" \/>\n\t<meta property=\"og:image:height\" content=\"3552\" \/>\n\t<meta property=\"og:image:type\" content=\"image\/jpeg\" \/>\n<meta name=\"twitter:card\" content=\"summary_large_image\" \/>\n<meta name=\"twitter:label1\" content=\"Temps estimat de lectura\" \/>\n\t<meta name=\"twitter:data1\" content=\"1 minut\" \/>\n<script type=\"application\/ld+json\" class=\"yoast-schema-graph\">{\"@context\":\"https:\\\/\\\/schema.org\",\"@graph\":[{\"@type\":\"WebPage\",\"@id\":\"https:\\\/\\\/www.inverseteams.com\\\/ca\\\/producte\\\/mallot-ciclista-entretemps-atoma-tile-unisex\\\/\",\"url\":\"https:\\\/\\\/www.inverseteams.com\\\/ca\\\/producte\\\/mallot-ciclista-entretemps-atoma-tile-unisex\\\/\",\"name\":\"Maillot ciclista entretiempo ATOMA TILE (UNISEX)\",\"isPartOf\":{\"@id\":\"https:\\\/\\\/www.inverseteams.com\\\/ca\\\/#website\"},\"primaryImageOfPage\":{\"@id\":\"https:\\\/\\\/www.inverseteams.com\\\/ca\\\/producte\\\/mallot-ciclista-entretemps-atoma-tile-unisex\\\/#primaryimage\"},\"image\":{\"@id\":\"https:\\\/\\\/www.inverseteams.com\\\/ca\\\/producte\\\/mallot-ciclista-entretemps-atoma-tile-unisex\\\/#primaryimage\"},\"thumbnailUrl\":\"https:\\\/\\\/www.inverseteams.com\\\/wp-content\\\/uploads\\\/MAILLOT-CICLISTA-ENTRETIEMPO-TILE-1.jpg\",\"datePublished\":\"2022-02-18T09:02:18+00:00\",\"dateModified\":\"2024-06-03T00:03:31+00:00\",\"description\":\"El mallot de ciclisme unisex ATOMA, ha estat creat per utilitzar en aquelles \u00e8poques de l\u2019any en les que el temps \u00e9s variable i no fa suficient fres com per portar una jaqueta, per\u00f2 tampoc prou calor com per vestir un mallot m\u00e0niga curta. \u00c9s la pe\u00e7a ideal d\u2019entretemps que tamb\u00e9 pots combinar amb una armilla per protegir-te del fred i el vent. Perqu\u00e8 anar en bici a la tardor i a la primavera no hauria de ser complicat. Els 2 teixits d\u2019aquest mallot de ciclisme s\u00f3n lleugers i a la vegada resistents a l\u2019abrasi\u00f3, fent que sigui un mallot perfecte tant pel ciclisme de muntanya com pel ciclisme de carretera. Les m\u00e0nigues i el coll, aix\u00ed com les butxaques, estan confeccionades amb el teixit TAMA, que \u00e9s un tipus de teixit d\u2019estructura oberta, el\u00e0stic i molt suau. Les seves fibres en forma de malla 3D faciliten la circulaci\u00f3 de l\u2019aire i milloren la transpirabilitat. El frontal i l\u2019esquena del mallot s\u00f3n de teixit IMBA, molt suau que absorbeix la humitat del cos, mantenint-lo sec i deixant una agradable sensaci\u00f3 de comoditat. Les tres butxaques de la zona lumbar s\u00f3n de teixit el\u00e0stic TAMA per oferir-te una major capacitat alhora de guardar objectes. Aquest mallot de ciclisme t\u00e9 a la seva zona lumbar un detall reflectant per donar-te una major visibilitat i seguretat a la carretera. Banda interior de silicona antilliscant per ajustar el mallot al cos i evitar que es desplaci durant l\u2019exercici.\",\"breadcrumb\":{\"@id\":\"https:\\\/\\\/www.inverseteams.com\\\/ca\\\/producte\\\/mallot-ciclista-entretemps-atoma-tile-unisex\\\/#breadcrumb\"},\"inLanguage\":\"ca\",\"potentialAction\":[{\"@type\":\"ReadAction\",\"target\":[\"https:\\\/\\\/www.inverseteams.com\\\/ca\\\/producte\\\/mallot-ciclista-entretemps-atoma-tile-unisex\\\/\"]}]},{\"@type\":\"ImageObject\",\"inLanguage\":\"ca\",\"@id\":\"https:\\\/\\\/www.inverseteams.com\\\/ca\\\/producte\\\/mallot-ciclista-entretemps-atoma-tile-unisex\\\/#primaryimage\",\"url\":\"https:\\\/\\\/www.inverseteams.com\\\/wp-content\\\/uploads\\\/MAILLOT-CICLISTA-ENTRETIEMPO-TILE-1.jpg\",\"contentUrl\":\"https:\\\/\\\/www.inverseteams.com\\\/wp-content\\\/uploads\\\/MAILLOT-CICLISTA-ENTRETIEMPO-TILE-1.jpg\",\"width\":3306,\"height\":3552,\"caption\":\"Maillot ciclista entretiempo ATOMA TILE (UNISEX)\"},{\"@type\":\"BreadcrumbList\",\"@id\":\"https:\\\/\\\/www.inverseteams.com\\\/ca\\\/producte\\\/mallot-ciclista-entretemps-atoma-tile-unisex\\\/#breadcrumb\",\"itemListElement\":[{\"@type\":\"ListItem\",\"position\":1,\"name\":\"Portada\",\"item\":\"https:\\\/\\\/www.inverseteams.com\\\/ca\\\/pagina-principal\\\/\"},{\"@type\":\"ListItem\",\"position\":2,\"name\":\"Botiga\",\"item\":\"https:\\\/\\\/www.inverseteams.com\\\/ca\\\/botiga\\\/\"},{\"@type\":\"ListItem\",\"position\":3,\"name\":\"Mallot ciclista entretemps ATOMA TILE (UNISEX)\"}]},{\"@type\":\"WebSite\",\"@id\":\"https:\\\/\\\/www.inverseteams.com\\\/ca\\\/#website\",\"url\":\"https:\\\/\\\/www.inverseteams.com\\\/ca\\\/\",\"name\":\"Inverseteams\",\"description\":\"Tu marca de ropa deportiva personalizada\",\"publisher\":{\"@id\":\"https:\\\/\\\/www.inverseteams.com\\\/ca\\\/#organization\"},\"potentialAction\":[{\"@type\":\"SearchAction\",\"target\":{\"@type\":\"EntryPoint\",\"urlTemplate\":\"https:\\\/\\\/www.inverseteams.com\\\/ca\\\/?s={search_term_string}\"},\"query-input\":{\"@type\":\"PropertyValueSpecification\",\"valueRequired\":true,\"valueName\":\"search_term_string\"}}],\"inLanguage\":\"ca\"},{\"@type\":\"Organization\",\"@id\":\"https:\\\/\\\/www.inverseteams.com\\\/ca\\\/#organization\",\"name\":\"Inverse Teams\",\"url\":\"https:\\\/\\\/www.inverseteams.com\\\/ca\\\/\",\"logo\":{\"@type\":\"ImageObject\",\"inLanguage\":\"ca\",\"@id\":\"https:\\\/\\\/www.inverseteams.com\\\/ca\\\/#\\\/schema\\\/logo\\\/image\\\/\",\"url\":\"http:\\\/\\\/www.inverseteams.com\\\/wp-content\\\/uploads\\\/2021\\\/03\\\/logo-inverse-teams.png\",\"contentUrl\":\"http:\\\/\\\/www.inverseteams.com\\\/wp-content\\\/uploads\\\/2021\\\/03\\\/logo-inverse-teams.png\",\"width\":294,\"height\":99,\"caption\":\"Inverse Teams\"},\"image\":{\"@id\":\"https:\\\/\\\/www.inverseteams.com\\\/ca\\\/#\\\/schema\\\/logo\\\/image\\\/\"},\"sameAs\":[\"https:\\\/\\\/www.facebook.com\\\/inverseteams\",\"http:\\\/\\\/instagram.com\\\/inverseteams\",\"https:\\\/\\\/www.linkedin.com\\\/company\\\/inverse-cirosport-s-l-?trk=job_view_topcard_company_name\",\"http:\\\/\\\/www.pinterest.com\\\/inverseteams\\\/\",\"http:\\\/\\\/www.youtube.com\\\/user\\\/inverseteams?feature=watch\"]}]}<\/script>\n<!-- \/ Yoast SEO plugin. -->","yoast_head_json":{"title":"Maillot ciclista entretiempo ATOMA TILE (UNISEX)","description":"El mallot de ciclisme unisex ATOMA, ha estat creat per utilitzar en aquelles \u00e8poques de l\u2019any en les que el temps \u00e9s variable i no fa suficient fres com per portar una jaqueta, per\u00f2 tampoc prou calor com per vestir un mallot m\u00e0niga curta. \u00c9s la pe\u00e7a ideal d\u2019entretemps que tamb\u00e9 pots combinar amb una armilla per protegir-te del fred i el vent. Perqu\u00e8 anar en bici a la tardor i a la primavera no hauria de ser complicat.  Els 2 teixits d\u2019aquest mallot de ciclisme s\u00f3n lleugers i a la vegada resistents a l\u2019abrasi\u00f3, fent que sigui un mallot perfecte tant pel ciclisme de muntanya com pel ciclisme de carretera. Les m\u00e0nigues i el coll, aix\u00ed com les butxaques, estan confeccionades amb el teixit TAMA, que \u00e9s un tipus de teixit d\u2019estructura oberta, el\u00e0stic i molt suau. Les seves fibres en forma de malla 3D faciliten la circulaci\u00f3 de l\u2019aire i milloren la transpirabilitat. El frontal i l\u2019esquena del mallot s\u00f3n de teixit IMBA, molt suau que absorbeix la humitat del cos, mantenint-lo sec i deixant una agradable sensaci\u00f3 de comoditat. Les tres butxaques de la zona lumbar s\u00f3n de teixit el\u00e0stic TAMA per oferir-te una major capacitat alhora de guardar objectes. Aquest mallot de ciclisme t\u00e9 a la seva zona lumbar un detall reflectant per donar-te una major visibilitat i seguretat a la carretera. Banda interior de silicona antilliscant per ajustar el mallot al cos i evitar que es desplaci durant l\u2019exercici.","robots":{"index":"index","follow":"follow","max-snippet":"max-snippet:-1","max-image-preview":"max-image-preview:large","max-video-preview":"max-video-preview:-1"},"canonical":"https:\/\/www.inverseteams.com\/ca\/producte\/mallot-ciclista-entretemps-atoma-tile-unisex\/","og_locale":"ca_ES","og_type":"article","og_title":"Maillot ciclista entretiempo ATOMA TILE (UNISEX)","og_description":"El mallot de ciclisme unisex ATOMA, ha estat creat per utilitzar en aquelles \u00e8poques de l\u2019any en les que el temps \u00e9s variable i no fa suficient fres com per portar una jaqueta, per\u00f2 tampoc prou calor com per vestir un mallot m\u00e0niga curta. \u00c9s la pe\u00e7a ideal d\u2019entretemps que tamb\u00e9 pots combinar amb una armilla per protegir-te del fred i el vent. Perqu\u00e8 anar en bici a la tardor i a la primavera no hauria de ser complicat.  Els 2 teixits d\u2019aquest mallot de ciclisme s\u00f3n lleugers i a la vegada resistents a l\u2019abrasi\u00f3, fent que sigui un mallot perfecte tant pel ciclisme de muntanya com pel ciclisme de carretera. Les m\u00e0nigues i el coll, aix\u00ed com les butxaques, estan confeccionades amb el teixit TAMA, que \u00e9s un tipus de teixit d\u2019estructura oberta, el\u00e0stic i molt suau. Les seves fibres en forma de malla 3D faciliten la circulaci\u00f3 de l\u2019aire i milloren la transpirabilitat. El frontal i l\u2019esquena del mallot s\u00f3n de teixit IMBA, molt suau que absorbeix la humitat del cos, mantenint-lo sec i deixant una agradable sensaci\u00f3 de comoditat. Les tres butxaques de la zona lumbar s\u00f3n de teixit el\u00e0stic TAMA per oferir-te una major capacitat alhora de guardar objectes. Aquest mallot de ciclisme t\u00e9 a la seva zona lumbar un detall reflectant per donar-te una major visibilitat i seguretat a la carretera. Banda interior de silicona antilliscant per ajustar el mallot al cos i evitar que es desplaci durant l\u2019exercici.","og_url":"https:\/\/www.inverseteams.com\/ca\/producte\/mallot-ciclista-entretemps-atoma-tile-unisex\/","og_site_name":"Inverseteams","article_publisher":"https:\/\/www.facebook.com\/inverseteams","article_modified_time":"2024-06-03T00:03:31+00:00","og_image":[{"width":3306,"height":3552,"url":"https:\/\/www.inverseteams.com\/wp-content\/uploads\/MAILLOT-CICLISTA-ENTRETIEMPO-TILE-1.jpg","type":"image\/jpeg"}],"twitter_card":"summary_large_image","twitter_misc":{"Temps estimat de lectura":"1 minut"},"schema":{"@context":"https:\/\/schema.org","@graph":[{"@type":"WebPage","@id":"https:\/\/www.inverseteams.com\/ca\/producte\/mallot-ciclista-entretemps-atoma-tile-unisex\/","url":"https:\/\/www.inverseteams.com\/ca\/producte\/mallot-ciclista-entretemps-atoma-tile-unisex\/","name":"Maillot ciclista entretiempo ATOMA TILE (UNISEX)","isPartOf":{"@id":"https:\/\/www.inverseteams.com\/ca\/#website"},"primaryImageOfPage":{"@id":"https:\/\/www.inverseteams.com\/ca\/producte\/mallot-ciclista-entretemps-atoma-tile-unisex\/#primaryimage"},"image":{"@id":"https:\/\/www.inverseteams.com\/ca\/producte\/mallot-ciclista-entretemps-atoma-tile-unisex\/#primaryimage"},"thumbnailUrl":"https:\/\/www.inverseteams.com\/wp-content\/uploads\/MAILLOT-CICLISTA-ENTRETIEMPO-TILE-1.jpg","datePublished":"2022-02-18T09:02:18+00:00","dateModified":"2024-06-03T00:03:31+00:00","description":"El mallot de ciclisme unisex ATOMA, ha estat creat per utilitzar en aquelles \u00e8poques de l\u2019any en les que el temps \u00e9s variable i no fa suficient fres com per portar una jaqueta, per\u00f2 tampoc prou calor com per vestir un mallot m\u00e0niga curta. \u00c9s la pe\u00e7a ideal d\u2019entretemps que tamb\u00e9 pots combinar amb una armilla per protegir-te del fred i el vent. Perqu\u00e8 anar en bici a la tardor i a la primavera no hauria de ser complicat. Els 2 teixits d\u2019aquest mallot de ciclisme s\u00f3n lleugers i a la vegada resistents a l\u2019abrasi\u00f3, fent que sigui un mallot perfecte tant pel ciclisme de muntanya com pel ciclisme de carretera. Les m\u00e0nigues i el coll, aix\u00ed com les butxaques, estan confeccionades amb el teixit TAMA, que \u00e9s un tipus de teixit d\u2019estructura oberta, el\u00e0stic i molt suau. Les seves fibres en forma de malla 3D faciliten la circulaci\u00f3 de l\u2019aire i milloren la transpirabilitat. El frontal i l\u2019esquena del mallot s\u00f3n de teixit IMBA, molt suau que absorbeix la humitat del cos, mantenint-lo sec i deixant una agradable sensaci\u00f3 de comoditat. Les tres butxaques de la zona lumbar s\u00f3n de teixit el\u00e0stic TAMA per oferir-te una major capacitat alhora de guardar objectes. Aquest mallot de ciclisme t\u00e9 a la seva zona lumbar un detall reflectant per donar-te una major visibilitat i seguretat a la carretera. Banda interior de silicona antilliscant per ajustar el mallot al cos i evitar que es desplaci durant l\u2019exercici.","breadcrumb":{"@id":"https:\/\/www.inverseteams.com\/ca\/producte\/mallot-ciclista-entretemps-atoma-tile-unisex\/#breadcrumb"},"inLanguage":"ca","potentialAction":[{"@type":"ReadAction","target":["https:\/\/www.inverseteams.com\/ca\/producte\/mallot-ciclista-entretemps-atoma-tile-unisex\/"]}]},{"@type":"ImageObject","inLanguage":"ca","@id":"https:\/\/www.inverseteams.com\/ca\/producte\/mallot-ciclista-entretemps-atoma-tile-unisex\/#primaryimage","url":"https:\/\/www.inverseteams.com\/wp-content\/uploads\/MAILLOT-CICLISTA-ENTRETIEMPO-TILE-1.jpg","contentUrl":"https:\/\/www.inverseteams.com\/wp-content\/uploads\/MAILLOT-CICLISTA-ENTRETIEMPO-TILE-1.jpg","width":3306,"height":3552,"caption":"Maillot ciclista entretiempo ATOMA TILE (UNISEX)"},{"@type":"BreadcrumbList","@id":"https:\/\/www.inverseteams.com\/ca\/producte\/mallot-ciclista-entretemps-atoma-tile-unisex\/#breadcrumb","itemListElement":[{"@type":"ListItem","position":1,"name":"Portada","item":"https:\/\/www.inverseteams.com\/ca\/pagina-principal\/"},{"@type":"ListItem","position":2,"name":"Botiga","item":"https:\/\/www.inverseteams.com\/ca\/botiga\/"},{"@type":"ListItem","position":3,"name":"Mallot ciclista entretemps ATOMA TILE (UNISEX)"}]},{"@type":"WebSite","@id":"https:\/\/www.inverseteams.com\/ca\/#website","url":"https:\/\/www.inverseteams.com\/ca\/","name":"Inverseteams","description":"Tu marca de ropa deportiva personalizada","publisher":{"@id":"https:\/\/www.inverseteams.com\/ca\/#organization"},"potentialAction":[{"@type":"SearchAction","target":{"@type":"EntryPoint","urlTemplate":"https:\/\/www.inverseteams.com\/ca\/?s={search_term_string}"},"query-input":{"@type":"PropertyValueSpecification","valueRequired":true,"valueName":"search_term_string"}}],"inLanguage":"ca"},{"@type":"Organization","@id":"https:\/\/www.inverseteams.com\/ca\/#organization","name":"Inverse Teams","url":"https:\/\/www.inverseteams.com\/ca\/","logo":{"@type":"ImageObject","inLanguage":"ca","@id":"https:\/\/www.inverseteams.com\/ca\/#\/schema\/logo\/image\/","url":"https:\/\/www.inverseteams.com\/wp-content\/uploads\/2021\/03\/logo-inverse-teams.png","contentUrl":"https:\/\/www.inverseteams.com\/wp-content\/uploads\/2021\/03\/logo-inverse-teams.png","width":294,"height":99,"caption":"Inverse Teams"},"image":{"@id":"https:\/\/www.inverseteams.com\/ca\/#\/schema\/logo\/image\/"},"sameAs":["https:\/\/www.facebook.com\/inverseteams","http:\/\/instagram.com\/inverseteams","https:\/\/www.linkedin.com\/company\/inverse-cirosport-s-l-?trk=job_view_topcard_company_name","http:\/\/www.pinterest.com\/inverseteams\/","http:\/\/www.youtube.com\/user\/inverseteams?feature=watch"]}]}},"_links":{"self":[{"href":"https:\/\/www.inverseteams.com\/ca\/wp-json\/wp\/v2\/product\/58178","targetHints":{"allow":["GET"]}}],"collection":[{"href":"https:\/\/www.inverseteams.com\/ca\/wp-json\/wp\/v2\/product"}],"about":[{"href":"https:\/\/www.inverseteams.com\/ca\/wp-json\/wp\/v2\/types\/product"}],"replies":[{"embeddable":true,"href":"https:\/\/www.inverseteams.com\/ca\/wp-json\/wp\/v2\/comments?post=58178"}],"wp:featuredmedia":[{"embeddable":true,"href":"https:\/\/www.inverseteams.com\/ca\/wp-json\/wp\/v2\/media\/58154"}],"wp:attachment":[{"href":"https:\/\/www.inverseteams.com\/ca\/wp-json\/wp\/v2\/media?parent=58178"}],"wp:term":[{"taxonomy":"product_brand","embeddable":true,"href":"https:\/\/www.inverseteams.com\/ca\/wp-json\/wp\/v2\/product_brand?post=58178"},{"taxonomy":"product_cat","embeddable":true,"href":"https:\/\/www.inverseteams.com\/ca\/wp-json\/wp\/v2\/product_cat?post=58178"},{"taxonomy":"product_tag","embeddable":true,"href":"https:\/\/www.inverseteams.com\/ca\/wp-json\/wp\/v2\/product_tag?post=58178"},{"taxonomy":"custom_category","embeddable":true,"href":"https:\/\/www.inverseteams.com\/ca\/wp-json\/wp\/v2\/custom_category?post=58178"},{"taxonomy":"range","embeddable":true,"href":"https:\/\/www.inverseteams.com\/ca\/wp-json\/wp\/v2\/range?post=58178"}],"curies":[{"name":"wp","href":"https:\/\/api.w.org\/{rel}","templated":true}]}}