{"id":51454,"date":"2022-01-17T10:00:56","date_gmt":"2022-01-17T10:03:23","guid":{"rendered":"https:\/\/www.inverseteams.com\/?post_type=product&#038;p=51454"},"modified":"2022-12-05T00:01:54","modified_gmt":"2022-12-05T00:01:54","slug":"mallot-ciclista-maniga-curta-kosmik-black-unisex","status":"publish","type":"product","link":"https:\/\/www.inverseteams.com\/ca\/producte\/mallot-ciclista-maniga-curta-kosmik-black-unisex\/","title":{"rendered":"Mallot ciclista m\u00e0niga curta KOSMIK BLACK (UNISEX)"},"content":{"rendered":"<p>Mallot t\u00e8cnic s\u00faper lleuger ideal per la competici\u00f3 i els entrenaments. Amb patronatge molt ajustat s\u2019arrapar\u00e0 al teu cos i et permetr\u00e0 rendir al m\u00e0xim. Gr\u00e0cies a l\u2019elasticitat i estructura dels seus teixits l\u2019aire lliscar\u00e0 f\u00e0cilment al teu voltant i la teva aerodin\u00e0mica ser\u00e0 envejable.<br \/>\nCombina diferents tecnologies perqu\u00e8 sempre es mantingui en la posici\u00f3 ideal. Al final de les m\u00e0nigues t\u00e9 una banda el\u00e0stica microperforada amb un grip de silicona hipoal\u00b7lerg\u00e8nica perqu\u00e8 sempre es mantinguin ben arrapades al bra\u00e7 i a la cintura t\u00e9 una banda interior de silicona.<br \/>\nA la zona lumbar incorpora 3 butxaques amb el nou sistema de seguretat ISP \u2013 Inverse Safe Pocket \u2013 on podr\u00e0s guardar una armilla o barretes nutritives sense a por a perdre-les. Addicionalment, t\u00e9 una quarta butxaca amb cremallera perqu\u00e8 guardis els teus objectes m\u00e9s preuats. Gaudeix del ciclisme sense preocupacions.<br \/>\nEl coll baix i anat\u00f2mic estar\u00e0 sempre en contacte amb el teus cos sense provocar mol\u00e8sties i evitant l\u2019entrada d\u2019aire. L\u2019estructura dels filaments dels teixits garanteix una total expulsi\u00f3 de la suor. Tindr\u00e0s la pell fresca i seca incl\u00fas en els moments de m\u00e9s calor.<\/p>\n","protected":false},"excerpt":{"rendered":"<p>Mallot t\u00e8cnic s\u00faper lleuger ideal per la competici\u00f3 i els entrenaments. Amb patronatge molt ajustat s\u2019arrapar\u00e0 al teu cos i et permetr\u00e0 rendir al m\u00e0xim. Gr\u00e0cies a l\u2019elasticitat i estructura dels seus teixits l\u2019aire lliscar\u00e0 f\u00e0cilment al teu voltant i la teva aerodin\u00e0mica ser\u00e0 envejable.<br \/>\nCombina diferents tecnologies perqu\u00e8 sempre es mantingui en la posici\u00f3 ideal. Al final de les m\u00e0nigues t\u00e9 una banda el\u00e0stica microperforada amb un grip de silicona hipoal\u00b7lerg\u00e8nica perqu\u00e8 sempre es mantinguin ben arrapades al bra\u00e7 i a la cintura t\u00e9 una banda interior de silicona.<br \/>\nA la zona lumbar incorpora 3 butxaques amb el nou sistema de seguretat ISP \u2013 Inverse Safe Pocket \u2013 on podr\u00e0s guardar una armilla o barretes nutritives sense a por a perdre-les. Addicionalment, t\u00e9 una quarta butxaca amb cremallera perqu\u00e8 guardis els teus objectes m\u00e9s preuats. Gaudeix del ciclisme sense preocupacions.<br \/>\nEl coll baix i anat\u00f2mic estar\u00e0 sempre en contacte amb el teus cos sense provocar mol\u00e8sties i evitant l\u2019entrada d\u2019aire. L\u2019estructura dels filaments dels teixits garanteix una total expulsi\u00f3 de la suor. Tindr\u00e0s la pell fresca i seca incl\u00fas en els moments de m\u00e9s calor.<\/p>\n","protected":false},"featured_media":51407,"comment_status":"closed","ping_status":"closed","template":"","meta":{"_acf_changed":false},"product_brand":[],"product_cat":[3230],"product_tag":[],"custom_category":[],"range":[],"class_list":{"0":"post-51454","1":"product","2":"type-product","3":"status-publish","4":"has-post-thumbnail","6":"product_cat-cyclisme-fr","8":"first","9":"outofstock","10":"taxable","11":"shipping-taxable","12":"purchasable","13":"product-type-variable","14":"has-default-attributes"},"acf":[],"yoast_head":"<!-- This site is optimized with the Yoast SEO plugin v27.2 - https:\/\/yoast.com\/product\/yoast-seo-wordpress\/ -->\n<title>Mallot ciclista m\u00e0niga curta KOSMIK BLACK (UNISEX)<\/title>\n<meta name=\"description\" content=\"Comprar mallot ciclisme negre KOSMIK INVERSE. Enviament gratuit per compres superiors a 50\u20ac. Entrega de 24 a 72 hores.\" \/>\n<meta name=\"robots\" content=\"index, follow, max-snippet:-1, max-image-preview:large, max-video-preview:-1\" \/>\n<link rel=\"canonical\" href=\"https:\/\/www.inverseteams.com\/ca\/producte\/mallot-ciclista-maniga-curta-kosmik-black-unisex\/\" \/>\n<meta property=\"og:locale\" content=\"ca_ES\" \/>\n<meta property=\"og:type\" content=\"article\" \/>\n<meta property=\"og:title\" content=\"Mallot ciclista m\u00e0niga curta KOSMIK BLACK (UNISEX)\" \/>\n<meta property=\"og:description\" content=\"Comprar mallot ciclisme negre KOSMIK INVERSE. Enviament gratuit per compres superiors a 50\u20ac. Entrega de 24 a 72 hores.\" \/>\n<meta property=\"og:url\" content=\"https:\/\/www.inverseteams.com\/ca\/producte\/mallot-ciclista-maniga-curta-kosmik-black-unisex\/\" \/>\n<meta property=\"og:site_name\" content=\"Inverseteams\" \/>\n<meta property=\"article:publisher\" content=\"https:\/\/www.facebook.com\/inverseteams\" \/>\n<meta property=\"article:modified_time\" content=\"2022-12-05T00:01:54+00:00\" \/>\n<meta property=\"og:image\" content=\"https:\/\/www.inverseteams.com\/wp-content\/uploads\/MAILLOT-CICLISTA-KOSMIK-BLACK-1.jpg\" \/>\n\t<meta property=\"og:image:width\" content=\"3061\" \/>\n\t<meta property=\"og:image:height\" content=\"3289\" \/>\n\t<meta property=\"og:image:type\" content=\"image\/jpeg\" \/>\n<meta name=\"twitter:card\" content=\"summary_large_image\" \/>\n<meta name=\"twitter:label1\" content=\"Temps estimat de lectura\" \/>\n\t<meta name=\"twitter:data1\" content=\"1 minut\" \/>\n<script type=\"application\/ld+json\" class=\"yoast-schema-graph\">{\"@context\":\"https:\/\/schema.org\",\"@graph\":[{\"@type\":\"WebPage\",\"@id\":\"https:\/\/www.inverseteams.com\/ca\/producte\/mallot-ciclista-maniga-curta-kosmik-black-unisex\/\",\"url\":\"https:\/\/www.inverseteams.com\/ca\/producte\/mallot-ciclista-maniga-curta-kosmik-black-unisex\/\",\"name\":\"Mallot ciclista m\u00e0niga curta KOSMIK BLACK (UNISEX)\",\"isPartOf\":{\"@id\":\"https:\/\/www.inverseteams.com\/ca\/#website\"},\"primaryImageOfPage\":{\"@id\":\"https:\/\/www.inverseteams.com\/ca\/producte\/mallot-ciclista-maniga-curta-kosmik-black-unisex\/#primaryimage\"},\"image\":{\"@id\":\"https:\/\/www.inverseteams.com\/ca\/producte\/mallot-ciclista-maniga-curta-kosmik-black-unisex\/#primaryimage\"},\"thumbnailUrl\":\"https:\/\/www.inverseteams.com\/wp-content\/uploads\/MAILLOT-CICLISTA-KOSMIK-BLACK-1.jpg\",\"datePublished\":\"2022-01-17T10:03:23+00:00\",\"dateModified\":\"2022-12-05T00:01:54+00:00\",\"description\":\"Comprar mallot ciclisme negre KOSMIK INVERSE. Enviament gratuit per compres superiors a 50\u20ac. Entrega de 24 a 72 hores.\",\"breadcrumb\":{\"@id\":\"https:\/\/www.inverseteams.com\/ca\/producte\/mallot-ciclista-maniga-curta-kosmik-black-unisex\/#breadcrumb\"},\"inLanguage\":\"ca\",\"potentialAction\":[{\"@type\":\"ReadAction\",\"target\":[\"https:\/\/www.inverseteams.com\/ca\/producte\/mallot-ciclista-maniga-curta-kosmik-black-unisex\/\"]}]},{\"@type\":\"ImageObject\",\"inLanguage\":\"ca\",\"@id\":\"https:\/\/www.inverseteams.com\/ca\/producte\/mallot-ciclista-maniga-curta-kosmik-black-unisex\/#primaryimage\",\"url\":\"https:\/\/www.inverseteams.com\/wp-content\/uploads\/MAILLOT-CICLISTA-KOSMIK-BLACK-1.jpg\",\"contentUrl\":\"https:\/\/www.inverseteams.com\/wp-content\/uploads\/MAILLOT-CICLISTA-KOSMIK-BLACK-1.jpg\",\"width\":3061,\"height\":3289,\"caption\":\"Mallot ciclista m\u00e0niga curta KOSMIK BLACK UNISEX\"},{\"@type\":\"BreadcrumbList\",\"@id\":\"https:\/\/www.inverseteams.com\/ca\/producte\/mallot-ciclista-maniga-curta-kosmik-black-unisex\/#breadcrumb\",\"itemListElement\":[{\"@type\":\"ListItem\",\"position\":1,\"name\":\"Portada\",\"item\":\"https:\/\/www.inverseteams.com\/ca\/pagina-principal\/\"},{\"@type\":\"ListItem\",\"position\":2,\"name\":\"Botiga\",\"item\":\"https:\/\/www.inverseteams.com\/ca\/botiga\/\"},{\"@type\":\"ListItem\",\"position\":3,\"name\":\"Mallot ciclista m\u00e0niga curta KOSMIK BLACK (UNISEX)\"}]},{\"@type\":\"WebSite\",\"@id\":\"https:\/\/www.inverseteams.com\/ca\/#website\",\"url\":\"https:\/\/www.inverseteams.com\/ca\/\",\"name\":\"Inverseteams\",\"description\":\"Tu marca de ropa deportiva personalizada\",\"publisher\":{\"@id\":\"https:\/\/www.inverseteams.com\/ca\/#organization\"},\"potentialAction\":[{\"@type\":\"SearchAction\",\"target\":{\"@type\":\"EntryPoint\",\"urlTemplate\":\"https:\/\/www.inverseteams.com\/ca\/?s={search_term_string}\"},\"query-input\":{\"@type\":\"PropertyValueSpecification\",\"valueRequired\":true,\"valueName\":\"search_term_string\"}}],\"inLanguage\":\"ca\"},{\"@type\":\"Organization\",\"@id\":\"https:\/\/www.inverseteams.com\/ca\/#organization\",\"name\":\"Inverse Teams\",\"url\":\"https:\/\/www.inverseteams.com\/ca\/\",\"logo\":{\"@type\":\"ImageObject\",\"inLanguage\":\"ca\",\"@id\":\"https:\/\/www.inverseteams.com\/ca\/#\/schema\/logo\/image\/\",\"url\":\"https:\/\/www.inverseteams.com\/wp-content\/uploads\/2021\/03\/logo-inverse-teams.png\",\"contentUrl\":\"https:\/\/www.inverseteams.com\/wp-content\/uploads\/2021\/03\/logo-inverse-teams.png\",\"width\":294,\"height\":99,\"caption\":\"Inverse Teams\"},\"image\":{\"@id\":\"https:\/\/www.inverseteams.com\/ca\/#\/schema\/logo\/image\/\"},\"sameAs\":[\"https:\/\/www.facebook.com\/inverseteams\",\"http:\/\/instagram.com\/inverseteams\",\"https:\/\/www.linkedin.com\/company\/inverse-cirosport-s-l-?trk=job_view_topcard_company_name\",\"http:\/\/www.pinterest.com\/inverseteams\/\",\"http:\/\/www.youtube.com\/user\/inverseteams?feature=watch\"]}]}<\/script>\n<!-- \/ Yoast SEO plugin. -->","yoast_head_json":{"title":"Mallot ciclista m\u00e0niga curta KOSMIK BLACK (UNISEX)","description":"Comprar mallot ciclisme negre KOSMIK INVERSE. Enviament gratuit per compres superiors a 50\u20ac. Entrega de 24 a 72 hores.","robots":{"index":"index","follow":"follow","max-snippet":"max-snippet:-1","max-image-preview":"max-image-preview:large","max-video-preview":"max-video-preview:-1"},"canonical":"https:\/\/www.inverseteams.com\/ca\/producte\/mallot-ciclista-maniga-curta-kosmik-black-unisex\/","og_locale":"ca_ES","og_type":"article","og_title":"Mallot ciclista m\u00e0niga curta KOSMIK BLACK (UNISEX)","og_description":"Comprar mallot ciclisme negre KOSMIK INVERSE. Enviament gratuit per compres superiors a 50\u20ac. Entrega de 24 a 72 hores.","og_url":"https:\/\/www.inverseteams.com\/ca\/producte\/mallot-ciclista-maniga-curta-kosmik-black-unisex\/","og_site_name":"Inverseteams","article_publisher":"https:\/\/www.facebook.com\/inverseteams","article_modified_time":"2022-12-05T00:01:54+00:00","og_image":[{"width":3061,"height":3289,"url":"https:\/\/www.inverseteams.com\/wp-content\/uploads\/MAILLOT-CICLISTA-KOSMIK-BLACK-1.jpg","type":"image\/jpeg"}],"twitter_card":"summary_large_image","twitter_misc":{"Temps estimat de lectura":"1 minut"},"schema":{"@context":"https:\/\/schema.org","@graph":[{"@type":"WebPage","@id":"https:\/\/www.inverseteams.com\/ca\/producte\/mallot-ciclista-maniga-curta-kosmik-black-unisex\/","url":"https:\/\/www.inverseteams.com\/ca\/producte\/mallot-ciclista-maniga-curta-kosmik-black-unisex\/","name":"Mallot ciclista m\u00e0niga curta KOSMIK BLACK (UNISEX)","isPartOf":{"@id":"https:\/\/www.inverseteams.com\/ca\/#website"},"primaryImageOfPage":{"@id":"https:\/\/www.inverseteams.com\/ca\/producte\/mallot-ciclista-maniga-curta-kosmik-black-unisex\/#primaryimage"},"image":{"@id":"https:\/\/www.inverseteams.com\/ca\/producte\/mallot-ciclista-maniga-curta-kosmik-black-unisex\/#primaryimage"},"thumbnailUrl":"https:\/\/www.inverseteams.com\/wp-content\/uploads\/MAILLOT-CICLISTA-KOSMIK-BLACK-1.jpg","datePublished":"2022-01-17T10:03:23+00:00","dateModified":"2022-12-05T00:01:54+00:00","description":"Comprar mallot ciclisme negre KOSMIK INVERSE. Enviament gratuit per compres superiors a 50\u20ac. Entrega de 24 a 72 hores.","breadcrumb":{"@id":"https:\/\/www.inverseteams.com\/ca\/producte\/mallot-ciclista-maniga-curta-kosmik-black-unisex\/#breadcrumb"},"inLanguage":"ca","potentialAction":[{"@type":"ReadAction","target":["https:\/\/www.inverseteams.com\/ca\/producte\/mallot-ciclista-maniga-curta-kosmik-black-unisex\/"]}]},{"@type":"ImageObject","inLanguage":"ca","@id":"https:\/\/www.inverseteams.com\/ca\/producte\/mallot-ciclista-maniga-curta-kosmik-black-unisex\/#primaryimage","url":"https:\/\/www.inverseteams.com\/wp-content\/uploads\/MAILLOT-CICLISTA-KOSMIK-BLACK-1.jpg","contentUrl":"https:\/\/www.inverseteams.com\/wp-content\/uploads\/MAILLOT-CICLISTA-KOSMIK-BLACK-1.jpg","width":3061,"height":3289,"caption":"Mallot ciclista m\u00e0niga curta KOSMIK BLACK UNISEX"},{"@type":"BreadcrumbList","@id":"https:\/\/www.inverseteams.com\/ca\/producte\/mallot-ciclista-maniga-curta-kosmik-black-unisex\/#breadcrumb","itemListElement":[{"@type":"ListItem","position":1,"name":"Portada","item":"https:\/\/www.inverseteams.com\/ca\/pagina-principal\/"},{"@type":"ListItem","position":2,"name":"Botiga","item":"https:\/\/www.inverseteams.com\/ca\/botiga\/"},{"@type":"ListItem","position":3,"name":"Mallot ciclista m\u00e0niga curta KOSMIK BLACK (UNISEX)"}]},{"@type":"WebSite","@id":"https:\/\/www.inverseteams.com\/ca\/#website","url":"https:\/\/www.inverseteams.com\/ca\/","name":"Inverseteams","description":"Tu marca de ropa deportiva personalizada","publisher":{"@id":"https:\/\/www.inverseteams.com\/ca\/#organization"},"potentialAction":[{"@type":"SearchAction","target":{"@type":"EntryPoint","urlTemplate":"https:\/\/www.inverseteams.com\/ca\/?s={search_term_string}"},"query-input":{"@type":"PropertyValueSpecification","valueRequired":true,"valueName":"search_term_string"}}],"inLanguage":"ca"},{"@type":"Organization","@id":"https:\/\/www.inverseteams.com\/ca\/#organization","name":"Inverse Teams","url":"https:\/\/www.inverseteams.com\/ca\/","logo":{"@type":"ImageObject","inLanguage":"ca","@id":"https:\/\/www.inverseteams.com\/ca\/#\/schema\/logo\/image\/","url":"https:\/\/www.inverseteams.com\/wp-content\/uploads\/2021\/03\/logo-inverse-teams.png","contentUrl":"https:\/\/www.inverseteams.com\/wp-content\/uploads\/2021\/03\/logo-inverse-teams.png","width":294,"height":99,"caption":"Inverse Teams"},"image":{"@id":"https:\/\/www.inverseteams.com\/ca\/#\/schema\/logo\/image\/"},"sameAs":["https:\/\/www.facebook.com\/inverseteams","http:\/\/instagram.com\/inverseteams","https:\/\/www.linkedin.com\/company\/inverse-cirosport-s-l-?trk=job_view_topcard_company_name","http:\/\/www.pinterest.com\/inverseteams\/","http:\/\/www.youtube.com\/user\/inverseteams?feature=watch"]}]}},"_links":{"self":[{"href":"https:\/\/www.inverseteams.com\/ca\/wp-json\/wp\/v2\/product\/51454","targetHints":{"allow":["GET"]}}],"collection":[{"href":"https:\/\/www.inverseteams.com\/ca\/wp-json\/wp\/v2\/product"}],"about":[{"href":"https:\/\/www.inverseteams.com\/ca\/wp-json\/wp\/v2\/types\/product"}],"replies":[{"embeddable":true,"href":"https:\/\/www.inverseteams.com\/ca\/wp-json\/wp\/v2\/comments?post=51454"}],"wp:featuredmedia":[{"embeddable":true,"href":"https:\/\/www.inverseteams.com\/ca\/wp-json\/wp\/v2\/media\/51407"}],"wp:attachment":[{"href":"https:\/\/www.inverseteams.com\/ca\/wp-json\/wp\/v2\/media?parent=51454"}],"wp:term":[{"taxonomy":"product_brand","embeddable":true,"href":"https:\/\/www.inverseteams.com\/ca\/wp-json\/wp\/v2\/product_brand?post=51454"},{"taxonomy":"product_cat","embeddable":true,"href":"https:\/\/www.inverseteams.com\/ca\/wp-json\/wp\/v2\/product_cat?post=51454"},{"taxonomy":"product_tag","embeddable":true,"href":"https:\/\/www.inverseteams.com\/ca\/wp-json\/wp\/v2\/product_tag?post=51454"},{"taxonomy":"custom_category","embeddable":true,"href":"https:\/\/www.inverseteams.com\/ca\/wp-json\/wp\/v2\/custom_category?post=51454"},{"taxonomy":"range","embeddable":true,"href":"https:\/\/www.inverseteams.com\/ca\/wp-json\/wp\/v2\/range?post=51454"}],"curies":[{"name":"wp","href":"https:\/\/api.w.org\/{rel}","templated":true}]}}