{"id":45787,"date":"2021-12-02T08:31:09","date_gmt":"2021-12-02T08:35:46","guid":{"rendered":"https:\/\/www.inverseteams.com\/?post_type=product&#038;p=45787"},"modified":"2024-06-03T00:03:22","modified_gmt":"2024-06-03T00:03:22","slug":"culot-ciclista-werka-dona","status":"publish","type":"product","link":"https:\/\/www.inverseteams.com\/ca\/producte\/culot-ciclista-werka-dona\/","title":{"rendered":"Culot ciclista WERKA (DONA)"},"content":{"rendered":"<p>Culot perfecte per la competici\u00f3 i les proves de llarga dist\u00e0ncia. La seva elasticitat i lleugeresa et permetran una gran llibertat de moviments. Es caracteritza per la seva bona transpirabilitat. \u00c9s ideal pels dies calorosos.<br \/>\nEls panells del culot ciclista estan dissenyats perqu\u00e8 s\u2019adaptin perfectament a les diferents posicions del ciclisme. No notar\u00e0s cap resist\u00e8ncia. Aquests panells estan cosits amb unes costures planes s\u00faper resistents que, a m\u00e9s, aporten un disseny m\u00e9s atractiu a la pe\u00e7a.<br \/>\nLa cintura el\u00e0stica s\u2019adapta perfectamente al cos i a qualsevol posici\u00f3 sense apretar. Podr\u00e0s gaudir de llargues sessions de ciclisme sense mol\u00e8sties.<br \/>\nAl final de les cames t\u00e9 unes l\u00ednies de silicona hipoal\u00b7lerg\u00e8nica que mantenen la pe\u00e7a ben subjecta a la cama. Als laterals t\u00e9 uns punts reflectants que augmentaran la teva seguretat ja que reflectiran la llum dels vehicles.<\/p>\n","protected":false},"excerpt":{"rendered":"<p>Culot perfecte per la competici\u00f3 i les proves de llarga dist\u00e0ncia. La seva elasticitat i lleugeresa et permetran una gran llibertat de moviments. Es caracteritza per la seva bona transpirabilitat. \u00c9s ideal pels dies calorosos.<br \/>\nEls panells del culot ciclista estan dissenyats perqu\u00e8 s\u2019adaptin perfectament a les diferents posicions del ciclisme. No notar\u00e0s cap resist\u00e8ncia. Aquests panells estan cosits amb unes costures planes s\u00faper resistents que, a m\u00e9s, aporten un disseny m\u00e9s atractiu a la pe\u00e7a.<br \/>\nLa cintura el\u00e0stica s\u2019adapta perfectamente al cos i a qualsevol posici\u00f3 sense apretar. Podr\u00e0s gaudir de llargues sessions de ciclisme sense mol\u00e8sties.<br \/>\nAl final de les cames t\u00e9 unes l\u00ednies de silicona hipoal\u00b7lerg\u00e8nica que mantenen la pe\u00e7a ben subjecta a la cama. Als laterals t\u00e9 uns punts reflectants que augmentaran la teva seguretat ja que reflectiran la llum dels vehicles.<\/p>\n","protected":false},"featured_media":125477,"comment_status":"closed","ping_status":"closed","template":"","meta":{"_acf_changed":false},"product_brand":[],"product_cat":[4110,4115,4126,8026,7175],"product_tag":[],"custom_category":[],"range":[],"class_list":{"0":"post-45787","1":"product","2":"type-product","3":"status-publish","4":"has-post-thumbnail","6":"product_cat-ciclisme","7":"product_cat-dona","8":"product_cat-culotte-ciclista-ca","9":"product_cat-free-spirit-summer-coleccio-2022","10":"product_cat-b2b-ca","11":"pa_climatologia-calor-ca","12":"pa_climatologia-temperatura-temperada","13":"pa_deporte-ciclisme","14":"pa_genero-dona","15":"pa_patronaje-fit-ca","16":"pa_talla-l-ca","17":"pa_talla-m-ca","18":"pa_talla-s-ca","19":"pa_talla-xl-ca","20":"pa_talla-xs-ca","21":"pa_tipo-de-prenda-culot-curt","23":"first","24":"outofstock","25":"taxable","26":"shipping-taxable","27":"purchasable","28":"product-type-variable","29":"has-default-attributes"},"acf":[],"yoast_head":"<!-- This site is optimized with the Yoast SEO plugin v27.3 - https:\/\/yoast.com\/product\/yoast-seo-wordpress\/ -->\n<title>Culot ciclista WERKA (DONA)<\/title>\n<meta name=\"description\" content=\"Comprar culot ciclisme negre dona WERKA INVERSE. Enviament gratuit per compres superiors a 50\u20ac. Entrega de 24 a 72 hores.\" \/>\n<meta name=\"robots\" content=\"index, follow, max-snippet:-1, max-image-preview:large, max-video-preview:-1\" \/>\n<link rel=\"canonical\" href=\"https:\/\/www.inverseteams.com\/ca\/producte\/culot-ciclista-werka-dona\/\" \/>\n<meta property=\"og:locale\" content=\"ca_ES\" \/>\n<meta property=\"og:type\" content=\"article\" \/>\n<meta property=\"og:title\" content=\"Culot ciclista WERKA (DONA)\" \/>\n<meta property=\"og:description\" content=\"Comprar culot ciclisme negre dona WERKA INVERSE. Enviament gratuit per compres superiors a 50\u20ac. Entrega de 24 a 72 hores.\" \/>\n<meta property=\"og:url\" content=\"https:\/\/www.inverseteams.com\/ca\/producte\/culot-ciclista-werka-dona\/\" \/>\n<meta property=\"og:site_name\" content=\"Inverseteams\" \/>\n<meta property=\"article:publisher\" content=\"https:\/\/www.facebook.com\/inverseteams\" \/>\n<meta property=\"article:modified_time\" content=\"2024-06-03T00:03:22+00:00\" \/>\n<meta property=\"og:image\" content=\"https:\/\/www.inverseteams.com\/wp-content\/uploads\/CULOTTE-CICLISMO-MUJER-WERKA-1.jpg\" \/>\n\t<meta property=\"og:image:width\" content=\"3000\" \/>\n\t<meta property=\"og:image:height\" content=\"3223\" \/>\n\t<meta property=\"og:image:type\" content=\"image\/jpeg\" \/>\n<meta name=\"twitter:card\" content=\"summary_large_image\" \/>\n<meta name=\"twitter:label1\" content=\"Temps estimat de lectura\" \/>\n\t<meta name=\"twitter:data1\" content=\"1 minut\" \/>\n<script type=\"application\/ld+json\" class=\"yoast-schema-graph\">{\"@context\":\"https:\\\/\\\/schema.org\",\"@graph\":[{\"@type\":\"WebPage\",\"@id\":\"https:\\\/\\\/www.inverseteams.com\\\/ca\\\/producte\\\/culot-ciclista-werka-dona\\\/\",\"url\":\"https:\\\/\\\/www.inverseteams.com\\\/ca\\\/producte\\\/culot-ciclista-werka-dona\\\/\",\"name\":\"Culot ciclista WERKA (DONA)\",\"isPartOf\":{\"@id\":\"https:\\\/\\\/www.inverseteams.com\\\/ca\\\/#website\"},\"primaryImageOfPage\":{\"@id\":\"https:\\\/\\\/www.inverseteams.com\\\/ca\\\/producte\\\/culot-ciclista-werka-dona\\\/#primaryimage\"},\"image\":{\"@id\":\"https:\\\/\\\/www.inverseteams.com\\\/ca\\\/producte\\\/culot-ciclista-werka-dona\\\/#primaryimage\"},\"thumbnailUrl\":\"https:\\\/\\\/www.inverseteams.com\\\/wp-content\\\/uploads\\\/CULOTTE-CICLISMO-MUJER-WERKA-1.jpg\",\"datePublished\":\"2021-12-02T08:35:46+00:00\",\"dateModified\":\"2024-06-03T00:03:22+00:00\",\"description\":\"Comprar culot ciclisme negre dona WERKA INVERSE. Enviament gratuit per compres superiors a 50\u20ac. Entrega de 24 a 72 hores.\",\"breadcrumb\":{\"@id\":\"https:\\\/\\\/www.inverseteams.com\\\/ca\\\/producte\\\/culot-ciclista-werka-dona\\\/#breadcrumb\"},\"inLanguage\":\"ca\",\"potentialAction\":[{\"@type\":\"ReadAction\",\"target\":[\"https:\\\/\\\/www.inverseteams.com\\\/ca\\\/producte\\\/culot-ciclista-werka-dona\\\/\"]}]},{\"@type\":\"ImageObject\",\"inLanguage\":\"ca\",\"@id\":\"https:\\\/\\\/www.inverseteams.com\\\/ca\\\/producte\\\/culot-ciclista-werka-dona\\\/#primaryimage\",\"url\":\"https:\\\/\\\/www.inverseteams.com\\\/wp-content\\\/uploads\\\/CULOTTE-CICLISMO-MUJER-WERKA-1.jpg\",\"contentUrl\":\"https:\\\/\\\/www.inverseteams.com\\\/wp-content\\\/uploads\\\/CULOTTE-CICLISMO-MUJER-WERKA-1.jpg\",\"width\":3000,\"height\":3223,\"caption\":\"CULOTTE CICLISMO MUJER WERKA\"},{\"@type\":\"BreadcrumbList\",\"@id\":\"https:\\\/\\\/www.inverseteams.com\\\/ca\\\/producte\\\/culot-ciclista-werka-dona\\\/#breadcrumb\",\"itemListElement\":[{\"@type\":\"ListItem\",\"position\":1,\"name\":\"Portada\",\"item\":\"https:\\\/\\\/www.inverseteams.com\\\/ca\\\/pagina-principal\\\/\"},{\"@type\":\"ListItem\",\"position\":2,\"name\":\"Botiga\",\"item\":\"https:\\\/\\\/www.inverseteams.com\\\/ca\\\/botiga\\\/\"},{\"@type\":\"ListItem\",\"position\":3,\"name\":\"Culot ciclista WERKA (DONA)\"}]},{\"@type\":\"WebSite\",\"@id\":\"https:\\\/\\\/www.inverseteams.com\\\/ca\\\/#website\",\"url\":\"https:\\\/\\\/www.inverseteams.com\\\/ca\\\/\",\"name\":\"Inverseteams\",\"description\":\"Tu marca de ropa deportiva personalizada\",\"publisher\":{\"@id\":\"https:\\\/\\\/www.inverseteams.com\\\/ca\\\/#organization\"},\"potentialAction\":[{\"@type\":\"SearchAction\",\"target\":{\"@type\":\"EntryPoint\",\"urlTemplate\":\"https:\\\/\\\/www.inverseteams.com\\\/ca\\\/?s={search_term_string}\"},\"query-input\":{\"@type\":\"PropertyValueSpecification\",\"valueRequired\":true,\"valueName\":\"search_term_string\"}}],\"inLanguage\":\"ca\"},{\"@type\":\"Organization\",\"@id\":\"https:\\\/\\\/www.inverseteams.com\\\/ca\\\/#organization\",\"name\":\"Inverse Teams\",\"url\":\"https:\\\/\\\/www.inverseteams.com\\\/ca\\\/\",\"logo\":{\"@type\":\"ImageObject\",\"inLanguage\":\"ca\",\"@id\":\"https:\\\/\\\/www.inverseteams.com\\\/ca\\\/#\\\/schema\\\/logo\\\/image\\\/\",\"url\":\"https:\\\/\\\/www.inverseteams.com\\\/wp-content\\\/uploads\\\/2021\\\/03\\\/logo-inverse-teams.png\",\"contentUrl\":\"https:\\\/\\\/www.inverseteams.com\\\/wp-content\\\/uploads\\\/2021\\\/03\\\/logo-inverse-teams.png\",\"width\":294,\"height\":99,\"caption\":\"Inverse Teams\"},\"image\":{\"@id\":\"https:\\\/\\\/www.inverseteams.com\\\/ca\\\/#\\\/schema\\\/logo\\\/image\\\/\"},\"sameAs\":[\"https:\\\/\\\/www.facebook.com\\\/inverseteams\",\"http:\\\/\\\/instagram.com\\\/inverseteams\",\"https:\\\/\\\/www.linkedin.com\\\/company\\\/inverse-cirosport-s-l-?trk=job_view_topcard_company_name\",\"http:\\\/\\\/www.pinterest.com\\\/inverseteams\\\/\",\"http:\\\/\\\/www.youtube.com\\\/user\\\/inverseteams?feature=watch\"]}]}<\/script>\n<!-- \/ Yoast SEO plugin. -->","yoast_head_json":{"title":"Culot ciclista WERKA (DONA)","description":"Comprar culot ciclisme negre dona WERKA INVERSE. Enviament gratuit per compres superiors a 50\u20ac. Entrega de 24 a 72 hores.","robots":{"index":"index","follow":"follow","max-snippet":"max-snippet:-1","max-image-preview":"max-image-preview:large","max-video-preview":"max-video-preview:-1"},"canonical":"https:\/\/www.inverseteams.com\/ca\/producte\/culot-ciclista-werka-dona\/","og_locale":"ca_ES","og_type":"article","og_title":"Culot ciclista WERKA (DONA)","og_description":"Comprar culot ciclisme negre dona WERKA INVERSE. Enviament gratuit per compres superiors a 50\u20ac. Entrega de 24 a 72 hores.","og_url":"https:\/\/www.inverseteams.com\/ca\/producte\/culot-ciclista-werka-dona\/","og_site_name":"Inverseteams","article_publisher":"https:\/\/www.facebook.com\/inverseteams","article_modified_time":"2024-06-03T00:03:22+00:00","og_image":[{"width":3000,"height":3223,"url":"https:\/\/www.inverseteams.com\/wp-content\/uploads\/CULOTTE-CICLISMO-MUJER-WERKA-1.jpg","type":"image\/jpeg"}],"twitter_card":"summary_large_image","twitter_misc":{"Temps estimat de lectura":"1 minut"},"schema":{"@context":"https:\/\/schema.org","@graph":[{"@type":"WebPage","@id":"https:\/\/www.inverseteams.com\/ca\/producte\/culot-ciclista-werka-dona\/","url":"https:\/\/www.inverseteams.com\/ca\/producte\/culot-ciclista-werka-dona\/","name":"Culot ciclista WERKA (DONA)","isPartOf":{"@id":"https:\/\/www.inverseteams.com\/ca\/#website"},"primaryImageOfPage":{"@id":"https:\/\/www.inverseteams.com\/ca\/producte\/culot-ciclista-werka-dona\/#primaryimage"},"image":{"@id":"https:\/\/www.inverseteams.com\/ca\/producte\/culot-ciclista-werka-dona\/#primaryimage"},"thumbnailUrl":"https:\/\/www.inverseteams.com\/wp-content\/uploads\/CULOTTE-CICLISMO-MUJER-WERKA-1.jpg","datePublished":"2021-12-02T08:35:46+00:00","dateModified":"2024-06-03T00:03:22+00:00","description":"Comprar culot ciclisme negre dona WERKA INVERSE. Enviament gratuit per compres superiors a 50\u20ac. Entrega de 24 a 72 hores.","breadcrumb":{"@id":"https:\/\/www.inverseteams.com\/ca\/producte\/culot-ciclista-werka-dona\/#breadcrumb"},"inLanguage":"ca","potentialAction":[{"@type":"ReadAction","target":["https:\/\/www.inverseteams.com\/ca\/producte\/culot-ciclista-werka-dona\/"]}]},{"@type":"ImageObject","inLanguage":"ca","@id":"https:\/\/www.inverseteams.com\/ca\/producte\/culot-ciclista-werka-dona\/#primaryimage","url":"https:\/\/www.inverseteams.com\/wp-content\/uploads\/CULOTTE-CICLISMO-MUJER-WERKA-1.jpg","contentUrl":"https:\/\/www.inverseteams.com\/wp-content\/uploads\/CULOTTE-CICLISMO-MUJER-WERKA-1.jpg","width":3000,"height":3223,"caption":"CULOTTE CICLISMO MUJER WERKA"},{"@type":"BreadcrumbList","@id":"https:\/\/www.inverseteams.com\/ca\/producte\/culot-ciclista-werka-dona\/#breadcrumb","itemListElement":[{"@type":"ListItem","position":1,"name":"Portada","item":"https:\/\/www.inverseteams.com\/ca\/pagina-principal\/"},{"@type":"ListItem","position":2,"name":"Botiga","item":"https:\/\/www.inverseteams.com\/ca\/botiga\/"},{"@type":"ListItem","position":3,"name":"Culot ciclista WERKA (DONA)"}]},{"@type":"WebSite","@id":"https:\/\/www.inverseteams.com\/ca\/#website","url":"https:\/\/www.inverseteams.com\/ca\/","name":"Inverseteams","description":"Tu marca de ropa deportiva personalizada","publisher":{"@id":"https:\/\/www.inverseteams.com\/ca\/#organization"},"potentialAction":[{"@type":"SearchAction","target":{"@type":"EntryPoint","urlTemplate":"https:\/\/www.inverseteams.com\/ca\/?s={search_term_string}"},"query-input":{"@type":"PropertyValueSpecification","valueRequired":true,"valueName":"search_term_string"}}],"inLanguage":"ca"},{"@type":"Organization","@id":"https:\/\/www.inverseteams.com\/ca\/#organization","name":"Inverse Teams","url":"https:\/\/www.inverseteams.com\/ca\/","logo":{"@type":"ImageObject","inLanguage":"ca","@id":"https:\/\/www.inverseteams.com\/ca\/#\/schema\/logo\/image\/","url":"https:\/\/www.inverseteams.com\/wp-content\/uploads\/2021\/03\/logo-inverse-teams.png","contentUrl":"https:\/\/www.inverseteams.com\/wp-content\/uploads\/2021\/03\/logo-inverse-teams.png","width":294,"height":99,"caption":"Inverse Teams"},"image":{"@id":"https:\/\/www.inverseteams.com\/ca\/#\/schema\/logo\/image\/"},"sameAs":["https:\/\/www.facebook.com\/inverseteams","http:\/\/instagram.com\/inverseteams","https:\/\/www.linkedin.com\/company\/inverse-cirosport-s-l-?trk=job_view_topcard_company_name","http:\/\/www.pinterest.com\/inverseteams\/","http:\/\/www.youtube.com\/user\/inverseteams?feature=watch"]}]}},"_links":{"self":[{"href":"https:\/\/www.inverseteams.com\/ca\/wp-json\/wp\/v2\/product\/45787","targetHints":{"allow":["GET"]}}],"collection":[{"href":"https:\/\/www.inverseteams.com\/ca\/wp-json\/wp\/v2\/product"}],"about":[{"href":"https:\/\/www.inverseteams.com\/ca\/wp-json\/wp\/v2\/types\/product"}],"replies":[{"embeddable":true,"href":"https:\/\/www.inverseteams.com\/ca\/wp-json\/wp\/v2\/comments?post=45787"}],"wp:featuredmedia":[{"embeddable":true,"href":"https:\/\/www.inverseteams.com\/ca\/wp-json\/wp\/v2\/media\/125477"}],"wp:attachment":[{"href":"https:\/\/www.inverseteams.com\/ca\/wp-json\/wp\/v2\/media?parent=45787"}],"wp:term":[{"taxonomy":"product_brand","embeddable":true,"href":"https:\/\/www.inverseteams.com\/ca\/wp-json\/wp\/v2\/product_brand?post=45787"},{"taxonomy":"product_cat","embeddable":true,"href":"https:\/\/www.inverseteams.com\/ca\/wp-json\/wp\/v2\/product_cat?post=45787"},{"taxonomy":"product_tag","embeddable":true,"href":"https:\/\/www.inverseteams.com\/ca\/wp-json\/wp\/v2\/product_tag?post=45787"},{"taxonomy":"custom_category","embeddable":true,"href":"https:\/\/www.inverseteams.com\/ca\/wp-json\/wp\/v2\/custom_category?post=45787"},{"taxonomy":"range","embeddable":true,"href":"https:\/\/www.inverseteams.com\/ca\/wp-json\/wp\/v2\/range?post=45787"}],"curies":[{"name":"wp","href":"https:\/\/api.w.org\/{rel}","templated":true}]}}