{"id":44970,"date":"2021-11-29T08:24:30","date_gmt":"2021-11-29T08:24:30","guid":{"rendered":"https:\/\/www.inverseteams.com\/?post_type=product&#038;p=44970"},"modified":"2026-03-15T10:25:23","modified_gmt":"2026-03-15T09:25:23","slug":"culot-ciclista-fera","status":"publish","type":"product","link":"https:\/\/www.inverseteams.com\/ca\/producte\/culot-ciclista-fera\/","title":{"rendered":"Culot ciclista ESSENZ FERA"},"content":{"rendered":"<p data-start=\"348\" data-end=\"753\">El culotte de ciclisme ESSENZ FERA \u00e9s una pe\u00e7a vers\u00e0til pensada per a ciclistes que busquen <strong data-start=\"546\" data-end=\"578\">comoditat, ajust i rendiment<\/strong>, tant en <strong data-start=\"588\" data-end=\"631\">entrenaments diaris com en competicions<\/strong>. El seu disseny t\u00e8cnic i ajust ergon\u00f2mic el converteix en un aliat ideal per gaudir de llargues hores sobre la bicicleta.<br \/>\nAquest culotte de ciclisme est\u00e0 desenvolupat amb <strong data-start=\"808\" data-end=\"829\">panells anat\u00f2mics<\/strong> que s\u2019adapten perfectament a la posici\u00f3 del ciclista durant el pedaleig. Aquesta construcci\u00f3 ergon\u00f2mica permet una gran llibertat de moviment i evita mol\u00e8sties, mantenint un ajust c\u00f2mode i estable fins i tot en esfor\u00e7os intensos.<br \/>\nLa <strong data-start=\"1064\" data-end=\"1110\">zona de l\u2019esquena i de l\u2019abdomen perforada<\/strong> millora la ventilaci\u00f3 i facilita l\u2019evacuaci\u00f3 de la suor, ajudant a mantenir la pell seca i augmentant la sensaci\u00f3 de confort durant sortides llargues o dies calorosos.<br \/>\nLes <strong data-start=\"1284\" data-end=\"1319\">camals amb acabat de tall l\u00e0ser<\/strong> ofereixen un ajust net i aerodin\u00e0mic. A l\u2019interior incorporen <strong data-start=\"1382\" data-end=\"1402\">grip de silicona<\/strong>, que mant\u00e9 el culotte perfectament al seu lloc durant el pedaleig i evita despla\u00e7aments inc\u00f2modes.<br \/>\nLes <strong data-start=\"1507\" data-end=\"1545\">costures planes d\u2019alta resist\u00e8ncia<\/strong> redueixen la fricci\u00f3 amb la pell i garanteixen gran durabilitat, fins i tot amb un \u00fas intensiu. A m\u00e9s, els <strong data-start=\"1653\" data-end=\"1676\">detalls reflectants<\/strong> augmenten la visibilitat a la carretera, oferint un plus de seguretat en condicions de poca llum.<br \/>\n<strong>El culotte ciclisme ESSENZ FERA \u00e9s perfecte per a qui busca un culotte de ciclisme c\u00f2mode, transpirable i fiable, ideal per a ciclisme de carretera, entrenaments intensius i sortides esportives. Un equilibri perfecte entre rendiment, confort i disseny t\u00e8cnic per gaudir al m\u00e0xim de cada quil\u00f2metre.<\/strong><\/p>\n","protected":false},"excerpt":{"rendered":"<p>El culotte de ciclisme ESSENZ FERA \u00e9s una pe\u00e7a vers\u00e0til pensada per a ciclistes que busquen <strong data-start=\"546\" data-end=\"578\">comoditat, ajust i rendiment<\/strong>, tant en <strong data-start=\"588\" data-end=\"631\">entrenaments diaris com en competicions<\/strong>. El seu disseny t\u00e8cnic i ajust ergon\u00f2mic el converteix en un aliat ideal per gaudir de llargues hores sobre la bicicleta.<br \/>\nAquest culotte de ciclisme est\u00e0 desenvolupat amb <strong data-start=\"808\" data-end=\"829\">panells anat\u00f2mics<\/strong> que s\u2019adapten perfectament a la posici\u00f3 del ciclista durant el pedaleig. Aquesta construcci\u00f3 ergon\u00f2mica permet una gran llibertat de moviment i evita mol\u00e8sties, mantenint un ajust c\u00f2mode i estable fins i tot en esfor\u00e7os intensos.<br \/>\nLa <strong data-start=\"1064\" data-end=\"1110\">zona de l\u2019esquena i de l\u2019abdomen perforada<\/strong> millora la ventilaci\u00f3 i facilita l\u2019evacuaci\u00f3 de la suor, ajudant a mantenir la pell seca i augmentant la sensaci\u00f3 de confort durant sortides llargues o dies calorosos.<br \/>\nLes <strong data-start=\"1284\" data-end=\"1319\">camals amb acabat de tall l\u00e0ser<\/strong> ofereixen un ajust net i aerodin\u00e0mic. A l\u2019interior incorporen <strong data-start=\"1382\" data-end=\"1402\">grip de silicona<\/strong>, que mant\u00e9 el culotte perfectament al seu lloc durant el pedaleig i evita despla\u00e7aments inc\u00f2modes.<br \/>\nLes <strong data-start=\"1507\" data-end=\"1545\">costures planes d\u2019alta resist\u00e8ncia<\/strong> redueixen la fricci\u00f3 amb la pell i garanteixen gran durabilitat, fins i tot amb un \u00fas intensiu. A m\u00e9s, els <strong data-start=\"1653\" data-end=\"1676\">detalls reflectants<\/strong> augmenten la visibilitat a la carretera, oferint un plus de seguretat en condicions de poca llum.<br \/>\n<strong>El culotte ciclisme ESSENZ FERA \u00e9s perfecte per a qui busca un culotte de ciclisme c\u00f2mode, transpirable i fiable, ideal per a ciclisme de carretera, entrenaments intensius i sortides esportives. Un equilibri perfecte entre rendiment, confort i disseny t\u00e8cnic per gaudir al m\u00e0xim de cada quil\u00f2metre.<\/strong><\/p>\n","protected":false},"featured_media":280124,"comment_status":"closed","ping_status":"closed","template":"","meta":{"_acf_changed":false},"product_brand":[],"product_cat":[4110,9947,4126,7175],"product_tag":[],"custom_category":[],"range":[],"class_list":{"0":"post-44970","1":"product","2":"type-product","3":"status-publish","4":"has-post-thumbnail","6":"product_cat-ciclisme","7":"product_cat-gravel-cat","8":"product_cat-culotte-ciclista-ca","9":"product_cat-b2b-ca","10":"pa_climatologia-calor-ca","11":"pa_climatologia-temperatura-temperada","12":"pa_deporte-gravel-ca","13":"pa_deporte-ciclisme","14":"pa_genero-home","15":"pa_patronaje-fit-ca","16":"pa_talla-l-ca","17":"pa_talla-m-ca","18":"pa_talla-s-ca","19":"pa_talla-xl-ca","20":"pa_talla-xxl-ca","21":"pa_tipo-de-prenda-culot-curt","23":"first","24":"instock","25":"taxable","26":"shipping-taxable","27":"purchasable","28":"product-type-variable","29":"has-default-attributes"},"acf":[],"yoast_head":"<!-- This site is optimized with the Yoast SEO plugin v27.2 - https:\/\/yoast.com\/product\/yoast-seo-wordpress\/ -->\n<title>Culot ciclista FERA<\/title>\n<meta name=\"description\" content=\"Comprar culot ciclisme negre FERA INVERSE. Enviament gratuit per compres superiors a 50\u20ac. Disponible a www.inverseteams.com\" \/>\n<meta name=\"robots\" content=\"index, follow, max-snippet:-1, max-image-preview:large, max-video-preview:-1\" \/>\n<link rel=\"canonical\" href=\"https:\/\/www.inverseteams.com\/ca\/producte\/culot-ciclista-fera\/\" \/>\n<meta property=\"og:locale\" content=\"ca_ES\" \/>\n<meta property=\"og:type\" content=\"article\" \/>\n<meta property=\"og:title\" content=\"Culot ciclista FERA\" \/>\n<meta property=\"og:description\" content=\"Comprar culot ciclisme negre FERA INVERSE. Enviament gratuit per compres superiors a 50\u20ac. Disponible a www.inverseteams.com\" \/>\n<meta property=\"og:url\" content=\"https:\/\/www.inverseteams.com\/ca\/producte\/culot-ciclista-fera\/\" \/>\n<meta property=\"og:site_name\" content=\"Inverseteams\" \/>\n<meta property=\"article:publisher\" content=\"https:\/\/www.facebook.com\/inverseteams\" \/>\n<meta property=\"article:modified_time\" content=\"2026-03-15T09:25:23+00:00\" \/>\n<meta property=\"og:image\" content=\"https:\/\/www.inverseteams.com\/wp-content\/uploads\/INVERSE-CICLISMO-HOMBRE-CULOTTE-ESSENZ-FERA-BLACK-001.jpg\" \/>\n\t<meta property=\"og:image:width\" content=\"1500\" \/>\n\t<meta property=\"og:image:height\" content=\"1612\" \/>\n\t<meta property=\"og:image:type\" content=\"image\/jpeg\" \/>\n<meta name=\"twitter:card\" content=\"summary_large_image\" \/>\n<meta name=\"twitter:label1\" content=\"Temps estimat de lectura\" \/>\n\t<meta name=\"twitter:data1\" content=\"2 minut\" \/>\n<script type=\"application\/ld+json\" class=\"yoast-schema-graph\">{\"@context\":\"https:\/\/schema.org\",\"@graph\":[{\"@type\":\"WebPage\",\"@id\":\"https:\/\/www.inverseteams.com\/ca\/producte\/culot-ciclista-fera\/\",\"url\":\"https:\/\/www.inverseteams.com\/ca\/producte\/culot-ciclista-fera\/\",\"name\":\"Culot ciclista FERA\",\"isPartOf\":{\"@id\":\"https:\/\/www.inverseteams.com\/ca\/#website\"},\"primaryImageOfPage\":{\"@id\":\"https:\/\/www.inverseteams.com\/ca\/producte\/culot-ciclista-fera\/#primaryimage\"},\"image\":{\"@id\":\"https:\/\/www.inverseteams.com\/ca\/producte\/culot-ciclista-fera\/#primaryimage\"},\"thumbnailUrl\":\"https:\/\/www.inverseteams.com\/wp-content\/uploads\/INVERSE-CICLISMO-HOMBRE-CULOTTE-ESSENZ-FERA-BLACK-001.jpg\",\"datePublished\":\"2021-11-29T08:24:30+00:00\",\"dateModified\":\"2026-03-15T09:25:23+00:00\",\"description\":\"Comprar culot ciclisme negre FERA INVERSE. Enviament gratuit per compres superiors a 50\u20ac. Disponible a www.inverseteams.com\",\"breadcrumb\":{\"@id\":\"https:\/\/www.inverseteams.com\/ca\/producte\/culot-ciclista-fera\/#breadcrumb\"},\"inLanguage\":\"ca\",\"potentialAction\":[{\"@type\":\"ReadAction\",\"target\":[\"https:\/\/www.inverseteams.com\/ca\/producte\/culot-ciclista-fera\/\"]}]},{\"@type\":\"ImageObject\",\"inLanguage\":\"ca\",\"@id\":\"https:\/\/www.inverseteams.com\/ca\/producte\/culot-ciclista-fera\/#primaryimage\",\"url\":\"https:\/\/www.inverseteams.com\/wp-content\/uploads\/INVERSE-CICLISMO-HOMBRE-CULOTTE-ESSENZ-FERA-BLACK-001.jpg\",\"contentUrl\":\"https:\/\/www.inverseteams.com\/wp-content\/uploads\/INVERSE-CICLISMO-HOMBRE-CULOTTE-ESSENZ-FERA-BLACK-001.jpg\",\"width\":1500,\"height\":1612},{\"@type\":\"BreadcrumbList\",\"@id\":\"https:\/\/www.inverseteams.com\/ca\/producte\/culot-ciclista-fera\/#breadcrumb\",\"itemListElement\":[{\"@type\":\"ListItem\",\"position\":1,\"name\":\"Portada\",\"item\":\"https:\/\/www.inverseteams.com\/ca\/pagina-principal\/\"},{\"@type\":\"ListItem\",\"position\":2,\"name\":\"Botiga\",\"item\":\"https:\/\/www.inverseteams.com\/ca\/botiga\/\"},{\"@type\":\"ListItem\",\"position\":3,\"name\":\"Culot ciclista ESSENZ FERA\"}]},{\"@type\":\"WebSite\",\"@id\":\"https:\/\/www.inverseteams.com\/ca\/#website\",\"url\":\"https:\/\/www.inverseteams.com\/ca\/\",\"name\":\"Inverseteams\",\"description\":\"Tu marca de ropa deportiva personalizada\",\"publisher\":{\"@id\":\"https:\/\/www.inverseteams.com\/ca\/#organization\"},\"potentialAction\":[{\"@type\":\"SearchAction\",\"target\":{\"@type\":\"EntryPoint\",\"urlTemplate\":\"https:\/\/www.inverseteams.com\/ca\/?s={search_term_string}\"},\"query-input\":{\"@type\":\"PropertyValueSpecification\",\"valueRequired\":true,\"valueName\":\"search_term_string\"}}],\"inLanguage\":\"ca\"},{\"@type\":\"Organization\",\"@id\":\"https:\/\/www.inverseteams.com\/ca\/#organization\",\"name\":\"Inverse Teams\",\"url\":\"https:\/\/www.inverseteams.com\/ca\/\",\"logo\":{\"@type\":\"ImageObject\",\"inLanguage\":\"ca\",\"@id\":\"https:\/\/www.inverseteams.com\/ca\/#\/schema\/logo\/image\/\",\"url\":\"https:\/\/www.inverseteams.com\/wp-content\/uploads\/2021\/03\/logo-inverse-teams.png\",\"contentUrl\":\"https:\/\/www.inverseteams.com\/wp-content\/uploads\/2021\/03\/logo-inverse-teams.png\",\"width\":294,\"height\":99,\"caption\":\"Inverse Teams\"},\"image\":{\"@id\":\"https:\/\/www.inverseteams.com\/ca\/#\/schema\/logo\/image\/\"},\"sameAs\":[\"https:\/\/www.facebook.com\/inverseteams\",\"http:\/\/instagram.com\/inverseteams\",\"https:\/\/www.linkedin.com\/company\/inverse-cirosport-s-l-?trk=job_view_topcard_company_name\",\"http:\/\/www.pinterest.com\/inverseteams\/\",\"http:\/\/www.youtube.com\/user\/inverseteams?feature=watch\"]}]}<\/script>\n<!-- \/ Yoast SEO plugin. -->","yoast_head_json":{"title":"Culot ciclista FERA","description":"Comprar culot ciclisme negre FERA INVERSE. Enviament gratuit per compres superiors a 50\u20ac. Disponible a www.inverseteams.com","robots":{"index":"index","follow":"follow","max-snippet":"max-snippet:-1","max-image-preview":"max-image-preview:large","max-video-preview":"max-video-preview:-1"},"canonical":"https:\/\/www.inverseteams.com\/ca\/producte\/culot-ciclista-fera\/","og_locale":"ca_ES","og_type":"article","og_title":"Culot ciclista FERA","og_description":"Comprar culot ciclisme negre FERA INVERSE. Enviament gratuit per compres superiors a 50\u20ac. Disponible a www.inverseteams.com","og_url":"https:\/\/www.inverseteams.com\/ca\/producte\/culot-ciclista-fera\/","og_site_name":"Inverseteams","article_publisher":"https:\/\/www.facebook.com\/inverseteams","article_modified_time":"2026-03-15T09:25:23+00:00","og_image":[{"width":1500,"height":1612,"url":"https:\/\/www.inverseteams.com\/wp-content\/uploads\/INVERSE-CICLISMO-HOMBRE-CULOTTE-ESSENZ-FERA-BLACK-001.jpg","type":"image\/jpeg"}],"twitter_card":"summary_large_image","twitter_misc":{"Temps estimat de lectura":"2 minut"},"schema":{"@context":"https:\/\/schema.org","@graph":[{"@type":"WebPage","@id":"https:\/\/www.inverseteams.com\/ca\/producte\/culot-ciclista-fera\/","url":"https:\/\/www.inverseteams.com\/ca\/producte\/culot-ciclista-fera\/","name":"Culot ciclista FERA","isPartOf":{"@id":"https:\/\/www.inverseteams.com\/ca\/#website"},"primaryImageOfPage":{"@id":"https:\/\/www.inverseteams.com\/ca\/producte\/culot-ciclista-fera\/#primaryimage"},"image":{"@id":"https:\/\/www.inverseteams.com\/ca\/producte\/culot-ciclista-fera\/#primaryimage"},"thumbnailUrl":"https:\/\/www.inverseteams.com\/wp-content\/uploads\/INVERSE-CICLISMO-HOMBRE-CULOTTE-ESSENZ-FERA-BLACK-001.jpg","datePublished":"2021-11-29T08:24:30+00:00","dateModified":"2026-03-15T09:25:23+00:00","description":"Comprar culot ciclisme negre FERA INVERSE. Enviament gratuit per compres superiors a 50\u20ac. Disponible a www.inverseteams.com","breadcrumb":{"@id":"https:\/\/www.inverseteams.com\/ca\/producte\/culot-ciclista-fera\/#breadcrumb"},"inLanguage":"ca","potentialAction":[{"@type":"ReadAction","target":["https:\/\/www.inverseteams.com\/ca\/producte\/culot-ciclista-fera\/"]}]},{"@type":"ImageObject","inLanguage":"ca","@id":"https:\/\/www.inverseteams.com\/ca\/producte\/culot-ciclista-fera\/#primaryimage","url":"https:\/\/www.inverseteams.com\/wp-content\/uploads\/INVERSE-CICLISMO-HOMBRE-CULOTTE-ESSENZ-FERA-BLACK-001.jpg","contentUrl":"https:\/\/www.inverseteams.com\/wp-content\/uploads\/INVERSE-CICLISMO-HOMBRE-CULOTTE-ESSENZ-FERA-BLACK-001.jpg","width":1500,"height":1612},{"@type":"BreadcrumbList","@id":"https:\/\/www.inverseteams.com\/ca\/producte\/culot-ciclista-fera\/#breadcrumb","itemListElement":[{"@type":"ListItem","position":1,"name":"Portada","item":"https:\/\/www.inverseteams.com\/ca\/pagina-principal\/"},{"@type":"ListItem","position":2,"name":"Botiga","item":"https:\/\/www.inverseteams.com\/ca\/botiga\/"},{"@type":"ListItem","position":3,"name":"Culot ciclista ESSENZ FERA"}]},{"@type":"WebSite","@id":"https:\/\/www.inverseteams.com\/ca\/#website","url":"https:\/\/www.inverseteams.com\/ca\/","name":"Inverseteams","description":"Tu marca de ropa deportiva personalizada","publisher":{"@id":"https:\/\/www.inverseteams.com\/ca\/#organization"},"potentialAction":[{"@type":"SearchAction","target":{"@type":"EntryPoint","urlTemplate":"https:\/\/www.inverseteams.com\/ca\/?s={search_term_string}"},"query-input":{"@type":"PropertyValueSpecification","valueRequired":true,"valueName":"search_term_string"}}],"inLanguage":"ca"},{"@type":"Organization","@id":"https:\/\/www.inverseteams.com\/ca\/#organization","name":"Inverse Teams","url":"https:\/\/www.inverseteams.com\/ca\/","logo":{"@type":"ImageObject","inLanguage":"ca","@id":"https:\/\/www.inverseteams.com\/ca\/#\/schema\/logo\/image\/","url":"https:\/\/www.inverseteams.com\/wp-content\/uploads\/2021\/03\/logo-inverse-teams.png","contentUrl":"https:\/\/www.inverseteams.com\/wp-content\/uploads\/2021\/03\/logo-inverse-teams.png","width":294,"height":99,"caption":"Inverse Teams"},"image":{"@id":"https:\/\/www.inverseteams.com\/ca\/#\/schema\/logo\/image\/"},"sameAs":["https:\/\/www.facebook.com\/inverseteams","http:\/\/instagram.com\/inverseteams","https:\/\/www.linkedin.com\/company\/inverse-cirosport-s-l-?trk=job_view_topcard_company_name","http:\/\/www.pinterest.com\/inverseteams\/","http:\/\/www.youtube.com\/user\/inverseteams?feature=watch"]}]}},"_links":{"self":[{"href":"https:\/\/www.inverseteams.com\/ca\/wp-json\/wp\/v2\/product\/44970","targetHints":{"allow":["GET"]}}],"collection":[{"href":"https:\/\/www.inverseteams.com\/ca\/wp-json\/wp\/v2\/product"}],"about":[{"href":"https:\/\/www.inverseteams.com\/ca\/wp-json\/wp\/v2\/types\/product"}],"replies":[{"embeddable":true,"href":"https:\/\/www.inverseteams.com\/ca\/wp-json\/wp\/v2\/comments?post=44970"}],"wp:featuredmedia":[{"embeddable":true,"href":"https:\/\/www.inverseteams.com\/ca\/wp-json\/wp\/v2\/media\/280124"}],"wp:attachment":[{"href":"https:\/\/www.inverseteams.com\/ca\/wp-json\/wp\/v2\/media?parent=44970"}],"wp:term":[{"taxonomy":"product_brand","embeddable":true,"href":"https:\/\/www.inverseteams.com\/ca\/wp-json\/wp\/v2\/product_brand?post=44970"},{"taxonomy":"product_cat","embeddable":true,"href":"https:\/\/www.inverseteams.com\/ca\/wp-json\/wp\/v2\/product_cat?post=44970"},{"taxonomy":"product_tag","embeddable":true,"href":"https:\/\/www.inverseteams.com\/ca\/wp-json\/wp\/v2\/product_tag?post=44970"},{"taxonomy":"custom_category","embeddable":true,"href":"https:\/\/www.inverseteams.com\/ca\/wp-json\/wp\/v2\/custom_category?post=44970"},{"taxonomy":"range","embeddable":true,"href":"https:\/\/www.inverseteams.com\/ca\/wp-json\/wp\/v2\/range?post=44970"}],"curies":[{"name":"wp","href":"https:\/\/api.w.org\/{rel}","templated":true}]}}