{"id":38677,"date":"2021-11-02T12:04:22","date_gmt":"2021-11-02T12:04:22","guid":{"rendered":"https:\/\/www.inverseteams.com\/?post_type=product&#038;p=38677"},"modified":"2022-12-05T00:01:21","modified_gmt":"2022-12-05T00:01:21","slug":"mallot-ciclista-maniga-curta-oncic-9-home","status":"publish","type":"product","link":"https:\/\/www.inverseteams.com\/ca\/producte\/mallot-ciclista-maniga-curta-oncic-9-home\/","title":{"rendered":"Mallot ciclista m\u00e0niga curta ONCIC 9 (HOME)"},"content":{"rendered":"<p>Mallot t\u00e8cnic lleuger que s\u2019adapta perfectament al cos i et permet disfrutar del ciclisme durant els dies assolellats regulant la temperatura corporal gr\u00e0cies al tractament Dual Confort System del seu teixit. Aquest evitar\u00e0 un sobreescalfament de la pell i et permetr\u00e0 rendir al m\u00e0xim. A la vegada combina diferents tecnologies perqu\u00e8 sempre es mantingui en la posici\u00f3 ideal. Al final de les m\u00e0nigues t\u00e9 una banda el\u00e0stica microperforada amb un grip de silicona hipoal\u00b7lerg\u00e8nica perqu\u00e8 sempre es mantinguin ben arrapades al bra\u00e7. A la cintura t\u00e9 una banda de silicona que ajustar\u00e0 el mallot al teu cos. A la zona lumbar incorpora 3 butxaques on podr\u00e0s guardar qualsevol objecte sense por de perdre\u2019l. Gaudeix del ciclisme sense preocupacions. La forma anat\u00f2mica del coll permet que aquest s\u2019adapti a la posici\u00f3 ciclista sense molestar i evitant que entri l\u2019aire. A m\u00e9s, l\u2019estructura dels seus teixits garanteix un bon flux del vent per augmentar l\u2019aerodin\u00e0mica i  optimitzar tot el teu esfor\u00e7.<\/p>\n","protected":false},"excerpt":{"rendered":"<p>Mallot t\u00e8cnic lleuger que s\u2019adapta perfectament al cos i et permet disfrutar del ciclisme durant els dies assolellats regulant la temperatura corporal gr\u00e0cies al tractament Dual Confort System del seu teixit. Aquest evitar\u00e0 un sobreescalfament de la pell i et permetr\u00e0 rendir al m\u00e0xim. A la vegada combina diferents tecnologies perqu\u00e8 sempre es mantingui en la posici\u00f3 ideal. Al final de les m\u00e0nigues t\u00e9 una banda el\u00e0stica microperforada amb un grip de silicona hipoal\u00b7lerg\u00e8nica perqu\u00e8 sempre es mantinguin ben arrapades al bra\u00e7. A la cintura t\u00e9 una banda de silicona que ajustar\u00e0 el mallot al teu cos. A la zona lumbar incorpora 3 butxaques on podr\u00e0s guardar qualsevol objecte sense por de perdre\u2019l. Gaudeix del ciclisme sense preocupacions. La forma anat\u00f2mica del coll permet que aquest s\u2019adapti a la posici\u00f3 ciclista sense molestar i evitant que entri l\u2019aire. A m\u00e9s, l\u2019estructura dels seus teixits garanteix un bon flux del vent per augmentar l\u2019aerodin\u00e0mica i  optimitzar tot el teu esfor\u00e7.<\/p>\n","protected":false},"featured_media":38573,"comment_status":"closed","ping_status":"closed","template":"","meta":{"_acf_changed":false},"product_brand":[],"product_cat":[4107,4195,4197,4186,7175],"product_tag":[],"custom_category":[],"range":[],"class_list":{"0":"post-38677","1":"product","2":"type-product","3":"status-publish","4":"has-post-thumbnail","6":"product_cat-home","7":"product_cat-ciclisme-outlet","8":"product_cat-mallot-ciclista-outlet","9":"product_cat-outet-ca","10":"product_cat-b2b-ca","11":"pa_climatologia-calor-ca","12":"pa_deporte-ciclisme","13":"pa_genero-home","14":"pa_patronaje-regular-ca","15":"pa_talla-l-ca","16":"pa_talla-m-ca","17":"pa_talla-3xl-ca-2","18":"pa_talla-s-ca","19":"pa_talla-xl-ca","20":"pa_talla-xs-ca","21":"pa_talla-xxl-ca","22":"pa_tipo-de-prenda-mallot-maniga-curta","24":"first","25":"outofstock","26":"sale","27":"taxable","28":"shipping-taxable","29":"purchasable","30":"product-type-variable","31":"has-default-attributes"},"acf":[],"yoast_head":"<!-- This site is optimized with the Yoast SEO plugin v27.2 - https:\/\/yoast.com\/product\/yoast-seo-wordpress\/ -->\n<title>Maillot ciclista manga corta ONCIC 9 (HOMBRE)<\/title>\n<meta name=\"description\" content=\"Mallot t\u00e8cnic lleuger que s\u2019adapta perfectament al cos i et permet disfrutar del ciclisme durant els dies assolellats regulant la temperatura corporal gr\u00e0cies al tractament Dual Confort System del seu teixit. Aquest evitar\u00e0 un sobreescalfament de la pell i et permetr\u00e0 rendir al m\u00e0xim. A la vegada combina diferents tecnologies perqu\u00e8 sempre es mantingui en la posici\u00f3 ideal. Al final de les m\u00e0nigues t\u00e9 una banda el\u00e0stica microperforada amb un grip de silicona hipoal\u00b7lerg\u00e8nica perqu\u00e8 sempre es mantinguin ben arrapades al bra\u00e7. A la cintura t\u00e9 una banda de silicona que ajustar\u00e0 el mallot al teu cos. A la zona lumbar incorpora 3 butxaques on podr\u00e0s guardar qualsevol objecte sense por de perdre\u2019l. Gaudeix del ciclisme sense preocupacions. La forma anat\u00f2mica del coll permet que aquest s\u2019adapti a la posici\u00f3 ciclista sense molestar i evitant que entri l\u2019aire. A m\u00e9s, l\u2019estructura dels seus teixits garanteix un bon flux del vent per augmentar l\u2019aerodin\u00e0mica i optimitzar tot el teu esfor\u00e7.\" \/>\n<meta name=\"robots\" content=\"index, follow, max-snippet:-1, max-image-preview:large, max-video-preview:-1\" \/>\n<link rel=\"canonical\" href=\"https:\/\/www.inverseteams.com\/ca\/producte\/mallot-ciclista-maniga-curta-oncic-9-home\/\" \/>\n<meta property=\"og:locale\" content=\"ca_ES\" \/>\n<meta property=\"og:type\" content=\"article\" \/>\n<meta property=\"og:title\" content=\"Maillot ciclista manga corta ONCIC 9 (HOMBRE)\" \/>\n<meta property=\"og:description\" content=\"Mallot t\u00e8cnic lleuger que s\u2019adapta perfectament al cos i et permet disfrutar del ciclisme durant els dies assolellats regulant la temperatura corporal gr\u00e0cies al tractament Dual Confort System del seu teixit. Aquest evitar\u00e0 un sobreescalfament de la pell i et permetr\u00e0 rendir al m\u00e0xim. A la vegada combina diferents tecnologies perqu\u00e8 sempre es mantingui en la posici\u00f3 ideal. Al final de les m\u00e0nigues t\u00e9 una banda el\u00e0stica microperforada amb un grip de silicona hipoal\u00b7lerg\u00e8nica perqu\u00e8 sempre es mantinguin ben arrapades al bra\u00e7. A la cintura t\u00e9 una banda de silicona que ajustar\u00e0 el mallot al teu cos. A la zona lumbar incorpora 3 butxaques on podr\u00e0s guardar qualsevol objecte sense por de perdre\u2019l. Gaudeix del ciclisme sense preocupacions. La forma anat\u00f2mica del coll permet que aquest s\u2019adapti a la posici\u00f3 ciclista sense molestar i evitant que entri l\u2019aire. A m\u00e9s, l\u2019estructura dels seus teixits garanteix un bon flux del vent per augmentar l\u2019aerodin\u00e0mica i optimitzar tot el teu esfor\u00e7.\" \/>\n<meta property=\"og:url\" content=\"https:\/\/www.inverseteams.com\/ca\/producte\/mallot-ciclista-maniga-curta-oncic-9-home\/\" \/>\n<meta property=\"og:site_name\" content=\"Inverseteams\" \/>\n<meta property=\"article:publisher\" content=\"https:\/\/www.facebook.com\/inverseteams\" \/>\n<meta property=\"article:modified_time\" content=\"2022-12-05T00:01:21+00:00\" \/>\n<meta property=\"og:image\" content=\"https:\/\/www.inverseteams.com\/wp-content\/uploads\/MAILLOT-CICLISTA-HOMBRE-ONCIC9-1.jpg\" \/>\n\t<meta property=\"og:image:width\" content=\"3222\" \/>\n\t<meta property=\"og:image:height\" content=\"3462\" \/>\n\t<meta property=\"og:image:type\" content=\"image\/jpeg\" \/>\n<meta name=\"twitter:card\" content=\"summary_large_image\" \/>\n<meta name=\"twitter:label1\" content=\"Temps estimat de lectura\" \/>\n\t<meta name=\"twitter:data1\" content=\"1 minut\" \/>\n<script type=\"application\/ld+json\" class=\"yoast-schema-graph\">{\"@context\":\"https:\/\/schema.org\",\"@graph\":[{\"@type\":\"WebPage\",\"@id\":\"https:\/\/www.inverseteams.com\/ca\/producte\/mallot-ciclista-maniga-curta-oncic-9-home\/\",\"url\":\"https:\/\/www.inverseteams.com\/ca\/producte\/mallot-ciclista-maniga-curta-oncic-9-home\/\",\"name\":\"Maillot ciclista manga corta ONCIC 9 (HOMBRE)\",\"isPartOf\":{\"@id\":\"https:\/\/www.inverseteams.com\/ca\/#website\"},\"primaryImageOfPage\":{\"@id\":\"https:\/\/www.inverseteams.com\/ca\/producte\/mallot-ciclista-maniga-curta-oncic-9-home\/#primaryimage\"},\"image\":{\"@id\":\"https:\/\/www.inverseteams.com\/ca\/producte\/mallot-ciclista-maniga-curta-oncic-9-home\/#primaryimage\"},\"thumbnailUrl\":\"https:\/\/www.inverseteams.com\/wp-content\/uploads\/MAILLOT-CICLISTA-HOMBRE-ONCIC9-1.jpg\",\"datePublished\":\"2021-11-02T12:04:22+00:00\",\"dateModified\":\"2022-12-05T00:01:21+00:00\",\"description\":\"Mallot t\u00e8cnic lleuger que s\u2019adapta perfectament al cos i et permet disfrutar del ciclisme durant els dies assolellats regulant la temperatura corporal gr\u00e0cies al tractament Dual Confort System del seu teixit. Aquest evitar\u00e0 un sobreescalfament de la pell i et permetr\u00e0 rendir al m\u00e0xim. A la vegada combina diferents tecnologies perqu\u00e8 sempre es mantingui en la posici\u00f3 ideal. Al final de les m\u00e0nigues t\u00e9 una banda el\u00e0stica microperforada amb un grip de silicona hipoal\u00b7lerg\u00e8nica perqu\u00e8 sempre es mantinguin ben arrapades al bra\u00e7. A la cintura t\u00e9 una banda de silicona que ajustar\u00e0 el mallot al teu cos. A la zona lumbar incorpora 3 butxaques on podr\u00e0s guardar qualsevol objecte sense por de perdre\u2019l. Gaudeix del ciclisme sense preocupacions. La forma anat\u00f2mica del coll permet que aquest s\u2019adapti a la posici\u00f3 ciclista sense molestar i evitant que entri l\u2019aire. A m\u00e9s, l\u2019estructura dels seus teixits garanteix un bon flux del vent per augmentar l\u2019aerodin\u00e0mica i optimitzar tot el teu esfor\u00e7.\",\"breadcrumb\":{\"@id\":\"https:\/\/www.inverseteams.com\/ca\/producte\/mallot-ciclista-maniga-curta-oncic-9-home\/#breadcrumb\"},\"inLanguage\":\"ca\",\"potentialAction\":[{\"@type\":\"ReadAction\",\"target\":[\"https:\/\/www.inverseteams.com\/ca\/producte\/mallot-ciclista-maniga-curta-oncic-9-home\/\"]}]},{\"@type\":\"ImageObject\",\"inLanguage\":\"ca\",\"@id\":\"https:\/\/www.inverseteams.com\/ca\/producte\/mallot-ciclista-maniga-curta-oncic-9-home\/#primaryimage\",\"url\":\"https:\/\/www.inverseteams.com\/wp-content\/uploads\/MAILLOT-CICLISTA-HOMBRE-ONCIC9-1.jpg\",\"contentUrl\":\"https:\/\/www.inverseteams.com\/wp-content\/uploads\/MAILLOT-CICLISTA-HOMBRE-ONCIC9-1.jpg\",\"width\":3222,\"height\":3462,\"caption\":\"Mallot ciclista m\u00e0niga curta ONCIC 9\"},{\"@type\":\"BreadcrumbList\",\"@id\":\"https:\/\/www.inverseteams.com\/ca\/producte\/mallot-ciclista-maniga-curta-oncic-9-home\/#breadcrumb\",\"itemListElement\":[{\"@type\":\"ListItem\",\"position\":1,\"name\":\"Portada\",\"item\":\"https:\/\/www.inverseteams.com\/ca\/pagina-principal\/\"},{\"@type\":\"ListItem\",\"position\":2,\"name\":\"Botiga\",\"item\":\"https:\/\/www.inverseteams.com\/ca\/botiga\/\"},{\"@type\":\"ListItem\",\"position\":3,\"name\":\"Mallot ciclista m\u00e0niga curta ONCIC 9 (HOME)\"}]},{\"@type\":\"WebSite\",\"@id\":\"https:\/\/www.inverseteams.com\/ca\/#website\",\"url\":\"https:\/\/www.inverseteams.com\/ca\/\",\"name\":\"Inverseteams\",\"description\":\"Tu marca de ropa deportiva personalizada\",\"publisher\":{\"@id\":\"https:\/\/www.inverseteams.com\/ca\/#organization\"},\"potentialAction\":[{\"@type\":\"SearchAction\",\"target\":{\"@type\":\"EntryPoint\",\"urlTemplate\":\"https:\/\/www.inverseteams.com\/ca\/?s={search_term_string}\"},\"query-input\":{\"@type\":\"PropertyValueSpecification\",\"valueRequired\":true,\"valueName\":\"search_term_string\"}}],\"inLanguage\":\"ca\"},{\"@type\":\"Organization\",\"@id\":\"https:\/\/www.inverseteams.com\/ca\/#organization\",\"name\":\"Inverse Teams\",\"url\":\"https:\/\/www.inverseteams.com\/ca\/\",\"logo\":{\"@type\":\"ImageObject\",\"inLanguage\":\"ca\",\"@id\":\"https:\/\/www.inverseteams.com\/ca\/#\/schema\/logo\/image\/\",\"url\":\"https:\/\/www.inverseteams.com\/wp-content\/uploads\/2021\/03\/logo-inverse-teams.png\",\"contentUrl\":\"https:\/\/www.inverseteams.com\/wp-content\/uploads\/2021\/03\/logo-inverse-teams.png\",\"width\":294,\"height\":99,\"caption\":\"Inverse Teams\"},\"image\":{\"@id\":\"https:\/\/www.inverseteams.com\/ca\/#\/schema\/logo\/image\/\"},\"sameAs\":[\"https:\/\/www.facebook.com\/inverseteams\",\"http:\/\/instagram.com\/inverseteams\",\"https:\/\/www.linkedin.com\/company\/inverse-cirosport-s-l-?trk=job_view_topcard_company_name\",\"http:\/\/www.pinterest.com\/inverseteams\/\",\"http:\/\/www.youtube.com\/user\/inverseteams?feature=watch\"]}]}<\/script>\n<!-- \/ Yoast SEO plugin. -->","yoast_head_json":{"title":"Maillot ciclista manga corta ONCIC 9 (HOMBRE)","description":"Mallot t\u00e8cnic lleuger que s\u2019adapta perfectament al cos i et permet disfrutar del ciclisme durant els dies assolellats regulant la temperatura corporal gr\u00e0cies al tractament Dual Confort System del seu teixit. Aquest evitar\u00e0 un sobreescalfament de la pell i et permetr\u00e0 rendir al m\u00e0xim. A la vegada combina diferents tecnologies perqu\u00e8 sempre es mantingui en la posici\u00f3 ideal. Al final de les m\u00e0nigues t\u00e9 una banda el\u00e0stica microperforada amb un grip de silicona hipoal\u00b7lerg\u00e8nica perqu\u00e8 sempre es mantinguin ben arrapades al bra\u00e7. A la cintura t\u00e9 una banda de silicona que ajustar\u00e0 el mallot al teu cos. A la zona lumbar incorpora 3 butxaques on podr\u00e0s guardar qualsevol objecte sense por de perdre\u2019l. Gaudeix del ciclisme sense preocupacions. La forma anat\u00f2mica del coll permet que aquest s\u2019adapti a la posici\u00f3 ciclista sense molestar i evitant que entri l\u2019aire. A m\u00e9s, l\u2019estructura dels seus teixits garanteix un bon flux del vent per augmentar l\u2019aerodin\u00e0mica i optimitzar tot el teu esfor\u00e7.","robots":{"index":"index","follow":"follow","max-snippet":"max-snippet:-1","max-image-preview":"max-image-preview:large","max-video-preview":"max-video-preview:-1"},"canonical":"https:\/\/www.inverseteams.com\/ca\/producte\/mallot-ciclista-maniga-curta-oncic-9-home\/","og_locale":"ca_ES","og_type":"article","og_title":"Maillot ciclista manga corta ONCIC 9 (HOMBRE)","og_description":"Mallot t\u00e8cnic lleuger que s\u2019adapta perfectament al cos i et permet disfrutar del ciclisme durant els dies assolellats regulant la temperatura corporal gr\u00e0cies al tractament Dual Confort System del seu teixit. Aquest evitar\u00e0 un sobreescalfament de la pell i et permetr\u00e0 rendir al m\u00e0xim. A la vegada combina diferents tecnologies perqu\u00e8 sempre es mantingui en la posici\u00f3 ideal. Al final de les m\u00e0nigues t\u00e9 una banda el\u00e0stica microperforada amb un grip de silicona hipoal\u00b7lerg\u00e8nica perqu\u00e8 sempre es mantinguin ben arrapades al bra\u00e7. A la cintura t\u00e9 una banda de silicona que ajustar\u00e0 el mallot al teu cos. A la zona lumbar incorpora 3 butxaques on podr\u00e0s guardar qualsevol objecte sense por de perdre\u2019l. Gaudeix del ciclisme sense preocupacions. La forma anat\u00f2mica del coll permet que aquest s\u2019adapti a la posici\u00f3 ciclista sense molestar i evitant que entri l\u2019aire. A m\u00e9s, l\u2019estructura dels seus teixits garanteix un bon flux del vent per augmentar l\u2019aerodin\u00e0mica i optimitzar tot el teu esfor\u00e7.","og_url":"https:\/\/www.inverseteams.com\/ca\/producte\/mallot-ciclista-maniga-curta-oncic-9-home\/","og_site_name":"Inverseteams","article_publisher":"https:\/\/www.facebook.com\/inverseteams","article_modified_time":"2022-12-05T00:01:21+00:00","og_image":[{"width":3222,"height":3462,"url":"https:\/\/www.inverseteams.com\/wp-content\/uploads\/MAILLOT-CICLISTA-HOMBRE-ONCIC9-1.jpg","type":"image\/jpeg"}],"twitter_card":"summary_large_image","twitter_misc":{"Temps estimat de lectura":"1 minut"},"schema":{"@context":"https:\/\/schema.org","@graph":[{"@type":"WebPage","@id":"https:\/\/www.inverseteams.com\/ca\/producte\/mallot-ciclista-maniga-curta-oncic-9-home\/","url":"https:\/\/www.inverseteams.com\/ca\/producte\/mallot-ciclista-maniga-curta-oncic-9-home\/","name":"Maillot ciclista manga corta ONCIC 9 (HOMBRE)","isPartOf":{"@id":"https:\/\/www.inverseteams.com\/ca\/#website"},"primaryImageOfPage":{"@id":"https:\/\/www.inverseteams.com\/ca\/producte\/mallot-ciclista-maniga-curta-oncic-9-home\/#primaryimage"},"image":{"@id":"https:\/\/www.inverseteams.com\/ca\/producte\/mallot-ciclista-maniga-curta-oncic-9-home\/#primaryimage"},"thumbnailUrl":"https:\/\/www.inverseteams.com\/wp-content\/uploads\/MAILLOT-CICLISTA-HOMBRE-ONCIC9-1.jpg","datePublished":"2021-11-02T12:04:22+00:00","dateModified":"2022-12-05T00:01:21+00:00","description":"Mallot t\u00e8cnic lleuger que s\u2019adapta perfectament al cos i et permet disfrutar del ciclisme durant els dies assolellats regulant la temperatura corporal gr\u00e0cies al tractament Dual Confort System del seu teixit. Aquest evitar\u00e0 un sobreescalfament de la pell i et permetr\u00e0 rendir al m\u00e0xim. A la vegada combina diferents tecnologies perqu\u00e8 sempre es mantingui en la posici\u00f3 ideal. Al final de les m\u00e0nigues t\u00e9 una banda el\u00e0stica microperforada amb un grip de silicona hipoal\u00b7lerg\u00e8nica perqu\u00e8 sempre es mantinguin ben arrapades al bra\u00e7. A la cintura t\u00e9 una banda de silicona que ajustar\u00e0 el mallot al teu cos. A la zona lumbar incorpora 3 butxaques on podr\u00e0s guardar qualsevol objecte sense por de perdre\u2019l. Gaudeix del ciclisme sense preocupacions. La forma anat\u00f2mica del coll permet que aquest s\u2019adapti a la posici\u00f3 ciclista sense molestar i evitant que entri l\u2019aire. A m\u00e9s, l\u2019estructura dels seus teixits garanteix un bon flux del vent per augmentar l\u2019aerodin\u00e0mica i optimitzar tot el teu esfor\u00e7.","breadcrumb":{"@id":"https:\/\/www.inverseteams.com\/ca\/producte\/mallot-ciclista-maniga-curta-oncic-9-home\/#breadcrumb"},"inLanguage":"ca","potentialAction":[{"@type":"ReadAction","target":["https:\/\/www.inverseteams.com\/ca\/producte\/mallot-ciclista-maniga-curta-oncic-9-home\/"]}]},{"@type":"ImageObject","inLanguage":"ca","@id":"https:\/\/www.inverseteams.com\/ca\/producte\/mallot-ciclista-maniga-curta-oncic-9-home\/#primaryimage","url":"https:\/\/www.inverseteams.com\/wp-content\/uploads\/MAILLOT-CICLISTA-HOMBRE-ONCIC9-1.jpg","contentUrl":"https:\/\/www.inverseteams.com\/wp-content\/uploads\/MAILLOT-CICLISTA-HOMBRE-ONCIC9-1.jpg","width":3222,"height":3462,"caption":"Mallot ciclista m\u00e0niga curta ONCIC 9"},{"@type":"BreadcrumbList","@id":"https:\/\/www.inverseteams.com\/ca\/producte\/mallot-ciclista-maniga-curta-oncic-9-home\/#breadcrumb","itemListElement":[{"@type":"ListItem","position":1,"name":"Portada","item":"https:\/\/www.inverseteams.com\/ca\/pagina-principal\/"},{"@type":"ListItem","position":2,"name":"Botiga","item":"https:\/\/www.inverseteams.com\/ca\/botiga\/"},{"@type":"ListItem","position":3,"name":"Mallot ciclista m\u00e0niga curta ONCIC 9 (HOME)"}]},{"@type":"WebSite","@id":"https:\/\/www.inverseteams.com\/ca\/#website","url":"https:\/\/www.inverseteams.com\/ca\/","name":"Inverseteams","description":"Tu marca de ropa deportiva personalizada","publisher":{"@id":"https:\/\/www.inverseteams.com\/ca\/#organization"},"potentialAction":[{"@type":"SearchAction","target":{"@type":"EntryPoint","urlTemplate":"https:\/\/www.inverseteams.com\/ca\/?s={search_term_string}"},"query-input":{"@type":"PropertyValueSpecification","valueRequired":true,"valueName":"search_term_string"}}],"inLanguage":"ca"},{"@type":"Organization","@id":"https:\/\/www.inverseteams.com\/ca\/#organization","name":"Inverse Teams","url":"https:\/\/www.inverseteams.com\/ca\/","logo":{"@type":"ImageObject","inLanguage":"ca","@id":"https:\/\/www.inverseteams.com\/ca\/#\/schema\/logo\/image\/","url":"https:\/\/www.inverseteams.com\/wp-content\/uploads\/2021\/03\/logo-inverse-teams.png","contentUrl":"https:\/\/www.inverseteams.com\/wp-content\/uploads\/2021\/03\/logo-inverse-teams.png","width":294,"height":99,"caption":"Inverse Teams"},"image":{"@id":"https:\/\/www.inverseteams.com\/ca\/#\/schema\/logo\/image\/"},"sameAs":["https:\/\/www.facebook.com\/inverseteams","http:\/\/instagram.com\/inverseteams","https:\/\/www.linkedin.com\/company\/inverse-cirosport-s-l-?trk=job_view_topcard_company_name","http:\/\/www.pinterest.com\/inverseteams\/","http:\/\/www.youtube.com\/user\/inverseteams?feature=watch"]}]}},"_links":{"self":[{"href":"https:\/\/www.inverseteams.com\/ca\/wp-json\/wp\/v2\/product\/38677","targetHints":{"allow":["GET"]}}],"collection":[{"href":"https:\/\/www.inverseteams.com\/ca\/wp-json\/wp\/v2\/product"}],"about":[{"href":"https:\/\/www.inverseteams.com\/ca\/wp-json\/wp\/v2\/types\/product"}],"replies":[{"embeddable":true,"href":"https:\/\/www.inverseteams.com\/ca\/wp-json\/wp\/v2\/comments?post=38677"}],"wp:featuredmedia":[{"embeddable":true,"href":"https:\/\/www.inverseteams.com\/ca\/wp-json\/wp\/v2\/media\/38573"}],"wp:attachment":[{"href":"https:\/\/www.inverseteams.com\/ca\/wp-json\/wp\/v2\/media?parent=38677"}],"wp:term":[{"taxonomy":"product_brand","embeddable":true,"href":"https:\/\/www.inverseteams.com\/ca\/wp-json\/wp\/v2\/product_brand?post=38677"},{"taxonomy":"product_cat","embeddable":true,"href":"https:\/\/www.inverseteams.com\/ca\/wp-json\/wp\/v2\/product_cat?post=38677"},{"taxonomy":"product_tag","embeddable":true,"href":"https:\/\/www.inverseteams.com\/ca\/wp-json\/wp\/v2\/product_tag?post=38677"},{"taxonomy":"custom_category","embeddable":true,"href":"https:\/\/www.inverseteams.com\/ca\/wp-json\/wp\/v2\/custom_category?post=38677"},{"taxonomy":"range","embeddable":true,"href":"https:\/\/www.inverseteams.com\/ca\/wp-json\/wp\/v2\/range?post=38677"}],"curies":[{"name":"wp","href":"https:\/\/api.w.org\/{rel}","templated":true}]}}