{"id":37661,"date":"2021-10-25T07:02:37","date_gmt":"2021-10-25T07:13:31","guid":{"rendered":"https:\/\/www.inverseteams.com\/?post_type=product&#038;p=37661"},"modified":"2022-12-05T00:01:30","modified_gmt":"2022-12-05T00:01:30","slug":"jaqueta-ciclista-oncic-3-home","status":"publish","type":"product","link":"https:\/\/www.inverseteams.com\/ca\/producte\/jaqueta-ciclista-oncic-3-home\/","title":{"rendered":"Jaqueta ciclista ONCIC 3 (HOME)"},"content":{"rendered":"<p>Aquesta jaqueta \u00e9s perfecta per protegir-te del fred. El teixit AEROTECH est\u00e0 compost de 3 membranes. La capa exterior actua com a barrera per evitar que l&#8217;aigua penetri. La capa interna ajuda a evacuar la suor i a mantenir l\u2019escalfor corporal. Tindr\u00e0s la pell seca i evitar\u00e0s un sobreescalfament per poder rendir al m\u00e0xim. Els laterals s\u00f3n el\u00e0stics i s&#8217;adapten a qualsevol posici\u00f3 sobre la bici sense oposar resist\u00e8ncia. El coll anat\u00f2mic s&#8217;ajusta molt b\u00e9 al cos sense causar mol\u00e8sties i evita l&#8217;entrada d&#8217;aire. Aquesta jaqueta de ciclisme combina diferents tecnologies perqu\u00e8 sempre es mantingui en la posici\u00f3 ideal. Al final de les m\u00e0nigues t\u00e9 un puny que s&#8217;ajusta molt b\u00e9 a el bra\u00e7 i evita que entri aire. A la part posterior de la cintura t\u00e9 una banda el\u00e0stica amb un grip de silicona que mantindr\u00e0 la jaqueta a la seva posici\u00f3n ideal. A la zona frontal t\u00e9 un Rivet molt fi que ajusta la pe\u00e7a al cos i no molesta a la posici\u00f3n ciclista. A la zona lumbar incorpora 3 butxaques amb el nou sistema de Seguretat ISP &#8211; Inverse Safe Pocket &#8211; on podr\u00e0s guardar qualsevol objecte sense por de perdre-ho. Gaudeix del ciclisme sense preocupacions.<\/p>\n","protected":false},"excerpt":{"rendered":"<p>Aquesta jaqueta \u00e9s perfecta per protegir-te del fred. El teixit AEROTECH est\u00e0 compost de 3 membranes. La capa exterior actua com a barrera per evitar que l&#8217;aigua penetri. La capa interna ajuda a evacuar la suor i a mantenir l\u2019escalfor corporal. Tindr\u00e0s la pell seca i evitar\u00e0s un sobreescalfament per poder rendir al m\u00e0xim. Els laterals s\u00f3n el\u00e0stics i s&#8217;adapten a qualsevol posici\u00f3 sobre la bici sense oposar resist\u00e8ncia. El coll anat\u00f2mic s&#8217;ajusta molt b\u00e9 al cos sense causar mol\u00e8sties i evita l&#8217;entrada d&#8217;aire. Aquesta jaqueta de ciclisme combina diferents tecnologies perqu\u00e8 sempre es mantingui en la posici\u00f3 ideal. Al final de les m\u00e0nigues t\u00e9 un puny que s&#8217;ajusta molt b\u00e9 a el bra\u00e7 i evita que entri aire. A la part posterior de la cintura t\u00e9 una banda el\u00e0stica amb un grip de silicona que mantindr\u00e0 la jaqueta a la seva posici\u00f3n ideal. A la zona frontal t\u00e9 un Rivet molt fi que ajusta la pe\u00e7a al cos i no molesta a la posici\u00f3n ciclista. A la zona lumbar incorpora 3 butxaques amb el nou sistema de Seguretat ISP &#8211; Inverse Safe Pocket &#8211; on podr\u00e0s guardar qualsevol objecte sense por de perdre-ho. Gaudeix del ciclisme sense preocupacions.<\/p>\n","protected":false},"featured_media":37547,"comment_status":"closed","ping_status":"closed","template":"","meta":{"_acf_changed":false},"product_brand":[],"product_cat":[4107,4195,4186],"product_tag":[],"custom_category":[],"range":[],"class_list":{"0":"post-37661","1":"product","2":"type-product","3":"status-publish","4":"has-post-thumbnail","6":"product_cat-home","7":"product_cat-ciclisme-outlet","8":"product_cat-outet-ca","9":"pa_climatologia-fred","10":"pa_climatologia-pluja","11":"pa_climatologia-vent","12":"pa_deporte-ciclisme","13":"pa_genero-home","14":"pa_patronaje-regular-ca","15":"pa_talla-m-ca","16":"pa_talla-s-ca","17":"pa_talla-xl-ca","18":"pa_talla-xxl-ca","19":"pa_talla-l-ca","20":"pa_tipo-de-prenda-jaqueta","22":"first","23":"outofstock","24":"sale","25":"taxable","26":"shipping-taxable","27":"purchasable","28":"product-type-variable","29":"has-default-attributes"},"acf":[],"yoast_head":"<!-- This site is optimized with the Yoast SEO plugin v27.3 - https:\/\/yoast.com\/product\/yoast-seo-wordpress\/ -->\n<title>Chaqueta ciclista ONCIC 3 (HOMBRE)<\/title>\n<meta name=\"description\" content=\"Aquesta jaqueta \u00e9s perfecta per protegir-te del fred. El teixit AEROTECH est\u00e0 compost de 3 membranes. La capa exterior actua com a barrera per evitar que l&#039;aigua penetri. La capa interna ajuda a evacuar la suor i a mantenir l\u2019escalfor corporal. Tindr\u00e0s la pell seca i evitar\u00e0s un sobreescalfament per poder rendir al m\u00e0xim. Els laterals s\u00f3n el\u00e0stics i s&#039;adapten a qualsevol posici\u00f3 sobre la bici sense oposar resist\u00e8ncia. El coll anat\u00f2mic s&#039;ajusta molt b\u00e9 al cos sense causar mol\u00e8sties i evita l&#039;entrada d&#039;aire. Aquesta jaqueta de ciclisme combina diferents tecnologies perqu\u00e8 sempre es mantingui en la posici\u00f3 ideal. Al final de les m\u00e0nigues t\u00e9 un puny que s&#039;ajusta molt b\u00e9 a el bra\u00e7 i evita que entri aire. A la part posterior de la cintura t\u00e9 una banda el\u00e0stica amb un grip de silicona que mantindr\u00e0 la jaqueta a la seva posici\u00f3n ideal. A la zona frontal t\u00e9 un Rivet molt fi que ajusta la pe\u00e7a al cos i no molesta a la posici\u00f3n ciclista. A la zona lumbar incorpora 3 butxaques amb el nou sistema de Seguretat ISP - Inverse Safe Pocket - on podr\u00e0s guardar qualsevol objecte sense por de perdre-ho. Gaudeix del ciclisme sense preocupacions.\" \/>\n<meta name=\"robots\" content=\"index, follow, max-snippet:-1, max-image-preview:large, max-video-preview:-1\" \/>\n<link rel=\"canonical\" href=\"https:\/\/www.inverseteams.com\/ca\/producte\/jaqueta-ciclista-oncic-3-home\/\" \/>\n<meta property=\"og:locale\" content=\"ca_ES\" \/>\n<meta property=\"og:type\" content=\"article\" \/>\n<meta property=\"og:title\" content=\"Chaqueta ciclista ONCIC 3 (HOMBRE)\" \/>\n<meta property=\"og:description\" content=\"Aquesta jaqueta \u00e9s perfecta per protegir-te del fred. El teixit AEROTECH est\u00e0 compost de 3 membranes. La capa exterior actua com a barrera per evitar que l&#039;aigua penetri. La capa interna ajuda a evacuar la suor i a mantenir l\u2019escalfor corporal. Tindr\u00e0s la pell seca i evitar\u00e0s un sobreescalfament per poder rendir al m\u00e0xim. Els laterals s\u00f3n el\u00e0stics i s&#039;adapten a qualsevol posici\u00f3 sobre la bici sense oposar resist\u00e8ncia. El coll anat\u00f2mic s&#039;ajusta molt b\u00e9 al cos sense causar mol\u00e8sties i evita l&#039;entrada d&#039;aire. Aquesta jaqueta de ciclisme combina diferents tecnologies perqu\u00e8 sempre es mantingui en la posici\u00f3 ideal. Al final de les m\u00e0nigues t\u00e9 un puny que s&#039;ajusta molt b\u00e9 a el bra\u00e7 i evita que entri aire. A la part posterior de la cintura t\u00e9 una banda el\u00e0stica amb un grip de silicona que mantindr\u00e0 la jaqueta a la seva posici\u00f3n ideal. A la zona frontal t\u00e9 un Rivet molt fi que ajusta la pe\u00e7a al cos i no molesta a la posici\u00f3n ciclista. A la zona lumbar incorpora 3 butxaques amb el nou sistema de Seguretat ISP - Inverse Safe Pocket - on podr\u00e0s guardar qualsevol objecte sense por de perdre-ho. Gaudeix del ciclisme sense preocupacions.\" \/>\n<meta property=\"og:url\" content=\"https:\/\/www.inverseteams.com\/ca\/producte\/jaqueta-ciclista-oncic-3-home\/\" \/>\n<meta property=\"og:site_name\" content=\"Inverseteams\" \/>\n<meta property=\"article:publisher\" content=\"https:\/\/www.facebook.com\/inverseteams\" \/>\n<meta property=\"article:modified_time\" content=\"2022-12-05T00:01:30+00:00\" \/>\n<meta property=\"og:image\" content=\"https:\/\/www.inverseteams.com\/wp-content\/uploads\/CHAQUETA-CICLISTA-ONCIC3-1.jpg\" \/>\n\t<meta property=\"og:image:width\" content=\"3222\" \/>\n\t<meta property=\"og:image:height\" content=\"3462\" \/>\n\t<meta property=\"og:image:type\" content=\"image\/jpeg\" \/>\n<meta name=\"twitter:card\" content=\"summary_large_image\" \/>\n<meta name=\"twitter:label1\" content=\"Temps estimat de lectura\" \/>\n\t<meta name=\"twitter:data1\" content=\"1 minut\" \/>\n<script type=\"application\/ld+json\" class=\"yoast-schema-graph\">{\"@context\":\"https:\\\/\\\/schema.org\",\"@graph\":[{\"@type\":\"WebPage\",\"@id\":\"https:\\\/\\\/www.inverseteams.com\\\/ca\\\/producte\\\/jaqueta-ciclista-oncic-3-home\\\/\",\"url\":\"https:\\\/\\\/www.inverseteams.com\\\/ca\\\/producte\\\/jaqueta-ciclista-oncic-3-home\\\/\",\"name\":\"Chaqueta ciclista ONCIC 3 (HOMBRE)\",\"isPartOf\":{\"@id\":\"https:\\\/\\\/www.inverseteams.com\\\/ca\\\/#website\"},\"primaryImageOfPage\":{\"@id\":\"https:\\\/\\\/www.inverseteams.com\\\/ca\\\/producte\\\/jaqueta-ciclista-oncic-3-home\\\/#primaryimage\"},\"image\":{\"@id\":\"https:\\\/\\\/www.inverseteams.com\\\/ca\\\/producte\\\/jaqueta-ciclista-oncic-3-home\\\/#primaryimage\"},\"thumbnailUrl\":\"https:\\\/\\\/www.inverseteams.com\\\/wp-content\\\/uploads\\\/CHAQUETA-CICLISTA-ONCIC3-1.jpg\",\"datePublished\":\"2021-10-25T07:13:31+00:00\",\"dateModified\":\"2022-12-05T00:01:30+00:00\",\"description\":\"Aquesta jaqueta \u00e9s perfecta per protegir-te del fred. El teixit AEROTECH est\u00e0 compost de 3 membranes. La capa exterior actua com a barrera per evitar que l'aigua penetri. La capa interna ajuda a evacuar la suor i a mantenir l\u2019escalfor corporal. Tindr\u00e0s la pell seca i evitar\u00e0s un sobreescalfament per poder rendir al m\u00e0xim. Els laterals s\u00f3n el\u00e0stics i s'adapten a qualsevol posici\u00f3 sobre la bici sense oposar resist\u00e8ncia. El coll anat\u00f2mic s'ajusta molt b\u00e9 al cos sense causar mol\u00e8sties i evita l'entrada d'aire. Aquesta jaqueta de ciclisme combina diferents tecnologies perqu\u00e8 sempre es mantingui en la posici\u00f3 ideal. Al final de les m\u00e0nigues t\u00e9 un puny que s'ajusta molt b\u00e9 a el bra\u00e7 i evita que entri aire. A la part posterior de la cintura t\u00e9 una banda el\u00e0stica amb un grip de silicona que mantindr\u00e0 la jaqueta a la seva posici\u00f3n ideal. A la zona frontal t\u00e9 un Rivet molt fi que ajusta la pe\u00e7a al cos i no molesta a la posici\u00f3n ciclista. A la zona lumbar incorpora 3 butxaques amb el nou sistema de Seguretat ISP - Inverse Safe Pocket - on podr\u00e0s guardar qualsevol objecte sense por de perdre-ho. Gaudeix del ciclisme sense preocupacions.\",\"breadcrumb\":{\"@id\":\"https:\\\/\\\/www.inverseteams.com\\\/ca\\\/producte\\\/jaqueta-ciclista-oncic-3-home\\\/#breadcrumb\"},\"inLanguage\":\"ca\",\"potentialAction\":[{\"@type\":\"ReadAction\",\"target\":[\"https:\\\/\\\/www.inverseteams.com\\\/ca\\\/producte\\\/jaqueta-ciclista-oncic-3-home\\\/\"]}]},{\"@type\":\"ImageObject\",\"inLanguage\":\"ca\",\"@id\":\"https:\\\/\\\/www.inverseteams.com\\\/ca\\\/producte\\\/jaqueta-ciclista-oncic-3-home\\\/#primaryimage\",\"url\":\"https:\\\/\\\/www.inverseteams.com\\\/wp-content\\\/uploads\\\/CHAQUETA-CICLISTA-ONCIC3-1.jpg\",\"contentUrl\":\"https:\\\/\\\/www.inverseteams.com\\\/wp-content\\\/uploads\\\/CHAQUETA-CICLISTA-ONCIC3-1.jpg\",\"width\":3222,\"height\":3462,\"caption\":\"Jaqueta ciclista ONCIC 3 home\"},{\"@type\":\"BreadcrumbList\",\"@id\":\"https:\\\/\\\/www.inverseteams.com\\\/ca\\\/producte\\\/jaqueta-ciclista-oncic-3-home\\\/#breadcrumb\",\"itemListElement\":[{\"@type\":\"ListItem\",\"position\":1,\"name\":\"Portada\",\"item\":\"https:\\\/\\\/www.inverseteams.com\\\/ca\\\/pagina-principal\\\/\"},{\"@type\":\"ListItem\",\"position\":2,\"name\":\"Botiga\",\"item\":\"https:\\\/\\\/www.inverseteams.com\\\/ca\\\/botiga\\\/\"},{\"@type\":\"ListItem\",\"position\":3,\"name\":\"Jaqueta ciclista ONCIC 3 (HOME)\"}]},{\"@type\":\"WebSite\",\"@id\":\"https:\\\/\\\/www.inverseteams.com\\\/ca\\\/#website\",\"url\":\"https:\\\/\\\/www.inverseteams.com\\\/ca\\\/\",\"name\":\"Inverseteams\",\"description\":\"Tu marca de ropa deportiva personalizada\",\"publisher\":{\"@id\":\"https:\\\/\\\/www.inverseteams.com\\\/ca\\\/#organization\"},\"potentialAction\":[{\"@type\":\"SearchAction\",\"target\":{\"@type\":\"EntryPoint\",\"urlTemplate\":\"https:\\\/\\\/www.inverseteams.com\\\/ca\\\/?s={search_term_string}\"},\"query-input\":{\"@type\":\"PropertyValueSpecification\",\"valueRequired\":true,\"valueName\":\"search_term_string\"}}],\"inLanguage\":\"ca\"},{\"@type\":\"Organization\",\"@id\":\"https:\\\/\\\/www.inverseteams.com\\\/ca\\\/#organization\",\"name\":\"Inverse Teams\",\"url\":\"https:\\\/\\\/www.inverseteams.com\\\/ca\\\/\",\"logo\":{\"@type\":\"ImageObject\",\"inLanguage\":\"ca\",\"@id\":\"https:\\\/\\\/www.inverseteams.com\\\/ca\\\/#\\\/schema\\\/logo\\\/image\\\/\",\"url\":\"https:\\\/\\\/www.inverseteams.com\\\/wp-content\\\/uploads\\\/2021\\\/03\\\/logo-inverse-teams.png\",\"contentUrl\":\"https:\\\/\\\/www.inverseteams.com\\\/wp-content\\\/uploads\\\/2021\\\/03\\\/logo-inverse-teams.png\",\"width\":294,\"height\":99,\"caption\":\"Inverse Teams\"},\"image\":{\"@id\":\"https:\\\/\\\/www.inverseteams.com\\\/ca\\\/#\\\/schema\\\/logo\\\/image\\\/\"},\"sameAs\":[\"https:\\\/\\\/www.facebook.com\\\/inverseteams\",\"http:\\\/\\\/instagram.com\\\/inverseteams\",\"https:\\\/\\\/www.linkedin.com\\\/company\\\/inverse-cirosport-s-l-?trk=job_view_topcard_company_name\",\"http:\\\/\\\/www.pinterest.com\\\/inverseteams\\\/\",\"http:\\\/\\\/www.youtube.com\\\/user\\\/inverseteams?feature=watch\"]}]}<\/script>\n<!-- \/ Yoast SEO plugin. -->","yoast_head_json":{"title":"Chaqueta ciclista ONCIC 3 (HOMBRE)","description":"Aquesta jaqueta \u00e9s perfecta per protegir-te del fred. El teixit AEROTECH est\u00e0 compost de 3 membranes. La capa exterior actua com a barrera per evitar que l'aigua penetri. La capa interna ajuda a evacuar la suor i a mantenir l\u2019escalfor corporal. Tindr\u00e0s la pell seca i evitar\u00e0s un sobreescalfament per poder rendir al m\u00e0xim. Els laterals s\u00f3n el\u00e0stics i s'adapten a qualsevol posici\u00f3 sobre la bici sense oposar resist\u00e8ncia. El coll anat\u00f2mic s'ajusta molt b\u00e9 al cos sense causar mol\u00e8sties i evita l'entrada d'aire. Aquesta jaqueta de ciclisme combina diferents tecnologies perqu\u00e8 sempre es mantingui en la posici\u00f3 ideal. Al final de les m\u00e0nigues t\u00e9 un puny que s'ajusta molt b\u00e9 a el bra\u00e7 i evita que entri aire. A la part posterior de la cintura t\u00e9 una banda el\u00e0stica amb un grip de silicona que mantindr\u00e0 la jaqueta a la seva posici\u00f3n ideal. A la zona frontal t\u00e9 un Rivet molt fi que ajusta la pe\u00e7a al cos i no molesta a la posici\u00f3n ciclista. A la zona lumbar incorpora 3 butxaques amb el nou sistema de Seguretat ISP - Inverse Safe Pocket - on podr\u00e0s guardar qualsevol objecte sense por de perdre-ho. Gaudeix del ciclisme sense preocupacions.","robots":{"index":"index","follow":"follow","max-snippet":"max-snippet:-1","max-image-preview":"max-image-preview:large","max-video-preview":"max-video-preview:-1"},"canonical":"https:\/\/www.inverseteams.com\/ca\/producte\/jaqueta-ciclista-oncic-3-home\/","og_locale":"ca_ES","og_type":"article","og_title":"Chaqueta ciclista ONCIC 3 (HOMBRE)","og_description":"Aquesta jaqueta \u00e9s perfecta per protegir-te del fred. El teixit AEROTECH est\u00e0 compost de 3 membranes. La capa exterior actua com a barrera per evitar que l'aigua penetri. La capa interna ajuda a evacuar la suor i a mantenir l\u2019escalfor corporal. Tindr\u00e0s la pell seca i evitar\u00e0s un sobreescalfament per poder rendir al m\u00e0xim. Els laterals s\u00f3n el\u00e0stics i s'adapten a qualsevol posici\u00f3 sobre la bici sense oposar resist\u00e8ncia. El coll anat\u00f2mic s'ajusta molt b\u00e9 al cos sense causar mol\u00e8sties i evita l'entrada d'aire. Aquesta jaqueta de ciclisme combina diferents tecnologies perqu\u00e8 sempre es mantingui en la posici\u00f3 ideal. Al final de les m\u00e0nigues t\u00e9 un puny que s'ajusta molt b\u00e9 a el bra\u00e7 i evita que entri aire. A la part posterior de la cintura t\u00e9 una banda el\u00e0stica amb un grip de silicona que mantindr\u00e0 la jaqueta a la seva posici\u00f3n ideal. A la zona frontal t\u00e9 un Rivet molt fi que ajusta la pe\u00e7a al cos i no molesta a la posici\u00f3n ciclista. A la zona lumbar incorpora 3 butxaques amb el nou sistema de Seguretat ISP - Inverse Safe Pocket - on podr\u00e0s guardar qualsevol objecte sense por de perdre-ho. Gaudeix del ciclisme sense preocupacions.","og_url":"https:\/\/www.inverseteams.com\/ca\/producte\/jaqueta-ciclista-oncic-3-home\/","og_site_name":"Inverseteams","article_publisher":"https:\/\/www.facebook.com\/inverseteams","article_modified_time":"2022-12-05T00:01:30+00:00","og_image":[{"width":3222,"height":3462,"url":"https:\/\/www.inverseteams.com\/wp-content\/uploads\/CHAQUETA-CICLISTA-ONCIC3-1.jpg","type":"image\/jpeg"}],"twitter_card":"summary_large_image","twitter_misc":{"Temps estimat de lectura":"1 minut"},"schema":{"@context":"https:\/\/schema.org","@graph":[{"@type":"WebPage","@id":"https:\/\/www.inverseteams.com\/ca\/producte\/jaqueta-ciclista-oncic-3-home\/","url":"https:\/\/www.inverseteams.com\/ca\/producte\/jaqueta-ciclista-oncic-3-home\/","name":"Chaqueta ciclista ONCIC 3 (HOMBRE)","isPartOf":{"@id":"https:\/\/www.inverseteams.com\/ca\/#website"},"primaryImageOfPage":{"@id":"https:\/\/www.inverseteams.com\/ca\/producte\/jaqueta-ciclista-oncic-3-home\/#primaryimage"},"image":{"@id":"https:\/\/www.inverseteams.com\/ca\/producte\/jaqueta-ciclista-oncic-3-home\/#primaryimage"},"thumbnailUrl":"https:\/\/www.inverseteams.com\/wp-content\/uploads\/CHAQUETA-CICLISTA-ONCIC3-1.jpg","datePublished":"2021-10-25T07:13:31+00:00","dateModified":"2022-12-05T00:01:30+00:00","description":"Aquesta jaqueta \u00e9s perfecta per protegir-te del fred. El teixit AEROTECH est\u00e0 compost de 3 membranes. La capa exterior actua com a barrera per evitar que l'aigua penetri. La capa interna ajuda a evacuar la suor i a mantenir l\u2019escalfor corporal. Tindr\u00e0s la pell seca i evitar\u00e0s un sobreescalfament per poder rendir al m\u00e0xim. Els laterals s\u00f3n el\u00e0stics i s'adapten a qualsevol posici\u00f3 sobre la bici sense oposar resist\u00e8ncia. El coll anat\u00f2mic s'ajusta molt b\u00e9 al cos sense causar mol\u00e8sties i evita l'entrada d'aire. Aquesta jaqueta de ciclisme combina diferents tecnologies perqu\u00e8 sempre es mantingui en la posici\u00f3 ideal. Al final de les m\u00e0nigues t\u00e9 un puny que s'ajusta molt b\u00e9 a el bra\u00e7 i evita que entri aire. A la part posterior de la cintura t\u00e9 una banda el\u00e0stica amb un grip de silicona que mantindr\u00e0 la jaqueta a la seva posici\u00f3n ideal. A la zona frontal t\u00e9 un Rivet molt fi que ajusta la pe\u00e7a al cos i no molesta a la posici\u00f3n ciclista. A la zona lumbar incorpora 3 butxaques amb el nou sistema de Seguretat ISP - Inverse Safe Pocket - on podr\u00e0s guardar qualsevol objecte sense por de perdre-ho. Gaudeix del ciclisme sense preocupacions.","breadcrumb":{"@id":"https:\/\/www.inverseteams.com\/ca\/producte\/jaqueta-ciclista-oncic-3-home\/#breadcrumb"},"inLanguage":"ca","potentialAction":[{"@type":"ReadAction","target":["https:\/\/www.inverseteams.com\/ca\/producte\/jaqueta-ciclista-oncic-3-home\/"]}]},{"@type":"ImageObject","inLanguage":"ca","@id":"https:\/\/www.inverseteams.com\/ca\/producte\/jaqueta-ciclista-oncic-3-home\/#primaryimage","url":"https:\/\/www.inverseteams.com\/wp-content\/uploads\/CHAQUETA-CICLISTA-ONCIC3-1.jpg","contentUrl":"https:\/\/www.inverseteams.com\/wp-content\/uploads\/CHAQUETA-CICLISTA-ONCIC3-1.jpg","width":3222,"height":3462,"caption":"Jaqueta ciclista ONCIC 3 home"},{"@type":"BreadcrumbList","@id":"https:\/\/www.inverseteams.com\/ca\/producte\/jaqueta-ciclista-oncic-3-home\/#breadcrumb","itemListElement":[{"@type":"ListItem","position":1,"name":"Portada","item":"https:\/\/www.inverseteams.com\/ca\/pagina-principal\/"},{"@type":"ListItem","position":2,"name":"Botiga","item":"https:\/\/www.inverseteams.com\/ca\/botiga\/"},{"@type":"ListItem","position":3,"name":"Jaqueta ciclista ONCIC 3 (HOME)"}]},{"@type":"WebSite","@id":"https:\/\/www.inverseteams.com\/ca\/#website","url":"https:\/\/www.inverseteams.com\/ca\/","name":"Inverseteams","description":"Tu marca de ropa deportiva personalizada","publisher":{"@id":"https:\/\/www.inverseteams.com\/ca\/#organization"},"potentialAction":[{"@type":"SearchAction","target":{"@type":"EntryPoint","urlTemplate":"https:\/\/www.inverseteams.com\/ca\/?s={search_term_string}"},"query-input":{"@type":"PropertyValueSpecification","valueRequired":true,"valueName":"search_term_string"}}],"inLanguage":"ca"},{"@type":"Organization","@id":"https:\/\/www.inverseteams.com\/ca\/#organization","name":"Inverse Teams","url":"https:\/\/www.inverseteams.com\/ca\/","logo":{"@type":"ImageObject","inLanguage":"ca","@id":"https:\/\/www.inverseteams.com\/ca\/#\/schema\/logo\/image\/","url":"https:\/\/www.inverseteams.com\/wp-content\/uploads\/2021\/03\/logo-inverse-teams.png","contentUrl":"https:\/\/www.inverseteams.com\/wp-content\/uploads\/2021\/03\/logo-inverse-teams.png","width":294,"height":99,"caption":"Inverse Teams"},"image":{"@id":"https:\/\/www.inverseteams.com\/ca\/#\/schema\/logo\/image\/"},"sameAs":["https:\/\/www.facebook.com\/inverseteams","http:\/\/instagram.com\/inverseteams","https:\/\/www.linkedin.com\/company\/inverse-cirosport-s-l-?trk=job_view_topcard_company_name","http:\/\/www.pinterest.com\/inverseteams\/","http:\/\/www.youtube.com\/user\/inverseteams?feature=watch"]}]}},"_links":{"self":[{"href":"https:\/\/www.inverseteams.com\/ca\/wp-json\/wp\/v2\/product\/37661","targetHints":{"allow":["GET"]}}],"collection":[{"href":"https:\/\/www.inverseteams.com\/ca\/wp-json\/wp\/v2\/product"}],"about":[{"href":"https:\/\/www.inverseteams.com\/ca\/wp-json\/wp\/v2\/types\/product"}],"replies":[{"embeddable":true,"href":"https:\/\/www.inverseteams.com\/ca\/wp-json\/wp\/v2\/comments?post=37661"}],"wp:featuredmedia":[{"embeddable":true,"href":"https:\/\/www.inverseteams.com\/ca\/wp-json\/wp\/v2\/media\/37547"}],"wp:attachment":[{"href":"https:\/\/www.inverseteams.com\/ca\/wp-json\/wp\/v2\/media?parent=37661"}],"wp:term":[{"taxonomy":"product_brand","embeddable":true,"href":"https:\/\/www.inverseteams.com\/ca\/wp-json\/wp\/v2\/product_brand?post=37661"},{"taxonomy":"product_cat","embeddable":true,"href":"https:\/\/www.inverseteams.com\/ca\/wp-json\/wp\/v2\/product_cat?post=37661"},{"taxonomy":"product_tag","embeddable":true,"href":"https:\/\/www.inverseteams.com\/ca\/wp-json\/wp\/v2\/product_tag?post=37661"},{"taxonomy":"custom_category","embeddable":true,"href":"https:\/\/www.inverseteams.com\/ca\/wp-json\/wp\/v2\/custom_category?post=37661"},{"taxonomy":"range","embeddable":true,"href":"https:\/\/www.inverseteams.com\/ca\/wp-json\/wp\/v2\/range?post=37661"}],"curies":[{"name":"wp","href":"https:\/\/api.w.org\/{rel}","templated":true}]}}