{"id":34103,"date":"2021-10-08T08:36:39","date_gmt":"2021-10-08T08:37:41","guid":{"rendered":"https:\/\/www.inverseteams.com\/?post_type=product&#038;p=34103"},"modified":"2023-11-03T09:52:22","modified_gmt":"2023-11-03T09:52:22","slug":"pantalo-ciclista-air-22-home","status":"publish","type":"product","link":"https:\/\/www.inverseteams.com\/ca\/producte\/pantalo-ciclista-air-22-home\/","title":{"rendered":"Pantal\u00f3 ciclista AIR (HOME)"},"content":{"rendered":"<p>Extraordinari pantal\u00f3 ciclista per combatre el fred. Combina els teixits SUPERROUBAIX i SPIRIT T\u00c8RMIC que mantenen l\u2019escalfor i ofereixen la compressi\u00f3 muscular necess\u00e0ria per retardar la fatiga. La seva elasticitat et permetr\u00e0 una gran llibertat de moviments. Els panells de pantalons ciclista estan dissenyats perqu\u00e8 s&#8217;adaptin perfectament a les diferents posicions de la pedalada. No notar\u00e0s cap resist\u00e8ncia.<br \/>\nEls tirants microperforats permeten evacuar r\u00e0pidament la suor. Aquests estan formats per un panell central i dos laterals que distribueixen adequadament el pes per evitar lesions i aix\u00ed podr\u00e0s gaudir del ciclisme durant hores.<br \/>\nAl final de les cames t\u00e9 una banda el\u00e0stica amb un grip de silicona hipoal\u00b7lerg\u00e8nica al seu interior. Aquesta mant\u00e9 la pe\u00e7a ben subjecta a la cama. A la zona posterior t\u00e9 unes l\u00ednies reflectants que augmentaran la teva seguretat ja que reflectiran la llum dels vehicles.<br \/>\nEquipat amb la badana IN19 composta per 3 densitats que s\u2019adaptar\u00e0 a la teva anatomia i estil de pedaleig.<\/p>\n","protected":false},"excerpt":{"rendered":"<p>Extraordinari pantal\u00f3 ciclista per combatre el fred. Combina els teixits SUPERROUBAIX i SPIRIT T\u00c8RMIC que mantenen l\u2019escalfor i ofereixen la compressi\u00f3 muscular necess\u00e0ria per retardar la fatiga. La seva elasticitat et permetr\u00e0 una gran llibertat de moviments. Els panells de pantalons ciclista estan dissenyats perqu\u00e8 s&#8217;adaptin perfectament a les diferents posicions de la pedalada. No notar\u00e0s cap resist\u00e8ncia.<br \/>\nEls tirants microperforats permeten evacuar r\u00e0pidament la suor. Aquests estan formats per un panell central i dos laterals que distribueixen adequadament el pes per evitar lesions i aix\u00ed podr\u00e0s gaudir del ciclisme durant hores.<br \/>\nAl final de les cames t\u00e9 una banda el\u00e0stica amb un grip de silicona hipoal\u00b7lerg\u00e8nica al seu interior. Aquesta mant\u00e9 la pe\u00e7a ben subjecta a la cama. A la zona posterior t\u00e9 unes l\u00ednies reflectants que augmentaran la teva seguretat ja que reflectiran la llum dels vehicles.<br \/>\nEquipat amb la badana IN19 composta per 3 densitats que s\u2019adaptar\u00e0 a la teva anatomia i estil de pedaleig.<\/p>\n","protected":false},"featured_media":34090,"comment_status":"closed","ping_status":"closed","template":"","meta":{"_acf_changed":false},"product_brand":[],"product_cat":[4107,4110,4130,7175],"product_tag":[],"custom_category":[],"range":[],"class_list":{"0":"post-34103","1":"product","2":"type-product","3":"status-publish","4":"has-post-thumbnail","6":"product_cat-home","7":"product_cat-ciclisme","8":"product_cat-pantalon-ciclista-ca","9":"product_cat-b2b-ca","10":"pa_climatologia-fred","11":"pa_deporte-ciclisme","12":"pa_genero-home","13":"pa_patronaje-fit-ca","14":"pa_talla-s-ca","15":"pa_talla-xl-ca","16":"pa_talla-xxl-ca","17":"pa_talla-l-ca","18":"pa_talla-m-ca","19":"pa_tipo-de-prenda-culot-llarg","21":"first","22":"outofstock","23":"taxable","24":"shipping-taxable","25":"purchasable","26":"product-type-variable","27":"has-default-attributes"},"acf":[],"yoast_head":"<!-- This site is optimized with the Yoast SEO plugin v27.3 - https:\/\/yoast.com\/product\/yoast-seo-wordpress\/ -->\n<title>Pantal\u00f3 ciclista AIR 22 (HOME)<\/title>\n<meta name=\"description\" content=\"Extraordinari pantal\u00f3 ciclista per combatre el fred. Combina els teixits SUPERROUBAIX i SPIRIT T\u00c8RMIC que mantenen l\u2019escalfor i ofereixen la compressi\u00f3 muscular necess\u00e0ria per retardar la fatiga. La seva elasticitat et permetr\u00e0 una gran llibertat de moviments. Els panells de pantalons ciclista estan dissenyats perqu\u00e8 s&#039;adaptin perfectament a les diferents posicions de la pedalada. No notar\u00e0s cap resist\u00e8ncia. Els tirants microperforats permeten evacuar r\u00e0pidament la suor. Aquests estan formats per un panell central i dos laterals que distribueixen adequadament el pes per evitar lesions i aix\u00ed podr\u00e0s gaudir del ciclisme durant hores. Al final de les cames t\u00e9 una banda el\u00e0stica amb un grip de silicona hipoal\u00b7lerg\u00e8nica al seu interior. Aquesta mant\u00e9 la pe\u00e7a ben subjecta a la cama. A la zona posterior t\u00e9 unes l\u00ednies reflectants que augmentaran la teva seguretat ja que reflectiran la llum dels vehicles. Equipat amb la badana IN19 composta per 3 densitats que s\u2019adaptar\u00e0 a la teva anatomia i estil de pedaleig.\" \/>\n<meta name=\"robots\" content=\"index, follow, max-snippet:-1, max-image-preview:large, max-video-preview:-1\" \/>\n<link rel=\"canonical\" href=\"https:\/\/www.inverseteams.com\/ca\/producte\/pantalo-ciclista-air-22-home\/\" \/>\n<meta property=\"og:locale\" content=\"ca_ES\" \/>\n<meta property=\"og:type\" content=\"article\" \/>\n<meta property=\"og:title\" content=\"Pantal\u00f3 ciclista AIR 22 (HOME)\" \/>\n<meta property=\"og:description\" content=\"Extraordinari pantal\u00f3 ciclista per combatre el fred. Combina els teixits SUPERROUBAIX i SPIRIT T\u00c8RMIC que mantenen l\u2019escalfor i ofereixen la compressi\u00f3 muscular necess\u00e0ria per retardar la fatiga. La seva elasticitat et permetr\u00e0 una gran llibertat de moviments. Els panells de pantalons ciclista estan dissenyats perqu\u00e8 s&#039;adaptin perfectament a les diferents posicions de la pedalada. No notar\u00e0s cap resist\u00e8ncia. Els tirants microperforats permeten evacuar r\u00e0pidament la suor. Aquests estan formats per un panell central i dos laterals que distribueixen adequadament el pes per evitar lesions i aix\u00ed podr\u00e0s gaudir del ciclisme durant hores. Al final de les cames t\u00e9 una banda el\u00e0stica amb un grip de silicona hipoal\u00b7lerg\u00e8nica al seu interior. Aquesta mant\u00e9 la pe\u00e7a ben subjecta a la cama. A la zona posterior t\u00e9 unes l\u00ednies reflectants que augmentaran la teva seguretat ja que reflectiran la llum dels vehicles. Equipat amb la badana IN19 composta per 3 densitats que s\u2019adaptar\u00e0 a la teva anatomia i estil de pedaleig.\" \/>\n<meta property=\"og:url\" content=\"https:\/\/www.inverseteams.com\/ca\/producte\/pantalo-ciclista-air-22-home\/\" \/>\n<meta property=\"og:site_name\" content=\"Inverseteams\" \/>\n<meta property=\"article:publisher\" content=\"https:\/\/www.facebook.com\/inverseteams\" \/>\n<meta property=\"article:modified_time\" content=\"2023-11-03T09:52:22+00:00\" \/>\n<meta property=\"og:image\" content=\"https:\/\/www.inverseteams.com\/wp-content\/uploads\/PANTALON-CICLISTA-CT-AIR-22-1.jpg\" \/>\n\t<meta property=\"og:image:width\" content=\"3222\" \/>\n\t<meta property=\"og:image:height\" content=\"3462\" \/>\n\t<meta property=\"og:image:type\" content=\"image\/jpeg\" \/>\n<meta name=\"twitter:card\" content=\"summary_large_image\" \/>\n<meta name=\"twitter:label1\" content=\"Temps estimat de lectura\" \/>\n\t<meta name=\"twitter:data1\" content=\"1 minut\" \/>\n<script type=\"application\/ld+json\" class=\"yoast-schema-graph\">{\"@context\":\"https:\\\/\\\/schema.org\",\"@graph\":[{\"@type\":\"WebPage\",\"@id\":\"https:\\\/\\\/www.inverseteams.com\\\/ca\\\/producte\\\/pantalo-ciclista-air-22-home\\\/\",\"url\":\"https:\\\/\\\/www.inverseteams.com\\\/ca\\\/producte\\\/pantalo-ciclista-air-22-home\\\/\",\"name\":\"Pantal\u00f3 ciclista AIR 22 (HOME)\",\"isPartOf\":{\"@id\":\"https:\\\/\\\/www.inverseteams.com\\\/ca\\\/#website\"},\"primaryImageOfPage\":{\"@id\":\"https:\\\/\\\/www.inverseteams.com\\\/ca\\\/producte\\\/pantalo-ciclista-air-22-home\\\/#primaryimage\"},\"image\":{\"@id\":\"https:\\\/\\\/www.inverseteams.com\\\/ca\\\/producte\\\/pantalo-ciclista-air-22-home\\\/#primaryimage\"},\"thumbnailUrl\":\"https:\\\/\\\/www.inverseteams.com\\\/wp-content\\\/uploads\\\/PANTALON-CICLISTA-CT-AIR-22-1.jpg\",\"datePublished\":\"2021-10-08T08:37:41+00:00\",\"dateModified\":\"2023-11-03T09:52:22+00:00\",\"description\":\"Extraordinari pantal\u00f3 ciclista per combatre el fred. Combina els teixits SUPERROUBAIX i SPIRIT T\u00c8RMIC que mantenen l\u2019escalfor i ofereixen la compressi\u00f3 muscular necess\u00e0ria per retardar la fatiga. La seva elasticitat et permetr\u00e0 una gran llibertat de moviments. Els panells de pantalons ciclista estan dissenyats perqu\u00e8 s'adaptin perfectament a les diferents posicions de la pedalada. No notar\u00e0s cap resist\u00e8ncia. Els tirants microperforats permeten evacuar r\u00e0pidament la suor. Aquests estan formats per un panell central i dos laterals que distribueixen adequadament el pes per evitar lesions i aix\u00ed podr\u00e0s gaudir del ciclisme durant hores. Al final de les cames t\u00e9 una banda el\u00e0stica amb un grip de silicona hipoal\u00b7lerg\u00e8nica al seu interior. Aquesta mant\u00e9 la pe\u00e7a ben subjecta a la cama. A la zona posterior t\u00e9 unes l\u00ednies reflectants que augmentaran la teva seguretat ja que reflectiran la llum dels vehicles. Equipat amb la badana IN19 composta per 3 densitats que s\u2019adaptar\u00e0 a la teva anatomia i estil de pedaleig.\",\"breadcrumb\":{\"@id\":\"https:\\\/\\\/www.inverseteams.com\\\/ca\\\/producte\\\/pantalo-ciclista-air-22-home\\\/#breadcrumb\"},\"inLanguage\":\"ca\",\"potentialAction\":[{\"@type\":\"ReadAction\",\"target\":[\"https:\\\/\\\/www.inverseteams.com\\\/ca\\\/producte\\\/pantalo-ciclista-air-22-home\\\/\"]}]},{\"@type\":\"ImageObject\",\"inLanguage\":\"ca\",\"@id\":\"https:\\\/\\\/www.inverseteams.com\\\/ca\\\/producte\\\/pantalo-ciclista-air-22-home\\\/#primaryimage\",\"url\":\"https:\\\/\\\/www.inverseteams.com\\\/wp-content\\\/uploads\\\/PANTALON-CICLISTA-CT-AIR-22-1.jpg\",\"contentUrl\":\"https:\\\/\\\/www.inverseteams.com\\\/wp-content\\\/uploads\\\/PANTALON-CICLISTA-CT-AIR-22-1.jpg\",\"width\":3222,\"height\":3462,\"caption\":\"Pantal\u00f3 ciclista AIR 22\"},{\"@type\":\"BreadcrumbList\",\"@id\":\"https:\\\/\\\/www.inverseteams.com\\\/ca\\\/producte\\\/pantalo-ciclista-air-22-home\\\/#breadcrumb\",\"itemListElement\":[{\"@type\":\"ListItem\",\"position\":1,\"name\":\"Portada\",\"item\":\"https:\\\/\\\/www.inverseteams.com\\\/ca\\\/pagina-principal\\\/\"},{\"@type\":\"ListItem\",\"position\":2,\"name\":\"Botiga\",\"item\":\"https:\\\/\\\/www.inverseteams.com\\\/ca\\\/botiga\\\/\"},{\"@type\":\"ListItem\",\"position\":3,\"name\":\"Pantal\u00f3 ciclista AIR (HOME)\"}]},{\"@type\":\"WebSite\",\"@id\":\"https:\\\/\\\/www.inverseteams.com\\\/ca\\\/#website\",\"url\":\"https:\\\/\\\/www.inverseteams.com\\\/ca\\\/\",\"name\":\"Inverseteams\",\"description\":\"Tu marca de ropa deportiva personalizada\",\"publisher\":{\"@id\":\"https:\\\/\\\/www.inverseteams.com\\\/ca\\\/#organization\"},\"potentialAction\":[{\"@type\":\"SearchAction\",\"target\":{\"@type\":\"EntryPoint\",\"urlTemplate\":\"https:\\\/\\\/www.inverseteams.com\\\/ca\\\/?s={search_term_string}\"},\"query-input\":{\"@type\":\"PropertyValueSpecification\",\"valueRequired\":true,\"valueName\":\"search_term_string\"}}],\"inLanguage\":\"ca\"},{\"@type\":\"Organization\",\"@id\":\"https:\\\/\\\/www.inverseteams.com\\\/ca\\\/#organization\",\"name\":\"Inverse Teams\",\"url\":\"https:\\\/\\\/www.inverseteams.com\\\/ca\\\/\",\"logo\":{\"@type\":\"ImageObject\",\"inLanguage\":\"ca\",\"@id\":\"https:\\\/\\\/www.inverseteams.com\\\/ca\\\/#\\\/schema\\\/logo\\\/image\\\/\",\"url\":\"http:\\\/\\\/www.inverseteams.com\\\/wp-content\\\/uploads\\\/2021\\\/03\\\/logo-inverse-teams.png\",\"contentUrl\":\"http:\\\/\\\/www.inverseteams.com\\\/wp-content\\\/uploads\\\/2021\\\/03\\\/logo-inverse-teams.png\",\"width\":294,\"height\":99,\"caption\":\"Inverse Teams\"},\"image\":{\"@id\":\"https:\\\/\\\/www.inverseteams.com\\\/ca\\\/#\\\/schema\\\/logo\\\/image\\\/\"},\"sameAs\":[\"https:\\\/\\\/www.facebook.com\\\/inverseteams\",\"http:\\\/\\\/instagram.com\\\/inverseteams\",\"https:\\\/\\\/www.linkedin.com\\\/company\\\/inverse-cirosport-s-l-?trk=job_view_topcard_company_name\",\"http:\\\/\\\/www.pinterest.com\\\/inverseteams\\\/\",\"http:\\\/\\\/www.youtube.com\\\/user\\\/inverseteams?feature=watch\"]}]}<\/script>\n<!-- \/ Yoast SEO plugin. -->","yoast_head_json":{"title":"Pantal\u00f3 ciclista AIR 22 (HOME)","description":"Extraordinari pantal\u00f3 ciclista per combatre el fred. Combina els teixits SUPERROUBAIX i SPIRIT T\u00c8RMIC que mantenen l\u2019escalfor i ofereixen la compressi\u00f3 muscular necess\u00e0ria per retardar la fatiga. La seva elasticitat et permetr\u00e0 una gran llibertat de moviments. Els panells de pantalons ciclista estan dissenyats perqu\u00e8 s'adaptin perfectament a les diferents posicions de la pedalada. No notar\u00e0s cap resist\u00e8ncia. Els tirants microperforats permeten evacuar r\u00e0pidament la suor. Aquests estan formats per un panell central i dos laterals que distribueixen adequadament el pes per evitar lesions i aix\u00ed podr\u00e0s gaudir del ciclisme durant hores. Al final de les cames t\u00e9 una banda el\u00e0stica amb un grip de silicona hipoal\u00b7lerg\u00e8nica al seu interior. Aquesta mant\u00e9 la pe\u00e7a ben subjecta a la cama. A la zona posterior t\u00e9 unes l\u00ednies reflectants que augmentaran la teva seguretat ja que reflectiran la llum dels vehicles. Equipat amb la badana IN19 composta per 3 densitats que s\u2019adaptar\u00e0 a la teva anatomia i estil de pedaleig.","robots":{"index":"index","follow":"follow","max-snippet":"max-snippet:-1","max-image-preview":"max-image-preview:large","max-video-preview":"max-video-preview:-1"},"canonical":"https:\/\/www.inverseteams.com\/ca\/producte\/pantalo-ciclista-air-22-home\/","og_locale":"ca_ES","og_type":"article","og_title":"Pantal\u00f3 ciclista AIR 22 (HOME)","og_description":"Extraordinari pantal\u00f3 ciclista per combatre el fred. Combina els teixits SUPERROUBAIX i SPIRIT T\u00c8RMIC que mantenen l\u2019escalfor i ofereixen la compressi\u00f3 muscular necess\u00e0ria per retardar la fatiga. La seva elasticitat et permetr\u00e0 una gran llibertat de moviments. Els panells de pantalons ciclista estan dissenyats perqu\u00e8 s'adaptin perfectament a les diferents posicions de la pedalada. No notar\u00e0s cap resist\u00e8ncia. Els tirants microperforats permeten evacuar r\u00e0pidament la suor. Aquests estan formats per un panell central i dos laterals que distribueixen adequadament el pes per evitar lesions i aix\u00ed podr\u00e0s gaudir del ciclisme durant hores. Al final de les cames t\u00e9 una banda el\u00e0stica amb un grip de silicona hipoal\u00b7lerg\u00e8nica al seu interior. Aquesta mant\u00e9 la pe\u00e7a ben subjecta a la cama. A la zona posterior t\u00e9 unes l\u00ednies reflectants que augmentaran la teva seguretat ja que reflectiran la llum dels vehicles. Equipat amb la badana IN19 composta per 3 densitats que s\u2019adaptar\u00e0 a la teva anatomia i estil de pedaleig.","og_url":"https:\/\/www.inverseteams.com\/ca\/producte\/pantalo-ciclista-air-22-home\/","og_site_name":"Inverseteams","article_publisher":"https:\/\/www.facebook.com\/inverseteams","article_modified_time":"2023-11-03T09:52:22+00:00","og_image":[{"width":3222,"height":3462,"url":"https:\/\/www.inverseteams.com\/wp-content\/uploads\/PANTALON-CICLISTA-CT-AIR-22-1.jpg","type":"image\/jpeg"}],"twitter_card":"summary_large_image","twitter_misc":{"Temps estimat de lectura":"1 minut"},"schema":{"@context":"https:\/\/schema.org","@graph":[{"@type":"WebPage","@id":"https:\/\/www.inverseteams.com\/ca\/producte\/pantalo-ciclista-air-22-home\/","url":"https:\/\/www.inverseteams.com\/ca\/producte\/pantalo-ciclista-air-22-home\/","name":"Pantal\u00f3 ciclista AIR 22 (HOME)","isPartOf":{"@id":"https:\/\/www.inverseteams.com\/ca\/#website"},"primaryImageOfPage":{"@id":"https:\/\/www.inverseteams.com\/ca\/producte\/pantalo-ciclista-air-22-home\/#primaryimage"},"image":{"@id":"https:\/\/www.inverseteams.com\/ca\/producte\/pantalo-ciclista-air-22-home\/#primaryimage"},"thumbnailUrl":"https:\/\/www.inverseteams.com\/wp-content\/uploads\/PANTALON-CICLISTA-CT-AIR-22-1.jpg","datePublished":"2021-10-08T08:37:41+00:00","dateModified":"2023-11-03T09:52:22+00:00","description":"Extraordinari pantal\u00f3 ciclista per combatre el fred. Combina els teixits SUPERROUBAIX i SPIRIT T\u00c8RMIC que mantenen l\u2019escalfor i ofereixen la compressi\u00f3 muscular necess\u00e0ria per retardar la fatiga. La seva elasticitat et permetr\u00e0 una gran llibertat de moviments. Els panells de pantalons ciclista estan dissenyats perqu\u00e8 s'adaptin perfectament a les diferents posicions de la pedalada. No notar\u00e0s cap resist\u00e8ncia. Els tirants microperforats permeten evacuar r\u00e0pidament la suor. Aquests estan formats per un panell central i dos laterals que distribueixen adequadament el pes per evitar lesions i aix\u00ed podr\u00e0s gaudir del ciclisme durant hores. Al final de les cames t\u00e9 una banda el\u00e0stica amb un grip de silicona hipoal\u00b7lerg\u00e8nica al seu interior. Aquesta mant\u00e9 la pe\u00e7a ben subjecta a la cama. A la zona posterior t\u00e9 unes l\u00ednies reflectants que augmentaran la teva seguretat ja que reflectiran la llum dels vehicles. Equipat amb la badana IN19 composta per 3 densitats que s\u2019adaptar\u00e0 a la teva anatomia i estil de pedaleig.","breadcrumb":{"@id":"https:\/\/www.inverseteams.com\/ca\/producte\/pantalo-ciclista-air-22-home\/#breadcrumb"},"inLanguage":"ca","potentialAction":[{"@type":"ReadAction","target":["https:\/\/www.inverseteams.com\/ca\/producte\/pantalo-ciclista-air-22-home\/"]}]},{"@type":"ImageObject","inLanguage":"ca","@id":"https:\/\/www.inverseteams.com\/ca\/producte\/pantalo-ciclista-air-22-home\/#primaryimage","url":"https:\/\/www.inverseteams.com\/wp-content\/uploads\/PANTALON-CICLISTA-CT-AIR-22-1.jpg","contentUrl":"https:\/\/www.inverseteams.com\/wp-content\/uploads\/PANTALON-CICLISTA-CT-AIR-22-1.jpg","width":3222,"height":3462,"caption":"Pantal\u00f3 ciclista AIR 22"},{"@type":"BreadcrumbList","@id":"https:\/\/www.inverseteams.com\/ca\/producte\/pantalo-ciclista-air-22-home\/#breadcrumb","itemListElement":[{"@type":"ListItem","position":1,"name":"Portada","item":"https:\/\/www.inverseteams.com\/ca\/pagina-principal\/"},{"@type":"ListItem","position":2,"name":"Botiga","item":"https:\/\/www.inverseteams.com\/ca\/botiga\/"},{"@type":"ListItem","position":3,"name":"Pantal\u00f3 ciclista AIR (HOME)"}]},{"@type":"WebSite","@id":"https:\/\/www.inverseteams.com\/ca\/#website","url":"https:\/\/www.inverseteams.com\/ca\/","name":"Inverseteams","description":"Tu marca de ropa deportiva personalizada","publisher":{"@id":"https:\/\/www.inverseteams.com\/ca\/#organization"},"potentialAction":[{"@type":"SearchAction","target":{"@type":"EntryPoint","urlTemplate":"https:\/\/www.inverseteams.com\/ca\/?s={search_term_string}"},"query-input":{"@type":"PropertyValueSpecification","valueRequired":true,"valueName":"search_term_string"}}],"inLanguage":"ca"},{"@type":"Organization","@id":"https:\/\/www.inverseteams.com\/ca\/#organization","name":"Inverse Teams","url":"https:\/\/www.inverseteams.com\/ca\/","logo":{"@type":"ImageObject","inLanguage":"ca","@id":"https:\/\/www.inverseteams.com\/ca\/#\/schema\/logo\/image\/","url":"https:\/\/www.inverseteams.com\/wp-content\/uploads\/2021\/03\/logo-inverse-teams.png","contentUrl":"https:\/\/www.inverseteams.com\/wp-content\/uploads\/2021\/03\/logo-inverse-teams.png","width":294,"height":99,"caption":"Inverse Teams"},"image":{"@id":"https:\/\/www.inverseteams.com\/ca\/#\/schema\/logo\/image\/"},"sameAs":["https:\/\/www.facebook.com\/inverseteams","http:\/\/instagram.com\/inverseteams","https:\/\/www.linkedin.com\/company\/inverse-cirosport-s-l-?trk=job_view_topcard_company_name","http:\/\/www.pinterest.com\/inverseteams\/","http:\/\/www.youtube.com\/user\/inverseteams?feature=watch"]}]}},"_links":{"self":[{"href":"https:\/\/www.inverseteams.com\/ca\/wp-json\/wp\/v2\/product\/34103","targetHints":{"allow":["GET"]}}],"collection":[{"href":"https:\/\/www.inverseteams.com\/ca\/wp-json\/wp\/v2\/product"}],"about":[{"href":"https:\/\/www.inverseteams.com\/ca\/wp-json\/wp\/v2\/types\/product"}],"replies":[{"embeddable":true,"href":"https:\/\/www.inverseteams.com\/ca\/wp-json\/wp\/v2\/comments?post=34103"}],"wp:featuredmedia":[{"embeddable":true,"href":"https:\/\/www.inverseteams.com\/ca\/wp-json\/wp\/v2\/media\/34090"}],"wp:attachment":[{"href":"https:\/\/www.inverseteams.com\/ca\/wp-json\/wp\/v2\/media?parent=34103"}],"wp:term":[{"taxonomy":"product_brand","embeddable":true,"href":"https:\/\/www.inverseteams.com\/ca\/wp-json\/wp\/v2\/product_brand?post=34103"},{"taxonomy":"product_cat","embeddable":true,"href":"https:\/\/www.inverseteams.com\/ca\/wp-json\/wp\/v2\/product_cat?post=34103"},{"taxonomy":"product_tag","embeddable":true,"href":"https:\/\/www.inverseteams.com\/ca\/wp-json\/wp\/v2\/product_tag?post=34103"},{"taxonomy":"custom_category","embeddable":true,"href":"https:\/\/www.inverseteams.com\/ca\/wp-json\/wp\/v2\/custom_category?post=34103"},{"taxonomy":"range","embeddable":true,"href":"https:\/\/www.inverseteams.com\/ca\/wp-json\/wp\/v2\/range?post=34103"}],"curies":[{"name":"wp","href":"https:\/\/api.w.org\/{rel}","templated":true}]}}