{"id":34033,"date":"2021-10-07T13:42:32","date_gmt":"2021-10-07T13:43:02","guid":{"rendered":"https:\/\/www.inverseteams.com\/?post_type=product&#038;p=34033"},"modified":"2024-12-11T12:11:59","modified_gmt":"2024-12-11T12:11:59","slug":"mallot-ciclista-maniga-curta-style","status":"publish","type":"product","link":"https:\/\/www.inverseteams.com\/ca\/producte\/mallot-ciclista-maniga-curta-style\/","title":{"rendered":"Mallot ciclista m\u00e0niga curta STYLE"},"content":{"rendered":"<p>Mallot ciclista t\u00e8cnic dissenyat amb un patr\u00f3 folgat perfecte pels ciclistes que volen vestir c\u00f2modament i alhora gaudir de les ventatges dels teixits t\u00e8cnics. Aquest evitar\u00e0 un sobreescalfament de la pell i et permetr\u00e0 rendir al m\u00e0xim. A la vegada combina diferents tecnologies perqu\u00e8 sempre es mantingui en la posici\u00f3 ideal. Les m\u00e0nigues s\u2019adapten perfectamente al bra\u00e7 i es mantenen ben arrapades de manera c\u00f2mode. A la cintura t\u00e9 una banda de silicona que ajustar\u00e0 el mallot al teu cos. A la zona lumbar incorpora 3 butxaques amb el nou sistema de seguretat ISP \u2013 Inverse Safe Pocket \u2013 on podr\u00e0s guardar qualsevol objecte sense por de perdre\u2019l. Gaudeix del ciclisme sense preocupacions. La forma anat\u00f2mica del coll permet que aquest s\u2019adapti a la posici\u00f3 ciclista sense molestar i evitant que entri l\u2019aire.<\/p>\n","protected":false},"excerpt":{"rendered":"<p>Mallot ciclista t\u00e8cnic dissenyat amb un patr\u00f3 folgat perfecte pels ciclistes que volen vestir c\u00f2modament i alhora gaudir de les ventatges dels teixits t\u00e8cnics. Aquest evitar\u00e0 un sobreescalfament de la pell i et permetr\u00e0 rendir al m\u00e0xim. A la vegada combina diferents tecnologies perqu\u00e8 sempre es mantingui en la posici\u00f3 ideal. Les m\u00e0nigues s\u2019adapten perfectamente al bra\u00e7 i es mantenen ben arrapades de manera c\u00f2mode. A la cintura t\u00e9 una banda de silicona que ajustar\u00e0 el mallot al teu cos. A la zona lumbar incorpora 3 butxaques amb el nou sistema de seguretat ISP \u2013 Inverse Safe Pocket \u2013 on podr\u00e0s guardar qualsevol objecte sense por de perdre\u2019l. Gaudeix del ciclisme sense preocupacions. La forma anat\u00f2mica del coll permet que aquest s\u2019adapti a la posici\u00f3 ciclista sense molestar i evitant que entri l\u2019aire.<\/p>\n","protected":false},"featured_media":223967,"comment_status":"closed","ping_status":"closed","template":"","meta":{"_acf_changed":false},"product_brand":[],"product_cat":[8306],"product_tag":[],"custom_category":[3347,3350,3413],"range":[6327],"class_list":{"0":"post-34033","1":"product","2":"type-product","3":"status-publish","4":"has-post-thumbnail","6":"product_cat-uncategorized-ca","7":"pa_climatologia-calor-ca","8":"pa_deporte-ciclisme","9":"pa_genero-home","10":"pa_genero-dona","11":"pa_genero-infantil-ca","12":"pa_patronaje-casual-ca","13":"pa_tipo-de-prenda-mallot-maniga-curta","14":"custom_category-esport","15":"custom_category-roba-de-ciclisme-personalitzada","16":"custom_category-mallot-ciclista-personalitzat","17":"range-style-ca","19":"first","20":"instock","21":"product-type-custom"},"acf":[],"yoast_head":"<!-- This site is optimized with the Yoast SEO plugin v27.3 - https:\/\/yoast.com\/product\/yoast-seo-wordpress\/ -->\n<title>Maillot ciclista m\u00e0niga curta STYLE<\/title>\n<meta name=\"description\" content=\"Mallot ciclista t\u00e8cnic dissenyat amb un patr\u00f3 folgat perfecte pels ciclistes que volen vestir c\u00f2modament i alhora gaudir de les ventatges dels teixits t\u00e8cnics. Aquest evitar\u00e0 un sobreescalfament de la pell i et permetr\u00e0 rendir al m\u00e0xim. A la vegada combina diferents tecnologies perqu\u00e8 sempre es mantingui en la posici\u00f3 ideal. Les m\u00e0nigues s\u2019adapten perfectamente al bra\u00e7 i es mantenen ben arrapades de manera c\u00f2mode. A la cintura t\u00e9 una banda de silicona que ajustar\u00e0 el mallot al teu cos. A la zona lumbar incorpora 3 butxaques amb el nou sistema de seguretat ISP \u2013 Inverse Safe Pocket \u2013 on podr\u00e0s guardar qualsevol objecte sense por de perdre\u2019l. Gaudeix del ciclisme sense preocupacions. La forma anat\u00f2mica del coll permet que aquest s\u2019adapti a la posici\u00f3 ciclista sense molestar i evitant que entri l\u2019aire.\" \/>\n<meta name=\"robots\" content=\"index, follow, max-snippet:-1, max-image-preview:large, max-video-preview:-1\" \/>\n<link rel=\"canonical\" href=\"https:\/\/www.inverseteams.com\/ca\/producte\/mallot-ciclista-maniga-curta-style\/\" \/>\n<meta property=\"og:locale\" content=\"ca_ES\" \/>\n<meta property=\"og:type\" content=\"article\" \/>\n<meta property=\"og:title\" content=\"Maillot ciclista m\u00e0niga curta STYLE\" \/>\n<meta property=\"og:description\" content=\"Mallot ciclista t\u00e8cnic dissenyat amb un patr\u00f3 folgat perfecte pels ciclistes que volen vestir c\u00f2modament i alhora gaudir de les ventatges dels teixits t\u00e8cnics. Aquest evitar\u00e0 un sobreescalfament de la pell i et permetr\u00e0 rendir al m\u00e0xim. A la vegada combina diferents tecnologies perqu\u00e8 sempre es mantingui en la posici\u00f3 ideal. Les m\u00e0nigues s\u2019adapten perfectamente al bra\u00e7 i es mantenen ben arrapades de manera c\u00f2mode. A la cintura t\u00e9 una banda de silicona que ajustar\u00e0 el mallot al teu cos. A la zona lumbar incorpora 3 butxaques amb el nou sistema de seguretat ISP \u2013 Inverse Safe Pocket \u2013 on podr\u00e0s guardar qualsevol objecte sense por de perdre\u2019l. Gaudeix del ciclisme sense preocupacions. La forma anat\u00f2mica del coll permet que aquest s\u2019adapti a la posici\u00f3 ciclista sense molestar i evitant que entri l\u2019aire.\" \/>\n<meta property=\"og:url\" content=\"https:\/\/www.inverseteams.com\/ca\/producte\/mallot-ciclista-maniga-curta-style\/\" \/>\n<meta property=\"og:site_name\" content=\"Inverseteams\" \/>\n<meta property=\"article:publisher\" content=\"https:\/\/www.facebook.com\/inverseteams\" \/>\n<meta property=\"article:modified_time\" content=\"2024-12-11T12:11:59+00:00\" \/>\n<meta property=\"og:image\" content=\"https:\/\/www.inverseteams.com\/wp-content\/uploads\/MAILLOT-CICLISMO-MC-PERSONALIZABLE-STYLE-1.jpg\" \/>\n\t<meta property=\"og:image:width\" content=\"1500\" \/>\n\t<meta property=\"og:image:height\" content=\"1612\" \/>\n\t<meta property=\"og:image:type\" content=\"image\/jpeg\" \/>\n<meta name=\"twitter:card\" content=\"summary_large_image\" \/>\n<meta name=\"twitter:label1\" content=\"Temps estimat de lectura\" \/>\n\t<meta name=\"twitter:data1\" content=\"1 minut\" \/>\n<script type=\"application\/ld+json\" class=\"yoast-schema-graph\">{\"@context\":\"https:\\\/\\\/schema.org\",\"@graph\":[{\"@type\":\"WebPage\",\"@id\":\"https:\\\/\\\/www.inverseteams.com\\\/ca\\\/producte\\\/mallot-ciclista-maniga-curta-style\\\/\",\"url\":\"https:\\\/\\\/www.inverseteams.com\\\/ca\\\/producte\\\/mallot-ciclista-maniga-curta-style\\\/\",\"name\":\"Maillot ciclista m\u00e0niga curta STYLE\",\"isPartOf\":{\"@id\":\"https:\\\/\\\/www.inverseteams.com\\\/ca\\\/#website\"},\"primaryImageOfPage\":{\"@id\":\"https:\\\/\\\/www.inverseteams.com\\\/ca\\\/producte\\\/mallot-ciclista-maniga-curta-style\\\/#primaryimage\"},\"image\":{\"@id\":\"https:\\\/\\\/www.inverseteams.com\\\/ca\\\/producte\\\/mallot-ciclista-maniga-curta-style\\\/#primaryimage\"},\"thumbnailUrl\":\"https:\\\/\\\/www.inverseteams.com\\\/wp-content\\\/uploads\\\/MAILLOT-CICLISMO-MC-PERSONALIZABLE-STYLE-1.jpg\",\"datePublished\":\"2021-10-07T13:43:02+00:00\",\"dateModified\":\"2024-12-11T12:11:59+00:00\",\"description\":\"Mallot ciclista t\u00e8cnic dissenyat amb un patr\u00f3 folgat perfecte pels ciclistes que volen vestir c\u00f2modament i alhora gaudir de les ventatges dels teixits t\u00e8cnics. Aquest evitar\u00e0 un sobreescalfament de la pell i et permetr\u00e0 rendir al m\u00e0xim. A la vegada combina diferents tecnologies perqu\u00e8 sempre es mantingui en la posici\u00f3 ideal. Les m\u00e0nigues s\u2019adapten perfectamente al bra\u00e7 i es mantenen ben arrapades de manera c\u00f2mode. A la cintura t\u00e9 una banda de silicona que ajustar\u00e0 el mallot al teu cos. A la zona lumbar incorpora 3 butxaques amb el nou sistema de seguretat ISP \u2013 Inverse Safe Pocket \u2013 on podr\u00e0s guardar qualsevol objecte sense por de perdre\u2019l. Gaudeix del ciclisme sense preocupacions. La forma anat\u00f2mica del coll permet que aquest s\u2019adapti a la posici\u00f3 ciclista sense molestar i evitant que entri l\u2019aire.\",\"breadcrumb\":{\"@id\":\"https:\\\/\\\/www.inverseteams.com\\\/ca\\\/producte\\\/mallot-ciclista-maniga-curta-style\\\/#breadcrumb\"},\"inLanguage\":\"ca\",\"potentialAction\":[{\"@type\":\"ReadAction\",\"target\":[\"https:\\\/\\\/www.inverseteams.com\\\/ca\\\/producte\\\/mallot-ciclista-maniga-curta-style\\\/\"]}]},{\"@type\":\"ImageObject\",\"inLanguage\":\"ca\",\"@id\":\"https:\\\/\\\/www.inverseteams.com\\\/ca\\\/producte\\\/mallot-ciclista-maniga-curta-style\\\/#primaryimage\",\"url\":\"https:\\\/\\\/www.inverseteams.com\\\/wp-content\\\/uploads\\\/MAILLOT-CICLISMO-MC-PERSONALIZABLE-STYLE-1.jpg\",\"contentUrl\":\"https:\\\/\\\/www.inverseteams.com\\\/wp-content\\\/uploads\\\/MAILLOT-CICLISMO-MC-PERSONALIZABLE-STYLE-1.jpg\",\"width\":1500,\"height\":1612,\"caption\":\"maillot ebike personalizado\"},{\"@type\":\"BreadcrumbList\",\"@id\":\"https:\\\/\\\/www.inverseteams.com\\\/ca\\\/producte\\\/mallot-ciclista-maniga-curta-style\\\/#breadcrumb\",\"itemListElement\":[{\"@type\":\"ListItem\",\"position\":1,\"name\":\"Portada\",\"item\":\"https:\\\/\\\/www.inverseteams.com\\\/ca\\\/pagina-principal\\\/\"},{\"@type\":\"ListItem\",\"position\":2,\"name\":\"Botiga\",\"item\":\"https:\\\/\\\/www.inverseteams.com\\\/ca\\\/botiga\\\/\"},{\"@type\":\"ListItem\",\"position\":3,\"name\":\"Mallot ciclista m\u00e0niga curta STYLE\"}]},{\"@type\":\"WebSite\",\"@id\":\"https:\\\/\\\/www.inverseteams.com\\\/ca\\\/#website\",\"url\":\"https:\\\/\\\/www.inverseteams.com\\\/ca\\\/\",\"name\":\"Inverseteams\",\"description\":\"Tu marca de ropa deportiva personalizada\",\"publisher\":{\"@id\":\"https:\\\/\\\/www.inverseteams.com\\\/ca\\\/#organization\"},\"potentialAction\":[{\"@type\":\"SearchAction\",\"target\":{\"@type\":\"EntryPoint\",\"urlTemplate\":\"https:\\\/\\\/www.inverseteams.com\\\/ca\\\/?s={search_term_string}\"},\"query-input\":{\"@type\":\"PropertyValueSpecification\",\"valueRequired\":true,\"valueName\":\"search_term_string\"}}],\"inLanguage\":\"ca\"},{\"@type\":\"Organization\",\"@id\":\"https:\\\/\\\/www.inverseteams.com\\\/ca\\\/#organization\",\"name\":\"Inverse Teams\",\"url\":\"https:\\\/\\\/www.inverseteams.com\\\/ca\\\/\",\"logo\":{\"@type\":\"ImageObject\",\"inLanguage\":\"ca\",\"@id\":\"https:\\\/\\\/www.inverseteams.com\\\/ca\\\/#\\\/schema\\\/logo\\\/image\\\/\",\"url\":\"http:\\\/\\\/www.inverseteams.com\\\/wp-content\\\/uploads\\\/2021\\\/03\\\/logo-inverse-teams.png\",\"contentUrl\":\"http:\\\/\\\/www.inverseteams.com\\\/wp-content\\\/uploads\\\/2021\\\/03\\\/logo-inverse-teams.png\",\"width\":294,\"height\":99,\"caption\":\"Inverse Teams\"},\"image\":{\"@id\":\"https:\\\/\\\/www.inverseteams.com\\\/ca\\\/#\\\/schema\\\/logo\\\/image\\\/\"},\"sameAs\":[\"https:\\\/\\\/www.facebook.com\\\/inverseteams\",\"http:\\\/\\\/instagram.com\\\/inverseteams\",\"https:\\\/\\\/www.linkedin.com\\\/company\\\/inverse-cirosport-s-l-?trk=job_view_topcard_company_name\",\"http:\\\/\\\/www.pinterest.com\\\/inverseteams\\\/\",\"http:\\\/\\\/www.youtube.com\\\/user\\\/inverseteams?feature=watch\"]}]}<\/script>\n<!-- \/ Yoast SEO plugin. -->","yoast_head_json":{"title":"Maillot ciclista m\u00e0niga curta STYLE","description":"Mallot ciclista t\u00e8cnic dissenyat amb un patr\u00f3 folgat perfecte pels ciclistes que volen vestir c\u00f2modament i alhora gaudir de les ventatges dels teixits t\u00e8cnics. Aquest evitar\u00e0 un sobreescalfament de la pell i et permetr\u00e0 rendir al m\u00e0xim. A la vegada combina diferents tecnologies perqu\u00e8 sempre es mantingui en la posici\u00f3 ideal. Les m\u00e0nigues s\u2019adapten perfectamente al bra\u00e7 i es mantenen ben arrapades de manera c\u00f2mode. A la cintura t\u00e9 una banda de silicona que ajustar\u00e0 el mallot al teu cos. A la zona lumbar incorpora 3 butxaques amb el nou sistema de seguretat ISP \u2013 Inverse Safe Pocket \u2013 on podr\u00e0s guardar qualsevol objecte sense por de perdre\u2019l. Gaudeix del ciclisme sense preocupacions. La forma anat\u00f2mica del coll permet que aquest s\u2019adapti a la posici\u00f3 ciclista sense molestar i evitant que entri l\u2019aire.","robots":{"index":"index","follow":"follow","max-snippet":"max-snippet:-1","max-image-preview":"max-image-preview:large","max-video-preview":"max-video-preview:-1"},"canonical":"https:\/\/www.inverseteams.com\/ca\/producte\/mallot-ciclista-maniga-curta-style\/","og_locale":"ca_ES","og_type":"article","og_title":"Maillot ciclista m\u00e0niga curta STYLE","og_description":"Mallot ciclista t\u00e8cnic dissenyat amb un patr\u00f3 folgat perfecte pels ciclistes que volen vestir c\u00f2modament i alhora gaudir de les ventatges dels teixits t\u00e8cnics. Aquest evitar\u00e0 un sobreescalfament de la pell i et permetr\u00e0 rendir al m\u00e0xim. A la vegada combina diferents tecnologies perqu\u00e8 sempre es mantingui en la posici\u00f3 ideal. Les m\u00e0nigues s\u2019adapten perfectamente al bra\u00e7 i es mantenen ben arrapades de manera c\u00f2mode. A la cintura t\u00e9 una banda de silicona que ajustar\u00e0 el mallot al teu cos. A la zona lumbar incorpora 3 butxaques amb el nou sistema de seguretat ISP \u2013 Inverse Safe Pocket \u2013 on podr\u00e0s guardar qualsevol objecte sense por de perdre\u2019l. Gaudeix del ciclisme sense preocupacions. La forma anat\u00f2mica del coll permet que aquest s\u2019adapti a la posici\u00f3 ciclista sense molestar i evitant que entri l\u2019aire.","og_url":"https:\/\/www.inverseteams.com\/ca\/producte\/mallot-ciclista-maniga-curta-style\/","og_site_name":"Inverseteams","article_publisher":"https:\/\/www.facebook.com\/inverseteams","article_modified_time":"2024-12-11T12:11:59+00:00","og_image":[{"width":1500,"height":1612,"url":"https:\/\/www.inverseteams.com\/wp-content\/uploads\/MAILLOT-CICLISMO-MC-PERSONALIZABLE-STYLE-1.jpg","type":"image\/jpeg"}],"twitter_card":"summary_large_image","twitter_misc":{"Temps estimat de lectura":"1 minut"},"schema":{"@context":"https:\/\/schema.org","@graph":[{"@type":"WebPage","@id":"https:\/\/www.inverseteams.com\/ca\/producte\/mallot-ciclista-maniga-curta-style\/","url":"https:\/\/www.inverseteams.com\/ca\/producte\/mallot-ciclista-maniga-curta-style\/","name":"Maillot ciclista m\u00e0niga curta STYLE","isPartOf":{"@id":"https:\/\/www.inverseteams.com\/ca\/#website"},"primaryImageOfPage":{"@id":"https:\/\/www.inverseteams.com\/ca\/producte\/mallot-ciclista-maniga-curta-style\/#primaryimage"},"image":{"@id":"https:\/\/www.inverseteams.com\/ca\/producte\/mallot-ciclista-maniga-curta-style\/#primaryimage"},"thumbnailUrl":"https:\/\/www.inverseteams.com\/wp-content\/uploads\/MAILLOT-CICLISMO-MC-PERSONALIZABLE-STYLE-1.jpg","datePublished":"2021-10-07T13:43:02+00:00","dateModified":"2024-12-11T12:11:59+00:00","description":"Mallot ciclista t\u00e8cnic dissenyat amb un patr\u00f3 folgat perfecte pels ciclistes que volen vestir c\u00f2modament i alhora gaudir de les ventatges dels teixits t\u00e8cnics. Aquest evitar\u00e0 un sobreescalfament de la pell i et permetr\u00e0 rendir al m\u00e0xim. A la vegada combina diferents tecnologies perqu\u00e8 sempre es mantingui en la posici\u00f3 ideal. Les m\u00e0nigues s\u2019adapten perfectamente al bra\u00e7 i es mantenen ben arrapades de manera c\u00f2mode. A la cintura t\u00e9 una banda de silicona que ajustar\u00e0 el mallot al teu cos. A la zona lumbar incorpora 3 butxaques amb el nou sistema de seguretat ISP \u2013 Inverse Safe Pocket \u2013 on podr\u00e0s guardar qualsevol objecte sense por de perdre\u2019l. Gaudeix del ciclisme sense preocupacions. La forma anat\u00f2mica del coll permet que aquest s\u2019adapti a la posici\u00f3 ciclista sense molestar i evitant que entri l\u2019aire.","breadcrumb":{"@id":"https:\/\/www.inverseteams.com\/ca\/producte\/mallot-ciclista-maniga-curta-style\/#breadcrumb"},"inLanguage":"ca","potentialAction":[{"@type":"ReadAction","target":["https:\/\/www.inverseteams.com\/ca\/producte\/mallot-ciclista-maniga-curta-style\/"]}]},{"@type":"ImageObject","inLanguage":"ca","@id":"https:\/\/www.inverseteams.com\/ca\/producte\/mallot-ciclista-maniga-curta-style\/#primaryimage","url":"https:\/\/www.inverseteams.com\/wp-content\/uploads\/MAILLOT-CICLISMO-MC-PERSONALIZABLE-STYLE-1.jpg","contentUrl":"https:\/\/www.inverseteams.com\/wp-content\/uploads\/MAILLOT-CICLISMO-MC-PERSONALIZABLE-STYLE-1.jpg","width":1500,"height":1612,"caption":"maillot ebike personalizado"},{"@type":"BreadcrumbList","@id":"https:\/\/www.inverseteams.com\/ca\/producte\/mallot-ciclista-maniga-curta-style\/#breadcrumb","itemListElement":[{"@type":"ListItem","position":1,"name":"Portada","item":"https:\/\/www.inverseteams.com\/ca\/pagina-principal\/"},{"@type":"ListItem","position":2,"name":"Botiga","item":"https:\/\/www.inverseteams.com\/ca\/botiga\/"},{"@type":"ListItem","position":3,"name":"Mallot ciclista m\u00e0niga curta STYLE"}]},{"@type":"WebSite","@id":"https:\/\/www.inverseteams.com\/ca\/#website","url":"https:\/\/www.inverseteams.com\/ca\/","name":"Inverseteams","description":"Tu marca de ropa deportiva personalizada","publisher":{"@id":"https:\/\/www.inverseteams.com\/ca\/#organization"},"potentialAction":[{"@type":"SearchAction","target":{"@type":"EntryPoint","urlTemplate":"https:\/\/www.inverseteams.com\/ca\/?s={search_term_string}"},"query-input":{"@type":"PropertyValueSpecification","valueRequired":true,"valueName":"search_term_string"}}],"inLanguage":"ca"},{"@type":"Organization","@id":"https:\/\/www.inverseteams.com\/ca\/#organization","name":"Inverse Teams","url":"https:\/\/www.inverseteams.com\/ca\/","logo":{"@type":"ImageObject","inLanguage":"ca","@id":"https:\/\/www.inverseteams.com\/ca\/#\/schema\/logo\/image\/","url":"https:\/\/www.inverseteams.com\/wp-content\/uploads\/2021\/03\/logo-inverse-teams.png","contentUrl":"https:\/\/www.inverseteams.com\/wp-content\/uploads\/2021\/03\/logo-inverse-teams.png","width":294,"height":99,"caption":"Inverse Teams"},"image":{"@id":"https:\/\/www.inverseteams.com\/ca\/#\/schema\/logo\/image\/"},"sameAs":["https:\/\/www.facebook.com\/inverseteams","http:\/\/instagram.com\/inverseteams","https:\/\/www.linkedin.com\/company\/inverse-cirosport-s-l-?trk=job_view_topcard_company_name","http:\/\/www.pinterest.com\/inverseteams\/","http:\/\/www.youtube.com\/user\/inverseteams?feature=watch"]}]}},"_links":{"self":[{"href":"https:\/\/www.inverseteams.com\/ca\/wp-json\/wp\/v2\/product\/34033","targetHints":{"allow":["GET"]}}],"collection":[{"href":"https:\/\/www.inverseteams.com\/ca\/wp-json\/wp\/v2\/product"}],"about":[{"href":"https:\/\/www.inverseteams.com\/ca\/wp-json\/wp\/v2\/types\/product"}],"replies":[{"embeddable":true,"href":"https:\/\/www.inverseteams.com\/ca\/wp-json\/wp\/v2\/comments?post=34033"}],"wp:featuredmedia":[{"embeddable":true,"href":"https:\/\/www.inverseteams.com\/ca\/wp-json\/wp\/v2\/media\/223967"}],"wp:attachment":[{"href":"https:\/\/www.inverseteams.com\/ca\/wp-json\/wp\/v2\/media?parent=34033"}],"wp:term":[{"taxonomy":"product_brand","embeddable":true,"href":"https:\/\/www.inverseteams.com\/ca\/wp-json\/wp\/v2\/product_brand?post=34033"},{"taxonomy":"product_cat","embeddable":true,"href":"https:\/\/www.inverseteams.com\/ca\/wp-json\/wp\/v2\/product_cat?post=34033"},{"taxonomy":"product_tag","embeddable":true,"href":"https:\/\/www.inverseteams.com\/ca\/wp-json\/wp\/v2\/product_tag?post=34033"},{"taxonomy":"custom_category","embeddable":true,"href":"https:\/\/www.inverseteams.com\/ca\/wp-json\/wp\/v2\/custom_category?post=34033"},{"taxonomy":"range","embeddable":true,"href":"https:\/\/www.inverseteams.com\/ca\/wp-json\/wp\/v2\/range?post=34033"}],"curies":[{"name":"wp","href":"https:\/\/api.w.org\/{rel}","templated":true}]}}