{"id":280465,"date":"2026-03-15T13:09:59","date_gmt":"2026-03-15T12:09:59","guid":{"rendered":"https:\/\/www.inverseteams.com\/?post_type=product&#038;p=280465"},"modified":"2026-03-15T13:28:02","modified_gmt":"2026-03-15T12:28:02","slug":"mitjons-esportius-motion-fiyi-black","status":"publish","type":"product","link":"https:\/\/www.inverseteams.com\/ca\/producte\/mitjons-esportius-motion-fiyi-black\/","title":{"rendered":"Mitjons esportius MOTION FIYI BLACK"},"content":{"rendered":"<p data-start=\"317\" data-end=\"560\">Els mitjons MOTION FIYI s\u00f3n vers\u00e0tils i polivalents, dissenyats per oferir <strong data-start=\"482\" data-end=\"521\">comoditat, transpiraci\u00f3 i protecci\u00f3<\/strong> tant per a <strong data-start=\"533\" data-end=\"557\">ciclisme com running<\/strong>.<br \/>\nAmb una al\u00e7ada de canya de 20 cm, aquests mitjons proporcionen sujeci\u00f3 i cobertura \u00f2ptimes durant els entrenaments o rutes llargues. La <strong data-start=\"702\" data-end=\"756\">trama del teixit m\u00e9s oberta en zones estrat\u00e8giques<\/strong> facilita l\u2019<strong data-start=\"768\" data-end=\"792\">evacuaci\u00f3 de la suor<\/strong>, mantenint els peus frescos i secs fins i tot en esfor\u00e7os intensos.<br \/>\nIncorpora <strong data-start=\"874\" data-end=\"902\">zones refor\u00e7ades de rizo<\/strong> a la punta, el pont i el tend\u00f3 d\u2019Aquil\u00b7les, oferint <strong data-start=\"955\" data-end=\"986\">m\u00e9s durabilitat i protecci\u00f3<\/strong> a les zones que m\u00e9s pateixen durant el pedaleig o la carrera.<br \/>\nEls MOTION FIYI s\u00f3n la tria perfecta per a qui busca <strong data-start=\"1105\" data-end=\"1162\">mitjons esportius c\u00f2modes, transpirables i resistents<\/strong>, ideals per a <strong data-start=\"1177\" data-end=\"1229\">ciclisme, running i entrenaments d\u2019alt rendiment<\/strong>, combinant suport, ventilaci\u00f3 i durabilitat a cada pas.<\/p>\n","protected":false},"excerpt":{"rendered":"<p>Els mitjons MOTION FIYI s\u00f3n vers\u00e0tils i polivalents, dissenyats per oferir <strong data-start=\"482\" data-end=\"521\">comoditat, transpiraci\u00f3 i protecci\u00f3<\/strong> tant per a <strong data-start=\"533\" data-end=\"557\">ciclisme com running<\/strong>.<br \/>\nAmb una al\u00e7ada de canya de 20 cm, aquests mitjons proporcionen sujeci\u00f3 i cobertura \u00f2ptimes durant els entrenaments o rutes llargues. La <strong data-start=\"702\" data-end=\"756\">trama del teixit m\u00e9s oberta en zones estrat\u00e8giques<\/strong> facilita l\u2019<strong data-start=\"768\" data-end=\"792\">evacuaci\u00f3 de la suor<\/strong>, mantenint els peus frescos i secs fins i tot en esfor\u00e7os intensos.<br \/>\nIncorpora <strong data-start=\"874\" data-end=\"902\">zones refor\u00e7ades de rizo<\/strong> a la punta, el pont i el tend\u00f3 d\u2019Aquil\u00b7les, oferint <strong data-start=\"955\" data-end=\"986\">m\u00e9s durabilitat i protecci\u00f3<\/strong> a les zones que m\u00e9s pateixen durant el pedaleig o la carrera.<br \/>\nEls MOTION FIYI s\u00f3n la tria perfecta per a qui busca <strong data-start=\"1105\" data-end=\"1162\">mitjons esportius c\u00f2modes, transpirables i resistents<\/strong>, ideals per a <strong data-start=\"1177\" data-end=\"1229\">ciclisme, running i entrenaments d\u2019alt rendiment<\/strong>, combinant suport, ventilaci\u00f3 i durabilitat a cada pas.<\/p>\n","protected":false},"featured_media":280413,"comment_status":"closed","ping_status":"closed","template":"","meta":{"_acf_changed":false},"product_brand":[],"product_cat":[4110,9947,4180,4177,7175],"product_tag":[],"custom_category":[],"range":[],"class_list":{"0":"post-280465","1":"product","2":"type-product","3":"status-publish","4":"has-post-thumbnail","6":"product_cat-ciclisme","7":"product_cat-gravel-cat","8":"product_cat-calcetines-ca","9":"product_cat-accesorios-ca","10":"product_cat-b2b-ca","11":"pa_climatologia-calor-ca","12":"pa_climatologia-temperatura-temperada","13":"pa_deporte-casual-ca","14":"pa_deporte-ciclisme","15":"pa_deporte-ocr-ca","16":"pa_deporte-running-ca","17":"pa_deporte-trail-ca","18":"pa_genero-home","19":"pa_genero-dona","20":"pa_genero-infantil-ca","21":"pa_talla-l-xl-ca","22":"pa_talla-s-m-ca","23":"pa_tipo-de-prenda-mitjo","25":"first","26":"instock","27":"taxable","28":"shipping-taxable","29":"purchasable","30":"product-type-variable","31":"has-default-attributes"},"acf":[],"yoast_head":"<!-- This site is optimized with the Yoast SEO plugin v27.3 - https:\/\/yoast.com\/product\/yoast-seo-wordpress\/ -->\n<title>Mitjons esportius MOTION FIYI BLACK<\/title>\n<meta name=\"description\" content=\"Els mitjons MOTION FIYI s\u00f3n vers\u00e0tils i polivalents, dissenyats per oferir comoditat, transpiraci\u00f3 i protecci\u00f3 tant per a ciclisme com running. Amb una al\u00e7ada de canya de 20 cm, aquests mitjons proporcionen sujeci\u00f3 i cobertura \u00f2ptimes durant els entrenaments o rutes llargues. La trama del teixit m\u00e9s oberta en zones estrat\u00e8giques facilita l\u2019evacuaci\u00f3 de la suor, mantenint els peus frescos i secs fins i tot en esfor\u00e7os intensos. Incorpora zones refor\u00e7ades de rizo a la punta, el pont i el tend\u00f3 d\u2019Aquil\u00b7les, oferint m\u00e9s durabilitat i protecci\u00f3 a les zones que m\u00e9s pateixen durant el pedaleig o la carrera. Els MOTION FIYI s\u00f3n la tria perfecta per a qui busca mitjons esportius c\u00f2modes, transpirables i resistents, ideals per a ciclisme, running i entrenaments d\u2019alt rendiment, combinant suport, ventilaci\u00f3 i durabilitat a cada pas.\" \/>\n<meta name=\"robots\" content=\"index, follow, max-snippet:-1, max-image-preview:large, max-video-preview:-1\" \/>\n<link rel=\"canonical\" href=\"https:\/\/www.inverseteams.com\/ca\/producte\/mitjons-esportius-motion-fiyi-black\/\" \/>\n<meta property=\"og:locale\" content=\"ca_ES\" \/>\n<meta property=\"og:type\" content=\"article\" \/>\n<meta property=\"og:title\" content=\"Mitjons esportius MOTION FIYI BLACK\" \/>\n<meta property=\"og:description\" content=\"Els mitjons MOTION FIYI s\u00f3n vers\u00e0tils i polivalents, dissenyats per oferir comoditat, transpiraci\u00f3 i protecci\u00f3 tant per a ciclisme com running. Amb una al\u00e7ada de canya de 20 cm, aquests mitjons proporcionen sujeci\u00f3 i cobertura \u00f2ptimes durant els entrenaments o rutes llargues. La trama del teixit m\u00e9s oberta en zones estrat\u00e8giques facilita l\u2019evacuaci\u00f3 de la suor, mantenint els peus frescos i secs fins i tot en esfor\u00e7os intensos. Incorpora zones refor\u00e7ades de rizo a la punta, el pont i el tend\u00f3 d\u2019Aquil\u00b7les, oferint m\u00e9s durabilitat i protecci\u00f3 a les zones que m\u00e9s pateixen durant el pedaleig o la carrera. Els MOTION FIYI s\u00f3n la tria perfecta per a qui busca mitjons esportius c\u00f2modes, transpirables i resistents, ideals per a ciclisme, running i entrenaments d\u2019alt rendiment, combinant suport, ventilaci\u00f3 i durabilitat a cada pas.\" \/>\n<meta property=\"og:url\" content=\"https:\/\/www.inverseteams.com\/ca\/producte\/mitjons-esportius-motion-fiyi-black\/\" \/>\n<meta property=\"og:site_name\" content=\"Inverseteams\" \/>\n<meta property=\"article:publisher\" content=\"https:\/\/www.facebook.com\/inverseteams\" \/>\n<meta property=\"article:modified_time\" content=\"2026-03-15T12:28:02+00:00\" \/>\n<meta property=\"og:image\" content=\"https:\/\/www.inverseteams.com\/wp-content\/uploads\/INVERSE-CALCETINES-MOTION-FIYI-NEGRO-001.jpg\" \/>\n\t<meta property=\"og:image:width\" content=\"1500\" \/>\n\t<meta property=\"og:image:height\" content=\"1612\" \/>\n\t<meta property=\"og:image:type\" content=\"image\/jpeg\" \/>\n<meta name=\"twitter:card\" content=\"summary_large_image\" \/>\n<meta name=\"twitter:label1\" content=\"Temps estimat de lectura\" \/>\n\t<meta name=\"twitter:data1\" content=\"1 minut\" \/>\n<script type=\"application\/ld+json\" class=\"yoast-schema-graph\">{\"@context\":\"https:\\\/\\\/schema.org\",\"@graph\":[{\"@type\":\"WebPage\",\"@id\":\"https:\\\/\\\/www.inverseteams.com\\\/ca\\\/producte\\\/mitjons-esportius-motion-fiyi-black\\\/\",\"url\":\"https:\\\/\\\/www.inverseteams.com\\\/ca\\\/producte\\\/mitjons-esportius-motion-fiyi-black\\\/\",\"name\":\"Mitjons esportius MOTION FIYI BLACK\",\"isPartOf\":{\"@id\":\"https:\\\/\\\/www.inverseteams.com\\\/ca\\\/#website\"},\"primaryImageOfPage\":{\"@id\":\"https:\\\/\\\/www.inverseteams.com\\\/ca\\\/producte\\\/mitjons-esportius-motion-fiyi-black\\\/#primaryimage\"},\"image\":{\"@id\":\"https:\\\/\\\/www.inverseteams.com\\\/ca\\\/producte\\\/mitjons-esportius-motion-fiyi-black\\\/#primaryimage\"},\"thumbnailUrl\":\"https:\\\/\\\/www.inverseteams.com\\\/wp-content\\\/uploads\\\/INVERSE-CALCETINES-MOTION-FIYI-NEGRO-001.jpg\",\"datePublished\":\"2026-03-15T12:09:59+00:00\",\"dateModified\":\"2026-03-15T12:28:02+00:00\",\"description\":\"Els mitjons MOTION FIYI s\u00f3n vers\u00e0tils i polivalents, dissenyats per oferir comoditat, transpiraci\u00f3 i protecci\u00f3 tant per a ciclisme com running. Amb una al\u00e7ada de canya de 20 cm, aquests mitjons proporcionen sujeci\u00f3 i cobertura \u00f2ptimes durant els entrenaments o rutes llargues. La trama del teixit m\u00e9s oberta en zones estrat\u00e8giques facilita l\u2019evacuaci\u00f3 de la suor, mantenint els peus frescos i secs fins i tot en esfor\u00e7os intensos. Incorpora zones refor\u00e7ades de rizo a la punta, el pont i el tend\u00f3 d\u2019Aquil\u00b7les, oferint m\u00e9s durabilitat i protecci\u00f3 a les zones que m\u00e9s pateixen durant el pedaleig o la carrera. Els MOTION FIYI s\u00f3n la tria perfecta per a qui busca mitjons esportius c\u00f2modes, transpirables i resistents, ideals per a ciclisme, running i entrenaments d\u2019alt rendiment, combinant suport, ventilaci\u00f3 i durabilitat a cada pas.\",\"breadcrumb\":{\"@id\":\"https:\\\/\\\/www.inverseteams.com\\\/ca\\\/producte\\\/mitjons-esportius-motion-fiyi-black\\\/#breadcrumb\"},\"inLanguage\":\"ca\",\"potentialAction\":[{\"@type\":\"ReadAction\",\"target\":[\"https:\\\/\\\/www.inverseteams.com\\\/ca\\\/producte\\\/mitjons-esportius-motion-fiyi-black\\\/\"]}]},{\"@type\":\"ImageObject\",\"inLanguage\":\"ca\",\"@id\":\"https:\\\/\\\/www.inverseteams.com\\\/ca\\\/producte\\\/mitjons-esportius-motion-fiyi-black\\\/#primaryimage\",\"url\":\"https:\\\/\\\/www.inverseteams.com\\\/wp-content\\\/uploads\\\/INVERSE-CALCETINES-MOTION-FIYI-NEGRO-001.jpg\",\"contentUrl\":\"https:\\\/\\\/www.inverseteams.com\\\/wp-content\\\/uploads\\\/INVERSE-CALCETINES-MOTION-FIYI-NEGRO-001.jpg\",\"width\":1500,\"height\":1612},{\"@type\":\"BreadcrumbList\",\"@id\":\"https:\\\/\\\/www.inverseteams.com\\\/ca\\\/producte\\\/mitjons-esportius-motion-fiyi-black\\\/#breadcrumb\",\"itemListElement\":[{\"@type\":\"ListItem\",\"position\":1,\"name\":\"Portada\",\"item\":\"https:\\\/\\\/www.inverseteams.com\\\/ca\\\/pagina-principal\\\/\"},{\"@type\":\"ListItem\",\"position\":2,\"name\":\"Botiga\",\"item\":\"https:\\\/\\\/www.inverseteams.com\\\/ca\\\/botiga\\\/\"},{\"@type\":\"ListItem\",\"position\":3,\"name\":\"Mitjons esportius MOTION FIYI BLACK\"}]},{\"@type\":\"WebSite\",\"@id\":\"https:\\\/\\\/www.inverseteams.com\\\/ca\\\/#website\",\"url\":\"https:\\\/\\\/www.inverseteams.com\\\/ca\\\/\",\"name\":\"Inverseteams\",\"description\":\"Tu marca de ropa deportiva personalizada\",\"publisher\":{\"@id\":\"https:\\\/\\\/www.inverseteams.com\\\/ca\\\/#organization\"},\"potentialAction\":[{\"@type\":\"SearchAction\",\"target\":{\"@type\":\"EntryPoint\",\"urlTemplate\":\"https:\\\/\\\/www.inverseteams.com\\\/ca\\\/?s={search_term_string}\"},\"query-input\":{\"@type\":\"PropertyValueSpecification\",\"valueRequired\":true,\"valueName\":\"search_term_string\"}}],\"inLanguage\":\"ca\"},{\"@type\":\"Organization\",\"@id\":\"https:\\\/\\\/www.inverseteams.com\\\/ca\\\/#organization\",\"name\":\"Inverse Teams\",\"url\":\"https:\\\/\\\/www.inverseteams.com\\\/ca\\\/\",\"logo\":{\"@type\":\"ImageObject\",\"inLanguage\":\"ca\",\"@id\":\"https:\\\/\\\/www.inverseteams.com\\\/ca\\\/#\\\/schema\\\/logo\\\/image\\\/\",\"url\":\"https:\\\/\\\/www.inverseteams.com\\\/wp-content\\\/uploads\\\/2021\\\/03\\\/logo-inverse-teams.png\",\"contentUrl\":\"https:\\\/\\\/www.inverseteams.com\\\/wp-content\\\/uploads\\\/2021\\\/03\\\/logo-inverse-teams.png\",\"width\":294,\"height\":99,\"caption\":\"Inverse Teams\"},\"image\":{\"@id\":\"https:\\\/\\\/www.inverseteams.com\\\/ca\\\/#\\\/schema\\\/logo\\\/image\\\/\"},\"sameAs\":[\"https:\\\/\\\/www.facebook.com\\\/inverseteams\",\"http:\\\/\\\/instagram.com\\\/inverseteams\",\"https:\\\/\\\/www.linkedin.com\\\/company\\\/inverse-cirosport-s-l-?trk=job_view_topcard_company_name\",\"http:\\\/\\\/www.pinterest.com\\\/inverseteams\\\/\",\"http:\\\/\\\/www.youtube.com\\\/user\\\/inverseteams?feature=watch\"]}]}<\/script>\n<!-- \/ Yoast SEO plugin. -->","yoast_head_json":{"title":"Mitjons esportius MOTION FIYI BLACK","description":"Els mitjons MOTION FIYI s\u00f3n vers\u00e0tils i polivalents, dissenyats per oferir comoditat, transpiraci\u00f3 i protecci\u00f3 tant per a ciclisme com running. Amb una al\u00e7ada de canya de 20 cm, aquests mitjons proporcionen sujeci\u00f3 i cobertura \u00f2ptimes durant els entrenaments o rutes llargues. La trama del teixit m\u00e9s oberta en zones estrat\u00e8giques facilita l\u2019evacuaci\u00f3 de la suor, mantenint els peus frescos i secs fins i tot en esfor\u00e7os intensos. Incorpora zones refor\u00e7ades de rizo a la punta, el pont i el tend\u00f3 d\u2019Aquil\u00b7les, oferint m\u00e9s durabilitat i protecci\u00f3 a les zones que m\u00e9s pateixen durant el pedaleig o la carrera. Els MOTION FIYI s\u00f3n la tria perfecta per a qui busca mitjons esportius c\u00f2modes, transpirables i resistents, ideals per a ciclisme, running i entrenaments d\u2019alt rendiment, combinant suport, ventilaci\u00f3 i durabilitat a cada pas.","robots":{"index":"index","follow":"follow","max-snippet":"max-snippet:-1","max-image-preview":"max-image-preview:large","max-video-preview":"max-video-preview:-1"},"canonical":"https:\/\/www.inverseteams.com\/ca\/producte\/mitjons-esportius-motion-fiyi-black\/","og_locale":"ca_ES","og_type":"article","og_title":"Mitjons esportius MOTION FIYI BLACK","og_description":"Els mitjons MOTION FIYI s\u00f3n vers\u00e0tils i polivalents, dissenyats per oferir comoditat, transpiraci\u00f3 i protecci\u00f3 tant per a ciclisme com running. Amb una al\u00e7ada de canya de 20 cm, aquests mitjons proporcionen sujeci\u00f3 i cobertura \u00f2ptimes durant els entrenaments o rutes llargues. La trama del teixit m\u00e9s oberta en zones estrat\u00e8giques facilita l\u2019evacuaci\u00f3 de la suor, mantenint els peus frescos i secs fins i tot en esfor\u00e7os intensos. Incorpora zones refor\u00e7ades de rizo a la punta, el pont i el tend\u00f3 d\u2019Aquil\u00b7les, oferint m\u00e9s durabilitat i protecci\u00f3 a les zones que m\u00e9s pateixen durant el pedaleig o la carrera. Els MOTION FIYI s\u00f3n la tria perfecta per a qui busca mitjons esportius c\u00f2modes, transpirables i resistents, ideals per a ciclisme, running i entrenaments d\u2019alt rendiment, combinant suport, ventilaci\u00f3 i durabilitat a cada pas.","og_url":"https:\/\/www.inverseteams.com\/ca\/producte\/mitjons-esportius-motion-fiyi-black\/","og_site_name":"Inverseteams","article_publisher":"https:\/\/www.facebook.com\/inverseteams","article_modified_time":"2026-03-15T12:28:02+00:00","og_image":[{"width":1500,"height":1612,"url":"https:\/\/www.inverseteams.com\/wp-content\/uploads\/INVERSE-CALCETINES-MOTION-FIYI-NEGRO-001.jpg","type":"image\/jpeg"}],"twitter_card":"summary_large_image","twitter_misc":{"Temps estimat de lectura":"1 minut"},"schema":{"@context":"https:\/\/schema.org","@graph":[{"@type":"WebPage","@id":"https:\/\/www.inverseteams.com\/ca\/producte\/mitjons-esportius-motion-fiyi-black\/","url":"https:\/\/www.inverseteams.com\/ca\/producte\/mitjons-esportius-motion-fiyi-black\/","name":"Mitjons esportius MOTION FIYI BLACK","isPartOf":{"@id":"https:\/\/www.inverseteams.com\/ca\/#website"},"primaryImageOfPage":{"@id":"https:\/\/www.inverseteams.com\/ca\/producte\/mitjons-esportius-motion-fiyi-black\/#primaryimage"},"image":{"@id":"https:\/\/www.inverseteams.com\/ca\/producte\/mitjons-esportius-motion-fiyi-black\/#primaryimage"},"thumbnailUrl":"https:\/\/www.inverseteams.com\/wp-content\/uploads\/INVERSE-CALCETINES-MOTION-FIYI-NEGRO-001.jpg","datePublished":"2026-03-15T12:09:59+00:00","dateModified":"2026-03-15T12:28:02+00:00","description":"Els mitjons MOTION FIYI s\u00f3n vers\u00e0tils i polivalents, dissenyats per oferir comoditat, transpiraci\u00f3 i protecci\u00f3 tant per a ciclisme com running. Amb una al\u00e7ada de canya de 20 cm, aquests mitjons proporcionen sujeci\u00f3 i cobertura \u00f2ptimes durant els entrenaments o rutes llargues. La trama del teixit m\u00e9s oberta en zones estrat\u00e8giques facilita l\u2019evacuaci\u00f3 de la suor, mantenint els peus frescos i secs fins i tot en esfor\u00e7os intensos. Incorpora zones refor\u00e7ades de rizo a la punta, el pont i el tend\u00f3 d\u2019Aquil\u00b7les, oferint m\u00e9s durabilitat i protecci\u00f3 a les zones que m\u00e9s pateixen durant el pedaleig o la carrera. Els MOTION FIYI s\u00f3n la tria perfecta per a qui busca mitjons esportius c\u00f2modes, transpirables i resistents, ideals per a ciclisme, running i entrenaments d\u2019alt rendiment, combinant suport, ventilaci\u00f3 i durabilitat a cada pas.","breadcrumb":{"@id":"https:\/\/www.inverseteams.com\/ca\/producte\/mitjons-esportius-motion-fiyi-black\/#breadcrumb"},"inLanguage":"ca","potentialAction":[{"@type":"ReadAction","target":["https:\/\/www.inverseteams.com\/ca\/producte\/mitjons-esportius-motion-fiyi-black\/"]}]},{"@type":"ImageObject","inLanguage":"ca","@id":"https:\/\/www.inverseteams.com\/ca\/producte\/mitjons-esportius-motion-fiyi-black\/#primaryimage","url":"https:\/\/www.inverseteams.com\/wp-content\/uploads\/INVERSE-CALCETINES-MOTION-FIYI-NEGRO-001.jpg","contentUrl":"https:\/\/www.inverseteams.com\/wp-content\/uploads\/INVERSE-CALCETINES-MOTION-FIYI-NEGRO-001.jpg","width":1500,"height":1612},{"@type":"BreadcrumbList","@id":"https:\/\/www.inverseteams.com\/ca\/producte\/mitjons-esportius-motion-fiyi-black\/#breadcrumb","itemListElement":[{"@type":"ListItem","position":1,"name":"Portada","item":"https:\/\/www.inverseteams.com\/ca\/pagina-principal\/"},{"@type":"ListItem","position":2,"name":"Botiga","item":"https:\/\/www.inverseteams.com\/ca\/botiga\/"},{"@type":"ListItem","position":3,"name":"Mitjons esportius MOTION FIYI BLACK"}]},{"@type":"WebSite","@id":"https:\/\/www.inverseteams.com\/ca\/#website","url":"https:\/\/www.inverseteams.com\/ca\/","name":"Inverseteams","description":"Tu marca de ropa deportiva personalizada","publisher":{"@id":"https:\/\/www.inverseteams.com\/ca\/#organization"},"potentialAction":[{"@type":"SearchAction","target":{"@type":"EntryPoint","urlTemplate":"https:\/\/www.inverseteams.com\/ca\/?s={search_term_string}"},"query-input":{"@type":"PropertyValueSpecification","valueRequired":true,"valueName":"search_term_string"}}],"inLanguage":"ca"},{"@type":"Organization","@id":"https:\/\/www.inverseteams.com\/ca\/#organization","name":"Inverse Teams","url":"https:\/\/www.inverseteams.com\/ca\/","logo":{"@type":"ImageObject","inLanguage":"ca","@id":"https:\/\/www.inverseteams.com\/ca\/#\/schema\/logo\/image\/","url":"https:\/\/www.inverseteams.com\/wp-content\/uploads\/2021\/03\/logo-inverse-teams.png","contentUrl":"https:\/\/www.inverseteams.com\/wp-content\/uploads\/2021\/03\/logo-inverse-teams.png","width":294,"height":99,"caption":"Inverse Teams"},"image":{"@id":"https:\/\/www.inverseteams.com\/ca\/#\/schema\/logo\/image\/"},"sameAs":["https:\/\/www.facebook.com\/inverseteams","http:\/\/instagram.com\/inverseteams","https:\/\/www.linkedin.com\/company\/inverse-cirosport-s-l-?trk=job_view_topcard_company_name","http:\/\/www.pinterest.com\/inverseteams\/","http:\/\/www.youtube.com\/user\/inverseteams?feature=watch"]}]}},"_links":{"self":[{"href":"https:\/\/www.inverseteams.com\/ca\/wp-json\/wp\/v2\/product\/280465","targetHints":{"allow":["GET"]}}],"collection":[{"href":"https:\/\/www.inverseteams.com\/ca\/wp-json\/wp\/v2\/product"}],"about":[{"href":"https:\/\/www.inverseteams.com\/ca\/wp-json\/wp\/v2\/types\/product"}],"replies":[{"embeddable":true,"href":"https:\/\/www.inverseteams.com\/ca\/wp-json\/wp\/v2\/comments?post=280465"}],"wp:featuredmedia":[{"embeddable":true,"href":"https:\/\/www.inverseteams.com\/ca\/wp-json\/wp\/v2\/media\/280413"}],"wp:attachment":[{"href":"https:\/\/www.inverseteams.com\/ca\/wp-json\/wp\/v2\/media?parent=280465"}],"wp:term":[{"taxonomy":"product_brand","embeddable":true,"href":"https:\/\/www.inverseteams.com\/ca\/wp-json\/wp\/v2\/product_brand?post=280465"},{"taxonomy":"product_cat","embeddable":true,"href":"https:\/\/www.inverseteams.com\/ca\/wp-json\/wp\/v2\/product_cat?post=280465"},{"taxonomy":"product_tag","embeddable":true,"href":"https:\/\/www.inverseteams.com\/ca\/wp-json\/wp\/v2\/product_tag?post=280465"},{"taxonomy":"custom_category","embeddable":true,"href":"https:\/\/www.inverseteams.com\/ca\/wp-json\/wp\/v2\/custom_category?post=280465"},{"taxonomy":"range","embeddable":true,"href":"https:\/\/www.inverseteams.com\/ca\/wp-json\/wp\/v2\/range?post=280465"}],"curies":[{"name":"wp","href":"https:\/\/api.w.org\/{rel}","templated":true}]}}