{"id":279007,"date":"2026-03-05T13:09:43","date_gmt":"2026-03-05T12:09:43","guid":{"rendered":"https:\/\/www.inverseteams.com\/?post_type=product&#038;p=279007"},"modified":"2026-03-05T13:45:48","modified_gmt":"2026-03-05T12:45:48","slug":"culot-essenz-malta-marine","status":"publish","type":"product","link":"https:\/\/www.inverseteams.com\/ca\/producte\/culot-essenz-malta-marine\/","title":{"rendered":"Culot ESSENZ MALTA MARINE"},"content":{"rendered":"<p>Aquest culotte vers\u00e0til ha estat dissenyat per acompanyar-te tant en entrenaments exigents com en competici\u00f3, oferint l\u2019equilibri perfecte entre lleugeresa, elasticitat i rendiment. Una pe\u00e7a t\u00e8cnica pensada per a ciclistes que busquen comoditat i efic\u00e0cia en cada pedalada.<br \/>\nEl seu teixit molt lleuger i altament el\u00e0stic s\u2019adapta al cos com una segona pell, proporcionant llibertat total de moviment i una compressi\u00f3 equilibrada. Els panells han estat curosament dissenyats per ajustar-se a la posici\u00f3 natural durant el pedaleig, evitant mol\u00e8sties i garantint una sensaci\u00f3 estable fins i tot en esfor\u00e7os intensos.<br \/>\nIncorpora <strong>tirants de polipropil\u00e8 que afavoreixen la r\u00e0pida evacuaci\u00f3 de la suor<\/strong>, mantenint el tors sec i c\u00f2mode. A m\u00e9s, ofereixen una subjecci\u00f3 ferma i equilibrada que mant\u00e9 el culotte al seu lloc sense generar pressi\u00f3 innecess\u00e0ria.<br \/>\nL\u2019acabat amb banda el\u00e0stica microperforada i grip interior a les camals assegura un ajust prec\u00eds i segur, evitant despla\u00e7aments sense oprimir. Les <strong>costures planes d\u2019alta resist\u00e8ncia minimitzen la fricci\u00f3<\/strong> i augmenten la durabilitat de la pe\u00e7a, fins i tot despr\u00e9s de moltes hores d\u2019\u00fas.<br \/>\nAl cor d\u2019aquest culotte es troba la prestigiosa badana Mustang d\u2019Elastic Interface, desenvolupada sota el concepte Zero Friction. El seu disseny amb transicions suaus entre diferents nivells de densitat elimina punts de pressi\u00f3 i millora l\u2019adaptaci\u00f3 al cos. Combina l\u2019escuma Pro Evo, d\u2019alta densitat i excel\u00b7lent capacitat de recuperaci\u00f3, amb el teixit reciclat Re-Cycle, oferint m\u00e0xim confort, alt rendiment i un comprom\u00eds real amb la sostenibilitat.<br \/>\n<strong>Un culotte t\u00e8cnic, c\u00f2mode i fiable, preparat per rendir al m\u00e0xim en cada sortida<\/strong>, ja sigui entrenant per al teu pr\u00f2xim objectiu o competint al m\u00e9s alt nivell.<\/p>\n","protected":false},"excerpt":{"rendered":"<p>Aquest culotte vers\u00e0til ha estat dissenyat per acompanyar-te tant en entrenaments exigents com en competici\u00f3, oferint l\u2019equilibri perfecte entre lleugeresa, elasticitat i rendiment. Una pe\u00e7a t\u00e8cnica pensada per a ciclistes que busquen comoditat i efic\u00e0cia en cada pedalada.<br \/>\nEl seu teixit molt lleuger i altament el\u00e0stic s\u2019adapta al cos com una segona pell, proporcionant llibertat total de moviment i una compressi\u00f3 equilibrada. Els panells han estat curosament dissenyats per ajustar-se a la posici\u00f3 natural durant el pedaleig, evitant mol\u00e8sties i garantint una sensaci\u00f3 estable fins i tot en esfor\u00e7os intensos.<br \/>\nIncorpora <strong>tirants de polipropil\u00e8 que afavoreixen la r\u00e0pida evacuaci\u00f3 de la suor<\/strong>, mantenint el tors sec i c\u00f2mode. A m\u00e9s, ofereixen una subjecci\u00f3 ferma i equilibrada que mant\u00e9 el culotte al seu lloc sense generar pressi\u00f3 innecess\u00e0ria.<br \/>\nL\u2019acabat amb banda el\u00e0stica microperforada i grip interior a les camals assegura un ajust prec\u00eds i segur, evitant despla\u00e7aments sense oprimir. Les <strong>costures planes d\u2019alta resist\u00e8ncia minimitzen la fricci\u00f3<\/strong> i augmenten la durabilitat de la pe\u00e7a, fins i tot despr\u00e9s de moltes hores d\u2019\u00fas.<br \/>\nAl cor d\u2019aquest culotte es troba la prestigiosa badana Mustang d\u2019Elastic Interface, desenvolupada sota el concepte Zero Friction. El seu disseny amb transicions suaus entre diferents nivells de densitat elimina punts de pressi\u00f3 i millora l\u2019adaptaci\u00f3 al cos. Combina l\u2019escuma Pro Evo, d\u2019alta densitat i excel\u00b7lent capacitat de recuperaci\u00f3, amb el teixit reciclat Re-Cycle, oferint m\u00e0xim confort, alt rendiment i un comprom\u00eds real amb la sostenibilitat.<br \/>\n<strong>Un culotte t\u00e8cnic, c\u00f2mode i fiable, preparat per rendir al m\u00e0xim en cada sortida<\/strong>, ja sigui entrenant per al teu pr\u00f2xim objectiu o competint al m\u00e9s alt nivell.<\/p>\n","protected":false},"featured_media":278967,"comment_status":"closed","ping_status":"closed","template":"","meta":{"_acf_changed":false},"product_brand":[],"product_cat":[4110,4126,7175],"product_tag":[],"custom_category":[],"range":[],"class_list":{"0":"post-279007","1":"product","2":"type-product","3":"status-publish","4":"has-post-thumbnail","6":"product_cat-ciclisme","7":"product_cat-culotte-ciclista-ca","8":"product_cat-b2b-ca","9":"pa_climatologia-calor-ca","10":"pa_climatologia-temperatura-temperada","11":"pa_deporte-ciclisme","12":"pa_deporte-gravel-ca","13":"pa_genero-home","14":"pa_patronaje-fit-ca","15":"pa_talla-m-ca","16":"pa_talla-s-ca","17":"pa_talla-xl-ca","18":"pa_talla-xxl-ca","19":"pa_talla-l-ca","20":"pa_tipo-de-prenda-culot-curt","22":"first","23":"outofstock","24":"taxable","25":"shipping-taxable","26":"purchasable","27":"product-type-variable","28":"has-default-attributes"},"acf":[],"yoast_head":"<!-- This site is optimized with the Yoast SEO plugin v27.3 - https:\/\/yoast.com\/product\/yoast-seo-wordpress\/ -->\n<title>Culot ESSENZ MALTA MARINE<\/title>\n<meta name=\"description\" content=\"Aquest culotte vers\u00e0til ha estat dissenyat per acompanyar-te tant en entrenaments exigents com en competici\u00f3, oferint l\u2019equilibri perfecte entre lleugeresa, elasticitat i rendiment.\" \/>\n<meta name=\"robots\" content=\"index, follow, max-snippet:-1, max-image-preview:large, max-video-preview:-1\" \/>\n<link rel=\"canonical\" href=\"https:\/\/www.inverseteams.com\/ca\/producte\/culot-essenz-malta-marine\/\" \/>\n<meta property=\"og:locale\" content=\"ca_ES\" \/>\n<meta property=\"og:type\" content=\"article\" \/>\n<meta property=\"og:title\" content=\"Culot ESSENZ MALTA MARINE\" \/>\n<meta property=\"og:description\" content=\"Aquest culotte vers\u00e0til ha estat dissenyat per acompanyar-te tant en entrenaments exigents com en competici\u00f3, oferint l\u2019equilibri perfecte entre lleugeresa, elasticitat i rendiment.\" \/>\n<meta property=\"og:url\" content=\"https:\/\/www.inverseteams.com\/ca\/producte\/culot-essenz-malta-marine\/\" \/>\n<meta property=\"og:site_name\" content=\"Inverseteams\" \/>\n<meta property=\"article:publisher\" content=\"https:\/\/www.facebook.com\/inverseteams\" \/>\n<meta property=\"article:modified_time\" content=\"2026-03-05T12:45:48+00:00\" \/>\n<meta property=\"og:image\" content=\"https:\/\/www.inverseteams.com\/wp-content\/uploads\/INVERSE-CICLISMO-HOMBRE-CULOTTE-ESSENZ-MALTA-MARINE-001.jpg\" \/>\n\t<meta property=\"og:image:width\" content=\"1500\" \/>\n\t<meta property=\"og:image:height\" content=\"1612\" \/>\n\t<meta property=\"og:image:type\" content=\"image\/jpeg\" \/>\n<meta name=\"twitter:card\" content=\"summary_large_image\" \/>\n<meta name=\"twitter:label1\" content=\"Temps estimat de lectura\" \/>\n\t<meta name=\"twitter:data1\" content=\"2 minut\" \/>\n<script type=\"application\/ld+json\" class=\"yoast-schema-graph\">{\"@context\":\"https:\\\/\\\/schema.org\",\"@graph\":[{\"@type\":\"WebPage\",\"@id\":\"https:\\\/\\\/www.inverseteams.com\\\/ca\\\/producte\\\/culot-essenz-malta-marine\\\/\",\"url\":\"https:\\\/\\\/www.inverseteams.com\\\/ca\\\/producte\\\/culot-essenz-malta-marine\\\/\",\"name\":\"Culot ESSENZ MALTA MARINE\",\"isPartOf\":{\"@id\":\"https:\\\/\\\/www.inverseteams.com\\\/ca\\\/#website\"},\"primaryImageOfPage\":{\"@id\":\"https:\\\/\\\/www.inverseteams.com\\\/ca\\\/producte\\\/culot-essenz-malta-marine\\\/#primaryimage\"},\"image\":{\"@id\":\"https:\\\/\\\/www.inverseteams.com\\\/ca\\\/producte\\\/culot-essenz-malta-marine\\\/#primaryimage\"},\"thumbnailUrl\":\"https:\\\/\\\/www.inverseteams.com\\\/wp-content\\\/uploads\\\/INVERSE-CICLISMO-HOMBRE-CULOTTE-ESSENZ-MALTA-MARINE-001.jpg\",\"datePublished\":\"2026-03-05T12:09:43+00:00\",\"dateModified\":\"2026-03-05T12:45:48+00:00\",\"description\":\"Aquest culotte vers\u00e0til ha estat dissenyat per acompanyar-te tant en entrenaments exigents com en competici\u00f3, oferint l\u2019equilibri perfecte entre lleugeresa, elasticitat i rendiment.\",\"breadcrumb\":{\"@id\":\"https:\\\/\\\/www.inverseteams.com\\\/ca\\\/producte\\\/culot-essenz-malta-marine\\\/#breadcrumb\"},\"inLanguage\":\"ca\",\"potentialAction\":[{\"@type\":\"ReadAction\",\"target\":[\"https:\\\/\\\/www.inverseteams.com\\\/ca\\\/producte\\\/culot-essenz-malta-marine\\\/\"]}]},{\"@type\":\"ImageObject\",\"inLanguage\":\"ca\",\"@id\":\"https:\\\/\\\/www.inverseteams.com\\\/ca\\\/producte\\\/culot-essenz-malta-marine\\\/#primaryimage\",\"url\":\"https:\\\/\\\/www.inverseteams.com\\\/wp-content\\\/uploads\\\/INVERSE-CICLISMO-HOMBRE-CULOTTE-ESSENZ-MALTA-MARINE-001.jpg\",\"contentUrl\":\"https:\\\/\\\/www.inverseteams.com\\\/wp-content\\\/uploads\\\/INVERSE-CICLISMO-HOMBRE-CULOTTE-ESSENZ-MALTA-MARINE-001.jpg\",\"width\":1500,\"height\":1612},{\"@type\":\"BreadcrumbList\",\"@id\":\"https:\\\/\\\/www.inverseteams.com\\\/ca\\\/producte\\\/culot-essenz-malta-marine\\\/#breadcrumb\",\"itemListElement\":[{\"@type\":\"ListItem\",\"position\":1,\"name\":\"Portada\",\"item\":\"https:\\\/\\\/www.inverseteams.com\\\/ca\\\/pagina-principal\\\/\"},{\"@type\":\"ListItem\",\"position\":2,\"name\":\"Botiga\",\"item\":\"https:\\\/\\\/www.inverseteams.com\\\/ca\\\/botiga\\\/\"},{\"@type\":\"ListItem\",\"position\":3,\"name\":\"Culot ESSENZ MALTA MARINE\"}]},{\"@type\":\"WebSite\",\"@id\":\"https:\\\/\\\/www.inverseteams.com\\\/ca\\\/#website\",\"url\":\"https:\\\/\\\/www.inverseteams.com\\\/ca\\\/\",\"name\":\"Inverseteams\",\"description\":\"Tu marca de ropa deportiva personalizada\",\"publisher\":{\"@id\":\"https:\\\/\\\/www.inverseteams.com\\\/ca\\\/#organization\"},\"potentialAction\":[{\"@type\":\"SearchAction\",\"target\":{\"@type\":\"EntryPoint\",\"urlTemplate\":\"https:\\\/\\\/www.inverseteams.com\\\/ca\\\/?s={search_term_string}\"},\"query-input\":{\"@type\":\"PropertyValueSpecification\",\"valueRequired\":true,\"valueName\":\"search_term_string\"}}],\"inLanguage\":\"ca\"},{\"@type\":\"Organization\",\"@id\":\"https:\\\/\\\/www.inverseteams.com\\\/ca\\\/#organization\",\"name\":\"Inverse Teams\",\"url\":\"https:\\\/\\\/www.inverseteams.com\\\/ca\\\/\",\"logo\":{\"@type\":\"ImageObject\",\"inLanguage\":\"ca\",\"@id\":\"https:\\\/\\\/www.inverseteams.com\\\/ca\\\/#\\\/schema\\\/logo\\\/image\\\/\",\"url\":\"https:\\\/\\\/www.inverseteams.com\\\/wp-content\\\/uploads\\\/2021\\\/03\\\/logo-inverse-teams.png\",\"contentUrl\":\"https:\\\/\\\/www.inverseteams.com\\\/wp-content\\\/uploads\\\/2021\\\/03\\\/logo-inverse-teams.png\",\"width\":294,\"height\":99,\"caption\":\"Inverse Teams\"},\"image\":{\"@id\":\"https:\\\/\\\/www.inverseteams.com\\\/ca\\\/#\\\/schema\\\/logo\\\/image\\\/\"},\"sameAs\":[\"https:\\\/\\\/www.facebook.com\\\/inverseteams\",\"http:\\\/\\\/instagram.com\\\/inverseteams\",\"https:\\\/\\\/www.linkedin.com\\\/company\\\/inverse-cirosport-s-l-?trk=job_view_topcard_company_name\",\"http:\\\/\\\/www.pinterest.com\\\/inverseteams\\\/\",\"http:\\\/\\\/www.youtube.com\\\/user\\\/inverseteams?feature=watch\"]}]}<\/script>\n<!-- \/ Yoast SEO plugin. -->","yoast_head_json":{"title":"Culot ESSENZ MALTA MARINE","description":"Aquest culotte vers\u00e0til ha estat dissenyat per acompanyar-te tant en entrenaments exigents com en competici\u00f3, oferint l\u2019equilibri perfecte entre lleugeresa, elasticitat i rendiment.","robots":{"index":"index","follow":"follow","max-snippet":"max-snippet:-1","max-image-preview":"max-image-preview:large","max-video-preview":"max-video-preview:-1"},"canonical":"https:\/\/www.inverseteams.com\/ca\/producte\/culot-essenz-malta-marine\/","og_locale":"ca_ES","og_type":"article","og_title":"Culot ESSENZ MALTA MARINE","og_description":"Aquest culotte vers\u00e0til ha estat dissenyat per acompanyar-te tant en entrenaments exigents com en competici\u00f3, oferint l\u2019equilibri perfecte entre lleugeresa, elasticitat i rendiment.","og_url":"https:\/\/www.inverseteams.com\/ca\/producte\/culot-essenz-malta-marine\/","og_site_name":"Inverseteams","article_publisher":"https:\/\/www.facebook.com\/inverseteams","article_modified_time":"2026-03-05T12:45:48+00:00","og_image":[{"width":1500,"height":1612,"url":"https:\/\/www.inverseteams.com\/wp-content\/uploads\/INVERSE-CICLISMO-HOMBRE-CULOTTE-ESSENZ-MALTA-MARINE-001.jpg","type":"image\/jpeg"}],"twitter_card":"summary_large_image","twitter_misc":{"Temps estimat de lectura":"2 minut"},"schema":{"@context":"https:\/\/schema.org","@graph":[{"@type":"WebPage","@id":"https:\/\/www.inverseteams.com\/ca\/producte\/culot-essenz-malta-marine\/","url":"https:\/\/www.inverseteams.com\/ca\/producte\/culot-essenz-malta-marine\/","name":"Culot ESSENZ MALTA MARINE","isPartOf":{"@id":"https:\/\/www.inverseteams.com\/ca\/#website"},"primaryImageOfPage":{"@id":"https:\/\/www.inverseteams.com\/ca\/producte\/culot-essenz-malta-marine\/#primaryimage"},"image":{"@id":"https:\/\/www.inverseteams.com\/ca\/producte\/culot-essenz-malta-marine\/#primaryimage"},"thumbnailUrl":"https:\/\/www.inverseteams.com\/wp-content\/uploads\/INVERSE-CICLISMO-HOMBRE-CULOTTE-ESSENZ-MALTA-MARINE-001.jpg","datePublished":"2026-03-05T12:09:43+00:00","dateModified":"2026-03-05T12:45:48+00:00","description":"Aquest culotte vers\u00e0til ha estat dissenyat per acompanyar-te tant en entrenaments exigents com en competici\u00f3, oferint l\u2019equilibri perfecte entre lleugeresa, elasticitat i rendiment.","breadcrumb":{"@id":"https:\/\/www.inverseteams.com\/ca\/producte\/culot-essenz-malta-marine\/#breadcrumb"},"inLanguage":"ca","potentialAction":[{"@type":"ReadAction","target":["https:\/\/www.inverseteams.com\/ca\/producte\/culot-essenz-malta-marine\/"]}]},{"@type":"ImageObject","inLanguage":"ca","@id":"https:\/\/www.inverseteams.com\/ca\/producte\/culot-essenz-malta-marine\/#primaryimage","url":"https:\/\/www.inverseteams.com\/wp-content\/uploads\/INVERSE-CICLISMO-HOMBRE-CULOTTE-ESSENZ-MALTA-MARINE-001.jpg","contentUrl":"https:\/\/www.inverseteams.com\/wp-content\/uploads\/INVERSE-CICLISMO-HOMBRE-CULOTTE-ESSENZ-MALTA-MARINE-001.jpg","width":1500,"height":1612},{"@type":"BreadcrumbList","@id":"https:\/\/www.inverseteams.com\/ca\/producte\/culot-essenz-malta-marine\/#breadcrumb","itemListElement":[{"@type":"ListItem","position":1,"name":"Portada","item":"https:\/\/www.inverseteams.com\/ca\/pagina-principal\/"},{"@type":"ListItem","position":2,"name":"Botiga","item":"https:\/\/www.inverseteams.com\/ca\/botiga\/"},{"@type":"ListItem","position":3,"name":"Culot ESSENZ MALTA MARINE"}]},{"@type":"WebSite","@id":"https:\/\/www.inverseteams.com\/ca\/#website","url":"https:\/\/www.inverseteams.com\/ca\/","name":"Inverseteams","description":"Tu marca de ropa deportiva personalizada","publisher":{"@id":"https:\/\/www.inverseteams.com\/ca\/#organization"},"potentialAction":[{"@type":"SearchAction","target":{"@type":"EntryPoint","urlTemplate":"https:\/\/www.inverseteams.com\/ca\/?s={search_term_string}"},"query-input":{"@type":"PropertyValueSpecification","valueRequired":true,"valueName":"search_term_string"}}],"inLanguage":"ca"},{"@type":"Organization","@id":"https:\/\/www.inverseteams.com\/ca\/#organization","name":"Inverse Teams","url":"https:\/\/www.inverseteams.com\/ca\/","logo":{"@type":"ImageObject","inLanguage":"ca","@id":"https:\/\/www.inverseteams.com\/ca\/#\/schema\/logo\/image\/","url":"https:\/\/www.inverseteams.com\/wp-content\/uploads\/2021\/03\/logo-inverse-teams.png","contentUrl":"https:\/\/www.inverseteams.com\/wp-content\/uploads\/2021\/03\/logo-inverse-teams.png","width":294,"height":99,"caption":"Inverse Teams"},"image":{"@id":"https:\/\/www.inverseteams.com\/ca\/#\/schema\/logo\/image\/"},"sameAs":["https:\/\/www.facebook.com\/inverseteams","http:\/\/instagram.com\/inverseteams","https:\/\/www.linkedin.com\/company\/inverse-cirosport-s-l-?trk=job_view_topcard_company_name","http:\/\/www.pinterest.com\/inverseteams\/","http:\/\/www.youtube.com\/user\/inverseteams?feature=watch"]}]}},"_links":{"self":[{"href":"https:\/\/www.inverseteams.com\/ca\/wp-json\/wp\/v2\/product\/279007","targetHints":{"allow":["GET"]}}],"collection":[{"href":"https:\/\/www.inverseteams.com\/ca\/wp-json\/wp\/v2\/product"}],"about":[{"href":"https:\/\/www.inverseteams.com\/ca\/wp-json\/wp\/v2\/types\/product"}],"replies":[{"embeddable":true,"href":"https:\/\/www.inverseteams.com\/ca\/wp-json\/wp\/v2\/comments?post=279007"}],"wp:featuredmedia":[{"embeddable":true,"href":"https:\/\/www.inverseteams.com\/ca\/wp-json\/wp\/v2\/media\/278967"}],"wp:attachment":[{"href":"https:\/\/www.inverseteams.com\/ca\/wp-json\/wp\/v2\/media?parent=279007"}],"wp:term":[{"taxonomy":"product_brand","embeddable":true,"href":"https:\/\/www.inverseteams.com\/ca\/wp-json\/wp\/v2\/product_brand?post=279007"},{"taxonomy":"product_cat","embeddable":true,"href":"https:\/\/www.inverseteams.com\/ca\/wp-json\/wp\/v2\/product_cat?post=279007"},{"taxonomy":"product_tag","embeddable":true,"href":"https:\/\/www.inverseteams.com\/ca\/wp-json\/wp\/v2\/product_tag?post=279007"},{"taxonomy":"custom_category","embeddable":true,"href":"https:\/\/www.inverseteams.com\/ca\/wp-json\/wp\/v2\/custom_category?post=279007"},{"taxonomy":"range","embeddable":true,"href":"https:\/\/www.inverseteams.com\/ca\/wp-json\/wp\/v2\/range?post=279007"}],"curies":[{"name":"wp","href":"https:\/\/api.w.org\/{rel}","templated":true}]}}