{"id":278714,"date":"2026-03-05T10:05:48","date_gmt":"2026-03-05T09:05:48","guid":{"rendered":"https:\/\/www.inverseteams.com\/?post_type=product&#038;p=278714"},"modified":"2026-03-24T14:25:42","modified_gmt":"2026-03-24T13:25:42","slug":"culot-ciclista-motion-sintra-sand","status":"publish","type":"product","link":"https:\/\/www.inverseteams.com\/ca\/producte\/culot-ciclista-motion-sintra-sand\/","title":{"rendered":"Culot ciclista MOTION SINTRA SAND"},"content":{"rendered":"<p>Dissenyat per a ciclistes que busquen el m\u00e0xim rendiment sense renunciar a la comoditat, aquest culotte d\u2019alta gamma redefineix l\u2019experi\u00e8ncia sobre la bicicleta, ja sigui a carretera, gravel o muntanya. Cada detall ha estat pensat per oferir ajust, estabilitat i llibertat de moviment en les rutes m\u00e9s exigents.<br \/>\nLa seva construcci\u00f3 amb el <strong>m\u00ednim nombre de costures redueix la fricci\u00f3 al m\u00e0xim<\/strong>, proporcionant un ajust net i ergon\u00f2mic. L\u2019abs\u00e8ncia de costura a la zona abductora millora notablement la sensaci\u00f3 durant el pedaleig, eliminant punts de pressi\u00f3 i fregaments fins i tot en sortides de llarga durada.<br \/>\nFabricat amb el teixit LYCRA REVOLUTION d\u2019acabat mat, ofereix una compressi\u00f3 equilibrada, una recuperaci\u00f3 excel\u00b7lent i una est\u00e8tica elegant i t\u00e8cnica. La zona lumbar est\u00e0 confeccionada amb un teixit altament transpirable que afavoreix la ventilaci\u00f3 i el control t\u00e8rmic, fins i tot en els dies m\u00e9s calorosos.<br \/>\nIncorpora <strong>dues butxaques el\u00e0stiques a la part lumbar<\/strong>, pr\u00e0ctiques i segures, ideals per transportar petits objectes essencials en les teves rutes. L\u2019acabat amb <strong>tall l\u00e0ser i silicona interior<\/strong> a les camals garanteix un ajust ferm sense oprimir, mantenint el culotte perfectament al seu lloc en tot moment. A m\u00e9s, el detall reflectant a la part posterior de la cuixa millora la visibilitat i la seguretat a la carretera.<br \/>\n<strong>Els tirants de polipropil\u00e8 distribueixen el pes de manera equilibrada, mantenen el culotte estable i ajuden a evitar sobrec\u00e0rregues musculars<\/strong>, proporcionant una subjecci\u00f3 c\u00f2moda i efica\u00e7 durant hores de pedaleig.<br \/>\nAl cor d\u2019aquest culotte es troba la prestigiosa badana Mustang d\u2019Elastic Interface, desenvolupada sota el concepte Zero Friction. El seu disseny amb transicions suaus entre nivells de densitat elimina punts de pressi\u00f3 i millora l\u2019adaptaci\u00f3 al cos. Combina l\u2019escuma Pro Evo, d\u2019alta densitat i gran capacitat de recuperaci\u00f3, amb el teixit reciclat Re-Cycle, oferint el m\u00e0xim confort, rendiment i comprom\u00eds amb la sostenibilitat.<br \/>\n<strong>Un culotte pensat per a qui no negocia la qualitat<\/strong>. Rendiment professional, comoditat superior i disseny t\u00e8cnic per acompanyar-te en cada repte.<\/p>\n","protected":false},"excerpt":{"rendered":"<p>Dissenyat per a ciclistes que busquen el m\u00e0xim rendiment sense renunciar a la comoditat, aquest culotte d\u2019alta gamma redefineix l\u2019experi\u00e8ncia sobre la bicicleta, ja sigui a carretera, gravel o muntanya. Cada detall ha estat pensat per oferir ajust, estabilitat i llibertat de moviment en les rutes m\u00e9s exigents.<br \/>\nLa seva construcci\u00f3 amb el <strong>m\u00ednim nombre de costures redueix la fricci\u00f3 al m\u00e0xim<\/strong>, proporcionant un ajust net i ergon\u00f2mic. L\u2019abs\u00e8ncia de costura a la zona abductora millora notablement la sensaci\u00f3 durant el pedaleig, eliminant punts de pressi\u00f3 i fregaments fins i tot en sortides de llarga durada.<br \/>\nFabricat amb el teixit LYCRA REVOLUTION d\u2019acabat mat, ofereix una compressi\u00f3 equilibrada, una recuperaci\u00f3 excel\u00b7lent i una est\u00e8tica elegant i t\u00e8cnica. La zona lumbar est\u00e0 confeccionada amb un teixit altament transpirable que afavoreix la ventilaci\u00f3 i el control t\u00e8rmic, fins i tot en els dies m\u00e9s calorosos.<br \/>\nIncorpora <strong>dues butxaques el\u00e0stiques a la part lumbar<\/strong>, pr\u00e0ctiques i segures, ideals per transportar petits objectes essencials en les teves rutes. L\u2019acabat amb <strong>tall l\u00e0ser i silicona interior<\/strong> a les camals garanteix un ajust ferm sense oprimir, mantenint el culotte perfectament al seu lloc en tot moment. A m\u00e9s, el detall reflectant a la part posterior de la cuixa millora la visibilitat i la seguretat a la carretera.<br \/>\n<strong>Els tirants de polipropil\u00e8 distribueixen el pes de manera equilibrada, mantenen el culotte estable i ajuden a evitar sobrec\u00e0rregues musculars<\/strong>, proporcionant una subjecci\u00f3 c\u00f2moda i efica\u00e7 durant hores de pedaleig.<br \/>\nAl cor d\u2019aquest culotte es troba la prestigiosa badana Mustang d\u2019Elastic Interface, desenvolupada sota el concepte Zero Friction. El seu disseny amb transicions suaus entre nivells de densitat elimina punts de pressi\u00f3 i millora l\u2019adaptaci\u00f3 al cos. Combina l\u2019escuma Pro Evo, d\u2019alta densitat i gran capacitat de recuperaci\u00f3, amb el teixit reciclat Re-Cycle, oferint el m\u00e0xim confort, rendiment i comprom\u00eds amb la sostenibilitat.<br \/>\n<strong>Un culotte pensat per a qui no negocia la qualitat<\/strong>. Rendiment professional, comoditat superior i disseny t\u00e8cnic per acompanyar-te en cada repte.<\/p>\n","protected":false},"featured_media":278774,"comment_status":"closed","ping_status":"closed","template":"","meta":{"_acf_changed":false},"product_brand":[],"product_cat":[4110,4126,9947,7175],"product_tag":[],"custom_category":[],"range":[],"class_list":{"0":"post-278714","1":"product","2":"type-product","3":"status-publish","4":"has-post-thumbnail","6":"product_cat-ciclisme","7":"product_cat-culotte-ciclista-ca","8":"product_cat-gravel-cat","9":"product_cat-b2b-ca","10":"pa_climatologia-calor-ca","11":"pa_climatologia-temperatura-temperada","12":"pa_deporte-gravel-ca","13":"pa_deporte-ciclisme","14":"pa_genero-home","15":"pa_patronaje-fit-ca","16":"pa_talla-m-ca","17":"pa_talla-s-ca","18":"pa_talla-xl-ca","19":"pa_talla-xxl-ca","20":"pa_talla-l-ca","21":"pa_tipo-de-prenda-culot-curt","23":"first","24":"instock","25":"taxable","26":"shipping-taxable","27":"purchasable","28":"product-type-variable","29":"has-default-attributes"},"acf":[],"yoast_head":"<!-- This site is optimized with the Yoast SEO plugin v27.3 - https:\/\/yoast.com\/product\/yoast-seo-wordpress\/ -->\n<title>Culot ciclista MOTION SINTRA SAND (HOME)<\/title>\n<meta name=\"description\" content=\"Dissenyat per a ciclistes que busquen el m\u00e0xim rendiment sense renunciar a la comoditat, aquest culotte d\u2019alta gamma redefineix l\u2019experi\u00e8ncia sobre la bicicleta, ja sigui a carretera, gravel o muntanya.\" \/>\n<meta name=\"robots\" content=\"index, follow, max-snippet:-1, max-image-preview:large, max-video-preview:-1\" \/>\n<link rel=\"canonical\" href=\"https:\/\/www.inverseteams.com\/ca\/producte\/culot-ciclista-motion-sintra-sand\/\" \/>\n<meta property=\"og:locale\" content=\"ca_ES\" \/>\n<meta property=\"og:type\" content=\"article\" \/>\n<meta property=\"og:title\" content=\"Culot ciclista MOTION SINTRA SAND (HOME)\" \/>\n<meta property=\"og:description\" content=\"Dissenyat per a ciclistes que busquen el m\u00e0xim rendiment sense renunciar a la comoditat, aquest culotte d\u2019alta gamma redefineix l\u2019experi\u00e8ncia sobre la bicicleta, ja sigui a carretera, gravel o muntanya.\" \/>\n<meta property=\"og:url\" content=\"https:\/\/www.inverseteams.com\/ca\/producte\/culot-ciclista-motion-sintra-sand\/\" \/>\n<meta property=\"og:site_name\" content=\"Inverseteams\" \/>\n<meta property=\"article:publisher\" content=\"https:\/\/www.facebook.com\/inverseteams\" \/>\n<meta property=\"article:modified_time\" content=\"2026-03-24T13:25:42+00:00\" \/>\n<meta property=\"og:image\" content=\"https:\/\/www.inverseteams.com\/wp-content\/uploads\/INVERSE-CICLISMO-HOMBRE-CULOTTE-MOTION-SINTRA-SAND-001.jpg\" \/>\n\t<meta property=\"og:image:width\" content=\"1500\" \/>\n\t<meta property=\"og:image:height\" content=\"1612\" \/>\n\t<meta property=\"og:image:type\" content=\"image\/jpeg\" \/>\n<meta name=\"twitter:card\" content=\"summary_large_image\" \/>\n<meta name=\"twitter:label1\" content=\"Temps estimat de lectura\" \/>\n\t<meta name=\"twitter:data1\" content=\"2 minut\" \/>\n<script type=\"application\/ld+json\" class=\"yoast-schema-graph\">{\"@context\":\"https:\\\/\\\/schema.org\",\"@graph\":[{\"@type\":\"WebPage\",\"@id\":\"https:\\\/\\\/www.inverseteams.com\\\/ca\\\/producte\\\/culot-ciclista-motion-sintra-sand\\\/\",\"url\":\"https:\\\/\\\/www.inverseteams.com\\\/ca\\\/producte\\\/culot-ciclista-motion-sintra-sand\\\/\",\"name\":\"Culot ciclista MOTION SINTRA SAND (HOME)\",\"isPartOf\":{\"@id\":\"https:\\\/\\\/www.inverseteams.com\\\/ca\\\/#website\"},\"primaryImageOfPage\":{\"@id\":\"https:\\\/\\\/www.inverseteams.com\\\/ca\\\/producte\\\/culot-ciclista-motion-sintra-sand\\\/#primaryimage\"},\"image\":{\"@id\":\"https:\\\/\\\/www.inverseteams.com\\\/ca\\\/producte\\\/culot-ciclista-motion-sintra-sand\\\/#primaryimage\"},\"thumbnailUrl\":\"https:\\\/\\\/www.inverseteams.com\\\/wp-content\\\/uploads\\\/INVERSE-CICLISMO-HOMBRE-CULOTTE-MOTION-SINTRA-SAND-001.jpg\",\"datePublished\":\"2026-03-05T09:05:48+00:00\",\"dateModified\":\"2026-03-24T13:25:42+00:00\",\"description\":\"Dissenyat per a ciclistes que busquen el m\u00e0xim rendiment sense renunciar a la comoditat, aquest culotte d\u2019alta gamma redefineix l\u2019experi\u00e8ncia sobre la bicicleta, ja sigui a carretera, gravel o muntanya.\",\"breadcrumb\":{\"@id\":\"https:\\\/\\\/www.inverseteams.com\\\/ca\\\/producte\\\/culot-ciclista-motion-sintra-sand\\\/#breadcrumb\"},\"inLanguage\":\"ca\",\"potentialAction\":[{\"@type\":\"ReadAction\",\"target\":[\"https:\\\/\\\/www.inverseteams.com\\\/ca\\\/producte\\\/culot-ciclista-motion-sintra-sand\\\/\"]}]},{\"@type\":\"ImageObject\",\"inLanguage\":\"ca\",\"@id\":\"https:\\\/\\\/www.inverseteams.com\\\/ca\\\/producte\\\/culot-ciclista-motion-sintra-sand\\\/#primaryimage\",\"url\":\"https:\\\/\\\/www.inverseteams.com\\\/wp-content\\\/uploads\\\/INVERSE-CICLISMO-HOMBRE-CULOTTE-MOTION-SINTRA-SAND-001.jpg\",\"contentUrl\":\"https:\\\/\\\/www.inverseteams.com\\\/wp-content\\\/uploads\\\/INVERSE-CICLISMO-HOMBRE-CULOTTE-MOTION-SINTRA-SAND-001.jpg\",\"width\":1500,\"height\":1612},{\"@type\":\"BreadcrumbList\",\"@id\":\"https:\\\/\\\/www.inverseteams.com\\\/ca\\\/producte\\\/culot-ciclista-motion-sintra-sand\\\/#breadcrumb\",\"itemListElement\":[{\"@type\":\"ListItem\",\"position\":1,\"name\":\"Portada\",\"item\":\"https:\\\/\\\/www.inverseteams.com\\\/ca\\\/pagina-principal\\\/\"},{\"@type\":\"ListItem\",\"position\":2,\"name\":\"Botiga\",\"item\":\"https:\\\/\\\/www.inverseteams.com\\\/ca\\\/botiga\\\/\"},{\"@type\":\"ListItem\",\"position\":3,\"name\":\"Culot ciclista MOTION SINTRA SAND\"}]},{\"@type\":\"WebSite\",\"@id\":\"https:\\\/\\\/www.inverseteams.com\\\/ca\\\/#website\",\"url\":\"https:\\\/\\\/www.inverseteams.com\\\/ca\\\/\",\"name\":\"Inverseteams\",\"description\":\"Tu marca de ropa deportiva personalizada\",\"publisher\":{\"@id\":\"https:\\\/\\\/www.inverseteams.com\\\/ca\\\/#organization\"},\"potentialAction\":[{\"@type\":\"SearchAction\",\"target\":{\"@type\":\"EntryPoint\",\"urlTemplate\":\"https:\\\/\\\/www.inverseteams.com\\\/ca\\\/?s={search_term_string}\"},\"query-input\":{\"@type\":\"PropertyValueSpecification\",\"valueRequired\":true,\"valueName\":\"search_term_string\"}}],\"inLanguage\":\"ca\"},{\"@type\":\"Organization\",\"@id\":\"https:\\\/\\\/www.inverseteams.com\\\/ca\\\/#organization\",\"name\":\"Inverse Teams\",\"url\":\"https:\\\/\\\/www.inverseteams.com\\\/ca\\\/\",\"logo\":{\"@type\":\"ImageObject\",\"inLanguage\":\"ca\",\"@id\":\"https:\\\/\\\/www.inverseteams.com\\\/ca\\\/#\\\/schema\\\/logo\\\/image\\\/\",\"url\":\"http:\\\/\\\/www.inverseteams.com\\\/wp-content\\\/uploads\\\/2021\\\/03\\\/logo-inverse-teams.png\",\"contentUrl\":\"http:\\\/\\\/www.inverseteams.com\\\/wp-content\\\/uploads\\\/2021\\\/03\\\/logo-inverse-teams.png\",\"width\":294,\"height\":99,\"caption\":\"Inverse Teams\"},\"image\":{\"@id\":\"https:\\\/\\\/www.inverseteams.com\\\/ca\\\/#\\\/schema\\\/logo\\\/image\\\/\"},\"sameAs\":[\"https:\\\/\\\/www.facebook.com\\\/inverseteams\",\"http:\\\/\\\/instagram.com\\\/inverseteams\",\"https:\\\/\\\/www.linkedin.com\\\/company\\\/inverse-cirosport-s-l-?trk=job_view_topcard_company_name\",\"http:\\\/\\\/www.pinterest.com\\\/inverseteams\\\/\",\"http:\\\/\\\/www.youtube.com\\\/user\\\/inverseteams?feature=watch\"]}]}<\/script>\n<!-- \/ Yoast SEO plugin. -->","yoast_head_json":{"title":"Culot ciclista MOTION SINTRA SAND (HOME)","description":"Dissenyat per a ciclistes que busquen el m\u00e0xim rendiment sense renunciar a la comoditat, aquest culotte d\u2019alta gamma redefineix l\u2019experi\u00e8ncia sobre la bicicleta, ja sigui a carretera, gravel o muntanya.","robots":{"index":"index","follow":"follow","max-snippet":"max-snippet:-1","max-image-preview":"max-image-preview:large","max-video-preview":"max-video-preview:-1"},"canonical":"https:\/\/www.inverseteams.com\/ca\/producte\/culot-ciclista-motion-sintra-sand\/","og_locale":"ca_ES","og_type":"article","og_title":"Culot ciclista MOTION SINTRA SAND (HOME)","og_description":"Dissenyat per a ciclistes que busquen el m\u00e0xim rendiment sense renunciar a la comoditat, aquest culotte d\u2019alta gamma redefineix l\u2019experi\u00e8ncia sobre la bicicleta, ja sigui a carretera, gravel o muntanya.","og_url":"https:\/\/www.inverseteams.com\/ca\/producte\/culot-ciclista-motion-sintra-sand\/","og_site_name":"Inverseteams","article_publisher":"https:\/\/www.facebook.com\/inverseteams","article_modified_time":"2026-03-24T13:25:42+00:00","og_image":[{"width":1500,"height":1612,"url":"https:\/\/www.inverseteams.com\/wp-content\/uploads\/INVERSE-CICLISMO-HOMBRE-CULOTTE-MOTION-SINTRA-SAND-001.jpg","type":"image\/jpeg"}],"twitter_card":"summary_large_image","twitter_misc":{"Temps estimat de lectura":"2 minut"},"schema":{"@context":"https:\/\/schema.org","@graph":[{"@type":"WebPage","@id":"https:\/\/www.inverseteams.com\/ca\/producte\/culot-ciclista-motion-sintra-sand\/","url":"https:\/\/www.inverseteams.com\/ca\/producte\/culot-ciclista-motion-sintra-sand\/","name":"Culot ciclista MOTION SINTRA SAND (HOME)","isPartOf":{"@id":"https:\/\/www.inverseteams.com\/ca\/#website"},"primaryImageOfPage":{"@id":"https:\/\/www.inverseteams.com\/ca\/producte\/culot-ciclista-motion-sintra-sand\/#primaryimage"},"image":{"@id":"https:\/\/www.inverseteams.com\/ca\/producte\/culot-ciclista-motion-sintra-sand\/#primaryimage"},"thumbnailUrl":"https:\/\/www.inverseteams.com\/wp-content\/uploads\/INVERSE-CICLISMO-HOMBRE-CULOTTE-MOTION-SINTRA-SAND-001.jpg","datePublished":"2026-03-05T09:05:48+00:00","dateModified":"2026-03-24T13:25:42+00:00","description":"Dissenyat per a ciclistes que busquen el m\u00e0xim rendiment sense renunciar a la comoditat, aquest culotte d\u2019alta gamma redefineix l\u2019experi\u00e8ncia sobre la bicicleta, ja sigui a carretera, gravel o muntanya.","breadcrumb":{"@id":"https:\/\/www.inverseteams.com\/ca\/producte\/culot-ciclista-motion-sintra-sand\/#breadcrumb"},"inLanguage":"ca","potentialAction":[{"@type":"ReadAction","target":["https:\/\/www.inverseteams.com\/ca\/producte\/culot-ciclista-motion-sintra-sand\/"]}]},{"@type":"ImageObject","inLanguage":"ca","@id":"https:\/\/www.inverseteams.com\/ca\/producte\/culot-ciclista-motion-sintra-sand\/#primaryimage","url":"https:\/\/www.inverseteams.com\/wp-content\/uploads\/INVERSE-CICLISMO-HOMBRE-CULOTTE-MOTION-SINTRA-SAND-001.jpg","contentUrl":"https:\/\/www.inverseteams.com\/wp-content\/uploads\/INVERSE-CICLISMO-HOMBRE-CULOTTE-MOTION-SINTRA-SAND-001.jpg","width":1500,"height":1612},{"@type":"BreadcrumbList","@id":"https:\/\/www.inverseteams.com\/ca\/producte\/culot-ciclista-motion-sintra-sand\/#breadcrumb","itemListElement":[{"@type":"ListItem","position":1,"name":"Portada","item":"https:\/\/www.inverseteams.com\/ca\/pagina-principal\/"},{"@type":"ListItem","position":2,"name":"Botiga","item":"https:\/\/www.inverseteams.com\/ca\/botiga\/"},{"@type":"ListItem","position":3,"name":"Culot ciclista MOTION SINTRA SAND"}]},{"@type":"WebSite","@id":"https:\/\/www.inverseteams.com\/ca\/#website","url":"https:\/\/www.inverseteams.com\/ca\/","name":"Inverseteams","description":"Tu marca de ropa deportiva personalizada","publisher":{"@id":"https:\/\/www.inverseteams.com\/ca\/#organization"},"potentialAction":[{"@type":"SearchAction","target":{"@type":"EntryPoint","urlTemplate":"https:\/\/www.inverseteams.com\/ca\/?s={search_term_string}"},"query-input":{"@type":"PropertyValueSpecification","valueRequired":true,"valueName":"search_term_string"}}],"inLanguage":"ca"},{"@type":"Organization","@id":"https:\/\/www.inverseteams.com\/ca\/#organization","name":"Inverse Teams","url":"https:\/\/www.inverseteams.com\/ca\/","logo":{"@type":"ImageObject","inLanguage":"ca","@id":"https:\/\/www.inverseteams.com\/ca\/#\/schema\/logo\/image\/","url":"https:\/\/www.inverseteams.com\/wp-content\/uploads\/2021\/03\/logo-inverse-teams.png","contentUrl":"https:\/\/www.inverseteams.com\/wp-content\/uploads\/2021\/03\/logo-inverse-teams.png","width":294,"height":99,"caption":"Inverse Teams"},"image":{"@id":"https:\/\/www.inverseteams.com\/ca\/#\/schema\/logo\/image\/"},"sameAs":["https:\/\/www.facebook.com\/inverseteams","http:\/\/instagram.com\/inverseteams","https:\/\/www.linkedin.com\/company\/inverse-cirosport-s-l-?trk=job_view_topcard_company_name","http:\/\/www.pinterest.com\/inverseteams\/","http:\/\/www.youtube.com\/user\/inverseteams?feature=watch"]}]}},"_links":{"self":[{"href":"https:\/\/www.inverseteams.com\/ca\/wp-json\/wp\/v2\/product\/278714","targetHints":{"allow":["GET"]}}],"collection":[{"href":"https:\/\/www.inverseteams.com\/ca\/wp-json\/wp\/v2\/product"}],"about":[{"href":"https:\/\/www.inverseteams.com\/ca\/wp-json\/wp\/v2\/types\/product"}],"replies":[{"embeddable":true,"href":"https:\/\/www.inverseteams.com\/ca\/wp-json\/wp\/v2\/comments?post=278714"}],"wp:featuredmedia":[{"embeddable":true,"href":"https:\/\/www.inverseteams.com\/ca\/wp-json\/wp\/v2\/media\/278774"}],"wp:attachment":[{"href":"https:\/\/www.inverseteams.com\/ca\/wp-json\/wp\/v2\/media?parent=278714"}],"wp:term":[{"taxonomy":"product_brand","embeddable":true,"href":"https:\/\/www.inverseteams.com\/ca\/wp-json\/wp\/v2\/product_brand?post=278714"},{"taxonomy":"product_cat","embeddable":true,"href":"https:\/\/www.inverseteams.com\/ca\/wp-json\/wp\/v2\/product_cat?post=278714"},{"taxonomy":"product_tag","embeddable":true,"href":"https:\/\/www.inverseteams.com\/ca\/wp-json\/wp\/v2\/product_tag?post=278714"},{"taxonomy":"custom_category","embeddable":true,"href":"https:\/\/www.inverseteams.com\/ca\/wp-json\/wp\/v2\/custom_category?post=278714"},{"taxonomy":"range","embeddable":true,"href":"https:\/\/www.inverseteams.com\/ca\/wp-json\/wp\/v2\/range?post=278714"}],"curies":[{"name":"wp","href":"https:\/\/api.w.org\/{rel}","templated":true}]}}