{"id":278602,"date":"2026-03-03T18:07:18","date_gmt":"2026-03-03T17:07:18","guid":{"rendered":"https:\/\/www.inverseteams.com\/?post_type=product&#038;p=278602"},"modified":"2026-03-03T18:28:01","modified_gmt":"2026-03-03T17:28:01","slug":"mallot-outter-logan","status":"publish","type":"product","link":"https:\/\/www.inverseteams.com\/ca\/producte\/mallot-outter-logan\/","title":{"rendered":"Mallot OUTTER LOGAN"},"content":{"rendered":"<p>El nou mallot-samarreta de ciclisme OUTTER est\u00e0 dissenyat per a qui ent\u00e9n la bicicleta com una manera de <strong>descobrir, desconnectar i viure el cam\u00ed amb llibertat<\/strong>. Perfecte per a sortides tranquil\u00b7les, excursions, rutes de bikepacking o simplement per rodar sense pressi\u00f3, combina funcionalitat t\u00e8cnica amb un estil modern i desenfadat.<br \/>\n<strong>El seu tall modern relaxed fit ofereix una sensaci\u00f3 c\u00f2moda i natural sobre la bici<\/strong>, permetent total llibertat de moviments. El patronatge incorpora dos talls laterals que milloren la mobilitat i aporten flu\u00efdesa a cada pedalada, adaptant-se a diferents postures i ritmes.<br \/>\nEst\u00e0 confeccionat amb <strong>dos teixits t\u00e8cnics antiabrasi\u00f3 i antipeeling<\/strong>, pensats per resistir l\u2019\u00fas prolongat i el contacte amb motxilles o bosses de bikepacking, mantenint el seu aspecte i rendiment sortida rere sortida. A m\u00e9s, el teixit m\u00e9s obert a la zona de les aixelles incrementa la transpirabilitat, afavorint la ventilaci\u00f3 i convertint-lo en una pe\u00e7a especialment fresca per als dies c\u00e0lids.<br \/>\nA la part lumbar incorpora <strong>dues butxaques posteriors de gran capacitat<\/strong>, ideals per portar l\u2019essencial en rutes llargues. Una d\u2019elles disposa de cremallera per oferir m\u00e9s seguretat als objectes personals. A la part frontal, una petita cremallera imantada amb sistema antipull facilita la regulaci\u00f3 de la ventilaci\u00f3 i ajuda a expulsar la suor quan la intensitat augmenta, evitant obertures involunt\u00e0ries.<br \/>\n<strong>Frescor, comoditat i versatilitat<\/strong> en una pe\u00e7a pensada per gaudir del ciclisme sense l\u00edmits ni presses. Un mallot-samarreta que t\u2019acompanya on la carretera acaba i comen\u00e7a l\u2019aventura.<\/p>\n","protected":false},"excerpt":{"rendered":"<p>El nou mallot-samarreta de ciclisme OUTTER est\u00e0 dissenyat per a qui ent\u00e9n la bicicleta com una manera de <strong>descobrir, desconnectar i viure el cam\u00ed amb llibertat<\/strong>. Perfecte per a sortides tranquil\u00b7les, excursions, rutes de bikepacking o simplement per rodar sense pressi\u00f3, combina funcionalitat t\u00e8cnica amb un estil modern i desenfadat.<br \/>\n<strong>El seu tall modern relaxed fit ofereix una sensaci\u00f3 c\u00f2moda i natural sobre la bici<\/strong>, permetent total llibertat de moviments. El patronatge incorpora dos talls laterals que milloren la mobilitat i aporten flu\u00efdesa a cada pedalada, adaptant-se a diferents postures i ritmes.<br \/>\nEst\u00e0 confeccionat amb <strong>dos teixits t\u00e8cnics antiabrasi\u00f3 i antipeeling<\/strong>, pensats per resistir l\u2019\u00fas prolongat i el contacte amb motxilles o bosses de bikepacking, mantenint el seu aspecte i rendiment sortida rere sortida. A m\u00e9s, el teixit m\u00e9s obert a la zona de les aixelles incrementa la transpirabilitat, afavorint la ventilaci\u00f3 i convertint-lo en una pe\u00e7a especialment fresca per als dies c\u00e0lids.<br \/>\nA la part lumbar incorpora <strong>dues butxaques posteriors de gran capacitat<\/strong>, ideals per portar l\u2019essencial en rutes llargues. Una d\u2019elles disposa de cremallera per oferir m\u00e9s seguretat als objectes personals. A la part frontal, una petita cremallera imantada amb sistema antipull facilita la regulaci\u00f3 de la ventilaci\u00f3 i ajuda a expulsar la suor quan la intensitat augmenta, evitant obertures involunt\u00e0ries.<br \/>\n<strong>Frescor, comoditat i versatilitat<\/strong> en una pe\u00e7a pensada per gaudir del ciclisme sense l\u00edmits ni presses. Un mallot-samarreta que t\u2019acompanya on la carretera acaba i comen\u00e7a l\u2019aventura.<\/p>\n","protected":false},"featured_media":278627,"comment_status":"closed","ping_status":"closed","template":"","meta":{"_acf_changed":false},"product_brand":[],"product_cat":[4110,4120,7175],"product_tag":[],"custom_category":[],"range":[],"class_list":{"0":"post-278602","1":"product","2":"type-product","3":"status-publish","4":"has-post-thumbnail","6":"product_cat-ciclisme","7":"product_cat-mallot-ciclista","8":"product_cat-b2b-ca","9":"pa_climatologia-calor-ca","10":"pa_deporte-ciclisme","11":"pa_genero-home","12":"pa_patronaje-casual-ca","13":"pa_talla-m-ca","14":"pa_talla-s-ca","15":"pa_talla-xl-ca","16":"pa_talla-xxl-ca","17":"pa_talla-l-ca","18":"pa_tipo-de-prenda-mallot-maniga-curta","20":"first","21":"instock","22":"taxable","23":"shipping-taxable","24":"purchasable","25":"product-type-variable","26":"has-default-attributes"},"acf":[],"yoast_head":"<!-- This site is optimized with the Yoast SEO plugin v27.3 - https:\/\/yoast.com\/product\/yoast-seo-wordpress\/ -->\n<title>Mallot OUTTER LOGAN (HOME)<\/title>\n<meta name=\"description\" content=\"Confeccionat amb un \u00fanic teixit ultra suau i agradable al contacte amb la pell, ofereix una sensaci\u00f3 lleugera i envoltant des del primer moment.\" \/>\n<meta name=\"robots\" content=\"index, follow, max-snippet:-1, max-image-preview:large, max-video-preview:-1\" \/>\n<link rel=\"canonical\" href=\"https:\/\/www.inverseteams.com\/ca\/producte\/mallot-outter-logan\/\" \/>\n<meta property=\"og:locale\" content=\"ca_ES\" \/>\n<meta property=\"og:type\" content=\"article\" \/>\n<meta property=\"og:title\" content=\"Mallot OUTTER LOGAN (HOME)\" \/>\n<meta property=\"og:description\" content=\"Confeccionat amb un \u00fanic teixit ultra suau i agradable al contacte amb la pell, ofereix una sensaci\u00f3 lleugera i envoltant des del primer moment.\" \/>\n<meta property=\"og:url\" content=\"https:\/\/www.inverseteams.com\/ca\/producte\/mallot-outter-logan\/\" \/>\n<meta property=\"og:site_name\" content=\"Inverseteams\" \/>\n<meta property=\"article:publisher\" content=\"https:\/\/www.facebook.com\/inverseteams\" \/>\n<meta property=\"article:modified_time\" content=\"2026-03-03T17:28:01+00:00\" \/>\n<meta property=\"og:image\" content=\"https:\/\/www.inverseteams.com\/wp-content\/uploads\/INVERSE-CICLISMO-HOMBRE-MAILLOT-OUTTER-LOGAN-TAUPE-001.jpg\" \/>\n\t<meta property=\"og:image:width\" content=\"1500\" \/>\n\t<meta property=\"og:image:height\" content=\"1612\" \/>\n\t<meta property=\"og:image:type\" content=\"image\/jpeg\" \/>\n<meta name=\"twitter:card\" content=\"summary_large_image\" \/>\n<meta name=\"twitter:label1\" content=\"Temps estimat de lectura\" \/>\n\t<meta name=\"twitter:data1\" content=\"2 minut\" \/>\n<script type=\"application\/ld+json\" class=\"yoast-schema-graph\">{\"@context\":\"https:\\\/\\\/schema.org\",\"@graph\":[{\"@type\":\"WebPage\",\"@id\":\"https:\\\/\\\/www.inverseteams.com\\\/ca\\\/producte\\\/mallot-outter-logan\\\/\",\"url\":\"https:\\\/\\\/www.inverseteams.com\\\/ca\\\/producte\\\/mallot-outter-logan\\\/\",\"name\":\"Mallot OUTTER LOGAN (HOME)\",\"isPartOf\":{\"@id\":\"https:\\\/\\\/www.inverseteams.com\\\/ca\\\/#website\"},\"primaryImageOfPage\":{\"@id\":\"https:\\\/\\\/www.inverseteams.com\\\/ca\\\/producte\\\/mallot-outter-logan\\\/#primaryimage\"},\"image\":{\"@id\":\"https:\\\/\\\/www.inverseteams.com\\\/ca\\\/producte\\\/mallot-outter-logan\\\/#primaryimage\"},\"thumbnailUrl\":\"https:\\\/\\\/www.inverseteams.com\\\/wp-content\\\/uploads\\\/INVERSE-CICLISMO-HOMBRE-MAILLOT-OUTTER-LOGAN-TAUPE-001.jpg\",\"datePublished\":\"2026-03-03T17:07:18+00:00\",\"dateModified\":\"2026-03-03T17:28:01+00:00\",\"description\":\"Confeccionat amb un \u00fanic teixit ultra suau i agradable al contacte amb la pell, ofereix una sensaci\u00f3 lleugera i envoltant des del primer moment.\",\"breadcrumb\":{\"@id\":\"https:\\\/\\\/www.inverseteams.com\\\/ca\\\/producte\\\/mallot-outter-logan\\\/#breadcrumb\"},\"inLanguage\":\"ca\",\"potentialAction\":[{\"@type\":\"ReadAction\",\"target\":[\"https:\\\/\\\/www.inverseteams.com\\\/ca\\\/producte\\\/mallot-outter-logan\\\/\"]}]},{\"@type\":\"ImageObject\",\"inLanguage\":\"ca\",\"@id\":\"https:\\\/\\\/www.inverseteams.com\\\/ca\\\/producte\\\/mallot-outter-logan\\\/#primaryimage\",\"url\":\"https:\\\/\\\/www.inverseteams.com\\\/wp-content\\\/uploads\\\/INVERSE-CICLISMO-HOMBRE-MAILLOT-OUTTER-LOGAN-TAUPE-001.jpg\",\"contentUrl\":\"https:\\\/\\\/www.inverseteams.com\\\/wp-content\\\/uploads\\\/INVERSE-CICLISMO-HOMBRE-MAILLOT-OUTTER-LOGAN-TAUPE-001.jpg\",\"width\":1500,\"height\":1612},{\"@type\":\"BreadcrumbList\",\"@id\":\"https:\\\/\\\/www.inverseteams.com\\\/ca\\\/producte\\\/mallot-outter-logan\\\/#breadcrumb\",\"itemListElement\":[{\"@type\":\"ListItem\",\"position\":1,\"name\":\"Portada\",\"item\":\"https:\\\/\\\/www.inverseteams.com\\\/ca\\\/pagina-principal\\\/\"},{\"@type\":\"ListItem\",\"position\":2,\"name\":\"Botiga\",\"item\":\"https:\\\/\\\/www.inverseteams.com\\\/ca\\\/botiga\\\/\"},{\"@type\":\"ListItem\",\"position\":3,\"name\":\"Mallot OUTTER LOGAN\"}]},{\"@type\":\"WebSite\",\"@id\":\"https:\\\/\\\/www.inverseteams.com\\\/ca\\\/#website\",\"url\":\"https:\\\/\\\/www.inverseteams.com\\\/ca\\\/\",\"name\":\"Inverseteams\",\"description\":\"Tu marca de ropa deportiva personalizada\",\"publisher\":{\"@id\":\"https:\\\/\\\/www.inverseteams.com\\\/ca\\\/#organization\"},\"potentialAction\":[{\"@type\":\"SearchAction\",\"target\":{\"@type\":\"EntryPoint\",\"urlTemplate\":\"https:\\\/\\\/www.inverseteams.com\\\/ca\\\/?s={search_term_string}\"},\"query-input\":{\"@type\":\"PropertyValueSpecification\",\"valueRequired\":true,\"valueName\":\"search_term_string\"}}],\"inLanguage\":\"ca\"},{\"@type\":\"Organization\",\"@id\":\"https:\\\/\\\/www.inverseteams.com\\\/ca\\\/#organization\",\"name\":\"Inverse Teams\",\"url\":\"https:\\\/\\\/www.inverseteams.com\\\/ca\\\/\",\"logo\":{\"@type\":\"ImageObject\",\"inLanguage\":\"ca\",\"@id\":\"https:\\\/\\\/www.inverseteams.com\\\/ca\\\/#\\\/schema\\\/logo\\\/image\\\/\",\"url\":\"http:\\\/\\\/www.inverseteams.com\\\/wp-content\\\/uploads\\\/2021\\\/03\\\/logo-inverse-teams.png\",\"contentUrl\":\"http:\\\/\\\/www.inverseteams.com\\\/wp-content\\\/uploads\\\/2021\\\/03\\\/logo-inverse-teams.png\",\"width\":294,\"height\":99,\"caption\":\"Inverse Teams\"},\"image\":{\"@id\":\"https:\\\/\\\/www.inverseteams.com\\\/ca\\\/#\\\/schema\\\/logo\\\/image\\\/\"},\"sameAs\":[\"https:\\\/\\\/www.facebook.com\\\/inverseteams\",\"http:\\\/\\\/instagram.com\\\/inverseteams\",\"https:\\\/\\\/www.linkedin.com\\\/company\\\/inverse-cirosport-s-l-?trk=job_view_topcard_company_name\",\"http:\\\/\\\/www.pinterest.com\\\/inverseteams\\\/\",\"http:\\\/\\\/www.youtube.com\\\/user\\\/inverseteams?feature=watch\"]}]}<\/script>\n<!-- \/ Yoast SEO plugin. -->","yoast_head_json":{"title":"Mallot OUTTER LOGAN (HOME)","description":"Confeccionat amb un \u00fanic teixit ultra suau i agradable al contacte amb la pell, ofereix una sensaci\u00f3 lleugera i envoltant des del primer moment.","robots":{"index":"index","follow":"follow","max-snippet":"max-snippet:-1","max-image-preview":"max-image-preview:large","max-video-preview":"max-video-preview:-1"},"canonical":"https:\/\/www.inverseteams.com\/ca\/producte\/mallot-outter-logan\/","og_locale":"ca_ES","og_type":"article","og_title":"Mallot OUTTER LOGAN (HOME)","og_description":"Confeccionat amb un \u00fanic teixit ultra suau i agradable al contacte amb la pell, ofereix una sensaci\u00f3 lleugera i envoltant des del primer moment.","og_url":"https:\/\/www.inverseteams.com\/ca\/producte\/mallot-outter-logan\/","og_site_name":"Inverseteams","article_publisher":"https:\/\/www.facebook.com\/inverseteams","article_modified_time":"2026-03-03T17:28:01+00:00","og_image":[{"width":1500,"height":1612,"url":"https:\/\/www.inverseteams.com\/wp-content\/uploads\/INVERSE-CICLISMO-HOMBRE-MAILLOT-OUTTER-LOGAN-TAUPE-001.jpg","type":"image\/jpeg"}],"twitter_card":"summary_large_image","twitter_misc":{"Temps estimat de lectura":"2 minut"},"schema":{"@context":"https:\/\/schema.org","@graph":[{"@type":"WebPage","@id":"https:\/\/www.inverseteams.com\/ca\/producte\/mallot-outter-logan\/","url":"https:\/\/www.inverseteams.com\/ca\/producte\/mallot-outter-logan\/","name":"Mallot OUTTER LOGAN (HOME)","isPartOf":{"@id":"https:\/\/www.inverseteams.com\/ca\/#website"},"primaryImageOfPage":{"@id":"https:\/\/www.inverseteams.com\/ca\/producte\/mallot-outter-logan\/#primaryimage"},"image":{"@id":"https:\/\/www.inverseteams.com\/ca\/producte\/mallot-outter-logan\/#primaryimage"},"thumbnailUrl":"https:\/\/www.inverseteams.com\/wp-content\/uploads\/INVERSE-CICLISMO-HOMBRE-MAILLOT-OUTTER-LOGAN-TAUPE-001.jpg","datePublished":"2026-03-03T17:07:18+00:00","dateModified":"2026-03-03T17:28:01+00:00","description":"Confeccionat amb un \u00fanic teixit ultra suau i agradable al contacte amb la pell, ofereix una sensaci\u00f3 lleugera i envoltant des del primer moment.","breadcrumb":{"@id":"https:\/\/www.inverseteams.com\/ca\/producte\/mallot-outter-logan\/#breadcrumb"},"inLanguage":"ca","potentialAction":[{"@type":"ReadAction","target":["https:\/\/www.inverseteams.com\/ca\/producte\/mallot-outter-logan\/"]}]},{"@type":"ImageObject","inLanguage":"ca","@id":"https:\/\/www.inverseteams.com\/ca\/producte\/mallot-outter-logan\/#primaryimage","url":"https:\/\/www.inverseteams.com\/wp-content\/uploads\/INVERSE-CICLISMO-HOMBRE-MAILLOT-OUTTER-LOGAN-TAUPE-001.jpg","contentUrl":"https:\/\/www.inverseteams.com\/wp-content\/uploads\/INVERSE-CICLISMO-HOMBRE-MAILLOT-OUTTER-LOGAN-TAUPE-001.jpg","width":1500,"height":1612},{"@type":"BreadcrumbList","@id":"https:\/\/www.inverseteams.com\/ca\/producte\/mallot-outter-logan\/#breadcrumb","itemListElement":[{"@type":"ListItem","position":1,"name":"Portada","item":"https:\/\/www.inverseteams.com\/ca\/pagina-principal\/"},{"@type":"ListItem","position":2,"name":"Botiga","item":"https:\/\/www.inverseteams.com\/ca\/botiga\/"},{"@type":"ListItem","position":3,"name":"Mallot OUTTER LOGAN"}]},{"@type":"WebSite","@id":"https:\/\/www.inverseteams.com\/ca\/#website","url":"https:\/\/www.inverseteams.com\/ca\/","name":"Inverseteams","description":"Tu marca de ropa deportiva personalizada","publisher":{"@id":"https:\/\/www.inverseteams.com\/ca\/#organization"},"potentialAction":[{"@type":"SearchAction","target":{"@type":"EntryPoint","urlTemplate":"https:\/\/www.inverseteams.com\/ca\/?s={search_term_string}"},"query-input":{"@type":"PropertyValueSpecification","valueRequired":true,"valueName":"search_term_string"}}],"inLanguage":"ca"},{"@type":"Organization","@id":"https:\/\/www.inverseteams.com\/ca\/#organization","name":"Inverse Teams","url":"https:\/\/www.inverseteams.com\/ca\/","logo":{"@type":"ImageObject","inLanguage":"ca","@id":"https:\/\/www.inverseteams.com\/ca\/#\/schema\/logo\/image\/","url":"https:\/\/www.inverseteams.com\/wp-content\/uploads\/2021\/03\/logo-inverse-teams.png","contentUrl":"https:\/\/www.inverseteams.com\/wp-content\/uploads\/2021\/03\/logo-inverse-teams.png","width":294,"height":99,"caption":"Inverse Teams"},"image":{"@id":"https:\/\/www.inverseteams.com\/ca\/#\/schema\/logo\/image\/"},"sameAs":["https:\/\/www.facebook.com\/inverseteams","http:\/\/instagram.com\/inverseteams","https:\/\/www.linkedin.com\/company\/inverse-cirosport-s-l-?trk=job_view_topcard_company_name","http:\/\/www.pinterest.com\/inverseteams\/","http:\/\/www.youtube.com\/user\/inverseteams?feature=watch"]}]}},"_links":{"self":[{"href":"https:\/\/www.inverseteams.com\/ca\/wp-json\/wp\/v2\/product\/278602","targetHints":{"allow":["GET"]}}],"collection":[{"href":"https:\/\/www.inverseteams.com\/ca\/wp-json\/wp\/v2\/product"}],"about":[{"href":"https:\/\/www.inverseteams.com\/ca\/wp-json\/wp\/v2\/types\/product"}],"replies":[{"embeddable":true,"href":"https:\/\/www.inverseteams.com\/ca\/wp-json\/wp\/v2\/comments?post=278602"}],"wp:featuredmedia":[{"embeddable":true,"href":"https:\/\/www.inverseteams.com\/ca\/wp-json\/wp\/v2\/media\/278627"}],"wp:attachment":[{"href":"https:\/\/www.inverseteams.com\/ca\/wp-json\/wp\/v2\/media?parent=278602"}],"wp:term":[{"taxonomy":"product_brand","embeddable":true,"href":"https:\/\/www.inverseteams.com\/ca\/wp-json\/wp\/v2\/product_brand?post=278602"},{"taxonomy":"product_cat","embeddable":true,"href":"https:\/\/www.inverseteams.com\/ca\/wp-json\/wp\/v2\/product_cat?post=278602"},{"taxonomy":"product_tag","embeddable":true,"href":"https:\/\/www.inverseteams.com\/ca\/wp-json\/wp\/v2\/product_tag?post=278602"},{"taxonomy":"custom_category","embeddable":true,"href":"https:\/\/www.inverseteams.com\/ca\/wp-json\/wp\/v2\/custom_category?post=278602"},{"taxonomy":"range","embeddable":true,"href":"https:\/\/www.inverseteams.com\/ca\/wp-json\/wp\/v2\/range?post=278602"}],"curies":[{"name":"wp","href":"https:\/\/api.w.org\/{rel}","templated":true}]}}