{"id":278431,"date":"2026-03-03T14:09:02","date_gmt":"2026-03-03T13:09:02","guid":{"rendered":"https:\/\/www.inverseteams.com\/?post_type=product&#038;p=278431"},"modified":"2026-03-03T14:32:14","modified_gmt":"2026-03-03T13:32:14","slug":"mallot-ciclista-xpert-haiti-white","status":"publish","type":"product","link":"https:\/\/www.inverseteams.com\/ca\/producte\/mallot-ciclista-xpert-haiti-white\/","title":{"rendered":"Mallot ciclista XPERT HAITI WHITE"},"content":{"rendered":"<p>Aquest mallot de m\u00e0niga curta ha estat creat per a ciclistes que busquen el <strong>m\u00e0xim rendiment<\/strong> sense concessions. El seu <strong>patronatge super slim fit<\/strong> ofereix una silueta extremadament cenyida, minimalista i aerodin\u00e0mica, pensada per optimitzar cada moviment i reduir la resist\u00e8ncia a l\u2019aire al m\u00e0xim nivell.<br \/>\nConfeccionat amb tres teixits t\u00e8cnics d\u2019alta elasticitat, s\u2019adapta al cos com una segona pell, proporcionant una sensaci\u00f3 envoltant i una subjecci\u00f3 precisa a cada zona. El resultat \u00e9s una pe\u00e7a lleugera, reactiva i dissenyada per acompanyar-te en <strong>esfor\u00e7os intensos i competicions exigents.<\/strong><br \/>\nLa cintura incorpora una <strong>banda el\u00e0stica amb grip interior<\/strong> que garanteix un ajust ferm i estable, fins i tot en els canvis de ritme m\u00e9s explosius. Els seus acabats termosellats reforcen l\u2019est\u00e8tica neta i minimalista del disseny, reduint costures i millorant tant la comoditat com l\u2019efici\u00e8ncia aerodin\u00e0mica.<br \/>\nA la zona lumbar integra <strong>tres butxaques posteriors amb sistema ISP<\/strong> (Inverse Safe Pocket), que aporten m\u00e9s seguretat i estabilitat a les teves pertinences durant la marxa. A m\u00e9s, disposa d\u2019una butxaca extra impermeable amb cremallera, ideal per protegir objectes essencials de la suor o la pluja lleugera.<br \/>\nEl <strong>coll anat\u00f2mic termosellat<\/strong> assegura un contacte suau i prec\u00eds amb la pell, evitant rascades i mol\u00e8sties fins i tot en les posicions m\u00e9s agressives sobre la bicicleta. La cremallera imantada amb sistema antipull facilita l\u2019ajust en moviment i evita obertures involunt\u00e0ries, aportant un plus de funcionalitat en plena acci\u00f3.<br \/>\nUn mallot dissenyat per a qui ent\u00e9n que cada detall compta. <strong>M\u00e0xima aerodin\u00e0mica, ajust extrem i rendiment absolut<\/strong> per espr\u00e9mer cada quil\u00f2metre.<\/p>\n","protected":false},"excerpt":{"rendered":"<p>Aquest mallot de m\u00e0niga curta ha estat creat per a ciclistes que busquen el <strong>m\u00e0xim rendiment<\/strong> sense concessions. El seu <strong>patronatge super slim fit<\/strong> ofereix una silueta extremadament cenyida, minimalista i aerodin\u00e0mica, pensada per optimitzar cada moviment i reduir la resist\u00e8ncia a l\u2019aire al m\u00e0xim nivell.<br \/>\nConfeccionat amb tres teixits t\u00e8cnics d\u2019alta elasticitat, s\u2019adapta al cos com una segona pell, proporcionant una sensaci\u00f3 envoltant i una subjecci\u00f3 precisa a cada zona. El resultat \u00e9s una pe\u00e7a lleugera, reactiva i dissenyada per acompanyar-te en <strong>esfor\u00e7os intensos i competicions exigents.<\/strong><br \/>\nLa cintura incorpora una <strong>banda el\u00e0stica amb grip interior<\/strong> que garanteix un ajust ferm i estable, fins i tot en els canvis de ritme m\u00e9s explosius. Els seus acabats termosellats reforcen l\u2019est\u00e8tica neta i minimalista del disseny, reduint costures i millorant tant la comoditat com l\u2019efici\u00e8ncia aerodin\u00e0mica.<br \/>\nA la zona lumbar integra <strong>tres butxaques posteriors amb sistema ISP<\/strong> (Inverse Safe Pocket), que aporten m\u00e9s seguretat i estabilitat a les teves pertinences durant la marxa. A m\u00e9s, disposa d\u2019una butxaca extra impermeable amb cremallera, ideal per protegir objectes essencials de la suor o la pluja lleugera.<br \/>\nEl <strong>coll anat\u00f2mic termosellat<\/strong> assegura un contacte suau i prec\u00eds amb la pell, evitant rascades i mol\u00e8sties fins i tot en les posicions m\u00e9s agressives sobre la bicicleta. La cremallera imantada amb sistema antipull facilita l\u2019ajust en moviment i evita obertures involunt\u00e0ries, aportant un plus de funcionalitat en plena acci\u00f3.<br \/>\nUn mallot dissenyat per a qui ent\u00e9n que cada detall compta. <strong>M\u00e0xima aerodin\u00e0mica, ajust extrem i rendiment absolut<\/strong> per espr\u00e9mer cada quil\u00f2metre.<\/p>\n","protected":false},"featured_media":278491,"comment_status":"closed","ping_status":"closed","template":"","meta":{"_acf_changed":false},"product_brand":[],"product_cat":[4110,4120,9947,7175],"product_tag":[],"custom_category":[],"range":[],"class_list":{"0":"post-278431","1":"product","2":"type-product","3":"status-publish","4":"has-post-thumbnail","6":"product_cat-ciclisme","7":"product_cat-mallot-ciclista","8":"product_cat-gravel-cat","9":"product_cat-b2b-ca","10":"pa_climatologia-calor-ca","11":"pa_deporte-gravel-ca","12":"pa_deporte-ciclisme","13":"pa_genero-home","14":"pa_patronaje-fit-ca","15":"pa_talla-l-ca","16":"pa_talla-m-ca","17":"pa_talla-s-ca","18":"pa_talla-xl-ca","19":"pa_talla-xxl-ca","20":"pa_tipo-de-prenda-mallot-maniga-curta","22":"first","23":"instock","24":"taxable","25":"shipping-taxable","26":"purchasable","27":"product-type-variable","28":"has-default-attributes"},"acf":[],"yoast_head":"<!-- This site is optimized with the Yoast SEO plugin v27.3 - https:\/\/yoast.com\/product\/yoast-seo-wordpress\/ -->\n<title>Mallot ciclista XPERT HAITI WHITE (HOME)<\/title>\n<meta name=\"description\" content=\"Maillot lleuger, reactiu i dissenyat per acompanyar-te en esfor\u00e7os intensos i competicions exigents.\" \/>\n<meta name=\"robots\" content=\"index, follow, max-snippet:-1, max-image-preview:large, max-video-preview:-1\" \/>\n<link rel=\"canonical\" href=\"https:\/\/www.inverseteams.com\/ca\/producte\/mallot-ciclista-xpert-haiti-white\/\" \/>\n<meta property=\"og:locale\" content=\"ca_ES\" \/>\n<meta property=\"og:type\" content=\"article\" \/>\n<meta property=\"og:title\" content=\"Mallot ciclista XPERT HAITI WHITE (HOME)\" \/>\n<meta property=\"og:description\" content=\"Maillot lleuger, reactiu i dissenyat per acompanyar-te en esfor\u00e7os intensos i competicions exigents.\" \/>\n<meta property=\"og:url\" content=\"https:\/\/www.inverseteams.com\/ca\/producte\/mallot-ciclista-xpert-haiti-white\/\" \/>\n<meta property=\"og:site_name\" content=\"Inverseteams\" \/>\n<meta property=\"article:publisher\" content=\"https:\/\/www.facebook.com\/inverseteams\" \/>\n<meta property=\"article:modified_time\" content=\"2026-03-03T13:32:14+00:00\" \/>\n<meta property=\"og:image\" content=\"https:\/\/www.inverseteams.com\/wp-content\/uploads\/INVERSE-CICLISMO-HOMBRE-MAILLOT-EXPERT-HAITI-WHITE-001.jpg\" \/>\n\t<meta property=\"og:image:width\" content=\"1500\" \/>\n\t<meta property=\"og:image:height\" content=\"1612\" \/>\n\t<meta property=\"og:image:type\" content=\"image\/jpeg\" \/>\n<meta name=\"twitter:card\" content=\"summary_large_image\" \/>\n<meta name=\"twitter:label1\" content=\"Temps estimat de lectura\" \/>\n\t<meta name=\"twitter:data1\" content=\"2 minut\" \/>\n<script type=\"application\/ld+json\" class=\"yoast-schema-graph\">{\"@context\":\"https:\\\/\\\/schema.org\",\"@graph\":[{\"@type\":\"WebPage\",\"@id\":\"https:\\\/\\\/www.inverseteams.com\\\/ca\\\/producte\\\/mallot-ciclista-xpert-haiti-white\\\/\",\"url\":\"https:\\\/\\\/www.inverseteams.com\\\/ca\\\/producte\\\/mallot-ciclista-xpert-haiti-white\\\/\",\"name\":\"Mallot ciclista XPERT HAITI WHITE (HOME)\",\"isPartOf\":{\"@id\":\"https:\\\/\\\/www.inverseteams.com\\\/ca\\\/#website\"},\"primaryImageOfPage\":{\"@id\":\"https:\\\/\\\/www.inverseteams.com\\\/ca\\\/producte\\\/mallot-ciclista-xpert-haiti-white\\\/#primaryimage\"},\"image\":{\"@id\":\"https:\\\/\\\/www.inverseteams.com\\\/ca\\\/producte\\\/mallot-ciclista-xpert-haiti-white\\\/#primaryimage\"},\"thumbnailUrl\":\"https:\\\/\\\/www.inverseteams.com\\\/wp-content\\\/uploads\\\/INVERSE-CICLISMO-HOMBRE-MAILLOT-EXPERT-HAITI-WHITE-001.jpg\",\"datePublished\":\"2026-03-03T13:09:02+00:00\",\"dateModified\":\"2026-03-03T13:32:14+00:00\",\"description\":\"Maillot lleuger, reactiu i dissenyat per acompanyar-te en esfor\u00e7os intensos i competicions exigents.\",\"breadcrumb\":{\"@id\":\"https:\\\/\\\/www.inverseteams.com\\\/ca\\\/producte\\\/mallot-ciclista-xpert-haiti-white\\\/#breadcrumb\"},\"inLanguage\":\"ca\",\"potentialAction\":[{\"@type\":\"ReadAction\",\"target\":[\"https:\\\/\\\/www.inverseteams.com\\\/ca\\\/producte\\\/mallot-ciclista-xpert-haiti-white\\\/\"]}]},{\"@type\":\"ImageObject\",\"inLanguage\":\"ca\",\"@id\":\"https:\\\/\\\/www.inverseteams.com\\\/ca\\\/producte\\\/mallot-ciclista-xpert-haiti-white\\\/#primaryimage\",\"url\":\"https:\\\/\\\/www.inverseteams.com\\\/wp-content\\\/uploads\\\/INVERSE-CICLISMO-HOMBRE-MAILLOT-EXPERT-HAITI-WHITE-001.jpg\",\"contentUrl\":\"https:\\\/\\\/www.inverseteams.com\\\/wp-content\\\/uploads\\\/INVERSE-CICLISMO-HOMBRE-MAILLOT-EXPERT-HAITI-WHITE-001.jpg\",\"width\":1500,\"height\":1612},{\"@type\":\"BreadcrumbList\",\"@id\":\"https:\\\/\\\/www.inverseteams.com\\\/ca\\\/producte\\\/mallot-ciclista-xpert-haiti-white\\\/#breadcrumb\",\"itemListElement\":[{\"@type\":\"ListItem\",\"position\":1,\"name\":\"Portada\",\"item\":\"https:\\\/\\\/www.inverseteams.com\\\/ca\\\/pagina-principal\\\/\"},{\"@type\":\"ListItem\",\"position\":2,\"name\":\"Botiga\",\"item\":\"https:\\\/\\\/www.inverseteams.com\\\/ca\\\/botiga\\\/\"},{\"@type\":\"ListItem\",\"position\":3,\"name\":\"Mallot ciclista XPERT HAITI WHITE\"}]},{\"@type\":\"WebSite\",\"@id\":\"https:\\\/\\\/www.inverseteams.com\\\/ca\\\/#website\",\"url\":\"https:\\\/\\\/www.inverseteams.com\\\/ca\\\/\",\"name\":\"Inverseteams\",\"description\":\"Tu marca de ropa deportiva personalizada\",\"publisher\":{\"@id\":\"https:\\\/\\\/www.inverseteams.com\\\/ca\\\/#organization\"},\"potentialAction\":[{\"@type\":\"SearchAction\",\"target\":{\"@type\":\"EntryPoint\",\"urlTemplate\":\"https:\\\/\\\/www.inverseteams.com\\\/ca\\\/?s={search_term_string}\"},\"query-input\":{\"@type\":\"PropertyValueSpecification\",\"valueRequired\":true,\"valueName\":\"search_term_string\"}}],\"inLanguage\":\"ca\"},{\"@type\":\"Organization\",\"@id\":\"https:\\\/\\\/www.inverseteams.com\\\/ca\\\/#organization\",\"name\":\"Inverse Teams\",\"url\":\"https:\\\/\\\/www.inverseteams.com\\\/ca\\\/\",\"logo\":{\"@type\":\"ImageObject\",\"inLanguage\":\"ca\",\"@id\":\"https:\\\/\\\/www.inverseteams.com\\\/ca\\\/#\\\/schema\\\/logo\\\/image\\\/\",\"url\":\"http:\\\/\\\/www.inverseteams.com\\\/wp-content\\\/uploads\\\/2021\\\/03\\\/logo-inverse-teams.png\",\"contentUrl\":\"http:\\\/\\\/www.inverseteams.com\\\/wp-content\\\/uploads\\\/2021\\\/03\\\/logo-inverse-teams.png\",\"width\":294,\"height\":99,\"caption\":\"Inverse Teams\"},\"image\":{\"@id\":\"https:\\\/\\\/www.inverseteams.com\\\/ca\\\/#\\\/schema\\\/logo\\\/image\\\/\"},\"sameAs\":[\"https:\\\/\\\/www.facebook.com\\\/inverseteams\",\"http:\\\/\\\/instagram.com\\\/inverseteams\",\"https:\\\/\\\/www.linkedin.com\\\/company\\\/inverse-cirosport-s-l-?trk=job_view_topcard_company_name\",\"http:\\\/\\\/www.pinterest.com\\\/inverseteams\\\/\",\"http:\\\/\\\/www.youtube.com\\\/user\\\/inverseteams?feature=watch\"]}]}<\/script>\n<!-- \/ Yoast SEO plugin. -->","yoast_head_json":{"title":"Mallot ciclista XPERT HAITI WHITE (HOME)","description":"Maillot lleuger, reactiu i dissenyat per acompanyar-te en esfor\u00e7os intensos i competicions exigents.","robots":{"index":"index","follow":"follow","max-snippet":"max-snippet:-1","max-image-preview":"max-image-preview:large","max-video-preview":"max-video-preview:-1"},"canonical":"https:\/\/www.inverseteams.com\/ca\/producte\/mallot-ciclista-xpert-haiti-white\/","og_locale":"ca_ES","og_type":"article","og_title":"Mallot ciclista XPERT HAITI WHITE (HOME)","og_description":"Maillot lleuger, reactiu i dissenyat per acompanyar-te en esfor\u00e7os intensos i competicions exigents.","og_url":"https:\/\/www.inverseteams.com\/ca\/producte\/mallot-ciclista-xpert-haiti-white\/","og_site_name":"Inverseteams","article_publisher":"https:\/\/www.facebook.com\/inverseteams","article_modified_time":"2026-03-03T13:32:14+00:00","og_image":[{"width":1500,"height":1612,"url":"https:\/\/www.inverseteams.com\/wp-content\/uploads\/INVERSE-CICLISMO-HOMBRE-MAILLOT-EXPERT-HAITI-WHITE-001.jpg","type":"image\/jpeg"}],"twitter_card":"summary_large_image","twitter_misc":{"Temps estimat de lectura":"2 minut"},"schema":{"@context":"https:\/\/schema.org","@graph":[{"@type":"WebPage","@id":"https:\/\/www.inverseteams.com\/ca\/producte\/mallot-ciclista-xpert-haiti-white\/","url":"https:\/\/www.inverseteams.com\/ca\/producte\/mallot-ciclista-xpert-haiti-white\/","name":"Mallot ciclista XPERT HAITI WHITE (HOME)","isPartOf":{"@id":"https:\/\/www.inverseteams.com\/ca\/#website"},"primaryImageOfPage":{"@id":"https:\/\/www.inverseteams.com\/ca\/producte\/mallot-ciclista-xpert-haiti-white\/#primaryimage"},"image":{"@id":"https:\/\/www.inverseteams.com\/ca\/producte\/mallot-ciclista-xpert-haiti-white\/#primaryimage"},"thumbnailUrl":"https:\/\/www.inverseteams.com\/wp-content\/uploads\/INVERSE-CICLISMO-HOMBRE-MAILLOT-EXPERT-HAITI-WHITE-001.jpg","datePublished":"2026-03-03T13:09:02+00:00","dateModified":"2026-03-03T13:32:14+00:00","description":"Maillot lleuger, reactiu i dissenyat per acompanyar-te en esfor\u00e7os intensos i competicions exigents.","breadcrumb":{"@id":"https:\/\/www.inverseteams.com\/ca\/producte\/mallot-ciclista-xpert-haiti-white\/#breadcrumb"},"inLanguage":"ca","potentialAction":[{"@type":"ReadAction","target":["https:\/\/www.inverseteams.com\/ca\/producte\/mallot-ciclista-xpert-haiti-white\/"]}]},{"@type":"ImageObject","inLanguage":"ca","@id":"https:\/\/www.inverseteams.com\/ca\/producte\/mallot-ciclista-xpert-haiti-white\/#primaryimage","url":"https:\/\/www.inverseteams.com\/wp-content\/uploads\/INVERSE-CICLISMO-HOMBRE-MAILLOT-EXPERT-HAITI-WHITE-001.jpg","contentUrl":"https:\/\/www.inverseteams.com\/wp-content\/uploads\/INVERSE-CICLISMO-HOMBRE-MAILLOT-EXPERT-HAITI-WHITE-001.jpg","width":1500,"height":1612},{"@type":"BreadcrumbList","@id":"https:\/\/www.inverseteams.com\/ca\/producte\/mallot-ciclista-xpert-haiti-white\/#breadcrumb","itemListElement":[{"@type":"ListItem","position":1,"name":"Portada","item":"https:\/\/www.inverseteams.com\/ca\/pagina-principal\/"},{"@type":"ListItem","position":2,"name":"Botiga","item":"https:\/\/www.inverseteams.com\/ca\/botiga\/"},{"@type":"ListItem","position":3,"name":"Mallot ciclista XPERT HAITI WHITE"}]},{"@type":"WebSite","@id":"https:\/\/www.inverseteams.com\/ca\/#website","url":"https:\/\/www.inverseteams.com\/ca\/","name":"Inverseteams","description":"Tu marca de ropa deportiva personalizada","publisher":{"@id":"https:\/\/www.inverseteams.com\/ca\/#organization"},"potentialAction":[{"@type":"SearchAction","target":{"@type":"EntryPoint","urlTemplate":"https:\/\/www.inverseteams.com\/ca\/?s={search_term_string}"},"query-input":{"@type":"PropertyValueSpecification","valueRequired":true,"valueName":"search_term_string"}}],"inLanguage":"ca"},{"@type":"Organization","@id":"https:\/\/www.inverseteams.com\/ca\/#organization","name":"Inverse Teams","url":"https:\/\/www.inverseteams.com\/ca\/","logo":{"@type":"ImageObject","inLanguage":"ca","@id":"https:\/\/www.inverseteams.com\/ca\/#\/schema\/logo\/image\/","url":"https:\/\/www.inverseteams.com\/wp-content\/uploads\/2021\/03\/logo-inverse-teams.png","contentUrl":"https:\/\/www.inverseteams.com\/wp-content\/uploads\/2021\/03\/logo-inverse-teams.png","width":294,"height":99,"caption":"Inverse Teams"},"image":{"@id":"https:\/\/www.inverseteams.com\/ca\/#\/schema\/logo\/image\/"},"sameAs":["https:\/\/www.facebook.com\/inverseteams","http:\/\/instagram.com\/inverseteams","https:\/\/www.linkedin.com\/company\/inverse-cirosport-s-l-?trk=job_view_topcard_company_name","http:\/\/www.pinterest.com\/inverseteams\/","http:\/\/www.youtube.com\/user\/inverseteams?feature=watch"]}]}},"_links":{"self":[{"href":"https:\/\/www.inverseteams.com\/ca\/wp-json\/wp\/v2\/product\/278431","targetHints":{"allow":["GET"]}}],"collection":[{"href":"https:\/\/www.inverseteams.com\/ca\/wp-json\/wp\/v2\/product"}],"about":[{"href":"https:\/\/www.inverseteams.com\/ca\/wp-json\/wp\/v2\/types\/product"}],"replies":[{"embeddable":true,"href":"https:\/\/www.inverseteams.com\/ca\/wp-json\/wp\/v2\/comments?post=278431"}],"wp:featuredmedia":[{"embeddable":true,"href":"https:\/\/www.inverseteams.com\/ca\/wp-json\/wp\/v2\/media\/278491"}],"wp:attachment":[{"href":"https:\/\/www.inverseteams.com\/ca\/wp-json\/wp\/v2\/media?parent=278431"}],"wp:term":[{"taxonomy":"product_brand","embeddable":true,"href":"https:\/\/www.inverseteams.com\/ca\/wp-json\/wp\/v2\/product_brand?post=278431"},{"taxonomy":"product_cat","embeddable":true,"href":"https:\/\/www.inverseteams.com\/ca\/wp-json\/wp\/v2\/product_cat?post=278431"},{"taxonomy":"product_tag","embeddable":true,"href":"https:\/\/www.inverseteams.com\/ca\/wp-json\/wp\/v2\/product_tag?post=278431"},{"taxonomy":"custom_category","embeddable":true,"href":"https:\/\/www.inverseteams.com\/ca\/wp-json\/wp\/v2\/custom_category?post=278431"},{"taxonomy":"range","embeddable":true,"href":"https:\/\/www.inverseteams.com\/ca\/wp-json\/wp\/v2\/range?post=278431"}],"curies":[{"name":"wp","href":"https:\/\/api.w.org\/{rel}","templated":true}]}}