{"id":278157,"date":"2026-03-03T10:24:59","date_gmt":"2026-03-03T09:24:59","guid":{"rendered":"https:\/\/www.inverseteams.com\/?post_type=product&#038;p=278157"},"modified":"2026-03-03T11:16:57","modified_gmt":"2026-03-03T10:16:57","slug":"mallot-ciclista-maniga-curta-essenz-mali-miel","status":"publish","type":"product","link":"https:\/\/www.inverseteams.com\/ca\/producte\/mallot-ciclista-maniga-curta-essenz-mali-miel\/","title":{"rendered":"Mallot ciclista m\u00e0niga curta ESSENZ MALI MIEL"},"content":{"rendered":"<p>El mallot <strong>ESSENZ<\/strong> neix per acompanyar-te en les teves sortides m\u00e9s c\u00e0lides, quan l\u2019asfalt despr\u00e8n calor i cada quil\u00f2metre exigeix <strong>frescor, lleugeresa i total llibertat de moviment<\/strong>. El seu disseny slim fit (molt ajustat) s\u2019adapta al cos com una segona pell, real\u00e7ant la silueta i optimitzant l\u2019aerodin\u00e0mica sense renunciar a la comoditat.<br \/>\nConfeccionat amb un \u00fanic teixit ultra suau i agradable al contacte amb la pell, ofereix una sensaci\u00f3 lleugera i envoltant des del primer moment. La seva alta capacitat d\u2019expulsi\u00f3 de la suor mant\u00e9 la pell seca durant m\u00e9s temps, ajudant-te a mantenir el confort fins i tot en les jornades m\u00e9s intenses de l\u2019estiu.<br \/>\nLa cintura incorpora una <strong>banda el\u00e0stica amb grip interior<\/strong> per garantir un ajust ferm i estable, mentre que la part posterior del coll, amb disseny anat\u00f2mic i forma creuada, s\u2019adapta a la teva posici\u00f3 sobre la bici i evita rascades en rutes llargues.<br \/>\nA la zona lumbar hi trobar\u00e0s <strong>tres butxaques posteriors amb sistema ISP<\/strong> (Inverse Safe Pocket), pensades per oferir m\u00e9s seguretat i practicitat en marxa. A m\u00e9s, integra elements reflectants estrat\u00e8gicament situats que milloren la visibilitat a la carretera i augmenten la teva seguretat en condicions de poca llum.<br \/>\nLa <strong>cremallera imantada amb sistema antipull<\/strong> facilita l\u2019ajust fins i tot en moviment i evita obertures involunt\u00e0ries, aportant un plus de funcionalitat i qualitat.<\/p>\n","protected":false},"excerpt":{"rendered":"<p>El mallot <strong>ESSENZ<\/strong> neix per acompanyar-te en les teves sortides m\u00e9s c\u00e0lides, quan l\u2019asfalt despr\u00e8n calor i cada quil\u00f2metre exigeix <strong>frescor, lleugeresa i total llibertat de moviment<\/strong>. El seu disseny slim fit (molt ajustat) s\u2019adapta al cos com una segona pell, real\u00e7ant la silueta i optimitzant l\u2019aerodin\u00e0mica sense renunciar a la comoditat.<br \/>\nConfeccionat amb un \u00fanic teixit ultra suau i agradable al contacte amb la pell, ofereix una sensaci\u00f3 lleugera i envoltant des del primer moment. La seva alta capacitat d\u2019expulsi\u00f3 de la suor mant\u00e9 la pell seca durant m\u00e9s temps, ajudant-te a mantenir el confort fins i tot en les jornades m\u00e9s intenses de l\u2019estiu.<br \/>\nLa cintura incorpora una <strong>banda el\u00e0stica amb grip interior<\/strong> per garantir un ajust ferm i estable, mentre que la part posterior del coll, amb disseny anat\u00f2mic i forma creuada, s\u2019adapta a la teva posici\u00f3 sobre la bici i evita rascades en rutes llargues.<br \/>\nA la zona lumbar hi trobar\u00e0s <strong>tres butxaques posteriors amb sistema ISP<\/strong> (Inverse Safe Pocket), pensades per oferir m\u00e9s seguretat i practicitat en marxa. A m\u00e9s, integra elements reflectants estrat\u00e8gicament situats que milloren la visibilitat a la carretera i augmenten la teva seguretat en condicions de poca llum.<br \/>\nLa <strong>cremallera imantada amb sistema antipull<\/strong> facilita l\u2019ajust fins i tot en moviment i evita obertures involunt\u00e0ries, aportant un plus de funcionalitat i qualitat.<\/p>\n","protected":false},"featured_media":278047,"comment_status":"closed","ping_status":"closed","template":"","meta":{"_acf_changed":false},"product_brand":[],"product_cat":[4110,4120,7175],"product_tag":[],"custom_category":[],"range":[],"class_list":{"0":"post-278157","1":"product","2":"type-product","3":"status-publish","4":"has-post-thumbnail","6":"product_cat-ciclisme","7":"product_cat-mallot-ciclista","8":"product_cat-b2b-ca","9":"pa_climatologia-calor-ca","10":"pa_deporte-gravel-ca","11":"pa_deporte-ciclisme","12":"pa_genero-home","13":"pa_patronaje-fit-ca","14":"pa_talla-l-ca","15":"pa_talla-m-ca","16":"pa_talla-s-ca","17":"pa_talla-xl-ca","18":"pa_talla-xxl-ca","19":"pa_tipo-de-prenda-mallot-maniga-curta","21":"first","22":"instock","23":"taxable","24":"shipping-taxable","25":"purchasable","26":"product-type-variable","27":"has-default-attributes"},"acf":[],"yoast_head":"<!-- This site is optimized with the Yoast SEO plugin v27.3 - https:\/\/yoast.com\/product\/yoast-seo-wordpress\/ -->\n<title>Mallot ciclista m\u00e0niga curta ESSENZ MALI MIEL (HOME)<\/title>\n<meta name=\"description\" content=\"Confeccionat amb un \u00fanic teixit ultra suau i agradable al contacte amb la pell, ofereix una sensaci\u00f3 lleugera i envoltant des del primer moment.\" \/>\n<meta name=\"robots\" content=\"index, follow, max-snippet:-1, max-image-preview:large, max-video-preview:-1\" \/>\n<link rel=\"canonical\" href=\"https:\/\/www.inverseteams.com\/ca\/producte\/mallot-ciclista-maniga-curta-essenz-mali-miel\/\" \/>\n<meta property=\"og:locale\" content=\"ca_ES\" \/>\n<meta property=\"og:type\" content=\"article\" \/>\n<meta property=\"og:title\" content=\"Mallot ciclista m\u00e0niga curta ESSENZ MALI MIEL (HOME)\" \/>\n<meta property=\"og:description\" content=\"Confeccionat amb un \u00fanic teixit ultra suau i agradable al contacte amb la pell, ofereix una sensaci\u00f3 lleugera i envoltant des del primer moment.\" \/>\n<meta property=\"og:url\" content=\"https:\/\/www.inverseteams.com\/ca\/producte\/mallot-ciclista-maniga-curta-essenz-mali-miel\/\" \/>\n<meta property=\"og:site_name\" content=\"Inverseteams\" \/>\n<meta property=\"article:publisher\" content=\"https:\/\/www.facebook.com\/inverseteams\" \/>\n<meta property=\"article:modified_time\" content=\"2026-03-03T10:16:57+00:00\" \/>\n<meta property=\"og:image\" content=\"https:\/\/www.inverseteams.com\/wp-content\/uploads\/INVERSE-CICLISMO-HOMBRE-MAILLOT-ESSENZ-MALI-MIEL-001.jpg\" \/>\n\t<meta property=\"og:image:width\" content=\"1500\" \/>\n\t<meta property=\"og:image:height\" content=\"1612\" \/>\n\t<meta property=\"og:image:type\" content=\"image\/jpeg\" \/>\n<meta name=\"twitter:card\" content=\"summary_large_image\" \/>\n<meta name=\"twitter:label1\" content=\"Temps estimat de lectura\" \/>\n\t<meta name=\"twitter:data1\" content=\"2 minut\" \/>\n<script type=\"application\/ld+json\" class=\"yoast-schema-graph\">{\"@context\":\"https:\\\/\\\/schema.org\",\"@graph\":[{\"@type\":\"WebPage\",\"@id\":\"https:\\\/\\\/www.inverseteams.com\\\/ca\\\/producte\\\/mallot-ciclista-maniga-curta-essenz-mali-miel\\\/\",\"url\":\"https:\\\/\\\/www.inverseteams.com\\\/ca\\\/producte\\\/mallot-ciclista-maniga-curta-essenz-mali-miel\\\/\",\"name\":\"Mallot ciclista m\u00e0niga curta ESSENZ MALI MIEL (HOME)\",\"isPartOf\":{\"@id\":\"https:\\\/\\\/www.inverseteams.com\\\/ca\\\/#website\"},\"primaryImageOfPage\":{\"@id\":\"https:\\\/\\\/www.inverseteams.com\\\/ca\\\/producte\\\/mallot-ciclista-maniga-curta-essenz-mali-miel\\\/#primaryimage\"},\"image\":{\"@id\":\"https:\\\/\\\/www.inverseteams.com\\\/ca\\\/producte\\\/mallot-ciclista-maniga-curta-essenz-mali-miel\\\/#primaryimage\"},\"thumbnailUrl\":\"https:\\\/\\\/www.inverseteams.com\\\/wp-content\\\/uploads\\\/INVERSE-CICLISMO-HOMBRE-MAILLOT-ESSENZ-MALI-MIEL-001.jpg\",\"datePublished\":\"2026-03-03T09:24:59+00:00\",\"dateModified\":\"2026-03-03T10:16:57+00:00\",\"description\":\"Confeccionat amb un \u00fanic teixit ultra suau i agradable al contacte amb la pell, ofereix una sensaci\u00f3 lleugera i envoltant des del primer moment.\",\"breadcrumb\":{\"@id\":\"https:\\\/\\\/www.inverseteams.com\\\/ca\\\/producte\\\/mallot-ciclista-maniga-curta-essenz-mali-miel\\\/#breadcrumb\"},\"inLanguage\":\"ca\",\"potentialAction\":[{\"@type\":\"ReadAction\",\"target\":[\"https:\\\/\\\/www.inverseteams.com\\\/ca\\\/producte\\\/mallot-ciclista-maniga-curta-essenz-mali-miel\\\/\"]}]},{\"@type\":\"ImageObject\",\"inLanguage\":\"ca\",\"@id\":\"https:\\\/\\\/www.inverseteams.com\\\/ca\\\/producte\\\/mallot-ciclista-maniga-curta-essenz-mali-miel\\\/#primaryimage\",\"url\":\"https:\\\/\\\/www.inverseteams.com\\\/wp-content\\\/uploads\\\/INVERSE-CICLISMO-HOMBRE-MAILLOT-ESSENZ-MALI-MIEL-001.jpg\",\"contentUrl\":\"https:\\\/\\\/www.inverseteams.com\\\/wp-content\\\/uploads\\\/INVERSE-CICLISMO-HOMBRE-MAILLOT-ESSENZ-MALI-MIEL-001.jpg\",\"width\":1500,\"height\":1612},{\"@type\":\"BreadcrumbList\",\"@id\":\"https:\\\/\\\/www.inverseteams.com\\\/ca\\\/producte\\\/mallot-ciclista-maniga-curta-essenz-mali-miel\\\/#breadcrumb\",\"itemListElement\":[{\"@type\":\"ListItem\",\"position\":1,\"name\":\"Portada\",\"item\":\"https:\\\/\\\/www.inverseteams.com\\\/ca\\\/pagina-principal\\\/\"},{\"@type\":\"ListItem\",\"position\":2,\"name\":\"Botiga\",\"item\":\"https:\\\/\\\/www.inverseteams.com\\\/ca\\\/botiga\\\/\"},{\"@type\":\"ListItem\",\"position\":3,\"name\":\"Mallot ciclista m\u00e0niga curta ESSENZ MALI MIEL\"}]},{\"@type\":\"WebSite\",\"@id\":\"https:\\\/\\\/www.inverseteams.com\\\/ca\\\/#website\",\"url\":\"https:\\\/\\\/www.inverseteams.com\\\/ca\\\/\",\"name\":\"Inverseteams\",\"description\":\"Tu marca de ropa deportiva personalizada\",\"publisher\":{\"@id\":\"https:\\\/\\\/www.inverseteams.com\\\/ca\\\/#organization\"},\"potentialAction\":[{\"@type\":\"SearchAction\",\"target\":{\"@type\":\"EntryPoint\",\"urlTemplate\":\"https:\\\/\\\/www.inverseteams.com\\\/ca\\\/?s={search_term_string}\"},\"query-input\":{\"@type\":\"PropertyValueSpecification\",\"valueRequired\":true,\"valueName\":\"search_term_string\"}}],\"inLanguage\":\"ca\"},{\"@type\":\"Organization\",\"@id\":\"https:\\\/\\\/www.inverseteams.com\\\/ca\\\/#organization\",\"name\":\"Inverse Teams\",\"url\":\"https:\\\/\\\/www.inverseteams.com\\\/ca\\\/\",\"logo\":{\"@type\":\"ImageObject\",\"inLanguage\":\"ca\",\"@id\":\"https:\\\/\\\/www.inverseteams.com\\\/ca\\\/#\\\/schema\\\/logo\\\/image\\\/\",\"url\":\"http:\\\/\\\/www.inverseteams.com\\\/wp-content\\\/uploads\\\/2021\\\/03\\\/logo-inverse-teams.png\",\"contentUrl\":\"http:\\\/\\\/www.inverseteams.com\\\/wp-content\\\/uploads\\\/2021\\\/03\\\/logo-inverse-teams.png\",\"width\":294,\"height\":99,\"caption\":\"Inverse Teams\"},\"image\":{\"@id\":\"https:\\\/\\\/www.inverseteams.com\\\/ca\\\/#\\\/schema\\\/logo\\\/image\\\/\"},\"sameAs\":[\"https:\\\/\\\/www.facebook.com\\\/inverseteams\",\"http:\\\/\\\/instagram.com\\\/inverseteams\",\"https:\\\/\\\/www.linkedin.com\\\/company\\\/inverse-cirosport-s-l-?trk=job_view_topcard_company_name\",\"http:\\\/\\\/www.pinterest.com\\\/inverseteams\\\/\",\"http:\\\/\\\/www.youtube.com\\\/user\\\/inverseteams?feature=watch\"]}]}<\/script>\n<!-- \/ Yoast SEO plugin. -->","yoast_head_json":{"title":"Mallot ciclista m\u00e0niga curta ESSENZ MALI MIEL (HOME)","description":"Confeccionat amb un \u00fanic teixit ultra suau i agradable al contacte amb la pell, ofereix una sensaci\u00f3 lleugera i envoltant des del primer moment.","robots":{"index":"index","follow":"follow","max-snippet":"max-snippet:-1","max-image-preview":"max-image-preview:large","max-video-preview":"max-video-preview:-1"},"canonical":"https:\/\/www.inverseteams.com\/ca\/producte\/mallot-ciclista-maniga-curta-essenz-mali-miel\/","og_locale":"ca_ES","og_type":"article","og_title":"Mallot ciclista m\u00e0niga curta ESSENZ MALI MIEL (HOME)","og_description":"Confeccionat amb un \u00fanic teixit ultra suau i agradable al contacte amb la pell, ofereix una sensaci\u00f3 lleugera i envoltant des del primer moment.","og_url":"https:\/\/www.inverseteams.com\/ca\/producte\/mallot-ciclista-maniga-curta-essenz-mali-miel\/","og_site_name":"Inverseteams","article_publisher":"https:\/\/www.facebook.com\/inverseteams","article_modified_time":"2026-03-03T10:16:57+00:00","og_image":[{"width":1500,"height":1612,"url":"https:\/\/www.inverseteams.com\/wp-content\/uploads\/INVERSE-CICLISMO-HOMBRE-MAILLOT-ESSENZ-MALI-MIEL-001.jpg","type":"image\/jpeg"}],"twitter_card":"summary_large_image","twitter_misc":{"Temps estimat de lectura":"2 minut"},"schema":{"@context":"https:\/\/schema.org","@graph":[{"@type":"WebPage","@id":"https:\/\/www.inverseteams.com\/ca\/producte\/mallot-ciclista-maniga-curta-essenz-mali-miel\/","url":"https:\/\/www.inverseteams.com\/ca\/producte\/mallot-ciclista-maniga-curta-essenz-mali-miel\/","name":"Mallot ciclista m\u00e0niga curta ESSENZ MALI MIEL (HOME)","isPartOf":{"@id":"https:\/\/www.inverseteams.com\/ca\/#website"},"primaryImageOfPage":{"@id":"https:\/\/www.inverseteams.com\/ca\/producte\/mallot-ciclista-maniga-curta-essenz-mali-miel\/#primaryimage"},"image":{"@id":"https:\/\/www.inverseteams.com\/ca\/producte\/mallot-ciclista-maniga-curta-essenz-mali-miel\/#primaryimage"},"thumbnailUrl":"https:\/\/www.inverseteams.com\/wp-content\/uploads\/INVERSE-CICLISMO-HOMBRE-MAILLOT-ESSENZ-MALI-MIEL-001.jpg","datePublished":"2026-03-03T09:24:59+00:00","dateModified":"2026-03-03T10:16:57+00:00","description":"Confeccionat amb un \u00fanic teixit ultra suau i agradable al contacte amb la pell, ofereix una sensaci\u00f3 lleugera i envoltant des del primer moment.","breadcrumb":{"@id":"https:\/\/www.inverseteams.com\/ca\/producte\/mallot-ciclista-maniga-curta-essenz-mali-miel\/#breadcrumb"},"inLanguage":"ca","potentialAction":[{"@type":"ReadAction","target":["https:\/\/www.inverseteams.com\/ca\/producte\/mallot-ciclista-maniga-curta-essenz-mali-miel\/"]}]},{"@type":"ImageObject","inLanguage":"ca","@id":"https:\/\/www.inverseteams.com\/ca\/producte\/mallot-ciclista-maniga-curta-essenz-mali-miel\/#primaryimage","url":"https:\/\/www.inverseteams.com\/wp-content\/uploads\/INVERSE-CICLISMO-HOMBRE-MAILLOT-ESSENZ-MALI-MIEL-001.jpg","contentUrl":"https:\/\/www.inverseteams.com\/wp-content\/uploads\/INVERSE-CICLISMO-HOMBRE-MAILLOT-ESSENZ-MALI-MIEL-001.jpg","width":1500,"height":1612},{"@type":"BreadcrumbList","@id":"https:\/\/www.inverseteams.com\/ca\/producte\/mallot-ciclista-maniga-curta-essenz-mali-miel\/#breadcrumb","itemListElement":[{"@type":"ListItem","position":1,"name":"Portada","item":"https:\/\/www.inverseteams.com\/ca\/pagina-principal\/"},{"@type":"ListItem","position":2,"name":"Botiga","item":"https:\/\/www.inverseteams.com\/ca\/botiga\/"},{"@type":"ListItem","position":3,"name":"Mallot ciclista m\u00e0niga curta ESSENZ MALI MIEL"}]},{"@type":"WebSite","@id":"https:\/\/www.inverseteams.com\/ca\/#website","url":"https:\/\/www.inverseteams.com\/ca\/","name":"Inverseteams","description":"Tu marca de ropa deportiva personalizada","publisher":{"@id":"https:\/\/www.inverseteams.com\/ca\/#organization"},"potentialAction":[{"@type":"SearchAction","target":{"@type":"EntryPoint","urlTemplate":"https:\/\/www.inverseteams.com\/ca\/?s={search_term_string}"},"query-input":{"@type":"PropertyValueSpecification","valueRequired":true,"valueName":"search_term_string"}}],"inLanguage":"ca"},{"@type":"Organization","@id":"https:\/\/www.inverseteams.com\/ca\/#organization","name":"Inverse Teams","url":"https:\/\/www.inverseteams.com\/ca\/","logo":{"@type":"ImageObject","inLanguage":"ca","@id":"https:\/\/www.inverseteams.com\/ca\/#\/schema\/logo\/image\/","url":"https:\/\/www.inverseteams.com\/wp-content\/uploads\/2021\/03\/logo-inverse-teams.png","contentUrl":"https:\/\/www.inverseteams.com\/wp-content\/uploads\/2021\/03\/logo-inverse-teams.png","width":294,"height":99,"caption":"Inverse Teams"},"image":{"@id":"https:\/\/www.inverseteams.com\/ca\/#\/schema\/logo\/image\/"},"sameAs":["https:\/\/www.facebook.com\/inverseteams","http:\/\/instagram.com\/inverseteams","https:\/\/www.linkedin.com\/company\/inverse-cirosport-s-l-?trk=job_view_topcard_company_name","http:\/\/www.pinterest.com\/inverseteams\/","http:\/\/www.youtube.com\/user\/inverseteams?feature=watch"]}]}},"_links":{"self":[{"href":"https:\/\/www.inverseteams.com\/ca\/wp-json\/wp\/v2\/product\/278157","targetHints":{"allow":["GET"]}}],"collection":[{"href":"https:\/\/www.inverseteams.com\/ca\/wp-json\/wp\/v2\/product"}],"about":[{"href":"https:\/\/www.inverseteams.com\/ca\/wp-json\/wp\/v2\/types\/product"}],"replies":[{"embeddable":true,"href":"https:\/\/www.inverseteams.com\/ca\/wp-json\/wp\/v2\/comments?post=278157"}],"wp:featuredmedia":[{"embeddable":true,"href":"https:\/\/www.inverseteams.com\/ca\/wp-json\/wp\/v2\/media\/278047"}],"wp:attachment":[{"href":"https:\/\/www.inverseteams.com\/ca\/wp-json\/wp\/v2\/media?parent=278157"}],"wp:term":[{"taxonomy":"product_brand","embeddable":true,"href":"https:\/\/www.inverseteams.com\/ca\/wp-json\/wp\/v2\/product_brand?post=278157"},{"taxonomy":"product_cat","embeddable":true,"href":"https:\/\/www.inverseteams.com\/ca\/wp-json\/wp\/v2\/product_cat?post=278157"},{"taxonomy":"product_tag","embeddable":true,"href":"https:\/\/www.inverseteams.com\/ca\/wp-json\/wp\/v2\/product_tag?post=278157"},{"taxonomy":"custom_category","embeddable":true,"href":"https:\/\/www.inverseteams.com\/ca\/wp-json\/wp\/v2\/custom_category?post=278157"},{"taxonomy":"range","embeddable":true,"href":"https:\/\/www.inverseteams.com\/ca\/wp-json\/wp\/v2\/range?post=278157"}],"curies":[{"name":"wp","href":"https:\/\/api.w.org\/{rel}","templated":true}]}}