{"id":277725,"date":"2026-02-05T14:26:28","date_gmt":"2026-02-05T13:26:28","guid":{"rendered":"https:\/\/www.inverseteams.com\/?post_type=product&#038;p=277725"},"modified":"2026-02-05T15:01:17","modified_gmt":"2026-02-05T14:01:17","slug":"samarreta-running-maniga-curta-chase-home","status":"publish","type":"product","link":"https:\/\/www.inverseteams.com\/ca\/producte\/samarreta-running-maniga-curta-chase-home\/","title":{"rendered":"Samarreta running m\u00e0niga curta CHASE (HOME)"},"content":{"rendered":"<p>Disseny i tecnologia es combinen perfectament en aquesta samarreta t\u00e8cnica de running. El seu patronatge, lleugeresa i suavitat et faran sentir molt confortable durant l&#8217;entrenament o la competici\u00f3. \u00c9s una samarreta ideal per als dies assolellats.<br \/>\nL&#8217;acabat Dual Confort System del teixit regula la temperatura corporal i evita el sobreescalfament de la pell. A m\u00e9s, l&#8217;estructura dels seus filaments permet expulsar r\u00e0pidament la suor cap a l&#8217;exterior per mantenir la teva pell seca.<br \/>\nLa nova samarreta de running t&#8217;ajudar\u00e0 a optimitzar els teus esfor\u00e7os i a gaudir de l&#8217;esport a l&#8217;aire lliure.<\/p>\n","protected":false},"excerpt":{"rendered":"<p>Disseny i tecnologia es combinen perfectament en aquesta samarreta t\u00e8cnica de running. El seu patronatge, lleugeresa i suavitat et faran sentir molt confortable durant l&#8217;entrenament o la competici\u00f3. \u00c9s una samarreta ideal per als dies assolellats.<br \/>\nL&#8217;acabat Dual Confort System del teixit regula la temperatura corporal i evita el sobreescalfament de la pell. A m\u00e9s, l&#8217;estructura dels seus filaments permet expulsar r\u00e0pidament la suor cap a l&#8217;exterior per mantenir la teva pell seca.<br \/>\nLa nova samarreta de running t&#8217;ajudar\u00e0 a optimitzar els teus esfor\u00e7os i a gaudir de l&#8217;esport a l&#8217;aire lliure.<\/p>\n","protected":false},"featured_media":277805,"comment_status":"closed","ping_status":"closed","template":"","meta":{"_acf_changed":false},"product_brand":[],"product_cat":[4147,4159,4156,4144],"product_tag":[],"custom_category":[],"range":[],"class_list":{"0":"post-277725","1":"product","2":"type-product","3":"status-publish","4":"has-post-thumbnail","6":"product_cat-camiseta-running-ca","7":"product_cat-camiseta-trail-ca","8":"product_cat-trail-ca","9":"product_cat-running-ca","10":"pa_climatologia-calor-ca","11":"pa_deporte-running-ca","12":"pa_genero-home","13":"pa_patronaje-regular-ca","14":"pa_talla-xs-ca","15":"pa_talla-xxl-ca","16":"pa_talla-l-ca","17":"pa_talla-m-ca","18":"pa_talla-3xl-ca-2","19":"pa_talla-s-ca","20":"pa_talla-xl-ca","21":"pa_tipo-de-prenda-samarreta-running","23":"first","24":"instock","25":"taxable","26":"shipping-taxable","27":"purchasable","28":"product-type-variable"},"acf":[],"yoast_head":"<!-- This site is optimized with the Yoast SEO plugin v27.5 - https:\/\/yoast.com\/product\/yoast-seo-wordpress\/ -->\n<title>Samarreta running m\u00e0niga curta BREEZE (HOME)<\/title>\n<meta name=\"description\" content=\"Samarreta s\u00faper transpirable. Perfecta per fer esport a l&#039;aire lliure i al gimn\u00e0s. L&#039;acabat Dual Confort regula la temperatura de la pell.\" \/>\n<meta name=\"robots\" content=\"index, follow, max-snippet:-1, max-image-preview:large, max-video-preview:-1\" \/>\n<link rel=\"canonical\" href=\"https:\/\/www.inverseteams.com\/ca\/producte\/samarreta-running-maniga-curta-chase-home\/\" \/>\n<meta property=\"og:locale\" content=\"ca_ES\" \/>\n<meta property=\"og:type\" content=\"article\" \/>\n<meta property=\"og:title\" content=\"Samarreta running m\u00e0niga curta BREEZE (HOME)\" \/>\n<meta property=\"og:description\" content=\"Samarreta s\u00faper transpirable. Perfecta per fer esport a l&#039;aire lliure i al gimn\u00e0s. L&#039;acabat Dual Confort regula la temperatura de la pell.\" \/>\n<meta property=\"og:url\" content=\"https:\/\/www.inverseteams.com\/ca\/producte\/samarreta-running-maniga-curta-chase-home\/\" \/>\n<meta property=\"og:site_name\" content=\"Inverseteams\" \/>\n<meta property=\"article:publisher\" content=\"https:\/\/www.facebook.com\/inverseteams\" \/>\n<meta property=\"article:modified_time\" content=\"2026-02-05T14:01:17+00:00\" \/>\n<meta property=\"og:image\" content=\"https:\/\/www.inverseteams.com\/wp-content\/uploads\/INVERSE-CAMISETA-TRAIL-RUNNING-HOMBRE-001.jpg\" \/>\n\t<meta property=\"og:image:width\" content=\"1500\" \/>\n\t<meta property=\"og:image:height\" content=\"1612\" \/>\n\t<meta property=\"og:image:type\" content=\"image\/jpeg\" \/>\n<meta name=\"twitter:card\" content=\"summary_large_image\" \/>\n<meta name=\"twitter:label1\" content=\"Temps estimat de lectura\" \/>\n\t<meta name=\"twitter:data1\" content=\"1 minut\" \/>\n<script type=\"application\/ld+json\" class=\"yoast-schema-graph\">{\"@context\":\"https:\\\/\\\/schema.org\",\"@graph\":[{\"@type\":\"WebPage\",\"@id\":\"https:\\\/\\\/www.inverseteams.com\\\/ca\\\/producte\\\/samarreta-running-maniga-curta-chase-home\\\/\",\"url\":\"https:\\\/\\\/www.inverseteams.com\\\/ca\\\/producte\\\/samarreta-running-maniga-curta-chase-home\\\/\",\"name\":\"Samarreta running m\u00e0niga curta BREEZE (HOME)\",\"isPartOf\":{\"@id\":\"https:\\\/\\\/www.inverseteams.com\\\/ca\\\/#website\"},\"primaryImageOfPage\":{\"@id\":\"https:\\\/\\\/www.inverseteams.com\\\/ca\\\/producte\\\/samarreta-running-maniga-curta-chase-home\\\/#primaryimage\"},\"image\":{\"@id\":\"https:\\\/\\\/www.inverseteams.com\\\/ca\\\/producte\\\/samarreta-running-maniga-curta-chase-home\\\/#primaryimage\"},\"thumbnailUrl\":\"https:\\\/\\\/www.inverseteams.com\\\/wp-content\\\/uploads\\\/INVERSE-CAMISETA-TRAIL-RUNNING-HOMBRE-001.jpg\",\"datePublished\":\"2026-02-05T13:26:28+00:00\",\"dateModified\":\"2026-02-05T14:01:17+00:00\",\"description\":\"Samarreta s\u00faper transpirable. Perfecta per fer esport a l'aire lliure i al gimn\u00e0s. L'acabat Dual Confort regula la temperatura de la pell.\",\"breadcrumb\":{\"@id\":\"https:\\\/\\\/www.inverseteams.com\\\/ca\\\/producte\\\/samarreta-running-maniga-curta-chase-home\\\/#breadcrumb\"},\"inLanguage\":\"ca\",\"potentialAction\":[{\"@type\":\"ReadAction\",\"target\":[\"https:\\\/\\\/www.inverseteams.com\\\/ca\\\/producte\\\/samarreta-running-maniga-curta-chase-home\\\/\"]}]},{\"@type\":\"ImageObject\",\"inLanguage\":\"ca\",\"@id\":\"https:\\\/\\\/www.inverseteams.com\\\/ca\\\/producte\\\/samarreta-running-maniga-curta-chase-home\\\/#primaryimage\",\"url\":\"https:\\\/\\\/www.inverseteams.com\\\/wp-content\\\/uploads\\\/INVERSE-CAMISETA-TRAIL-RUNNING-HOMBRE-001.jpg\",\"contentUrl\":\"https:\\\/\\\/www.inverseteams.com\\\/wp-content\\\/uploads\\\/INVERSE-CAMISETA-TRAIL-RUNNING-HOMBRE-001.jpg\",\"width\":1500,\"height\":1612},{\"@type\":\"BreadcrumbList\",\"@id\":\"https:\\\/\\\/www.inverseteams.com\\\/ca\\\/producte\\\/samarreta-running-maniga-curta-chase-home\\\/#breadcrumb\",\"itemListElement\":[{\"@type\":\"ListItem\",\"position\":1,\"name\":\"Portada\",\"item\":\"https:\\\/\\\/www.inverseteams.com\\\/ca\\\/pagina-principal\\\/\"},{\"@type\":\"ListItem\",\"position\":2,\"name\":\"Botiga\",\"item\":\"https:\\\/\\\/www.inverseteams.com\\\/ca\\\/botiga\\\/\"},{\"@type\":\"ListItem\",\"position\":3,\"name\":\"Samarreta running m\u00e0niga curta CHASE (HOME)\"}]},{\"@type\":\"WebSite\",\"@id\":\"https:\\\/\\\/www.inverseteams.com\\\/ca\\\/#website\",\"url\":\"https:\\\/\\\/www.inverseteams.com\\\/ca\\\/\",\"name\":\"Inverseteams\",\"description\":\"Tu marca de ropa deportiva personalizada\",\"publisher\":{\"@id\":\"https:\\\/\\\/www.inverseteams.com\\\/ca\\\/#organization\"},\"potentialAction\":[{\"@type\":\"SearchAction\",\"target\":{\"@type\":\"EntryPoint\",\"urlTemplate\":\"https:\\\/\\\/www.inverseteams.com\\\/ca\\\/?s={search_term_string}\"},\"query-input\":{\"@type\":\"PropertyValueSpecification\",\"valueRequired\":true,\"valueName\":\"search_term_string\"}}],\"inLanguage\":\"ca\"},{\"@type\":\"Organization\",\"@id\":\"https:\\\/\\\/www.inverseteams.com\\\/ca\\\/#organization\",\"name\":\"Inverse Teams\",\"url\":\"https:\\\/\\\/www.inverseteams.com\\\/ca\\\/\",\"logo\":{\"@type\":\"ImageObject\",\"inLanguage\":\"ca\",\"@id\":\"https:\\\/\\\/www.inverseteams.com\\\/ca\\\/#\\\/schema\\\/logo\\\/image\\\/\",\"url\":\"https:\\\/\\\/www.inverseteams.com\\\/wp-content\\\/uploads\\\/2021\\\/03\\\/logo-inverse-teams.png\",\"contentUrl\":\"https:\\\/\\\/www.inverseteams.com\\\/wp-content\\\/uploads\\\/2021\\\/03\\\/logo-inverse-teams.png\",\"width\":294,\"height\":99,\"caption\":\"Inverse Teams\"},\"image\":{\"@id\":\"https:\\\/\\\/www.inverseteams.com\\\/ca\\\/#\\\/schema\\\/logo\\\/image\\\/\"},\"sameAs\":[\"https:\\\/\\\/www.facebook.com\\\/inverseteams\",\"http:\\\/\\\/instagram.com\\\/inverseteams\",\"https:\\\/\\\/www.linkedin.com\\\/company\\\/inverse-cirosport-s-l-?trk=job_view_topcard_company_name\",\"http:\\\/\\\/www.pinterest.com\\\/inverseteams\\\/\",\"http:\\\/\\\/www.youtube.com\\\/user\\\/inverseteams?feature=watch\"]}]}<\/script>\n<!-- \/ Yoast SEO plugin. -->","yoast_head_json":{"title":"Samarreta running m\u00e0niga curta BREEZE (HOME)","description":"Samarreta s\u00faper transpirable. Perfecta per fer esport a l'aire lliure i al gimn\u00e0s. L'acabat Dual Confort regula la temperatura de la pell.","robots":{"index":"index","follow":"follow","max-snippet":"max-snippet:-1","max-image-preview":"max-image-preview:large","max-video-preview":"max-video-preview:-1"},"canonical":"https:\/\/www.inverseteams.com\/ca\/producte\/samarreta-running-maniga-curta-chase-home\/","og_locale":"ca_ES","og_type":"article","og_title":"Samarreta running m\u00e0niga curta BREEZE (HOME)","og_description":"Samarreta s\u00faper transpirable. Perfecta per fer esport a l'aire lliure i al gimn\u00e0s. L'acabat Dual Confort regula la temperatura de la pell.","og_url":"https:\/\/www.inverseteams.com\/ca\/producte\/samarreta-running-maniga-curta-chase-home\/","og_site_name":"Inverseteams","article_publisher":"https:\/\/www.facebook.com\/inverseteams","article_modified_time":"2026-02-05T14:01:17+00:00","og_image":[{"width":1500,"height":1612,"url":"https:\/\/www.inverseteams.com\/wp-content\/uploads\/INVERSE-CAMISETA-TRAIL-RUNNING-HOMBRE-001.jpg","type":"image\/jpeg"}],"twitter_card":"summary_large_image","twitter_misc":{"Temps estimat de lectura":"1 minut"},"schema":{"@context":"https:\/\/schema.org","@graph":[{"@type":"WebPage","@id":"https:\/\/www.inverseteams.com\/ca\/producte\/samarreta-running-maniga-curta-chase-home\/","url":"https:\/\/www.inverseteams.com\/ca\/producte\/samarreta-running-maniga-curta-chase-home\/","name":"Samarreta running m\u00e0niga curta BREEZE (HOME)","isPartOf":{"@id":"https:\/\/www.inverseteams.com\/ca\/#website"},"primaryImageOfPage":{"@id":"https:\/\/www.inverseteams.com\/ca\/producte\/samarreta-running-maniga-curta-chase-home\/#primaryimage"},"image":{"@id":"https:\/\/www.inverseteams.com\/ca\/producte\/samarreta-running-maniga-curta-chase-home\/#primaryimage"},"thumbnailUrl":"https:\/\/www.inverseteams.com\/wp-content\/uploads\/INVERSE-CAMISETA-TRAIL-RUNNING-HOMBRE-001.jpg","datePublished":"2026-02-05T13:26:28+00:00","dateModified":"2026-02-05T14:01:17+00:00","description":"Samarreta s\u00faper transpirable. Perfecta per fer esport a l'aire lliure i al gimn\u00e0s. L'acabat Dual Confort regula la temperatura de la pell.","breadcrumb":{"@id":"https:\/\/www.inverseteams.com\/ca\/producte\/samarreta-running-maniga-curta-chase-home\/#breadcrumb"},"inLanguage":"ca","potentialAction":[{"@type":"ReadAction","target":["https:\/\/www.inverseteams.com\/ca\/producte\/samarreta-running-maniga-curta-chase-home\/"]}]},{"@type":"ImageObject","inLanguage":"ca","@id":"https:\/\/www.inverseteams.com\/ca\/producte\/samarreta-running-maniga-curta-chase-home\/#primaryimage","url":"https:\/\/www.inverseteams.com\/wp-content\/uploads\/INVERSE-CAMISETA-TRAIL-RUNNING-HOMBRE-001.jpg","contentUrl":"https:\/\/www.inverseteams.com\/wp-content\/uploads\/INVERSE-CAMISETA-TRAIL-RUNNING-HOMBRE-001.jpg","width":1500,"height":1612},{"@type":"BreadcrumbList","@id":"https:\/\/www.inverseteams.com\/ca\/producte\/samarreta-running-maniga-curta-chase-home\/#breadcrumb","itemListElement":[{"@type":"ListItem","position":1,"name":"Portada","item":"https:\/\/www.inverseteams.com\/ca\/pagina-principal\/"},{"@type":"ListItem","position":2,"name":"Botiga","item":"https:\/\/www.inverseteams.com\/ca\/botiga\/"},{"@type":"ListItem","position":3,"name":"Samarreta running m\u00e0niga curta CHASE (HOME)"}]},{"@type":"WebSite","@id":"https:\/\/www.inverseteams.com\/ca\/#website","url":"https:\/\/www.inverseteams.com\/ca\/","name":"Inverseteams","description":"Tu marca de ropa deportiva personalizada","publisher":{"@id":"https:\/\/www.inverseteams.com\/ca\/#organization"},"potentialAction":[{"@type":"SearchAction","target":{"@type":"EntryPoint","urlTemplate":"https:\/\/www.inverseteams.com\/ca\/?s={search_term_string}"},"query-input":{"@type":"PropertyValueSpecification","valueRequired":true,"valueName":"search_term_string"}}],"inLanguage":"ca"},{"@type":"Organization","@id":"https:\/\/www.inverseteams.com\/ca\/#organization","name":"Inverse Teams","url":"https:\/\/www.inverseteams.com\/ca\/","logo":{"@type":"ImageObject","inLanguage":"ca","@id":"https:\/\/www.inverseteams.com\/ca\/#\/schema\/logo\/image\/","url":"https:\/\/www.inverseteams.com\/wp-content\/uploads\/2021\/03\/logo-inverse-teams.png","contentUrl":"https:\/\/www.inverseteams.com\/wp-content\/uploads\/2021\/03\/logo-inverse-teams.png","width":294,"height":99,"caption":"Inverse Teams"},"image":{"@id":"https:\/\/www.inverseteams.com\/ca\/#\/schema\/logo\/image\/"},"sameAs":["https:\/\/www.facebook.com\/inverseteams","http:\/\/instagram.com\/inverseteams","https:\/\/www.linkedin.com\/company\/inverse-cirosport-s-l-?trk=job_view_topcard_company_name","http:\/\/www.pinterest.com\/inverseteams\/","http:\/\/www.youtube.com\/user\/inverseteams?feature=watch"]}]}},"_links":{"self":[{"href":"https:\/\/www.inverseteams.com\/ca\/wp-json\/wp\/v2\/product\/277725","targetHints":{"allow":["GET"]}}],"collection":[{"href":"https:\/\/www.inverseteams.com\/ca\/wp-json\/wp\/v2\/product"}],"about":[{"href":"https:\/\/www.inverseteams.com\/ca\/wp-json\/wp\/v2\/types\/product"}],"replies":[{"embeddable":true,"href":"https:\/\/www.inverseteams.com\/ca\/wp-json\/wp\/v2\/comments?post=277725"}],"wp:featuredmedia":[{"embeddable":true,"href":"https:\/\/www.inverseteams.com\/ca\/wp-json\/wp\/v2\/media\/277805"}],"wp:attachment":[{"href":"https:\/\/www.inverseteams.com\/ca\/wp-json\/wp\/v2\/media?parent=277725"}],"wp:term":[{"taxonomy":"product_brand","embeddable":true,"href":"https:\/\/www.inverseteams.com\/ca\/wp-json\/wp\/v2\/product_brand?post=277725"},{"taxonomy":"product_cat","embeddable":true,"href":"https:\/\/www.inverseteams.com\/ca\/wp-json\/wp\/v2\/product_cat?post=277725"},{"taxonomy":"product_tag","embeddable":true,"href":"https:\/\/www.inverseteams.com\/ca\/wp-json\/wp\/v2\/product_tag?post=277725"},{"taxonomy":"custom_category","embeddable":true,"href":"https:\/\/www.inverseteams.com\/ca\/wp-json\/wp\/v2\/custom_category?post=277725"},{"taxonomy":"range","embeddable":true,"href":"https:\/\/www.inverseteams.com\/ca\/wp-json\/wp\/v2\/range?post=277725"}],"curies":[{"name":"wp","href":"https:\/\/api.w.org\/{rel}","templated":true}]}}