{"id":275262,"date":"2025-11-12T13:27:24","date_gmt":"2025-11-12T13:27:24","guid":{"rendered":"https:\/\/www.inverseteams.com\/?post_type=product&#038;p=275262"},"modified":"2025-11-12T16:28:41","modified_gmt":"2025-11-12T16:28:41","slug":"samarreta-pro-sb21-s","status":"publish","type":"product","link":"https:\/\/www.inverseteams.com\/ca\/producte\/samarreta-pro-sb21-s\/","title":{"rendered":"Samarreta PRO SB21-S"},"content":{"rendered":"<p>Tecnologia DUALFLOW. Fabricada amb dos teixits dissenyats per regular la temperatura corporal de manera intel\u00b7ligent. Els teixits estan tractats amb l&#8217;acabat COOLCOMFORT, que assegura una expulsi\u00f3 f\u00e0cil de la suor cap a l&#8217;exterior, mantenint la pell seca i fresca i garantint una gran comoditat durant tot el partit. El coll i les aixelles estan acabats amb un rivet que aporta una major eleg\u00e0ncia i qualitat.<br \/>\nEl patronatge d&#8217;aquesta samarreta de b\u00e0squet est\u00e0 especialment dissenyat per oferir una llibertat de moviment excel\u00b7lent i un ajustament ergon\u00f2mic que optimitza el rendiment. A m\u00e9s, linterior del coll t\u00e9 un tapacostures molt suau que evita qualsevol tipus de fregament o mol\u00e8stia durant lexercici f\u00edsic.<br \/>\n100% personalitzada amb la t\u00e8cnica de la sublimaci\u00f3. Aix\u00f2 garanteix una resist\u00e8ncia i durada dels colors inigualable. Les tintes utilitzades per a la sublimaci\u00f3 s\u00f3n ecol\u00f2giques, compleixen amb la norma OEKO-TEX\u00ae ECO PASSPORT que certifica que s\u00f3n respectuoses amb el medi ambient i inn\u00f2cues per a la salut.<\/p>\n","protected":false},"excerpt":{"rendered":"<p>Tecnologia DUALFLOW. Fabricada amb dos teixits dissenyats per regular la temperatura corporal de manera intel\u00b7ligent. Els teixits estan tractats amb l&#8217;acabat COOLCOMFORT, que assegura una expulsi\u00f3 f\u00e0cil de la suor cap a l&#8217;exterior, mantenint la pell seca i fresca i garantint una gran comoditat durant tot el partit. El coll i les aixelles estan acabats amb un rivet que aporta una major eleg\u00e0ncia i qualitat.<br \/>\nEl patronatge d&#8217;aquesta samarreta de b\u00e0squet est\u00e0 especialment dissenyat per oferir una llibertat de moviment excel\u00b7lent i un ajustament ergon\u00f2mic que optimitza el rendiment. A m\u00e9s, linterior del coll t\u00e9 un tapacostures molt suau que evita qualsevol tipus de fregament o mol\u00e8stia durant lexercici f\u00edsic.<br \/>\n100% personalitzada amb la t\u00e8cnica de la sublimaci\u00f3. Aix\u00f2 garanteix una resist\u00e8ncia i durada dels colors inigualable. Les tintes utilitzades per a la sublimaci\u00f3 s\u00f3n ecol\u00f2giques, compleixen amb la norma OEKO-TEX\u00ae ECO PASSPORT que certifica que s\u00f3n respectuoses amb el medi ambient i inn\u00f2cues per a la salut.<\/p>\n","protected":false},"featured_media":275232,"comment_status":"closed","ping_status":"closed","template":"","meta":{"_acf_changed":false},"product_brand":[],"product_cat":[8306],"product_tag":[],"custom_category":[15158,20144],"range":[15133],"class_list":{"0":"post-275262","1":"product","2":"type-product","3":"status-publish","4":"has-post-thumbnail","6":"product_cat-uncategorized-ca","7":"pa_climatologia-calor-ca","8":"pa_climatologia-temperatura-temperada","9":"pa_deporte-basquet","10":"pa_genero-home","11":"pa_genero-dona","12":"pa_genero-infantil-ca","13":"pa_patronaje-regular-ca","14":"pa_tipo-de-prenda-samarreta","15":"custom_category-esport-dequip","16":"custom_category-basquet","17":"range-competicio","19":"first","20":"instock","21":"product-type-custom"},"acf":[],"yoast_head":"<!-- This site is optimized with the Yoast SEO plugin v27.5 - https:\/\/yoast.com\/product\/yoast-seo-wordpress\/ -->\n<title>Samarreta PRO SB21-S | Inverseteams<\/title>\n<meta name=\"description\" content=\"Tecnologia DUALFLOW. Fabricada amb dos teixits dissenyats per regular la temperatura corporal de manera intel\u00b7ligent. Els teixits estan tractats amb l&#039;acabat COOLCOMFORT, que assegura una expulsi\u00f3 f\u00e0cil de la suor cap a l&#039;exterior, mantenint la pell seca i fresca i garantint una gran comoditat durant tot el partit. El coll i les aixelles estan acabats amb un rivet que aporta una major eleg\u00e0ncia i qualitat. El patronatge d&#039;aquesta samarreta de b\u00e0squet est\u00e0 especialment dissenyat per oferir una llibertat de moviment excel\u00b7lent i un ajustament ergon\u00f2mic que optimitza el rendiment. A m\u00e9s, linterior del coll t\u00e9 un tapacostures molt suau que evita qualsevol tipus de fregament o mol\u00e8stia durant lexercici f\u00edsic. 100% personalitzada amb la t\u00e8cnica de la sublimaci\u00f3. Aix\u00f2 garanteix una resist\u00e8ncia i durada dels colors inigualable. Les tintes utilitzades per a la sublimaci\u00f3 s\u00f3n ecol\u00f2giques, compleixen amb la norma OEKO-TEX\u00ae ECO PASSPORT que certifica que s\u00f3n respectuoses amb el medi ambient i inn\u00f2cues per a la salut.\" \/>\n<meta name=\"robots\" content=\"index, follow, max-snippet:-1, max-image-preview:large, max-video-preview:-1\" \/>\n<link rel=\"canonical\" href=\"https:\/\/www.inverseteams.com\/ca\/producte\/samarreta-pro-sb21-s\/\" \/>\n<meta property=\"og:locale\" content=\"ca_ES\" \/>\n<meta property=\"og:type\" content=\"article\" \/>\n<meta property=\"og:title\" content=\"Samarreta PRO SB21-S | Inverseteams\" \/>\n<meta property=\"og:description\" content=\"Tecnologia DUALFLOW. Fabricada amb dos teixits dissenyats per regular la temperatura corporal de manera intel\u00b7ligent. Els teixits estan tractats amb l&#039;acabat COOLCOMFORT, que assegura una expulsi\u00f3 f\u00e0cil de la suor cap a l&#039;exterior, mantenint la pell seca i fresca i garantint una gran comoditat durant tot el partit. El coll i les aixelles estan acabats amb un rivet que aporta una major eleg\u00e0ncia i qualitat. El patronatge d&#039;aquesta samarreta de b\u00e0squet est\u00e0 especialment dissenyat per oferir una llibertat de moviment excel\u00b7lent i un ajustament ergon\u00f2mic que optimitza el rendiment. A m\u00e9s, linterior del coll t\u00e9 un tapacostures molt suau que evita qualsevol tipus de fregament o mol\u00e8stia durant lexercici f\u00edsic. 100% personalitzada amb la t\u00e8cnica de la sublimaci\u00f3. Aix\u00f2 garanteix una resist\u00e8ncia i durada dels colors inigualable. Les tintes utilitzades per a la sublimaci\u00f3 s\u00f3n ecol\u00f2giques, compleixen amb la norma OEKO-TEX\u00ae ECO PASSPORT que certifica que s\u00f3n respectuoses amb el medi ambient i inn\u00f2cues per a la salut.\" \/>\n<meta property=\"og:url\" content=\"https:\/\/www.inverseteams.com\/ca\/producte\/samarreta-pro-sb21-s\/\" \/>\n<meta property=\"og:site_name\" content=\"Inverseteams\" \/>\n<meta property=\"article:publisher\" content=\"https:\/\/www.facebook.com\/inverseteams\" \/>\n<meta property=\"article:modified_time\" content=\"2025-11-12T16:28:41+00:00\" \/>\n<meta property=\"og:image\" content=\"https:\/\/www.inverseteams.com\/wp-content\/uploads\/INVERSE-BASKET-PRO-SB21-S-1.jpg\" \/>\n\t<meta property=\"og:image:width\" content=\"1500\" \/>\n\t<meta property=\"og:image:height\" content=\"1612\" \/>\n\t<meta property=\"og:image:type\" content=\"image\/jpeg\" \/>\n<meta name=\"twitter:card\" content=\"summary_large_image\" \/>\n<meta name=\"twitter:label1\" content=\"Temps estimat de lectura\" \/>\n\t<meta name=\"twitter:data1\" content=\"1 minut\" \/>\n<script type=\"application\/ld+json\" class=\"yoast-schema-graph\">{\"@context\":\"https:\\\/\\\/schema.org\",\"@graph\":[{\"@type\":\"WebPage\",\"@id\":\"https:\\\/\\\/www.inverseteams.com\\\/ca\\\/producte\\\/samarreta-pro-sb21-s\\\/\",\"url\":\"https:\\\/\\\/www.inverseteams.com\\\/ca\\\/producte\\\/samarreta-pro-sb21-s\\\/\",\"name\":\"Samarreta PRO SB21-S | Inverseteams\",\"isPartOf\":{\"@id\":\"https:\\\/\\\/www.inverseteams.com\\\/ca\\\/#website\"},\"primaryImageOfPage\":{\"@id\":\"https:\\\/\\\/www.inverseteams.com\\\/ca\\\/producte\\\/samarreta-pro-sb21-s\\\/#primaryimage\"},\"image\":{\"@id\":\"https:\\\/\\\/www.inverseteams.com\\\/ca\\\/producte\\\/samarreta-pro-sb21-s\\\/#primaryimage\"},\"thumbnailUrl\":\"https:\\\/\\\/www.inverseteams.com\\\/wp-content\\\/uploads\\\/INVERSE-BASKET-PRO-SB21-S-1.jpg\",\"datePublished\":\"2025-11-12T13:27:24+00:00\",\"dateModified\":\"2025-11-12T16:28:41+00:00\",\"description\":\"Tecnologia DUALFLOW. Fabricada amb dos teixits dissenyats per regular la temperatura corporal de manera intel\u00b7ligent. Els teixits estan tractats amb l'acabat COOLCOMFORT, que assegura una expulsi\u00f3 f\u00e0cil de la suor cap a l'exterior, mantenint la pell seca i fresca i garantint una gran comoditat durant tot el partit. El coll i les aixelles estan acabats amb un rivet que aporta una major eleg\u00e0ncia i qualitat. El patronatge d'aquesta samarreta de b\u00e0squet est\u00e0 especialment dissenyat per oferir una llibertat de moviment excel\u00b7lent i un ajustament ergon\u00f2mic que optimitza el rendiment. A m\u00e9s, linterior del coll t\u00e9 un tapacostures molt suau que evita qualsevol tipus de fregament o mol\u00e8stia durant lexercici f\u00edsic. 100% personalitzada amb la t\u00e8cnica de la sublimaci\u00f3. Aix\u00f2 garanteix una resist\u00e8ncia i durada dels colors inigualable. Les tintes utilitzades per a la sublimaci\u00f3 s\u00f3n ecol\u00f2giques, compleixen amb la norma OEKO-TEX\u00ae ECO PASSPORT que certifica que s\u00f3n respectuoses amb el medi ambient i inn\u00f2cues per a la salut.\",\"breadcrumb\":{\"@id\":\"https:\\\/\\\/www.inverseteams.com\\\/ca\\\/producte\\\/samarreta-pro-sb21-s\\\/#breadcrumb\"},\"inLanguage\":\"ca\",\"potentialAction\":[{\"@type\":\"ReadAction\",\"target\":[\"https:\\\/\\\/www.inverseteams.com\\\/ca\\\/producte\\\/samarreta-pro-sb21-s\\\/\"]}]},{\"@type\":\"ImageObject\",\"inLanguage\":\"ca\",\"@id\":\"https:\\\/\\\/www.inverseteams.com\\\/ca\\\/producte\\\/samarreta-pro-sb21-s\\\/#primaryimage\",\"url\":\"https:\\\/\\\/www.inverseteams.com\\\/wp-content\\\/uploads\\\/INVERSE-BASKET-PRO-SB21-S-1.jpg\",\"contentUrl\":\"https:\\\/\\\/www.inverseteams.com\\\/wp-content\\\/uploads\\\/INVERSE-BASKET-PRO-SB21-S-1.jpg\",\"width\":1500,\"height\":1612},{\"@type\":\"BreadcrumbList\",\"@id\":\"https:\\\/\\\/www.inverseteams.com\\\/ca\\\/producte\\\/samarreta-pro-sb21-s\\\/#breadcrumb\",\"itemListElement\":[{\"@type\":\"ListItem\",\"position\":1,\"name\":\"Portada\",\"item\":\"https:\\\/\\\/www.inverseteams.com\\\/ca\\\/pagina-principal\\\/\"},{\"@type\":\"ListItem\",\"position\":2,\"name\":\"Botiga\",\"item\":\"https:\\\/\\\/www.inverseteams.com\\\/ca\\\/botiga\\\/\"},{\"@type\":\"ListItem\",\"position\":3,\"name\":\"Samarreta PRO SB21-S\"}]},{\"@type\":\"WebSite\",\"@id\":\"https:\\\/\\\/www.inverseteams.com\\\/ca\\\/#website\",\"url\":\"https:\\\/\\\/www.inverseteams.com\\\/ca\\\/\",\"name\":\"Inverseteams\",\"description\":\"Tu marca de ropa deportiva personalizada\",\"publisher\":{\"@id\":\"https:\\\/\\\/www.inverseteams.com\\\/ca\\\/#organization\"},\"potentialAction\":[{\"@type\":\"SearchAction\",\"target\":{\"@type\":\"EntryPoint\",\"urlTemplate\":\"https:\\\/\\\/www.inverseteams.com\\\/ca\\\/?s={search_term_string}\"},\"query-input\":{\"@type\":\"PropertyValueSpecification\",\"valueRequired\":true,\"valueName\":\"search_term_string\"}}],\"inLanguage\":\"ca\"},{\"@type\":\"Organization\",\"@id\":\"https:\\\/\\\/www.inverseteams.com\\\/ca\\\/#organization\",\"name\":\"Inverse Teams\",\"url\":\"https:\\\/\\\/www.inverseteams.com\\\/ca\\\/\",\"logo\":{\"@type\":\"ImageObject\",\"inLanguage\":\"ca\",\"@id\":\"https:\\\/\\\/www.inverseteams.com\\\/ca\\\/#\\\/schema\\\/logo\\\/image\\\/\",\"url\":\"https:\\\/\\\/www.inverseteams.com\\\/wp-content\\\/uploads\\\/2021\\\/03\\\/logo-inverse-teams.png\",\"contentUrl\":\"https:\\\/\\\/www.inverseteams.com\\\/wp-content\\\/uploads\\\/2021\\\/03\\\/logo-inverse-teams.png\",\"width\":294,\"height\":99,\"caption\":\"Inverse Teams\"},\"image\":{\"@id\":\"https:\\\/\\\/www.inverseteams.com\\\/ca\\\/#\\\/schema\\\/logo\\\/image\\\/\"},\"sameAs\":[\"https:\\\/\\\/www.facebook.com\\\/inverseteams\",\"http:\\\/\\\/instagram.com\\\/inverseteams\",\"https:\\\/\\\/www.linkedin.com\\\/company\\\/inverse-cirosport-s-l-?trk=job_view_topcard_company_name\",\"http:\\\/\\\/www.pinterest.com\\\/inverseteams\\\/\",\"http:\\\/\\\/www.youtube.com\\\/user\\\/inverseteams?feature=watch\"]}]}<\/script>\n<!-- \/ Yoast SEO plugin. -->","yoast_head_json":{"title":"Samarreta PRO SB21-S | Inverseteams","description":"Tecnologia DUALFLOW. Fabricada amb dos teixits dissenyats per regular la temperatura corporal de manera intel\u00b7ligent. Els teixits estan tractats amb l'acabat COOLCOMFORT, que assegura una expulsi\u00f3 f\u00e0cil de la suor cap a l'exterior, mantenint la pell seca i fresca i garantint una gran comoditat durant tot el partit. El coll i les aixelles estan acabats amb un rivet que aporta una major eleg\u00e0ncia i qualitat. El patronatge d'aquesta samarreta de b\u00e0squet est\u00e0 especialment dissenyat per oferir una llibertat de moviment excel\u00b7lent i un ajustament ergon\u00f2mic que optimitza el rendiment. A m\u00e9s, linterior del coll t\u00e9 un tapacostures molt suau que evita qualsevol tipus de fregament o mol\u00e8stia durant lexercici f\u00edsic. 100% personalitzada amb la t\u00e8cnica de la sublimaci\u00f3. Aix\u00f2 garanteix una resist\u00e8ncia i durada dels colors inigualable. Les tintes utilitzades per a la sublimaci\u00f3 s\u00f3n ecol\u00f2giques, compleixen amb la norma OEKO-TEX\u00ae ECO PASSPORT que certifica que s\u00f3n respectuoses amb el medi ambient i inn\u00f2cues per a la salut.","robots":{"index":"index","follow":"follow","max-snippet":"max-snippet:-1","max-image-preview":"max-image-preview:large","max-video-preview":"max-video-preview:-1"},"canonical":"https:\/\/www.inverseteams.com\/ca\/producte\/samarreta-pro-sb21-s\/","og_locale":"ca_ES","og_type":"article","og_title":"Samarreta PRO SB21-S | Inverseteams","og_description":"Tecnologia DUALFLOW. Fabricada amb dos teixits dissenyats per regular la temperatura corporal de manera intel\u00b7ligent. Els teixits estan tractats amb l'acabat COOLCOMFORT, que assegura una expulsi\u00f3 f\u00e0cil de la suor cap a l'exterior, mantenint la pell seca i fresca i garantint una gran comoditat durant tot el partit. El coll i les aixelles estan acabats amb un rivet que aporta una major eleg\u00e0ncia i qualitat. El patronatge d'aquesta samarreta de b\u00e0squet est\u00e0 especialment dissenyat per oferir una llibertat de moviment excel\u00b7lent i un ajustament ergon\u00f2mic que optimitza el rendiment. A m\u00e9s, linterior del coll t\u00e9 un tapacostures molt suau que evita qualsevol tipus de fregament o mol\u00e8stia durant lexercici f\u00edsic. 100% personalitzada amb la t\u00e8cnica de la sublimaci\u00f3. Aix\u00f2 garanteix una resist\u00e8ncia i durada dels colors inigualable. Les tintes utilitzades per a la sublimaci\u00f3 s\u00f3n ecol\u00f2giques, compleixen amb la norma OEKO-TEX\u00ae ECO PASSPORT que certifica que s\u00f3n respectuoses amb el medi ambient i inn\u00f2cues per a la salut.","og_url":"https:\/\/www.inverseteams.com\/ca\/producte\/samarreta-pro-sb21-s\/","og_site_name":"Inverseteams","article_publisher":"https:\/\/www.facebook.com\/inverseteams","article_modified_time":"2025-11-12T16:28:41+00:00","og_image":[{"width":1500,"height":1612,"url":"https:\/\/www.inverseteams.com\/wp-content\/uploads\/INVERSE-BASKET-PRO-SB21-S-1.jpg","type":"image\/jpeg"}],"twitter_card":"summary_large_image","twitter_misc":{"Temps estimat de lectura":"1 minut"},"schema":{"@context":"https:\/\/schema.org","@graph":[{"@type":"WebPage","@id":"https:\/\/www.inverseteams.com\/ca\/producte\/samarreta-pro-sb21-s\/","url":"https:\/\/www.inverseteams.com\/ca\/producte\/samarreta-pro-sb21-s\/","name":"Samarreta PRO SB21-S | Inverseteams","isPartOf":{"@id":"https:\/\/www.inverseteams.com\/ca\/#website"},"primaryImageOfPage":{"@id":"https:\/\/www.inverseteams.com\/ca\/producte\/samarreta-pro-sb21-s\/#primaryimage"},"image":{"@id":"https:\/\/www.inverseteams.com\/ca\/producte\/samarreta-pro-sb21-s\/#primaryimage"},"thumbnailUrl":"https:\/\/www.inverseteams.com\/wp-content\/uploads\/INVERSE-BASKET-PRO-SB21-S-1.jpg","datePublished":"2025-11-12T13:27:24+00:00","dateModified":"2025-11-12T16:28:41+00:00","description":"Tecnologia DUALFLOW. Fabricada amb dos teixits dissenyats per regular la temperatura corporal de manera intel\u00b7ligent. Els teixits estan tractats amb l'acabat COOLCOMFORT, que assegura una expulsi\u00f3 f\u00e0cil de la suor cap a l'exterior, mantenint la pell seca i fresca i garantint una gran comoditat durant tot el partit. El coll i les aixelles estan acabats amb un rivet que aporta una major eleg\u00e0ncia i qualitat. El patronatge d'aquesta samarreta de b\u00e0squet est\u00e0 especialment dissenyat per oferir una llibertat de moviment excel\u00b7lent i un ajustament ergon\u00f2mic que optimitza el rendiment. A m\u00e9s, linterior del coll t\u00e9 un tapacostures molt suau que evita qualsevol tipus de fregament o mol\u00e8stia durant lexercici f\u00edsic. 100% personalitzada amb la t\u00e8cnica de la sublimaci\u00f3. Aix\u00f2 garanteix una resist\u00e8ncia i durada dels colors inigualable. Les tintes utilitzades per a la sublimaci\u00f3 s\u00f3n ecol\u00f2giques, compleixen amb la norma OEKO-TEX\u00ae ECO PASSPORT que certifica que s\u00f3n respectuoses amb el medi ambient i inn\u00f2cues per a la salut.","breadcrumb":{"@id":"https:\/\/www.inverseteams.com\/ca\/producte\/samarreta-pro-sb21-s\/#breadcrumb"},"inLanguage":"ca","potentialAction":[{"@type":"ReadAction","target":["https:\/\/www.inverseteams.com\/ca\/producte\/samarreta-pro-sb21-s\/"]}]},{"@type":"ImageObject","inLanguage":"ca","@id":"https:\/\/www.inverseteams.com\/ca\/producte\/samarreta-pro-sb21-s\/#primaryimage","url":"https:\/\/www.inverseteams.com\/wp-content\/uploads\/INVERSE-BASKET-PRO-SB21-S-1.jpg","contentUrl":"https:\/\/www.inverseteams.com\/wp-content\/uploads\/INVERSE-BASKET-PRO-SB21-S-1.jpg","width":1500,"height":1612},{"@type":"BreadcrumbList","@id":"https:\/\/www.inverseteams.com\/ca\/producte\/samarreta-pro-sb21-s\/#breadcrumb","itemListElement":[{"@type":"ListItem","position":1,"name":"Portada","item":"https:\/\/www.inverseteams.com\/ca\/pagina-principal\/"},{"@type":"ListItem","position":2,"name":"Botiga","item":"https:\/\/www.inverseteams.com\/ca\/botiga\/"},{"@type":"ListItem","position":3,"name":"Samarreta PRO SB21-S"}]},{"@type":"WebSite","@id":"https:\/\/www.inverseteams.com\/ca\/#website","url":"https:\/\/www.inverseteams.com\/ca\/","name":"Inverseteams","description":"Tu marca de ropa deportiva personalizada","publisher":{"@id":"https:\/\/www.inverseteams.com\/ca\/#organization"},"potentialAction":[{"@type":"SearchAction","target":{"@type":"EntryPoint","urlTemplate":"https:\/\/www.inverseteams.com\/ca\/?s={search_term_string}"},"query-input":{"@type":"PropertyValueSpecification","valueRequired":true,"valueName":"search_term_string"}}],"inLanguage":"ca"},{"@type":"Organization","@id":"https:\/\/www.inverseteams.com\/ca\/#organization","name":"Inverse Teams","url":"https:\/\/www.inverseteams.com\/ca\/","logo":{"@type":"ImageObject","inLanguage":"ca","@id":"https:\/\/www.inverseteams.com\/ca\/#\/schema\/logo\/image\/","url":"https:\/\/www.inverseteams.com\/wp-content\/uploads\/2021\/03\/logo-inverse-teams.png","contentUrl":"https:\/\/www.inverseteams.com\/wp-content\/uploads\/2021\/03\/logo-inverse-teams.png","width":294,"height":99,"caption":"Inverse Teams"},"image":{"@id":"https:\/\/www.inverseteams.com\/ca\/#\/schema\/logo\/image\/"},"sameAs":["https:\/\/www.facebook.com\/inverseteams","http:\/\/instagram.com\/inverseteams","https:\/\/www.linkedin.com\/company\/inverse-cirosport-s-l-?trk=job_view_topcard_company_name","http:\/\/www.pinterest.com\/inverseteams\/","http:\/\/www.youtube.com\/user\/inverseteams?feature=watch"]}]}},"_links":{"self":[{"href":"https:\/\/www.inverseteams.com\/ca\/wp-json\/wp\/v2\/product\/275262","targetHints":{"allow":["GET"]}}],"collection":[{"href":"https:\/\/www.inverseteams.com\/ca\/wp-json\/wp\/v2\/product"}],"about":[{"href":"https:\/\/www.inverseteams.com\/ca\/wp-json\/wp\/v2\/types\/product"}],"replies":[{"embeddable":true,"href":"https:\/\/www.inverseteams.com\/ca\/wp-json\/wp\/v2\/comments?post=275262"}],"wp:featuredmedia":[{"embeddable":true,"href":"https:\/\/www.inverseteams.com\/ca\/wp-json\/wp\/v2\/media\/275232"}],"wp:attachment":[{"href":"https:\/\/www.inverseteams.com\/ca\/wp-json\/wp\/v2\/media?parent=275262"}],"wp:term":[{"taxonomy":"product_brand","embeddable":true,"href":"https:\/\/www.inverseteams.com\/ca\/wp-json\/wp\/v2\/product_brand?post=275262"},{"taxonomy":"product_cat","embeddable":true,"href":"https:\/\/www.inverseteams.com\/ca\/wp-json\/wp\/v2\/product_cat?post=275262"},{"taxonomy":"product_tag","embeddable":true,"href":"https:\/\/www.inverseteams.com\/ca\/wp-json\/wp\/v2\/product_tag?post=275262"},{"taxonomy":"custom_category","embeddable":true,"href":"https:\/\/www.inverseteams.com\/ca\/wp-json\/wp\/v2\/custom_category?post=275262"},{"taxonomy":"range","embeddable":true,"href":"https:\/\/www.inverseteams.com\/ca\/wp-json\/wp\/v2\/range?post=275262"}],"curies":[{"name":"wp","href":"https:\/\/api.w.org\/{rel}","templated":true}]}}