{"id":269410,"date":"2025-10-03T15:38:10","date_gmt":"2025-10-03T15:38:10","guid":{"rendered":"https:\/\/www.inverseteams.com\/?post_type=product&#038;p=269410"},"modified":"2026-02-20T11:55:54","modified_gmt":"2026-02-20T10:55:54","slug":"pantalo-ciclista-pure-kendra-black-dona-2","status":"publish","type":"product","link":"https:\/\/www.inverseteams.com\/ca\/producte\/pantalo-ciclista-pure-kendra-black-dona-2\/","title":{"rendered":"Pantal\u00f3 ciclista PURE KENDRA BLACK (DONA)"},"content":{"rendered":"<p>L&#8217;evoluci\u00f3 del culot de gamma alta per a dones destaca pel seu noved\u00f3s tirant integral que facilita l&#8217;acci\u00f3 de baixar-se el culot sense necessitat de treure&#8217;s el mallot. Aquest nou sistema desenvolupat per Inverse es diu FLEXYGO i ha estat testat per nombroses ciclistes. S&#8217;adapta perfectament a la posici\u00f3 de la ciclista, subjecta els pantalons ciclistes sense incomodar i permet anar al lavabo r\u00e0pida i c\u00f2modament.<br \/>\n\u00c9s un culot ideal per combatre el fred i poder gaudir del ciclisme durant l\u2019hivern. El teixit SUPERROUBAIX que el composa ret\u00e9 l\u2019escalfor corporal i mant\u00e9 la compressi\u00f3 muscular necess\u00e0ria per retardar la fatiga. La seva elasticitat et permetr\u00e0 una gran llibertat de moviments. Els panells del pantal\u00f3 ciclista estan dissenyats perqu\u00e8 s\u2019adaptin perfectament a les diferents posicions del pedaleig. No notar\u00e0s cap mol\u00e8stia.<br \/>\nAl final de les cames t\u00e9 una banda el\u00e0stica amb un grip de silicona hipoal\u00b7lerg\u00e8nica al seu interior. Aquesta mant\u00e9 el pantal\u00f3 ben subjecte a la cama. A la zona posterior t\u00e9 detalls reflectants que augmentaran la teva seguretat ja que reflectiran la llum dels vehicles.<br \/>\nEquipat amb la badana MUSTANG d&#8217;Elastic interface dissenyada amb 3 densitats que s\u2019adaptar\u00e0 a la teva anatomia i estil de pedaleig.<\/p>\n","protected":false},"excerpt":{"rendered":"<p>L&#8217;evoluci\u00f3 del culot de gamma alta per a dones destaca pel seu noved\u00f3s tirant integral que facilita l&#8217;acci\u00f3 de baixar-se el culot sense necessitat de treure&#8217;s el mallot. Aquest nou sistema desenvolupat per Inverse es diu FLEXYGO i ha estat testat per nombroses ciclistes. S&#8217;adapta perfectament a la posici\u00f3 de la ciclista, subjecta els pantalons ciclistes sense incomodar i permet anar al lavabo r\u00e0pida i c\u00f2modament.<br \/>\n\u00c9s un culot ideal per combatre el fred i poder gaudir del ciclisme durant l\u2019hivern. El teixit SUPERROUBAIX que el composa ret\u00e9 l\u2019escalfor corporal i mant\u00e9 la compressi\u00f3 muscular necess\u00e0ria per retardar la fatiga. La seva elasticitat et permetr\u00e0 una gran llibertat de moviments. Els panells del pantal\u00f3 ciclista estan dissenyats perqu\u00e8 s\u2019adaptin perfectament a les diferents posicions del pedaleig. No notar\u00e0s cap mol\u00e8stia.<br \/>\nAl final de les cames t\u00e9 una banda el\u00e0stica amb un grip de silicona hipoal\u00b7lerg\u00e8nica al seu interior. Aquesta mant\u00e9 el pantal\u00f3 ben subjecte a la cama. A la zona posterior t\u00e9 detalls reflectants que augmentaran la teva seguretat ja que reflectiran la llum dels vehicles.<br \/>\nEquipat amb la badana MUSTANG d&#8217;Elastic interface dissenyada amb 3 densitats que s\u2019adaptar\u00e0 a la teva anatomia i estil de pedaleig.<\/p>\n","protected":false},"featured_media":269806,"comment_status":"closed","ping_status":"closed","template":"","meta":{"_acf_changed":false},"product_brand":[],"product_cat":[4110,4126,4130,7175],"product_tag":[],"custom_category":[],"range":[],"class_list":{"0":"post-269410","1":"product","2":"type-product","3":"status-publish","4":"has-post-thumbnail","6":"product_cat-ciclisme","7":"product_cat-culotte-ciclista-ca","8":"product_cat-pantalon-ciclista-ca","9":"product_cat-b2b-ca","10":"pa_climatologia-fred","11":"pa_deporte-ciclisme","12":"pa_genero-dona","13":"pa_patronaje-fit-ca","14":"pa_talla-l-ca","15":"pa_talla-m-ca","16":"pa_talla-s-ca","17":"pa_talla-xl-ca","18":"pa_talla-xs-ca","19":"pa_tipo-de-prenda-culot-llarg","21":"first","22":"instock","23":"taxable","24":"shipping-taxable","25":"purchasable","26":"product-type-variable","27":"has-default-attributes"},"acf":[],"yoast_head":"<!-- This site is optimized with the Yoast SEO plugin v27.3 - https:\/\/yoast.com\/product\/yoast-seo-wordpress\/ -->\n<title>Pantal\u00f3 ciclista PURE KENDRA BLACK (DONA)<\/title>\n<meta name=\"description\" content=\"L&#039;evoluci\u00f3 del culot de gamma alta per a dones destaca pel seu noved\u00f3s tirant integral que facilita l&#039;acci\u00f3 de baixar-se el culot sense necessitat de treure&#039;s el mallot. Aquest nou sistema desenvolupat per Inverse es diu FLEXYGO i ha estat testat per nombroses ciclistes. S&#039;adapta perfectament a la posici\u00f3 de la ciclista, subjecta els pantalons ciclistes sense incomodar i permet anar al lavabo r\u00e0pida i c\u00f2modament. \u00c9s un culot ideal per combatre el fred i poder gaudir del ciclisme durant l\u2019hivern. El teixit SUPERROUBAIX que el composa ret\u00e9 l\u2019escalfor corporal i mant\u00e9 la compressi\u00f3 muscular necess\u00e0ria per retardar la fatiga. La seva elasticitat et permetr\u00e0 una gran llibertat de moviments. Els panells del pantal\u00f3 ciclista estan dissenyats perqu\u00e8 s\u2019adaptin perfectament a les diferents posicions del pedaleig. No notar\u00e0s cap mol\u00e8stia. Al final de les cames t\u00e9 una banda el\u00e0stica amb un grip de silicona hipoal\u00b7lerg\u00e8nica al seu interior. Aquesta mant\u00e9 el pantal\u00f3 ben subjecte a la cama. A la zona posterior t\u00e9 detalls reflectants que augmentaran la teva seguretat ja que reflectiran la llum dels vehicles. Equipat amb la badana MUSTANG d&#039;Elastic interface dissenyada amb 3 densitats que s\u2019adaptar\u00e0 a la teva anatomia i estil de pedaleig.\" \/>\n<meta name=\"robots\" content=\"index, follow, max-snippet:-1, max-image-preview:large, max-video-preview:-1\" \/>\n<link rel=\"canonical\" href=\"https:\/\/www.inverseteams.com\/ca\/producte\/pantalo-ciclista-pure-kendra-black-dona-2\/\" \/>\n<meta property=\"og:locale\" content=\"ca_ES\" \/>\n<meta property=\"og:type\" content=\"article\" \/>\n<meta property=\"og:title\" content=\"Pantal\u00f3 ciclista PURE KENDRA BLACK (DONA)\" \/>\n<meta property=\"og:description\" content=\"L&#039;evoluci\u00f3 del culot de gamma alta per a dones destaca pel seu noved\u00f3s tirant integral que facilita l&#039;acci\u00f3 de baixar-se el culot sense necessitat de treure&#039;s el mallot. Aquest nou sistema desenvolupat per Inverse es diu FLEXYGO i ha estat testat per nombroses ciclistes. S&#039;adapta perfectament a la posici\u00f3 de la ciclista, subjecta els pantalons ciclistes sense incomodar i permet anar al lavabo r\u00e0pida i c\u00f2modament. \u00c9s un culot ideal per combatre el fred i poder gaudir del ciclisme durant l\u2019hivern. El teixit SUPERROUBAIX que el composa ret\u00e9 l\u2019escalfor corporal i mant\u00e9 la compressi\u00f3 muscular necess\u00e0ria per retardar la fatiga. La seva elasticitat et permetr\u00e0 una gran llibertat de moviments. Els panells del pantal\u00f3 ciclista estan dissenyats perqu\u00e8 s\u2019adaptin perfectament a les diferents posicions del pedaleig. No notar\u00e0s cap mol\u00e8stia. Al final de les cames t\u00e9 una banda el\u00e0stica amb un grip de silicona hipoal\u00b7lerg\u00e8nica al seu interior. Aquesta mant\u00e9 el pantal\u00f3 ben subjecte a la cama. A la zona posterior t\u00e9 detalls reflectants que augmentaran la teva seguretat ja que reflectiran la llum dels vehicles. Equipat amb la badana MUSTANG d&#039;Elastic interface dissenyada amb 3 densitats que s\u2019adaptar\u00e0 a la teva anatomia i estil de pedaleig.\" \/>\n<meta property=\"og:url\" content=\"https:\/\/www.inverseteams.com\/ca\/producte\/pantalo-ciclista-pure-kendra-black-dona-2\/\" \/>\n<meta property=\"og:site_name\" content=\"Inverseteams\" \/>\n<meta property=\"article:publisher\" content=\"https:\/\/www.facebook.com\/inverseteams\" \/>\n<meta property=\"article:modified_time\" content=\"2026-02-20T10:55:54+00:00\" \/>\n<meta property=\"og:image\" content=\"https:\/\/www.inverseteams.com\/wp-content\/uploads\/INVERSE-CULOTTE-MUJER-PURE-KENDRA-BLACK-001.jpg\" \/>\n\t<meta property=\"og:image:width\" content=\"1500\" \/>\n\t<meta property=\"og:image:height\" content=\"1612\" \/>\n\t<meta property=\"og:image:type\" content=\"image\/jpeg\" \/>\n<meta name=\"twitter:card\" content=\"summary_large_image\" \/>\n<meta name=\"twitter:label1\" content=\"Temps estimat de lectura\" \/>\n\t<meta name=\"twitter:data1\" content=\"2 minut\" \/>\n<script type=\"application\/ld+json\" class=\"yoast-schema-graph\">{\"@context\":\"https:\\\/\\\/schema.org\",\"@graph\":[{\"@type\":\"WebPage\",\"@id\":\"https:\\\/\\\/www.inverseteams.com\\\/ca\\\/producte\\\/pantalo-ciclista-pure-kendra-black-dona-2\\\/\",\"url\":\"https:\\\/\\\/www.inverseteams.com\\\/ca\\\/producte\\\/pantalo-ciclista-pure-kendra-black-dona-2\\\/\",\"name\":\"Pantal\u00f3 ciclista PURE KENDRA BLACK (DONA)\",\"isPartOf\":{\"@id\":\"https:\\\/\\\/www.inverseteams.com\\\/ca\\\/#website\"},\"primaryImageOfPage\":{\"@id\":\"https:\\\/\\\/www.inverseteams.com\\\/ca\\\/producte\\\/pantalo-ciclista-pure-kendra-black-dona-2\\\/#primaryimage\"},\"image\":{\"@id\":\"https:\\\/\\\/www.inverseteams.com\\\/ca\\\/producte\\\/pantalo-ciclista-pure-kendra-black-dona-2\\\/#primaryimage\"},\"thumbnailUrl\":\"https:\\\/\\\/www.inverseteams.com\\\/wp-content\\\/uploads\\\/INVERSE-CULOTTE-MUJER-PURE-KENDRA-BLACK-001.jpg\",\"datePublished\":\"2025-10-03T15:38:10+00:00\",\"dateModified\":\"2026-02-20T10:55:54+00:00\",\"description\":\"L'evoluci\u00f3 del culot de gamma alta per a dones destaca pel seu noved\u00f3s tirant integral que facilita l'acci\u00f3 de baixar-se el culot sense necessitat de treure's el mallot. Aquest nou sistema desenvolupat per Inverse es diu FLEXYGO i ha estat testat per nombroses ciclistes. S'adapta perfectament a la posici\u00f3 de la ciclista, subjecta els pantalons ciclistes sense incomodar i permet anar al lavabo r\u00e0pida i c\u00f2modament. \u00c9s un culot ideal per combatre el fred i poder gaudir del ciclisme durant l\u2019hivern. El teixit SUPERROUBAIX que el composa ret\u00e9 l\u2019escalfor corporal i mant\u00e9 la compressi\u00f3 muscular necess\u00e0ria per retardar la fatiga. La seva elasticitat et permetr\u00e0 una gran llibertat de moviments. Els panells del pantal\u00f3 ciclista estan dissenyats perqu\u00e8 s\u2019adaptin perfectament a les diferents posicions del pedaleig. No notar\u00e0s cap mol\u00e8stia. Al final de les cames t\u00e9 una banda el\u00e0stica amb un grip de silicona hipoal\u00b7lerg\u00e8nica al seu interior. Aquesta mant\u00e9 el pantal\u00f3 ben subjecte a la cama. A la zona posterior t\u00e9 detalls reflectants que augmentaran la teva seguretat ja que reflectiran la llum dels vehicles. Equipat amb la badana MUSTANG d'Elastic interface dissenyada amb 3 densitats que s\u2019adaptar\u00e0 a la teva anatomia i estil de pedaleig.\",\"breadcrumb\":{\"@id\":\"https:\\\/\\\/www.inverseteams.com\\\/ca\\\/producte\\\/pantalo-ciclista-pure-kendra-black-dona-2\\\/#breadcrumb\"},\"inLanguage\":\"ca\",\"potentialAction\":[{\"@type\":\"ReadAction\",\"target\":[\"https:\\\/\\\/www.inverseteams.com\\\/ca\\\/producte\\\/pantalo-ciclista-pure-kendra-black-dona-2\\\/\"]}]},{\"@type\":\"ImageObject\",\"inLanguage\":\"ca\",\"@id\":\"https:\\\/\\\/www.inverseteams.com\\\/ca\\\/producte\\\/pantalo-ciclista-pure-kendra-black-dona-2\\\/#primaryimage\",\"url\":\"https:\\\/\\\/www.inverseteams.com\\\/wp-content\\\/uploads\\\/INVERSE-CULOTTE-MUJER-PURE-KENDRA-BLACK-001.jpg\",\"contentUrl\":\"https:\\\/\\\/www.inverseteams.com\\\/wp-content\\\/uploads\\\/INVERSE-CULOTTE-MUJER-PURE-KENDRA-BLACK-001.jpg\",\"width\":1500,\"height\":1612},{\"@type\":\"BreadcrumbList\",\"@id\":\"https:\\\/\\\/www.inverseteams.com\\\/ca\\\/producte\\\/pantalo-ciclista-pure-kendra-black-dona-2\\\/#breadcrumb\",\"itemListElement\":[{\"@type\":\"ListItem\",\"position\":1,\"name\":\"Portada\",\"item\":\"https:\\\/\\\/www.inverseteams.com\\\/ca\\\/pagina-principal\\\/\"},{\"@type\":\"ListItem\",\"position\":2,\"name\":\"Botiga\",\"item\":\"https:\\\/\\\/www.inverseteams.com\\\/ca\\\/botiga\\\/\"},{\"@type\":\"ListItem\",\"position\":3,\"name\":\"Pantal\u00f3 ciclista PURE KENDRA BLACK (DONA)\"}]},{\"@type\":\"WebSite\",\"@id\":\"https:\\\/\\\/www.inverseteams.com\\\/ca\\\/#website\",\"url\":\"https:\\\/\\\/www.inverseteams.com\\\/ca\\\/\",\"name\":\"Inverseteams\",\"description\":\"Tu marca de ropa deportiva personalizada\",\"publisher\":{\"@id\":\"https:\\\/\\\/www.inverseteams.com\\\/ca\\\/#organization\"},\"potentialAction\":[{\"@type\":\"SearchAction\",\"target\":{\"@type\":\"EntryPoint\",\"urlTemplate\":\"https:\\\/\\\/www.inverseteams.com\\\/ca\\\/?s={search_term_string}\"},\"query-input\":{\"@type\":\"PropertyValueSpecification\",\"valueRequired\":true,\"valueName\":\"search_term_string\"}}],\"inLanguage\":\"ca\"},{\"@type\":\"Organization\",\"@id\":\"https:\\\/\\\/www.inverseteams.com\\\/ca\\\/#organization\",\"name\":\"Inverse Teams\",\"url\":\"https:\\\/\\\/www.inverseteams.com\\\/ca\\\/\",\"logo\":{\"@type\":\"ImageObject\",\"inLanguage\":\"ca\",\"@id\":\"https:\\\/\\\/www.inverseteams.com\\\/ca\\\/#\\\/schema\\\/logo\\\/image\\\/\",\"url\":\"http:\\\/\\\/www.inverseteams.com\\\/wp-content\\\/uploads\\\/2021\\\/03\\\/logo-inverse-teams.png\",\"contentUrl\":\"http:\\\/\\\/www.inverseteams.com\\\/wp-content\\\/uploads\\\/2021\\\/03\\\/logo-inverse-teams.png\",\"width\":294,\"height\":99,\"caption\":\"Inverse Teams\"},\"image\":{\"@id\":\"https:\\\/\\\/www.inverseteams.com\\\/ca\\\/#\\\/schema\\\/logo\\\/image\\\/\"},\"sameAs\":[\"https:\\\/\\\/www.facebook.com\\\/inverseteams\",\"http:\\\/\\\/instagram.com\\\/inverseteams\",\"https:\\\/\\\/www.linkedin.com\\\/company\\\/inverse-cirosport-s-l-?trk=job_view_topcard_company_name\",\"http:\\\/\\\/www.pinterest.com\\\/inverseteams\\\/\",\"http:\\\/\\\/www.youtube.com\\\/user\\\/inverseteams?feature=watch\"]}]}<\/script>\n<!-- \/ Yoast SEO plugin. -->","yoast_head_json":{"title":"Pantal\u00f3 ciclista PURE KENDRA BLACK (DONA)","description":"L'evoluci\u00f3 del culot de gamma alta per a dones destaca pel seu noved\u00f3s tirant integral que facilita l'acci\u00f3 de baixar-se el culot sense necessitat de treure's el mallot. Aquest nou sistema desenvolupat per Inverse es diu FLEXYGO i ha estat testat per nombroses ciclistes. S'adapta perfectament a la posici\u00f3 de la ciclista, subjecta els pantalons ciclistes sense incomodar i permet anar al lavabo r\u00e0pida i c\u00f2modament. \u00c9s un culot ideal per combatre el fred i poder gaudir del ciclisme durant l\u2019hivern. El teixit SUPERROUBAIX que el composa ret\u00e9 l\u2019escalfor corporal i mant\u00e9 la compressi\u00f3 muscular necess\u00e0ria per retardar la fatiga. La seva elasticitat et permetr\u00e0 una gran llibertat de moviments. Els panells del pantal\u00f3 ciclista estan dissenyats perqu\u00e8 s\u2019adaptin perfectament a les diferents posicions del pedaleig. No notar\u00e0s cap mol\u00e8stia. Al final de les cames t\u00e9 una banda el\u00e0stica amb un grip de silicona hipoal\u00b7lerg\u00e8nica al seu interior. Aquesta mant\u00e9 el pantal\u00f3 ben subjecte a la cama. A la zona posterior t\u00e9 detalls reflectants que augmentaran la teva seguretat ja que reflectiran la llum dels vehicles. Equipat amb la badana MUSTANG d'Elastic interface dissenyada amb 3 densitats que s\u2019adaptar\u00e0 a la teva anatomia i estil de pedaleig.","robots":{"index":"index","follow":"follow","max-snippet":"max-snippet:-1","max-image-preview":"max-image-preview:large","max-video-preview":"max-video-preview:-1"},"canonical":"https:\/\/www.inverseteams.com\/ca\/producte\/pantalo-ciclista-pure-kendra-black-dona-2\/","og_locale":"ca_ES","og_type":"article","og_title":"Pantal\u00f3 ciclista PURE KENDRA BLACK (DONA)","og_description":"L'evoluci\u00f3 del culot de gamma alta per a dones destaca pel seu noved\u00f3s tirant integral que facilita l'acci\u00f3 de baixar-se el culot sense necessitat de treure's el mallot. Aquest nou sistema desenvolupat per Inverse es diu FLEXYGO i ha estat testat per nombroses ciclistes. S'adapta perfectament a la posici\u00f3 de la ciclista, subjecta els pantalons ciclistes sense incomodar i permet anar al lavabo r\u00e0pida i c\u00f2modament. \u00c9s un culot ideal per combatre el fred i poder gaudir del ciclisme durant l\u2019hivern. El teixit SUPERROUBAIX que el composa ret\u00e9 l\u2019escalfor corporal i mant\u00e9 la compressi\u00f3 muscular necess\u00e0ria per retardar la fatiga. La seva elasticitat et permetr\u00e0 una gran llibertat de moviments. Els panells del pantal\u00f3 ciclista estan dissenyats perqu\u00e8 s\u2019adaptin perfectament a les diferents posicions del pedaleig. No notar\u00e0s cap mol\u00e8stia. Al final de les cames t\u00e9 una banda el\u00e0stica amb un grip de silicona hipoal\u00b7lerg\u00e8nica al seu interior. Aquesta mant\u00e9 el pantal\u00f3 ben subjecte a la cama. A la zona posterior t\u00e9 detalls reflectants que augmentaran la teva seguretat ja que reflectiran la llum dels vehicles. Equipat amb la badana MUSTANG d'Elastic interface dissenyada amb 3 densitats que s\u2019adaptar\u00e0 a la teva anatomia i estil de pedaleig.","og_url":"https:\/\/www.inverseteams.com\/ca\/producte\/pantalo-ciclista-pure-kendra-black-dona-2\/","og_site_name":"Inverseteams","article_publisher":"https:\/\/www.facebook.com\/inverseteams","article_modified_time":"2026-02-20T10:55:54+00:00","og_image":[{"width":1500,"height":1612,"url":"https:\/\/www.inverseteams.com\/wp-content\/uploads\/INVERSE-CULOTTE-MUJER-PURE-KENDRA-BLACK-001.jpg","type":"image\/jpeg"}],"twitter_card":"summary_large_image","twitter_misc":{"Temps estimat de lectura":"2 minut"},"schema":{"@context":"https:\/\/schema.org","@graph":[{"@type":"WebPage","@id":"https:\/\/www.inverseteams.com\/ca\/producte\/pantalo-ciclista-pure-kendra-black-dona-2\/","url":"https:\/\/www.inverseteams.com\/ca\/producte\/pantalo-ciclista-pure-kendra-black-dona-2\/","name":"Pantal\u00f3 ciclista PURE KENDRA BLACK (DONA)","isPartOf":{"@id":"https:\/\/www.inverseteams.com\/ca\/#website"},"primaryImageOfPage":{"@id":"https:\/\/www.inverseteams.com\/ca\/producte\/pantalo-ciclista-pure-kendra-black-dona-2\/#primaryimage"},"image":{"@id":"https:\/\/www.inverseteams.com\/ca\/producte\/pantalo-ciclista-pure-kendra-black-dona-2\/#primaryimage"},"thumbnailUrl":"https:\/\/www.inverseteams.com\/wp-content\/uploads\/INVERSE-CULOTTE-MUJER-PURE-KENDRA-BLACK-001.jpg","datePublished":"2025-10-03T15:38:10+00:00","dateModified":"2026-02-20T10:55:54+00:00","description":"L'evoluci\u00f3 del culot de gamma alta per a dones destaca pel seu noved\u00f3s tirant integral que facilita l'acci\u00f3 de baixar-se el culot sense necessitat de treure's el mallot. Aquest nou sistema desenvolupat per Inverse es diu FLEXYGO i ha estat testat per nombroses ciclistes. S'adapta perfectament a la posici\u00f3 de la ciclista, subjecta els pantalons ciclistes sense incomodar i permet anar al lavabo r\u00e0pida i c\u00f2modament. \u00c9s un culot ideal per combatre el fred i poder gaudir del ciclisme durant l\u2019hivern. El teixit SUPERROUBAIX que el composa ret\u00e9 l\u2019escalfor corporal i mant\u00e9 la compressi\u00f3 muscular necess\u00e0ria per retardar la fatiga. La seva elasticitat et permetr\u00e0 una gran llibertat de moviments. Els panells del pantal\u00f3 ciclista estan dissenyats perqu\u00e8 s\u2019adaptin perfectament a les diferents posicions del pedaleig. No notar\u00e0s cap mol\u00e8stia. Al final de les cames t\u00e9 una banda el\u00e0stica amb un grip de silicona hipoal\u00b7lerg\u00e8nica al seu interior. Aquesta mant\u00e9 el pantal\u00f3 ben subjecte a la cama. A la zona posterior t\u00e9 detalls reflectants que augmentaran la teva seguretat ja que reflectiran la llum dels vehicles. Equipat amb la badana MUSTANG d'Elastic interface dissenyada amb 3 densitats que s\u2019adaptar\u00e0 a la teva anatomia i estil de pedaleig.","breadcrumb":{"@id":"https:\/\/www.inverseteams.com\/ca\/producte\/pantalo-ciclista-pure-kendra-black-dona-2\/#breadcrumb"},"inLanguage":"ca","potentialAction":[{"@type":"ReadAction","target":["https:\/\/www.inverseteams.com\/ca\/producte\/pantalo-ciclista-pure-kendra-black-dona-2\/"]}]},{"@type":"ImageObject","inLanguage":"ca","@id":"https:\/\/www.inverseteams.com\/ca\/producte\/pantalo-ciclista-pure-kendra-black-dona-2\/#primaryimage","url":"https:\/\/www.inverseteams.com\/wp-content\/uploads\/INVERSE-CULOTTE-MUJER-PURE-KENDRA-BLACK-001.jpg","contentUrl":"https:\/\/www.inverseteams.com\/wp-content\/uploads\/INVERSE-CULOTTE-MUJER-PURE-KENDRA-BLACK-001.jpg","width":1500,"height":1612},{"@type":"BreadcrumbList","@id":"https:\/\/www.inverseteams.com\/ca\/producte\/pantalo-ciclista-pure-kendra-black-dona-2\/#breadcrumb","itemListElement":[{"@type":"ListItem","position":1,"name":"Portada","item":"https:\/\/www.inverseteams.com\/ca\/pagina-principal\/"},{"@type":"ListItem","position":2,"name":"Botiga","item":"https:\/\/www.inverseteams.com\/ca\/botiga\/"},{"@type":"ListItem","position":3,"name":"Pantal\u00f3 ciclista PURE KENDRA BLACK (DONA)"}]},{"@type":"WebSite","@id":"https:\/\/www.inverseteams.com\/ca\/#website","url":"https:\/\/www.inverseteams.com\/ca\/","name":"Inverseteams","description":"Tu marca de ropa deportiva personalizada","publisher":{"@id":"https:\/\/www.inverseteams.com\/ca\/#organization"},"potentialAction":[{"@type":"SearchAction","target":{"@type":"EntryPoint","urlTemplate":"https:\/\/www.inverseteams.com\/ca\/?s={search_term_string}"},"query-input":{"@type":"PropertyValueSpecification","valueRequired":true,"valueName":"search_term_string"}}],"inLanguage":"ca"},{"@type":"Organization","@id":"https:\/\/www.inverseteams.com\/ca\/#organization","name":"Inverse Teams","url":"https:\/\/www.inverseteams.com\/ca\/","logo":{"@type":"ImageObject","inLanguage":"ca","@id":"https:\/\/www.inverseteams.com\/ca\/#\/schema\/logo\/image\/","url":"https:\/\/www.inverseteams.com\/wp-content\/uploads\/2021\/03\/logo-inverse-teams.png","contentUrl":"https:\/\/www.inverseteams.com\/wp-content\/uploads\/2021\/03\/logo-inverse-teams.png","width":294,"height":99,"caption":"Inverse Teams"},"image":{"@id":"https:\/\/www.inverseteams.com\/ca\/#\/schema\/logo\/image\/"},"sameAs":["https:\/\/www.facebook.com\/inverseteams","http:\/\/instagram.com\/inverseteams","https:\/\/www.linkedin.com\/company\/inverse-cirosport-s-l-?trk=job_view_topcard_company_name","http:\/\/www.pinterest.com\/inverseteams\/","http:\/\/www.youtube.com\/user\/inverseteams?feature=watch"]}]}},"_links":{"self":[{"href":"https:\/\/www.inverseteams.com\/ca\/wp-json\/wp\/v2\/product\/269410","targetHints":{"allow":["GET"]}}],"collection":[{"href":"https:\/\/www.inverseteams.com\/ca\/wp-json\/wp\/v2\/product"}],"about":[{"href":"https:\/\/www.inverseteams.com\/ca\/wp-json\/wp\/v2\/types\/product"}],"replies":[{"embeddable":true,"href":"https:\/\/www.inverseteams.com\/ca\/wp-json\/wp\/v2\/comments?post=269410"}],"wp:featuredmedia":[{"embeddable":true,"href":"https:\/\/www.inverseteams.com\/ca\/wp-json\/wp\/v2\/media\/269806"}],"wp:attachment":[{"href":"https:\/\/www.inverseteams.com\/ca\/wp-json\/wp\/v2\/media?parent=269410"}],"wp:term":[{"taxonomy":"product_brand","embeddable":true,"href":"https:\/\/www.inverseteams.com\/ca\/wp-json\/wp\/v2\/product_brand?post=269410"},{"taxonomy":"product_cat","embeddable":true,"href":"https:\/\/www.inverseteams.com\/ca\/wp-json\/wp\/v2\/product_cat?post=269410"},{"taxonomy":"product_tag","embeddable":true,"href":"https:\/\/www.inverseteams.com\/ca\/wp-json\/wp\/v2\/product_tag?post=269410"},{"taxonomy":"custom_category","embeddable":true,"href":"https:\/\/www.inverseteams.com\/ca\/wp-json\/wp\/v2\/custom_category?post=269410"},{"taxonomy":"range","embeddable":true,"href":"https:\/\/www.inverseteams.com\/ca\/wp-json\/wp\/v2\/range?post=269410"}],"curies":[{"name":"wp","href":"https:\/\/api.w.org\/{rel}","templated":true}]}}