{"id":269407,"date":"2025-10-03T15:33:02","date_gmt":"2025-10-03T15:33:02","guid":{"rendered":"https:\/\/www.inverseteams.com\/?post_type=product&#038;p=269407"},"modified":"2026-02-20T11:56:02","modified_gmt":"2026-02-20T10:56:02","slug":"pantalo-ciclista-pure-neko-black-home-2","status":"publish","type":"product","link":"https:\/\/www.inverseteams.com\/ca\/producte\/pantalo-ciclista-pure-neko-black-home-2\/","title":{"rendered":"Pantal\u00f3 ciclista PURE NEKO BLACK (HOME)"},"content":{"rendered":"<p>Extraordinari pantal\u00f3 de ciclisme d\u2019alta gamma ideal per combatre el fred i poder gaudir del ciclisme durant l\u2019hivern. El teixit SUPERROUBAIX que el composa ret\u00e9 l\u2019escalfor corporal i mant\u00e9 la compressi\u00f3 muscular necess\u00e0ria per retardar la fatiga. La seva elasticitat et permetr\u00e0 una gran llibertat de moviments. Com a novetat, s&#8217;han reduit el n\u00famero de costures per oferir una major comoditat.<br \/>\nEls tirants d\u2019escuma amb refor\u00e7ament posterior distribueixen adequadament el pes per evitar lesions i aix\u00ed podr\u00e0s gaudir del ciclisme durant hores.<br \/>\nAl final de les cames t\u00e9 una banda el\u00e0stica amb un grip de silicona hipoal\u00b7lerg\u00e8nica al seu interior. Aquesta mant\u00e9 el pantal\u00f3 ben subjecte a la cama. A la zona posterior t\u00e9 detalls reflectants que augmentaran la teva seguretat ja que reflectiran la llum dels vehicles.<br \/>\nEquipat amb la badana MUSTANG d&#8217;Elastic interface dissenyada amb 3 densitats que s\u2019adaptar\u00e0 a la teva anatomia i estil de pedaleig.<\/p>\n","protected":false},"excerpt":{"rendered":"<p>Extraordinari pantal\u00f3 de ciclisme d\u2019alta gamma ideal per combatre el fred i poder gaudir del ciclisme durant l\u2019hivern. El teixit SUPERROUBAIX que el composa ret\u00e9 l\u2019escalfor corporal i mant\u00e9 la compressi\u00f3 muscular necess\u00e0ria per retardar la fatiga. La seva elasticitat et permetr\u00e0 una gran llibertat de moviments. Com a novetat, s&#8217;han reduit el n\u00famero de costures per oferir una major comoditat.<br \/>\nEls tirants d\u2019escuma amb refor\u00e7ament posterior distribueixen adequadament el pes per evitar lesions i aix\u00ed podr\u00e0s gaudir del ciclisme durant hores.<br \/>\nAl final de les cames t\u00e9 una banda el\u00e0stica amb un grip de silicona hipoal\u00b7lerg\u00e8nica al seu interior. Aquesta mant\u00e9 el pantal\u00f3 ben subjecte a la cama. A la zona posterior t\u00e9 detalls reflectants que augmentaran la teva seguretat ja que reflectiran la llum dels vehicles.<br \/>\nEquipat amb la badana MUSTANG d&#8217;Elastic interface dissenyada amb 3 densitats que s\u2019adaptar\u00e0 a la teva anatomia i estil de pedaleig.<\/p>\n","protected":false},"featured_media":270627,"comment_status":"closed","ping_status":"closed","template":"","meta":{"_acf_changed":false},"product_brand":[],"product_cat":[4110,4126,4130,7175],"product_tag":[],"custom_category":[],"range":[],"class_list":{"0":"post-269407","1":"product","2":"type-product","3":"status-publish","4":"has-post-thumbnail","6":"product_cat-ciclisme","7":"product_cat-culotte-ciclista-ca","8":"product_cat-pantalon-ciclista-ca","9":"product_cat-b2b-ca","10":"pa_climatologia-fred","11":"pa_deporte-ciclisme","12":"pa_genero-home","13":"pa_patronaje-fit-ca","14":"pa_talla-l-ca","15":"pa_talla-m-ca","16":"pa_talla-s-ca","17":"pa_talla-xl-ca","18":"pa_talla-xxl-ca","19":"pa_tipo-de-prenda-culot-llarg","21":"first","22":"instock","23":"taxable","24":"shipping-taxable","25":"purchasable","26":"product-type-variable","27":"has-default-attributes"},"acf":[],"yoast_head":"<!-- This site is optimized with the Yoast SEO plugin v27.3 - https:\/\/yoast.com\/product\/yoast-seo-wordpress\/ -->\n<title>Pantal\u00f3 ciclista PURE NEKO BLACK (HOME)<\/title>\n<meta name=\"description\" content=\"Extraordinari pantal\u00f3 de ciclisme d\u2019alta gamma ideal per combatre el fred i poder gaudir del ciclisme durant l\u2019hivern. El teixit SUPERROUBAIX que el composa ret\u00e9 l\u2019escalfor corporal i mant\u00e9 la compressi\u00f3 muscular necess\u00e0ria per retardar la fatiga. La seva elasticitat et permetr\u00e0 una gran llibertat de moviments. Com a novetat, s&#039;han reduit el n\u00famero de costures per oferir una major comoditat. Els tirants d\u2019escuma amb refor\u00e7ament posterior distribueixen adequadament el pes per evitar lesions i aix\u00ed podr\u00e0s gaudir del ciclisme durant hores. Al final de les cames t\u00e9 una banda el\u00e0stica amb un grip de silicona hipoal\u00b7lerg\u00e8nica al seu interior. Aquesta mant\u00e9 el pantal\u00f3 ben subjecte a la cama. A la zona posterior t\u00e9 detalls reflectants que augmentaran la teva seguretat ja que reflectiran la llum dels vehicles. Equipat amb la badana MUSTANG d&#039;Elastic interface dissenyada amb 3 densitats que s\u2019adaptar\u00e0 a la teva anatomia i estil de pedaleig.\" \/>\n<meta name=\"robots\" content=\"index, follow, max-snippet:-1, max-image-preview:large, max-video-preview:-1\" \/>\n<link rel=\"canonical\" href=\"https:\/\/www.inverseteams.com\/ca\/producte\/pantalo-ciclista-pure-neko-black-home-2\/\" \/>\n<meta property=\"og:locale\" content=\"ca_ES\" \/>\n<meta property=\"og:type\" content=\"article\" \/>\n<meta property=\"og:title\" content=\"Pantal\u00f3 ciclista PURE NEKO BLACK (HOME)\" \/>\n<meta property=\"og:description\" content=\"Extraordinari pantal\u00f3 de ciclisme d\u2019alta gamma ideal per combatre el fred i poder gaudir del ciclisme durant l\u2019hivern. El teixit SUPERROUBAIX que el composa ret\u00e9 l\u2019escalfor corporal i mant\u00e9 la compressi\u00f3 muscular necess\u00e0ria per retardar la fatiga. La seva elasticitat et permetr\u00e0 una gran llibertat de moviments. Com a novetat, s&#039;han reduit el n\u00famero de costures per oferir una major comoditat. Els tirants d\u2019escuma amb refor\u00e7ament posterior distribueixen adequadament el pes per evitar lesions i aix\u00ed podr\u00e0s gaudir del ciclisme durant hores. Al final de les cames t\u00e9 una banda el\u00e0stica amb un grip de silicona hipoal\u00b7lerg\u00e8nica al seu interior. Aquesta mant\u00e9 el pantal\u00f3 ben subjecte a la cama. A la zona posterior t\u00e9 detalls reflectants que augmentaran la teva seguretat ja que reflectiran la llum dels vehicles. Equipat amb la badana MUSTANG d&#039;Elastic interface dissenyada amb 3 densitats que s\u2019adaptar\u00e0 a la teva anatomia i estil de pedaleig.\" \/>\n<meta property=\"og:url\" content=\"https:\/\/www.inverseteams.com\/ca\/producte\/pantalo-ciclista-pure-neko-black-home-2\/\" \/>\n<meta property=\"og:site_name\" content=\"Inverseteams\" \/>\n<meta property=\"article:publisher\" content=\"https:\/\/www.facebook.com\/inverseteams\" \/>\n<meta property=\"article:modified_time\" content=\"2026-02-20T10:56:02+00:00\" \/>\n<meta property=\"og:image\" content=\"https:\/\/www.inverseteams.com\/wp-content\/uploads\/INVERSE-CULOTTE-PURE-NEKO-BLACK-001.jpg\" \/>\n\t<meta property=\"og:image:width\" content=\"1500\" \/>\n\t<meta property=\"og:image:height\" content=\"1612\" \/>\n\t<meta property=\"og:image:type\" content=\"image\/jpeg\" \/>\n<meta name=\"twitter:card\" content=\"summary_large_image\" \/>\n<meta name=\"twitter:label1\" content=\"Temps estimat de lectura\" \/>\n\t<meta name=\"twitter:data1\" content=\"1 minut\" \/>\n<script type=\"application\/ld+json\" class=\"yoast-schema-graph\">{\"@context\":\"https:\\\/\\\/schema.org\",\"@graph\":[{\"@type\":\"WebPage\",\"@id\":\"https:\\\/\\\/www.inverseteams.com\\\/ca\\\/producte\\\/pantalo-ciclista-pure-neko-black-home-2\\\/\",\"url\":\"https:\\\/\\\/www.inverseteams.com\\\/ca\\\/producte\\\/pantalo-ciclista-pure-neko-black-home-2\\\/\",\"name\":\"Pantal\u00f3 ciclista PURE NEKO BLACK (HOME)\",\"isPartOf\":{\"@id\":\"https:\\\/\\\/www.inverseteams.com\\\/ca\\\/#website\"},\"primaryImageOfPage\":{\"@id\":\"https:\\\/\\\/www.inverseteams.com\\\/ca\\\/producte\\\/pantalo-ciclista-pure-neko-black-home-2\\\/#primaryimage\"},\"image\":{\"@id\":\"https:\\\/\\\/www.inverseteams.com\\\/ca\\\/producte\\\/pantalo-ciclista-pure-neko-black-home-2\\\/#primaryimage\"},\"thumbnailUrl\":\"https:\\\/\\\/www.inverseteams.com\\\/wp-content\\\/uploads\\\/INVERSE-CULOTTE-PURE-NEKO-BLACK-001.jpg\",\"datePublished\":\"2025-10-03T15:33:02+00:00\",\"dateModified\":\"2026-02-20T10:56:02+00:00\",\"description\":\"Extraordinari pantal\u00f3 de ciclisme d\u2019alta gamma ideal per combatre el fred i poder gaudir del ciclisme durant l\u2019hivern. El teixit SUPERROUBAIX que el composa ret\u00e9 l\u2019escalfor corporal i mant\u00e9 la compressi\u00f3 muscular necess\u00e0ria per retardar la fatiga. La seva elasticitat et permetr\u00e0 una gran llibertat de moviments. Com a novetat, s'han reduit el n\u00famero de costures per oferir una major comoditat. Els tirants d\u2019escuma amb refor\u00e7ament posterior distribueixen adequadament el pes per evitar lesions i aix\u00ed podr\u00e0s gaudir del ciclisme durant hores. Al final de les cames t\u00e9 una banda el\u00e0stica amb un grip de silicona hipoal\u00b7lerg\u00e8nica al seu interior. Aquesta mant\u00e9 el pantal\u00f3 ben subjecte a la cama. A la zona posterior t\u00e9 detalls reflectants que augmentaran la teva seguretat ja que reflectiran la llum dels vehicles. Equipat amb la badana MUSTANG d'Elastic interface dissenyada amb 3 densitats que s\u2019adaptar\u00e0 a la teva anatomia i estil de pedaleig.\",\"breadcrumb\":{\"@id\":\"https:\\\/\\\/www.inverseteams.com\\\/ca\\\/producte\\\/pantalo-ciclista-pure-neko-black-home-2\\\/#breadcrumb\"},\"inLanguage\":\"ca\",\"potentialAction\":[{\"@type\":\"ReadAction\",\"target\":[\"https:\\\/\\\/www.inverseteams.com\\\/ca\\\/producte\\\/pantalo-ciclista-pure-neko-black-home-2\\\/\"]}]},{\"@type\":\"ImageObject\",\"inLanguage\":\"ca\",\"@id\":\"https:\\\/\\\/www.inverseteams.com\\\/ca\\\/producte\\\/pantalo-ciclista-pure-neko-black-home-2\\\/#primaryimage\",\"url\":\"https:\\\/\\\/www.inverseteams.com\\\/wp-content\\\/uploads\\\/INVERSE-CULOTTE-PURE-NEKO-BLACK-001.jpg\",\"contentUrl\":\"https:\\\/\\\/www.inverseteams.com\\\/wp-content\\\/uploads\\\/INVERSE-CULOTTE-PURE-NEKO-BLACK-001.jpg\",\"width\":1500,\"height\":1612},{\"@type\":\"BreadcrumbList\",\"@id\":\"https:\\\/\\\/www.inverseteams.com\\\/ca\\\/producte\\\/pantalo-ciclista-pure-neko-black-home-2\\\/#breadcrumb\",\"itemListElement\":[{\"@type\":\"ListItem\",\"position\":1,\"name\":\"Portada\",\"item\":\"https:\\\/\\\/www.inverseteams.com\\\/ca\\\/pagina-principal\\\/\"},{\"@type\":\"ListItem\",\"position\":2,\"name\":\"Botiga\",\"item\":\"https:\\\/\\\/www.inverseteams.com\\\/ca\\\/botiga\\\/\"},{\"@type\":\"ListItem\",\"position\":3,\"name\":\"Pantal\u00f3 ciclista PURE NEKO BLACK (HOME)\"}]},{\"@type\":\"WebSite\",\"@id\":\"https:\\\/\\\/www.inverseteams.com\\\/ca\\\/#website\",\"url\":\"https:\\\/\\\/www.inverseteams.com\\\/ca\\\/\",\"name\":\"Inverseteams\",\"description\":\"Tu marca de ropa deportiva personalizada\",\"publisher\":{\"@id\":\"https:\\\/\\\/www.inverseteams.com\\\/ca\\\/#organization\"},\"potentialAction\":[{\"@type\":\"SearchAction\",\"target\":{\"@type\":\"EntryPoint\",\"urlTemplate\":\"https:\\\/\\\/www.inverseteams.com\\\/ca\\\/?s={search_term_string}\"},\"query-input\":{\"@type\":\"PropertyValueSpecification\",\"valueRequired\":true,\"valueName\":\"search_term_string\"}}],\"inLanguage\":\"ca\"},{\"@type\":\"Organization\",\"@id\":\"https:\\\/\\\/www.inverseteams.com\\\/ca\\\/#organization\",\"name\":\"Inverse Teams\",\"url\":\"https:\\\/\\\/www.inverseteams.com\\\/ca\\\/\",\"logo\":{\"@type\":\"ImageObject\",\"inLanguage\":\"ca\",\"@id\":\"https:\\\/\\\/www.inverseteams.com\\\/ca\\\/#\\\/schema\\\/logo\\\/image\\\/\",\"url\":\"http:\\\/\\\/www.inverseteams.com\\\/wp-content\\\/uploads\\\/2021\\\/03\\\/logo-inverse-teams.png\",\"contentUrl\":\"http:\\\/\\\/www.inverseteams.com\\\/wp-content\\\/uploads\\\/2021\\\/03\\\/logo-inverse-teams.png\",\"width\":294,\"height\":99,\"caption\":\"Inverse Teams\"},\"image\":{\"@id\":\"https:\\\/\\\/www.inverseteams.com\\\/ca\\\/#\\\/schema\\\/logo\\\/image\\\/\"},\"sameAs\":[\"https:\\\/\\\/www.facebook.com\\\/inverseteams\",\"http:\\\/\\\/instagram.com\\\/inverseteams\",\"https:\\\/\\\/www.linkedin.com\\\/company\\\/inverse-cirosport-s-l-?trk=job_view_topcard_company_name\",\"http:\\\/\\\/www.pinterest.com\\\/inverseteams\\\/\",\"http:\\\/\\\/www.youtube.com\\\/user\\\/inverseteams?feature=watch\"]}]}<\/script>\n<!-- \/ Yoast SEO plugin. -->","yoast_head_json":{"title":"Pantal\u00f3 ciclista PURE NEKO BLACK (HOME)","description":"Extraordinari pantal\u00f3 de ciclisme d\u2019alta gamma ideal per combatre el fred i poder gaudir del ciclisme durant l\u2019hivern. El teixit SUPERROUBAIX que el composa ret\u00e9 l\u2019escalfor corporal i mant\u00e9 la compressi\u00f3 muscular necess\u00e0ria per retardar la fatiga. La seva elasticitat et permetr\u00e0 una gran llibertat de moviments. Com a novetat, s'han reduit el n\u00famero de costures per oferir una major comoditat. Els tirants d\u2019escuma amb refor\u00e7ament posterior distribueixen adequadament el pes per evitar lesions i aix\u00ed podr\u00e0s gaudir del ciclisme durant hores. Al final de les cames t\u00e9 una banda el\u00e0stica amb un grip de silicona hipoal\u00b7lerg\u00e8nica al seu interior. Aquesta mant\u00e9 el pantal\u00f3 ben subjecte a la cama. A la zona posterior t\u00e9 detalls reflectants que augmentaran la teva seguretat ja que reflectiran la llum dels vehicles. Equipat amb la badana MUSTANG d'Elastic interface dissenyada amb 3 densitats que s\u2019adaptar\u00e0 a la teva anatomia i estil de pedaleig.","robots":{"index":"index","follow":"follow","max-snippet":"max-snippet:-1","max-image-preview":"max-image-preview:large","max-video-preview":"max-video-preview:-1"},"canonical":"https:\/\/www.inverseteams.com\/ca\/producte\/pantalo-ciclista-pure-neko-black-home-2\/","og_locale":"ca_ES","og_type":"article","og_title":"Pantal\u00f3 ciclista PURE NEKO BLACK (HOME)","og_description":"Extraordinari pantal\u00f3 de ciclisme d\u2019alta gamma ideal per combatre el fred i poder gaudir del ciclisme durant l\u2019hivern. El teixit SUPERROUBAIX que el composa ret\u00e9 l\u2019escalfor corporal i mant\u00e9 la compressi\u00f3 muscular necess\u00e0ria per retardar la fatiga. La seva elasticitat et permetr\u00e0 una gran llibertat de moviments. Com a novetat, s'han reduit el n\u00famero de costures per oferir una major comoditat. Els tirants d\u2019escuma amb refor\u00e7ament posterior distribueixen adequadament el pes per evitar lesions i aix\u00ed podr\u00e0s gaudir del ciclisme durant hores. Al final de les cames t\u00e9 una banda el\u00e0stica amb un grip de silicona hipoal\u00b7lerg\u00e8nica al seu interior. Aquesta mant\u00e9 el pantal\u00f3 ben subjecte a la cama. A la zona posterior t\u00e9 detalls reflectants que augmentaran la teva seguretat ja que reflectiran la llum dels vehicles. Equipat amb la badana MUSTANG d'Elastic interface dissenyada amb 3 densitats que s\u2019adaptar\u00e0 a la teva anatomia i estil de pedaleig.","og_url":"https:\/\/www.inverseteams.com\/ca\/producte\/pantalo-ciclista-pure-neko-black-home-2\/","og_site_name":"Inverseteams","article_publisher":"https:\/\/www.facebook.com\/inverseteams","article_modified_time":"2026-02-20T10:56:02+00:00","og_image":[{"width":1500,"height":1612,"url":"https:\/\/www.inverseteams.com\/wp-content\/uploads\/INVERSE-CULOTTE-PURE-NEKO-BLACK-001.jpg","type":"image\/jpeg"}],"twitter_card":"summary_large_image","twitter_misc":{"Temps estimat de lectura":"1 minut"},"schema":{"@context":"https:\/\/schema.org","@graph":[{"@type":"WebPage","@id":"https:\/\/www.inverseteams.com\/ca\/producte\/pantalo-ciclista-pure-neko-black-home-2\/","url":"https:\/\/www.inverseteams.com\/ca\/producte\/pantalo-ciclista-pure-neko-black-home-2\/","name":"Pantal\u00f3 ciclista PURE NEKO BLACK (HOME)","isPartOf":{"@id":"https:\/\/www.inverseteams.com\/ca\/#website"},"primaryImageOfPage":{"@id":"https:\/\/www.inverseteams.com\/ca\/producte\/pantalo-ciclista-pure-neko-black-home-2\/#primaryimage"},"image":{"@id":"https:\/\/www.inverseteams.com\/ca\/producte\/pantalo-ciclista-pure-neko-black-home-2\/#primaryimage"},"thumbnailUrl":"https:\/\/www.inverseteams.com\/wp-content\/uploads\/INVERSE-CULOTTE-PURE-NEKO-BLACK-001.jpg","datePublished":"2025-10-03T15:33:02+00:00","dateModified":"2026-02-20T10:56:02+00:00","description":"Extraordinari pantal\u00f3 de ciclisme d\u2019alta gamma ideal per combatre el fred i poder gaudir del ciclisme durant l\u2019hivern. El teixit SUPERROUBAIX que el composa ret\u00e9 l\u2019escalfor corporal i mant\u00e9 la compressi\u00f3 muscular necess\u00e0ria per retardar la fatiga. La seva elasticitat et permetr\u00e0 una gran llibertat de moviments. Com a novetat, s'han reduit el n\u00famero de costures per oferir una major comoditat. Els tirants d\u2019escuma amb refor\u00e7ament posterior distribueixen adequadament el pes per evitar lesions i aix\u00ed podr\u00e0s gaudir del ciclisme durant hores. Al final de les cames t\u00e9 una banda el\u00e0stica amb un grip de silicona hipoal\u00b7lerg\u00e8nica al seu interior. Aquesta mant\u00e9 el pantal\u00f3 ben subjecte a la cama. A la zona posterior t\u00e9 detalls reflectants que augmentaran la teva seguretat ja que reflectiran la llum dels vehicles. Equipat amb la badana MUSTANG d'Elastic interface dissenyada amb 3 densitats que s\u2019adaptar\u00e0 a la teva anatomia i estil de pedaleig.","breadcrumb":{"@id":"https:\/\/www.inverseteams.com\/ca\/producte\/pantalo-ciclista-pure-neko-black-home-2\/#breadcrumb"},"inLanguage":"ca","potentialAction":[{"@type":"ReadAction","target":["https:\/\/www.inverseteams.com\/ca\/producte\/pantalo-ciclista-pure-neko-black-home-2\/"]}]},{"@type":"ImageObject","inLanguage":"ca","@id":"https:\/\/www.inverseteams.com\/ca\/producte\/pantalo-ciclista-pure-neko-black-home-2\/#primaryimage","url":"https:\/\/www.inverseteams.com\/wp-content\/uploads\/INVERSE-CULOTTE-PURE-NEKO-BLACK-001.jpg","contentUrl":"https:\/\/www.inverseteams.com\/wp-content\/uploads\/INVERSE-CULOTTE-PURE-NEKO-BLACK-001.jpg","width":1500,"height":1612},{"@type":"BreadcrumbList","@id":"https:\/\/www.inverseteams.com\/ca\/producte\/pantalo-ciclista-pure-neko-black-home-2\/#breadcrumb","itemListElement":[{"@type":"ListItem","position":1,"name":"Portada","item":"https:\/\/www.inverseteams.com\/ca\/pagina-principal\/"},{"@type":"ListItem","position":2,"name":"Botiga","item":"https:\/\/www.inverseteams.com\/ca\/botiga\/"},{"@type":"ListItem","position":3,"name":"Pantal\u00f3 ciclista PURE NEKO BLACK (HOME)"}]},{"@type":"WebSite","@id":"https:\/\/www.inverseteams.com\/ca\/#website","url":"https:\/\/www.inverseteams.com\/ca\/","name":"Inverseteams","description":"Tu marca de ropa deportiva personalizada","publisher":{"@id":"https:\/\/www.inverseteams.com\/ca\/#organization"},"potentialAction":[{"@type":"SearchAction","target":{"@type":"EntryPoint","urlTemplate":"https:\/\/www.inverseteams.com\/ca\/?s={search_term_string}"},"query-input":{"@type":"PropertyValueSpecification","valueRequired":true,"valueName":"search_term_string"}}],"inLanguage":"ca"},{"@type":"Organization","@id":"https:\/\/www.inverseteams.com\/ca\/#organization","name":"Inverse Teams","url":"https:\/\/www.inverseteams.com\/ca\/","logo":{"@type":"ImageObject","inLanguage":"ca","@id":"https:\/\/www.inverseteams.com\/ca\/#\/schema\/logo\/image\/","url":"https:\/\/www.inverseteams.com\/wp-content\/uploads\/2021\/03\/logo-inverse-teams.png","contentUrl":"https:\/\/www.inverseteams.com\/wp-content\/uploads\/2021\/03\/logo-inverse-teams.png","width":294,"height":99,"caption":"Inverse Teams"},"image":{"@id":"https:\/\/www.inverseteams.com\/ca\/#\/schema\/logo\/image\/"},"sameAs":["https:\/\/www.facebook.com\/inverseteams","http:\/\/instagram.com\/inverseteams","https:\/\/www.linkedin.com\/company\/inverse-cirosport-s-l-?trk=job_view_topcard_company_name","http:\/\/www.pinterest.com\/inverseteams\/","http:\/\/www.youtube.com\/user\/inverseteams?feature=watch"]}]}},"_links":{"self":[{"href":"https:\/\/www.inverseteams.com\/ca\/wp-json\/wp\/v2\/product\/269407","targetHints":{"allow":["GET"]}}],"collection":[{"href":"https:\/\/www.inverseteams.com\/ca\/wp-json\/wp\/v2\/product"}],"about":[{"href":"https:\/\/www.inverseteams.com\/ca\/wp-json\/wp\/v2\/types\/product"}],"replies":[{"embeddable":true,"href":"https:\/\/www.inverseteams.com\/ca\/wp-json\/wp\/v2\/comments?post=269407"}],"wp:featuredmedia":[{"embeddable":true,"href":"https:\/\/www.inverseteams.com\/ca\/wp-json\/wp\/v2\/media\/270627"}],"wp:attachment":[{"href":"https:\/\/www.inverseteams.com\/ca\/wp-json\/wp\/v2\/media?parent=269407"}],"wp:term":[{"taxonomy":"product_brand","embeddable":true,"href":"https:\/\/www.inverseteams.com\/ca\/wp-json\/wp\/v2\/product_brand?post=269407"},{"taxonomy":"product_cat","embeddable":true,"href":"https:\/\/www.inverseteams.com\/ca\/wp-json\/wp\/v2\/product_cat?post=269407"},{"taxonomy":"product_tag","embeddable":true,"href":"https:\/\/www.inverseteams.com\/ca\/wp-json\/wp\/v2\/product_tag?post=269407"},{"taxonomy":"custom_category","embeddable":true,"href":"https:\/\/www.inverseteams.com\/ca\/wp-json\/wp\/v2\/custom_category?post=269407"},{"taxonomy":"range","embeddable":true,"href":"https:\/\/www.inverseteams.com\/ca\/wp-json\/wp\/v2\/range?post=269407"}],"curies":[{"name":"wp","href":"https:\/\/api.w.org\/{rel}","templated":true}]}}