{"id":269400,"date":"2025-10-03T15:21:38","date_gmt":"2025-10-03T15:21:38","guid":{"rendered":"https:\/\/www.inverseteams.com\/?post_type=product&#038;p=269400"},"modified":"2026-02-20T11:56:05","modified_gmt":"2026-02-20T10:56:05","slug":"armilla-reversible-pure-tech-wine-black-dona","status":"publish","type":"product","link":"https:\/\/www.inverseteams.com\/ca\/producte\/armilla-reversible-pure-tech-wine-black-dona\/","title":{"rendered":"Armilla reversible PURE TECH WINE\/BLACK (DONA)"},"content":{"rendered":"<p>L&#8217;equip de desenvolupament d&#8217;Inverse ha creat aquesta innovadora armilla ciclista reversible per multiplicar els teus dissenys i ser l&#8217;enveja del grup.<br \/>\nGr\u00e0cies al seu teixit amb membrana bidireccional, les seves propietats s\u00f3n les mateixes per ambd\u00f3s costats. \u00c9s molt lleugera, tallavents i impermeable. Ideal pels descensos i els dies de climatologia variable.<br \/>\nMitja esquena est\u00e0 confeccionada amb un teixit de reixeta per augmentar la transpirabilitat. Al ser tant fina i lleugera la podr\u00e0s guardar f\u00e0cilment a la butxaca del mallot quan no la necessitis. T\u00e9 una cremallera integral amb el sistema antipull que et permetr\u00e0 regular la ventilaci\u00f3 durant l\u2019exercici.<br \/>\nLes cises estan acabades amb un rivet el\u00e0stic perqu\u00e8 l\u2019armilla s\u2019ajusti al cos i evitar l\u2019entrada d\u2019aire i augmentar l\u2019aerodin\u00e0mica. A la zona lumbar t\u00e9 2 obertures perqu\u00e8 puguis accedir r\u00e0pida i f\u00e0cilment a les butxaques del mallot ciclista.<br \/>\nA la cintura t\u00e9 una banda el\u00e0stica amb un grip de silicona antilliscant a l\u2019interior per mantenir el mallot ben arrapat al cos. Tamb\u00e9 t\u00e9 un rivet reflectant per augmentar la teva seguretat a la carretera. Gaudeix del ciclisme sense preocupacions.<\/p>\n","protected":false},"excerpt":{"rendered":"<p>L&#8217;equip de desenvolupament d&#8217;Inverse ha creat aquesta innovadora armilla ciclista reversible per multiplicar els teus dissenys i ser l&#8217;enveja del grup.<br \/>\nGr\u00e0cies al seu teixit amb membrana bidireccional, les seves propietats s\u00f3n les mateixes per ambd\u00f3s costats. \u00c9s molt lleugera, tallavents i impermeable. Ideal pels descensos i els dies de climatologia variable.<br \/>\nMitja esquena est\u00e0 confeccionada amb un teixit de reixeta per augmentar la transpirabilitat. Al ser tant fina i lleugera la podr\u00e0s guardar f\u00e0cilment a la butxaca del mallot quan no la necessitis. T\u00e9 una cremallera integral amb el sistema antipull que et permetr\u00e0 regular la ventilaci\u00f3 durant l\u2019exercici.<br \/>\nLes cises estan acabades amb un rivet el\u00e0stic perqu\u00e8 l\u2019armilla s\u2019ajusti al cos i evitar l\u2019entrada d\u2019aire i augmentar l\u2019aerodin\u00e0mica. A la zona lumbar t\u00e9 2 obertures perqu\u00e8 puguis accedir r\u00e0pida i f\u00e0cilment a les butxaques del mallot ciclista.<br \/>\nA la cintura t\u00e9 una banda el\u00e0stica amb un grip de silicona antilliscant a l\u2019interior per mantenir el mallot ben arrapat al cos. Tamb\u00e9 t\u00e9 un rivet reflectant per augmentar la teva seguretat a la carretera. Gaudeix del ciclisme sense preocupacions.<\/p>\n","protected":false},"featured_media":270849,"comment_status":"closed","ping_status":"closed","template":"","meta":{"_acf_changed":false},"product_brand":[],"product_cat":[4110,4134,7175],"product_tag":[],"custom_category":[],"range":[],"class_list":{"0":"post-269400","1":"product","2":"type-product","3":"status-publish","4":"has-post-thumbnail","6":"product_cat-ciclisme","7":"product_cat-armilla-ciclista-ca","8":"product_cat-b2b-ca","9":"pa_climatologia-pluja","10":"pa_climatologia-temperatura-temperada","11":"pa_climatologia-vent","12":"pa_deporte-ciclisme","13":"pa_genero-dona","14":"pa_patronaje-regular-ca","15":"pa_talla-m-ca","16":"pa_talla-s-ca","17":"pa_talla-xl-ca","18":"pa_talla-xs-ca","19":"pa_talla-l-ca","20":"pa_tipo-de-prenda-armilla","22":"first","23":"instock","24":"taxable","25":"shipping-taxable","26":"purchasable","27":"product-type-variable","28":"has-default-attributes"},"acf":[],"yoast_head":"<!-- This site is optimized with the Yoast SEO plugin v27.3 - https:\/\/yoast.com\/product\/yoast-seo-wordpress\/ -->\n<title>Armilla reversible PURE TECH WINE\/BLACK (DONA)<\/title>\n<meta name=\"description\" content=\"L&#039;equip de desenvolupament d&#039;Inverse ha creat aquesta innovadora armilla ciclista reversible per multiplicar els teus dissenys i ser l&#039;enveja del grup. Gr\u00e0cies al seu teixit amb membrana bidireccional, les seves propietats s\u00f3n les mateixes per ambd\u00f3s costats. \u00c9s molt lleugera, tallavents i impermeable. Ideal pels descensos i els dies de climatologia variable. Mitja esquena est\u00e0 confeccionada amb un teixit de reixeta per augmentar la transpirabilitat. Al ser tant fina i lleugera la podr\u00e0s guardar f\u00e0cilment a la butxaca del mallot quan no la necessitis. T\u00e9 una cremallera integral amb el sistema antipull que et permetr\u00e0 regular la ventilaci\u00f3 durant l\u2019exercici. Les cises estan acabades amb un rivet el\u00e0stic perqu\u00e8 l\u2019armilla s\u2019ajusti al cos i evitar l\u2019entrada d\u2019aire i augmentar l\u2019aerodin\u00e0mica. A la zona lumbar t\u00e9 2 obertures perqu\u00e8 puguis accedir r\u00e0pida i f\u00e0cilment a les butxaques del mallot ciclista. A la cintura t\u00e9 una banda el\u00e0stica amb un grip de silicona antilliscant a l\u2019interior per mantenir el mallot ben arrapat al cos. Tamb\u00e9 t\u00e9 un rivet reflectant per augmentar la teva seguretat a la carretera. Gaudeix del ciclisme sense preocupacions.\" \/>\n<meta name=\"robots\" content=\"index, follow, max-snippet:-1, max-image-preview:large, max-video-preview:-1\" \/>\n<link rel=\"canonical\" href=\"https:\/\/www.inverseteams.com\/ca\/producte\/armilla-reversible-pure-tech-wine-black-dona\/\" \/>\n<meta property=\"og:locale\" content=\"ca_ES\" \/>\n<meta property=\"og:type\" content=\"article\" \/>\n<meta property=\"og:title\" content=\"Armilla reversible PURE TECH WINE\/BLACK (DONA)\" \/>\n<meta property=\"og:description\" content=\"L&#039;equip de desenvolupament d&#039;Inverse ha creat aquesta innovadora armilla ciclista reversible per multiplicar els teus dissenys i ser l&#039;enveja del grup. Gr\u00e0cies al seu teixit amb membrana bidireccional, les seves propietats s\u00f3n les mateixes per ambd\u00f3s costats. \u00c9s molt lleugera, tallavents i impermeable. Ideal pels descensos i els dies de climatologia variable. Mitja esquena est\u00e0 confeccionada amb un teixit de reixeta per augmentar la transpirabilitat. Al ser tant fina i lleugera la podr\u00e0s guardar f\u00e0cilment a la butxaca del mallot quan no la necessitis. T\u00e9 una cremallera integral amb el sistema antipull que et permetr\u00e0 regular la ventilaci\u00f3 durant l\u2019exercici. Les cises estan acabades amb un rivet el\u00e0stic perqu\u00e8 l\u2019armilla s\u2019ajusti al cos i evitar l\u2019entrada d\u2019aire i augmentar l\u2019aerodin\u00e0mica. A la zona lumbar t\u00e9 2 obertures perqu\u00e8 puguis accedir r\u00e0pida i f\u00e0cilment a les butxaques del mallot ciclista. A la cintura t\u00e9 una banda el\u00e0stica amb un grip de silicona antilliscant a l\u2019interior per mantenir el mallot ben arrapat al cos. Tamb\u00e9 t\u00e9 un rivet reflectant per augmentar la teva seguretat a la carretera. Gaudeix del ciclisme sense preocupacions.\" \/>\n<meta property=\"og:url\" content=\"https:\/\/www.inverseteams.com\/ca\/producte\/armilla-reversible-pure-tech-wine-black-dona\/\" \/>\n<meta property=\"og:site_name\" content=\"Inverseteams\" \/>\n<meta property=\"article:publisher\" content=\"https:\/\/www.facebook.com\/inverseteams\" \/>\n<meta property=\"article:modified_time\" content=\"2026-02-20T10:56:05+00:00\" \/>\n<meta property=\"og:image\" content=\"https:\/\/www.inverseteams.com\/wp-content\/uploads\/INVERSE-CHALECO-MUJER-PURE-TECH-WINEBLACK-001.jpg\" \/>\n\t<meta property=\"og:image:width\" content=\"1500\" \/>\n\t<meta property=\"og:image:height\" content=\"1612\" \/>\n\t<meta property=\"og:image:type\" content=\"image\/jpeg\" \/>\n<meta name=\"twitter:card\" content=\"summary_large_image\" \/>\n<meta name=\"twitter:label1\" content=\"Temps estimat de lectura\" \/>\n\t<meta name=\"twitter:data1\" content=\"2 minut\" \/>\n<script type=\"application\/ld+json\" class=\"yoast-schema-graph\">{\"@context\":\"https:\\\/\\\/schema.org\",\"@graph\":[{\"@type\":\"WebPage\",\"@id\":\"https:\\\/\\\/www.inverseteams.com\\\/ca\\\/producte\\\/armilla-reversible-pure-tech-wine-black-dona\\\/\",\"url\":\"https:\\\/\\\/www.inverseteams.com\\\/ca\\\/producte\\\/armilla-reversible-pure-tech-wine-black-dona\\\/\",\"name\":\"Armilla reversible PURE TECH WINE\\\/BLACK (DONA)\",\"isPartOf\":{\"@id\":\"https:\\\/\\\/www.inverseteams.com\\\/ca\\\/#website\"},\"primaryImageOfPage\":{\"@id\":\"https:\\\/\\\/www.inverseteams.com\\\/ca\\\/producte\\\/armilla-reversible-pure-tech-wine-black-dona\\\/#primaryimage\"},\"image\":{\"@id\":\"https:\\\/\\\/www.inverseteams.com\\\/ca\\\/producte\\\/armilla-reversible-pure-tech-wine-black-dona\\\/#primaryimage\"},\"thumbnailUrl\":\"https:\\\/\\\/www.inverseteams.com\\\/wp-content\\\/uploads\\\/INVERSE-CHALECO-MUJER-PURE-TECH-WINEBLACK-001.jpg\",\"datePublished\":\"2025-10-03T15:21:38+00:00\",\"dateModified\":\"2026-02-20T10:56:05+00:00\",\"description\":\"L'equip de desenvolupament d'Inverse ha creat aquesta innovadora armilla ciclista reversible per multiplicar els teus dissenys i ser l'enveja del grup. Gr\u00e0cies al seu teixit amb membrana bidireccional, les seves propietats s\u00f3n les mateixes per ambd\u00f3s costats. \u00c9s molt lleugera, tallavents i impermeable. Ideal pels descensos i els dies de climatologia variable. Mitja esquena est\u00e0 confeccionada amb un teixit de reixeta per augmentar la transpirabilitat. Al ser tant fina i lleugera la podr\u00e0s guardar f\u00e0cilment a la butxaca del mallot quan no la necessitis. T\u00e9 una cremallera integral amb el sistema antipull que et permetr\u00e0 regular la ventilaci\u00f3 durant l\u2019exercici. Les cises estan acabades amb un rivet el\u00e0stic perqu\u00e8 l\u2019armilla s\u2019ajusti al cos i evitar l\u2019entrada d\u2019aire i augmentar l\u2019aerodin\u00e0mica. A la zona lumbar t\u00e9 2 obertures perqu\u00e8 puguis accedir r\u00e0pida i f\u00e0cilment a les butxaques del mallot ciclista. A la cintura t\u00e9 una banda el\u00e0stica amb un grip de silicona antilliscant a l\u2019interior per mantenir el mallot ben arrapat al cos. Tamb\u00e9 t\u00e9 un rivet reflectant per augmentar la teva seguretat a la carretera. Gaudeix del ciclisme sense preocupacions.\",\"breadcrumb\":{\"@id\":\"https:\\\/\\\/www.inverseteams.com\\\/ca\\\/producte\\\/armilla-reversible-pure-tech-wine-black-dona\\\/#breadcrumb\"},\"inLanguage\":\"ca\",\"potentialAction\":[{\"@type\":\"ReadAction\",\"target\":[\"https:\\\/\\\/www.inverseteams.com\\\/ca\\\/producte\\\/armilla-reversible-pure-tech-wine-black-dona\\\/\"]}]},{\"@type\":\"ImageObject\",\"inLanguage\":\"ca\",\"@id\":\"https:\\\/\\\/www.inverseteams.com\\\/ca\\\/producte\\\/armilla-reversible-pure-tech-wine-black-dona\\\/#primaryimage\",\"url\":\"https:\\\/\\\/www.inverseteams.com\\\/wp-content\\\/uploads\\\/INVERSE-CHALECO-MUJER-PURE-TECH-WINEBLACK-001.jpg\",\"contentUrl\":\"https:\\\/\\\/www.inverseteams.com\\\/wp-content\\\/uploads\\\/INVERSE-CHALECO-MUJER-PURE-TECH-WINEBLACK-001.jpg\",\"width\":1500,\"height\":1612},{\"@type\":\"BreadcrumbList\",\"@id\":\"https:\\\/\\\/www.inverseteams.com\\\/ca\\\/producte\\\/armilla-reversible-pure-tech-wine-black-dona\\\/#breadcrumb\",\"itemListElement\":[{\"@type\":\"ListItem\",\"position\":1,\"name\":\"Portada\",\"item\":\"https:\\\/\\\/www.inverseteams.com\\\/ca\\\/pagina-principal\\\/\"},{\"@type\":\"ListItem\",\"position\":2,\"name\":\"Botiga\",\"item\":\"https:\\\/\\\/www.inverseteams.com\\\/ca\\\/botiga\\\/\"},{\"@type\":\"ListItem\",\"position\":3,\"name\":\"Armilla reversible PURE TECH WINE\\\/BLACK (DONA)\"}]},{\"@type\":\"WebSite\",\"@id\":\"https:\\\/\\\/www.inverseteams.com\\\/ca\\\/#website\",\"url\":\"https:\\\/\\\/www.inverseteams.com\\\/ca\\\/\",\"name\":\"Inverseteams\",\"description\":\"Tu marca de ropa deportiva personalizada\",\"publisher\":{\"@id\":\"https:\\\/\\\/www.inverseteams.com\\\/ca\\\/#organization\"},\"potentialAction\":[{\"@type\":\"SearchAction\",\"target\":{\"@type\":\"EntryPoint\",\"urlTemplate\":\"https:\\\/\\\/www.inverseteams.com\\\/ca\\\/?s={search_term_string}\"},\"query-input\":{\"@type\":\"PropertyValueSpecification\",\"valueRequired\":true,\"valueName\":\"search_term_string\"}}],\"inLanguage\":\"ca\"},{\"@type\":\"Organization\",\"@id\":\"https:\\\/\\\/www.inverseteams.com\\\/ca\\\/#organization\",\"name\":\"Inverse Teams\",\"url\":\"https:\\\/\\\/www.inverseteams.com\\\/ca\\\/\",\"logo\":{\"@type\":\"ImageObject\",\"inLanguage\":\"ca\",\"@id\":\"https:\\\/\\\/www.inverseteams.com\\\/ca\\\/#\\\/schema\\\/logo\\\/image\\\/\",\"url\":\"http:\\\/\\\/www.inverseteams.com\\\/wp-content\\\/uploads\\\/2021\\\/03\\\/logo-inverse-teams.png\",\"contentUrl\":\"http:\\\/\\\/www.inverseteams.com\\\/wp-content\\\/uploads\\\/2021\\\/03\\\/logo-inverse-teams.png\",\"width\":294,\"height\":99,\"caption\":\"Inverse Teams\"},\"image\":{\"@id\":\"https:\\\/\\\/www.inverseteams.com\\\/ca\\\/#\\\/schema\\\/logo\\\/image\\\/\"},\"sameAs\":[\"https:\\\/\\\/www.facebook.com\\\/inverseteams\",\"http:\\\/\\\/instagram.com\\\/inverseteams\",\"https:\\\/\\\/www.linkedin.com\\\/company\\\/inverse-cirosport-s-l-?trk=job_view_topcard_company_name\",\"http:\\\/\\\/www.pinterest.com\\\/inverseteams\\\/\",\"http:\\\/\\\/www.youtube.com\\\/user\\\/inverseteams?feature=watch\"]}]}<\/script>\n<!-- \/ Yoast SEO plugin. -->","yoast_head_json":{"title":"Armilla reversible PURE TECH WINE\/BLACK (DONA)","description":"L'equip de desenvolupament d'Inverse ha creat aquesta innovadora armilla ciclista reversible per multiplicar els teus dissenys i ser l'enveja del grup. Gr\u00e0cies al seu teixit amb membrana bidireccional, les seves propietats s\u00f3n les mateixes per ambd\u00f3s costats. \u00c9s molt lleugera, tallavents i impermeable. Ideal pels descensos i els dies de climatologia variable. Mitja esquena est\u00e0 confeccionada amb un teixit de reixeta per augmentar la transpirabilitat. Al ser tant fina i lleugera la podr\u00e0s guardar f\u00e0cilment a la butxaca del mallot quan no la necessitis. T\u00e9 una cremallera integral amb el sistema antipull que et permetr\u00e0 regular la ventilaci\u00f3 durant l\u2019exercici. Les cises estan acabades amb un rivet el\u00e0stic perqu\u00e8 l\u2019armilla s\u2019ajusti al cos i evitar l\u2019entrada d\u2019aire i augmentar l\u2019aerodin\u00e0mica. A la zona lumbar t\u00e9 2 obertures perqu\u00e8 puguis accedir r\u00e0pida i f\u00e0cilment a les butxaques del mallot ciclista. A la cintura t\u00e9 una banda el\u00e0stica amb un grip de silicona antilliscant a l\u2019interior per mantenir el mallot ben arrapat al cos. Tamb\u00e9 t\u00e9 un rivet reflectant per augmentar la teva seguretat a la carretera. Gaudeix del ciclisme sense preocupacions.","robots":{"index":"index","follow":"follow","max-snippet":"max-snippet:-1","max-image-preview":"max-image-preview:large","max-video-preview":"max-video-preview:-1"},"canonical":"https:\/\/www.inverseteams.com\/ca\/producte\/armilla-reversible-pure-tech-wine-black-dona\/","og_locale":"ca_ES","og_type":"article","og_title":"Armilla reversible PURE TECH WINE\/BLACK (DONA)","og_description":"L'equip de desenvolupament d'Inverse ha creat aquesta innovadora armilla ciclista reversible per multiplicar els teus dissenys i ser l'enveja del grup. Gr\u00e0cies al seu teixit amb membrana bidireccional, les seves propietats s\u00f3n les mateixes per ambd\u00f3s costats. \u00c9s molt lleugera, tallavents i impermeable. Ideal pels descensos i els dies de climatologia variable. Mitja esquena est\u00e0 confeccionada amb un teixit de reixeta per augmentar la transpirabilitat. Al ser tant fina i lleugera la podr\u00e0s guardar f\u00e0cilment a la butxaca del mallot quan no la necessitis. T\u00e9 una cremallera integral amb el sistema antipull que et permetr\u00e0 regular la ventilaci\u00f3 durant l\u2019exercici. Les cises estan acabades amb un rivet el\u00e0stic perqu\u00e8 l\u2019armilla s\u2019ajusti al cos i evitar l\u2019entrada d\u2019aire i augmentar l\u2019aerodin\u00e0mica. A la zona lumbar t\u00e9 2 obertures perqu\u00e8 puguis accedir r\u00e0pida i f\u00e0cilment a les butxaques del mallot ciclista. A la cintura t\u00e9 una banda el\u00e0stica amb un grip de silicona antilliscant a l\u2019interior per mantenir el mallot ben arrapat al cos. Tamb\u00e9 t\u00e9 un rivet reflectant per augmentar la teva seguretat a la carretera. Gaudeix del ciclisme sense preocupacions.","og_url":"https:\/\/www.inverseteams.com\/ca\/producte\/armilla-reversible-pure-tech-wine-black-dona\/","og_site_name":"Inverseteams","article_publisher":"https:\/\/www.facebook.com\/inverseteams","article_modified_time":"2026-02-20T10:56:05+00:00","og_image":[{"width":1500,"height":1612,"url":"https:\/\/www.inverseteams.com\/wp-content\/uploads\/INVERSE-CHALECO-MUJER-PURE-TECH-WINEBLACK-001.jpg","type":"image\/jpeg"}],"twitter_card":"summary_large_image","twitter_misc":{"Temps estimat de lectura":"2 minut"},"schema":{"@context":"https:\/\/schema.org","@graph":[{"@type":"WebPage","@id":"https:\/\/www.inverseteams.com\/ca\/producte\/armilla-reversible-pure-tech-wine-black-dona\/","url":"https:\/\/www.inverseteams.com\/ca\/producte\/armilla-reversible-pure-tech-wine-black-dona\/","name":"Armilla reversible PURE TECH WINE\/BLACK (DONA)","isPartOf":{"@id":"https:\/\/www.inverseteams.com\/ca\/#website"},"primaryImageOfPage":{"@id":"https:\/\/www.inverseteams.com\/ca\/producte\/armilla-reversible-pure-tech-wine-black-dona\/#primaryimage"},"image":{"@id":"https:\/\/www.inverseteams.com\/ca\/producte\/armilla-reversible-pure-tech-wine-black-dona\/#primaryimage"},"thumbnailUrl":"https:\/\/www.inverseteams.com\/wp-content\/uploads\/INVERSE-CHALECO-MUJER-PURE-TECH-WINEBLACK-001.jpg","datePublished":"2025-10-03T15:21:38+00:00","dateModified":"2026-02-20T10:56:05+00:00","description":"L'equip de desenvolupament d'Inverse ha creat aquesta innovadora armilla ciclista reversible per multiplicar els teus dissenys i ser l'enveja del grup. Gr\u00e0cies al seu teixit amb membrana bidireccional, les seves propietats s\u00f3n les mateixes per ambd\u00f3s costats. \u00c9s molt lleugera, tallavents i impermeable. Ideal pels descensos i els dies de climatologia variable. Mitja esquena est\u00e0 confeccionada amb un teixit de reixeta per augmentar la transpirabilitat. Al ser tant fina i lleugera la podr\u00e0s guardar f\u00e0cilment a la butxaca del mallot quan no la necessitis. T\u00e9 una cremallera integral amb el sistema antipull que et permetr\u00e0 regular la ventilaci\u00f3 durant l\u2019exercici. Les cises estan acabades amb un rivet el\u00e0stic perqu\u00e8 l\u2019armilla s\u2019ajusti al cos i evitar l\u2019entrada d\u2019aire i augmentar l\u2019aerodin\u00e0mica. A la zona lumbar t\u00e9 2 obertures perqu\u00e8 puguis accedir r\u00e0pida i f\u00e0cilment a les butxaques del mallot ciclista. A la cintura t\u00e9 una banda el\u00e0stica amb un grip de silicona antilliscant a l\u2019interior per mantenir el mallot ben arrapat al cos. Tamb\u00e9 t\u00e9 un rivet reflectant per augmentar la teva seguretat a la carretera. Gaudeix del ciclisme sense preocupacions.","breadcrumb":{"@id":"https:\/\/www.inverseteams.com\/ca\/producte\/armilla-reversible-pure-tech-wine-black-dona\/#breadcrumb"},"inLanguage":"ca","potentialAction":[{"@type":"ReadAction","target":["https:\/\/www.inverseteams.com\/ca\/producte\/armilla-reversible-pure-tech-wine-black-dona\/"]}]},{"@type":"ImageObject","inLanguage":"ca","@id":"https:\/\/www.inverseteams.com\/ca\/producte\/armilla-reversible-pure-tech-wine-black-dona\/#primaryimage","url":"https:\/\/www.inverseteams.com\/wp-content\/uploads\/INVERSE-CHALECO-MUJER-PURE-TECH-WINEBLACK-001.jpg","contentUrl":"https:\/\/www.inverseteams.com\/wp-content\/uploads\/INVERSE-CHALECO-MUJER-PURE-TECH-WINEBLACK-001.jpg","width":1500,"height":1612},{"@type":"BreadcrumbList","@id":"https:\/\/www.inverseteams.com\/ca\/producte\/armilla-reversible-pure-tech-wine-black-dona\/#breadcrumb","itemListElement":[{"@type":"ListItem","position":1,"name":"Portada","item":"https:\/\/www.inverseteams.com\/ca\/pagina-principal\/"},{"@type":"ListItem","position":2,"name":"Botiga","item":"https:\/\/www.inverseteams.com\/ca\/botiga\/"},{"@type":"ListItem","position":3,"name":"Armilla reversible PURE TECH WINE\/BLACK (DONA)"}]},{"@type":"WebSite","@id":"https:\/\/www.inverseteams.com\/ca\/#website","url":"https:\/\/www.inverseteams.com\/ca\/","name":"Inverseteams","description":"Tu marca de ropa deportiva personalizada","publisher":{"@id":"https:\/\/www.inverseteams.com\/ca\/#organization"},"potentialAction":[{"@type":"SearchAction","target":{"@type":"EntryPoint","urlTemplate":"https:\/\/www.inverseteams.com\/ca\/?s={search_term_string}"},"query-input":{"@type":"PropertyValueSpecification","valueRequired":true,"valueName":"search_term_string"}}],"inLanguage":"ca"},{"@type":"Organization","@id":"https:\/\/www.inverseteams.com\/ca\/#organization","name":"Inverse Teams","url":"https:\/\/www.inverseteams.com\/ca\/","logo":{"@type":"ImageObject","inLanguage":"ca","@id":"https:\/\/www.inverseteams.com\/ca\/#\/schema\/logo\/image\/","url":"https:\/\/www.inverseteams.com\/wp-content\/uploads\/2021\/03\/logo-inverse-teams.png","contentUrl":"https:\/\/www.inverseteams.com\/wp-content\/uploads\/2021\/03\/logo-inverse-teams.png","width":294,"height":99,"caption":"Inverse Teams"},"image":{"@id":"https:\/\/www.inverseteams.com\/ca\/#\/schema\/logo\/image\/"},"sameAs":["https:\/\/www.facebook.com\/inverseteams","http:\/\/instagram.com\/inverseteams","https:\/\/www.linkedin.com\/company\/inverse-cirosport-s-l-?trk=job_view_topcard_company_name","http:\/\/www.pinterest.com\/inverseteams\/","http:\/\/www.youtube.com\/user\/inverseteams?feature=watch"]}]}},"_links":{"self":[{"href":"https:\/\/www.inverseteams.com\/ca\/wp-json\/wp\/v2\/product\/269400","targetHints":{"allow":["GET"]}}],"collection":[{"href":"https:\/\/www.inverseteams.com\/ca\/wp-json\/wp\/v2\/product"}],"about":[{"href":"https:\/\/www.inverseteams.com\/ca\/wp-json\/wp\/v2\/types\/product"}],"replies":[{"embeddable":true,"href":"https:\/\/www.inverseteams.com\/ca\/wp-json\/wp\/v2\/comments?post=269400"}],"wp:featuredmedia":[{"embeddable":true,"href":"https:\/\/www.inverseteams.com\/ca\/wp-json\/wp\/v2\/media\/270849"}],"wp:attachment":[{"href":"https:\/\/www.inverseteams.com\/ca\/wp-json\/wp\/v2\/media?parent=269400"}],"wp:term":[{"taxonomy":"product_brand","embeddable":true,"href":"https:\/\/www.inverseteams.com\/ca\/wp-json\/wp\/v2\/product_brand?post=269400"},{"taxonomy":"product_cat","embeddable":true,"href":"https:\/\/www.inverseteams.com\/ca\/wp-json\/wp\/v2\/product_cat?post=269400"},{"taxonomy":"product_tag","embeddable":true,"href":"https:\/\/www.inverseteams.com\/ca\/wp-json\/wp\/v2\/product_tag?post=269400"},{"taxonomy":"custom_category","embeddable":true,"href":"https:\/\/www.inverseteams.com\/ca\/wp-json\/wp\/v2\/custom_category?post=269400"},{"taxonomy":"range","embeddable":true,"href":"https:\/\/www.inverseteams.com\/ca\/wp-json\/wp\/v2\/range?post=269400"}],"curies":[{"name":"wp","href":"https:\/\/api.w.org\/{rel}","templated":true}]}}