{"id":269394,"date":"2025-10-03T15:11:40","date_gmt":"2025-10-03T15:11:40","guid":{"rendered":"https:\/\/www.inverseteams.com\/?post_type=product&#038;p=269394"},"modified":"2026-02-20T11:55:59","modified_gmt":"2026-02-20T10:55:59","slug":"maillot-maniga-llarga-pure-level-berry-home","status":"publish","type":"product","link":"https:\/\/www.inverseteams.com\/ca\/producte\/maillot-maniga-llarga-pure-level-berry-home\/","title":{"rendered":"Maillot m\u00e0niga llarga PURE LEVEL BERRY (HOME)"},"content":{"rendered":"<p>Maillot ciclisme premium per a home molt ajustat al cos per millorar l&#8217;aerodin\u00e0mica sobre la bicicleta. Amb una construcci\u00f3 innovadora que ofereix adaptabilitat i compressi\u00f3. Ofereix un disseny ergon\u00f2mic que aporta m\u00e9s confort.<br \/>\nEl cos davanter, m\u00e0nigues i esquena estan confeccionats amb teixit t\u00e8rmic SUPERROUBAIX mentre que els laterals incorporen teixit CYCLON, que afavoreixen la transpirabilitat. Els punys de goma escuma ofereixen una subjecci\u00f3 suau. El coll compta amb una pe\u00e7a interior tipus SCUBA per a un ajustament m\u00e9s adaptable. Com a novetat, disposa d&#8217;una tira t\u00e8xtil de silicona que actua com a penjador.<br \/>\nA la part posterior, inclou 3 butxaques i una addicional de malla amb f\u00e0cil acc\u00e9s. Tamb\u00e9 incorpora butxaques extra als laterals. La cintura t\u00e9 un acabat amb rivet el\u00e0stic amb silicona.<\/p>\n","protected":false},"excerpt":{"rendered":"<p>Maillot ciclisme premium per a home molt ajustat al cos per millorar l&#8217;aerodin\u00e0mica sobre la bicicleta. Amb una construcci\u00f3 innovadora que ofereix adaptabilitat i compressi\u00f3. Ofereix un disseny ergon\u00f2mic que aporta m\u00e9s confort.<br \/>\nEl cos davanter, m\u00e0nigues i esquena estan confeccionats amb teixit t\u00e8rmic SUPERROUBAIX mentre que els laterals incorporen teixit CYCLON, que afavoreixen la transpirabilitat. Els punys de goma escuma ofereixen una subjecci\u00f3 suau. El coll compta amb una pe\u00e7a interior tipus SCUBA per a un ajustament m\u00e9s adaptable. Com a novetat, disposa d&#8217;una tira t\u00e8xtil de silicona que actua com a penjador.<br \/>\nA la part posterior, inclou 3 butxaques i una addicional de malla amb f\u00e0cil acc\u00e9s. Tamb\u00e9 incorpora butxaques extra als laterals. La cintura t\u00e9 un acabat amb rivet el\u00e0stic amb silicona.<\/p>\n","protected":false},"featured_media":270181,"comment_status":"closed","ping_status":"closed","template":"","meta":{"_acf_changed":false},"product_brand":[],"product_cat":[4120,4110,7175],"product_tag":[],"custom_category":[],"range":[],"class_list":{"0":"post-269394","1":"product","2":"type-product","3":"status-publish","4":"has-post-thumbnail","6":"product_cat-mallot-ciclista","7":"product_cat-ciclisme","8":"product_cat-b2b-ca","9":"pa_climatologia-fred","10":"pa_deporte-ciclisme","11":"pa_genero-home","12":"pa_patronaje-fit-ca","13":"pa_talla-l-ca","14":"pa_talla-m-ca","15":"pa_talla-s-ca","16":"pa_talla-xl-ca","17":"pa_talla-xxl-ca","18":"pa_tipo-de-prenda-mallot-maniga-llarga","20":"first","21":"instock","22":"taxable","23":"shipping-taxable","24":"purchasable","25":"product-type-variable","26":"has-default-attributes"},"acf":[],"yoast_head":"<!-- This site is optimized with the Yoast SEO plugin v27.3 - https:\/\/yoast.com\/product\/yoast-seo-wordpress\/ -->\n<title>Maillot m\u00e0niga llarga PURE LEVEL BERRY (HOME)<\/title>\n<meta name=\"description\" content=\"Maillot ciclisme premium per a home molt ajustat al cos per millorar l&#039;aerodin\u00e0mica sobre la bicicleta. Amb una construcci\u00f3 innovadora que ofereix adaptabilitat i compressi\u00f3. Ofereix un disseny ergon\u00f2mic que aporta m\u00e9s confort. El cos davanter, m\u00e0nigues i esquena estan confeccionats amb teixit t\u00e8rmic SUPERROUBAIX mentre que els laterals incorporen teixit CYCLON, que afavoreixen la transpirabilitat. Els punys de goma escuma ofereixen una subjecci\u00f3 suau. El coll compta amb una pe\u00e7a interior tipus SCUBA per a un ajustament m\u00e9s adaptable. Com a novetat, disposa d&#039;una tira t\u00e8xtil de silicona que actua com a penjador. A la part posterior, inclou 3 butxaques i una addicional de malla amb f\u00e0cil acc\u00e9s. Tamb\u00e9 incorpora butxaques extra als laterals. La cintura t\u00e9 un acabat amb rivet el\u00e0stic amb silicona.\" \/>\n<meta name=\"robots\" content=\"index, follow, max-snippet:-1, max-image-preview:large, max-video-preview:-1\" \/>\n<link rel=\"canonical\" href=\"https:\/\/www.inverseteams.com\/ca\/producte\/maillot-maniga-llarga-pure-level-berry-home\/\" \/>\n<meta property=\"og:locale\" content=\"ca_ES\" \/>\n<meta property=\"og:type\" content=\"article\" \/>\n<meta property=\"og:title\" content=\"Maillot m\u00e0niga llarga PURE LEVEL BERRY (HOME)\" \/>\n<meta property=\"og:description\" content=\"Maillot ciclisme premium per a home molt ajustat al cos per millorar l&#039;aerodin\u00e0mica sobre la bicicleta. Amb una construcci\u00f3 innovadora que ofereix adaptabilitat i compressi\u00f3. Ofereix un disseny ergon\u00f2mic que aporta m\u00e9s confort. El cos davanter, m\u00e0nigues i esquena estan confeccionats amb teixit t\u00e8rmic SUPERROUBAIX mentre que els laterals incorporen teixit CYCLON, que afavoreixen la transpirabilitat. Els punys de goma escuma ofereixen una subjecci\u00f3 suau. El coll compta amb una pe\u00e7a interior tipus SCUBA per a un ajustament m\u00e9s adaptable. Com a novetat, disposa d&#039;una tira t\u00e8xtil de silicona que actua com a penjador. A la part posterior, inclou 3 butxaques i una addicional de malla amb f\u00e0cil acc\u00e9s. Tamb\u00e9 incorpora butxaques extra als laterals. La cintura t\u00e9 un acabat amb rivet el\u00e0stic amb silicona.\" \/>\n<meta property=\"og:url\" content=\"https:\/\/www.inverseteams.com\/ca\/producte\/maillot-maniga-llarga-pure-level-berry-home\/\" \/>\n<meta property=\"og:site_name\" content=\"Inverseteams\" \/>\n<meta property=\"article:publisher\" content=\"https:\/\/www.facebook.com\/inverseteams\" \/>\n<meta property=\"article:modified_time\" content=\"2026-02-20T10:55:59+00:00\" \/>\n<meta property=\"og:image\" content=\"https:\/\/www.inverseteams.com\/wp-content\/uploads\/INVERSE-MAILLOT-PURE-LEVEL-BERRY-001.jpg\" \/>\n\t<meta property=\"og:image:width\" content=\"1500\" \/>\n\t<meta property=\"og:image:height\" content=\"1612\" \/>\n\t<meta property=\"og:image:type\" content=\"image\/jpeg\" \/>\n<meta name=\"twitter:card\" content=\"summary_large_image\" \/>\n<meta name=\"twitter:label1\" content=\"Temps estimat de lectura\" \/>\n\t<meta name=\"twitter:data1\" content=\"1 minut\" \/>\n<script type=\"application\/ld+json\" class=\"yoast-schema-graph\">{\"@context\":\"https:\\\/\\\/schema.org\",\"@graph\":[{\"@type\":\"WebPage\",\"@id\":\"https:\\\/\\\/www.inverseteams.com\\\/ca\\\/producte\\\/maillot-maniga-llarga-pure-level-berry-home\\\/\",\"url\":\"https:\\\/\\\/www.inverseteams.com\\\/ca\\\/producte\\\/maillot-maniga-llarga-pure-level-berry-home\\\/\",\"name\":\"Maillot m\u00e0niga llarga PURE LEVEL BERRY (HOME)\",\"isPartOf\":{\"@id\":\"https:\\\/\\\/www.inverseteams.com\\\/ca\\\/#website\"},\"primaryImageOfPage\":{\"@id\":\"https:\\\/\\\/www.inverseteams.com\\\/ca\\\/producte\\\/maillot-maniga-llarga-pure-level-berry-home\\\/#primaryimage\"},\"image\":{\"@id\":\"https:\\\/\\\/www.inverseteams.com\\\/ca\\\/producte\\\/maillot-maniga-llarga-pure-level-berry-home\\\/#primaryimage\"},\"thumbnailUrl\":\"https:\\\/\\\/www.inverseteams.com\\\/wp-content\\\/uploads\\\/INVERSE-MAILLOT-PURE-LEVEL-BERRY-001.jpg\",\"datePublished\":\"2025-10-03T15:11:40+00:00\",\"dateModified\":\"2026-02-20T10:55:59+00:00\",\"description\":\"Maillot ciclisme premium per a home molt ajustat al cos per millorar l'aerodin\u00e0mica sobre la bicicleta. Amb una construcci\u00f3 innovadora que ofereix adaptabilitat i compressi\u00f3. Ofereix un disseny ergon\u00f2mic que aporta m\u00e9s confort. El cos davanter, m\u00e0nigues i esquena estan confeccionats amb teixit t\u00e8rmic SUPERROUBAIX mentre que els laterals incorporen teixit CYCLON, que afavoreixen la transpirabilitat. Els punys de goma escuma ofereixen una subjecci\u00f3 suau. El coll compta amb una pe\u00e7a interior tipus SCUBA per a un ajustament m\u00e9s adaptable. Com a novetat, disposa d'una tira t\u00e8xtil de silicona que actua com a penjador. A la part posterior, inclou 3 butxaques i una addicional de malla amb f\u00e0cil acc\u00e9s. Tamb\u00e9 incorpora butxaques extra als laterals. La cintura t\u00e9 un acabat amb rivet el\u00e0stic amb silicona.\",\"breadcrumb\":{\"@id\":\"https:\\\/\\\/www.inverseteams.com\\\/ca\\\/producte\\\/maillot-maniga-llarga-pure-level-berry-home\\\/#breadcrumb\"},\"inLanguage\":\"ca\",\"potentialAction\":[{\"@type\":\"ReadAction\",\"target\":[\"https:\\\/\\\/www.inverseteams.com\\\/ca\\\/producte\\\/maillot-maniga-llarga-pure-level-berry-home\\\/\"]}]},{\"@type\":\"ImageObject\",\"inLanguage\":\"ca\",\"@id\":\"https:\\\/\\\/www.inverseteams.com\\\/ca\\\/producte\\\/maillot-maniga-llarga-pure-level-berry-home\\\/#primaryimage\",\"url\":\"https:\\\/\\\/www.inverseteams.com\\\/wp-content\\\/uploads\\\/INVERSE-MAILLOT-PURE-LEVEL-BERRY-001.jpg\",\"contentUrl\":\"https:\\\/\\\/www.inverseteams.com\\\/wp-content\\\/uploads\\\/INVERSE-MAILLOT-PURE-LEVEL-BERRY-001.jpg\",\"width\":1500,\"height\":1612,\"caption\":\"maillot ciclismo manga larga morado inverse\"},{\"@type\":\"BreadcrumbList\",\"@id\":\"https:\\\/\\\/www.inverseteams.com\\\/ca\\\/producte\\\/maillot-maniga-llarga-pure-level-berry-home\\\/#breadcrumb\",\"itemListElement\":[{\"@type\":\"ListItem\",\"position\":1,\"name\":\"Portada\",\"item\":\"https:\\\/\\\/www.inverseteams.com\\\/ca\\\/pagina-principal\\\/\"},{\"@type\":\"ListItem\",\"position\":2,\"name\":\"Botiga\",\"item\":\"https:\\\/\\\/www.inverseteams.com\\\/ca\\\/botiga\\\/\"},{\"@type\":\"ListItem\",\"position\":3,\"name\":\"Maillot m\u00e0niga llarga PURE LEVEL BERRY (HOME)\"}]},{\"@type\":\"WebSite\",\"@id\":\"https:\\\/\\\/www.inverseteams.com\\\/ca\\\/#website\",\"url\":\"https:\\\/\\\/www.inverseteams.com\\\/ca\\\/\",\"name\":\"Inverseteams\",\"description\":\"Tu marca de ropa deportiva personalizada\",\"publisher\":{\"@id\":\"https:\\\/\\\/www.inverseteams.com\\\/ca\\\/#organization\"},\"potentialAction\":[{\"@type\":\"SearchAction\",\"target\":{\"@type\":\"EntryPoint\",\"urlTemplate\":\"https:\\\/\\\/www.inverseteams.com\\\/ca\\\/?s={search_term_string}\"},\"query-input\":{\"@type\":\"PropertyValueSpecification\",\"valueRequired\":true,\"valueName\":\"search_term_string\"}}],\"inLanguage\":\"ca\"},{\"@type\":\"Organization\",\"@id\":\"https:\\\/\\\/www.inverseteams.com\\\/ca\\\/#organization\",\"name\":\"Inverse Teams\",\"url\":\"https:\\\/\\\/www.inverseteams.com\\\/ca\\\/\",\"logo\":{\"@type\":\"ImageObject\",\"inLanguage\":\"ca\",\"@id\":\"https:\\\/\\\/www.inverseteams.com\\\/ca\\\/#\\\/schema\\\/logo\\\/image\\\/\",\"url\":\"http:\\\/\\\/www.inverseteams.com\\\/wp-content\\\/uploads\\\/2021\\\/03\\\/logo-inverse-teams.png\",\"contentUrl\":\"http:\\\/\\\/www.inverseteams.com\\\/wp-content\\\/uploads\\\/2021\\\/03\\\/logo-inverse-teams.png\",\"width\":294,\"height\":99,\"caption\":\"Inverse Teams\"},\"image\":{\"@id\":\"https:\\\/\\\/www.inverseteams.com\\\/ca\\\/#\\\/schema\\\/logo\\\/image\\\/\"},\"sameAs\":[\"https:\\\/\\\/www.facebook.com\\\/inverseteams\",\"http:\\\/\\\/instagram.com\\\/inverseteams\",\"https:\\\/\\\/www.linkedin.com\\\/company\\\/inverse-cirosport-s-l-?trk=job_view_topcard_company_name\",\"http:\\\/\\\/www.pinterest.com\\\/inverseteams\\\/\",\"http:\\\/\\\/www.youtube.com\\\/user\\\/inverseteams?feature=watch\"]}]}<\/script>\n<!-- \/ Yoast SEO plugin. -->","yoast_head_json":{"title":"Maillot m\u00e0niga llarga PURE LEVEL BERRY (HOME)","description":"Maillot ciclisme premium per a home molt ajustat al cos per millorar l'aerodin\u00e0mica sobre la bicicleta. Amb una construcci\u00f3 innovadora que ofereix adaptabilitat i compressi\u00f3. Ofereix un disseny ergon\u00f2mic que aporta m\u00e9s confort. El cos davanter, m\u00e0nigues i esquena estan confeccionats amb teixit t\u00e8rmic SUPERROUBAIX mentre que els laterals incorporen teixit CYCLON, que afavoreixen la transpirabilitat. Els punys de goma escuma ofereixen una subjecci\u00f3 suau. El coll compta amb una pe\u00e7a interior tipus SCUBA per a un ajustament m\u00e9s adaptable. Com a novetat, disposa d'una tira t\u00e8xtil de silicona que actua com a penjador. A la part posterior, inclou 3 butxaques i una addicional de malla amb f\u00e0cil acc\u00e9s. Tamb\u00e9 incorpora butxaques extra als laterals. La cintura t\u00e9 un acabat amb rivet el\u00e0stic amb silicona.","robots":{"index":"index","follow":"follow","max-snippet":"max-snippet:-1","max-image-preview":"max-image-preview:large","max-video-preview":"max-video-preview:-1"},"canonical":"https:\/\/www.inverseteams.com\/ca\/producte\/maillot-maniga-llarga-pure-level-berry-home\/","og_locale":"ca_ES","og_type":"article","og_title":"Maillot m\u00e0niga llarga PURE LEVEL BERRY (HOME)","og_description":"Maillot ciclisme premium per a home molt ajustat al cos per millorar l'aerodin\u00e0mica sobre la bicicleta. Amb una construcci\u00f3 innovadora que ofereix adaptabilitat i compressi\u00f3. Ofereix un disseny ergon\u00f2mic que aporta m\u00e9s confort. El cos davanter, m\u00e0nigues i esquena estan confeccionats amb teixit t\u00e8rmic SUPERROUBAIX mentre que els laterals incorporen teixit CYCLON, que afavoreixen la transpirabilitat. Els punys de goma escuma ofereixen una subjecci\u00f3 suau. El coll compta amb una pe\u00e7a interior tipus SCUBA per a un ajustament m\u00e9s adaptable. Com a novetat, disposa d'una tira t\u00e8xtil de silicona que actua com a penjador. A la part posterior, inclou 3 butxaques i una addicional de malla amb f\u00e0cil acc\u00e9s. Tamb\u00e9 incorpora butxaques extra als laterals. La cintura t\u00e9 un acabat amb rivet el\u00e0stic amb silicona.","og_url":"https:\/\/www.inverseteams.com\/ca\/producte\/maillot-maniga-llarga-pure-level-berry-home\/","og_site_name":"Inverseteams","article_publisher":"https:\/\/www.facebook.com\/inverseteams","article_modified_time":"2026-02-20T10:55:59+00:00","og_image":[{"width":1500,"height":1612,"url":"https:\/\/www.inverseteams.com\/wp-content\/uploads\/INVERSE-MAILLOT-PURE-LEVEL-BERRY-001.jpg","type":"image\/jpeg"}],"twitter_card":"summary_large_image","twitter_misc":{"Temps estimat de lectura":"1 minut"},"schema":{"@context":"https:\/\/schema.org","@graph":[{"@type":"WebPage","@id":"https:\/\/www.inverseteams.com\/ca\/producte\/maillot-maniga-llarga-pure-level-berry-home\/","url":"https:\/\/www.inverseteams.com\/ca\/producte\/maillot-maniga-llarga-pure-level-berry-home\/","name":"Maillot m\u00e0niga llarga PURE LEVEL BERRY (HOME)","isPartOf":{"@id":"https:\/\/www.inverseteams.com\/ca\/#website"},"primaryImageOfPage":{"@id":"https:\/\/www.inverseteams.com\/ca\/producte\/maillot-maniga-llarga-pure-level-berry-home\/#primaryimage"},"image":{"@id":"https:\/\/www.inverseteams.com\/ca\/producte\/maillot-maniga-llarga-pure-level-berry-home\/#primaryimage"},"thumbnailUrl":"https:\/\/www.inverseteams.com\/wp-content\/uploads\/INVERSE-MAILLOT-PURE-LEVEL-BERRY-001.jpg","datePublished":"2025-10-03T15:11:40+00:00","dateModified":"2026-02-20T10:55:59+00:00","description":"Maillot ciclisme premium per a home molt ajustat al cos per millorar l'aerodin\u00e0mica sobre la bicicleta. Amb una construcci\u00f3 innovadora que ofereix adaptabilitat i compressi\u00f3. Ofereix un disseny ergon\u00f2mic que aporta m\u00e9s confort. El cos davanter, m\u00e0nigues i esquena estan confeccionats amb teixit t\u00e8rmic SUPERROUBAIX mentre que els laterals incorporen teixit CYCLON, que afavoreixen la transpirabilitat. Els punys de goma escuma ofereixen una subjecci\u00f3 suau. El coll compta amb una pe\u00e7a interior tipus SCUBA per a un ajustament m\u00e9s adaptable. Com a novetat, disposa d'una tira t\u00e8xtil de silicona que actua com a penjador. A la part posterior, inclou 3 butxaques i una addicional de malla amb f\u00e0cil acc\u00e9s. Tamb\u00e9 incorpora butxaques extra als laterals. La cintura t\u00e9 un acabat amb rivet el\u00e0stic amb silicona.","breadcrumb":{"@id":"https:\/\/www.inverseteams.com\/ca\/producte\/maillot-maniga-llarga-pure-level-berry-home\/#breadcrumb"},"inLanguage":"ca","potentialAction":[{"@type":"ReadAction","target":["https:\/\/www.inverseteams.com\/ca\/producte\/maillot-maniga-llarga-pure-level-berry-home\/"]}]},{"@type":"ImageObject","inLanguage":"ca","@id":"https:\/\/www.inverseteams.com\/ca\/producte\/maillot-maniga-llarga-pure-level-berry-home\/#primaryimage","url":"https:\/\/www.inverseteams.com\/wp-content\/uploads\/INVERSE-MAILLOT-PURE-LEVEL-BERRY-001.jpg","contentUrl":"https:\/\/www.inverseteams.com\/wp-content\/uploads\/INVERSE-MAILLOT-PURE-LEVEL-BERRY-001.jpg","width":1500,"height":1612,"caption":"maillot ciclismo manga larga morado inverse"},{"@type":"BreadcrumbList","@id":"https:\/\/www.inverseteams.com\/ca\/producte\/maillot-maniga-llarga-pure-level-berry-home\/#breadcrumb","itemListElement":[{"@type":"ListItem","position":1,"name":"Portada","item":"https:\/\/www.inverseteams.com\/ca\/pagina-principal\/"},{"@type":"ListItem","position":2,"name":"Botiga","item":"https:\/\/www.inverseteams.com\/ca\/botiga\/"},{"@type":"ListItem","position":3,"name":"Maillot m\u00e0niga llarga PURE LEVEL BERRY (HOME)"}]},{"@type":"WebSite","@id":"https:\/\/www.inverseteams.com\/ca\/#website","url":"https:\/\/www.inverseteams.com\/ca\/","name":"Inverseteams","description":"Tu marca de ropa deportiva personalizada","publisher":{"@id":"https:\/\/www.inverseteams.com\/ca\/#organization"},"potentialAction":[{"@type":"SearchAction","target":{"@type":"EntryPoint","urlTemplate":"https:\/\/www.inverseteams.com\/ca\/?s={search_term_string}"},"query-input":{"@type":"PropertyValueSpecification","valueRequired":true,"valueName":"search_term_string"}}],"inLanguage":"ca"},{"@type":"Organization","@id":"https:\/\/www.inverseteams.com\/ca\/#organization","name":"Inverse Teams","url":"https:\/\/www.inverseteams.com\/ca\/","logo":{"@type":"ImageObject","inLanguage":"ca","@id":"https:\/\/www.inverseteams.com\/ca\/#\/schema\/logo\/image\/","url":"https:\/\/www.inverseteams.com\/wp-content\/uploads\/2021\/03\/logo-inverse-teams.png","contentUrl":"https:\/\/www.inverseteams.com\/wp-content\/uploads\/2021\/03\/logo-inverse-teams.png","width":294,"height":99,"caption":"Inverse Teams"},"image":{"@id":"https:\/\/www.inverseteams.com\/ca\/#\/schema\/logo\/image\/"},"sameAs":["https:\/\/www.facebook.com\/inverseteams","http:\/\/instagram.com\/inverseteams","https:\/\/www.linkedin.com\/company\/inverse-cirosport-s-l-?trk=job_view_topcard_company_name","http:\/\/www.pinterest.com\/inverseteams\/","http:\/\/www.youtube.com\/user\/inverseteams?feature=watch"]}]}},"_links":{"self":[{"href":"https:\/\/www.inverseteams.com\/ca\/wp-json\/wp\/v2\/product\/269394","targetHints":{"allow":["GET"]}}],"collection":[{"href":"https:\/\/www.inverseteams.com\/ca\/wp-json\/wp\/v2\/product"}],"about":[{"href":"https:\/\/www.inverseteams.com\/ca\/wp-json\/wp\/v2\/types\/product"}],"replies":[{"embeddable":true,"href":"https:\/\/www.inverseteams.com\/ca\/wp-json\/wp\/v2\/comments?post=269394"}],"wp:featuredmedia":[{"embeddable":true,"href":"https:\/\/www.inverseteams.com\/ca\/wp-json\/wp\/v2\/media\/270181"}],"wp:attachment":[{"href":"https:\/\/www.inverseteams.com\/ca\/wp-json\/wp\/v2\/media?parent=269394"}],"wp:term":[{"taxonomy":"product_brand","embeddable":true,"href":"https:\/\/www.inverseteams.com\/ca\/wp-json\/wp\/v2\/product_brand?post=269394"},{"taxonomy":"product_cat","embeddable":true,"href":"https:\/\/www.inverseteams.com\/ca\/wp-json\/wp\/v2\/product_cat?post=269394"},{"taxonomy":"product_tag","embeddable":true,"href":"https:\/\/www.inverseteams.com\/ca\/wp-json\/wp\/v2\/product_tag?post=269394"},{"taxonomy":"custom_category","embeddable":true,"href":"https:\/\/www.inverseteams.com\/ca\/wp-json\/wp\/v2\/custom_category?post=269394"},{"taxonomy":"range","embeddable":true,"href":"https:\/\/www.inverseteams.com\/ca\/wp-json\/wp\/v2\/range?post=269394"}],"curies":[{"name":"wp","href":"https:\/\/api.w.org\/{rel}","templated":true}]}}