{"id":269390,"date":"2025-10-03T15:04:43","date_gmt":"2025-10-03T15:04:43","guid":{"rendered":"https:\/\/www.inverseteams.com\/?post_type=product&#038;p=269390"},"modified":"2026-02-20T11:56:00","modified_gmt":"2026-02-20T10:56:00","slug":"maillot-maniga-llarga-motion-dark-brown-home","status":"publish","type":"product","link":"https:\/\/www.inverseteams.com\/ca\/producte\/maillot-maniga-llarga-motion-dark-brown-home\/","title":{"rendered":"Maillot m\u00e0niga llarga MOTION DARK BROWN (HOME)"},"content":{"rendered":"<p>Mallot ciclista t\u00e8rmic per a home dissenyat per oferir confort i rendiment en baixes temperatures.<br \/>\nEl teixit frontal i el coll estan confeccionats amb teixit t\u00e8rmic SUPERROUBAIX, c\u00e0lid i suau al tacte. Amb panells de teixit CYCLON sota les aixelles amb estructura oberta que afavoreix una transpiraci\u00f3 m\u00e9s gran.<br \/>\nEl coll alt de forma anat\u00f2mica proporciona un ajustament perfecte. Els punys, amb tall l\u00e0ser i costura plana, incorporen plafons de teixit \u201cX\u201d (HORUS) que envolten les nines sense buits, permetent l&#8217;\u00fas de guants sense fricci\u00f3.<br \/>\nInclou 3 butxaques a la zona del darrere amb sistema de seguretat ISP. T\u00e9 un ajustament perfecte a la cintura gr\u00e0cies a la goma amb silicona personalitzada.<\/p>\n","protected":false},"excerpt":{"rendered":"<p>Mallot ciclista t\u00e8rmic per a home dissenyat per oferir confort i rendiment en baixes temperatures.<br \/>\nEl teixit frontal i el coll estan confeccionats amb teixit t\u00e8rmic SUPERROUBAIX, c\u00e0lid i suau al tacte. Amb panells de teixit CYCLON sota les aixelles amb estructura oberta que afavoreix una transpiraci\u00f3 m\u00e9s gran.<br \/>\nEl coll alt de forma anat\u00f2mica proporciona un ajustament perfecte. Els punys, amb tall l\u00e0ser i costura plana, incorporen plafons de teixit \u201cX\u201d (HORUS) que envolten les nines sense buits, permetent l&#8217;\u00fas de guants sense fricci\u00f3.<br \/>\nInclou 3 butxaques a la zona del darrere amb sistema de seguretat ISP. T\u00e9 un ajustament perfecte a la cintura gr\u00e0cies a la goma amb silicona personalitzada.<\/p>\n","protected":false},"featured_media":270271,"comment_status":"closed","ping_status":"closed","template":"","meta":{"_acf_changed":false},"product_brand":[],"product_cat":[4110,4120,7175],"product_tag":[],"custom_category":[],"range":[],"class_list":{"0":"post-269390","1":"product","2":"type-product","3":"status-publish","4":"has-post-thumbnail","6":"product_cat-ciclisme","7":"product_cat-mallot-ciclista","8":"product_cat-b2b-ca","9":"pa_climatologia-fred","10":"pa_deporte-ciclisme","11":"pa_genero-home","12":"pa_patronaje-fit-ca","13":"pa_talla-xxl-ca","14":"pa_talla-l-ca","15":"pa_talla-m-ca","16":"pa_talla-s-ca","17":"pa_talla-xl-ca","18":"pa_tipo-de-prenda-mallot-maniga-llarga","20":"first","21":"instock","22":"taxable","23":"shipping-taxable","24":"purchasable","25":"product-type-variable","26":"has-default-attributes"},"acf":[],"yoast_head":"<!-- This site is optimized with the Yoast SEO plugin v27.3 - https:\/\/yoast.com\/product\/yoast-seo-wordpress\/ -->\n<title>Maillot m\u00e0niga llarga MOTION DARK BROWN (HOME)<\/title>\n<meta name=\"description\" content=\"Mallot ciclista t\u00e8rmic per a home dissenyat per oferir confort i rendiment en baixes temperatures. El teixit frontal i el coll estan confeccionats amb teixit t\u00e8rmic SUPERROUBAIX, c\u00e0lid i suau al tacte. Amb panells de teixit CYCLON sota les aixelles amb estructura oberta que afavoreix una transpiraci\u00f3 m\u00e9s gran. El coll alt de forma anat\u00f2mica proporciona un ajustament perfecte. Els punys, amb tall l\u00e0ser i costura plana, incorporen plafons de teixit \u201cX\u201d (HORUS) que envolten les nines sense buits, permetent l&#039;\u00fas de guants sense fricci\u00f3. Inclou 3 butxaques a la zona del darrere amb sistema de seguretat ISP. T\u00e9 un ajustament perfecte a la cintura gr\u00e0cies a la goma amb silicona personalitzada.\" \/>\n<meta name=\"robots\" content=\"index, follow, max-snippet:-1, max-image-preview:large, max-video-preview:-1\" \/>\n<link rel=\"canonical\" href=\"https:\/\/www.inverseteams.com\/ca\/producte\/maillot-maniga-llarga-motion-dark-brown-home\/\" \/>\n<meta property=\"og:locale\" content=\"ca_ES\" \/>\n<meta property=\"og:type\" content=\"article\" \/>\n<meta property=\"og:title\" content=\"Maillot m\u00e0niga llarga MOTION DARK BROWN (HOME)\" \/>\n<meta property=\"og:description\" content=\"Mallot ciclista t\u00e8rmic per a home dissenyat per oferir confort i rendiment en baixes temperatures. El teixit frontal i el coll estan confeccionats amb teixit t\u00e8rmic SUPERROUBAIX, c\u00e0lid i suau al tacte. Amb panells de teixit CYCLON sota les aixelles amb estructura oberta que afavoreix una transpiraci\u00f3 m\u00e9s gran. El coll alt de forma anat\u00f2mica proporciona un ajustament perfecte. Els punys, amb tall l\u00e0ser i costura plana, incorporen plafons de teixit \u201cX\u201d (HORUS) que envolten les nines sense buits, permetent l&#039;\u00fas de guants sense fricci\u00f3. Inclou 3 butxaques a la zona del darrere amb sistema de seguretat ISP. T\u00e9 un ajustament perfecte a la cintura gr\u00e0cies a la goma amb silicona personalitzada.\" \/>\n<meta property=\"og:url\" content=\"https:\/\/www.inverseteams.com\/ca\/producte\/maillot-maniga-llarga-motion-dark-brown-home\/\" \/>\n<meta property=\"og:site_name\" content=\"Inverseteams\" \/>\n<meta property=\"article:publisher\" content=\"https:\/\/www.facebook.com\/inverseteams\" \/>\n<meta property=\"article:modified_time\" content=\"2026-02-20T10:56:00+00:00\" \/>\n<meta property=\"og:image\" content=\"https:\/\/www.inverseteams.com\/wp-content\/uploads\/INVERSE-MOTION-MAILLOT-SLIM-DARKBROWN-001.jpg\" \/>\n\t<meta property=\"og:image:width\" content=\"1500\" \/>\n\t<meta property=\"og:image:height\" content=\"1612\" \/>\n\t<meta property=\"og:image:type\" content=\"image\/jpeg\" \/>\n<meta name=\"twitter:card\" content=\"summary_large_image\" \/>\n<meta name=\"twitter:label1\" content=\"Temps estimat de lectura\" \/>\n\t<meta name=\"twitter:data1\" content=\"1 minut\" \/>\n<script type=\"application\/ld+json\" class=\"yoast-schema-graph\">{\"@context\":\"https:\\\/\\\/schema.org\",\"@graph\":[{\"@type\":\"WebPage\",\"@id\":\"https:\\\/\\\/www.inverseteams.com\\\/ca\\\/producte\\\/maillot-maniga-llarga-motion-dark-brown-home\\\/\",\"url\":\"https:\\\/\\\/www.inverseteams.com\\\/ca\\\/producte\\\/maillot-maniga-llarga-motion-dark-brown-home\\\/\",\"name\":\"Maillot m\u00e0niga llarga MOTION DARK BROWN (HOME)\",\"isPartOf\":{\"@id\":\"https:\\\/\\\/www.inverseteams.com\\\/ca\\\/#website\"},\"primaryImageOfPage\":{\"@id\":\"https:\\\/\\\/www.inverseteams.com\\\/ca\\\/producte\\\/maillot-maniga-llarga-motion-dark-brown-home\\\/#primaryimage\"},\"image\":{\"@id\":\"https:\\\/\\\/www.inverseteams.com\\\/ca\\\/producte\\\/maillot-maniga-llarga-motion-dark-brown-home\\\/#primaryimage\"},\"thumbnailUrl\":\"https:\\\/\\\/www.inverseteams.com\\\/wp-content\\\/uploads\\\/INVERSE-MOTION-MAILLOT-SLIM-DARKBROWN-001.jpg\",\"datePublished\":\"2025-10-03T15:04:43+00:00\",\"dateModified\":\"2026-02-20T10:56:00+00:00\",\"description\":\"Mallot ciclista t\u00e8rmic per a home dissenyat per oferir confort i rendiment en baixes temperatures. El teixit frontal i el coll estan confeccionats amb teixit t\u00e8rmic SUPERROUBAIX, c\u00e0lid i suau al tacte. Amb panells de teixit CYCLON sota les aixelles amb estructura oberta que afavoreix una transpiraci\u00f3 m\u00e9s gran. El coll alt de forma anat\u00f2mica proporciona un ajustament perfecte. Els punys, amb tall l\u00e0ser i costura plana, incorporen plafons de teixit \u201cX\u201d (HORUS) que envolten les nines sense buits, permetent l'\u00fas de guants sense fricci\u00f3. Inclou 3 butxaques a la zona del darrere amb sistema de seguretat ISP. T\u00e9 un ajustament perfecte a la cintura gr\u00e0cies a la goma amb silicona personalitzada.\",\"breadcrumb\":{\"@id\":\"https:\\\/\\\/www.inverseteams.com\\\/ca\\\/producte\\\/maillot-maniga-llarga-motion-dark-brown-home\\\/#breadcrumb\"},\"inLanguage\":\"ca\",\"potentialAction\":[{\"@type\":\"ReadAction\",\"target\":[\"https:\\\/\\\/www.inverseteams.com\\\/ca\\\/producte\\\/maillot-maniga-llarga-motion-dark-brown-home\\\/\"]}]},{\"@type\":\"ImageObject\",\"inLanguage\":\"ca\",\"@id\":\"https:\\\/\\\/www.inverseteams.com\\\/ca\\\/producte\\\/maillot-maniga-llarga-motion-dark-brown-home\\\/#primaryimage\",\"url\":\"https:\\\/\\\/www.inverseteams.com\\\/wp-content\\\/uploads\\\/INVERSE-MOTION-MAILLOT-SLIM-DARKBROWN-001.jpg\",\"contentUrl\":\"https:\\\/\\\/www.inverseteams.com\\\/wp-content\\\/uploads\\\/INVERSE-MOTION-MAILLOT-SLIM-DARKBROWN-001.jpg\",\"width\":1500,\"height\":1612,\"caption\":\"maillot ciclista inverse marron\"},{\"@type\":\"BreadcrumbList\",\"@id\":\"https:\\\/\\\/www.inverseteams.com\\\/ca\\\/producte\\\/maillot-maniga-llarga-motion-dark-brown-home\\\/#breadcrumb\",\"itemListElement\":[{\"@type\":\"ListItem\",\"position\":1,\"name\":\"Portada\",\"item\":\"https:\\\/\\\/www.inverseteams.com\\\/ca\\\/pagina-principal\\\/\"},{\"@type\":\"ListItem\",\"position\":2,\"name\":\"Botiga\",\"item\":\"https:\\\/\\\/www.inverseteams.com\\\/ca\\\/botiga\\\/\"},{\"@type\":\"ListItem\",\"position\":3,\"name\":\"Maillot m\u00e0niga llarga MOTION DARK BROWN (HOME)\"}]},{\"@type\":\"WebSite\",\"@id\":\"https:\\\/\\\/www.inverseteams.com\\\/ca\\\/#website\",\"url\":\"https:\\\/\\\/www.inverseteams.com\\\/ca\\\/\",\"name\":\"Inverseteams\",\"description\":\"Tu marca de ropa deportiva personalizada\",\"publisher\":{\"@id\":\"https:\\\/\\\/www.inverseteams.com\\\/ca\\\/#organization\"},\"potentialAction\":[{\"@type\":\"SearchAction\",\"target\":{\"@type\":\"EntryPoint\",\"urlTemplate\":\"https:\\\/\\\/www.inverseteams.com\\\/ca\\\/?s={search_term_string}\"},\"query-input\":{\"@type\":\"PropertyValueSpecification\",\"valueRequired\":true,\"valueName\":\"search_term_string\"}}],\"inLanguage\":\"ca\"},{\"@type\":\"Organization\",\"@id\":\"https:\\\/\\\/www.inverseteams.com\\\/ca\\\/#organization\",\"name\":\"Inverse Teams\",\"url\":\"https:\\\/\\\/www.inverseteams.com\\\/ca\\\/\",\"logo\":{\"@type\":\"ImageObject\",\"inLanguage\":\"ca\",\"@id\":\"https:\\\/\\\/www.inverseteams.com\\\/ca\\\/#\\\/schema\\\/logo\\\/image\\\/\",\"url\":\"http:\\\/\\\/www.inverseteams.com\\\/wp-content\\\/uploads\\\/2021\\\/03\\\/logo-inverse-teams.png\",\"contentUrl\":\"http:\\\/\\\/www.inverseteams.com\\\/wp-content\\\/uploads\\\/2021\\\/03\\\/logo-inverse-teams.png\",\"width\":294,\"height\":99,\"caption\":\"Inverse Teams\"},\"image\":{\"@id\":\"https:\\\/\\\/www.inverseteams.com\\\/ca\\\/#\\\/schema\\\/logo\\\/image\\\/\"},\"sameAs\":[\"https:\\\/\\\/www.facebook.com\\\/inverseteams\",\"http:\\\/\\\/instagram.com\\\/inverseteams\",\"https:\\\/\\\/www.linkedin.com\\\/company\\\/inverse-cirosport-s-l-?trk=job_view_topcard_company_name\",\"http:\\\/\\\/www.pinterest.com\\\/inverseteams\\\/\",\"http:\\\/\\\/www.youtube.com\\\/user\\\/inverseteams?feature=watch\"]}]}<\/script>\n<!-- \/ Yoast SEO plugin. -->","yoast_head_json":{"title":"Maillot m\u00e0niga llarga MOTION DARK BROWN (HOME)","description":"Mallot ciclista t\u00e8rmic per a home dissenyat per oferir confort i rendiment en baixes temperatures. El teixit frontal i el coll estan confeccionats amb teixit t\u00e8rmic SUPERROUBAIX, c\u00e0lid i suau al tacte. Amb panells de teixit CYCLON sota les aixelles amb estructura oberta que afavoreix una transpiraci\u00f3 m\u00e9s gran. El coll alt de forma anat\u00f2mica proporciona un ajustament perfecte. Els punys, amb tall l\u00e0ser i costura plana, incorporen plafons de teixit \u201cX\u201d (HORUS) que envolten les nines sense buits, permetent l'\u00fas de guants sense fricci\u00f3. Inclou 3 butxaques a la zona del darrere amb sistema de seguretat ISP. T\u00e9 un ajustament perfecte a la cintura gr\u00e0cies a la goma amb silicona personalitzada.","robots":{"index":"index","follow":"follow","max-snippet":"max-snippet:-1","max-image-preview":"max-image-preview:large","max-video-preview":"max-video-preview:-1"},"canonical":"https:\/\/www.inverseteams.com\/ca\/producte\/maillot-maniga-llarga-motion-dark-brown-home\/","og_locale":"ca_ES","og_type":"article","og_title":"Maillot m\u00e0niga llarga MOTION DARK BROWN (HOME)","og_description":"Mallot ciclista t\u00e8rmic per a home dissenyat per oferir confort i rendiment en baixes temperatures. El teixit frontal i el coll estan confeccionats amb teixit t\u00e8rmic SUPERROUBAIX, c\u00e0lid i suau al tacte. Amb panells de teixit CYCLON sota les aixelles amb estructura oberta que afavoreix una transpiraci\u00f3 m\u00e9s gran. El coll alt de forma anat\u00f2mica proporciona un ajustament perfecte. Els punys, amb tall l\u00e0ser i costura plana, incorporen plafons de teixit \u201cX\u201d (HORUS) que envolten les nines sense buits, permetent l'\u00fas de guants sense fricci\u00f3. Inclou 3 butxaques a la zona del darrere amb sistema de seguretat ISP. T\u00e9 un ajustament perfecte a la cintura gr\u00e0cies a la goma amb silicona personalitzada.","og_url":"https:\/\/www.inverseteams.com\/ca\/producte\/maillot-maniga-llarga-motion-dark-brown-home\/","og_site_name":"Inverseteams","article_publisher":"https:\/\/www.facebook.com\/inverseteams","article_modified_time":"2026-02-20T10:56:00+00:00","og_image":[{"width":1500,"height":1612,"url":"https:\/\/www.inverseteams.com\/wp-content\/uploads\/INVERSE-MOTION-MAILLOT-SLIM-DARKBROWN-001.jpg","type":"image\/jpeg"}],"twitter_card":"summary_large_image","twitter_misc":{"Temps estimat de lectura":"1 minut"},"schema":{"@context":"https:\/\/schema.org","@graph":[{"@type":"WebPage","@id":"https:\/\/www.inverseteams.com\/ca\/producte\/maillot-maniga-llarga-motion-dark-brown-home\/","url":"https:\/\/www.inverseteams.com\/ca\/producte\/maillot-maniga-llarga-motion-dark-brown-home\/","name":"Maillot m\u00e0niga llarga MOTION DARK BROWN (HOME)","isPartOf":{"@id":"https:\/\/www.inverseteams.com\/ca\/#website"},"primaryImageOfPage":{"@id":"https:\/\/www.inverseteams.com\/ca\/producte\/maillot-maniga-llarga-motion-dark-brown-home\/#primaryimage"},"image":{"@id":"https:\/\/www.inverseteams.com\/ca\/producte\/maillot-maniga-llarga-motion-dark-brown-home\/#primaryimage"},"thumbnailUrl":"https:\/\/www.inverseteams.com\/wp-content\/uploads\/INVERSE-MOTION-MAILLOT-SLIM-DARKBROWN-001.jpg","datePublished":"2025-10-03T15:04:43+00:00","dateModified":"2026-02-20T10:56:00+00:00","description":"Mallot ciclista t\u00e8rmic per a home dissenyat per oferir confort i rendiment en baixes temperatures. El teixit frontal i el coll estan confeccionats amb teixit t\u00e8rmic SUPERROUBAIX, c\u00e0lid i suau al tacte. Amb panells de teixit CYCLON sota les aixelles amb estructura oberta que afavoreix una transpiraci\u00f3 m\u00e9s gran. El coll alt de forma anat\u00f2mica proporciona un ajustament perfecte. Els punys, amb tall l\u00e0ser i costura plana, incorporen plafons de teixit \u201cX\u201d (HORUS) que envolten les nines sense buits, permetent l'\u00fas de guants sense fricci\u00f3. Inclou 3 butxaques a la zona del darrere amb sistema de seguretat ISP. T\u00e9 un ajustament perfecte a la cintura gr\u00e0cies a la goma amb silicona personalitzada.","breadcrumb":{"@id":"https:\/\/www.inverseteams.com\/ca\/producte\/maillot-maniga-llarga-motion-dark-brown-home\/#breadcrumb"},"inLanguage":"ca","potentialAction":[{"@type":"ReadAction","target":["https:\/\/www.inverseteams.com\/ca\/producte\/maillot-maniga-llarga-motion-dark-brown-home\/"]}]},{"@type":"ImageObject","inLanguage":"ca","@id":"https:\/\/www.inverseteams.com\/ca\/producte\/maillot-maniga-llarga-motion-dark-brown-home\/#primaryimage","url":"https:\/\/www.inverseteams.com\/wp-content\/uploads\/INVERSE-MOTION-MAILLOT-SLIM-DARKBROWN-001.jpg","contentUrl":"https:\/\/www.inverseteams.com\/wp-content\/uploads\/INVERSE-MOTION-MAILLOT-SLIM-DARKBROWN-001.jpg","width":1500,"height":1612,"caption":"maillot ciclista inverse marron"},{"@type":"BreadcrumbList","@id":"https:\/\/www.inverseteams.com\/ca\/producte\/maillot-maniga-llarga-motion-dark-brown-home\/#breadcrumb","itemListElement":[{"@type":"ListItem","position":1,"name":"Portada","item":"https:\/\/www.inverseteams.com\/ca\/pagina-principal\/"},{"@type":"ListItem","position":2,"name":"Botiga","item":"https:\/\/www.inverseteams.com\/ca\/botiga\/"},{"@type":"ListItem","position":3,"name":"Maillot m\u00e0niga llarga MOTION DARK BROWN (HOME)"}]},{"@type":"WebSite","@id":"https:\/\/www.inverseteams.com\/ca\/#website","url":"https:\/\/www.inverseteams.com\/ca\/","name":"Inverseteams","description":"Tu marca de ropa deportiva personalizada","publisher":{"@id":"https:\/\/www.inverseteams.com\/ca\/#organization"},"potentialAction":[{"@type":"SearchAction","target":{"@type":"EntryPoint","urlTemplate":"https:\/\/www.inverseteams.com\/ca\/?s={search_term_string}"},"query-input":{"@type":"PropertyValueSpecification","valueRequired":true,"valueName":"search_term_string"}}],"inLanguage":"ca"},{"@type":"Organization","@id":"https:\/\/www.inverseteams.com\/ca\/#organization","name":"Inverse Teams","url":"https:\/\/www.inverseteams.com\/ca\/","logo":{"@type":"ImageObject","inLanguage":"ca","@id":"https:\/\/www.inverseteams.com\/ca\/#\/schema\/logo\/image\/","url":"https:\/\/www.inverseteams.com\/wp-content\/uploads\/2021\/03\/logo-inverse-teams.png","contentUrl":"https:\/\/www.inverseteams.com\/wp-content\/uploads\/2021\/03\/logo-inverse-teams.png","width":294,"height":99,"caption":"Inverse Teams"},"image":{"@id":"https:\/\/www.inverseteams.com\/ca\/#\/schema\/logo\/image\/"},"sameAs":["https:\/\/www.facebook.com\/inverseteams","http:\/\/instagram.com\/inverseteams","https:\/\/www.linkedin.com\/company\/inverse-cirosport-s-l-?trk=job_view_topcard_company_name","http:\/\/www.pinterest.com\/inverseteams\/","http:\/\/www.youtube.com\/user\/inverseteams?feature=watch"]}]}},"_links":{"self":[{"href":"https:\/\/www.inverseteams.com\/ca\/wp-json\/wp\/v2\/product\/269390","targetHints":{"allow":["GET"]}}],"collection":[{"href":"https:\/\/www.inverseteams.com\/ca\/wp-json\/wp\/v2\/product"}],"about":[{"href":"https:\/\/www.inverseteams.com\/ca\/wp-json\/wp\/v2\/types\/product"}],"replies":[{"embeddable":true,"href":"https:\/\/www.inverseteams.com\/ca\/wp-json\/wp\/v2\/comments?post=269390"}],"wp:featuredmedia":[{"embeddable":true,"href":"https:\/\/www.inverseteams.com\/ca\/wp-json\/wp\/v2\/media\/270271"}],"wp:attachment":[{"href":"https:\/\/www.inverseteams.com\/ca\/wp-json\/wp\/v2\/media?parent=269390"}],"wp:term":[{"taxonomy":"product_brand","embeddable":true,"href":"https:\/\/www.inverseteams.com\/ca\/wp-json\/wp\/v2\/product_brand?post=269390"},{"taxonomy":"product_cat","embeddable":true,"href":"https:\/\/www.inverseteams.com\/ca\/wp-json\/wp\/v2\/product_cat?post=269390"},{"taxonomy":"product_tag","embeddable":true,"href":"https:\/\/www.inverseteams.com\/ca\/wp-json\/wp\/v2\/product_tag?post=269390"},{"taxonomy":"custom_category","embeddable":true,"href":"https:\/\/www.inverseteams.com\/ca\/wp-json\/wp\/v2\/custom_category?post=269390"},{"taxonomy":"range","embeddable":true,"href":"https:\/\/www.inverseteams.com\/ca\/wp-json\/wp\/v2\/range?post=269390"}],"curies":[{"name":"wp","href":"https:\/\/api.w.org\/{rel}","templated":true}]}}