{"id":269191,"date":"2025-10-03T14:15:57","date_gmt":"2025-10-03T14:15:57","guid":{"rendered":"https:\/\/www.inverseteams.com\/?post_type=product&#038;p=269191"},"modified":"2026-03-15T15:16:38","modified_gmt":"2026-03-15T14:16:38","slug":"armilla-essenz-eclipse-unisex","status":"publish","type":"product","link":"https:\/\/www.inverseteams.com\/ca\/producte\/armilla-essenz-eclipse-unisex\/","title":{"rendered":"Armilla ESSENZ ECLIPSE (UNISEX)"},"content":{"rendered":"<p data-start=\"367\" data-end=\"679\">L\u2019armilla de ciclisme ESSENZ ECLIPSE est\u00e0 dissenyada per oferir protecci\u00f3, lleugeresa i versatilitat, convertint-se en una pe\u00e7a imprescindible per a sortides de ciclisme de carretera, gravel o entrenaments amb climatologia variable.<br \/>\nAquesta armilla tallavents i impermeable ultralleugera \u00e9s altament compactable, cosa que permet <strong data-start=\"781\" data-end=\"827\">guardar-la f\u00e0cilment al butxaca del mallot<\/strong> quan no la necessites. \u00c9s la soluci\u00f3 perfecta per protegir-te del vent o dels canvis sobtats de temperatura durant la ruta.<br \/>\nLa part posterior incorpora <strong data-start=\"981\" data-end=\"1015\">teixit de reixeta transpirable<\/strong>, que afavoreix la ventilaci\u00f3 i facilita l\u2019evacuaci\u00f3 de la suor, ajudant a mantenir el cos sec fins i tot en esfor\u00e7os intensos.<br \/>\nPer a m\u00e9s funcionalitat, l\u2019armilla compta amb <strong data-start=\"1190\" data-end=\"1216\">dues obertures lumbars<\/strong> que permeten accedir f\u00e0cilment als butxaques del mallot sense necessitat d\u2019obrir la pe\u00e7a.<br \/>\nEl <strong data-start=\"1311\" data-end=\"1358\">baix el\u00e0stic amb banda interior de silicona<\/strong> garanteix un ajust ferm i estable durant el pedaleig. A m\u00e9s, incorpora un <strong data-start=\"1433\" data-end=\"1454\">detall reflectant<\/strong> que millora la visibilitat en condicions de poca llum.<br \/>\nLa <strong data-start=\"1514\" data-end=\"1556\">cremallera YKK imantada de doble carro<\/strong> permet obrir l\u2019armilla per dalt o per baix per regular la ventilaci\u00f3 durant la sortida. Amb una <strong data-start=\"1653\" data-end=\"1685\">columna d\u2019aigua de 10.000 mm<\/strong>, l\u2019ESSENZ ECLIPSE ofereix una protecci\u00f3 efica\u00e7 davant la pluja lleugera i el vent.<br \/>\n<strong>L\u2019armilla ciclisme ESSENZ ECLIPSE \u00e9s ideal per a ciclistes que busquen una armilla de ciclisme lleugera, compacta i funcional, perfecta per a rutes llargues i dies de temps canviant.<\/strong><\/p>\n","protected":false},"excerpt":{"rendered":"<p>L\u2019armilla de ciclisme ESSENZ ECLIPSE est\u00e0 dissenyada per oferir protecci\u00f3, lleugeresa i versatilitat, convertint-se en una pe\u00e7a imprescindible per a sortides de ciclisme de carretera, gravel o entrenaments amb climatologia variable.<br \/>\nAquesta armilla tallavents i impermeable ultralleugera \u00e9s altament compactable, cosa que permet <strong data-start=\"781\" data-end=\"827\">guardar-la f\u00e0cilment al butxaca del mallot<\/strong> quan no la necessites. \u00c9s la soluci\u00f3 perfecta per protegir-te del vent o dels canvis sobtats de temperatura durant la ruta.<br \/>\nLa part posterior incorpora <strong data-start=\"981\" data-end=\"1015\">teixit de reixeta transpirable<\/strong>, que afavoreix la ventilaci\u00f3 i facilita l\u2019evacuaci\u00f3 de la suor, ajudant a mantenir el cos sec fins i tot en esfor\u00e7os intensos.<br \/>\nPer a m\u00e9s funcionalitat, l\u2019armilla compta amb <strong data-start=\"1190\" data-end=\"1216\">dues obertures lumbars<\/strong> que permeten accedir f\u00e0cilment als butxaques del mallot sense necessitat d\u2019obrir la pe\u00e7a.<br \/>\nEl <strong data-start=\"1311\" data-end=\"1358\">baix el\u00e0stic amb banda interior de silicona<\/strong> garanteix un ajust ferm i estable durant el pedaleig. A m\u00e9s, incorpora un <strong data-start=\"1433\" data-end=\"1454\">detall reflectant<\/strong> que millora la visibilitat en condicions de poca llum.<br \/>\nLa <strong data-start=\"1514\" data-end=\"1556\">cremallera YKK imantada de doble carro<\/strong> permet obrir l\u2019armilla per dalt o per baix per regular la ventilaci\u00f3 durant la sortida. Amb una <strong data-start=\"1653\" data-end=\"1685\">columna d\u2019aigua de 10.000 mm<\/strong>, l\u2019ESSENZ ECLIPSE ofereix una protecci\u00f3 efica\u00e7 davant la pluja lleugera i el vent.<br \/>\n<strong>L\u2019armilla ciclisme ESSENZ ECLIPSE \u00e9s ideal per a ciclistes que busquen una armilla de ciclisme lleugera, compacta i funcional, perfecta per a rutes llargues i dies de temps canviant.<\/strong><\/p>\n","protected":false},"featured_media":280556,"comment_status":"closed","ping_status":"closed","template":"","meta":{"_acf_changed":false},"product_brand":[],"product_cat":[4110,9947,4134,7175],"product_tag":[],"custom_category":[],"range":[],"class_list":{"0":"post-269191","1":"product","2":"type-product","3":"status-publish","4":"has-post-thumbnail","6":"product_cat-ciclisme","7":"product_cat-gravel-cat","8":"product_cat-armilla-ciclista-ca","9":"product_cat-b2b-ca","10":"pa_climatologia-temperatura-temperada","11":"pa_climatologia-vent","12":"pa_climatologia-pluja","13":"pa_deporte-ciclisme","14":"pa_genero-home","15":"pa_genero-dona","16":"pa_patronaje-regular-ca","17":"pa_talla-xl-ca","18":"pa_talla-xs-ca","19":"pa_talla-xxl-ca","20":"pa_talla-l-ca","21":"pa_talla-m-ca","22":"pa_talla-s-ca","23":"pa_tipo-de-prenda-armilla","25":"first","26":"instock","27":"taxable","28":"shipping-taxable","29":"purchasable","30":"product-type-variable","31":"has-default-attributes"},"acf":[],"yoast_head":"<!-- This site is optimized with the Yoast SEO plugin v27.3 - https:\/\/yoast.com\/product\/yoast-seo-wordpress\/ -->\n<title>Armilla ESSENZ ECLIPSE (UNISEX)<\/title>\n<meta name=\"description\" content=\"L\u2019armilla de ciclisme ESSENZ ECLIPSE est\u00e0 dissenyada per oferir protecci\u00f3, lleugeresa i versatilitat, convertint-se en una pe\u00e7a imprescindible per a sortides de ciclisme de carretera, gravel o entrenaments amb climatologia variable. Aquesta armilla tallavents i impermeable ultralleugera \u00e9s altament compactable, cosa que permet guardar-la f\u00e0cilment al butxaca del mallot quan no la necessites. \u00c9s la soluci\u00f3 perfecta per protegir-te del vent o dels canvis sobtats de temperatura durant la ruta. La part posterior incorpora teixit de reixeta transpirable, que afavoreix la ventilaci\u00f3 i facilita l\u2019evacuaci\u00f3 de la suor, ajudant a mantenir el cos sec fins i tot en esfor\u00e7os intensos. Per a m\u00e9s funcionalitat, l\u2019armilla compta amb dues obertures lumbars que permeten accedir f\u00e0cilment als butxaques del mallot sense necessitat d\u2019obrir la pe\u00e7a. El baix el\u00e0stic amb banda interior de silicona garanteix un ajust ferm i estable durant el pedaleig. A m\u00e9s, incorpora un detall reflectant que millora la visibilitat en condicions de poca llum. La cremallera YKK imantada de doble carro permet obrir l\u2019armilla per dalt o per baix per regular la ventilaci\u00f3 durant la sortida. Amb una columna d\u2019aigua de 10.000 mm, l\u2019ESSENZ ECLIPSE ofereix una protecci\u00f3 efica\u00e7 davant la pluja lleugera i el vent. L\u2019armilla ciclisme ESSENZ ECLIPSE \u00e9s ideal per a ciclistes que busquen una armilla de ciclisme lleugera, compacta i funcional, perfecta per a rutes llargues i dies de temps canviant.\" \/>\n<meta name=\"robots\" content=\"index, follow, max-snippet:-1, max-image-preview:large, max-video-preview:-1\" \/>\n<link rel=\"canonical\" href=\"https:\/\/www.inverseteams.com\/ca\/producte\/armilla-essenz-eclipse-unisex\/\" \/>\n<meta property=\"og:locale\" content=\"ca_ES\" \/>\n<meta property=\"og:type\" content=\"article\" \/>\n<meta property=\"og:title\" content=\"Armilla ESSENZ ECLIPSE (UNISEX)\" \/>\n<meta property=\"og:description\" content=\"L\u2019armilla de ciclisme ESSENZ ECLIPSE est\u00e0 dissenyada per oferir protecci\u00f3, lleugeresa i versatilitat, convertint-se en una pe\u00e7a imprescindible per a sortides de ciclisme de carretera, gravel o entrenaments amb climatologia variable. Aquesta armilla tallavents i impermeable ultralleugera \u00e9s altament compactable, cosa que permet guardar-la f\u00e0cilment al butxaca del mallot quan no la necessites. \u00c9s la soluci\u00f3 perfecta per protegir-te del vent o dels canvis sobtats de temperatura durant la ruta. La part posterior incorpora teixit de reixeta transpirable, que afavoreix la ventilaci\u00f3 i facilita l\u2019evacuaci\u00f3 de la suor, ajudant a mantenir el cos sec fins i tot en esfor\u00e7os intensos. Per a m\u00e9s funcionalitat, l\u2019armilla compta amb dues obertures lumbars que permeten accedir f\u00e0cilment als butxaques del mallot sense necessitat d\u2019obrir la pe\u00e7a. El baix el\u00e0stic amb banda interior de silicona garanteix un ajust ferm i estable durant el pedaleig. A m\u00e9s, incorpora un detall reflectant que millora la visibilitat en condicions de poca llum. La cremallera YKK imantada de doble carro permet obrir l\u2019armilla per dalt o per baix per regular la ventilaci\u00f3 durant la sortida. Amb una columna d\u2019aigua de 10.000 mm, l\u2019ESSENZ ECLIPSE ofereix una protecci\u00f3 efica\u00e7 davant la pluja lleugera i el vent. L\u2019armilla ciclisme ESSENZ ECLIPSE \u00e9s ideal per a ciclistes que busquen una armilla de ciclisme lleugera, compacta i funcional, perfecta per a rutes llargues i dies de temps canviant.\" \/>\n<meta property=\"og:url\" content=\"https:\/\/www.inverseteams.com\/ca\/producte\/armilla-essenz-eclipse-unisex\/\" \/>\n<meta property=\"og:site_name\" content=\"Inverseteams\" \/>\n<meta property=\"article:publisher\" content=\"https:\/\/www.facebook.com\/inverseteams\" \/>\n<meta property=\"article:modified_time\" content=\"2026-03-15T14:16:38+00:00\" \/>\n<meta property=\"og:image\" content=\"https:\/\/www.inverseteams.com\/wp-content\/uploads\/INVERSE-UNISEX-CHALECO-ESSENZ-ECLIPSE-001.jpg\" \/>\n\t<meta property=\"og:image:width\" content=\"1500\" \/>\n\t<meta property=\"og:image:height\" content=\"1612\" \/>\n\t<meta property=\"og:image:type\" content=\"image\/jpeg\" \/>\n<meta name=\"twitter:card\" content=\"summary_large_image\" \/>\n<meta name=\"twitter:label1\" content=\"Temps estimat de lectura\" \/>\n\t<meta name=\"twitter:data1\" content=\"2 minut\" \/>\n<script type=\"application\/ld+json\" class=\"yoast-schema-graph\">{\"@context\":\"https:\\\/\\\/schema.org\",\"@graph\":[{\"@type\":\"WebPage\",\"@id\":\"https:\\\/\\\/www.inverseteams.com\\\/ca\\\/producte\\\/armilla-essenz-eclipse-unisex\\\/\",\"url\":\"https:\\\/\\\/www.inverseteams.com\\\/ca\\\/producte\\\/armilla-essenz-eclipse-unisex\\\/\",\"name\":\"Armilla ESSENZ ECLIPSE (UNISEX)\",\"isPartOf\":{\"@id\":\"https:\\\/\\\/www.inverseteams.com\\\/ca\\\/#website\"},\"primaryImageOfPage\":{\"@id\":\"https:\\\/\\\/www.inverseteams.com\\\/ca\\\/producte\\\/armilla-essenz-eclipse-unisex\\\/#primaryimage\"},\"image\":{\"@id\":\"https:\\\/\\\/www.inverseteams.com\\\/ca\\\/producte\\\/armilla-essenz-eclipse-unisex\\\/#primaryimage\"},\"thumbnailUrl\":\"https:\\\/\\\/www.inverseteams.com\\\/wp-content\\\/uploads\\\/INVERSE-UNISEX-CHALECO-ESSENZ-ECLIPSE-001.jpg\",\"datePublished\":\"2025-10-03T14:15:57+00:00\",\"dateModified\":\"2026-03-15T14:16:38+00:00\",\"description\":\"L\u2019armilla de ciclisme ESSENZ ECLIPSE est\u00e0 dissenyada per oferir protecci\u00f3, lleugeresa i versatilitat, convertint-se en una pe\u00e7a imprescindible per a sortides de ciclisme de carretera, gravel o entrenaments amb climatologia variable. Aquesta armilla tallavents i impermeable ultralleugera \u00e9s altament compactable, cosa que permet guardar-la f\u00e0cilment al butxaca del mallot quan no la necessites. \u00c9s la soluci\u00f3 perfecta per protegir-te del vent o dels canvis sobtats de temperatura durant la ruta. La part posterior incorpora teixit de reixeta transpirable, que afavoreix la ventilaci\u00f3 i facilita l\u2019evacuaci\u00f3 de la suor, ajudant a mantenir el cos sec fins i tot en esfor\u00e7os intensos. Per a m\u00e9s funcionalitat, l\u2019armilla compta amb dues obertures lumbars que permeten accedir f\u00e0cilment als butxaques del mallot sense necessitat d\u2019obrir la pe\u00e7a. El baix el\u00e0stic amb banda interior de silicona garanteix un ajust ferm i estable durant el pedaleig. A m\u00e9s, incorpora un detall reflectant que millora la visibilitat en condicions de poca llum. La cremallera YKK imantada de doble carro permet obrir l\u2019armilla per dalt o per baix per regular la ventilaci\u00f3 durant la sortida. Amb una columna d\u2019aigua de 10.000 mm, l\u2019ESSENZ ECLIPSE ofereix una protecci\u00f3 efica\u00e7 davant la pluja lleugera i el vent. L\u2019armilla ciclisme ESSENZ ECLIPSE \u00e9s ideal per a ciclistes que busquen una armilla de ciclisme lleugera, compacta i funcional, perfecta per a rutes llargues i dies de temps canviant.\",\"breadcrumb\":{\"@id\":\"https:\\\/\\\/www.inverseteams.com\\\/ca\\\/producte\\\/armilla-essenz-eclipse-unisex\\\/#breadcrumb\"},\"inLanguage\":\"ca\",\"potentialAction\":[{\"@type\":\"ReadAction\",\"target\":[\"https:\\\/\\\/www.inverseteams.com\\\/ca\\\/producte\\\/armilla-essenz-eclipse-unisex\\\/\"]}]},{\"@type\":\"ImageObject\",\"inLanguage\":\"ca\",\"@id\":\"https:\\\/\\\/www.inverseteams.com\\\/ca\\\/producte\\\/armilla-essenz-eclipse-unisex\\\/#primaryimage\",\"url\":\"https:\\\/\\\/www.inverseteams.com\\\/wp-content\\\/uploads\\\/INVERSE-UNISEX-CHALECO-ESSENZ-ECLIPSE-001.jpg\",\"contentUrl\":\"https:\\\/\\\/www.inverseteams.com\\\/wp-content\\\/uploads\\\/INVERSE-UNISEX-CHALECO-ESSENZ-ECLIPSE-001.jpg\",\"width\":1500,\"height\":1612},{\"@type\":\"BreadcrumbList\",\"@id\":\"https:\\\/\\\/www.inverseteams.com\\\/ca\\\/producte\\\/armilla-essenz-eclipse-unisex\\\/#breadcrumb\",\"itemListElement\":[{\"@type\":\"ListItem\",\"position\":1,\"name\":\"Portada\",\"item\":\"https:\\\/\\\/www.inverseteams.com\\\/ca\\\/pagina-principal\\\/\"},{\"@type\":\"ListItem\",\"position\":2,\"name\":\"Botiga\",\"item\":\"https:\\\/\\\/www.inverseteams.com\\\/ca\\\/botiga\\\/\"},{\"@type\":\"ListItem\",\"position\":3,\"name\":\"Armilla ESSENZ ECLIPSE (UNISEX)\"}]},{\"@type\":\"WebSite\",\"@id\":\"https:\\\/\\\/www.inverseteams.com\\\/ca\\\/#website\",\"url\":\"https:\\\/\\\/www.inverseteams.com\\\/ca\\\/\",\"name\":\"Inverseteams\",\"description\":\"Tu marca de ropa deportiva personalizada\",\"publisher\":{\"@id\":\"https:\\\/\\\/www.inverseteams.com\\\/ca\\\/#organization\"},\"potentialAction\":[{\"@type\":\"SearchAction\",\"target\":{\"@type\":\"EntryPoint\",\"urlTemplate\":\"https:\\\/\\\/www.inverseteams.com\\\/ca\\\/?s={search_term_string}\"},\"query-input\":{\"@type\":\"PropertyValueSpecification\",\"valueRequired\":true,\"valueName\":\"search_term_string\"}}],\"inLanguage\":\"ca\"},{\"@type\":\"Organization\",\"@id\":\"https:\\\/\\\/www.inverseteams.com\\\/ca\\\/#organization\",\"name\":\"Inverse Teams\",\"url\":\"https:\\\/\\\/www.inverseteams.com\\\/ca\\\/\",\"logo\":{\"@type\":\"ImageObject\",\"inLanguage\":\"ca\",\"@id\":\"https:\\\/\\\/www.inverseteams.com\\\/ca\\\/#\\\/schema\\\/logo\\\/image\\\/\",\"url\":\"http:\\\/\\\/www.inverseteams.com\\\/wp-content\\\/uploads\\\/2021\\\/03\\\/logo-inverse-teams.png\",\"contentUrl\":\"http:\\\/\\\/www.inverseteams.com\\\/wp-content\\\/uploads\\\/2021\\\/03\\\/logo-inverse-teams.png\",\"width\":294,\"height\":99,\"caption\":\"Inverse Teams\"},\"image\":{\"@id\":\"https:\\\/\\\/www.inverseteams.com\\\/ca\\\/#\\\/schema\\\/logo\\\/image\\\/\"},\"sameAs\":[\"https:\\\/\\\/www.facebook.com\\\/inverseteams\",\"http:\\\/\\\/instagram.com\\\/inverseteams\",\"https:\\\/\\\/www.linkedin.com\\\/company\\\/inverse-cirosport-s-l-?trk=job_view_topcard_company_name\",\"http:\\\/\\\/www.pinterest.com\\\/inverseteams\\\/\",\"http:\\\/\\\/www.youtube.com\\\/user\\\/inverseteams?feature=watch\"]}]}<\/script>\n<!-- \/ Yoast SEO plugin. -->","yoast_head_json":{"title":"Armilla ESSENZ ECLIPSE (UNISEX)","description":"L\u2019armilla de ciclisme ESSENZ ECLIPSE est\u00e0 dissenyada per oferir protecci\u00f3, lleugeresa i versatilitat, convertint-se en una pe\u00e7a imprescindible per a sortides de ciclisme de carretera, gravel o entrenaments amb climatologia variable. Aquesta armilla tallavents i impermeable ultralleugera \u00e9s altament compactable, cosa que permet guardar-la f\u00e0cilment al butxaca del mallot quan no la necessites. \u00c9s la soluci\u00f3 perfecta per protegir-te del vent o dels canvis sobtats de temperatura durant la ruta. La part posterior incorpora teixit de reixeta transpirable, que afavoreix la ventilaci\u00f3 i facilita l\u2019evacuaci\u00f3 de la suor, ajudant a mantenir el cos sec fins i tot en esfor\u00e7os intensos. Per a m\u00e9s funcionalitat, l\u2019armilla compta amb dues obertures lumbars que permeten accedir f\u00e0cilment als butxaques del mallot sense necessitat d\u2019obrir la pe\u00e7a. El baix el\u00e0stic amb banda interior de silicona garanteix un ajust ferm i estable durant el pedaleig. A m\u00e9s, incorpora un detall reflectant que millora la visibilitat en condicions de poca llum. La cremallera YKK imantada de doble carro permet obrir l\u2019armilla per dalt o per baix per regular la ventilaci\u00f3 durant la sortida. Amb una columna d\u2019aigua de 10.000 mm, l\u2019ESSENZ ECLIPSE ofereix una protecci\u00f3 efica\u00e7 davant la pluja lleugera i el vent. L\u2019armilla ciclisme ESSENZ ECLIPSE \u00e9s ideal per a ciclistes que busquen una armilla de ciclisme lleugera, compacta i funcional, perfecta per a rutes llargues i dies de temps canviant.","robots":{"index":"index","follow":"follow","max-snippet":"max-snippet:-1","max-image-preview":"max-image-preview:large","max-video-preview":"max-video-preview:-1"},"canonical":"https:\/\/www.inverseteams.com\/ca\/producte\/armilla-essenz-eclipse-unisex\/","og_locale":"ca_ES","og_type":"article","og_title":"Armilla ESSENZ ECLIPSE (UNISEX)","og_description":"L\u2019armilla de ciclisme ESSENZ ECLIPSE est\u00e0 dissenyada per oferir protecci\u00f3, lleugeresa i versatilitat, convertint-se en una pe\u00e7a imprescindible per a sortides de ciclisme de carretera, gravel o entrenaments amb climatologia variable. Aquesta armilla tallavents i impermeable ultralleugera \u00e9s altament compactable, cosa que permet guardar-la f\u00e0cilment al butxaca del mallot quan no la necessites. \u00c9s la soluci\u00f3 perfecta per protegir-te del vent o dels canvis sobtats de temperatura durant la ruta. La part posterior incorpora teixit de reixeta transpirable, que afavoreix la ventilaci\u00f3 i facilita l\u2019evacuaci\u00f3 de la suor, ajudant a mantenir el cos sec fins i tot en esfor\u00e7os intensos. Per a m\u00e9s funcionalitat, l\u2019armilla compta amb dues obertures lumbars que permeten accedir f\u00e0cilment als butxaques del mallot sense necessitat d\u2019obrir la pe\u00e7a. El baix el\u00e0stic amb banda interior de silicona garanteix un ajust ferm i estable durant el pedaleig. A m\u00e9s, incorpora un detall reflectant que millora la visibilitat en condicions de poca llum. La cremallera YKK imantada de doble carro permet obrir l\u2019armilla per dalt o per baix per regular la ventilaci\u00f3 durant la sortida. Amb una columna d\u2019aigua de 10.000 mm, l\u2019ESSENZ ECLIPSE ofereix una protecci\u00f3 efica\u00e7 davant la pluja lleugera i el vent. L\u2019armilla ciclisme ESSENZ ECLIPSE \u00e9s ideal per a ciclistes que busquen una armilla de ciclisme lleugera, compacta i funcional, perfecta per a rutes llargues i dies de temps canviant.","og_url":"https:\/\/www.inverseteams.com\/ca\/producte\/armilla-essenz-eclipse-unisex\/","og_site_name":"Inverseteams","article_publisher":"https:\/\/www.facebook.com\/inverseteams","article_modified_time":"2026-03-15T14:16:38+00:00","og_image":[{"width":1500,"height":1612,"url":"https:\/\/www.inverseteams.com\/wp-content\/uploads\/INVERSE-UNISEX-CHALECO-ESSENZ-ECLIPSE-001.jpg","type":"image\/jpeg"}],"twitter_card":"summary_large_image","twitter_misc":{"Temps estimat de lectura":"2 minut"},"schema":{"@context":"https:\/\/schema.org","@graph":[{"@type":"WebPage","@id":"https:\/\/www.inverseteams.com\/ca\/producte\/armilla-essenz-eclipse-unisex\/","url":"https:\/\/www.inverseteams.com\/ca\/producte\/armilla-essenz-eclipse-unisex\/","name":"Armilla ESSENZ ECLIPSE (UNISEX)","isPartOf":{"@id":"https:\/\/www.inverseteams.com\/ca\/#website"},"primaryImageOfPage":{"@id":"https:\/\/www.inverseteams.com\/ca\/producte\/armilla-essenz-eclipse-unisex\/#primaryimage"},"image":{"@id":"https:\/\/www.inverseteams.com\/ca\/producte\/armilla-essenz-eclipse-unisex\/#primaryimage"},"thumbnailUrl":"https:\/\/www.inverseteams.com\/wp-content\/uploads\/INVERSE-UNISEX-CHALECO-ESSENZ-ECLIPSE-001.jpg","datePublished":"2025-10-03T14:15:57+00:00","dateModified":"2026-03-15T14:16:38+00:00","description":"L\u2019armilla de ciclisme ESSENZ ECLIPSE est\u00e0 dissenyada per oferir protecci\u00f3, lleugeresa i versatilitat, convertint-se en una pe\u00e7a imprescindible per a sortides de ciclisme de carretera, gravel o entrenaments amb climatologia variable. Aquesta armilla tallavents i impermeable ultralleugera \u00e9s altament compactable, cosa que permet guardar-la f\u00e0cilment al butxaca del mallot quan no la necessites. \u00c9s la soluci\u00f3 perfecta per protegir-te del vent o dels canvis sobtats de temperatura durant la ruta. La part posterior incorpora teixit de reixeta transpirable, que afavoreix la ventilaci\u00f3 i facilita l\u2019evacuaci\u00f3 de la suor, ajudant a mantenir el cos sec fins i tot en esfor\u00e7os intensos. Per a m\u00e9s funcionalitat, l\u2019armilla compta amb dues obertures lumbars que permeten accedir f\u00e0cilment als butxaques del mallot sense necessitat d\u2019obrir la pe\u00e7a. El baix el\u00e0stic amb banda interior de silicona garanteix un ajust ferm i estable durant el pedaleig. A m\u00e9s, incorpora un detall reflectant que millora la visibilitat en condicions de poca llum. La cremallera YKK imantada de doble carro permet obrir l\u2019armilla per dalt o per baix per regular la ventilaci\u00f3 durant la sortida. Amb una columna d\u2019aigua de 10.000 mm, l\u2019ESSENZ ECLIPSE ofereix una protecci\u00f3 efica\u00e7 davant la pluja lleugera i el vent. L\u2019armilla ciclisme ESSENZ ECLIPSE \u00e9s ideal per a ciclistes que busquen una armilla de ciclisme lleugera, compacta i funcional, perfecta per a rutes llargues i dies de temps canviant.","breadcrumb":{"@id":"https:\/\/www.inverseteams.com\/ca\/producte\/armilla-essenz-eclipse-unisex\/#breadcrumb"},"inLanguage":"ca","potentialAction":[{"@type":"ReadAction","target":["https:\/\/www.inverseteams.com\/ca\/producte\/armilla-essenz-eclipse-unisex\/"]}]},{"@type":"ImageObject","inLanguage":"ca","@id":"https:\/\/www.inverseteams.com\/ca\/producte\/armilla-essenz-eclipse-unisex\/#primaryimage","url":"https:\/\/www.inverseteams.com\/wp-content\/uploads\/INVERSE-UNISEX-CHALECO-ESSENZ-ECLIPSE-001.jpg","contentUrl":"https:\/\/www.inverseteams.com\/wp-content\/uploads\/INVERSE-UNISEX-CHALECO-ESSENZ-ECLIPSE-001.jpg","width":1500,"height":1612},{"@type":"BreadcrumbList","@id":"https:\/\/www.inverseteams.com\/ca\/producte\/armilla-essenz-eclipse-unisex\/#breadcrumb","itemListElement":[{"@type":"ListItem","position":1,"name":"Portada","item":"https:\/\/www.inverseteams.com\/ca\/pagina-principal\/"},{"@type":"ListItem","position":2,"name":"Botiga","item":"https:\/\/www.inverseteams.com\/ca\/botiga\/"},{"@type":"ListItem","position":3,"name":"Armilla ESSENZ ECLIPSE (UNISEX)"}]},{"@type":"WebSite","@id":"https:\/\/www.inverseteams.com\/ca\/#website","url":"https:\/\/www.inverseteams.com\/ca\/","name":"Inverseteams","description":"Tu marca de ropa deportiva personalizada","publisher":{"@id":"https:\/\/www.inverseteams.com\/ca\/#organization"},"potentialAction":[{"@type":"SearchAction","target":{"@type":"EntryPoint","urlTemplate":"https:\/\/www.inverseteams.com\/ca\/?s={search_term_string}"},"query-input":{"@type":"PropertyValueSpecification","valueRequired":true,"valueName":"search_term_string"}}],"inLanguage":"ca"},{"@type":"Organization","@id":"https:\/\/www.inverseteams.com\/ca\/#organization","name":"Inverse Teams","url":"https:\/\/www.inverseteams.com\/ca\/","logo":{"@type":"ImageObject","inLanguage":"ca","@id":"https:\/\/www.inverseteams.com\/ca\/#\/schema\/logo\/image\/","url":"https:\/\/www.inverseteams.com\/wp-content\/uploads\/2021\/03\/logo-inverse-teams.png","contentUrl":"https:\/\/www.inverseteams.com\/wp-content\/uploads\/2021\/03\/logo-inverse-teams.png","width":294,"height":99,"caption":"Inverse Teams"},"image":{"@id":"https:\/\/www.inverseteams.com\/ca\/#\/schema\/logo\/image\/"},"sameAs":["https:\/\/www.facebook.com\/inverseteams","http:\/\/instagram.com\/inverseteams","https:\/\/www.linkedin.com\/company\/inverse-cirosport-s-l-?trk=job_view_topcard_company_name","http:\/\/www.pinterest.com\/inverseteams\/","http:\/\/www.youtube.com\/user\/inverseteams?feature=watch"]}]}},"_links":{"self":[{"href":"https:\/\/www.inverseteams.com\/ca\/wp-json\/wp\/v2\/product\/269191","targetHints":{"allow":["GET"]}}],"collection":[{"href":"https:\/\/www.inverseteams.com\/ca\/wp-json\/wp\/v2\/product"}],"about":[{"href":"https:\/\/www.inverseteams.com\/ca\/wp-json\/wp\/v2\/types\/product"}],"replies":[{"embeddable":true,"href":"https:\/\/www.inverseteams.com\/ca\/wp-json\/wp\/v2\/comments?post=269191"}],"wp:featuredmedia":[{"embeddable":true,"href":"https:\/\/www.inverseteams.com\/ca\/wp-json\/wp\/v2\/media\/280556"}],"wp:attachment":[{"href":"https:\/\/www.inverseteams.com\/ca\/wp-json\/wp\/v2\/media?parent=269191"}],"wp:term":[{"taxonomy":"product_brand","embeddable":true,"href":"https:\/\/www.inverseteams.com\/ca\/wp-json\/wp\/v2\/product_brand?post=269191"},{"taxonomy":"product_cat","embeddable":true,"href":"https:\/\/www.inverseteams.com\/ca\/wp-json\/wp\/v2\/product_cat?post=269191"},{"taxonomy":"product_tag","embeddable":true,"href":"https:\/\/www.inverseteams.com\/ca\/wp-json\/wp\/v2\/product_tag?post=269191"},{"taxonomy":"custom_category","embeddable":true,"href":"https:\/\/www.inverseteams.com\/ca\/wp-json\/wp\/v2\/custom_category?post=269191"},{"taxonomy":"range","embeddable":true,"href":"https:\/\/www.inverseteams.com\/ca\/wp-json\/wp\/v2\/range?post=269191"}],"curies":[{"name":"wp","href":"https:\/\/api.w.org\/{rel}","templated":true}]}}